{"id":57805,"date":"2026-04-04T08:14:52","date_gmt":"2026-04-04T06:14:52","guid":{"rendered":"https:\/\/dev6.erresse-shop.it\/shop\/non%20class\u00e9\/seletti-memorabilia-mvsevm-oreille\/"},"modified":"2025-07-04T15:48:16","modified_gmt":"2025-07-04T13:48:16","slug":"seletti-memorabilia-mvsevm-oreille","status":"publish","type":"product","link":"https:\/\/dev6.erresse-shop.it\/fr\/shop\/ameublement-maison\/objets-de-decoration\/seletti-memorabilia-mvsevm-oreille\/","title":{"rendered":"SELETTI Memorabilia Mvsevm Oreille"},"content":{"rendered":"<p>Seletti, une histoire d\u2019entreprise faite de vision et d\u2019\u00e9volution. Une histoire qui a commenc\u00e9 en 1964 \u00e0 Cicognara (Mantoue). Aujourd\u2019hui, Seletti collabore avec de jeunes designers italiens et internationaux, des jeunes qui se font rapidement un nom, l\u2019envie est de cr\u00e9er un groupe pour grandir et \u00e9voluer ensemble, un d\u00e9fi qui donne de grands r\u00e9sultats : \u201d Je collabore \u00e9galement avec des personnes et des personnalit\u00e9s qui ne font pas partie du monde du design au sens strict du terme : des artistes, des visionnaires, avec lesquels je voudrais d\u00e9passer certaines \u201d barri\u00e8res \u201c. Mon parcours atypique et non acad\u00e9mique m\u2019am\u00e8ne naturellement \u00e0 \u00eatre \u201ctransversal\u201d, un voyage dans l\u2019id\u00e9e d\u2019une \u201cnouvelle beaut\u00e9\u201d. C\u2019est la (r)\u00e9volution pour nous\u201d.<\/p>\n<p>Neuf parties du corps humain inspir\u00e9es par le travail des meilleurs sculpteurs italiens classiques.<br \/>\nDesign : Marcantonio<br \/>\nMat\u00e9riau : Porcelaine fine<br \/>\nTaille : cm 14 x 6,5 h. 24,5<\/p>\n","protected":false},"excerpt":{"rendered":"<p>Seletti, une histoire d\u2019entreprise faite de vision et d\u2019\u00e9volution. Une histoire qui a commenc\u00e9 en 1964 \u00e0 Cicognara (Mantoue). Aujourd\u2019hui, Seletti collabore avec de jeunes designers italiens et internationaux, des jeunes qui se font rapidement un nom, l\u2019envie est de cr\u00e9er un groupe pour grandir et \u00e9voluer ensemble, un d\u00e9fi qui donne de grands r\u00e9sultats [&hellip;]<\/p>\n","protected":false},"featured_media":6261503,"template":"","meta":{"_acf_changed":false},"product_cat":[11990,11666,12021],"product_tag":[],"class_list":{"0":"post-57805","1":"product","2":"type-product","3":"status-publish","4":"has-post-thumbnail","6":"product_cat-ameublement-maison","7":"product_cat-arredamento-casa","8":"product_cat-objets-de-decoration","10":"first","11":"outofstock","12":"sale","13":"taxable","14":"shipping-taxable","15":"purchasable","16":"product-type-simple","swatches":"rey-swatches","show_selected":"","stretch_labels":"rey-swatches--stretch-labels"},"acf":[],"yoast_head":"<!-- This site is optimized with the Yoast SEO plugin v25.4 - https:\/\/yoast.com\/wordpress\/plugins\/seo\/ -->\n<title>SELETTI Memorabilia Mvsevm Oreille - dev6 Erresse<\/title>\n<meta name=\"description\" content=\"Seletti, une histoire d\u2019entreprise faite de vision et d\u2019\u00e9volution. Une histoire qui a commenc\u00e9 en 1964 \u00e0 Cicognara (Mantoue). Aujourd\u2019hui, Seletti\" \/>\n<meta name=\"robots\" content=\"noindex, follow, max-snippet:-1, max-image-preview:large, max-video-preview:-1\" \/>\n<meta property=\"og:locale\" content=\"fr_FR\" \/>\n<meta property=\"og:type\" content=\"article\" \/>\n<meta property=\"og:title\" content=\"SELETTI Memorabilia Mvsevm Oreille - dev6 Erresse\" \/>\n<meta property=\"og:description\" content=\"Seletti, une histoire d\u2019entreprise faite de vision et d\u2019\u00e9volution. Une histoire qui a commenc\u00e9 en 1964 \u00e0 Cicognara (Mantoue). Aujourd\u2019hui, Seletti\" \/>\n<meta property=\"og:url\" content=\"https:\/\/dev6.erresse-shop.it\/fr\/shop\/ameublement-maison\/objets-de-decoration\/seletti-memorabilia-mvsevm-oreille\/\" \/>\n<meta property=\"og:site_name\" content=\"dev6 Erresse\" \/>\n<meta property=\"og:image\" content=\"https:\/\/interpim.erresse-shop.it\/Import\/Prodotti\/products-10075.jpg\" \/><meta property=\"og:image\" content=\"https:\/\/interpim.erresse-shop.it\/Import\/Prodotti\/products-10075.jpg\" \/>\n\t<meta property=\"og:image:width\" content=\"1024\" \/>\n\t<meta property=\"og:image:height\" content=\"1024\" \/>\n\t<meta property=\"og:image:type\" content=\"image\/jpeg\" \/>\n<meta name=\"twitter:card\" content=\"summary_large_image\" \/>\n<meta name=\"twitter:image\" content=\"https:\/\/interpim.erresse-shop.it\/Import\/Prodotti\/products-10075.jpg\" \/>\n<script type=\"application\/ld+json\" class=\"yoast-schema-graph\">{\"@context\":\"https:\/\/schema.org\",\"@graph\":[{\"@type\":\"WebPage\",\"@id\":\"https:\/\/dev6.erresse-shop.it\/fr\/shop\/ameublement-maison\/objets-de-decoration\/seletti-memorabilia-mvsevm-oreille\/\",\"url\":\"https:\/\/dev6.erresse-shop.it\/fr\/shop\/ameublement-maison\/objets-de-decoration\/seletti-memorabilia-mvsevm-oreille\/\",\"name\":\"SELETTI Memorabilia Mvsevm Oreille - dev6 Erresse\",\"isPartOf\":{\"@id\":\"https:\/\/dev6.erresse-shop.it\/#website\"},\"primaryImageOfPage\":{\"@id\":\"https:\/\/dev6.erresse-shop.it\/fr\/shop\/ameublement-maison\/objets-de-decoration\/seletti-memorabilia-mvsevm-oreille\/#primaryimage\"},\"image\":{\"@id\":\"https:\/\/dev6.erresse-shop.it\/fr\/shop\/ameublement-maison\/objets-de-decoration\/seletti-memorabilia-mvsevm-oreille\/#primaryimage\"},\"thumbnailUrl\":\"https:\/\/i0.wp.com\/interpim.erresse-shop.it\/Import\/Prodotti\/products-10075.jpg?ssl=1\",\"datePublished\":\"2026-04-04T06:14:52+00:00\",\"description\":\"Seletti, une histoire d\u2019entreprise faite de vision et d\u2019\u00e9volution. Une histoire qui a commenc\u00e9 en 1964 \u00e0 Cicognara (Mantoue). Aujourd\u2019hui, Seletti\",\"breadcrumb\":{\"@id\":\"https:\/\/dev6.erresse-shop.it\/fr\/shop\/ameublement-maison\/objets-de-decoration\/seletti-memorabilia-mvsevm-oreille\/#breadcrumb\"},\"inLanguage\":\"fr-FR\",\"potentialAction\":[{\"@type\":\"ReadAction\",\"target\":[\"https:\/\/dev6.erresse-shop.it\/fr\/shop\/ameublement-maison\/objets-de-decoration\/seletti-memorabilia-mvsevm-oreille\/\"]}]},{\"@type\":\"ImageObject\",\"inLanguage\":\"fr-FR\",\"@id\":\"https:\/\/dev6.erresse-shop.it\/fr\/shop\/ameublement-maison\/objets-de-decoration\/seletti-memorabilia-mvsevm-oreille\/#primaryimage\",\"url\":\"https:\/\/i0.wp.com\/interpim.erresse-shop.it\/Import\/Prodotti\/products-10075.jpg?ssl=1\",\"contentUrl\":\"https:\/\/i0.wp.com\/interpim.erresse-shop.it\/Import\/Prodotti\/products-10075.jpg?ssl=1\"},{\"@type\":\"BreadcrumbList\",\"@id\":\"https:\/\/dev6.erresse-shop.it\/fr\/shop\/ameublement-maison\/objets-de-decoration\/seletti-memorabilia-mvsevm-oreille\/#breadcrumb\",\"itemListElement\":[{\"@type\":\"ListItem\",\"position\":1,\"name\":\"Home\",\"item\":\"https:\/\/dev6.erresse-shop.it\/\"},{\"@type\":\"ListItem\",\"position\":2,\"name\":\"Boutique\",\"item\":\"https:\/\/dev6.erresse-shop.it\/shop\/\"},{\"@type\":\"ListItem\",\"position\":3,\"name\":\"SELETTI Memorabilia Mvsevm Oreille\"}]},{\"@type\":\"WebSite\",\"@id\":\"https:\/\/dev6.erresse-shop.it\/#website\",\"url\":\"https:\/\/dev6.erresse-shop.it\/\",\"name\":\"Erresse Shop\",\"description\":\"\",\"publisher\":{\"@id\":\"https:\/\/dev6.erresse-shop.it\/#organization\"},\"potentialAction\":[{\"@type\":\"SearchAction\",\"target\":{\"@type\":\"EntryPoint\",\"urlTemplate\":\"https:\/\/dev6.erresse-shop.it\/?s={search_term_string}\"},\"query-input\":{\"@type\":\"PropertyValueSpecification\",\"valueRequired\":true,\"valueName\":\"search_term_string\"}}],\"inLanguage\":\"fr-FR\"},{\"@type\":\"Organization\",\"@id\":\"https:\/\/dev6.erresse-shop.it\/#organization\",\"name\":\"Erresse Shop\",\"url\":\"https:\/\/dev6.erresse-shop.it\/\",\"logo\":{\"@type\":\"ImageObject\",\"inLanguage\":\"fr-FR\",\"@id\":\"https:\/\/dev6.erresse-shop.it\/#\/schema\/logo\/image\/\",\"url\":\"https:\/\/dev6.erresse-shop.it\/wp-content\/uploads\/2025\/01\/LOGO-ERRESSE-CLASSICO.svg\",\"contentUrl\":\"https:\/\/dev6.erresse-shop.it\/wp-content\/uploads\/2025\/01\/LOGO-ERRESSE-CLASSICO.svg\",\"caption\":\"Erresse Shop\"},\"image\":{\"@id\":\"https:\/\/dev6.erresse-shop.it\/#\/schema\/logo\/image\/\"}}]}<\/script>\n<!-- \/ Yoast SEO plugin. -->","yoast_head_json":{"title":"SELETTI Memorabilia Mvsevm Oreille - dev6 Erresse","description":"Seletti, une histoire d\u2019entreprise faite de vision et d\u2019\u00e9volution. Une histoire qui a commenc\u00e9 en 1964 \u00e0 Cicognara (Mantoue). Aujourd\u2019hui, Seletti","robots":{"index":"noindex","follow":"follow","max-snippet":"max-snippet:-1","max-image-preview":"max-image-preview:large","max-video-preview":"max-video-preview:-1"},"og_locale":"fr_FR","og_type":"article","og_title":"SELETTI Memorabilia Mvsevm Oreille - dev6 Erresse","og_description":"Seletti, une histoire d\u2019entreprise faite de vision et d\u2019\u00e9volution. Une histoire qui a commenc\u00e9 en 1964 \u00e0 Cicognara (Mantoue). Aujourd\u2019hui, Seletti","og_url":"https:\/\/dev6.erresse-shop.it\/fr\/shop\/ameublement-maison\/objets-de-decoration\/seletti-memorabilia-mvsevm-oreille\/","og_site_name":"dev6 Erresse","og_image":[{"url":"https:\/\/interpim.erresse-shop.it\/Import\/Prodotti\/products-10075.jpg","type":"","width":"","height":""},{"url":"https:\/\/interpim.erresse-shop.it\/Import\/Prodotti\/products-10075.jpg","width":1024,"height":1024,"type":"image\/jpeg"}],"twitter_card":"summary_large_image","twitter_image":"https:\/\/interpim.erresse-shop.it\/Import\/Prodotti\/products-10075.jpg","schema":{"@context":"https:\/\/schema.org","@graph":[{"@type":"WebPage","@id":"https:\/\/dev6.erresse-shop.it\/fr\/shop\/ameublement-maison\/objets-de-decoration\/seletti-memorabilia-mvsevm-oreille\/","url":"https:\/\/dev6.erresse-shop.it\/fr\/shop\/ameublement-maison\/objets-de-decoration\/seletti-memorabilia-mvsevm-oreille\/","name":"SELETTI Memorabilia Mvsevm Oreille - dev6 Erresse","isPartOf":{"@id":"https:\/\/dev6.erresse-shop.it\/#website"},"primaryImageOfPage":{"@id":"https:\/\/dev6.erresse-shop.it\/fr\/shop\/ameublement-maison\/objets-de-decoration\/seletti-memorabilia-mvsevm-oreille\/#primaryimage"},"image":{"@id":"https:\/\/dev6.erresse-shop.it\/fr\/shop\/ameublement-maison\/objets-de-decoration\/seletti-memorabilia-mvsevm-oreille\/#primaryimage"},"thumbnailUrl":"https:\/\/i0.wp.com\/interpim.erresse-shop.it\/Import\/Prodotti\/products-10075.jpg?ssl=1","datePublished":"2026-04-04T06:14:52+00:00","description":"Seletti, une histoire d\u2019entreprise faite de vision et d\u2019\u00e9volution. Une histoire qui a commenc\u00e9 en 1964 \u00e0 Cicognara (Mantoue). Aujourd\u2019hui, Seletti","breadcrumb":{"@id":"https:\/\/dev6.erresse-shop.it\/fr\/shop\/ameublement-maison\/objets-de-decoration\/seletti-memorabilia-mvsevm-oreille\/#breadcrumb"},"inLanguage":"fr-FR","potentialAction":[{"@type":"ReadAction","target":["https:\/\/dev6.erresse-shop.it\/fr\/shop\/ameublement-maison\/objets-de-decoration\/seletti-memorabilia-mvsevm-oreille\/"]}]},{"@type":"ImageObject","inLanguage":"fr-FR","@id":"https:\/\/dev6.erresse-shop.it\/fr\/shop\/ameublement-maison\/objets-de-decoration\/seletti-memorabilia-mvsevm-oreille\/#primaryimage","url":"https:\/\/i0.wp.com\/interpim.erresse-shop.it\/Import\/Prodotti\/products-10075.jpg?ssl=1","contentUrl":"https:\/\/i0.wp.com\/interpim.erresse-shop.it\/Import\/Prodotti\/products-10075.jpg?ssl=1"},{"@type":"BreadcrumbList","@id":"https:\/\/dev6.erresse-shop.it\/fr\/shop\/ameublement-maison\/objets-de-decoration\/seletti-memorabilia-mvsevm-oreille\/#breadcrumb","itemListElement":[{"@type":"ListItem","position":1,"name":"Home","item":"https:\/\/dev6.erresse-shop.it\/"},{"@type":"ListItem","position":2,"name":"Boutique","item":"https:\/\/dev6.erresse-shop.it\/shop\/"},{"@type":"ListItem","position":3,"name":"SELETTI Memorabilia Mvsevm Oreille"}]},{"@type":"WebSite","@id":"https:\/\/dev6.erresse-shop.it\/#website","url":"https:\/\/dev6.erresse-shop.it\/","name":"Erresse Shop","description":"","publisher":{"@id":"https:\/\/dev6.erresse-shop.it\/#organization"},"potentialAction":[{"@type":"SearchAction","target":{"@type":"EntryPoint","urlTemplate":"https:\/\/dev6.erresse-shop.it\/?s={search_term_string}"},"query-input":{"@type":"PropertyValueSpecification","valueRequired":true,"valueName":"search_term_string"}}],"inLanguage":"fr-FR"},{"@type":"Organization","@id":"https:\/\/dev6.erresse-shop.it\/#organization","name":"Erresse Shop","url":"https:\/\/dev6.erresse-shop.it\/","logo":{"@type":"ImageObject","inLanguage":"fr-FR","@id":"https:\/\/dev6.erresse-shop.it\/#\/schema\/logo\/image\/","url":"https:\/\/dev6.erresse-shop.it\/wp-content\/uploads\/2025\/01\/LOGO-ERRESSE-CLASSICO.svg","contentUrl":"https:\/\/dev6.erresse-shop.it\/wp-content\/uploads\/2025\/01\/LOGO-ERRESSE-CLASSICO.svg","caption":"Erresse Shop"},"image":{"@id":"https:\/\/dev6.erresse-shop.it\/#\/schema\/logo\/image\/"}}]}},"df_price":59.95,"df_sale_price":59.95,"df_regular_price":72,"df_image_link":"https:\/\/i0.wp.com\/interpim.erresse-shop.it\/Import\/Prodotti\/products-10075.jpg?resize=300,300&ssl=1","fifu_image_url":"https:\/\/interpim.erresse-shop.it\/Import\/Prodotti\/products-10075.jpg","_links":{"self":[{"href":"https:\/\/dev6.erresse-shop.it\/fr\/wp-json\/wp\/v2\/product\/57805","targetHints":{"allow":["GET"]}}],"collection":[{"href":"https:\/\/dev6.erresse-shop.it\/fr\/wp-json\/wp\/v2\/product"}],"about":[{"href":"https:\/\/dev6.erresse-shop.it\/fr\/wp-json\/wp\/v2\/types\/product"}],"wp:featuredmedia":[{"embeddable":true,"href":"https:\/\/dev6.erresse-shop.it\/fr\/wp-json\/wp\/v2\/media\/6261503"}],"wp:attachment":[{"href":"https:\/\/dev6.erresse-shop.it\/fr\/wp-json\/wp\/v2\/media?parent=57805"}],"wp:term":[{"taxonomy":"product_cat","embeddable":true,"href":"https:\/\/dev6.erresse-shop.it\/fr\/wp-json\/wp\/v2\/product_cat?post=57805"},{"taxonomy":"product_tag","embeddable":true,"href":"https:\/\/dev6.erresse-shop.it\/fr\/wp-json\/wp\/v2\/product_tag?post=57805"}],"curies":[{"name":"wp","href":"https:\/\/api.w.org\/{rel}","templated":true}]}}