{"id":57745,"date":"2026-04-22T11:09:50","date_gmt":"2026-04-22T09:09:50","guid":{"rendered":"https:\/\/dev6.erresse-shop.it\/shop\/non%20class\u00e9\/seletti-studio-job-chaise-pliante-flash\/"},"modified":"2025-07-04T15:47:39","modified_gmt":"2025-07-04T13:47:39","slug":"seletti-studio-job-chaise-pliante-flash","status":"publish","type":"product","link":"https:\/\/dev6.erresse-shop.it\/fr\/shop\/ameublement-maison\/chaises-et-fauteuils\/seletti-studio-job-chaise-pliante-flash\/","title":{"rendered":"SELETTI Studio Job Chaise Pliante FLASH"},"content":{"rendered":"<p>La cr\u00e9ativit\u00e9 unique de Studio Job d\u00e9core les chaises pliantes avec des images diff\u00e9rentes : Flash, Hot Dog, \u0152uf, Bouche, Paix, Herbe.<\/p>\n<p>Design : Studio Job<br \/>\nMat\u00e9riel : M\u00e9tal, PVC<br \/>\nTaille : cm 44 h. 46\/79<\/p>\n","protected":false},"excerpt":{"rendered":"<p>La cr\u00e9ativit\u00e9 unique de Studio Job d\u00e9core les chaises pliantes avec des images diff\u00e9rentes : Flash, Hot Dog, \u0152uf, Bouche, Paix, Herbe. Design : Studio Job Mat\u00e9riel : M\u00e9tal, PVC Taille : cm 44 h. 46\/79<\/p>\n","protected":false},"featured_media":6794505,"template":"","meta":{"_acf_changed":false},"product_cat":[11990,11666,12026],"product_tag":[],"class_list":{"0":"post-57745","1":"product","2":"type-product","3":"status-publish","4":"has-post-thumbnail","6":"product_cat-ameublement-maison","7":"product_cat-arredamento-casa","8":"product_cat-chaises-et-fauteuils","10":"first","11":"outofstock","12":"sale","13":"taxable","14":"shipping-taxable","15":"purchasable","16":"product-type-simple","swatches":"rey-swatches","show_selected":"","stretch_labels":"rey-swatches--stretch-labels"},"acf":[],"yoast_head":"<!-- This site is optimized with the Yoast SEO plugin v25.4 - https:\/\/yoast.com\/wordpress\/plugins\/seo\/ -->\n<title>SELETTI Studio Job Chaise Pliante FLASH - dev6 Erresse<\/title>\n<meta name=\"description\" content=\"La cr\u00e9ativit\u00e9 unique de Studio Job d\u00e9core les chaises pliantes avec des images diff\u00e9rentes : Flash, Hot Dog, \u0152uf, Bouche, Paix, Herbe. Design : Studio Job\" \/>\n<meta name=\"robots\" content=\"noindex, follow, max-snippet:-1, max-image-preview:large, max-video-preview:-1\" \/>\n<meta property=\"og:locale\" content=\"fr_FR\" \/>\n<meta property=\"og:type\" content=\"article\" \/>\n<meta property=\"og:title\" content=\"SELETTI Studio Job Chaise Pliante FLASH - dev6 Erresse\" \/>\n<meta property=\"og:description\" content=\"La cr\u00e9ativit\u00e9 unique de Studio Job d\u00e9core les chaises pliantes avec des images diff\u00e9rentes : Flash, Hot Dog, \u0152uf, Bouche, Paix, Herbe. Design : Studio Job\" \/>\n<meta property=\"og:url\" content=\"https:\/\/dev6.erresse-shop.it\/fr\/shop\/ameublement-maison\/chaises-et-fauteuils\/seletti-studio-job-chaise-pliante-flash\/\" \/>\n<meta property=\"og:site_name\" content=\"dev6 Erresse\" \/>\n<meta property=\"og:image\" content=\"https:\/\/interpim.erresse-shop.it\/Import\/Prodotti\/products-18554.jpg\" \/><meta property=\"og:image\" content=\"https:\/\/interpim.erresse-shop.it\/Import\/Prodotti\/products-18554.jpg\" \/>\n\t<meta property=\"og:image:width\" content=\"1024\" \/>\n\t<meta property=\"og:image:height\" content=\"1024\" \/>\n\t<meta property=\"og:image:type\" content=\"image\/jpeg\" \/>\n<meta name=\"twitter:card\" content=\"summary_large_image\" \/>\n<meta name=\"twitter:image\" content=\"https:\/\/interpim.erresse-shop.it\/Import\/Prodotti\/products-18554.jpg\" \/>\n<script type=\"application\/ld+json\" class=\"yoast-schema-graph\">{\"@context\":\"https:\/\/schema.org\",\"@graph\":[{\"@type\":\"WebPage\",\"@id\":\"https:\/\/dev6.erresse-shop.it\/fr\/shop\/ameublement-maison\/chaises-et-fauteuils\/seletti-studio-job-chaise-pliante-flash\/\",\"url\":\"https:\/\/dev6.erresse-shop.it\/fr\/shop\/ameublement-maison\/chaises-et-fauteuils\/seletti-studio-job-chaise-pliante-flash\/\",\"name\":\"SELETTI Studio Job Chaise Pliante FLASH - dev6 Erresse\",\"isPartOf\":{\"@id\":\"https:\/\/dev6.erresse-shop.it\/#website\"},\"primaryImageOfPage\":{\"@id\":\"https:\/\/dev6.erresse-shop.it\/fr\/shop\/ameublement-maison\/chaises-et-fauteuils\/seletti-studio-job-chaise-pliante-flash\/#primaryimage\"},\"image\":{\"@id\":\"https:\/\/dev6.erresse-shop.it\/fr\/shop\/ameublement-maison\/chaises-et-fauteuils\/seletti-studio-job-chaise-pliante-flash\/#primaryimage\"},\"thumbnailUrl\":\"https:\/\/i1.wp.com\/interpim.erresse-shop.it\/Import\/Prodotti\/products-18554.jpg?ssl=1\",\"datePublished\":\"2026-04-22T09:09:50+00:00\",\"description\":\"La cr\u00e9ativit\u00e9 unique de Studio Job d\u00e9core les chaises pliantes avec des images diff\u00e9rentes : Flash, Hot Dog, \u0152uf, Bouche, Paix, Herbe. Design : Studio Job\",\"breadcrumb\":{\"@id\":\"https:\/\/dev6.erresse-shop.it\/fr\/shop\/ameublement-maison\/chaises-et-fauteuils\/seletti-studio-job-chaise-pliante-flash\/#breadcrumb\"},\"inLanguage\":\"fr-FR\",\"potentialAction\":[{\"@type\":\"ReadAction\",\"target\":[\"https:\/\/dev6.erresse-shop.it\/fr\/shop\/ameublement-maison\/chaises-et-fauteuils\/seletti-studio-job-chaise-pliante-flash\/\"]}]},{\"@type\":\"ImageObject\",\"inLanguage\":\"fr-FR\",\"@id\":\"https:\/\/dev6.erresse-shop.it\/fr\/shop\/ameublement-maison\/chaises-et-fauteuils\/seletti-studio-job-chaise-pliante-flash\/#primaryimage\",\"url\":\"https:\/\/i1.wp.com\/interpim.erresse-shop.it\/Import\/Prodotti\/products-18554.jpg?ssl=1\",\"contentUrl\":\"https:\/\/i1.wp.com\/interpim.erresse-shop.it\/Import\/Prodotti\/products-18554.jpg?ssl=1\"},{\"@type\":\"BreadcrumbList\",\"@id\":\"https:\/\/dev6.erresse-shop.it\/fr\/shop\/ameublement-maison\/chaises-et-fauteuils\/seletti-studio-job-chaise-pliante-flash\/#breadcrumb\",\"itemListElement\":[{\"@type\":\"ListItem\",\"position\":1,\"name\":\"Home\",\"item\":\"https:\/\/dev6.erresse-shop.it\/\"},{\"@type\":\"ListItem\",\"position\":2,\"name\":\"Boutique\",\"item\":\"https:\/\/dev6.erresse-shop.it\/shop\/\"},{\"@type\":\"ListItem\",\"position\":3,\"name\":\"SELETTI Studio Job Chaise Pliante FLASH\"}]},{\"@type\":\"WebSite\",\"@id\":\"https:\/\/dev6.erresse-shop.it\/#website\",\"url\":\"https:\/\/dev6.erresse-shop.it\/\",\"name\":\"Erresse Shop\",\"description\":\"\",\"publisher\":{\"@id\":\"https:\/\/dev6.erresse-shop.it\/#organization\"},\"potentialAction\":[{\"@type\":\"SearchAction\",\"target\":{\"@type\":\"EntryPoint\",\"urlTemplate\":\"https:\/\/dev6.erresse-shop.it\/?s={search_term_string}\"},\"query-input\":{\"@type\":\"PropertyValueSpecification\",\"valueRequired\":true,\"valueName\":\"search_term_string\"}}],\"inLanguage\":\"fr-FR\"},{\"@type\":\"Organization\",\"@id\":\"https:\/\/dev6.erresse-shop.it\/#organization\",\"name\":\"Erresse Shop\",\"url\":\"https:\/\/dev6.erresse-shop.it\/\",\"logo\":{\"@type\":\"ImageObject\",\"inLanguage\":\"fr-FR\",\"@id\":\"https:\/\/dev6.erresse-shop.it\/#\/schema\/logo\/image\/\",\"url\":\"https:\/\/dev6.erresse-shop.it\/wp-content\/uploads\/2025\/01\/LOGO-ERRESSE-CLASSICO.svg\",\"contentUrl\":\"https:\/\/dev6.erresse-shop.it\/wp-content\/uploads\/2025\/01\/LOGO-ERRESSE-CLASSICO.svg\",\"caption\":\"Erresse Shop\"},\"image\":{\"@id\":\"https:\/\/dev6.erresse-shop.it\/#\/schema\/logo\/image\/\"}}]}<\/script>\n<!-- \/ Yoast SEO plugin. -->","yoast_head_json":{"title":"SELETTI Studio Job Chaise Pliante FLASH - dev6 Erresse","description":"La cr\u00e9ativit\u00e9 unique de Studio Job d\u00e9core les chaises pliantes avec des images diff\u00e9rentes : Flash, Hot Dog, \u0152uf, Bouche, Paix, Herbe. Design : Studio Job","robots":{"index":"noindex","follow":"follow","max-snippet":"max-snippet:-1","max-image-preview":"max-image-preview:large","max-video-preview":"max-video-preview:-1"},"og_locale":"fr_FR","og_type":"article","og_title":"SELETTI Studio Job Chaise Pliante FLASH - dev6 Erresse","og_description":"La cr\u00e9ativit\u00e9 unique de Studio Job d\u00e9core les chaises pliantes avec des images diff\u00e9rentes : Flash, Hot Dog, \u0152uf, Bouche, Paix, Herbe. Design : Studio Job","og_url":"https:\/\/dev6.erresse-shop.it\/fr\/shop\/ameublement-maison\/chaises-et-fauteuils\/seletti-studio-job-chaise-pliante-flash\/","og_site_name":"dev6 Erresse","og_image":[{"url":"https:\/\/interpim.erresse-shop.it\/Import\/Prodotti\/products-18554.jpg","type":"","width":"","height":""},{"url":"https:\/\/interpim.erresse-shop.it\/Import\/Prodotti\/products-18554.jpg","width":1024,"height":1024,"type":"image\/jpeg"}],"twitter_card":"summary_large_image","twitter_image":"https:\/\/interpim.erresse-shop.it\/Import\/Prodotti\/products-18554.jpg","schema":{"@context":"https:\/\/schema.org","@graph":[{"@type":"WebPage","@id":"https:\/\/dev6.erresse-shop.it\/fr\/shop\/ameublement-maison\/chaises-et-fauteuils\/seletti-studio-job-chaise-pliante-flash\/","url":"https:\/\/dev6.erresse-shop.it\/fr\/shop\/ameublement-maison\/chaises-et-fauteuils\/seletti-studio-job-chaise-pliante-flash\/","name":"SELETTI Studio Job Chaise Pliante FLASH - dev6 Erresse","isPartOf":{"@id":"https:\/\/dev6.erresse-shop.it\/#website"},"primaryImageOfPage":{"@id":"https:\/\/dev6.erresse-shop.it\/fr\/shop\/ameublement-maison\/chaises-et-fauteuils\/seletti-studio-job-chaise-pliante-flash\/#primaryimage"},"image":{"@id":"https:\/\/dev6.erresse-shop.it\/fr\/shop\/ameublement-maison\/chaises-et-fauteuils\/seletti-studio-job-chaise-pliante-flash\/#primaryimage"},"thumbnailUrl":"https:\/\/i1.wp.com\/interpim.erresse-shop.it\/Import\/Prodotti\/products-18554.jpg?ssl=1","datePublished":"2026-04-22T09:09:50+00:00","description":"La cr\u00e9ativit\u00e9 unique de Studio Job d\u00e9core les chaises pliantes avec des images diff\u00e9rentes : Flash, Hot Dog, \u0152uf, Bouche, Paix, Herbe. Design : Studio Job","breadcrumb":{"@id":"https:\/\/dev6.erresse-shop.it\/fr\/shop\/ameublement-maison\/chaises-et-fauteuils\/seletti-studio-job-chaise-pliante-flash\/#breadcrumb"},"inLanguage":"fr-FR","potentialAction":[{"@type":"ReadAction","target":["https:\/\/dev6.erresse-shop.it\/fr\/shop\/ameublement-maison\/chaises-et-fauteuils\/seletti-studio-job-chaise-pliante-flash\/"]}]},{"@type":"ImageObject","inLanguage":"fr-FR","@id":"https:\/\/dev6.erresse-shop.it\/fr\/shop\/ameublement-maison\/chaises-et-fauteuils\/seletti-studio-job-chaise-pliante-flash\/#primaryimage","url":"https:\/\/i1.wp.com\/interpim.erresse-shop.it\/Import\/Prodotti\/products-18554.jpg?ssl=1","contentUrl":"https:\/\/i1.wp.com\/interpim.erresse-shop.it\/Import\/Prodotti\/products-18554.jpg?ssl=1"},{"@type":"BreadcrumbList","@id":"https:\/\/dev6.erresse-shop.it\/fr\/shop\/ameublement-maison\/chaises-et-fauteuils\/seletti-studio-job-chaise-pliante-flash\/#breadcrumb","itemListElement":[{"@type":"ListItem","position":1,"name":"Home","item":"https:\/\/dev6.erresse-shop.it\/"},{"@type":"ListItem","position":2,"name":"Boutique","item":"https:\/\/dev6.erresse-shop.it\/shop\/"},{"@type":"ListItem","position":3,"name":"SELETTI Studio Job Chaise Pliante FLASH"}]},{"@type":"WebSite","@id":"https:\/\/dev6.erresse-shop.it\/#website","url":"https:\/\/dev6.erresse-shop.it\/","name":"Erresse Shop","description":"","publisher":{"@id":"https:\/\/dev6.erresse-shop.it\/#organization"},"potentialAction":[{"@type":"SearchAction","target":{"@type":"EntryPoint","urlTemplate":"https:\/\/dev6.erresse-shop.it\/?s={search_term_string}"},"query-input":{"@type":"PropertyValueSpecification","valueRequired":true,"valueName":"search_term_string"}}],"inLanguage":"fr-FR"},{"@type":"Organization","@id":"https:\/\/dev6.erresse-shop.it\/#organization","name":"Erresse Shop","url":"https:\/\/dev6.erresse-shop.it\/","logo":{"@type":"ImageObject","inLanguage":"fr-FR","@id":"https:\/\/dev6.erresse-shop.it\/#\/schema\/logo\/image\/","url":"https:\/\/dev6.erresse-shop.it\/wp-content\/uploads\/2025\/01\/LOGO-ERRESSE-CLASSICO.svg","contentUrl":"https:\/\/dev6.erresse-shop.it\/wp-content\/uploads\/2025\/01\/LOGO-ERRESSE-CLASSICO.svg","caption":"Erresse Shop"},"image":{"@id":"https:\/\/dev6.erresse-shop.it\/#\/schema\/logo\/image\/"}}]}},"df_price":69,"df_sale_price":69,"df_regular_price":89,"df_image_link":"https:\/\/i1.wp.com\/interpim.erresse-shop.it\/Import\/Prodotti\/products-18554.jpg?resize=300,300&ssl=1","fifu_image_url":"https:\/\/interpim.erresse-shop.it\/Import\/Prodotti\/products-18554.jpg","_links":{"self":[{"href":"https:\/\/dev6.erresse-shop.it\/fr\/wp-json\/wp\/v2\/product\/57745","targetHints":{"allow":["GET"]}}],"collection":[{"href":"https:\/\/dev6.erresse-shop.it\/fr\/wp-json\/wp\/v2\/product"}],"about":[{"href":"https:\/\/dev6.erresse-shop.it\/fr\/wp-json\/wp\/v2\/types\/product"}],"wp:featuredmedia":[{"embeddable":true,"href":"https:\/\/dev6.erresse-shop.it\/fr\/wp-json\/wp\/v2\/media\/6794505"}],"wp:attachment":[{"href":"https:\/\/dev6.erresse-shop.it\/fr\/wp-json\/wp\/v2\/media?parent=57745"}],"wp:term":[{"taxonomy":"product_cat","embeddable":true,"href":"https:\/\/dev6.erresse-shop.it\/fr\/wp-json\/wp\/v2\/product_cat?post=57745"},{"taxonomy":"product_tag","embeddable":true,"href":"https:\/\/dev6.erresse-shop.it\/fr\/wp-json\/wp\/v2\/product_tag?post=57745"}],"curies":[{"name":"wp","href":"https:\/\/api.w.org\/{rel}","templated":true}]}}