{"id":57713,"date":"2026-04-12T08:14:39","date_gmt":"2026-04-12T06:14:39","guid":{"rendered":"https:\/\/dev6.erresse-shop.it\/shop\/non%20class\u00e9\/le-creuset-sauteuse-en-fonte-emaillee-avec-manche-en-bois-28-cm-noir-mat\/"},"modified":"2025-11-27T16:56:30","modified_gmt":"2025-11-27T15:56:30","slug":"le-creuset-sauteuse-en-fonte-emaillee-avec-manche-en-bois-28-cm-noir-mat","status":"publish","type":"product","link":"https:\/\/dev6.erresse-shop.it\/fr\/shop\/poeles-pots\/le-creuset-sauteuse-en-fonte-emaillee-avec-manche-en-bois-28-cm-noir-mat\/","title":{"rendered":"LE CREUSET Sauteuse en fonte \u00e9maill\u00e9e avec manche en bois 28 cm Noir Mat"},"content":{"rendered":"<p>Notre sauteuse en fonte \u00e9maill\u00e9e est une pure merveille pour faire rissoler et pr\u00e9parer de d\u00e9licieux plats. La poign\u00e9e en bois ne conduit pas la chaleur ce qui facilite sa prise en main et son maniement. Cette superbe sauteuse s\u2019utilise sur la source de chaleur de votre choix, mais ne passe pas au four. Ne la mettez pas non plus au lave-vaisselle pour pr\u00e9server sa poign\u00e9e en bois.<\/p>\n<p>Caract\u00e9ristiques<br \/>\nUn nettoyage express : l\u2019int\u00e9rieur en fonte \u00e9maill\u00e9e rend le nettoyage plus facile.<br \/>\nUn ustensile ultra polyvalent : passe au four, sur les plaques de cuisson, y compris \u00e0 induction, et m\u00eame sous le gril.<br \/>\nDes plats savoureux : la conception en fonte \u00e9maill\u00e9e retient la chaleur pour une cuisson uniforme et dor\u00e9e. Vos plats gourmands resteront \u00e9galement plus longtemps au chaud \u00e0 table.<br \/>\nUn style traditionnel : l\u2019\u00e9l\u00e9gante poign\u00e9e en bois ne chauffe pas pour faciliter la manipulation.<br \/>\nUne aide pr\u00e9cieuse : la poign\u00e9e d\u2019assistance est parfaite pour soulever et d\u00e9placer votre ustensile entre la plaque de cuisson, le four et la table.<br \/>\nContr\u00f4le de la temp\u00e9rature : cuisinez \u00e0 feu doux ou mod\u00e9r\u00e9 pour prendre soin de votre fonte \u00e9maill\u00e9e et obtenir des r\u00e9sultats sensationnels.<br \/>\nSe bonifie en vieillissant : la fonte \u00e9maill\u00e9e se patine naturellement avec le temps et agit comme un rev\u00eatement anti-adh\u00e9rent. Sa texture fait glisser vos pr\u00e9parations sans attacher, ce qui permet d\u2019utiliser peu de mati\u00e8re grasse. Ne lavez ce produit qu\u2019\u00e0 l\u2019eau (avec du liquide vaisselle) pour favoriser le d\u00e9veloppement de sa patine.<\/p>\n<p>Mat\u00e9riau: Fonte \u00e9maill\u00e9e<br \/>\nFabriqu\u00e9 en France<br \/>\nGarantie \u00e0 vie<\/p>\n","protected":false},"excerpt":{"rendered":"<p>Notre sauteuse en fonte \u00e9maill\u00e9e est une pure merveille pour faire rissoler et pr\u00e9parer de d\u00e9licieux plats. La poign\u00e9e en bois ne conduit pas la chaleur ce qui facilite sa prise en main et son maniement. Cette superbe sauteuse s\u2019utilise sur la source de chaleur de votre choix, mais ne passe pas au four. Ne [&hellip;]<\/p>\n","protected":false},"featured_media":6344283,"template":"","meta":{"_acf_changed":false},"product_cat":[11991],"product_tag":[],"class_list":{"0":"post-57713","1":"product","2":"type-product","3":"status-publish","4":"has-post-thumbnail","6":"product_cat-poeles-pots","8":"first","9":"instock","10":"sale","11":"taxable","12":"shipping-taxable","13":"purchasable","14":"product-type-simple","swatches":"rey-swatches","show_selected":"","stretch_labels":"rey-swatches--stretch-labels"},"acf":[],"yoast_head":"<!-- This site is optimized with the Yoast SEO plugin v25.4 - https:\/\/yoast.com\/wordpress\/plugins\/seo\/ -->\n<title>LE CREUSET Sauteuse en fonte \u00e9maill\u00e9e avec manche en bois 28 cm Noir Mat - dev6 Erresse<\/title>\n<meta name=\"description\" content=\"Notre sauteuse en fonte \u00e9maill\u00e9e est une pure merveille pour faire rissoler et pr\u00e9parer de d\u00e9licieux plats. La poign\u00e9e en bois ne conduit pas la chaleur\" \/>\n<meta name=\"robots\" content=\"noindex, follow, max-snippet:-1, max-image-preview:large, max-video-preview:-1\" \/>\n<meta property=\"og:locale\" content=\"fr_FR\" \/>\n<meta property=\"og:type\" content=\"article\" \/>\n<meta property=\"og:title\" content=\"LE CREUSET Sauteuse en fonte \u00e9maill\u00e9e avec manche en bois 28 cm Noir Mat - dev6 Erresse\" \/>\n<meta property=\"og:description\" content=\"Notre sauteuse en fonte \u00e9maill\u00e9e est une pure merveille pour faire rissoler et pr\u00e9parer de d\u00e9licieux plats. La poign\u00e9e en bois ne conduit pas la chaleur\" \/>\n<meta property=\"og:url\" content=\"https:\/\/dev6.erresse-shop.it\/fr\/shop\/poeles-pots\/le-creuset-sauteuse-en-fonte-emaillee-avec-manche-en-bois-28-cm-noir-mat\/\" \/>\n<meta property=\"og:site_name\" content=\"dev6 Erresse\" \/>\n<meta property=\"og:image\" content=\"https:\/\/interpim.erresse-shop.it\/Import\/Prodotti\/le-creuset-padella-alta-in-ghisa-28-cm-nero.png\" \/><meta property=\"og:image\" content=\"https:\/\/interpim.erresse-shop.it\/Import\/Prodotti\/le-creuset-padella-alta-in-ghisa-28-cm-nero.png\" \/>\n\t<meta property=\"og:image:width\" content=\"1024\" \/>\n\t<meta property=\"og:image:height\" content=\"1024\" \/>\n\t<meta property=\"og:image:type\" content=\"image\/jpeg\" \/>\n<meta name=\"twitter:card\" content=\"summary_large_image\" \/>\n<meta name=\"twitter:image\" content=\"https:\/\/interpim.erresse-shop.it\/Import\/Prodotti\/le-creuset-padella-alta-in-ghisa-28-cm-nero.png\" \/>\n<script type=\"application\/ld+json\" class=\"yoast-schema-graph\">{\"@context\":\"https:\/\/schema.org\",\"@graph\":[{\"@type\":\"WebPage\",\"@id\":\"https:\/\/dev6.erresse-shop.it\/fr\/shop\/poeles-pots\/le-creuset-sauteuse-en-fonte-emaillee-avec-manche-en-bois-28-cm-noir-mat\/\",\"url\":\"https:\/\/dev6.erresse-shop.it\/fr\/shop\/poeles-pots\/le-creuset-sauteuse-en-fonte-emaillee-avec-manche-en-bois-28-cm-noir-mat\/\",\"name\":\"LE CREUSET Sauteuse en fonte \u00e9maill\u00e9e avec manche en bois 28 cm Noir Mat - dev6 Erresse\",\"isPartOf\":{\"@id\":\"https:\/\/dev6.erresse-shop.it\/#website\"},\"primaryImageOfPage\":{\"@id\":\"https:\/\/dev6.erresse-shop.it\/fr\/shop\/poeles-pots\/le-creuset-sauteuse-en-fonte-emaillee-avec-manche-en-bois-28-cm-noir-mat\/#primaryimage\"},\"image\":{\"@id\":\"https:\/\/dev6.erresse-shop.it\/fr\/shop\/poeles-pots\/le-creuset-sauteuse-en-fonte-emaillee-avec-manche-en-bois-28-cm-noir-mat\/#primaryimage\"},\"thumbnailUrl\":\"https:\/\/i3.wp.com\/interpim.erresse-shop.it\/Import\/Prodotti\/le-creuset-padella-alta-in-ghisa-28-cm-nero.png?ssl=1\",\"datePublished\":\"2026-04-12T06:14:39+00:00\",\"description\":\"Notre sauteuse en fonte \u00e9maill\u00e9e est une pure merveille pour faire rissoler et pr\u00e9parer de d\u00e9licieux plats. La poign\u00e9e en bois ne conduit pas la chaleur\",\"breadcrumb\":{\"@id\":\"https:\/\/dev6.erresse-shop.it\/fr\/shop\/poeles-pots\/le-creuset-sauteuse-en-fonte-emaillee-avec-manche-en-bois-28-cm-noir-mat\/#breadcrumb\"},\"inLanguage\":\"fr-FR\",\"potentialAction\":[{\"@type\":\"ReadAction\",\"target\":[\"https:\/\/dev6.erresse-shop.it\/fr\/shop\/poeles-pots\/le-creuset-sauteuse-en-fonte-emaillee-avec-manche-en-bois-28-cm-noir-mat\/\"]}]},{\"@type\":\"ImageObject\",\"inLanguage\":\"fr-FR\",\"@id\":\"https:\/\/dev6.erresse-shop.it\/fr\/shop\/poeles-pots\/le-creuset-sauteuse-en-fonte-emaillee-avec-manche-en-bois-28-cm-noir-mat\/#primaryimage\",\"url\":\"https:\/\/i3.wp.com\/interpim.erresse-shop.it\/Import\/Prodotti\/le-creuset-padella-alta-in-ghisa-28-cm-nero.png?ssl=1\",\"contentUrl\":\"https:\/\/i3.wp.com\/interpim.erresse-shop.it\/Import\/Prodotti\/le-creuset-padella-alta-in-ghisa-28-cm-nero.png?ssl=1\"},{\"@type\":\"BreadcrumbList\",\"@id\":\"https:\/\/dev6.erresse-shop.it\/fr\/shop\/poeles-pots\/le-creuset-sauteuse-en-fonte-emaillee-avec-manche-en-bois-28-cm-noir-mat\/#breadcrumb\",\"itemListElement\":[{\"@type\":\"ListItem\",\"position\":1,\"name\":\"Home\",\"item\":\"https:\/\/dev6.erresse-shop.it\/\"},{\"@type\":\"ListItem\",\"position\":2,\"name\":\"Boutique\",\"item\":\"https:\/\/dev6.erresse-shop.it\/shop\/\"},{\"@type\":\"ListItem\",\"position\":3,\"name\":\"LE CREUSET Sauteuse en fonte \u00e9maill\u00e9e avec manche en bois 28 cm Noir Mat\"}]},{\"@type\":\"WebSite\",\"@id\":\"https:\/\/dev6.erresse-shop.it\/#website\",\"url\":\"https:\/\/dev6.erresse-shop.it\/\",\"name\":\"Erresse Shop\",\"description\":\"\",\"publisher\":{\"@id\":\"https:\/\/dev6.erresse-shop.it\/#organization\"},\"potentialAction\":[{\"@type\":\"SearchAction\",\"target\":{\"@type\":\"EntryPoint\",\"urlTemplate\":\"https:\/\/dev6.erresse-shop.it\/?s={search_term_string}\"},\"query-input\":{\"@type\":\"PropertyValueSpecification\",\"valueRequired\":true,\"valueName\":\"search_term_string\"}}],\"inLanguage\":\"fr-FR\"},{\"@type\":\"Organization\",\"@id\":\"https:\/\/dev6.erresse-shop.it\/#organization\",\"name\":\"Erresse Shop\",\"url\":\"https:\/\/dev6.erresse-shop.it\/\",\"logo\":{\"@type\":\"ImageObject\",\"inLanguage\":\"fr-FR\",\"@id\":\"https:\/\/dev6.erresse-shop.it\/#\/schema\/logo\/image\/\",\"url\":\"https:\/\/dev6.erresse-shop.it\/wp-content\/uploads\/2025\/01\/LOGO-ERRESSE-CLASSICO.svg\",\"contentUrl\":\"https:\/\/dev6.erresse-shop.it\/wp-content\/uploads\/2025\/01\/LOGO-ERRESSE-CLASSICO.svg\",\"caption\":\"Erresse Shop\"},\"image\":{\"@id\":\"https:\/\/dev6.erresse-shop.it\/#\/schema\/logo\/image\/\"}}]}<\/script>\n<!-- \/ Yoast SEO plugin. -->","yoast_head_json":{"title":"LE CREUSET Sauteuse en fonte \u00e9maill\u00e9e avec manche en bois 28 cm Noir Mat - dev6 Erresse","description":"Notre sauteuse en fonte \u00e9maill\u00e9e est une pure merveille pour faire rissoler et pr\u00e9parer de d\u00e9licieux plats. La poign\u00e9e en bois ne conduit pas la chaleur","robots":{"index":"noindex","follow":"follow","max-snippet":"max-snippet:-1","max-image-preview":"max-image-preview:large","max-video-preview":"max-video-preview:-1"},"og_locale":"fr_FR","og_type":"article","og_title":"LE CREUSET Sauteuse en fonte \u00e9maill\u00e9e avec manche en bois 28 cm Noir Mat - dev6 Erresse","og_description":"Notre sauteuse en fonte \u00e9maill\u00e9e est une pure merveille pour faire rissoler et pr\u00e9parer de d\u00e9licieux plats. La poign\u00e9e en bois ne conduit pas la chaleur","og_url":"https:\/\/dev6.erresse-shop.it\/fr\/shop\/poeles-pots\/le-creuset-sauteuse-en-fonte-emaillee-avec-manche-en-bois-28-cm-noir-mat\/","og_site_name":"dev6 Erresse","og_image":[{"url":"https:\/\/interpim.erresse-shop.it\/Import\/Prodotti\/le-creuset-padella-alta-in-ghisa-28-cm-nero.png","type":"","width":"","height":""},{"url":"https:\/\/interpim.erresse-shop.it\/Import\/Prodotti\/le-creuset-padella-alta-in-ghisa-28-cm-nero.png","width":1024,"height":1024,"type":"image\/jpeg"}],"twitter_card":"summary_large_image","twitter_image":"https:\/\/interpim.erresse-shop.it\/Import\/Prodotti\/le-creuset-padella-alta-in-ghisa-28-cm-nero.png","schema":{"@context":"https:\/\/schema.org","@graph":[{"@type":"WebPage","@id":"https:\/\/dev6.erresse-shop.it\/fr\/shop\/poeles-pots\/le-creuset-sauteuse-en-fonte-emaillee-avec-manche-en-bois-28-cm-noir-mat\/","url":"https:\/\/dev6.erresse-shop.it\/fr\/shop\/poeles-pots\/le-creuset-sauteuse-en-fonte-emaillee-avec-manche-en-bois-28-cm-noir-mat\/","name":"LE CREUSET Sauteuse en fonte \u00e9maill\u00e9e avec manche en bois 28 cm Noir Mat - dev6 Erresse","isPartOf":{"@id":"https:\/\/dev6.erresse-shop.it\/#website"},"primaryImageOfPage":{"@id":"https:\/\/dev6.erresse-shop.it\/fr\/shop\/poeles-pots\/le-creuset-sauteuse-en-fonte-emaillee-avec-manche-en-bois-28-cm-noir-mat\/#primaryimage"},"image":{"@id":"https:\/\/dev6.erresse-shop.it\/fr\/shop\/poeles-pots\/le-creuset-sauteuse-en-fonte-emaillee-avec-manche-en-bois-28-cm-noir-mat\/#primaryimage"},"thumbnailUrl":"https:\/\/i3.wp.com\/interpim.erresse-shop.it\/Import\/Prodotti\/le-creuset-padella-alta-in-ghisa-28-cm-nero.png?ssl=1","datePublished":"2026-04-12T06:14:39+00:00","description":"Notre sauteuse en fonte \u00e9maill\u00e9e est une pure merveille pour faire rissoler et pr\u00e9parer de d\u00e9licieux plats. La poign\u00e9e en bois ne conduit pas la chaleur","breadcrumb":{"@id":"https:\/\/dev6.erresse-shop.it\/fr\/shop\/poeles-pots\/le-creuset-sauteuse-en-fonte-emaillee-avec-manche-en-bois-28-cm-noir-mat\/#breadcrumb"},"inLanguage":"fr-FR","potentialAction":[{"@type":"ReadAction","target":["https:\/\/dev6.erresse-shop.it\/fr\/shop\/poeles-pots\/le-creuset-sauteuse-en-fonte-emaillee-avec-manche-en-bois-28-cm-noir-mat\/"]}]},{"@type":"ImageObject","inLanguage":"fr-FR","@id":"https:\/\/dev6.erresse-shop.it\/fr\/shop\/poeles-pots\/le-creuset-sauteuse-en-fonte-emaillee-avec-manche-en-bois-28-cm-noir-mat\/#primaryimage","url":"https:\/\/i3.wp.com\/interpim.erresse-shop.it\/Import\/Prodotti\/le-creuset-padella-alta-in-ghisa-28-cm-nero.png?ssl=1","contentUrl":"https:\/\/i3.wp.com\/interpim.erresse-shop.it\/Import\/Prodotti\/le-creuset-padella-alta-in-ghisa-28-cm-nero.png?ssl=1"},{"@type":"BreadcrumbList","@id":"https:\/\/dev6.erresse-shop.it\/fr\/shop\/poeles-pots\/le-creuset-sauteuse-en-fonte-emaillee-avec-manche-en-bois-28-cm-noir-mat\/#breadcrumb","itemListElement":[{"@type":"ListItem","position":1,"name":"Home","item":"https:\/\/dev6.erresse-shop.it\/"},{"@type":"ListItem","position":2,"name":"Boutique","item":"https:\/\/dev6.erresse-shop.it\/shop\/"},{"@type":"ListItem","position":3,"name":"LE CREUSET Sauteuse en fonte \u00e9maill\u00e9e avec manche en bois 28 cm Noir Mat"}]},{"@type":"WebSite","@id":"https:\/\/dev6.erresse-shop.it\/#website","url":"https:\/\/dev6.erresse-shop.it\/","name":"Erresse Shop","description":"","publisher":{"@id":"https:\/\/dev6.erresse-shop.it\/#organization"},"potentialAction":[{"@type":"SearchAction","target":{"@type":"EntryPoint","urlTemplate":"https:\/\/dev6.erresse-shop.it\/?s={search_term_string}"},"query-input":{"@type":"PropertyValueSpecification","valueRequired":true,"valueName":"search_term_string"}}],"inLanguage":"fr-FR"},{"@type":"Organization","@id":"https:\/\/dev6.erresse-shop.it\/#organization","name":"Erresse Shop","url":"https:\/\/dev6.erresse-shop.it\/","logo":{"@type":"ImageObject","inLanguage":"fr-FR","@id":"https:\/\/dev6.erresse-shop.it\/#\/schema\/logo\/image\/","url":"https:\/\/dev6.erresse-shop.it\/wp-content\/uploads\/2025\/01\/LOGO-ERRESSE-CLASSICO.svg","contentUrl":"https:\/\/dev6.erresse-shop.it\/wp-content\/uploads\/2025\/01\/LOGO-ERRESSE-CLASSICO.svg","caption":"Erresse Shop"},"image":{"@id":"https:\/\/dev6.erresse-shop.it\/#\/schema\/logo\/image\/"}}]}},"df_price":186.95,"df_sale_price":186.95,"df_regular_price":275,"df_image_link":"https:\/\/i3.wp.com\/interpim.erresse-shop.it\/Import\/Prodotti\/le-creuset-padella-alta-in-ghisa-28-cm-nero.png?resize=300,300&ssl=1","fifu_image_url":"https:\/\/interpim.erresse-shop.it\/Import\/Prodotti\/le-creuset-padella-alta-in-ghisa-28-cm-nero.png","_links":{"self":[{"href":"https:\/\/dev6.erresse-shop.it\/fr\/wp-json\/wp\/v2\/product\/57713","targetHints":{"allow":["GET"]}}],"collection":[{"href":"https:\/\/dev6.erresse-shop.it\/fr\/wp-json\/wp\/v2\/product"}],"about":[{"href":"https:\/\/dev6.erresse-shop.it\/fr\/wp-json\/wp\/v2\/types\/product"}],"wp:featuredmedia":[{"embeddable":true,"href":"https:\/\/dev6.erresse-shop.it\/fr\/wp-json\/wp\/v2\/media\/6344283"}],"wp:attachment":[{"href":"https:\/\/dev6.erresse-shop.it\/fr\/wp-json\/wp\/v2\/media?parent=57713"}],"wp:term":[{"taxonomy":"product_cat","embeddable":true,"href":"https:\/\/dev6.erresse-shop.it\/fr\/wp-json\/wp\/v2\/product_cat?post=57713"},{"taxonomy":"product_tag","embeddable":true,"href":"https:\/\/dev6.erresse-shop.it\/fr\/wp-json\/wp\/v2\/product_tag?post=57713"}],"curies":[{"name":"wp","href":"https:\/\/api.w.org\/{rel}","templated":true}]}}