{"id":57635,"date":"2026-04-12T08:13:31","date_gmt":"2026-04-12T06:13:31","guid":{"rendered":"https:\/\/dev6.erresse-shop.it\/shop\/non%20class\u00e9\/le-creuset-gril-carre-en-fonte-emaillee-24-x-24-cm-cerise\/"},"modified":"2025-07-04T15:46:17","modified_gmt":"2025-07-04T13:46:17","slug":"le-creuset-gril-carre-en-fonte-emaillee-24-x-24-cm-cerise","status":"publish","type":"product","link":"https:\/\/dev6.erresse-shop.it\/fr\/shop\/poeles-pots\/grils-a-steak\/le-creuset-gril-carre-en-fonte-emaillee-24-x-24-cm-cerise\/","title":{"rendered":"LE CREUSET Gril carr\u00e9 en fonte \u00e9maill\u00e9e 24 x 24 cm Cerise"},"content":{"rendered":"<p>Les grillades ont une saveur inimitable. Il faut le reconna\u00eetre tout simplement. Et obtenez chez vous les saveurs des cuissons en ext\u00e9rieur, en toute simplicit\u00e9, avec notre gril en fonte \u00e9maill\u00e9e. La grande plaque de gril carr\u00e9e est parfaite pour faire des grillades de volaille, de steak, de poisson et m\u00eame de l\u00e9gumes pour cr\u00e9er de belles assiettes gourmandes.<\/p>\n<p>Caract\u00e9ristiques<br \/>\nUn nettoyage express : l\u2019int\u00e9rieur en fonte \u00e9maill\u00e9e rend le nettoyage plus facile.<br \/>\nUn ustensile ultra polyvalent : passe au four, sur les plaques de cuisson, y compris \u00e0 induction, et m\u00eame sous le gril.<br \/>\nDes plats savoureux : la conception en fonte \u00e9maill\u00e9e retient la chaleur pour une cuisson uniforme et dor\u00e9e. Vos plats gourmands resteront \u00e9galement plus longtemps au chaud \u00e0 table.<br \/>\nDes grillades de chef : servez vos grillades avec d\u2019authentiques lignes de BBQ.<br \/>\nContr\u00f4le de la temp\u00e9rature : cuisinez \u00e0 feu doux ou mod\u00e9r\u00e9 pour prendre soin de votre fonte \u00e9maill\u00e9e et obtenir des r\u00e9sultats sensationnels.<br \/>\nSe bonifie en vieillissant : la fonte \u00e9maill\u00e9e se patine naturellement avec le temps et agit comme un rev\u00eatement anti-adh\u00e9rent. Sa texture fait glisser vos pr\u00e9parations sans attacher, ce qui permet d\u2019utiliser peu de mati\u00e8re grasse. Ne lavez ce produit qu\u2019\u00e0 l\u2019eau (avec du liquide vaisselle) pour favoriser le d\u00e9veloppement de sa patine.<\/p>\n<p>Mat\u00e9riau: Fonte \u00e9maill\u00e9e<br \/>\nFabriqu\u00e9 en France<br \/>\nGarantie \u00e0 vie<\/p>\n","protected":false},"excerpt":{"rendered":"<p>Les grillades ont une saveur inimitable. Il faut le reconna\u00eetre tout simplement. Et obtenez chez vous les saveurs des cuissons en ext\u00e9rieur, en toute simplicit\u00e9, avec notre gril en fonte \u00e9maill\u00e9e. La grande plaque de gril carr\u00e9e est parfaite pour faire des grillades de volaille, de steak, de poisson et m\u00eame de l\u00e9gumes pour cr\u00e9er [&hellip;]<\/p>\n","protected":false},"featured_media":6343764,"template":"","meta":{"_acf_changed":false},"product_cat":[12020,11667,11991],"product_tag":[],"class_list":{"0":"post-57635","1":"product","2":"type-product","3":"status-publish","4":"has-post-thumbnail","6":"product_cat-grils-a-steak","7":"product_cat-padelle-pentole","8":"product_cat-poeles-pots","10":"first","11":"instock","12":"sale","13":"taxable","14":"shipping-taxable","15":"purchasable","16":"product-type-simple","swatches":"rey-swatches","show_selected":"","stretch_labels":"rey-swatches--stretch-labels"},"acf":[],"yoast_head":"<!-- This site is optimized with the Yoast SEO plugin v25.4 - https:\/\/yoast.com\/wordpress\/plugins\/seo\/ -->\n<title>LE CREUSET Gril carr\u00e9 en fonte \u00e9maill\u00e9e 24 x 24 cm Cerise - dev6 Erresse<\/title>\n<meta name=\"description\" content=\"Les grillades ont une saveur inimitable. Il faut le reconna\u00eetre tout simplement. Et obtenez chez vous les saveurs des cuissons en ext\u00e9rieur, en toute\" \/>\n<meta name=\"robots\" content=\"noindex, follow, max-snippet:-1, max-image-preview:large, max-video-preview:-1\" \/>\n<meta property=\"og:locale\" content=\"fr_FR\" \/>\n<meta property=\"og:type\" content=\"article\" \/>\n<meta property=\"og:title\" content=\"LE CREUSET Gril carr\u00e9 en fonte \u00e9maill\u00e9e 24 x 24 cm Cerise - dev6 Erresse\" \/>\n<meta property=\"og:description\" content=\"Les grillades ont une saveur inimitable. Il faut le reconna\u00eetre tout simplement. Et obtenez chez vous les saveurs des cuissons en ext\u00e9rieur, en toute\" \/>\n<meta property=\"og:url\" content=\"https:\/\/dev6.erresse-shop.it\/fr\/shop\/poeles-pots\/grils-a-steak\/le-creuset-gril-carre-en-fonte-emaillee-24-x-24-cm-cerise\/\" \/>\n<meta property=\"og:site_name\" content=\"dev6 Erresse\" \/>\n<meta property=\"og:image\" content=\"https:\/\/interpim.erresse-shop.it\/Import\/Prodotti\/le-creuset-griglia-quadrata-in-ghisa-24x24-cm-ciliegia.jpg\" \/><meta property=\"og:image\" content=\"https:\/\/interpim.erresse-shop.it\/Import\/Prodotti\/le-creuset-griglia-quadrata-in-ghisa-24x24-cm-ciliegia.jpg\" \/>\n\t<meta property=\"og:image:width\" content=\"1024\" \/>\n\t<meta property=\"og:image:height\" content=\"1024\" \/>\n\t<meta property=\"og:image:type\" content=\"image\/jpeg\" \/>\n<meta name=\"twitter:card\" content=\"summary_large_image\" \/>\n<meta name=\"twitter:image\" content=\"https:\/\/interpim.erresse-shop.it\/Import\/Prodotti\/le-creuset-griglia-quadrata-in-ghisa-24x24-cm-ciliegia.jpg\" \/>\n<script type=\"application\/ld+json\" class=\"yoast-schema-graph\">{\"@context\":\"https:\/\/schema.org\",\"@graph\":[{\"@type\":\"WebPage\",\"@id\":\"https:\/\/dev6.erresse-shop.it\/fr\/shop\/poeles-pots\/grils-a-steak\/le-creuset-gril-carre-en-fonte-emaillee-24-x-24-cm-cerise\/\",\"url\":\"https:\/\/dev6.erresse-shop.it\/fr\/shop\/poeles-pots\/grils-a-steak\/le-creuset-gril-carre-en-fonte-emaillee-24-x-24-cm-cerise\/\",\"name\":\"LE CREUSET Gril carr\u00e9 en fonte \u00e9maill\u00e9e 24 x 24 cm Cerise - dev6 Erresse\",\"isPartOf\":{\"@id\":\"https:\/\/dev6.erresse-shop.it\/#website\"},\"primaryImageOfPage\":{\"@id\":\"https:\/\/dev6.erresse-shop.it\/fr\/shop\/poeles-pots\/grils-a-steak\/le-creuset-gril-carre-en-fonte-emaillee-24-x-24-cm-cerise\/#primaryimage\"},\"image\":{\"@id\":\"https:\/\/dev6.erresse-shop.it\/fr\/shop\/poeles-pots\/grils-a-steak\/le-creuset-gril-carre-en-fonte-emaillee-24-x-24-cm-cerise\/#primaryimage\"},\"thumbnailUrl\":\"https:\/\/i1.wp.com\/interpim.erresse-shop.it\/Import\/Prodotti\/le-creuset-griglia-quadrata-in-ghisa-24x24-cm-ciliegia.jpg?ssl=1\",\"datePublished\":\"2026-04-12T06:13:31+00:00\",\"description\":\"Les grillades ont une saveur inimitable. Il faut le reconna\u00eetre tout simplement. Et obtenez chez vous les saveurs des cuissons en ext\u00e9rieur, en toute\",\"breadcrumb\":{\"@id\":\"https:\/\/dev6.erresse-shop.it\/fr\/shop\/poeles-pots\/grils-a-steak\/le-creuset-gril-carre-en-fonte-emaillee-24-x-24-cm-cerise\/#breadcrumb\"},\"inLanguage\":\"fr-FR\",\"potentialAction\":[{\"@type\":\"ReadAction\",\"target\":[\"https:\/\/dev6.erresse-shop.it\/fr\/shop\/poeles-pots\/grils-a-steak\/le-creuset-gril-carre-en-fonte-emaillee-24-x-24-cm-cerise\/\"]}]},{\"@type\":\"ImageObject\",\"inLanguage\":\"fr-FR\",\"@id\":\"https:\/\/dev6.erresse-shop.it\/fr\/shop\/poeles-pots\/grils-a-steak\/le-creuset-gril-carre-en-fonte-emaillee-24-x-24-cm-cerise\/#primaryimage\",\"url\":\"https:\/\/i1.wp.com\/interpim.erresse-shop.it\/Import\/Prodotti\/le-creuset-griglia-quadrata-in-ghisa-24x24-cm-ciliegia.jpg?ssl=1\",\"contentUrl\":\"https:\/\/i1.wp.com\/interpim.erresse-shop.it\/Import\/Prodotti\/le-creuset-griglia-quadrata-in-ghisa-24x24-cm-ciliegia.jpg?ssl=1\"},{\"@type\":\"BreadcrumbList\",\"@id\":\"https:\/\/dev6.erresse-shop.it\/fr\/shop\/poeles-pots\/grils-a-steak\/le-creuset-gril-carre-en-fonte-emaillee-24-x-24-cm-cerise\/#breadcrumb\",\"itemListElement\":[{\"@type\":\"ListItem\",\"position\":1,\"name\":\"Home\",\"item\":\"https:\/\/dev6.erresse-shop.it\/\"},{\"@type\":\"ListItem\",\"position\":2,\"name\":\"Boutique\",\"item\":\"https:\/\/dev6.erresse-shop.it\/shop\/\"},{\"@type\":\"ListItem\",\"position\":3,\"name\":\"LE CREUSET Gril carr\u00e9 en fonte \u00e9maill\u00e9e 24 x 24 cm Cerise\"}]},{\"@type\":\"WebSite\",\"@id\":\"https:\/\/dev6.erresse-shop.it\/#website\",\"url\":\"https:\/\/dev6.erresse-shop.it\/\",\"name\":\"Erresse Shop\",\"description\":\"\",\"publisher\":{\"@id\":\"https:\/\/dev6.erresse-shop.it\/#organization\"},\"potentialAction\":[{\"@type\":\"SearchAction\",\"target\":{\"@type\":\"EntryPoint\",\"urlTemplate\":\"https:\/\/dev6.erresse-shop.it\/?s={search_term_string}\"},\"query-input\":{\"@type\":\"PropertyValueSpecification\",\"valueRequired\":true,\"valueName\":\"search_term_string\"}}],\"inLanguage\":\"fr-FR\"},{\"@type\":\"Organization\",\"@id\":\"https:\/\/dev6.erresse-shop.it\/#organization\",\"name\":\"Erresse Shop\",\"url\":\"https:\/\/dev6.erresse-shop.it\/\",\"logo\":{\"@type\":\"ImageObject\",\"inLanguage\":\"fr-FR\",\"@id\":\"https:\/\/dev6.erresse-shop.it\/#\/schema\/logo\/image\/\",\"url\":\"https:\/\/dev6.erresse-shop.it\/wp-content\/uploads\/2025\/01\/LOGO-ERRESSE-CLASSICO.svg\",\"contentUrl\":\"https:\/\/dev6.erresse-shop.it\/wp-content\/uploads\/2025\/01\/LOGO-ERRESSE-CLASSICO.svg\",\"caption\":\"Erresse Shop\"},\"image\":{\"@id\":\"https:\/\/dev6.erresse-shop.it\/#\/schema\/logo\/image\/\"}}]}<\/script>\n<!-- \/ Yoast SEO plugin. -->","yoast_head_json":{"title":"LE CREUSET Gril carr\u00e9 en fonte \u00e9maill\u00e9e 24 x 24 cm Cerise - dev6 Erresse","description":"Les grillades ont une saveur inimitable. Il faut le reconna\u00eetre tout simplement. Et obtenez chez vous les saveurs des cuissons en ext\u00e9rieur, en toute","robots":{"index":"noindex","follow":"follow","max-snippet":"max-snippet:-1","max-image-preview":"max-image-preview:large","max-video-preview":"max-video-preview:-1"},"og_locale":"fr_FR","og_type":"article","og_title":"LE CREUSET Gril carr\u00e9 en fonte \u00e9maill\u00e9e 24 x 24 cm Cerise - dev6 Erresse","og_description":"Les grillades ont une saveur inimitable. Il faut le reconna\u00eetre tout simplement. Et obtenez chez vous les saveurs des cuissons en ext\u00e9rieur, en toute","og_url":"https:\/\/dev6.erresse-shop.it\/fr\/shop\/poeles-pots\/grils-a-steak\/le-creuset-gril-carre-en-fonte-emaillee-24-x-24-cm-cerise\/","og_site_name":"dev6 Erresse","og_image":[{"url":"https:\/\/interpim.erresse-shop.it\/Import\/Prodotti\/le-creuset-griglia-quadrata-in-ghisa-24x24-cm-ciliegia.jpg","type":"","width":"","height":""},{"url":"https:\/\/interpim.erresse-shop.it\/Import\/Prodotti\/le-creuset-griglia-quadrata-in-ghisa-24x24-cm-ciliegia.jpg","width":1024,"height":1024,"type":"image\/jpeg"}],"twitter_card":"summary_large_image","twitter_image":"https:\/\/interpim.erresse-shop.it\/Import\/Prodotti\/le-creuset-griglia-quadrata-in-ghisa-24x24-cm-ciliegia.jpg","schema":{"@context":"https:\/\/schema.org","@graph":[{"@type":"WebPage","@id":"https:\/\/dev6.erresse-shop.it\/fr\/shop\/poeles-pots\/grils-a-steak\/le-creuset-gril-carre-en-fonte-emaillee-24-x-24-cm-cerise\/","url":"https:\/\/dev6.erresse-shop.it\/fr\/shop\/poeles-pots\/grils-a-steak\/le-creuset-gril-carre-en-fonte-emaillee-24-x-24-cm-cerise\/","name":"LE CREUSET Gril carr\u00e9 en fonte \u00e9maill\u00e9e 24 x 24 cm Cerise - dev6 Erresse","isPartOf":{"@id":"https:\/\/dev6.erresse-shop.it\/#website"},"primaryImageOfPage":{"@id":"https:\/\/dev6.erresse-shop.it\/fr\/shop\/poeles-pots\/grils-a-steak\/le-creuset-gril-carre-en-fonte-emaillee-24-x-24-cm-cerise\/#primaryimage"},"image":{"@id":"https:\/\/dev6.erresse-shop.it\/fr\/shop\/poeles-pots\/grils-a-steak\/le-creuset-gril-carre-en-fonte-emaillee-24-x-24-cm-cerise\/#primaryimage"},"thumbnailUrl":"https:\/\/i1.wp.com\/interpim.erresse-shop.it\/Import\/Prodotti\/le-creuset-griglia-quadrata-in-ghisa-24x24-cm-ciliegia.jpg?ssl=1","datePublished":"2026-04-12T06:13:31+00:00","description":"Les grillades ont une saveur inimitable. Il faut le reconna\u00eetre tout simplement. Et obtenez chez vous les saveurs des cuissons en ext\u00e9rieur, en toute","breadcrumb":{"@id":"https:\/\/dev6.erresse-shop.it\/fr\/shop\/poeles-pots\/grils-a-steak\/le-creuset-gril-carre-en-fonte-emaillee-24-x-24-cm-cerise\/#breadcrumb"},"inLanguage":"fr-FR","potentialAction":[{"@type":"ReadAction","target":["https:\/\/dev6.erresse-shop.it\/fr\/shop\/poeles-pots\/grils-a-steak\/le-creuset-gril-carre-en-fonte-emaillee-24-x-24-cm-cerise\/"]}]},{"@type":"ImageObject","inLanguage":"fr-FR","@id":"https:\/\/dev6.erresse-shop.it\/fr\/shop\/poeles-pots\/grils-a-steak\/le-creuset-gril-carre-en-fonte-emaillee-24-x-24-cm-cerise\/#primaryimage","url":"https:\/\/i1.wp.com\/interpim.erresse-shop.it\/Import\/Prodotti\/le-creuset-griglia-quadrata-in-ghisa-24x24-cm-ciliegia.jpg?ssl=1","contentUrl":"https:\/\/i1.wp.com\/interpim.erresse-shop.it\/Import\/Prodotti\/le-creuset-griglia-quadrata-in-ghisa-24x24-cm-ciliegia.jpg?ssl=1"},{"@type":"BreadcrumbList","@id":"https:\/\/dev6.erresse-shop.it\/fr\/shop\/poeles-pots\/grils-a-steak\/le-creuset-gril-carre-en-fonte-emaillee-24-x-24-cm-cerise\/#breadcrumb","itemListElement":[{"@type":"ListItem","position":1,"name":"Home","item":"https:\/\/dev6.erresse-shop.it\/"},{"@type":"ListItem","position":2,"name":"Boutique","item":"https:\/\/dev6.erresse-shop.it\/shop\/"},{"@type":"ListItem","position":3,"name":"LE CREUSET Gril carr\u00e9 en fonte \u00e9maill\u00e9e 24 x 24 cm Cerise"}]},{"@type":"WebSite","@id":"https:\/\/dev6.erresse-shop.it\/#website","url":"https:\/\/dev6.erresse-shop.it\/","name":"Erresse Shop","description":"","publisher":{"@id":"https:\/\/dev6.erresse-shop.it\/#organization"},"potentialAction":[{"@type":"SearchAction","target":{"@type":"EntryPoint","urlTemplate":"https:\/\/dev6.erresse-shop.it\/?s={search_term_string}"},"query-input":{"@type":"PropertyValueSpecification","valueRequired":true,"valueName":"search_term_string"}}],"inLanguage":"fr-FR"},{"@type":"Organization","@id":"https:\/\/dev6.erresse-shop.it\/#organization","name":"Erresse Shop","url":"https:\/\/dev6.erresse-shop.it\/","logo":{"@type":"ImageObject","inLanguage":"fr-FR","@id":"https:\/\/dev6.erresse-shop.it\/#\/schema\/logo\/image\/","url":"https:\/\/dev6.erresse-shop.it\/wp-content\/uploads\/2025\/01\/LOGO-ERRESSE-CLASSICO.svg","contentUrl":"https:\/\/dev6.erresse-shop.it\/wp-content\/uploads\/2025\/01\/LOGO-ERRESSE-CLASSICO.svg","caption":"Erresse Shop"},"image":{"@id":"https:\/\/dev6.erresse-shop.it\/#\/schema\/logo\/image\/"}}]}},"df_price":99.95,"df_sale_price":99.95,"df_regular_price":109,"df_image_link":"https:\/\/i1.wp.com\/interpim.erresse-shop.it\/Import\/Prodotti\/le-creuset-griglia-quadrata-in-ghisa-24x24-cm-ciliegia.jpg?resize=300,300&ssl=1","fifu_image_url":"https:\/\/interpim.erresse-shop.it\/Import\/Prodotti\/le-creuset-griglia-quadrata-in-ghisa-24x24-cm-ciliegia.jpg","_links":{"self":[{"href":"https:\/\/dev6.erresse-shop.it\/fr\/wp-json\/wp\/v2\/product\/57635","targetHints":{"allow":["GET"]}}],"collection":[{"href":"https:\/\/dev6.erresse-shop.it\/fr\/wp-json\/wp\/v2\/product"}],"about":[{"href":"https:\/\/dev6.erresse-shop.it\/fr\/wp-json\/wp\/v2\/types\/product"}],"wp:featuredmedia":[{"embeddable":true,"href":"https:\/\/dev6.erresse-shop.it\/fr\/wp-json\/wp\/v2\/media\/6343764"}],"wp:attachment":[{"href":"https:\/\/dev6.erresse-shop.it\/fr\/wp-json\/wp\/v2\/media?parent=57635"}],"wp:term":[{"taxonomy":"product_cat","embeddable":true,"href":"https:\/\/dev6.erresse-shop.it\/fr\/wp-json\/wp\/v2\/product_cat?post=57635"},{"taxonomy":"product_tag","embeddable":true,"href":"https:\/\/dev6.erresse-shop.it\/fr\/wp-json\/wp\/v2\/product_tag?post=57635"}],"curies":[{"name":"wp","href":"https:\/\/api.w.org\/{rel}","templated":true}]}}