{"id":57535,"date":"2026-04-12T08:12:22","date_gmt":"2026-04-12T06:12:22","guid":{"rendered":"https:\/\/dev6.erresse-shop.it\/shop\/non%20class\u00e9\/magimix-juice-expert-3-avec-coffret-coupe-legumes-rouge-chrome\/"},"modified":"2025-11-22T17:56:43","modified_gmt":"2025-11-22T16:56:43","slug":"magimix-juice-expert-3-avec-coffret-coupe-legumes-rouge-chrome","status":"publish","type":"product","link":"https:\/\/dev6.erresse-shop.it\/fr\/shop\/petits-electromenagers\/centrifugeuses-extracteurs-jus\/magimix-juice-expert-3-avec-coffret-coupe-legumes-rouge-chrome\/","title":{"rendered":"MAGIMIX Juice Expert 3 avec Coffret Coupe L\u00e9gumes Rouge Chrome"},"content":{"rendered":"<p>MAGIMIX. C\u2019est en France, au c\u0153ur de la r\u00e9gion Bourgogne, c\u00e9l\u00e8bre pour sa gastronomie, que Magimix a invent\u00e9, il y a plus de quarante ans, le robot m\u00e9nager.<br \/>\nAujourd\u2019hui, les appareils Magimix sont la version domestique des appareils destin\u00e9s aux professionnels. Les plus grands restaurants du monde utilisent la version professionnelle de nos produits.<br \/>\nDans la gamme Magimix, vous trouverez toute la gamme des petits appareils de cuisine.<br \/>\nToujours \u00e0 la pointe de l\u2019innovation en mati\u00e8re de cuisine, Magimix est fi\u00e8re de vous pr\u00e9senter sa derni\u00e8re collection pour le plaisir de cuisiner comme un grand cuisinier.<\/p>\n<p>Juice Expert 3 avec coffret coupe l\u00e9gumes GRATUIT<\/p>\n<p>Magimix est l\u2019expert en mati\u00e8re de jus multifonctions !<br \/>\nJour apr\u00e8s jour, le Juice Expert Magimix combine le meilleur de la nature avec la meilleure technologie pour concilier sant\u00e9 et plaisir.<br \/>\nEXTRACTEUR Juice Expert 3 MULTIFONCTIONS 3 Fonctions :<br \/>\n\u2013 Extra Press XL Nouvelle invention brevet\u00e9e de Magimix pour l\u2019extraction \u00e0 froid de fruits, l\u00e9gumes, jus, nectars ou sauces mous et cuits.<br \/>\n\u2013 Filtre tamis XL con\u00e7u pour extraire \u00e0 froid le meilleur des fruits et l\u00e9gumes avec de la pulpe de soude (pommes, carottes) et des l\u00e9gumes verts. Brevet Magimix.<br \/>\n\u2013 Presse-agrumes pour un jus d\u2019agrumes frais et rapide sans p\u00e9pins. 2 c\u00f4nes. Syst\u00e8me Pulp pour un jus sans pulpe.<\/p>\n<p>DESCRIPTION TECHNIQUE<br \/>\n\u2013 EXTRA PRESS XL jus et smoothies cr\u00e9meux chauds et froids Rendement maximum 96%.<br \/>\n\u2013 FILTRE SETACCIO XL jus purs et clairs Panier en acier de grande capacit\u00e9, panier \u00e0 col amovible et<br \/>\n\u2013 SPREMIAGRUMI avec bras de couverture &#43; 2 c\u00f4nes d\u2019agrumes Pulp System avec ou sans pulpe<\/p>\n<p>Extraction \u00e0 froid par pression \u00e0 froid : respect des nutriments<br \/>\nVitesse professionnelle<br \/>\nHOPPER X L 90 x 75 mm<br \/>\nExtraction du jus directement dans le verre<br \/>\nNETTOYAGE FACILE Lavable au lave-vaisselle<br \/>\nSpatule de nettoyage 1<\/p>\n<p>Livre de recettes plus de 40 recettes<br \/>\nApplication MAGIMIX gratuite : plus de 100 recettes, disponible pour les smartphones et les tablettes<\/p>\n<p>MAT\u00c9RIEL 0% BPA<br \/>\nPuissance du moteur 400 W<br \/>\nMoteur professionnel ultra-silencieux<br \/>\nGarantie du moteur 30 ans<br \/>\nGARANTIE 3 ans<br \/>\nDIMENSIONS H415 x L214 x P183 mm<br \/>\nPOIDS 7,5 kg<\/p>\n<p>Attention : la prise de courant est europ\u00e9enne Schuko<\/p>\n<p>Not for sale outside from Europe<\/p>\n","protected":false},"excerpt":{"rendered":"<p>MAGIMIX. C\u2019est en France, au c\u0153ur de la r\u00e9gion Bourgogne, c\u00e9l\u00e8bre pour sa gastronomie, que Magimix a invent\u00e9, il y a plus de quarante ans, le robot m\u00e9nager. Aujourd\u2019hui, les appareils Magimix sont la version domestique des appareils destin\u00e9s aux professionnels. Les plus grands restaurants du monde utilisent la version professionnelle de nos produits. Dans [&hellip;]<\/p>\n","protected":false},"featured_media":6343165,"template":"","meta":{"_acf_changed":false},"product_cat":[12060,11736,12055],"product_tag":[],"class_list":{"0":"post-57535","1":"product","2":"type-product","3":"status-publish","4":"has-post-thumbnail","6":"product_cat-centrifugeuses-extracteurs-jus","7":"product_cat-estrattori-centrifughe","8":"product_cat-petits-electromenagers","10":"first","11":"instock","12":"sale","13":"taxable","14":"shipping-taxable","15":"purchasable","16":"product-type-simple","swatches":"rey-swatches","show_selected":"","stretch_labels":"rey-swatches--stretch-labels"},"acf":[],"yoast_head":"<!-- This site is optimized with the Yoast SEO plugin v25.4 - https:\/\/yoast.com\/wordpress\/plugins\/seo\/ -->\n<title>MAGIMIX Juice Expert 3 avec Coffret Coupe L\u00e9gumes Rouge Chrome - dev6 Erresse<\/title>\n<meta name=\"description\" content=\"MAGIMIX. C\u2019est en France, au c\u0153ur de la r\u00e9gion Bourgogne, c\u00e9l\u00e8bre pour sa gastronomie, que Magimix a invent\u00e9, il y a plus de quarante ans, le robot\" \/>\n<meta name=\"robots\" content=\"noindex, follow, max-snippet:-1, max-image-preview:large, max-video-preview:-1\" \/>\n<meta property=\"og:locale\" content=\"fr_FR\" \/>\n<meta property=\"og:type\" content=\"article\" \/>\n<meta property=\"og:title\" content=\"MAGIMIX Juice Expert 3 avec Coffret Coupe L\u00e9gumes Rouge Chrome - dev6 Erresse\" \/>\n<meta property=\"og:description\" content=\"MAGIMIX. C\u2019est en France, au c\u0153ur de la r\u00e9gion Bourgogne, c\u00e9l\u00e8bre pour sa gastronomie, que Magimix a invent\u00e9, il y a plus de quarante ans, le robot\" \/>\n<meta property=\"og:url\" content=\"https:\/\/dev6.erresse-shop.it\/fr\/shop\/petits-electromenagers\/centrifugeuses-extracteurs-jus\/magimix-juice-expert-3-avec-coffret-coupe-legumes-rouge-chrome\/\" \/>\n<meta property=\"og:site_name\" content=\"dev6 Erresse\" \/>\n<meta property=\"og:image\" content=\"https:\/\/interpim.erresse-shop.it\/wp-content\/uploads\/2017\/12\/MAGIMIX-Estrattore-Juice-Expert-3-con-Tagliaverdure-Rosso-Cromo.jpg\/magimix-estrattore-juice-expert-3-con-tagliaverdure-rosso-cromo.jpg\" \/><meta property=\"og:image\" content=\"https:\/\/interpim.erresse-shop.it\/wp-content\/uploads\/2017\/12\/MAGIMIX-Estrattore-Juice-Expert-3-con-Tagliaverdure-Rosso-Cromo.jpg\/magimix-estrattore-juice-expert-3-con-tagliaverdure-rosso-cromo.jpg\" \/>\n\t<meta property=\"og:image:width\" content=\"1024\" \/>\n\t<meta property=\"og:image:height\" content=\"1024\" \/>\n\t<meta property=\"og:image:type\" content=\"image\/jpeg\" \/>\n<meta name=\"twitter:card\" content=\"summary_large_image\" \/>\n<meta name=\"twitter:image\" content=\"https:\/\/interpim.erresse-shop.it\/wp-content\/uploads\/2017\/12\/MAGIMIX-Estrattore-Juice-Expert-3-con-Tagliaverdure-Rosso-Cromo.jpg\/magimix-estrattore-juice-expert-3-con-tagliaverdure-rosso-cromo.jpg\" \/>\n<script type=\"application\/ld+json\" class=\"yoast-schema-graph\">{\"@context\":\"https:\/\/schema.org\",\"@graph\":[{\"@type\":\"WebPage\",\"@id\":\"https:\/\/dev6.erresse-shop.it\/fr\/shop\/petits-electromenagers\/centrifugeuses-extracteurs-jus\/magimix-juice-expert-3-avec-coffret-coupe-legumes-rouge-chrome\/\",\"url\":\"https:\/\/dev6.erresse-shop.it\/fr\/shop\/petits-electromenagers\/centrifugeuses-extracteurs-jus\/magimix-juice-expert-3-avec-coffret-coupe-legumes-rouge-chrome\/\",\"name\":\"MAGIMIX Juice Expert 3 avec Coffret Coupe L\u00e9gumes Rouge Chrome - dev6 Erresse\",\"isPartOf\":{\"@id\":\"https:\/\/dev6.erresse-shop.it\/#website\"},\"primaryImageOfPage\":{\"@id\":\"https:\/\/dev6.erresse-shop.it\/fr\/shop\/petits-electromenagers\/centrifugeuses-extracteurs-jus\/magimix-juice-expert-3-avec-coffret-coupe-legumes-rouge-chrome\/#primaryimage\"},\"image\":{\"@id\":\"https:\/\/dev6.erresse-shop.it\/fr\/shop\/petits-electromenagers\/centrifugeuses-extracteurs-jus\/magimix-juice-expert-3-avec-coffret-coupe-legumes-rouge-chrome\/#primaryimage\"},\"thumbnailUrl\":\"https:\/\/i1.wp.com\/interpim.erresse-shop.it\/wp-content\/uploads\/2017\/12\/MAGIMIX-Estrattore-Juice-Expert-3-con-Tagliaverdure-Rosso-Cromo.jpg\/magimix-estrattore-juice-expert-3-con-tagliaverdure-rosso-cromo.jpg?ssl=1\",\"datePublished\":\"2026-04-12T06:12:22+00:00\",\"description\":\"MAGIMIX. C\u2019est en France, au c\u0153ur de la r\u00e9gion Bourgogne, c\u00e9l\u00e8bre pour sa gastronomie, que Magimix a invent\u00e9, il y a plus de quarante ans, le robot\",\"breadcrumb\":{\"@id\":\"https:\/\/dev6.erresse-shop.it\/fr\/shop\/petits-electromenagers\/centrifugeuses-extracteurs-jus\/magimix-juice-expert-3-avec-coffret-coupe-legumes-rouge-chrome\/#breadcrumb\"},\"inLanguage\":\"fr-FR\",\"potentialAction\":[{\"@type\":\"ReadAction\",\"target\":[\"https:\/\/dev6.erresse-shop.it\/fr\/shop\/petits-electromenagers\/centrifugeuses-extracteurs-jus\/magimix-juice-expert-3-avec-coffret-coupe-legumes-rouge-chrome\/\"]}]},{\"@type\":\"ImageObject\",\"inLanguage\":\"fr-FR\",\"@id\":\"https:\/\/dev6.erresse-shop.it\/fr\/shop\/petits-electromenagers\/centrifugeuses-extracteurs-jus\/magimix-juice-expert-3-avec-coffret-coupe-legumes-rouge-chrome\/#primaryimage\",\"url\":\"https:\/\/i1.wp.com\/interpim.erresse-shop.it\/wp-content\/uploads\/2017\/12\/MAGIMIX-Estrattore-Juice-Expert-3-con-Tagliaverdure-Rosso-Cromo.jpg\/magimix-estrattore-juice-expert-3-con-tagliaverdure-rosso-cromo.jpg?ssl=1\",\"contentUrl\":\"https:\/\/i1.wp.com\/interpim.erresse-shop.it\/wp-content\/uploads\/2017\/12\/MAGIMIX-Estrattore-Juice-Expert-3-con-Tagliaverdure-Rosso-Cromo.jpg\/magimix-estrattore-juice-expert-3-con-tagliaverdure-rosso-cromo.jpg?ssl=1\"},{\"@type\":\"BreadcrumbList\",\"@id\":\"https:\/\/dev6.erresse-shop.it\/fr\/shop\/petits-electromenagers\/centrifugeuses-extracteurs-jus\/magimix-juice-expert-3-avec-coffret-coupe-legumes-rouge-chrome\/#breadcrumb\",\"itemListElement\":[{\"@type\":\"ListItem\",\"position\":1,\"name\":\"Home\",\"item\":\"https:\/\/dev6.erresse-shop.it\/\"},{\"@type\":\"ListItem\",\"position\":2,\"name\":\"Boutique\",\"item\":\"https:\/\/dev6.erresse-shop.it\/shop\/\"},{\"@type\":\"ListItem\",\"position\":3,\"name\":\"MAGIMIX Juice Expert 3 avec Coffret Coupe L\u00e9gumes Rouge Chrome\"}]},{\"@type\":\"WebSite\",\"@id\":\"https:\/\/dev6.erresse-shop.it\/#website\",\"url\":\"https:\/\/dev6.erresse-shop.it\/\",\"name\":\"Erresse Shop\",\"description\":\"\",\"publisher\":{\"@id\":\"https:\/\/dev6.erresse-shop.it\/#organization\"},\"potentialAction\":[{\"@type\":\"SearchAction\",\"target\":{\"@type\":\"EntryPoint\",\"urlTemplate\":\"https:\/\/dev6.erresse-shop.it\/?s={search_term_string}\"},\"query-input\":{\"@type\":\"PropertyValueSpecification\",\"valueRequired\":true,\"valueName\":\"search_term_string\"}}],\"inLanguage\":\"fr-FR\"},{\"@type\":\"Organization\",\"@id\":\"https:\/\/dev6.erresse-shop.it\/#organization\",\"name\":\"Erresse Shop\",\"url\":\"https:\/\/dev6.erresse-shop.it\/\",\"logo\":{\"@type\":\"ImageObject\",\"inLanguage\":\"fr-FR\",\"@id\":\"https:\/\/dev6.erresse-shop.it\/#\/schema\/logo\/image\/\",\"url\":\"https:\/\/dev6.erresse-shop.it\/wp-content\/uploads\/2025\/01\/LOGO-ERRESSE-CLASSICO.svg\",\"contentUrl\":\"https:\/\/dev6.erresse-shop.it\/wp-content\/uploads\/2025\/01\/LOGO-ERRESSE-CLASSICO.svg\",\"caption\":\"Erresse Shop\"},\"image\":{\"@id\":\"https:\/\/dev6.erresse-shop.it\/#\/schema\/logo\/image\/\"}}]}<\/script>\n<!-- \/ Yoast SEO plugin. -->","yoast_head_json":{"title":"MAGIMIX Juice Expert 3 avec Coffret Coupe L\u00e9gumes Rouge Chrome - dev6 Erresse","description":"MAGIMIX. C\u2019est en France, au c\u0153ur de la r\u00e9gion Bourgogne, c\u00e9l\u00e8bre pour sa gastronomie, que Magimix a invent\u00e9, il y a plus de quarante ans, le robot","robots":{"index":"noindex","follow":"follow","max-snippet":"max-snippet:-1","max-image-preview":"max-image-preview:large","max-video-preview":"max-video-preview:-1"},"og_locale":"fr_FR","og_type":"article","og_title":"MAGIMIX Juice Expert 3 avec Coffret Coupe L\u00e9gumes Rouge Chrome - dev6 Erresse","og_description":"MAGIMIX. C\u2019est en France, au c\u0153ur de la r\u00e9gion Bourgogne, c\u00e9l\u00e8bre pour sa gastronomie, que Magimix a invent\u00e9, il y a plus de quarante ans, le robot","og_url":"https:\/\/dev6.erresse-shop.it\/fr\/shop\/petits-electromenagers\/centrifugeuses-extracteurs-jus\/magimix-juice-expert-3-avec-coffret-coupe-legumes-rouge-chrome\/","og_site_name":"dev6 Erresse","og_image":[{"url":"https:\/\/interpim.erresse-shop.it\/wp-content\/uploads\/2017\/12\/MAGIMIX-Estrattore-Juice-Expert-3-con-Tagliaverdure-Rosso-Cromo.jpg\/magimix-estrattore-juice-expert-3-con-tagliaverdure-rosso-cromo.jpg","type":"","width":"","height":""},{"url":"https:\/\/interpim.erresse-shop.it\/wp-content\/uploads\/2017\/12\/MAGIMIX-Estrattore-Juice-Expert-3-con-Tagliaverdure-Rosso-Cromo.jpg\/magimix-estrattore-juice-expert-3-con-tagliaverdure-rosso-cromo.jpg","width":1024,"height":1024,"type":"image\/jpeg"}],"twitter_card":"summary_large_image","twitter_image":"https:\/\/interpim.erresse-shop.it\/wp-content\/uploads\/2017\/12\/MAGIMIX-Estrattore-Juice-Expert-3-con-Tagliaverdure-Rosso-Cromo.jpg\/magimix-estrattore-juice-expert-3-con-tagliaverdure-rosso-cromo.jpg","schema":{"@context":"https:\/\/schema.org","@graph":[{"@type":"WebPage","@id":"https:\/\/dev6.erresse-shop.it\/fr\/shop\/petits-electromenagers\/centrifugeuses-extracteurs-jus\/magimix-juice-expert-3-avec-coffret-coupe-legumes-rouge-chrome\/","url":"https:\/\/dev6.erresse-shop.it\/fr\/shop\/petits-electromenagers\/centrifugeuses-extracteurs-jus\/magimix-juice-expert-3-avec-coffret-coupe-legumes-rouge-chrome\/","name":"MAGIMIX Juice Expert 3 avec Coffret Coupe L\u00e9gumes Rouge Chrome - dev6 Erresse","isPartOf":{"@id":"https:\/\/dev6.erresse-shop.it\/#website"},"primaryImageOfPage":{"@id":"https:\/\/dev6.erresse-shop.it\/fr\/shop\/petits-electromenagers\/centrifugeuses-extracteurs-jus\/magimix-juice-expert-3-avec-coffret-coupe-legumes-rouge-chrome\/#primaryimage"},"image":{"@id":"https:\/\/dev6.erresse-shop.it\/fr\/shop\/petits-electromenagers\/centrifugeuses-extracteurs-jus\/magimix-juice-expert-3-avec-coffret-coupe-legumes-rouge-chrome\/#primaryimage"},"thumbnailUrl":"https:\/\/i1.wp.com\/interpim.erresse-shop.it\/wp-content\/uploads\/2017\/12\/MAGIMIX-Estrattore-Juice-Expert-3-con-Tagliaverdure-Rosso-Cromo.jpg\/magimix-estrattore-juice-expert-3-con-tagliaverdure-rosso-cromo.jpg?ssl=1","datePublished":"2026-04-12T06:12:22+00:00","description":"MAGIMIX. C\u2019est en France, au c\u0153ur de la r\u00e9gion Bourgogne, c\u00e9l\u00e8bre pour sa gastronomie, que Magimix a invent\u00e9, il y a plus de quarante ans, le robot","breadcrumb":{"@id":"https:\/\/dev6.erresse-shop.it\/fr\/shop\/petits-electromenagers\/centrifugeuses-extracteurs-jus\/magimix-juice-expert-3-avec-coffret-coupe-legumes-rouge-chrome\/#breadcrumb"},"inLanguage":"fr-FR","potentialAction":[{"@type":"ReadAction","target":["https:\/\/dev6.erresse-shop.it\/fr\/shop\/petits-electromenagers\/centrifugeuses-extracteurs-jus\/magimix-juice-expert-3-avec-coffret-coupe-legumes-rouge-chrome\/"]}]},{"@type":"ImageObject","inLanguage":"fr-FR","@id":"https:\/\/dev6.erresse-shop.it\/fr\/shop\/petits-electromenagers\/centrifugeuses-extracteurs-jus\/magimix-juice-expert-3-avec-coffret-coupe-legumes-rouge-chrome\/#primaryimage","url":"https:\/\/i1.wp.com\/interpim.erresse-shop.it\/wp-content\/uploads\/2017\/12\/MAGIMIX-Estrattore-Juice-Expert-3-con-Tagliaverdure-Rosso-Cromo.jpg\/magimix-estrattore-juice-expert-3-con-tagliaverdure-rosso-cromo.jpg?ssl=1","contentUrl":"https:\/\/i1.wp.com\/interpim.erresse-shop.it\/wp-content\/uploads\/2017\/12\/MAGIMIX-Estrattore-Juice-Expert-3-con-Tagliaverdure-Rosso-Cromo.jpg\/magimix-estrattore-juice-expert-3-con-tagliaverdure-rosso-cromo.jpg?ssl=1"},{"@type":"BreadcrumbList","@id":"https:\/\/dev6.erresse-shop.it\/fr\/shop\/petits-electromenagers\/centrifugeuses-extracteurs-jus\/magimix-juice-expert-3-avec-coffret-coupe-legumes-rouge-chrome\/#breadcrumb","itemListElement":[{"@type":"ListItem","position":1,"name":"Home","item":"https:\/\/dev6.erresse-shop.it\/"},{"@type":"ListItem","position":2,"name":"Boutique","item":"https:\/\/dev6.erresse-shop.it\/shop\/"},{"@type":"ListItem","position":3,"name":"MAGIMIX Juice Expert 3 avec Coffret Coupe L\u00e9gumes Rouge Chrome"}]},{"@type":"WebSite","@id":"https:\/\/dev6.erresse-shop.it\/#website","url":"https:\/\/dev6.erresse-shop.it\/","name":"Erresse Shop","description":"","publisher":{"@id":"https:\/\/dev6.erresse-shop.it\/#organization"},"potentialAction":[{"@type":"SearchAction","target":{"@type":"EntryPoint","urlTemplate":"https:\/\/dev6.erresse-shop.it\/?s={search_term_string}"},"query-input":{"@type":"PropertyValueSpecification","valueRequired":true,"valueName":"search_term_string"}}],"inLanguage":"fr-FR"},{"@type":"Organization","@id":"https:\/\/dev6.erresse-shop.it\/#organization","name":"Erresse Shop","url":"https:\/\/dev6.erresse-shop.it\/","logo":{"@type":"ImageObject","inLanguage":"fr-FR","@id":"https:\/\/dev6.erresse-shop.it\/#\/schema\/logo\/image\/","url":"https:\/\/dev6.erresse-shop.it\/wp-content\/uploads\/2025\/01\/LOGO-ERRESSE-CLASSICO.svg","contentUrl":"https:\/\/dev6.erresse-shop.it\/wp-content\/uploads\/2025\/01\/LOGO-ERRESSE-CLASSICO.svg","caption":"Erresse Shop"},"image":{"@id":"https:\/\/dev6.erresse-shop.it\/#\/schema\/logo\/image\/"}}]}},"df_price":319,"df_sale_price":319,"df_regular_price":380,"df_image_link":"https:\/\/i1.wp.com\/interpim.erresse-shop.it\/wp-content\/uploads\/2017\/12\/MAGIMIX-Estrattore-Juice-Expert-3-con-Tagliaverdure-Rosso-Cromo.jpg\/magimix-estrattore-juice-expert-3-con-tagliaverdure-rosso-cromo.jpg?resize=300,300&ssl=1","fifu_image_url":"https:\/\/interpim.erresse-shop.it\/wp-content\/uploads\/2017\/12\/MAGIMIX-Estrattore-Juice-Expert-3-con-Tagliaverdure-Rosso-Cromo.jpg\/magimix-estrattore-juice-expert-3-con-tagliaverdure-rosso-cromo.jpg","_links":{"self":[{"href":"https:\/\/dev6.erresse-shop.it\/fr\/wp-json\/wp\/v2\/product\/57535","targetHints":{"allow":["GET"]}}],"collection":[{"href":"https:\/\/dev6.erresse-shop.it\/fr\/wp-json\/wp\/v2\/product"}],"about":[{"href":"https:\/\/dev6.erresse-shop.it\/fr\/wp-json\/wp\/v2\/types\/product"}],"wp:featuredmedia":[{"embeddable":true,"href":"https:\/\/dev6.erresse-shop.it\/fr\/wp-json\/wp\/v2\/media\/6343165"}],"wp:attachment":[{"href":"https:\/\/dev6.erresse-shop.it\/fr\/wp-json\/wp\/v2\/media?parent=57535"}],"wp:term":[{"taxonomy":"product_cat","embeddable":true,"href":"https:\/\/dev6.erresse-shop.it\/fr\/wp-json\/wp\/v2\/product_cat?post=57535"},{"taxonomy":"product_tag","embeddable":true,"href":"https:\/\/dev6.erresse-shop.it\/fr\/wp-json\/wp\/v2\/product_tag?post=57535"}],"curies":[{"name":"wp","href":"https:\/\/api.w.org\/{rel}","templated":true}]}}