{"id":57529,"date":"2026-04-10T08:50:18","date_gmt":"2026-04-10T06:50:18","guid":{"rendered":"https:\/\/dev6.erresse-shop.it\/shop\/non%20class\u00e9\/illy-iperespresso-y3-3-noir-14-gelules-incluses\/"},"modified":"2025-09-14T03:59:56","modified_gmt":"2025-09-14T01:59:56","slug":"illy-iperespresso-y3-3-noir-14-gelules-incluses","status":"publish","type":"product","link":"https:\/\/dev6.erresse-shop.it\/fr\/shop\/petits-electromenagers\/machines-cafe\/a-dosettes-et-a-capsules\/illy-iperespresso-y3-3-noir-14-gelules-incluses\/","title":{"rendered":"ILLY Iperespresso Y3.3 Noir 14 g\u00e9lules incluses"},"content":{"rendered":"<p>Avec la nouvelle Y3.3, vous pouvez pr\u00e9parer rapidement et facilement une tasse d\u2019espresso parfaite et un excellent caf\u00e9 \u00e0 l\u2019am\u00e9ricaine.<br \/>\nSa taille r\u00e9duite et compacte lui permet de s\u2019adapter \u00e0 tout type d\u2019environnement et d\u2019exigence. \u00c9l\u00e9gante et fonctionnelle : c\u2019est la nouvelle machine Iperespresso pour tous.<br \/>\nVous pouvez choisir entre un espresso et un caf\u00e9 de style am\u00e9ricain.<br \/>\nMinimal et \u00e9l\u00e9gant. L\u2019architecte Piero Lissoni a con\u00e7u une machine aux lignes \u00e9pur\u00e9es qui offre une exp\u00e9rience utilisateur facile et intuitive.<br \/>\nLe Y3 est disponible en trois couleurs : noir, rouge et blanc.<\/p>\n<p>Garantie : 2 ans<br \/>\nVolume de la tasse programmable<br \/>\nArr\u00eat automatique de l\u2019infusion<br \/>\nDeux hauteurs pour la grille du porte-gobelet<br \/>\nMise en veille automatique en cas de non-utilisation<\/p>\n<p>Sp\u00e9cifications techniques :<\/p>\n<p>Capacit\u00e9 du r\u00e9servoir : 0,75 L<br \/>\nDimensions (cm) : 10 x 29,8 x 25,4<br \/>\nTension : 230 V, c\u00e2ble de 1 m de long<br \/>\nPression de la pompe : 19 bar<\/p>\n<p>Pr\u00e9paration : capsules d\u2019espresso (Iperespresso)<br \/>\nFormat du caf\u00e9 : capsules Iperespresso<br \/>\nLongueur du c\u00e2ble : 1 m<br \/>\nCapacit\u00e9 du r\u00e9servoir : 0,75 L<br \/>\nDimensions : (cm) 10 x 29,8 x 25,4<br \/>\nDistribution r\u00e9glable du caf\u00e9 : Automatique<br \/>\nChauffe-tasses : Non<br \/>\nHauteur de la tasse r\u00e9glable : Oui<br \/>\nGarantie : 2 ans<br \/>\nVoltage : 230 v<br \/>\nMat\u00e9riau : plastique<br \/>\n\u00c9conomie d\u2019\u00e9nergie : Oui<br \/>\nFonctions : multi-boissons<\/p>\n","protected":false},"excerpt":{"rendered":"<p>Avec la nouvelle Y3.3, vous pouvez pr\u00e9parer rapidement et facilement une tasse d\u2019espresso parfaite et un excellent caf\u00e9 \u00e0 l\u2019am\u00e9ricaine. Sa taille r\u00e9duite et compacte lui permet de s\u2019adapter \u00e0 tout type d\u2019environnement et d\u2019exigence. \u00c9l\u00e9gante et fonctionnelle : c\u2019est la nouvelle machine Iperespresso pour tous. Vous pouvez choisir entre un espresso et un caf\u00e9 [&hellip;]<\/p>\n","protected":false},"featured_media":6301457,"template":"","meta":{"_acf_changed":false},"product_cat":[12081,11757,12063,12055],"product_tag":[],"class_list":{"0":"post-57529","1":"product","2":"type-product","3":"status-publish","4":"has-post-thumbnail","6":"product_cat-a-dosettes-et-a-capsules","7":"product_cat-cialde-e-capsule","8":"product_cat-machines-cafe","9":"product_cat-petits-electromenagers","11":"first","12":"outofstock","13":"sale","14":"taxable","15":"shipping-taxable","16":"purchasable","17":"product-type-simple","swatches":"rey-swatches","show_selected":"","stretch_labels":"rey-swatches--stretch-labels"},"acf":[],"yoast_head":"<!-- This site is optimized with the Yoast SEO plugin v25.4 - https:\/\/yoast.com\/wordpress\/plugins\/seo\/ -->\n<title>ILLY Iperespresso Y3.3 Noir 14 g\u00e9lules incluses - dev6 Erresse<\/title>\n<meta name=\"description\" content=\"Avec la nouvelle Y3.3, vous pouvez pr\u00e9parer rapidement et facilement une tasse d\u2019espresso parfaite et un excellent caf\u00e9 \u00e0 l\u2019am\u00e9ricaine. Sa taille r\u00e9duite\" \/>\n<meta name=\"robots\" content=\"noindex, follow, max-snippet:-1, max-image-preview:large, max-video-preview:-1\" \/>\n<meta property=\"og:locale\" content=\"fr_FR\" \/>\n<meta property=\"og:type\" content=\"article\" \/>\n<meta property=\"og:title\" content=\"ILLY Iperespresso Y3.3 Noir 14 g\u00e9lules incluses - dev6 Erresse\" \/>\n<meta property=\"og:description\" content=\"Avec la nouvelle Y3.3, vous pouvez pr\u00e9parer rapidement et facilement une tasse d\u2019espresso parfaite et un excellent caf\u00e9 \u00e0 l\u2019am\u00e9ricaine. Sa taille r\u00e9duite\" \/>\n<meta property=\"og:url\" content=\"https:\/\/dev6.erresse-shop.it\/fr\/shop\/petits-electromenagers\/machines-cafe\/a-dosettes-et-a-capsules\/illy-iperespresso-y3-3-noir-14-gelules-incluses\/\" \/>\n<meta property=\"og:site_name\" content=\"dev6 Erresse\" \/>\n<meta property=\"og:image\" content=\"https:\/\/interpim.erresse-shop.it\/Import\/Prodotti\/illy-macchina-da-caffe-y3.3-nero.jpg\" \/><meta property=\"og:image\" content=\"https:\/\/interpim.erresse-shop.it\/Import\/Prodotti\/illy-macchina-da-caffe-y3.3-nero.jpg\" \/>\n\t<meta property=\"og:image:width\" content=\"1024\" \/>\n\t<meta property=\"og:image:height\" content=\"1024\" \/>\n\t<meta property=\"og:image:type\" content=\"image\/jpeg\" \/>\n<meta name=\"twitter:card\" content=\"summary_large_image\" \/>\n<meta name=\"twitter:image\" content=\"https:\/\/interpim.erresse-shop.it\/Import\/Prodotti\/illy-macchina-da-caffe-y3.3-nero.jpg\" \/>\n<script type=\"application\/ld+json\" class=\"yoast-schema-graph\">{\"@context\":\"https:\/\/schema.org\",\"@graph\":[{\"@type\":\"WebPage\",\"@id\":\"https:\/\/dev6.erresse-shop.it\/fr\/shop\/petits-electromenagers\/machines-cafe\/a-dosettes-et-a-capsules\/illy-iperespresso-y3-3-noir-14-gelules-incluses\/\",\"url\":\"https:\/\/dev6.erresse-shop.it\/fr\/shop\/petits-electromenagers\/machines-cafe\/a-dosettes-et-a-capsules\/illy-iperespresso-y3-3-noir-14-gelules-incluses\/\",\"name\":\"ILLY Iperespresso Y3.3 Noir 14 g\u00e9lules incluses - dev6 Erresse\",\"isPartOf\":{\"@id\":\"https:\/\/dev6.erresse-shop.it\/#website\"},\"primaryImageOfPage\":{\"@id\":\"https:\/\/dev6.erresse-shop.it\/fr\/shop\/petits-electromenagers\/machines-cafe\/a-dosettes-et-a-capsules\/illy-iperespresso-y3-3-noir-14-gelules-incluses\/#primaryimage\"},\"image\":{\"@id\":\"https:\/\/dev6.erresse-shop.it\/fr\/shop\/petits-electromenagers\/machines-cafe\/a-dosettes-et-a-capsules\/illy-iperespresso-y3-3-noir-14-gelules-incluses\/#primaryimage\"},\"thumbnailUrl\":\"https:\/\/i1.wp.com\/interpim.erresse-shop.it\/Import\/Prodotti\/illy-macchina-da-caffe-y3.3-nero.jpg?ssl=1\",\"datePublished\":\"2026-04-10T06:50:18+00:00\",\"description\":\"Avec la nouvelle Y3.3, vous pouvez pr\u00e9parer rapidement et facilement une tasse d\u2019espresso parfaite et un excellent caf\u00e9 \u00e0 l\u2019am\u00e9ricaine. Sa taille r\u00e9duite\",\"breadcrumb\":{\"@id\":\"https:\/\/dev6.erresse-shop.it\/fr\/shop\/petits-electromenagers\/machines-cafe\/a-dosettes-et-a-capsules\/illy-iperespresso-y3-3-noir-14-gelules-incluses\/#breadcrumb\"},\"inLanguage\":\"fr-FR\",\"potentialAction\":[{\"@type\":\"ReadAction\",\"target\":[\"https:\/\/dev6.erresse-shop.it\/fr\/shop\/petits-electromenagers\/machines-cafe\/a-dosettes-et-a-capsules\/illy-iperespresso-y3-3-noir-14-gelules-incluses\/\"]}]},{\"@type\":\"ImageObject\",\"inLanguage\":\"fr-FR\",\"@id\":\"https:\/\/dev6.erresse-shop.it\/fr\/shop\/petits-electromenagers\/machines-cafe\/a-dosettes-et-a-capsules\/illy-iperespresso-y3-3-noir-14-gelules-incluses\/#primaryimage\",\"url\":\"https:\/\/i1.wp.com\/interpim.erresse-shop.it\/Import\/Prodotti\/illy-macchina-da-caffe-y3.3-nero.jpg?ssl=1\",\"contentUrl\":\"https:\/\/i1.wp.com\/interpim.erresse-shop.it\/Import\/Prodotti\/illy-macchina-da-caffe-y3.3-nero.jpg?ssl=1\"},{\"@type\":\"BreadcrumbList\",\"@id\":\"https:\/\/dev6.erresse-shop.it\/fr\/shop\/petits-electromenagers\/machines-cafe\/a-dosettes-et-a-capsules\/illy-iperespresso-y3-3-noir-14-gelules-incluses\/#breadcrumb\",\"itemListElement\":[{\"@type\":\"ListItem\",\"position\":1,\"name\":\"Home\",\"item\":\"https:\/\/dev6.erresse-shop.it\/\"},{\"@type\":\"ListItem\",\"position\":2,\"name\":\"Boutique\",\"item\":\"https:\/\/dev6.erresse-shop.it\/shop\/\"},{\"@type\":\"ListItem\",\"position\":3,\"name\":\"ILLY Iperespresso Y3.3 Noir 14 g\u00e9lules incluses\"}]},{\"@type\":\"WebSite\",\"@id\":\"https:\/\/dev6.erresse-shop.it\/#website\",\"url\":\"https:\/\/dev6.erresse-shop.it\/\",\"name\":\"Erresse Shop\",\"description\":\"\",\"publisher\":{\"@id\":\"https:\/\/dev6.erresse-shop.it\/#organization\"},\"potentialAction\":[{\"@type\":\"SearchAction\",\"target\":{\"@type\":\"EntryPoint\",\"urlTemplate\":\"https:\/\/dev6.erresse-shop.it\/?s={search_term_string}\"},\"query-input\":{\"@type\":\"PropertyValueSpecification\",\"valueRequired\":true,\"valueName\":\"search_term_string\"}}],\"inLanguage\":\"fr-FR\"},{\"@type\":\"Organization\",\"@id\":\"https:\/\/dev6.erresse-shop.it\/#organization\",\"name\":\"Erresse Shop\",\"url\":\"https:\/\/dev6.erresse-shop.it\/\",\"logo\":{\"@type\":\"ImageObject\",\"inLanguage\":\"fr-FR\",\"@id\":\"https:\/\/dev6.erresse-shop.it\/#\/schema\/logo\/image\/\",\"url\":\"https:\/\/dev6.erresse-shop.it\/wp-content\/uploads\/2025\/01\/LOGO-ERRESSE-CLASSICO.svg\",\"contentUrl\":\"https:\/\/dev6.erresse-shop.it\/wp-content\/uploads\/2025\/01\/LOGO-ERRESSE-CLASSICO.svg\",\"caption\":\"Erresse Shop\"},\"image\":{\"@id\":\"https:\/\/dev6.erresse-shop.it\/#\/schema\/logo\/image\/\"}}]}<\/script>\n<!-- \/ Yoast SEO plugin. -->","yoast_head_json":{"title":"ILLY Iperespresso Y3.3 Noir 14 g\u00e9lules incluses - dev6 Erresse","description":"Avec la nouvelle Y3.3, vous pouvez pr\u00e9parer rapidement et facilement une tasse d\u2019espresso parfaite et un excellent caf\u00e9 \u00e0 l\u2019am\u00e9ricaine. Sa taille r\u00e9duite","robots":{"index":"noindex","follow":"follow","max-snippet":"max-snippet:-1","max-image-preview":"max-image-preview:large","max-video-preview":"max-video-preview:-1"},"og_locale":"fr_FR","og_type":"article","og_title":"ILLY Iperespresso Y3.3 Noir 14 g\u00e9lules incluses - dev6 Erresse","og_description":"Avec la nouvelle Y3.3, vous pouvez pr\u00e9parer rapidement et facilement une tasse d\u2019espresso parfaite et un excellent caf\u00e9 \u00e0 l\u2019am\u00e9ricaine. Sa taille r\u00e9duite","og_url":"https:\/\/dev6.erresse-shop.it\/fr\/shop\/petits-electromenagers\/machines-cafe\/a-dosettes-et-a-capsules\/illy-iperespresso-y3-3-noir-14-gelules-incluses\/","og_site_name":"dev6 Erresse","og_image":[{"url":"https:\/\/interpim.erresse-shop.it\/Import\/Prodotti\/illy-macchina-da-caffe-y3.3-nero.jpg","type":"","width":"","height":""},{"url":"https:\/\/interpim.erresse-shop.it\/Import\/Prodotti\/illy-macchina-da-caffe-y3.3-nero.jpg","width":1024,"height":1024,"type":"image\/jpeg"}],"twitter_card":"summary_large_image","twitter_image":"https:\/\/interpim.erresse-shop.it\/Import\/Prodotti\/illy-macchina-da-caffe-y3.3-nero.jpg","schema":{"@context":"https:\/\/schema.org","@graph":[{"@type":"WebPage","@id":"https:\/\/dev6.erresse-shop.it\/fr\/shop\/petits-electromenagers\/machines-cafe\/a-dosettes-et-a-capsules\/illy-iperespresso-y3-3-noir-14-gelules-incluses\/","url":"https:\/\/dev6.erresse-shop.it\/fr\/shop\/petits-electromenagers\/machines-cafe\/a-dosettes-et-a-capsules\/illy-iperespresso-y3-3-noir-14-gelules-incluses\/","name":"ILLY Iperespresso Y3.3 Noir 14 g\u00e9lules incluses - dev6 Erresse","isPartOf":{"@id":"https:\/\/dev6.erresse-shop.it\/#website"},"primaryImageOfPage":{"@id":"https:\/\/dev6.erresse-shop.it\/fr\/shop\/petits-electromenagers\/machines-cafe\/a-dosettes-et-a-capsules\/illy-iperespresso-y3-3-noir-14-gelules-incluses\/#primaryimage"},"image":{"@id":"https:\/\/dev6.erresse-shop.it\/fr\/shop\/petits-electromenagers\/machines-cafe\/a-dosettes-et-a-capsules\/illy-iperespresso-y3-3-noir-14-gelules-incluses\/#primaryimage"},"thumbnailUrl":"https:\/\/i1.wp.com\/interpim.erresse-shop.it\/Import\/Prodotti\/illy-macchina-da-caffe-y3.3-nero.jpg?ssl=1","datePublished":"2026-04-10T06:50:18+00:00","description":"Avec la nouvelle Y3.3, vous pouvez pr\u00e9parer rapidement et facilement une tasse d\u2019espresso parfaite et un excellent caf\u00e9 \u00e0 l\u2019am\u00e9ricaine. Sa taille r\u00e9duite","breadcrumb":{"@id":"https:\/\/dev6.erresse-shop.it\/fr\/shop\/petits-electromenagers\/machines-cafe\/a-dosettes-et-a-capsules\/illy-iperespresso-y3-3-noir-14-gelules-incluses\/#breadcrumb"},"inLanguage":"fr-FR","potentialAction":[{"@type":"ReadAction","target":["https:\/\/dev6.erresse-shop.it\/fr\/shop\/petits-electromenagers\/machines-cafe\/a-dosettes-et-a-capsules\/illy-iperespresso-y3-3-noir-14-gelules-incluses\/"]}]},{"@type":"ImageObject","inLanguage":"fr-FR","@id":"https:\/\/dev6.erresse-shop.it\/fr\/shop\/petits-electromenagers\/machines-cafe\/a-dosettes-et-a-capsules\/illy-iperespresso-y3-3-noir-14-gelules-incluses\/#primaryimage","url":"https:\/\/i1.wp.com\/interpim.erresse-shop.it\/Import\/Prodotti\/illy-macchina-da-caffe-y3.3-nero.jpg?ssl=1","contentUrl":"https:\/\/i1.wp.com\/interpim.erresse-shop.it\/Import\/Prodotti\/illy-macchina-da-caffe-y3.3-nero.jpg?ssl=1"},{"@type":"BreadcrumbList","@id":"https:\/\/dev6.erresse-shop.it\/fr\/shop\/petits-electromenagers\/machines-cafe\/a-dosettes-et-a-capsules\/illy-iperespresso-y3-3-noir-14-gelules-incluses\/#breadcrumb","itemListElement":[{"@type":"ListItem","position":1,"name":"Home","item":"https:\/\/dev6.erresse-shop.it\/"},{"@type":"ListItem","position":2,"name":"Boutique","item":"https:\/\/dev6.erresse-shop.it\/shop\/"},{"@type":"ListItem","position":3,"name":"ILLY Iperespresso Y3.3 Noir 14 g\u00e9lules incluses"}]},{"@type":"WebSite","@id":"https:\/\/dev6.erresse-shop.it\/#website","url":"https:\/\/dev6.erresse-shop.it\/","name":"Erresse Shop","description":"","publisher":{"@id":"https:\/\/dev6.erresse-shop.it\/#organization"},"potentialAction":[{"@type":"SearchAction","target":{"@type":"EntryPoint","urlTemplate":"https:\/\/dev6.erresse-shop.it\/?s={search_term_string}"},"query-input":{"@type":"PropertyValueSpecification","valueRequired":true,"valueName":"search_term_string"}}],"inLanguage":"fr-FR"},{"@type":"Organization","@id":"https:\/\/dev6.erresse-shop.it\/#organization","name":"Erresse Shop","url":"https:\/\/dev6.erresse-shop.it\/","logo":{"@type":"ImageObject","inLanguage":"fr-FR","@id":"https:\/\/dev6.erresse-shop.it\/#\/schema\/logo\/image\/","url":"https:\/\/dev6.erresse-shop.it\/wp-content\/uploads\/2025\/01\/LOGO-ERRESSE-CLASSICO.svg","contentUrl":"https:\/\/dev6.erresse-shop.it\/wp-content\/uploads\/2025\/01\/LOGO-ERRESSE-CLASSICO.svg","caption":"Erresse Shop"},"image":{"@id":"https:\/\/dev6.erresse-shop.it\/#\/schema\/logo\/image\/"}}]}},"df_price":59.95,"df_sale_price":59.95,"df_regular_price":99,"df_image_link":"https:\/\/i1.wp.com\/interpim.erresse-shop.it\/Import\/Prodotti\/illy-macchina-da-caffe-y3.3-nero.jpg?resize=300,300&ssl=1","fifu_image_url":"https:\/\/interpim.erresse-shop.it\/Import\/Prodotti\/illy-macchina-da-caffe-y3.3-nero.jpg","_links":{"self":[{"href":"https:\/\/dev6.erresse-shop.it\/fr\/wp-json\/wp\/v2\/product\/57529","targetHints":{"allow":["GET"]}}],"collection":[{"href":"https:\/\/dev6.erresse-shop.it\/fr\/wp-json\/wp\/v2\/product"}],"about":[{"href":"https:\/\/dev6.erresse-shop.it\/fr\/wp-json\/wp\/v2\/types\/product"}],"wp:featuredmedia":[{"embeddable":true,"href":"https:\/\/dev6.erresse-shop.it\/fr\/wp-json\/wp\/v2\/media\/6301457"}],"wp:attachment":[{"href":"https:\/\/dev6.erresse-shop.it\/fr\/wp-json\/wp\/v2\/media?parent=57529"}],"wp:term":[{"taxonomy":"product_cat","embeddable":true,"href":"https:\/\/dev6.erresse-shop.it\/fr\/wp-json\/wp\/v2\/product_cat?post=57529"},{"taxonomy":"product_tag","embeddable":true,"href":"https:\/\/dev6.erresse-shop.it\/fr\/wp-json\/wp\/v2\/product_tag?post=57529"}],"curies":[{"name":"wp","href":"https:\/\/api.w.org\/{rel}","templated":true}]}}