{"id":57523,"date":"2026-04-10T08:50:18","date_gmt":"2026-04-10T06:50:18","guid":{"rendered":"https:\/\/dev6.erresse-shop.it\/shop\/non%20class\u00e9\/miyabi-4000-fc-kudamono-90mm\/"},"modified":"2025-09-14T03:59:50","modified_gmt":"2025-09-14T01:59:50","slug":"miyabi-4000-fc-kudamono-90mm","status":"publish","type":"product","link":"https:\/\/dev6.erresse-shop.it\/fr\/shop\/cuisine\/couteaux\/couteaux-de-cuisine\/miyabi-4000-fc-kudamono-90mm\/","title":{"rendered":"MIYABI 4000 FC Kudamono 90mm"},"content":{"rendered":"<p>MIYABI. La beaut\u00e9 de la nettet\u00e9.<br \/>\nLes formes gracieuses, \u00e9l\u00e9gantes et sophistiqu\u00e9es typiques de la culture japonaise sont \u00e9galement synonymes de la nouvelle marque MIYABI de ZWILLING J.A. HENCKELS.<\/p>\n<p>Les couteaux MIYABI repr\u00e9sentent la beaut\u00e9 des lames tranchantes, suivant la tradition des c\u00e9l\u00e8bres \u00e9p\u00e9es japonaises qui \u00e9taient non seulement incroyablement tranchantes, mais aussi incroyablement belles.<\/p>\n<p>Les couteaux MIYABI fascinent d\u00e8s le premier instant par le style japonais authentique de leurs lames et leur extraordinaire pouvoir de coupe. Lors d\u2019une utilisation quotidienne, les amateurs de cuisine japonaise appr\u00e9cieront l\u2019\u00e9quilibre parfait et le confort de la poign\u00e9e.<\/p>\n<p>Les couteaux MIYABI sont produits dans la tradition des artisans d\u2019antan qui fabriquaient les meilleures \u00e9p\u00e9es japonaises.<\/p>\n<p>Un design unique et une fonctionnalit\u00e9 maximale sont combin\u00e9s dans la symbiose parfaite des lignes de la lame et du manche. Fabriqu\u00e9 au Japon.<\/p>\n<p>La s\u00e9rie de couteaux MIYABI 4000FC vous rapproche de l\u2019artisanat traditionnel japonais. Ce Kudamono avec une longueur de lame de 90 mm et une lame courte et \u00e9troite est id\u00e9al pour couper les l\u00e9gumes. La lame du couteau FRIODUR est fabriqu\u00e9e en acier FC61.<\/p>\n","protected":false},"excerpt":{"rendered":"<p>MIYABI. La beaut\u00e9 de la nettet\u00e9. Les formes gracieuses, \u00e9l\u00e9gantes et sophistiqu\u00e9es typiques de la culture japonaise sont \u00e9galement synonymes de la nouvelle marque MIYABI de ZWILLING J.A. HENCKELS. Les couteaux MIYABI repr\u00e9sentent la beaut\u00e9 des lames tranchantes, suivant la tradition des c\u00e9l\u00e8bres \u00e9p\u00e9es japonaises qui \u00e9taient non seulement incroyablement tranchantes, mais aussi incroyablement belles. [&hellip;]<\/p>\n","protected":false},"featured_media":6301428,"template":"","meta":{"_acf_changed":false},"product_cat":[11997],"product_tag":[],"class_list":{"0":"post-57523","1":"product","2":"type-product","3":"status-publish","4":"has-post-thumbnail","6":"product_cat-couteaux-de-cuisine","8":"first","9":"outofstock","10":"sale","11":"taxable","12":"shipping-taxable","13":"purchasable","14":"product-type-simple","swatches":"rey-swatches","show_selected":"","stretch_labels":"rey-swatches--stretch-labels"},"acf":[],"yoast_head":"<!-- This site is optimized with the Yoast SEO plugin v25.4 - https:\/\/yoast.com\/wordpress\/plugins\/seo\/ -->\n<title>MIYABI 4000 FC Kudamono 90mm - dev6 Erresse<\/title>\n<meta name=\"description\" content=\"MIYABI. La beaut\u00e9 de la nettet\u00e9. Les formes gracieuses, \u00e9l\u00e9gantes et sophistiqu\u00e9es typiques de la culture japonaise sont \u00e9galement synonymes de la\" \/>\n<meta name=\"robots\" content=\"noindex, follow, max-snippet:-1, max-image-preview:large, max-video-preview:-1\" \/>\n<meta property=\"og:locale\" content=\"fr_FR\" \/>\n<meta property=\"og:type\" content=\"article\" \/>\n<meta property=\"og:title\" content=\"MIYABI 4000 FC Kudamono 90mm - dev6 Erresse\" \/>\n<meta property=\"og:description\" content=\"MIYABI. La beaut\u00e9 de la nettet\u00e9. Les formes gracieuses, \u00e9l\u00e9gantes et sophistiqu\u00e9es typiques de la culture japonaise sont \u00e9galement synonymes de la\" \/>\n<meta property=\"og:url\" content=\"https:\/\/dev6.erresse-shop.it\/fr\/shop\/cuisine\/couteaux\/couteaux-de-cuisine\/miyabi-4000-fc-kudamono-90mm\/\" \/>\n<meta property=\"og:site_name\" content=\"dev6 Erresse\" \/>\n<meta property=\"og:image\" content=\"https:\/\/interpim.erresse-shop.it\/Import\/Prodotti\/products-33950-091_2.jpg\" \/><meta property=\"og:image\" content=\"https:\/\/interpim.erresse-shop.it\/Import\/Prodotti\/products-33950-091_2.jpg\" \/>\n\t<meta property=\"og:image:width\" content=\"1024\" \/>\n\t<meta property=\"og:image:height\" content=\"1024\" \/>\n\t<meta property=\"og:image:type\" content=\"image\/jpeg\" \/>\n<meta name=\"twitter:card\" content=\"summary_large_image\" \/>\n<meta name=\"twitter:image\" content=\"https:\/\/interpim.erresse-shop.it\/Import\/Prodotti\/products-33950-091_2.jpg\" \/>\n<script type=\"application\/ld+json\" class=\"yoast-schema-graph\">{\"@context\":\"https:\/\/schema.org\",\"@graph\":[{\"@type\":\"WebPage\",\"@id\":\"https:\/\/dev6.erresse-shop.it\/fr\/shop\/cuisine\/couteaux\/couteaux-de-cuisine\/miyabi-4000-fc-kudamono-90mm\/\",\"url\":\"https:\/\/dev6.erresse-shop.it\/fr\/shop\/cuisine\/couteaux\/couteaux-de-cuisine\/miyabi-4000-fc-kudamono-90mm\/\",\"name\":\"MIYABI 4000 FC Kudamono 90mm - dev6 Erresse\",\"isPartOf\":{\"@id\":\"https:\/\/dev6.erresse-shop.it\/#website\"},\"primaryImageOfPage\":{\"@id\":\"https:\/\/dev6.erresse-shop.it\/fr\/shop\/cuisine\/couteaux\/couteaux-de-cuisine\/miyabi-4000-fc-kudamono-90mm\/#primaryimage\"},\"image\":{\"@id\":\"https:\/\/dev6.erresse-shop.it\/fr\/shop\/cuisine\/couteaux\/couteaux-de-cuisine\/miyabi-4000-fc-kudamono-90mm\/#primaryimage\"},\"thumbnailUrl\":\"https:\/\/i1.wp.com\/interpim.erresse-shop.it\/Import\/Prodotti\/products-33950-091_2.jpg?ssl=1\",\"datePublished\":\"2026-04-10T06:50:18+00:00\",\"description\":\"MIYABI. La beaut\u00e9 de la nettet\u00e9. Les formes gracieuses, \u00e9l\u00e9gantes et sophistiqu\u00e9es typiques de la culture japonaise sont \u00e9galement synonymes de la\",\"breadcrumb\":{\"@id\":\"https:\/\/dev6.erresse-shop.it\/fr\/shop\/cuisine\/couteaux\/couteaux-de-cuisine\/miyabi-4000-fc-kudamono-90mm\/#breadcrumb\"},\"inLanguage\":\"fr-FR\",\"potentialAction\":[{\"@type\":\"ReadAction\",\"target\":[\"https:\/\/dev6.erresse-shop.it\/fr\/shop\/cuisine\/couteaux\/couteaux-de-cuisine\/miyabi-4000-fc-kudamono-90mm\/\"]}]},{\"@type\":\"ImageObject\",\"inLanguage\":\"fr-FR\",\"@id\":\"https:\/\/dev6.erresse-shop.it\/fr\/shop\/cuisine\/couteaux\/couteaux-de-cuisine\/miyabi-4000-fc-kudamono-90mm\/#primaryimage\",\"url\":\"https:\/\/i1.wp.com\/interpim.erresse-shop.it\/Import\/Prodotti\/products-33950-091_2.jpg?ssl=1\",\"contentUrl\":\"https:\/\/i1.wp.com\/interpim.erresse-shop.it\/Import\/Prodotti\/products-33950-091_2.jpg?ssl=1\"},{\"@type\":\"BreadcrumbList\",\"@id\":\"https:\/\/dev6.erresse-shop.it\/fr\/shop\/cuisine\/couteaux\/couteaux-de-cuisine\/miyabi-4000-fc-kudamono-90mm\/#breadcrumb\",\"itemListElement\":[{\"@type\":\"ListItem\",\"position\":1,\"name\":\"Home\",\"item\":\"https:\/\/dev6.erresse-shop.it\/\"},{\"@type\":\"ListItem\",\"position\":2,\"name\":\"Boutique\",\"item\":\"https:\/\/dev6.erresse-shop.it\/shop\/\"},{\"@type\":\"ListItem\",\"position\":3,\"name\":\"MIYABI 4000 FC Kudamono 90mm\"}]},{\"@type\":\"WebSite\",\"@id\":\"https:\/\/dev6.erresse-shop.it\/#website\",\"url\":\"https:\/\/dev6.erresse-shop.it\/\",\"name\":\"Erresse Shop\",\"description\":\"\",\"publisher\":{\"@id\":\"https:\/\/dev6.erresse-shop.it\/#organization\"},\"potentialAction\":[{\"@type\":\"SearchAction\",\"target\":{\"@type\":\"EntryPoint\",\"urlTemplate\":\"https:\/\/dev6.erresse-shop.it\/?s={search_term_string}\"},\"query-input\":{\"@type\":\"PropertyValueSpecification\",\"valueRequired\":true,\"valueName\":\"search_term_string\"}}],\"inLanguage\":\"fr-FR\"},{\"@type\":\"Organization\",\"@id\":\"https:\/\/dev6.erresse-shop.it\/#organization\",\"name\":\"Erresse Shop\",\"url\":\"https:\/\/dev6.erresse-shop.it\/\",\"logo\":{\"@type\":\"ImageObject\",\"inLanguage\":\"fr-FR\",\"@id\":\"https:\/\/dev6.erresse-shop.it\/#\/schema\/logo\/image\/\",\"url\":\"https:\/\/dev6.erresse-shop.it\/wp-content\/uploads\/2025\/01\/LOGO-ERRESSE-CLASSICO.svg\",\"contentUrl\":\"https:\/\/dev6.erresse-shop.it\/wp-content\/uploads\/2025\/01\/LOGO-ERRESSE-CLASSICO.svg\",\"caption\":\"Erresse Shop\"},\"image\":{\"@id\":\"https:\/\/dev6.erresse-shop.it\/#\/schema\/logo\/image\/\"}}]}<\/script>\n<!-- \/ Yoast SEO plugin. -->","yoast_head_json":{"title":"MIYABI 4000 FC Kudamono 90mm - dev6 Erresse","description":"MIYABI. La beaut\u00e9 de la nettet\u00e9. Les formes gracieuses, \u00e9l\u00e9gantes et sophistiqu\u00e9es typiques de la culture japonaise sont \u00e9galement synonymes de la","robots":{"index":"noindex","follow":"follow","max-snippet":"max-snippet:-1","max-image-preview":"max-image-preview:large","max-video-preview":"max-video-preview:-1"},"og_locale":"fr_FR","og_type":"article","og_title":"MIYABI 4000 FC Kudamono 90mm - dev6 Erresse","og_description":"MIYABI. La beaut\u00e9 de la nettet\u00e9. Les formes gracieuses, \u00e9l\u00e9gantes et sophistiqu\u00e9es typiques de la culture japonaise sont \u00e9galement synonymes de la","og_url":"https:\/\/dev6.erresse-shop.it\/fr\/shop\/cuisine\/couteaux\/couteaux-de-cuisine\/miyabi-4000-fc-kudamono-90mm\/","og_site_name":"dev6 Erresse","og_image":[{"url":"https:\/\/interpim.erresse-shop.it\/Import\/Prodotti\/products-33950-091_2.jpg","type":"","width":"","height":""},{"url":"https:\/\/interpim.erresse-shop.it\/Import\/Prodotti\/products-33950-091_2.jpg","width":1024,"height":1024,"type":"image\/jpeg"}],"twitter_card":"summary_large_image","twitter_image":"https:\/\/interpim.erresse-shop.it\/Import\/Prodotti\/products-33950-091_2.jpg","schema":{"@context":"https:\/\/schema.org","@graph":[{"@type":"WebPage","@id":"https:\/\/dev6.erresse-shop.it\/fr\/shop\/cuisine\/couteaux\/couteaux-de-cuisine\/miyabi-4000-fc-kudamono-90mm\/","url":"https:\/\/dev6.erresse-shop.it\/fr\/shop\/cuisine\/couteaux\/couteaux-de-cuisine\/miyabi-4000-fc-kudamono-90mm\/","name":"MIYABI 4000 FC Kudamono 90mm - dev6 Erresse","isPartOf":{"@id":"https:\/\/dev6.erresse-shop.it\/#website"},"primaryImageOfPage":{"@id":"https:\/\/dev6.erresse-shop.it\/fr\/shop\/cuisine\/couteaux\/couteaux-de-cuisine\/miyabi-4000-fc-kudamono-90mm\/#primaryimage"},"image":{"@id":"https:\/\/dev6.erresse-shop.it\/fr\/shop\/cuisine\/couteaux\/couteaux-de-cuisine\/miyabi-4000-fc-kudamono-90mm\/#primaryimage"},"thumbnailUrl":"https:\/\/i1.wp.com\/interpim.erresse-shop.it\/Import\/Prodotti\/products-33950-091_2.jpg?ssl=1","datePublished":"2026-04-10T06:50:18+00:00","description":"MIYABI. La beaut\u00e9 de la nettet\u00e9. Les formes gracieuses, \u00e9l\u00e9gantes et sophistiqu\u00e9es typiques de la culture japonaise sont \u00e9galement synonymes de la","breadcrumb":{"@id":"https:\/\/dev6.erresse-shop.it\/fr\/shop\/cuisine\/couteaux\/couteaux-de-cuisine\/miyabi-4000-fc-kudamono-90mm\/#breadcrumb"},"inLanguage":"fr-FR","potentialAction":[{"@type":"ReadAction","target":["https:\/\/dev6.erresse-shop.it\/fr\/shop\/cuisine\/couteaux\/couteaux-de-cuisine\/miyabi-4000-fc-kudamono-90mm\/"]}]},{"@type":"ImageObject","inLanguage":"fr-FR","@id":"https:\/\/dev6.erresse-shop.it\/fr\/shop\/cuisine\/couteaux\/couteaux-de-cuisine\/miyabi-4000-fc-kudamono-90mm\/#primaryimage","url":"https:\/\/i1.wp.com\/interpim.erresse-shop.it\/Import\/Prodotti\/products-33950-091_2.jpg?ssl=1","contentUrl":"https:\/\/i1.wp.com\/interpim.erresse-shop.it\/Import\/Prodotti\/products-33950-091_2.jpg?ssl=1"},{"@type":"BreadcrumbList","@id":"https:\/\/dev6.erresse-shop.it\/fr\/shop\/cuisine\/couteaux\/couteaux-de-cuisine\/miyabi-4000-fc-kudamono-90mm\/#breadcrumb","itemListElement":[{"@type":"ListItem","position":1,"name":"Home","item":"https:\/\/dev6.erresse-shop.it\/"},{"@type":"ListItem","position":2,"name":"Boutique","item":"https:\/\/dev6.erresse-shop.it\/shop\/"},{"@type":"ListItem","position":3,"name":"MIYABI 4000 FC Kudamono 90mm"}]},{"@type":"WebSite","@id":"https:\/\/dev6.erresse-shop.it\/#website","url":"https:\/\/dev6.erresse-shop.it\/","name":"Erresse Shop","description":"","publisher":{"@id":"https:\/\/dev6.erresse-shop.it\/#organization"},"potentialAction":[{"@type":"SearchAction","target":{"@type":"EntryPoint","urlTemplate":"https:\/\/dev6.erresse-shop.it\/?s={search_term_string}"},"query-input":{"@type":"PropertyValueSpecification","valueRequired":true,"valueName":"search_term_string"}}],"inLanguage":"fr-FR"},{"@type":"Organization","@id":"https:\/\/dev6.erresse-shop.it\/#organization","name":"Erresse Shop","url":"https:\/\/dev6.erresse-shop.it\/","logo":{"@type":"ImageObject","inLanguage":"fr-FR","@id":"https:\/\/dev6.erresse-shop.it\/#\/schema\/logo\/image\/","url":"https:\/\/dev6.erresse-shop.it\/wp-content\/uploads\/2025\/01\/LOGO-ERRESSE-CLASSICO.svg","contentUrl":"https:\/\/dev6.erresse-shop.it\/wp-content\/uploads\/2025\/01\/LOGO-ERRESSE-CLASSICO.svg","caption":"Erresse Shop"},"image":{"@id":"https:\/\/dev6.erresse-shop.it\/#\/schema\/logo\/image\/"}}]}},"df_price":109,"df_sale_price":109,"df_regular_price":139,"df_image_link":"https:\/\/i1.wp.com\/interpim.erresse-shop.it\/Import\/Prodotti\/products-33950-091_2.jpg?resize=300,300&ssl=1","fifu_image_url":"https:\/\/interpim.erresse-shop.it\/Import\/Prodotti\/products-33950-091_2.jpg","_links":{"self":[{"href":"https:\/\/dev6.erresse-shop.it\/fr\/wp-json\/wp\/v2\/product\/57523","targetHints":{"allow":["GET"]}}],"collection":[{"href":"https:\/\/dev6.erresse-shop.it\/fr\/wp-json\/wp\/v2\/product"}],"about":[{"href":"https:\/\/dev6.erresse-shop.it\/fr\/wp-json\/wp\/v2\/types\/product"}],"wp:featuredmedia":[{"embeddable":true,"href":"https:\/\/dev6.erresse-shop.it\/fr\/wp-json\/wp\/v2\/media\/6301428"}],"wp:attachment":[{"href":"https:\/\/dev6.erresse-shop.it\/fr\/wp-json\/wp\/v2\/media?parent=57523"}],"wp:term":[{"taxonomy":"product_cat","embeddable":true,"href":"https:\/\/dev6.erresse-shop.it\/fr\/wp-json\/wp\/v2\/product_cat?post=57523"},{"taxonomy":"product_tag","embeddable":true,"href":"https:\/\/dev6.erresse-shop.it\/fr\/wp-json\/wp\/v2\/product_tag?post=57523"}],"curies":[{"name":"wp","href":"https:\/\/api.w.org\/{rel}","templated":true}]}}