{"id":57499,"date":"2026-04-15T08:11:13","date_gmt":"2026-04-15T06:11:13","guid":{"rendered":"https:\/\/dev6.erresse-shop.it\/shop\/non%20class\u00e9\/smeg-bouilloires-electronique-esthetique-annees-50-rose\/"},"modified":"2025-09-14T03:59:41","modified_gmt":"2025-09-14T01:59:41","slug":"smeg-bouilloires-electronique-esthetique-annees-50-rose","status":"publish","type":"product","link":"https:\/\/dev6.erresse-shop.it\/fr\/shop\/petits-electromenagers\/bouilloires-electriques\/smeg-bouilloires-electronique-esthetique-annees-50-rose\/","title":{"rendered":"SMEG Bouilloires Electronique Esth\u00e9tique Ann\u00e9es &#8217;50 Rose"},"content":{"rendered":"<p>ESTH\u00c9TIQUE<br \/>\nEsth\u00e9tique: Ann\u00e9es 50<br \/>\nCouleur de la base: Chrom\u00e9 brillant<br \/>\nCouleur de la poign\u00e9e: Chrom\u00e9<br \/>\nCouleur du bec verseur: Acier brillant<br \/>\nCouleur du c\u00e2ble: Gris<br \/>\nMat\u00e9riau du corps: Inox<br \/>\nMat\u00e9riau de la base: Plastique<br \/>\nMat\u00e9riau du couvercle: Inox<br \/>\nMat\u00e9riau de la poign\u00e9e: Plastique<br \/>\nMat\u00e9riau du bec verseur: Inox<br \/>\nAfficheur temp\u00e9rature \u00e0 LED: Oui<\/p>\n<p>Type de logo: Appliqu\u00e9<\/p>\n<p>COMMANDES<br \/>\nType de commandes: Touches; Levier<br \/>\nMat\u00e9riau des touches: Plastique<br \/>\nMat\u00e9riau du levier: Inox<\/p>\n<p>PROGRAMMES \/ FONCTIONS<br \/>\nNiveaux de temp\u00e9rature: 50\u00b0C; 60\u00b0C; 70\u00b0 C; 80\u00b0 C; 90\u00b0C; 95\u00b0C; 100\u00b0C<br \/>\nMaintien au chaud: Oui<br \/>\nFonction silence: Oui<\/p>\n<p>CARACT\u00c9RISTIQUES TECHNIQUES<br \/>\nCapacit\u00e9 maximale: 1,7 litres \/ 7 tasses<br \/>\nIndication niveau d\u2019eau: Oui<br \/>\nR\u00e9glage temp\u00e9rature: Oui<br \/>\nCouvercle \u00e0 ouverture progressive: Oui<br \/>\nFiltre anticalcaire amovible: Oui<br \/>\nMat\u00e9riau filtre anticalcaire: Inox<br \/>\nArr\u00eat automatique: Oui, lorsque la temp\u00e9rature est atteinte<br \/>\nArr\u00eat automatique de s\u00e9curit\u00e9: Oui<br \/>\nCommandes r\u00e9tro-\u00e9clair\u00e9es: Oui<br \/>\nSignal sonore fin de cycle: Mise sous tension, mise hors tension, d\u00e9but et fin du cycle<br \/>\nEl\u00e9ments chauffants dissimul\u00e9s: Oui<br \/>\nRange-cordon int\u00e9gr\u00e9: Oui<br \/>\nBase antid\u00e9rapante: Oui<br \/>\nBase avec connexion \u00e0 360\u00b0: Oui<\/p>\n<p>RACCORDEMENT \u00c9LECTRIQUE<br \/>\nPuissance: 2400 W<br \/>\nTension: 220-240 V<br \/>\nFr\u00e9quence: 50\/60 Hz<br \/>\nType de prise: Schuko<br \/>\nLongueur du c\u00e2ble d\u2019alimentation: 1 m<\/p>\n<p>INFORMATIONS LOGISTIQUES<br \/>\nPoids net: 1.800 kg<br \/>\nPoids brut: 3.000 kg<br \/>\nDimensions externes (HxLxP): 275x226x171 mm<br \/>\nLargeur du produit emball\u00e9: 294 mm<br \/>\nProfondeur du produit emball\u00e9: 228 mm<br \/>\nHauteur du produit emball\u00e9: 260 mm<\/p>\n","protected":false},"excerpt":{"rendered":"<p>ESTH\u00c9TIQUE Esth\u00e9tique: Ann\u00e9es 50 Couleur de la base: Chrom\u00e9 brillant Couleur de la poign\u00e9e: Chrom\u00e9 Couleur du bec verseur: Acier brillant Couleur du c\u00e2ble: Gris Mat\u00e9riau du corps: Inox Mat\u00e9riau de la base: Plastique Mat\u00e9riau du couvercle: Inox Mat\u00e9riau de la poign\u00e9e: Plastique Mat\u00e9riau du bec verseur: Inox Afficheur temp\u00e9rature \u00e0 LED: Oui Type de [&hellip;]<\/p>\n","protected":false},"featured_media":6384582,"template":"","meta":{"_acf_changed":false},"product_cat":[11734,12058,12055],"product_tag":[],"class_list":{"0":"post-57499","1":"product","2":"type-product","3":"status-publish","4":"has-post-thumbnail","6":"product_cat-bollitori-elettrici","7":"product_cat-bouilloires-electriques","8":"product_cat-petits-electromenagers","10":"first","11":"outofstock","12":"sale","13":"taxable","14":"shipping-taxable","15":"purchasable","16":"product-type-simple","swatches":"rey-swatches","show_selected":"","stretch_labels":"rey-swatches--stretch-labels"},"acf":[],"yoast_head":"<!-- This site is optimized with the Yoast SEO plugin v25.4 - https:\/\/yoast.com\/wordpress\/plugins\/seo\/ -->\n<title>SMEG Bouilloires Electronique Esth\u00e9tique Ann\u00e9es &#8217;50 Rose - dev6 Erresse<\/title>\n<meta name=\"description\" content=\"ESTH\u00c9TIQUE Esth\u00e9tique: Ann\u00e9es 50 Couleur de la base: Chrom\u00e9 brillant Couleur de la poign\u00e9e: Chrom\u00e9 Couleur du bec verseur: Acier brillant Couleur du\" \/>\n<meta name=\"robots\" content=\"noindex, follow, max-snippet:-1, max-image-preview:large, max-video-preview:-1\" \/>\n<meta property=\"og:locale\" content=\"fr_FR\" \/>\n<meta property=\"og:type\" content=\"article\" \/>\n<meta property=\"og:title\" content=\"SMEG Bouilloires Electronique Esth\u00e9tique Ann\u00e9es &#8217;50 Rose - dev6 Erresse\" \/>\n<meta property=\"og:description\" content=\"ESTH\u00c9TIQUE Esth\u00e9tique: Ann\u00e9es 50 Couleur de la base: Chrom\u00e9 brillant Couleur de la poign\u00e9e: Chrom\u00e9 Couleur du bec verseur: Acier brillant Couleur du\" \/>\n<meta property=\"og:url\" content=\"https:\/\/dev6.erresse-shop.it\/fr\/shop\/petits-electromenagers\/bouilloires-electriques\/smeg-bouilloires-electronique-esthetique-annees-50-rose\/\" \/>\n<meta property=\"og:site_name\" content=\"dev6 Erresse\" \/>\n<meta property=\"og:image\" content=\"https:\/\/interpim.erresse-shop.it\/wp-content\/uploads\/2017\/09\/SMEG-Estetica-Anni-50-Bollitore-Rosa-\u2013-Temperatura-variabile.jpg\/smeg-estetica-anni-50-bollitore-rosa--e2-80-93-temperatura-variabile.jpg\" \/><meta property=\"og:image\" content=\"https:\/\/interpim.erresse-shop.it\/wp-content\/uploads\/2017\/09\/SMEG-Estetica-Anni-50-Bollitore-Rosa-\u2013-Temperatura-variabile.jpg\/smeg-estetica-anni-50-bollitore-rosa--e2-80-93-temperatura-variabile.jpg\" \/>\n\t<meta property=\"og:image:width\" content=\"1024\" \/>\n\t<meta property=\"og:image:height\" content=\"1024\" \/>\n\t<meta property=\"og:image:type\" content=\"image\/jpeg\" \/>\n<meta name=\"twitter:card\" content=\"summary_large_image\" \/>\n<meta name=\"twitter:image\" content=\"https:\/\/interpim.erresse-shop.it\/wp-content\/uploads\/2017\/09\/SMEG-Estetica-Anni-50-Bollitore-Rosa-\u2013-Temperatura-variabile.jpg\/smeg-estetica-anni-50-bollitore-rosa--e2-80-93-temperatura-variabile.jpg\" \/>\n<script type=\"application\/ld+json\" class=\"yoast-schema-graph\">{\"@context\":\"https:\/\/schema.org\",\"@graph\":[{\"@type\":\"WebPage\",\"@id\":\"https:\/\/dev6.erresse-shop.it\/fr\/shop\/petits-electromenagers\/bouilloires-electriques\/smeg-bouilloires-electronique-esthetique-annees-50-rose\/\",\"url\":\"https:\/\/dev6.erresse-shop.it\/fr\/shop\/petits-electromenagers\/bouilloires-electriques\/smeg-bouilloires-electronique-esthetique-annees-50-rose\/\",\"name\":\"SMEG Bouilloires Electronique Esth\u00e9tique Ann\u00e9es &#8217;50 Rose - dev6 Erresse\",\"isPartOf\":{\"@id\":\"https:\/\/dev6.erresse-shop.it\/#website\"},\"primaryImageOfPage\":{\"@id\":\"https:\/\/dev6.erresse-shop.it\/fr\/shop\/petits-electromenagers\/bouilloires-electriques\/smeg-bouilloires-electronique-esthetique-annees-50-rose\/#primaryimage\"},\"image\":{\"@id\":\"https:\/\/dev6.erresse-shop.it\/fr\/shop\/petits-electromenagers\/bouilloires-electriques\/smeg-bouilloires-electronique-esthetique-annees-50-rose\/#primaryimage\"},\"thumbnailUrl\":\"https:\/\/i3.wp.com\/interpim.erresse-shop.it\/wp-content\/uploads\/2017\/09\/SMEG-Estetica-Anni-50-Bollitore-Rosa-\u2013-Temperatura-variabile.jpg\/smeg-estetica-anni-50-bollitore-rosa--e2-80-93-temperatura-variabile.jpg?ssl=1\",\"datePublished\":\"2026-04-15T06:11:13+00:00\",\"description\":\"ESTH\u00c9TIQUE Esth\u00e9tique: Ann\u00e9es 50 Couleur de la base: Chrom\u00e9 brillant Couleur de la poign\u00e9e: Chrom\u00e9 Couleur du bec verseur: Acier brillant Couleur du\",\"breadcrumb\":{\"@id\":\"https:\/\/dev6.erresse-shop.it\/fr\/shop\/petits-electromenagers\/bouilloires-electriques\/smeg-bouilloires-electronique-esthetique-annees-50-rose\/#breadcrumb\"},\"inLanguage\":\"fr-FR\",\"potentialAction\":[{\"@type\":\"ReadAction\",\"target\":[\"https:\/\/dev6.erresse-shop.it\/fr\/shop\/petits-electromenagers\/bouilloires-electriques\/smeg-bouilloires-electronique-esthetique-annees-50-rose\/\"]}]},{\"@type\":\"ImageObject\",\"inLanguage\":\"fr-FR\",\"@id\":\"https:\/\/dev6.erresse-shop.it\/fr\/shop\/petits-electromenagers\/bouilloires-electriques\/smeg-bouilloires-electronique-esthetique-annees-50-rose\/#primaryimage\",\"url\":\"https:\/\/i3.wp.com\/interpim.erresse-shop.it\/wp-content\/uploads\/2017\/09\/SMEG-Estetica-Anni-50-Bollitore-Rosa-\u2013-Temperatura-variabile.jpg\/smeg-estetica-anni-50-bollitore-rosa--e2-80-93-temperatura-variabile.jpg?ssl=1\",\"contentUrl\":\"https:\/\/i3.wp.com\/interpim.erresse-shop.it\/wp-content\/uploads\/2017\/09\/SMEG-Estetica-Anni-50-Bollitore-Rosa-\u2013-Temperatura-variabile.jpg\/smeg-estetica-anni-50-bollitore-rosa--e2-80-93-temperatura-variabile.jpg?ssl=1\"},{\"@type\":\"BreadcrumbList\",\"@id\":\"https:\/\/dev6.erresse-shop.it\/fr\/shop\/petits-electromenagers\/bouilloires-electriques\/smeg-bouilloires-electronique-esthetique-annees-50-rose\/#breadcrumb\",\"itemListElement\":[{\"@type\":\"ListItem\",\"position\":1,\"name\":\"Home\",\"item\":\"https:\/\/dev6.erresse-shop.it\/\"},{\"@type\":\"ListItem\",\"position\":2,\"name\":\"Boutique\",\"item\":\"https:\/\/dev6.erresse-shop.it\/shop\/\"},{\"@type\":\"ListItem\",\"position\":3,\"name\":\"SMEG Bouilloires Electronique Esth\u00e9tique Ann\u00e9es &#8217;50 Rose\"}]},{\"@type\":\"WebSite\",\"@id\":\"https:\/\/dev6.erresse-shop.it\/#website\",\"url\":\"https:\/\/dev6.erresse-shop.it\/\",\"name\":\"Erresse Shop\",\"description\":\"\",\"publisher\":{\"@id\":\"https:\/\/dev6.erresse-shop.it\/#organization\"},\"potentialAction\":[{\"@type\":\"SearchAction\",\"target\":{\"@type\":\"EntryPoint\",\"urlTemplate\":\"https:\/\/dev6.erresse-shop.it\/?s={search_term_string}\"},\"query-input\":{\"@type\":\"PropertyValueSpecification\",\"valueRequired\":true,\"valueName\":\"search_term_string\"}}],\"inLanguage\":\"fr-FR\"},{\"@type\":\"Organization\",\"@id\":\"https:\/\/dev6.erresse-shop.it\/#organization\",\"name\":\"Erresse Shop\",\"url\":\"https:\/\/dev6.erresse-shop.it\/\",\"logo\":{\"@type\":\"ImageObject\",\"inLanguage\":\"fr-FR\",\"@id\":\"https:\/\/dev6.erresse-shop.it\/#\/schema\/logo\/image\/\",\"url\":\"https:\/\/dev6.erresse-shop.it\/wp-content\/uploads\/2025\/01\/LOGO-ERRESSE-CLASSICO.svg\",\"contentUrl\":\"https:\/\/dev6.erresse-shop.it\/wp-content\/uploads\/2025\/01\/LOGO-ERRESSE-CLASSICO.svg\",\"caption\":\"Erresse Shop\"},\"image\":{\"@id\":\"https:\/\/dev6.erresse-shop.it\/#\/schema\/logo\/image\/\"}}]}<\/script>\n<!-- \/ Yoast SEO plugin. -->","yoast_head_json":{"title":"SMEG Bouilloires Electronique Esth\u00e9tique Ann\u00e9es &#8217;50 Rose - dev6 Erresse","description":"ESTH\u00c9TIQUE Esth\u00e9tique: Ann\u00e9es 50 Couleur de la base: Chrom\u00e9 brillant Couleur de la poign\u00e9e: Chrom\u00e9 Couleur du bec verseur: Acier brillant Couleur du","robots":{"index":"noindex","follow":"follow","max-snippet":"max-snippet:-1","max-image-preview":"max-image-preview:large","max-video-preview":"max-video-preview:-1"},"og_locale":"fr_FR","og_type":"article","og_title":"SMEG Bouilloires Electronique Esth\u00e9tique Ann\u00e9es &#8217;50 Rose - dev6 Erresse","og_description":"ESTH\u00c9TIQUE Esth\u00e9tique: Ann\u00e9es 50 Couleur de la base: Chrom\u00e9 brillant Couleur de la poign\u00e9e: Chrom\u00e9 Couleur du bec verseur: Acier brillant Couleur du","og_url":"https:\/\/dev6.erresse-shop.it\/fr\/shop\/petits-electromenagers\/bouilloires-electriques\/smeg-bouilloires-electronique-esthetique-annees-50-rose\/","og_site_name":"dev6 Erresse","og_image":[{"url":"https:\/\/interpim.erresse-shop.it\/wp-content\/uploads\/2017\/09\/SMEG-Estetica-Anni-50-Bollitore-Rosa-\u2013-Temperatura-variabile.jpg\/smeg-estetica-anni-50-bollitore-rosa--e2-80-93-temperatura-variabile.jpg","type":"","width":"","height":""},{"url":"https:\/\/interpim.erresse-shop.it\/wp-content\/uploads\/2017\/09\/SMEG-Estetica-Anni-50-Bollitore-Rosa-\u2013-Temperatura-variabile.jpg\/smeg-estetica-anni-50-bollitore-rosa--e2-80-93-temperatura-variabile.jpg","width":1024,"height":1024,"type":"image\/jpeg"}],"twitter_card":"summary_large_image","twitter_image":"https:\/\/interpim.erresse-shop.it\/wp-content\/uploads\/2017\/09\/SMEG-Estetica-Anni-50-Bollitore-Rosa-\u2013-Temperatura-variabile.jpg\/smeg-estetica-anni-50-bollitore-rosa--e2-80-93-temperatura-variabile.jpg","schema":{"@context":"https:\/\/schema.org","@graph":[{"@type":"WebPage","@id":"https:\/\/dev6.erresse-shop.it\/fr\/shop\/petits-electromenagers\/bouilloires-electriques\/smeg-bouilloires-electronique-esthetique-annees-50-rose\/","url":"https:\/\/dev6.erresse-shop.it\/fr\/shop\/petits-electromenagers\/bouilloires-electriques\/smeg-bouilloires-electronique-esthetique-annees-50-rose\/","name":"SMEG Bouilloires Electronique Esth\u00e9tique Ann\u00e9es &#8217;50 Rose - dev6 Erresse","isPartOf":{"@id":"https:\/\/dev6.erresse-shop.it\/#website"},"primaryImageOfPage":{"@id":"https:\/\/dev6.erresse-shop.it\/fr\/shop\/petits-electromenagers\/bouilloires-electriques\/smeg-bouilloires-electronique-esthetique-annees-50-rose\/#primaryimage"},"image":{"@id":"https:\/\/dev6.erresse-shop.it\/fr\/shop\/petits-electromenagers\/bouilloires-electriques\/smeg-bouilloires-electronique-esthetique-annees-50-rose\/#primaryimage"},"thumbnailUrl":"https:\/\/i3.wp.com\/interpim.erresse-shop.it\/wp-content\/uploads\/2017\/09\/SMEG-Estetica-Anni-50-Bollitore-Rosa-\u2013-Temperatura-variabile.jpg\/smeg-estetica-anni-50-bollitore-rosa--e2-80-93-temperatura-variabile.jpg?ssl=1","datePublished":"2026-04-15T06:11:13+00:00","description":"ESTH\u00c9TIQUE Esth\u00e9tique: Ann\u00e9es 50 Couleur de la base: Chrom\u00e9 brillant Couleur de la poign\u00e9e: Chrom\u00e9 Couleur du bec verseur: Acier brillant Couleur du","breadcrumb":{"@id":"https:\/\/dev6.erresse-shop.it\/fr\/shop\/petits-electromenagers\/bouilloires-electriques\/smeg-bouilloires-electronique-esthetique-annees-50-rose\/#breadcrumb"},"inLanguage":"fr-FR","potentialAction":[{"@type":"ReadAction","target":["https:\/\/dev6.erresse-shop.it\/fr\/shop\/petits-electromenagers\/bouilloires-electriques\/smeg-bouilloires-electronique-esthetique-annees-50-rose\/"]}]},{"@type":"ImageObject","inLanguage":"fr-FR","@id":"https:\/\/dev6.erresse-shop.it\/fr\/shop\/petits-electromenagers\/bouilloires-electriques\/smeg-bouilloires-electronique-esthetique-annees-50-rose\/#primaryimage","url":"https:\/\/i3.wp.com\/interpim.erresse-shop.it\/wp-content\/uploads\/2017\/09\/SMEG-Estetica-Anni-50-Bollitore-Rosa-\u2013-Temperatura-variabile.jpg\/smeg-estetica-anni-50-bollitore-rosa--e2-80-93-temperatura-variabile.jpg?ssl=1","contentUrl":"https:\/\/i3.wp.com\/interpim.erresse-shop.it\/wp-content\/uploads\/2017\/09\/SMEG-Estetica-Anni-50-Bollitore-Rosa-\u2013-Temperatura-variabile.jpg\/smeg-estetica-anni-50-bollitore-rosa--e2-80-93-temperatura-variabile.jpg?ssl=1"},{"@type":"BreadcrumbList","@id":"https:\/\/dev6.erresse-shop.it\/fr\/shop\/petits-electromenagers\/bouilloires-electriques\/smeg-bouilloires-electronique-esthetique-annees-50-rose\/#breadcrumb","itemListElement":[{"@type":"ListItem","position":1,"name":"Home","item":"https:\/\/dev6.erresse-shop.it\/"},{"@type":"ListItem","position":2,"name":"Boutique","item":"https:\/\/dev6.erresse-shop.it\/shop\/"},{"@type":"ListItem","position":3,"name":"SMEG Bouilloires Electronique Esth\u00e9tique Ann\u00e9es &#8217;50 Rose"}]},{"@type":"WebSite","@id":"https:\/\/dev6.erresse-shop.it\/#website","url":"https:\/\/dev6.erresse-shop.it\/","name":"Erresse Shop","description":"","publisher":{"@id":"https:\/\/dev6.erresse-shop.it\/#organization"},"potentialAction":[{"@type":"SearchAction","target":{"@type":"EntryPoint","urlTemplate":"https:\/\/dev6.erresse-shop.it\/?s={search_term_string}"},"query-input":{"@type":"PropertyValueSpecification","valueRequired":true,"valueName":"search_term_string"}}],"inLanguage":"fr-FR"},{"@type":"Organization","@id":"https:\/\/dev6.erresse-shop.it\/#organization","name":"Erresse Shop","url":"https:\/\/dev6.erresse-shop.it\/","logo":{"@type":"ImageObject","inLanguage":"fr-FR","@id":"https:\/\/dev6.erresse-shop.it\/#\/schema\/logo\/image\/","url":"https:\/\/dev6.erresse-shop.it\/wp-content\/uploads\/2025\/01\/LOGO-ERRESSE-CLASSICO.svg","contentUrl":"https:\/\/dev6.erresse-shop.it\/wp-content\/uploads\/2025\/01\/LOGO-ERRESSE-CLASSICO.svg","caption":"Erresse Shop"},"image":{"@id":"https:\/\/dev6.erresse-shop.it\/#\/schema\/logo\/image\/"}}]}},"df_price":179.95,"df_sale_price":179.95,"df_regular_price":199,"df_image_link":"https:\/\/i3.wp.com\/interpim.erresse-shop.it\/wp-content\/uploads\/2017\/09\/SMEG-Estetica-Anni-50-Bollitore-Rosa-\u2013-Temperatura-variabile.jpg\/smeg-estetica-anni-50-bollitore-rosa--e2-80-93-temperatura-variabile.jpg?resize=300,300&ssl=1","fifu_image_url":"https:\/\/interpim.erresse-shop.it\/wp-content\/uploads\/2017\/09\/SMEG-Estetica-Anni-50-Bollitore-Rosa-\u2013-Temperatura-variabile.jpg\/smeg-estetica-anni-50-bollitore-rosa--e2-80-93-temperatura-variabile.jpg","_links":{"self":[{"href":"https:\/\/dev6.erresse-shop.it\/fr\/wp-json\/wp\/v2\/product\/57499","targetHints":{"allow":["GET"]}}],"collection":[{"href":"https:\/\/dev6.erresse-shop.it\/fr\/wp-json\/wp\/v2\/product"}],"about":[{"href":"https:\/\/dev6.erresse-shop.it\/fr\/wp-json\/wp\/v2\/types\/product"}],"wp:featuredmedia":[{"embeddable":true,"href":"https:\/\/dev6.erresse-shop.it\/fr\/wp-json\/wp\/v2\/media\/6384582"}],"wp:attachment":[{"href":"https:\/\/dev6.erresse-shop.it\/fr\/wp-json\/wp\/v2\/media?parent=57499"}],"wp:term":[{"taxonomy":"product_cat","embeddable":true,"href":"https:\/\/dev6.erresse-shop.it\/fr\/wp-json\/wp\/v2\/product_cat?post=57499"},{"taxonomy":"product_tag","embeddable":true,"href":"https:\/\/dev6.erresse-shop.it\/fr\/wp-json\/wp\/v2\/product_tag?post=57499"}],"curies":[{"name":"wp","href":"https:\/\/api.w.org\/{rel}","templated":true}]}}