{"id":57455,"date":"2026-04-04T08:10:03","date_gmt":"2026-04-04T06:10:03","guid":{"rendered":"https:\/\/dev6.erresse-shop.it\/shop\/non%20class\u00e9\/zafferano-melting-pot-6-verres-transparent\/"},"modified":"2025-07-04T15:44:08","modified_gmt":"2025-07-04T13:44:08","slug":"zafferano-melting-pot-6-verres-transparent","status":"publish","type":"product","link":"https:\/\/dev6.erresse-shop.it\/fr\/shop\/table-fr-2\/verres\/zafferano-melting-pot-6-verres-transparent\/","title":{"rendered":"ZAFFERANO Melting Pot 6 Verres Transparent"},"content":{"rendered":"<p>Le design et la fonctionnalit\u00e9 inspirent le travail de Federico de Majo. Ses cr\u00e9ations vont des lignes les plus traditionnelles \u00e0 d\u2019autres \u00e0 fort contenu technique, exprimant un go\u00fbt pour l\u2019innovation et la recherche de produits.<\/p>\n<p>Avec Zafferano, l\u2019exp\u00e9rience de la verrerie rencontre la culture du vin. L\u2019histoire de Federico de Majo commence dans la verrerie familiale de Murano. C\u2019est l\u00e0, au milieu des ann\u00e9es 1970, que Federico de Majo a commenc\u00e9 \u00e0 se consacrer avec passion au verre souffl\u00e9 et artistique. Plus tard, son attention et son go\u00fbt pour la bonne boisson lui ont donn\u00e9 l\u2019envie de cr\u00e9er une entreprise d\u00e9di\u00e9e \u00e0 la recherche et \u00e0 la production de verres de d\u00e9gustation.<\/p>\n<p>Les collections Zafferano sont souffl\u00e9es \u00e0 la bouche et fabriqu\u00e9es \u00e0 la main par des artisans qui travaillent encore comme par le pass\u00e9. Ce savoir-faire artisanal rend chaque pi\u00e8ce unique et diff\u00e9rente des autres, et pour cette raison d\u2019autant plus pr\u00e9cieuse. Le logo caract\u00e9ristique, avec le gobelet et le Z de Safran \u00e0 l\u2019int\u00e9rieur, certifie que le produit est fait \u00e0 la main.<\/p>\n<p>Diff\u00e9rents m\u00e9langes de collections, avec une contamination de formes et de couleurs \u2013 tendance et avec des propositions mono ou bicolores \u2013 qui dans leur m\u00e9lange produisent des effets et des solutions chaque fois diff\u00e9rents et surprenants Melting Pot : une approche innovante de la vaisselle. Trois m\u00e9langes diff\u00e9rents de collections sont propos\u00e9s, avec une contamination des formes et des couleurs \u2013 tendance et avec des propositions mono ou bicolores \u2013 qui, dans leur m\u00e9lange, produisent des effets et des solutions toujours diff\u00e9rents et surprenants. Cette nouveaut\u00e9 dans la proposition des collections d\u00e9coule de l\u2019observation de la r\u00e9alit\u00e9. Tout comme la r\u00e9alit\u00e9 dans laquelle nous vivons est le r\u00e9sultat d\u2019un m\u00e9lange d\u2019\u00e9l\u00e9ments qui interagissent sans cesse les uns avec les autres dans de nouvelles combinaisons, nos nouvelles propositions de collection traduisent la nature contemporaine de la vie quotidienne. Il ne s\u2019agit donc plus seulement d\u2019une vari\u00e9t\u00e9 de formes et de couleurs dans les diff\u00e9rentes lignes de produits, mais d\u2019une \u00e9tape suppl\u00e9mentaire. Pour l\u2019emballage de ces assortiments, Zafferano choisira au hasard : trois gobelets des collections Perle, Tirache, Bon Bon et Gessato et trois gobelets des collections Veneziano, Barocco, Provenzale, Big John et Mr. Wilson.<\/p>\n<p>Verrerie artistique<\/p>\n<p>La ligne Perle permet d\u2019obtenir des effets extraordinairement fascinants gr\u00e2ce au m\u00e9lange de transparents et de p\u00e2te de verre, obtenu par un processus artistique sp\u00e9cial, r\u00e9alis\u00e9 enti\u00e8rement \u00e0 la main et habilement interpr\u00e9t\u00e9 par la touche de ma\u00eetres verriers qualifi\u00e9s. C\u2019est un proc\u00e9d\u00e9 ancien, celui de la spirale appliqu\u00e9e et bris\u00e9e, que Federico de Majo a repris pour concevoir cette collection, rendant ces produits uniques et pr\u00e9cieux.<br \/>\nChaque geste des diff\u00e9rentes phases du travail n\u2019est pas reproductible, la quantit\u00e9 de verre tir\u00e9e pour les parties appliqu\u00e9es \u00e0 chaud ne peut pas toujours \u00eatre dos\u00e9e de la m\u00eame fa\u00e7on par la main, pourtant experte, de l\u2019homme ; les formes elles-m\u00eames, toujours semblables, jouissent de cette unicit\u00e9, donn\u00e9e par le travail, qui fait que chaque produit de cette collection n\u2019est pas exactement reproductible.<\/p>\n","protected":false},"excerpt":{"rendered":"<p>Le design et la fonctionnalit\u00e9 inspirent le travail de Federico de Majo. Ses cr\u00e9ations vont des lignes les plus traditionnelles \u00e0 d\u2019autres \u00e0 fort contenu technique, exprimant un go\u00fbt pour l\u2019innovation et la recherche de produits. Avec Zafferano, l\u2019exp\u00e9rience de la verrerie rencontre la culture du vin. L\u2019histoire de Federico de Majo commence dans la [&hellip;]<\/p>\n","protected":false},"featured_media":6259092,"template":"","meta":{"_acf_changed":false},"product_cat":[11995,11671,12009],"product_tag":[],"class_list":{"0":"post-57455","1":"product","2":"type-product","3":"status-publish","4":"has-post-thumbnail","6":"product_cat-table-fr-2","7":"product_cat-tavola","8":"product_cat-verres","10":"first","11":"outofstock","12":"sale","13":"taxable","14":"shipping-taxable","15":"purchasable","16":"product-type-simple","swatches":"rey-swatches","show_selected":"","stretch_labels":"rey-swatches--stretch-labels"},"acf":[],"yoast_head":"<!-- This site is optimized with the Yoast SEO plugin v25.4 - https:\/\/yoast.com\/wordpress\/plugins\/seo\/ -->\n<title>ZAFFERANO Melting Pot 6 Verres Transparent - dev6 Erresse<\/title>\n<meta name=\"description\" content=\"Le design et la fonctionnalit\u00e9 inspirent le travail de Federico de Majo. Ses cr\u00e9ations vont des lignes les plus traditionnelles \u00e0 d\u2019autres \u00e0 fort contenu\" \/>\n<meta name=\"robots\" content=\"noindex, follow, max-snippet:-1, max-image-preview:large, max-video-preview:-1\" \/>\n<meta property=\"og:locale\" content=\"fr_FR\" \/>\n<meta property=\"og:type\" content=\"article\" \/>\n<meta property=\"og:title\" content=\"ZAFFERANO Melting Pot 6 Verres Transparent - dev6 Erresse\" \/>\n<meta property=\"og:description\" content=\"Le design et la fonctionnalit\u00e9 inspirent le travail de Federico de Majo. Ses cr\u00e9ations vont des lignes les plus traditionnelles \u00e0 d\u2019autres \u00e0 fort contenu\" \/>\n<meta property=\"og:url\" content=\"https:\/\/dev6.erresse-shop.it\/fr\/shop\/table-fr-2\/verres\/zafferano-melting-pot-6-verres-transparent\/\" \/>\n<meta property=\"og:site_name\" content=\"dev6 Erresse\" \/>\n<meta property=\"og:image\" content=\"https:\/\/interpim.erresse-shop.it\/Import\/Prodotti\/products-melting20pot20trasparenti_2.jpg\" \/><meta property=\"og:image\" content=\"https:\/\/interpim.erresse-shop.it\/Import\/Prodotti\/products-melting20pot20trasparenti_2.jpg\" \/>\n\t<meta property=\"og:image:width\" content=\"1024\" \/>\n\t<meta property=\"og:image:height\" content=\"1024\" \/>\n\t<meta property=\"og:image:type\" content=\"image\/jpeg\" \/>\n<meta name=\"twitter:card\" content=\"summary_large_image\" \/>\n<meta name=\"twitter:image\" content=\"https:\/\/interpim.erresse-shop.it\/Import\/Prodotti\/products-melting20pot20trasparenti_2.jpg\" \/>\n<script type=\"application\/ld+json\" class=\"yoast-schema-graph\">{\"@context\":\"https:\/\/schema.org\",\"@graph\":[{\"@type\":\"WebPage\",\"@id\":\"https:\/\/dev6.erresse-shop.it\/fr\/shop\/table-fr-2\/verres\/zafferano-melting-pot-6-verres-transparent\/\",\"url\":\"https:\/\/dev6.erresse-shop.it\/fr\/shop\/table-fr-2\/verres\/zafferano-melting-pot-6-verres-transparent\/\",\"name\":\"ZAFFERANO Melting Pot 6 Verres Transparent - dev6 Erresse\",\"isPartOf\":{\"@id\":\"https:\/\/dev6.erresse-shop.it\/#website\"},\"primaryImageOfPage\":{\"@id\":\"https:\/\/dev6.erresse-shop.it\/fr\/shop\/table-fr-2\/verres\/zafferano-melting-pot-6-verres-transparent\/#primaryimage\"},\"image\":{\"@id\":\"https:\/\/dev6.erresse-shop.it\/fr\/shop\/table-fr-2\/verres\/zafferano-melting-pot-6-verres-transparent\/#primaryimage\"},\"thumbnailUrl\":\"https:\/\/i3.wp.com\/interpim.erresse-shop.it\/Import\/Prodotti\/products-melting20pot20trasparenti_2.jpg?ssl=1\",\"datePublished\":\"2026-04-04T06:10:03+00:00\",\"description\":\"Le design et la fonctionnalit\u00e9 inspirent le travail de Federico de Majo. Ses cr\u00e9ations vont des lignes les plus traditionnelles \u00e0 d\u2019autres \u00e0 fort contenu\",\"breadcrumb\":{\"@id\":\"https:\/\/dev6.erresse-shop.it\/fr\/shop\/table-fr-2\/verres\/zafferano-melting-pot-6-verres-transparent\/#breadcrumb\"},\"inLanguage\":\"fr-FR\",\"potentialAction\":[{\"@type\":\"ReadAction\",\"target\":[\"https:\/\/dev6.erresse-shop.it\/fr\/shop\/table-fr-2\/verres\/zafferano-melting-pot-6-verres-transparent\/\"]}]},{\"@type\":\"ImageObject\",\"inLanguage\":\"fr-FR\",\"@id\":\"https:\/\/dev6.erresse-shop.it\/fr\/shop\/table-fr-2\/verres\/zafferano-melting-pot-6-verres-transparent\/#primaryimage\",\"url\":\"https:\/\/i3.wp.com\/interpim.erresse-shop.it\/Import\/Prodotti\/products-melting20pot20trasparenti_2.jpg?ssl=1\",\"contentUrl\":\"https:\/\/i3.wp.com\/interpim.erresse-shop.it\/Import\/Prodotti\/products-melting20pot20trasparenti_2.jpg?ssl=1\"},{\"@type\":\"BreadcrumbList\",\"@id\":\"https:\/\/dev6.erresse-shop.it\/fr\/shop\/table-fr-2\/verres\/zafferano-melting-pot-6-verres-transparent\/#breadcrumb\",\"itemListElement\":[{\"@type\":\"ListItem\",\"position\":1,\"name\":\"Home\",\"item\":\"https:\/\/dev6.erresse-shop.it\/\"},{\"@type\":\"ListItem\",\"position\":2,\"name\":\"Boutique\",\"item\":\"https:\/\/dev6.erresse-shop.it\/shop\/\"},{\"@type\":\"ListItem\",\"position\":3,\"name\":\"ZAFFERANO Melting Pot 6 Verres Transparent\"}]},{\"@type\":\"WebSite\",\"@id\":\"https:\/\/dev6.erresse-shop.it\/#website\",\"url\":\"https:\/\/dev6.erresse-shop.it\/\",\"name\":\"Erresse Shop\",\"description\":\"\",\"publisher\":{\"@id\":\"https:\/\/dev6.erresse-shop.it\/#organization\"},\"potentialAction\":[{\"@type\":\"SearchAction\",\"target\":{\"@type\":\"EntryPoint\",\"urlTemplate\":\"https:\/\/dev6.erresse-shop.it\/?s={search_term_string}\"},\"query-input\":{\"@type\":\"PropertyValueSpecification\",\"valueRequired\":true,\"valueName\":\"search_term_string\"}}],\"inLanguage\":\"fr-FR\"},{\"@type\":\"Organization\",\"@id\":\"https:\/\/dev6.erresse-shop.it\/#organization\",\"name\":\"Erresse Shop\",\"url\":\"https:\/\/dev6.erresse-shop.it\/\",\"logo\":{\"@type\":\"ImageObject\",\"inLanguage\":\"fr-FR\",\"@id\":\"https:\/\/dev6.erresse-shop.it\/#\/schema\/logo\/image\/\",\"url\":\"https:\/\/dev6.erresse-shop.it\/wp-content\/uploads\/2025\/01\/LOGO-ERRESSE-CLASSICO.svg\",\"contentUrl\":\"https:\/\/dev6.erresse-shop.it\/wp-content\/uploads\/2025\/01\/LOGO-ERRESSE-CLASSICO.svg\",\"caption\":\"Erresse Shop\"},\"image\":{\"@id\":\"https:\/\/dev6.erresse-shop.it\/#\/schema\/logo\/image\/\"}}]}<\/script>\n<!-- \/ Yoast SEO plugin. -->","yoast_head_json":{"title":"ZAFFERANO Melting Pot 6 Verres Transparent - dev6 Erresse","description":"Le design et la fonctionnalit\u00e9 inspirent le travail de Federico de Majo. Ses cr\u00e9ations vont des lignes les plus traditionnelles \u00e0 d\u2019autres \u00e0 fort contenu","robots":{"index":"noindex","follow":"follow","max-snippet":"max-snippet:-1","max-image-preview":"max-image-preview:large","max-video-preview":"max-video-preview:-1"},"og_locale":"fr_FR","og_type":"article","og_title":"ZAFFERANO Melting Pot 6 Verres Transparent - dev6 Erresse","og_description":"Le design et la fonctionnalit\u00e9 inspirent le travail de Federico de Majo. Ses cr\u00e9ations vont des lignes les plus traditionnelles \u00e0 d\u2019autres \u00e0 fort contenu","og_url":"https:\/\/dev6.erresse-shop.it\/fr\/shop\/table-fr-2\/verres\/zafferano-melting-pot-6-verres-transparent\/","og_site_name":"dev6 Erresse","og_image":[{"url":"https:\/\/interpim.erresse-shop.it\/Import\/Prodotti\/products-melting20pot20trasparenti_2.jpg","type":"","width":"","height":""},{"url":"https:\/\/interpim.erresse-shop.it\/Import\/Prodotti\/products-melting20pot20trasparenti_2.jpg","width":1024,"height":1024,"type":"image\/jpeg"}],"twitter_card":"summary_large_image","twitter_image":"https:\/\/interpim.erresse-shop.it\/Import\/Prodotti\/products-melting20pot20trasparenti_2.jpg","schema":{"@context":"https:\/\/schema.org","@graph":[{"@type":"WebPage","@id":"https:\/\/dev6.erresse-shop.it\/fr\/shop\/table-fr-2\/verres\/zafferano-melting-pot-6-verres-transparent\/","url":"https:\/\/dev6.erresse-shop.it\/fr\/shop\/table-fr-2\/verres\/zafferano-melting-pot-6-verres-transparent\/","name":"ZAFFERANO Melting Pot 6 Verres Transparent - dev6 Erresse","isPartOf":{"@id":"https:\/\/dev6.erresse-shop.it\/#website"},"primaryImageOfPage":{"@id":"https:\/\/dev6.erresse-shop.it\/fr\/shop\/table-fr-2\/verres\/zafferano-melting-pot-6-verres-transparent\/#primaryimage"},"image":{"@id":"https:\/\/dev6.erresse-shop.it\/fr\/shop\/table-fr-2\/verres\/zafferano-melting-pot-6-verres-transparent\/#primaryimage"},"thumbnailUrl":"https:\/\/i3.wp.com\/interpim.erresse-shop.it\/Import\/Prodotti\/products-melting20pot20trasparenti_2.jpg?ssl=1","datePublished":"2026-04-04T06:10:03+00:00","description":"Le design et la fonctionnalit\u00e9 inspirent le travail de Federico de Majo. Ses cr\u00e9ations vont des lignes les plus traditionnelles \u00e0 d\u2019autres \u00e0 fort contenu","breadcrumb":{"@id":"https:\/\/dev6.erresse-shop.it\/fr\/shop\/table-fr-2\/verres\/zafferano-melting-pot-6-verres-transparent\/#breadcrumb"},"inLanguage":"fr-FR","potentialAction":[{"@type":"ReadAction","target":["https:\/\/dev6.erresse-shop.it\/fr\/shop\/table-fr-2\/verres\/zafferano-melting-pot-6-verres-transparent\/"]}]},{"@type":"ImageObject","inLanguage":"fr-FR","@id":"https:\/\/dev6.erresse-shop.it\/fr\/shop\/table-fr-2\/verres\/zafferano-melting-pot-6-verres-transparent\/#primaryimage","url":"https:\/\/i3.wp.com\/interpim.erresse-shop.it\/Import\/Prodotti\/products-melting20pot20trasparenti_2.jpg?ssl=1","contentUrl":"https:\/\/i3.wp.com\/interpim.erresse-shop.it\/Import\/Prodotti\/products-melting20pot20trasparenti_2.jpg?ssl=1"},{"@type":"BreadcrumbList","@id":"https:\/\/dev6.erresse-shop.it\/fr\/shop\/table-fr-2\/verres\/zafferano-melting-pot-6-verres-transparent\/#breadcrumb","itemListElement":[{"@type":"ListItem","position":1,"name":"Home","item":"https:\/\/dev6.erresse-shop.it\/"},{"@type":"ListItem","position":2,"name":"Boutique","item":"https:\/\/dev6.erresse-shop.it\/shop\/"},{"@type":"ListItem","position":3,"name":"ZAFFERANO Melting Pot 6 Verres Transparent"}]},{"@type":"WebSite","@id":"https:\/\/dev6.erresse-shop.it\/#website","url":"https:\/\/dev6.erresse-shop.it\/","name":"Erresse Shop","description":"","publisher":{"@id":"https:\/\/dev6.erresse-shop.it\/#organization"},"potentialAction":[{"@type":"SearchAction","target":{"@type":"EntryPoint","urlTemplate":"https:\/\/dev6.erresse-shop.it\/?s={search_term_string}"},"query-input":{"@type":"PropertyValueSpecification","valueRequired":true,"valueName":"search_term_string"}}],"inLanguage":"fr-FR"},{"@type":"Organization","@id":"https:\/\/dev6.erresse-shop.it\/#organization","name":"Erresse Shop","url":"https:\/\/dev6.erresse-shop.it\/","logo":{"@type":"ImageObject","inLanguage":"fr-FR","@id":"https:\/\/dev6.erresse-shop.it\/#\/schema\/logo\/image\/","url":"https:\/\/dev6.erresse-shop.it\/wp-content\/uploads\/2025\/01\/LOGO-ERRESSE-CLASSICO.svg","contentUrl":"https:\/\/dev6.erresse-shop.it\/wp-content\/uploads\/2025\/01\/LOGO-ERRESSE-CLASSICO.svg","caption":"Erresse Shop"},"image":{"@id":"https:\/\/dev6.erresse-shop.it\/#\/schema\/logo\/image\/"}}]}},"df_price":74,"df_sale_price":74,"df_regular_price":85,"df_image_link":"https:\/\/i3.wp.com\/interpim.erresse-shop.it\/Import\/Prodotti\/products-melting20pot20trasparenti_2.jpg?resize=300,300&ssl=1","fifu_image_url":"https:\/\/interpim.erresse-shop.it\/Import\/Prodotti\/products-melting20pot20trasparenti_2.jpg","_links":{"self":[{"href":"https:\/\/dev6.erresse-shop.it\/fr\/wp-json\/wp\/v2\/product\/57455","targetHints":{"allow":["GET"]}}],"collection":[{"href":"https:\/\/dev6.erresse-shop.it\/fr\/wp-json\/wp\/v2\/product"}],"about":[{"href":"https:\/\/dev6.erresse-shop.it\/fr\/wp-json\/wp\/v2\/types\/product"}],"wp:featuredmedia":[{"embeddable":true,"href":"https:\/\/dev6.erresse-shop.it\/fr\/wp-json\/wp\/v2\/media\/6259092"}],"wp:attachment":[{"href":"https:\/\/dev6.erresse-shop.it\/fr\/wp-json\/wp\/v2\/media?parent=57455"}],"wp:term":[{"taxonomy":"product_cat","embeddable":true,"href":"https:\/\/dev6.erresse-shop.it\/fr\/wp-json\/wp\/v2\/product_cat?post=57455"},{"taxonomy":"product_tag","embeddable":true,"href":"https:\/\/dev6.erresse-shop.it\/fr\/wp-json\/wp\/v2\/product_tag?post=57455"}],"curies":[{"name":"wp","href":"https:\/\/api.w.org\/{rel}","templated":true}]}}