{"id":57431,"date":"2026-04-20T07:30:34","date_gmt":"2026-04-20T05:30:34","guid":{"rendered":"https:\/\/dev6.erresse-shop.it\/shop\/non%20class\u00e9\/magimix-accessoire-mini-bol-le-blender\/"},"modified":"2025-09-14T03:58:57","modified_gmt":"2025-09-14T01:58:57","slug":"magimix-accessoire-mini-bol-le-blender","status":"publish","type":"product","link":"https:\/\/dev6.erresse-shop.it\/fr\/shop\/petits-electromenagers\/mixeurs\/magimix-accessoire-mini-bol-le-blender\/","title":{"rendered":"MAGIMIX Accessoire Mini bol Le Blender"},"content":{"rendered":"<p>MAGIMIX. GARANTIE ITALIENNE<\/p>\n<p>C\u2019est en France, au c\u0153ur de la Bourgogne, r\u00e9gion c\u00e9l\u00e8bre pour sa gastronomie, que Magimix a invent\u00e9 le robot m\u00e9nager il y a plus de quarante ans.<br \/>\nAujourd\u2019hui, les appareils Magimix sont la version domestique des appareils con\u00e7us pour les professionnels. Les plus grands restaurants du monde utilisent la version professionnelle de nos produits.<br \/>\nAu sein de la gamme Magimix, vous trouverez toute la gamme des petits appareils de cuisine.<br \/>\nToujours \u00e0 la pointe de l\u2019innovation en cuisine, Magimix est heureux de pr\u00e9senter sa derni\u00e8re collection pour le plaisir de cuisiner comme un grand cuisinier.<\/p>\n<p>Mini bol<\/p>\n<p>Accessoire pour le blender. Id\u00e9al pour hacher les \u00e9pices ou les petits aliments. Lames en acier sp\u00e9cial amovibles, bol en verre, facile et rapide \u00e0 laver.<\/p>\n","protected":false},"excerpt":{"rendered":"<p>MAGIMIX. GARANTIE ITALIENNE C\u2019est en France, au c\u0153ur de la Bourgogne, r\u00e9gion c\u00e9l\u00e8bre pour sa gastronomie, que Magimix a invent\u00e9 le robot m\u00e9nager il y a plus de quarante ans. Aujourd\u2019hui, les appareils Magimix sont la version domestique des appareils con\u00e7us pour les professionnels. Les plus grands restaurants du monde utilisent la version professionnelle de [&hellip;]<\/p>\n","protected":false},"featured_media":6662686,"template":"","meta":{"_acf_changed":false},"product_cat":[11737,12061,12055],"product_tag":[],"class_list":{"0":"post-57431","1":"product","2":"type-product","3":"status-publish","4":"has-post-thumbnail","6":"product_cat-frullatori","7":"product_cat-mixeurs","8":"product_cat-petits-electromenagers","10":"first","11":"instock","12":"sale","13":"taxable","14":"shipping-taxable","15":"purchasable","16":"product-type-simple","swatches":"rey-swatches","show_selected":"","stretch_labels":"rey-swatches--stretch-labels"},"acf":[],"yoast_head":"<!-- This site is optimized with the Yoast SEO plugin v25.4 - https:\/\/yoast.com\/wordpress\/plugins\/seo\/ -->\n<title>MAGIMIX Accessoire Mini bol Le Blender - dev6 Erresse<\/title>\n<meta name=\"description\" content=\"MAGIMIX. GARANTIE ITALIENNE C\u2019est en France, au c\u0153ur de la Bourgogne, r\u00e9gion c\u00e9l\u00e8bre pour sa gastronomie, que Magimix a invent\u00e9 le robot m\u00e9nager il y a\" \/>\n<meta name=\"robots\" content=\"noindex, follow, max-snippet:-1, max-image-preview:large, max-video-preview:-1\" \/>\n<meta property=\"og:locale\" content=\"fr_FR\" \/>\n<meta property=\"og:type\" content=\"article\" \/>\n<meta property=\"og:title\" content=\"MAGIMIX Accessoire Mini bol Le Blender - dev6 Erresse\" \/>\n<meta property=\"og:description\" content=\"MAGIMIX. GARANTIE ITALIENNE C\u2019est en France, au c\u0153ur de la Bourgogne, r\u00e9gion c\u00e9l\u00e8bre pour sa gastronomie, que Magimix a invent\u00e9 le robot m\u00e9nager il y a\" \/>\n<meta property=\"og:url\" content=\"https:\/\/dev6.erresse-shop.it\/fr\/shop\/petits-electromenagers\/mixeurs\/magimix-accessoire-mini-bol-le-blender\/\" \/>\n<meta property=\"og:site_name\" content=\"dev6 Erresse\" \/>\n<meta property=\"og:image\" content=\"https:\/\/interpim.erresse-shop.it\/Import\/Prodotti\/products-mini-bol-le-blender.jpg\" \/><meta property=\"og:image\" content=\"https:\/\/interpim.erresse-shop.it\/Import\/Prodotti\/products-mini-bol-le-blender.jpg\" \/>\n\t<meta property=\"og:image:width\" content=\"1024\" \/>\n\t<meta property=\"og:image:height\" content=\"1024\" \/>\n\t<meta property=\"og:image:type\" content=\"image\/jpeg\" \/>\n<meta name=\"twitter:card\" content=\"summary_large_image\" \/>\n<meta name=\"twitter:image\" content=\"https:\/\/interpim.erresse-shop.it\/Import\/Prodotti\/products-mini-bol-le-blender.jpg\" \/>\n<script type=\"application\/ld+json\" class=\"yoast-schema-graph\">{\"@context\":\"https:\/\/schema.org\",\"@graph\":[{\"@type\":\"WebPage\",\"@id\":\"https:\/\/dev6.erresse-shop.it\/fr\/shop\/petits-electromenagers\/mixeurs\/magimix-accessoire-mini-bol-le-blender\/\",\"url\":\"https:\/\/dev6.erresse-shop.it\/fr\/shop\/petits-electromenagers\/mixeurs\/magimix-accessoire-mini-bol-le-blender\/\",\"name\":\"MAGIMIX Accessoire Mini bol Le Blender - dev6 Erresse\",\"isPartOf\":{\"@id\":\"https:\/\/dev6.erresse-shop.it\/#website\"},\"primaryImageOfPage\":{\"@id\":\"https:\/\/dev6.erresse-shop.it\/fr\/shop\/petits-electromenagers\/mixeurs\/magimix-accessoire-mini-bol-le-blender\/#primaryimage\"},\"image\":{\"@id\":\"https:\/\/dev6.erresse-shop.it\/fr\/shop\/petits-electromenagers\/mixeurs\/magimix-accessoire-mini-bol-le-blender\/#primaryimage\"},\"thumbnailUrl\":\"https:\/\/i3.wp.com\/interpim.erresse-shop.it\/Import\/Prodotti\/products-mini-bol-le-blender.jpg?ssl=1\",\"datePublished\":\"2026-04-20T05:30:34+00:00\",\"description\":\"MAGIMIX. GARANTIE ITALIENNE C\u2019est en France, au c\u0153ur de la Bourgogne, r\u00e9gion c\u00e9l\u00e8bre pour sa gastronomie, que Magimix a invent\u00e9 le robot m\u00e9nager il y a\",\"breadcrumb\":{\"@id\":\"https:\/\/dev6.erresse-shop.it\/fr\/shop\/petits-electromenagers\/mixeurs\/magimix-accessoire-mini-bol-le-blender\/#breadcrumb\"},\"inLanguage\":\"fr-FR\",\"potentialAction\":[{\"@type\":\"ReadAction\",\"target\":[\"https:\/\/dev6.erresse-shop.it\/fr\/shop\/petits-electromenagers\/mixeurs\/magimix-accessoire-mini-bol-le-blender\/\"]}]},{\"@type\":\"ImageObject\",\"inLanguage\":\"fr-FR\",\"@id\":\"https:\/\/dev6.erresse-shop.it\/fr\/shop\/petits-electromenagers\/mixeurs\/magimix-accessoire-mini-bol-le-blender\/#primaryimage\",\"url\":\"https:\/\/i3.wp.com\/interpim.erresse-shop.it\/Import\/Prodotti\/products-mini-bol-le-blender.jpg?ssl=1\",\"contentUrl\":\"https:\/\/i3.wp.com\/interpim.erresse-shop.it\/Import\/Prodotti\/products-mini-bol-le-blender.jpg?ssl=1\"},{\"@type\":\"BreadcrumbList\",\"@id\":\"https:\/\/dev6.erresse-shop.it\/fr\/shop\/petits-electromenagers\/mixeurs\/magimix-accessoire-mini-bol-le-blender\/#breadcrumb\",\"itemListElement\":[{\"@type\":\"ListItem\",\"position\":1,\"name\":\"Home\",\"item\":\"https:\/\/dev6.erresse-shop.it\/\"},{\"@type\":\"ListItem\",\"position\":2,\"name\":\"Boutique\",\"item\":\"https:\/\/dev6.erresse-shop.it\/shop\/\"},{\"@type\":\"ListItem\",\"position\":3,\"name\":\"MAGIMIX Accessoire Mini bol Le Blender\"}]},{\"@type\":\"WebSite\",\"@id\":\"https:\/\/dev6.erresse-shop.it\/#website\",\"url\":\"https:\/\/dev6.erresse-shop.it\/\",\"name\":\"Erresse Shop\",\"description\":\"\",\"publisher\":{\"@id\":\"https:\/\/dev6.erresse-shop.it\/#organization\"},\"potentialAction\":[{\"@type\":\"SearchAction\",\"target\":{\"@type\":\"EntryPoint\",\"urlTemplate\":\"https:\/\/dev6.erresse-shop.it\/?s={search_term_string}\"},\"query-input\":{\"@type\":\"PropertyValueSpecification\",\"valueRequired\":true,\"valueName\":\"search_term_string\"}}],\"inLanguage\":\"fr-FR\"},{\"@type\":\"Organization\",\"@id\":\"https:\/\/dev6.erresse-shop.it\/#organization\",\"name\":\"Erresse Shop\",\"url\":\"https:\/\/dev6.erresse-shop.it\/\",\"logo\":{\"@type\":\"ImageObject\",\"inLanguage\":\"fr-FR\",\"@id\":\"https:\/\/dev6.erresse-shop.it\/#\/schema\/logo\/image\/\",\"url\":\"https:\/\/dev6.erresse-shop.it\/wp-content\/uploads\/2025\/01\/LOGO-ERRESSE-CLASSICO.svg\",\"contentUrl\":\"https:\/\/dev6.erresse-shop.it\/wp-content\/uploads\/2025\/01\/LOGO-ERRESSE-CLASSICO.svg\",\"caption\":\"Erresse Shop\"},\"image\":{\"@id\":\"https:\/\/dev6.erresse-shop.it\/#\/schema\/logo\/image\/\"}}]}<\/script>\n<!-- \/ Yoast SEO plugin. -->","yoast_head_json":{"title":"MAGIMIX Accessoire Mini bol Le Blender - dev6 Erresse","description":"MAGIMIX. GARANTIE ITALIENNE C\u2019est en France, au c\u0153ur de la Bourgogne, r\u00e9gion c\u00e9l\u00e8bre pour sa gastronomie, que Magimix a invent\u00e9 le robot m\u00e9nager il y a","robots":{"index":"noindex","follow":"follow","max-snippet":"max-snippet:-1","max-image-preview":"max-image-preview:large","max-video-preview":"max-video-preview:-1"},"og_locale":"fr_FR","og_type":"article","og_title":"MAGIMIX Accessoire Mini bol Le Blender - dev6 Erresse","og_description":"MAGIMIX. GARANTIE ITALIENNE C\u2019est en France, au c\u0153ur de la Bourgogne, r\u00e9gion c\u00e9l\u00e8bre pour sa gastronomie, que Magimix a invent\u00e9 le robot m\u00e9nager il y a","og_url":"https:\/\/dev6.erresse-shop.it\/fr\/shop\/petits-electromenagers\/mixeurs\/magimix-accessoire-mini-bol-le-blender\/","og_site_name":"dev6 Erresse","og_image":[{"url":"https:\/\/interpim.erresse-shop.it\/Import\/Prodotti\/products-mini-bol-le-blender.jpg","type":"","width":"","height":""},{"url":"https:\/\/interpim.erresse-shop.it\/Import\/Prodotti\/products-mini-bol-le-blender.jpg","width":1024,"height":1024,"type":"image\/jpeg"}],"twitter_card":"summary_large_image","twitter_image":"https:\/\/interpim.erresse-shop.it\/Import\/Prodotti\/products-mini-bol-le-blender.jpg","schema":{"@context":"https:\/\/schema.org","@graph":[{"@type":"WebPage","@id":"https:\/\/dev6.erresse-shop.it\/fr\/shop\/petits-electromenagers\/mixeurs\/magimix-accessoire-mini-bol-le-blender\/","url":"https:\/\/dev6.erresse-shop.it\/fr\/shop\/petits-electromenagers\/mixeurs\/magimix-accessoire-mini-bol-le-blender\/","name":"MAGIMIX Accessoire Mini bol Le Blender - dev6 Erresse","isPartOf":{"@id":"https:\/\/dev6.erresse-shop.it\/#website"},"primaryImageOfPage":{"@id":"https:\/\/dev6.erresse-shop.it\/fr\/shop\/petits-electromenagers\/mixeurs\/magimix-accessoire-mini-bol-le-blender\/#primaryimage"},"image":{"@id":"https:\/\/dev6.erresse-shop.it\/fr\/shop\/petits-electromenagers\/mixeurs\/magimix-accessoire-mini-bol-le-blender\/#primaryimage"},"thumbnailUrl":"https:\/\/i3.wp.com\/interpim.erresse-shop.it\/Import\/Prodotti\/products-mini-bol-le-blender.jpg?ssl=1","datePublished":"2026-04-20T05:30:34+00:00","description":"MAGIMIX. GARANTIE ITALIENNE C\u2019est en France, au c\u0153ur de la Bourgogne, r\u00e9gion c\u00e9l\u00e8bre pour sa gastronomie, que Magimix a invent\u00e9 le robot m\u00e9nager il y a","breadcrumb":{"@id":"https:\/\/dev6.erresse-shop.it\/fr\/shop\/petits-electromenagers\/mixeurs\/magimix-accessoire-mini-bol-le-blender\/#breadcrumb"},"inLanguage":"fr-FR","potentialAction":[{"@type":"ReadAction","target":["https:\/\/dev6.erresse-shop.it\/fr\/shop\/petits-electromenagers\/mixeurs\/magimix-accessoire-mini-bol-le-blender\/"]}]},{"@type":"ImageObject","inLanguage":"fr-FR","@id":"https:\/\/dev6.erresse-shop.it\/fr\/shop\/petits-electromenagers\/mixeurs\/magimix-accessoire-mini-bol-le-blender\/#primaryimage","url":"https:\/\/i3.wp.com\/interpim.erresse-shop.it\/Import\/Prodotti\/products-mini-bol-le-blender.jpg?ssl=1","contentUrl":"https:\/\/i3.wp.com\/interpim.erresse-shop.it\/Import\/Prodotti\/products-mini-bol-le-blender.jpg?ssl=1"},{"@type":"BreadcrumbList","@id":"https:\/\/dev6.erresse-shop.it\/fr\/shop\/petits-electromenagers\/mixeurs\/magimix-accessoire-mini-bol-le-blender\/#breadcrumb","itemListElement":[{"@type":"ListItem","position":1,"name":"Home","item":"https:\/\/dev6.erresse-shop.it\/"},{"@type":"ListItem","position":2,"name":"Boutique","item":"https:\/\/dev6.erresse-shop.it\/shop\/"},{"@type":"ListItem","position":3,"name":"MAGIMIX Accessoire Mini bol Le Blender"}]},{"@type":"WebSite","@id":"https:\/\/dev6.erresse-shop.it\/#website","url":"https:\/\/dev6.erresse-shop.it\/","name":"Erresse Shop","description":"","publisher":{"@id":"https:\/\/dev6.erresse-shop.it\/#organization"},"potentialAction":[{"@type":"SearchAction","target":{"@type":"EntryPoint","urlTemplate":"https:\/\/dev6.erresse-shop.it\/?s={search_term_string}"},"query-input":{"@type":"PropertyValueSpecification","valueRequired":true,"valueName":"search_term_string"}}],"inLanguage":"fr-FR"},{"@type":"Organization","@id":"https:\/\/dev6.erresse-shop.it\/#organization","name":"Erresse Shop","url":"https:\/\/dev6.erresse-shop.it\/","logo":{"@type":"ImageObject","inLanguage":"fr-FR","@id":"https:\/\/dev6.erresse-shop.it\/#\/schema\/logo\/image\/","url":"https:\/\/dev6.erresse-shop.it\/wp-content\/uploads\/2025\/01\/LOGO-ERRESSE-CLASSICO.svg","contentUrl":"https:\/\/dev6.erresse-shop.it\/wp-content\/uploads\/2025\/01\/LOGO-ERRESSE-CLASSICO.svg","caption":"Erresse Shop"},"image":{"@id":"https:\/\/dev6.erresse-shop.it\/#\/schema\/logo\/image\/"}}]}},"df_price":59,"df_sale_price":59,"df_regular_price":75,"df_image_link":"https:\/\/i3.wp.com\/interpim.erresse-shop.it\/Import\/Prodotti\/products-mini-bol-le-blender.jpg?resize=300,300&ssl=1","fifu_image_url":"https:\/\/interpim.erresse-shop.it\/Import\/Prodotti\/products-mini-bol-le-blender.jpg","_links":{"self":[{"href":"https:\/\/dev6.erresse-shop.it\/fr\/wp-json\/wp\/v2\/product\/57431","targetHints":{"allow":["GET"]}}],"collection":[{"href":"https:\/\/dev6.erresse-shop.it\/fr\/wp-json\/wp\/v2\/product"}],"about":[{"href":"https:\/\/dev6.erresse-shop.it\/fr\/wp-json\/wp\/v2\/types\/product"}],"wp:featuredmedia":[{"embeddable":true,"href":"https:\/\/dev6.erresse-shop.it\/fr\/wp-json\/wp\/v2\/media\/6662686"}],"wp:attachment":[{"href":"https:\/\/dev6.erresse-shop.it\/fr\/wp-json\/wp\/v2\/media?parent=57431"}],"wp:term":[{"taxonomy":"product_cat","embeddable":true,"href":"https:\/\/dev6.erresse-shop.it\/fr\/wp-json\/wp\/v2\/product_cat?post=57431"},{"taxonomy":"product_tag","embeddable":true,"href":"https:\/\/dev6.erresse-shop.it\/fr\/wp-json\/wp\/v2\/product_tag?post=57431"}],"curies":[{"name":"wp","href":"https:\/\/api.w.org\/{rel}","templated":true}]}}