{"id":57411,"date":"2026-04-16T18:44:35","date_gmt":"2026-04-16T16:44:35","guid":{"rendered":"https:\/\/dev6.erresse-shop.it\/shop\/non%20class\u00e9\/ruffoni-cleaner-cuivre-gr-400\/"},"modified":"2025-09-14T03:58:46","modified_gmt":"2025-09-14T01:58:46","slug":"ruffoni-cleaner-cuivre-gr-400","status":"publish","type":"product","link":"https:\/\/dev6.erresse-shop.it\/fr\/shop\/poeles-pots\/accessoires-fr-3\/ruffoni-cleaner-cuivre-gr-400\/","title":{"rendered":"RUFFONI Cleaner Cuivre gr. 400"},"content":{"rendered":"<p>LA MAINTENANCE INTERNE :<br \/>\nComme pour les autres ustensiles de cuisine, il est conseill\u00e9, lors de la premi\u00e8re utilisation, de porter \u00e0 \u00e9bullition l\u2019eau en y ajoutant des herbes aromatiques (Sauge, Romarin, Laurier\u2026) ou des l\u00e9gumes.<br \/>\nPour que la mise en conserve dure longtemps, ne placez pas le r\u00e9cipient sur la flamme sans y verser au pr\u00e9alable un liquide ou une mati\u00e8re grasse.<br \/>\nLa flamme ne doit pas \u00eatre tr\u00e8s \u00e9lev\u00e9e et le liquide dans le r\u00e9cipient ne doit jamais s\u00e9cher compl\u00e8tement.<br \/>\nPour \u00e9viter que l\u2019\u00e9tamage ne se d\u00e9t\u00e9riore, il faut utiliser des cuill\u00e8res ou des palettes en bois ou en nylon lors du m\u00e9lange.<br \/>\nGr\u00e2ce \u00e0 son haut degr\u00e9 de conductivit\u00e9, la nourriture ne collera pratiquement pas au fond. Pour nettoyer l\u2019int\u00e9rieur, il suffit donc d\u2019utiliser de l\u2019eau chaude et des d\u00e9tergents liquides et savoureux, jamais de substances abrasives.<br \/>\nEn cas de br\u00fblures (caus\u00e9es par une n\u00e9gligence ou une erreur de cuisson), immergez le r\u00e9cipient dans de l\u2019eau chaude savonneuse et laissez-le tremper le temps n\u00e9cessaire pour d\u00e9tacher les incrustations. Les \u00e9ventuelles taches et souillures de l\u2019\u00e9tain, caus\u00e9es par des temp\u00e9ratures \u00e9lev\u00e9es ou l\u2019acidit\u00e9 de certains aliments, n\u2019affectent pas la parfaite fonctionnalit\u00e9 et l\u2019hygi\u00e8ne du produit.<\/p>\n<p>LA MAINTENANCE EXTERNE :<br \/>\nPour redonner aux objets expos\u00e9s leur \u00e9clat d\u2019origine, nous sugg\u00e9rons l\u2019utilisation d\u2019un chiffon de polissage pour \u00e9liminer les l\u00e9g\u00e8res oxydations, ou l\u2019utilisation d\u2019une cr\u00e8me ou d\u2019une ouate de polissage pour les oxydations plus tenaces ou pour \u00e9liminer les empreintes sombres.<br \/>\nApr\u00e8s la premi\u00e8re utilisation, les ustensiles de cuisine pr\u00e9sentent des taches irr\u00e9guli\u00e8res qui s\u2019uniformisent au fil des utilisations ult\u00e9rieures, leur faisant prendre une couleur rouge fonc\u00e9 que le connaisseur appr\u00e9cie et entretient parfois.<br \/>\nPour redonner au cuivre son \u00e9clat d\u2019origine, vous pouvez utiliser la m\u00e9thode traditionnelle : un chiffon imbib\u00e9 d\u2019une solution de sel et de vinaigre ou de sel et de citron ; ou plus simplement utiliser le \u201cRuffoni Cleaner\u201d, le surprenant \u201cBrillametalli\u201d \u00e0 la formule non toxique et biod\u00e9gradable.<br \/>\nQuelques r\u00e8gles qui deviendront bient\u00f4t une habitude, vous garantiront le parfait entretien de ces splendides objets pendant tr\u00e8s longtemps, en vous assurant les valeurs les plus fascinantes et les plus satisfaisantes de la culture et du palais.<\/p>\n<p>voir la vid\u00e9o<\/p>\n","protected":false},"excerpt":{"rendered":"<p>LA MAINTENANCE INTERNE : Comme pour les autres ustensiles de cuisine, il est conseill\u00e9, lors de la premi\u00e8re utilisation, de porter \u00e0 \u00e9bullition l\u2019eau en y ajoutant des herbes aromatiques (Sauge, Romarin, Laurier\u2026) ou des l\u00e9gumes. Pour que la mise en conserve dure longtemps, ne placez pas le r\u00e9cipient sur la flamme sans y verser [&hellip;]<\/p>\n","protected":false},"featured_media":6481304,"template":"","meta":{"_acf_changed":false},"product_cat":[12051,11667,11991],"product_tag":[],"class_list":{"0":"post-57411","1":"product","2":"type-product","3":"status-publish","4":"has-post-thumbnail","6":"product_cat-accessoires-fr-3","7":"product_cat-padelle-pentole","8":"product_cat-poeles-pots","10":"first","11":"outofstock","12":"taxable","13":"shipping-taxable","14":"purchasable","15":"product-type-simple","swatches":"rey-swatches","show_selected":"","stretch_labels":"rey-swatches--stretch-labels"},"acf":[],"yoast_head":"<!-- This site is optimized with the Yoast SEO plugin v25.4 - https:\/\/yoast.com\/wordpress\/plugins\/seo\/ -->\n<title>RUFFONI Cleaner Cuivre gr. 400 - dev6 Erresse<\/title>\n<meta name=\"description\" content=\"LA MAINTENANCE INTERNE : Comme pour les autres ustensiles de cuisine, il est conseill\u00e9, lors de la premi\u00e8re utilisation, de porter \u00e0 \u00e9bullition l\u2019eau en y\" \/>\n<meta name=\"robots\" content=\"noindex, follow, max-snippet:-1, max-image-preview:large, max-video-preview:-1\" \/>\n<meta property=\"og:locale\" content=\"fr_FR\" \/>\n<meta property=\"og:type\" content=\"article\" \/>\n<meta property=\"og:title\" content=\"RUFFONI Cleaner Cuivre gr. 400 - dev6 Erresse\" \/>\n<meta property=\"og:description\" content=\"LA MAINTENANCE INTERNE : Comme pour les autres ustensiles de cuisine, il est conseill\u00e9, lors de la premi\u00e8re utilisation, de porter \u00e0 \u00e9bullition l\u2019eau en y\" \/>\n<meta property=\"og:url\" content=\"https:\/\/dev6.erresse-shop.it\/fr\/shop\/poeles-pots\/accessoires-fr-3\/ruffoni-cleaner-cuivre-gr-400\/\" \/>\n<meta property=\"og:site_name\" content=\"dev6 Erresse\" \/>\n<meta property=\"og:image\" content=\"https:\/\/interpim.erresse-shop.it\/Import\/Prodotti\/products-cleaner.jpg\" \/><meta property=\"og:image\" content=\"https:\/\/interpim.erresse-shop.it\/Import\/Prodotti\/products-cleaner.jpg\" \/>\n\t<meta property=\"og:image:width\" content=\"1024\" \/>\n\t<meta property=\"og:image:height\" content=\"1024\" \/>\n\t<meta property=\"og:image:type\" content=\"image\/jpeg\" \/>\n<meta name=\"twitter:card\" content=\"summary_large_image\" \/>\n<meta name=\"twitter:image\" content=\"https:\/\/interpim.erresse-shop.it\/Import\/Prodotti\/products-cleaner.jpg\" \/>\n<script type=\"application\/ld+json\" class=\"yoast-schema-graph\">{\"@context\":\"https:\/\/schema.org\",\"@graph\":[{\"@type\":\"WebPage\",\"@id\":\"https:\/\/dev6.erresse-shop.it\/fr\/shop\/poeles-pots\/accessoires-fr-3\/ruffoni-cleaner-cuivre-gr-400\/\",\"url\":\"https:\/\/dev6.erresse-shop.it\/fr\/shop\/poeles-pots\/accessoires-fr-3\/ruffoni-cleaner-cuivre-gr-400\/\",\"name\":\"RUFFONI Cleaner Cuivre gr. 400 - dev6 Erresse\",\"isPartOf\":{\"@id\":\"https:\/\/dev6.erresse-shop.it\/#website\"},\"primaryImageOfPage\":{\"@id\":\"https:\/\/dev6.erresse-shop.it\/fr\/shop\/poeles-pots\/accessoires-fr-3\/ruffoni-cleaner-cuivre-gr-400\/#primaryimage\"},\"image\":{\"@id\":\"https:\/\/dev6.erresse-shop.it\/fr\/shop\/poeles-pots\/accessoires-fr-3\/ruffoni-cleaner-cuivre-gr-400\/#primaryimage\"},\"thumbnailUrl\":\"https:\/\/i1.wp.com\/interpim.erresse-shop.it\/Import\/Prodotti\/products-cleaner.jpg?ssl=1\",\"datePublished\":\"2026-04-16T16:44:35+00:00\",\"description\":\"LA MAINTENANCE INTERNE : Comme pour les autres ustensiles de cuisine, il est conseill\u00e9, lors de la premi\u00e8re utilisation, de porter \u00e0 \u00e9bullition l\u2019eau en y\",\"breadcrumb\":{\"@id\":\"https:\/\/dev6.erresse-shop.it\/fr\/shop\/poeles-pots\/accessoires-fr-3\/ruffoni-cleaner-cuivre-gr-400\/#breadcrumb\"},\"inLanguage\":\"fr-FR\",\"potentialAction\":[{\"@type\":\"ReadAction\",\"target\":[\"https:\/\/dev6.erresse-shop.it\/fr\/shop\/poeles-pots\/accessoires-fr-3\/ruffoni-cleaner-cuivre-gr-400\/\"]}]},{\"@type\":\"ImageObject\",\"inLanguage\":\"fr-FR\",\"@id\":\"https:\/\/dev6.erresse-shop.it\/fr\/shop\/poeles-pots\/accessoires-fr-3\/ruffoni-cleaner-cuivre-gr-400\/#primaryimage\",\"url\":\"https:\/\/i1.wp.com\/interpim.erresse-shop.it\/Import\/Prodotti\/products-cleaner.jpg?ssl=1\",\"contentUrl\":\"https:\/\/i1.wp.com\/interpim.erresse-shop.it\/Import\/Prodotti\/products-cleaner.jpg?ssl=1\"},{\"@type\":\"BreadcrumbList\",\"@id\":\"https:\/\/dev6.erresse-shop.it\/fr\/shop\/poeles-pots\/accessoires-fr-3\/ruffoni-cleaner-cuivre-gr-400\/#breadcrumb\",\"itemListElement\":[{\"@type\":\"ListItem\",\"position\":1,\"name\":\"Home\",\"item\":\"https:\/\/dev6.erresse-shop.it\/\"},{\"@type\":\"ListItem\",\"position\":2,\"name\":\"Boutique\",\"item\":\"https:\/\/dev6.erresse-shop.it\/shop\/\"},{\"@type\":\"ListItem\",\"position\":3,\"name\":\"RUFFONI Cleaner Cuivre gr. 400\"}]},{\"@type\":\"WebSite\",\"@id\":\"https:\/\/dev6.erresse-shop.it\/#website\",\"url\":\"https:\/\/dev6.erresse-shop.it\/\",\"name\":\"Erresse Shop\",\"description\":\"\",\"publisher\":{\"@id\":\"https:\/\/dev6.erresse-shop.it\/#organization\"},\"potentialAction\":[{\"@type\":\"SearchAction\",\"target\":{\"@type\":\"EntryPoint\",\"urlTemplate\":\"https:\/\/dev6.erresse-shop.it\/?s={search_term_string}\"},\"query-input\":{\"@type\":\"PropertyValueSpecification\",\"valueRequired\":true,\"valueName\":\"search_term_string\"}}],\"inLanguage\":\"fr-FR\"},{\"@type\":\"Organization\",\"@id\":\"https:\/\/dev6.erresse-shop.it\/#organization\",\"name\":\"Erresse Shop\",\"url\":\"https:\/\/dev6.erresse-shop.it\/\",\"logo\":{\"@type\":\"ImageObject\",\"inLanguage\":\"fr-FR\",\"@id\":\"https:\/\/dev6.erresse-shop.it\/#\/schema\/logo\/image\/\",\"url\":\"https:\/\/dev6.erresse-shop.it\/wp-content\/uploads\/2025\/01\/LOGO-ERRESSE-CLASSICO.svg\",\"contentUrl\":\"https:\/\/dev6.erresse-shop.it\/wp-content\/uploads\/2025\/01\/LOGO-ERRESSE-CLASSICO.svg\",\"caption\":\"Erresse Shop\"},\"image\":{\"@id\":\"https:\/\/dev6.erresse-shop.it\/#\/schema\/logo\/image\/\"}}]}<\/script>\n<!-- \/ Yoast SEO plugin. -->","yoast_head_json":{"title":"RUFFONI Cleaner Cuivre gr. 400 - dev6 Erresse","description":"LA MAINTENANCE INTERNE : Comme pour les autres ustensiles de cuisine, il est conseill\u00e9, lors de la premi\u00e8re utilisation, de porter \u00e0 \u00e9bullition l\u2019eau en y","robots":{"index":"noindex","follow":"follow","max-snippet":"max-snippet:-1","max-image-preview":"max-image-preview:large","max-video-preview":"max-video-preview:-1"},"og_locale":"fr_FR","og_type":"article","og_title":"RUFFONI Cleaner Cuivre gr. 400 - dev6 Erresse","og_description":"LA MAINTENANCE INTERNE : Comme pour les autres ustensiles de cuisine, il est conseill\u00e9, lors de la premi\u00e8re utilisation, de porter \u00e0 \u00e9bullition l\u2019eau en y","og_url":"https:\/\/dev6.erresse-shop.it\/fr\/shop\/poeles-pots\/accessoires-fr-3\/ruffoni-cleaner-cuivre-gr-400\/","og_site_name":"dev6 Erresse","og_image":[{"url":"https:\/\/interpim.erresse-shop.it\/Import\/Prodotti\/products-cleaner.jpg","type":"","width":"","height":""},{"url":"https:\/\/interpim.erresse-shop.it\/Import\/Prodotti\/products-cleaner.jpg","width":1024,"height":1024,"type":"image\/jpeg"}],"twitter_card":"summary_large_image","twitter_image":"https:\/\/interpim.erresse-shop.it\/Import\/Prodotti\/products-cleaner.jpg","schema":{"@context":"https:\/\/schema.org","@graph":[{"@type":"WebPage","@id":"https:\/\/dev6.erresse-shop.it\/fr\/shop\/poeles-pots\/accessoires-fr-3\/ruffoni-cleaner-cuivre-gr-400\/","url":"https:\/\/dev6.erresse-shop.it\/fr\/shop\/poeles-pots\/accessoires-fr-3\/ruffoni-cleaner-cuivre-gr-400\/","name":"RUFFONI Cleaner Cuivre gr. 400 - dev6 Erresse","isPartOf":{"@id":"https:\/\/dev6.erresse-shop.it\/#website"},"primaryImageOfPage":{"@id":"https:\/\/dev6.erresse-shop.it\/fr\/shop\/poeles-pots\/accessoires-fr-3\/ruffoni-cleaner-cuivre-gr-400\/#primaryimage"},"image":{"@id":"https:\/\/dev6.erresse-shop.it\/fr\/shop\/poeles-pots\/accessoires-fr-3\/ruffoni-cleaner-cuivre-gr-400\/#primaryimage"},"thumbnailUrl":"https:\/\/i1.wp.com\/interpim.erresse-shop.it\/Import\/Prodotti\/products-cleaner.jpg?ssl=1","datePublished":"2026-04-16T16:44:35+00:00","description":"LA MAINTENANCE INTERNE : Comme pour les autres ustensiles de cuisine, il est conseill\u00e9, lors de la premi\u00e8re utilisation, de porter \u00e0 \u00e9bullition l\u2019eau en y","breadcrumb":{"@id":"https:\/\/dev6.erresse-shop.it\/fr\/shop\/poeles-pots\/accessoires-fr-3\/ruffoni-cleaner-cuivre-gr-400\/#breadcrumb"},"inLanguage":"fr-FR","potentialAction":[{"@type":"ReadAction","target":["https:\/\/dev6.erresse-shop.it\/fr\/shop\/poeles-pots\/accessoires-fr-3\/ruffoni-cleaner-cuivre-gr-400\/"]}]},{"@type":"ImageObject","inLanguage":"fr-FR","@id":"https:\/\/dev6.erresse-shop.it\/fr\/shop\/poeles-pots\/accessoires-fr-3\/ruffoni-cleaner-cuivre-gr-400\/#primaryimage","url":"https:\/\/i1.wp.com\/interpim.erresse-shop.it\/Import\/Prodotti\/products-cleaner.jpg?ssl=1","contentUrl":"https:\/\/i1.wp.com\/interpim.erresse-shop.it\/Import\/Prodotti\/products-cleaner.jpg?ssl=1"},{"@type":"BreadcrumbList","@id":"https:\/\/dev6.erresse-shop.it\/fr\/shop\/poeles-pots\/accessoires-fr-3\/ruffoni-cleaner-cuivre-gr-400\/#breadcrumb","itemListElement":[{"@type":"ListItem","position":1,"name":"Home","item":"https:\/\/dev6.erresse-shop.it\/"},{"@type":"ListItem","position":2,"name":"Boutique","item":"https:\/\/dev6.erresse-shop.it\/shop\/"},{"@type":"ListItem","position":3,"name":"RUFFONI Cleaner Cuivre gr. 400"}]},{"@type":"WebSite","@id":"https:\/\/dev6.erresse-shop.it\/#website","url":"https:\/\/dev6.erresse-shop.it\/","name":"Erresse Shop","description":"","publisher":{"@id":"https:\/\/dev6.erresse-shop.it\/#organization"},"potentialAction":[{"@type":"SearchAction","target":{"@type":"EntryPoint","urlTemplate":"https:\/\/dev6.erresse-shop.it\/?s={search_term_string}"},"query-input":{"@type":"PropertyValueSpecification","valueRequired":true,"valueName":"search_term_string"}}],"inLanguage":"fr-FR"},{"@type":"Organization","@id":"https:\/\/dev6.erresse-shop.it\/#organization","name":"Erresse Shop","url":"https:\/\/dev6.erresse-shop.it\/","logo":{"@type":"ImageObject","inLanguage":"fr-FR","@id":"https:\/\/dev6.erresse-shop.it\/#\/schema\/logo\/image\/","url":"https:\/\/dev6.erresse-shop.it\/wp-content\/uploads\/2025\/01\/LOGO-ERRESSE-CLASSICO.svg","contentUrl":"https:\/\/dev6.erresse-shop.it\/wp-content\/uploads\/2025\/01\/LOGO-ERRESSE-CLASSICO.svg","caption":"Erresse Shop"},"image":{"@id":"https:\/\/dev6.erresse-shop.it\/#\/schema\/logo\/image\/"}}]}},"df_price":16,"df_sale_price":"","df_regular_price":16,"df_image_link":"https:\/\/i1.wp.com\/interpim.erresse-shop.it\/Import\/Prodotti\/products-cleaner.jpg?resize=300,300&ssl=1","fifu_image_url":"https:\/\/interpim.erresse-shop.it\/Import\/Prodotti\/products-cleaner.jpg","_links":{"self":[{"href":"https:\/\/dev6.erresse-shop.it\/fr\/wp-json\/wp\/v2\/product\/57411","targetHints":{"allow":["GET"]}}],"collection":[{"href":"https:\/\/dev6.erresse-shop.it\/fr\/wp-json\/wp\/v2\/product"}],"about":[{"href":"https:\/\/dev6.erresse-shop.it\/fr\/wp-json\/wp\/v2\/types\/product"}],"wp:featuredmedia":[{"embeddable":true,"href":"https:\/\/dev6.erresse-shop.it\/fr\/wp-json\/wp\/v2\/media\/6481304"}],"wp:attachment":[{"href":"https:\/\/dev6.erresse-shop.it\/fr\/wp-json\/wp\/v2\/media?parent=57411"}],"wp:term":[{"taxonomy":"product_cat","embeddable":true,"href":"https:\/\/dev6.erresse-shop.it\/fr\/wp-json\/wp\/v2\/product_cat?post=57411"},{"taxonomy":"product_tag","embeddable":true,"href":"https:\/\/dev6.erresse-shop.it\/fr\/wp-json\/wp\/v2\/product_tag?post=57411"}],"curies":[{"name":"wp","href":"https:\/\/api.w.org\/{rel}","templated":true}]}}