{"id":57391,"date":"2026-04-04T08:09:29","date_gmt":"2026-04-04T06:09:29","guid":{"rendered":"https:\/\/dev6.erresse-shop.it\/shop\/non%20class\u00e9\/ruffoni-historia-decor-poele-du-chef-26-cm\/"},"modified":"2025-09-14T03:58:24","modified_gmt":"2025-09-14T01:58:24","slug":"ruffoni-historia-decor-poele-du-chef-26-cm","status":"publish","type":"product","link":"https:\/\/dev6.erresse-shop.it\/fr\/shop\/poeles-pots\/ruffoni-historia-decor-poele-du-chef-26-cm\/","title":{"rendered":"RUFFONI Historia Decor Po\u00eale du Chef 26 cm"},"content":{"rendered":"<p>Les l\u00e9gendaires ustensiles de cuisine en cuivre martel\u00e9 doubl\u00e9s d\u2019\u00e9tain avec lesquels nous revivons des si\u00e8cles d\u2019histoire, d\u2019exp\u00e9rience et de traditions. Martel\u00e9s \u00e0 partir d\u2019une seule feuille de cuivre dans l\u2019atelier de la famille Ruffoni dans les Alpes italiennes, ces ustensiles de cuisine assurent une conductivit\u00e9 thermique et un contr\u00f4le de la temp\u00e9rature maximum. L\u2019int\u00e9rieur est rev\u00eatu \u00e0 la main sur le feu d\u2019un \u00e9tain pur, durable et non r\u00e9actif. Les poign\u00e9es et les boutons de couvercle rivet\u00e9s en bronze d\u00e9cor\u00e9 et coul\u00e9 \u00e0 la main ajoutent une touche de couronnement \u00e0 la qualit\u00e9 unique de ces objets. Recommand\u00e9 pour la cuisson sur la cuisini\u00e8re \u00e0 gaz ou au four et pour une pr\u00e9sentation \u00e9tonnante \u00e0 table.<\/p>\n","protected":false},"excerpt":{"rendered":"<p>Les l\u00e9gendaires ustensiles de cuisine en cuivre martel\u00e9 doubl\u00e9s d\u2019\u00e9tain avec lesquels nous revivons des si\u00e8cles d\u2019histoire, d\u2019exp\u00e9rience et de traditions. Martel\u00e9s \u00e0 partir d\u2019une seule feuille de cuivre dans l\u2019atelier de la famille Ruffoni dans les Alpes italiennes, ces ustensiles de cuisine assurent une conductivit\u00e9 thermique et un contr\u00f4le de la temp\u00e9rature maximum. L\u2019int\u00e9rieur [&hellip;]<\/p>\n","protected":false},"featured_media":6258922,"template":"","meta":{"_acf_changed":false},"product_cat":[11991],"product_tag":[],"class_list":{"0":"post-57391","1":"product","2":"type-product","3":"status-publish","4":"has-post-thumbnail","6":"product_cat-poeles-pots","8":"first","9":"outofstock","10":"sale","11":"taxable","12":"shipping-taxable","13":"purchasable","14":"product-type-simple","swatches":"rey-swatches","show_selected":"","stretch_labels":"rey-swatches--stretch-labels"},"acf":[],"yoast_head":"<!-- This site is optimized with the Yoast SEO plugin v25.4 - https:\/\/yoast.com\/wordpress\/plugins\/seo\/ -->\n<title>RUFFONI Historia Decor Po\u00eale du Chef 26 cm - dev6 Erresse<\/title>\n<meta name=\"description\" content=\"Les l\u00e9gendaires ustensiles de cuisine en cuivre martel\u00e9 doubl\u00e9s d\u2019\u00e9tain avec lesquels nous revivons des si\u00e8cles d\u2019histoire, d\u2019exp\u00e9rience et de traditions.\" \/>\n<meta name=\"robots\" content=\"noindex, follow, max-snippet:-1, max-image-preview:large, max-video-preview:-1\" \/>\n<meta property=\"og:locale\" content=\"fr_FR\" \/>\n<meta property=\"og:type\" content=\"article\" \/>\n<meta property=\"og:title\" content=\"RUFFONI Historia Decor Po\u00eale du Chef 26 cm - dev6 Erresse\" \/>\n<meta property=\"og:description\" content=\"Les l\u00e9gendaires ustensiles de cuisine en cuivre martel\u00e9 doubl\u00e9s d\u2019\u00e9tain avec lesquels nous revivons des si\u00e8cles d\u2019histoire, d\u2019exp\u00e9rience et de traditions.\" \/>\n<meta property=\"og:url\" content=\"https:\/\/dev6.erresse-shop.it\/fr\/shop\/poeles-pots\/ruffoni-historia-decor-poele-du-chef-26-cm\/\" \/>\n<meta property=\"og:site_name\" content=\"dev6 Erresse\" \/>\n<meta property=\"og:image\" content=\"https:\/\/interpim.erresse-shop.it\/Import\/Prodotti\/products-3231a.jpg\" \/><meta property=\"og:image\" content=\"https:\/\/interpim.erresse-shop.it\/Import\/Prodotti\/products-3231a.jpg\" \/>\n\t<meta property=\"og:image:width\" content=\"1024\" \/>\n\t<meta property=\"og:image:height\" content=\"1024\" \/>\n\t<meta property=\"og:image:type\" content=\"image\/jpeg\" \/>\n<meta name=\"twitter:card\" content=\"summary_large_image\" \/>\n<meta name=\"twitter:image\" content=\"https:\/\/interpim.erresse-shop.it\/Import\/Prodotti\/products-3231a.jpg\" \/>\n<script type=\"application\/ld+json\" class=\"yoast-schema-graph\">{\"@context\":\"https:\/\/schema.org\",\"@graph\":[{\"@type\":\"WebPage\",\"@id\":\"https:\/\/dev6.erresse-shop.it\/fr\/shop\/poeles-pots\/ruffoni-historia-decor-poele-du-chef-26-cm\/\",\"url\":\"https:\/\/dev6.erresse-shop.it\/fr\/shop\/poeles-pots\/ruffoni-historia-decor-poele-du-chef-26-cm\/\",\"name\":\"RUFFONI Historia Decor Po\u00eale du Chef 26 cm - dev6 Erresse\",\"isPartOf\":{\"@id\":\"https:\/\/dev6.erresse-shop.it\/#website\"},\"primaryImageOfPage\":{\"@id\":\"https:\/\/dev6.erresse-shop.it\/fr\/shop\/poeles-pots\/ruffoni-historia-decor-poele-du-chef-26-cm\/#primaryimage\"},\"image\":{\"@id\":\"https:\/\/dev6.erresse-shop.it\/fr\/shop\/poeles-pots\/ruffoni-historia-decor-poele-du-chef-26-cm\/#primaryimage\"},\"thumbnailUrl\":\"https:\/\/i0.wp.com\/interpim.erresse-shop.it\/Import\/Prodotti\/products-3231a.jpg?ssl=1\",\"datePublished\":\"2026-04-04T06:09:29+00:00\",\"description\":\"Les l\u00e9gendaires ustensiles de cuisine en cuivre martel\u00e9 doubl\u00e9s d\u2019\u00e9tain avec lesquels nous revivons des si\u00e8cles d\u2019histoire, d\u2019exp\u00e9rience et de traditions.\",\"breadcrumb\":{\"@id\":\"https:\/\/dev6.erresse-shop.it\/fr\/shop\/poeles-pots\/ruffoni-historia-decor-poele-du-chef-26-cm\/#breadcrumb\"},\"inLanguage\":\"fr-FR\",\"potentialAction\":[{\"@type\":\"ReadAction\",\"target\":[\"https:\/\/dev6.erresse-shop.it\/fr\/shop\/poeles-pots\/ruffoni-historia-decor-poele-du-chef-26-cm\/\"]}]},{\"@type\":\"ImageObject\",\"inLanguage\":\"fr-FR\",\"@id\":\"https:\/\/dev6.erresse-shop.it\/fr\/shop\/poeles-pots\/ruffoni-historia-decor-poele-du-chef-26-cm\/#primaryimage\",\"url\":\"https:\/\/i0.wp.com\/interpim.erresse-shop.it\/Import\/Prodotti\/products-3231a.jpg?ssl=1\",\"contentUrl\":\"https:\/\/i0.wp.com\/interpim.erresse-shop.it\/Import\/Prodotti\/products-3231a.jpg?ssl=1\"},{\"@type\":\"BreadcrumbList\",\"@id\":\"https:\/\/dev6.erresse-shop.it\/fr\/shop\/poeles-pots\/ruffoni-historia-decor-poele-du-chef-26-cm\/#breadcrumb\",\"itemListElement\":[{\"@type\":\"ListItem\",\"position\":1,\"name\":\"Home\",\"item\":\"https:\/\/dev6.erresse-shop.it\/\"},{\"@type\":\"ListItem\",\"position\":2,\"name\":\"Boutique\",\"item\":\"https:\/\/dev6.erresse-shop.it\/shop\/\"},{\"@type\":\"ListItem\",\"position\":3,\"name\":\"RUFFONI Historia Decor Po\u00eale du Chef 26 cm\"}]},{\"@type\":\"WebSite\",\"@id\":\"https:\/\/dev6.erresse-shop.it\/#website\",\"url\":\"https:\/\/dev6.erresse-shop.it\/\",\"name\":\"Erresse Shop\",\"description\":\"\",\"publisher\":{\"@id\":\"https:\/\/dev6.erresse-shop.it\/#organization\"},\"potentialAction\":[{\"@type\":\"SearchAction\",\"target\":{\"@type\":\"EntryPoint\",\"urlTemplate\":\"https:\/\/dev6.erresse-shop.it\/?s={search_term_string}\"},\"query-input\":{\"@type\":\"PropertyValueSpecification\",\"valueRequired\":true,\"valueName\":\"search_term_string\"}}],\"inLanguage\":\"fr-FR\"},{\"@type\":\"Organization\",\"@id\":\"https:\/\/dev6.erresse-shop.it\/#organization\",\"name\":\"Erresse Shop\",\"url\":\"https:\/\/dev6.erresse-shop.it\/\",\"logo\":{\"@type\":\"ImageObject\",\"inLanguage\":\"fr-FR\",\"@id\":\"https:\/\/dev6.erresse-shop.it\/#\/schema\/logo\/image\/\",\"url\":\"https:\/\/dev6.erresse-shop.it\/wp-content\/uploads\/2025\/01\/LOGO-ERRESSE-CLASSICO.svg\",\"contentUrl\":\"https:\/\/dev6.erresse-shop.it\/wp-content\/uploads\/2025\/01\/LOGO-ERRESSE-CLASSICO.svg\",\"caption\":\"Erresse Shop\"},\"image\":{\"@id\":\"https:\/\/dev6.erresse-shop.it\/#\/schema\/logo\/image\/\"}}]}<\/script>\n<!-- \/ Yoast SEO plugin. -->","yoast_head_json":{"title":"RUFFONI Historia Decor Po\u00eale du Chef 26 cm - dev6 Erresse","description":"Les l\u00e9gendaires ustensiles de cuisine en cuivre martel\u00e9 doubl\u00e9s d\u2019\u00e9tain avec lesquels nous revivons des si\u00e8cles d\u2019histoire, d\u2019exp\u00e9rience et de traditions.","robots":{"index":"noindex","follow":"follow","max-snippet":"max-snippet:-1","max-image-preview":"max-image-preview:large","max-video-preview":"max-video-preview:-1"},"og_locale":"fr_FR","og_type":"article","og_title":"RUFFONI Historia Decor Po\u00eale du Chef 26 cm - dev6 Erresse","og_description":"Les l\u00e9gendaires ustensiles de cuisine en cuivre martel\u00e9 doubl\u00e9s d\u2019\u00e9tain avec lesquels nous revivons des si\u00e8cles d\u2019histoire, d\u2019exp\u00e9rience et de traditions.","og_url":"https:\/\/dev6.erresse-shop.it\/fr\/shop\/poeles-pots\/ruffoni-historia-decor-poele-du-chef-26-cm\/","og_site_name":"dev6 Erresse","og_image":[{"url":"https:\/\/interpim.erresse-shop.it\/Import\/Prodotti\/products-3231a.jpg","type":"","width":"","height":""},{"url":"https:\/\/interpim.erresse-shop.it\/Import\/Prodotti\/products-3231a.jpg","width":1024,"height":1024,"type":"image\/jpeg"}],"twitter_card":"summary_large_image","twitter_image":"https:\/\/interpim.erresse-shop.it\/Import\/Prodotti\/products-3231a.jpg","schema":{"@context":"https:\/\/schema.org","@graph":[{"@type":"WebPage","@id":"https:\/\/dev6.erresse-shop.it\/fr\/shop\/poeles-pots\/ruffoni-historia-decor-poele-du-chef-26-cm\/","url":"https:\/\/dev6.erresse-shop.it\/fr\/shop\/poeles-pots\/ruffoni-historia-decor-poele-du-chef-26-cm\/","name":"RUFFONI Historia Decor Po\u00eale du Chef 26 cm - dev6 Erresse","isPartOf":{"@id":"https:\/\/dev6.erresse-shop.it\/#website"},"primaryImageOfPage":{"@id":"https:\/\/dev6.erresse-shop.it\/fr\/shop\/poeles-pots\/ruffoni-historia-decor-poele-du-chef-26-cm\/#primaryimage"},"image":{"@id":"https:\/\/dev6.erresse-shop.it\/fr\/shop\/poeles-pots\/ruffoni-historia-decor-poele-du-chef-26-cm\/#primaryimage"},"thumbnailUrl":"https:\/\/i0.wp.com\/interpim.erresse-shop.it\/Import\/Prodotti\/products-3231a.jpg?ssl=1","datePublished":"2026-04-04T06:09:29+00:00","description":"Les l\u00e9gendaires ustensiles de cuisine en cuivre martel\u00e9 doubl\u00e9s d\u2019\u00e9tain avec lesquels nous revivons des si\u00e8cles d\u2019histoire, d\u2019exp\u00e9rience et de traditions.","breadcrumb":{"@id":"https:\/\/dev6.erresse-shop.it\/fr\/shop\/poeles-pots\/ruffoni-historia-decor-poele-du-chef-26-cm\/#breadcrumb"},"inLanguage":"fr-FR","potentialAction":[{"@type":"ReadAction","target":["https:\/\/dev6.erresse-shop.it\/fr\/shop\/poeles-pots\/ruffoni-historia-decor-poele-du-chef-26-cm\/"]}]},{"@type":"ImageObject","inLanguage":"fr-FR","@id":"https:\/\/dev6.erresse-shop.it\/fr\/shop\/poeles-pots\/ruffoni-historia-decor-poele-du-chef-26-cm\/#primaryimage","url":"https:\/\/i0.wp.com\/interpim.erresse-shop.it\/Import\/Prodotti\/products-3231a.jpg?ssl=1","contentUrl":"https:\/\/i0.wp.com\/interpim.erresse-shop.it\/Import\/Prodotti\/products-3231a.jpg?ssl=1"},{"@type":"BreadcrumbList","@id":"https:\/\/dev6.erresse-shop.it\/fr\/shop\/poeles-pots\/ruffoni-historia-decor-poele-du-chef-26-cm\/#breadcrumb","itemListElement":[{"@type":"ListItem","position":1,"name":"Home","item":"https:\/\/dev6.erresse-shop.it\/"},{"@type":"ListItem","position":2,"name":"Boutique","item":"https:\/\/dev6.erresse-shop.it\/shop\/"},{"@type":"ListItem","position":3,"name":"RUFFONI Historia Decor Po\u00eale du Chef 26 cm"}]},{"@type":"WebSite","@id":"https:\/\/dev6.erresse-shop.it\/#website","url":"https:\/\/dev6.erresse-shop.it\/","name":"Erresse Shop","description":"","publisher":{"@id":"https:\/\/dev6.erresse-shop.it\/#organization"},"potentialAction":[{"@type":"SearchAction","target":{"@type":"EntryPoint","urlTemplate":"https:\/\/dev6.erresse-shop.it\/?s={search_term_string}"},"query-input":{"@type":"PropertyValueSpecification","valueRequired":true,"valueName":"search_term_string"}}],"inLanguage":"fr-FR"},{"@type":"Organization","@id":"https:\/\/dev6.erresse-shop.it\/#organization","name":"Erresse Shop","url":"https:\/\/dev6.erresse-shop.it\/","logo":{"@type":"ImageObject","inLanguage":"fr-FR","@id":"https:\/\/dev6.erresse-shop.it\/#\/schema\/logo\/image\/","url":"https:\/\/dev6.erresse-shop.it\/wp-content\/uploads\/2025\/01\/LOGO-ERRESSE-CLASSICO.svg","contentUrl":"https:\/\/dev6.erresse-shop.it\/wp-content\/uploads\/2025\/01\/LOGO-ERRESSE-CLASSICO.svg","caption":"Erresse Shop"},"image":{"@id":"https:\/\/dev6.erresse-shop.it\/#\/schema\/logo\/image\/"}}]}},"df_price":209.95,"df_sale_price":209.95,"df_regular_price":298,"df_image_link":"https:\/\/i0.wp.com\/interpim.erresse-shop.it\/Import\/Prodotti\/products-3231a.jpg?resize=300,300&ssl=1","fifu_image_url":"https:\/\/interpim.erresse-shop.it\/Import\/Prodotti\/products-3231a.jpg","_links":{"self":[{"href":"https:\/\/dev6.erresse-shop.it\/fr\/wp-json\/wp\/v2\/product\/57391","targetHints":{"allow":["GET"]}}],"collection":[{"href":"https:\/\/dev6.erresse-shop.it\/fr\/wp-json\/wp\/v2\/product"}],"about":[{"href":"https:\/\/dev6.erresse-shop.it\/fr\/wp-json\/wp\/v2\/types\/product"}],"wp:featuredmedia":[{"embeddable":true,"href":"https:\/\/dev6.erresse-shop.it\/fr\/wp-json\/wp\/v2\/media\/6258922"}],"wp:attachment":[{"href":"https:\/\/dev6.erresse-shop.it\/fr\/wp-json\/wp\/v2\/media?parent=57391"}],"wp:term":[{"taxonomy":"product_cat","embeddable":true,"href":"https:\/\/dev6.erresse-shop.it\/fr\/wp-json\/wp\/v2\/product_cat?post=57391"},{"taxonomy":"product_tag","embeddable":true,"href":"https:\/\/dev6.erresse-shop.it\/fr\/wp-json\/wp\/v2\/product_tag?post=57391"}],"curies":[{"name":"wp","href":"https:\/\/api.w.org\/{rel}","templated":true}]}}