{"id":57259,"date":"2026-04-12T08:09:40","date_gmt":"2026-04-12T06:09:40","guid":{"rendered":"https:\/\/dev6.erresse-shop.it\/shop\/non%20class\u00e9\/smeg-machine-a-cafe-esthetique-annees-50-rouge\/"},"modified":"2025-07-04T15:42:16","modified_gmt":"2025-07-04T13:42:16","slug":"smeg-machine-a-cafe-esthetique-annees-50-rouge","status":"publish","type":"product","link":"https:\/\/dev6.erresse-shop.it\/fr\/shop\/petits-electromenagers\/machines-cafe\/manuels\/smeg-machine-a-cafe-esthetique-annees-50-rouge\/","title":{"rendered":"SMEG Machine \u00e0 caf\u00e9 Esth\u00e9tique Ann\u00e9es &#8217;50 Rouge"},"content":{"rendered":"<p>Good Design Awards<br \/>\nRed Dot Design Awards<\/p>\n<p>TYPE<br \/>\nType: Expresso<br \/>\nPuissance: 1350 W<\/p>\n<p>ESTH\u00c9TIQUE<br \/>\nEsth\u00e9tique: Ann\u00e9es 50<br \/>\nCouleur du corps: Rose<br \/>\nMat\u00e9riau du corps: Inox \/plastique<br \/>\nCouleur de la base: Chrom\u00e9 brillant<br \/>\nMat\u00e9riau boiler: Inox<br \/>\nMat\u00e9riau de la base: Plastique<br \/>\nCouleur bague support filtre: Gris<br \/>\nMat\u00e9riau bague support filtre: Pastique<br \/>\nMat\u00e9riau support filtre: Inox<br \/>\nMat\u00e9riau chauffe-tasses: Inox<br \/>\nMat\u00e9riau cuvette recueille-gouttes: Plastique<br \/>\nCouleur support de grandes tasses: Gris<br \/>\nMat\u00e9riau support \u00e0 tasses: Inox<br \/>\nMat\u00e9riau support \u00e0 tasses grandes: Plastique<br \/>\nMat\u00e9riau buse vapeur\/eau chaude: Inox<br \/>\nCouleur joint buse \u00e0 eau\/vapeur: Gris<\/p>\n<p>COMMANDES<br \/>\nType de commandes: Touches, Levier<br \/>\nNombre touches: 3<br \/>\nCouleur touches: Silver<br \/>\nMat\u00e9riau touches: Plastique<\/p>\n<p>PROGRAMMES \/ FONCTIONS<br \/>\nFonction caf\u00e9 simple: Oui<br \/>\nFonction caf\u00e9 double: Oui<br \/>\nFonction eau chaude pour th\u00e9 ou boissons chaudes: Oui<br \/>\nFonction veille r\u00e9glable: Oui<br \/>\nFonction veille programmable: 9 min\/30 min\/3 heures<br \/>\nLongueur du caf\u00e9 r\u00e9glable: Oui<br \/>\nTemp\u00e9rature du caf\u00e9 r\u00e9glable: basse\/moyenne\/\u00e9lev\u00e9e<br \/>\nDuret\u00e9 de l\u2019eau programmable: l\u00e9g\u00e8re\/moyenne\/dure<br \/>\nIndicateur D\u00e9tartrage: Oui<\/p>\n<p>CARACT\u00c9RISTIQUES TECHNIQUES<br \/>\nCapacit\u00e9 du r\u00e9servoir d\u2019eau: 1 l<br \/>\nR\u00e9servoir d\u2019eau amovible: Oui<br \/>\nChauffe tasses: Passif<br \/>\nSyst\u00e8me de chauffe: Thermoblock<br \/>\nBase antid\u00e9rapante: Oui<br \/>\nTiroir recueille-goutte: Oui<br \/>\nBuse eau chaude\/ Vapeur: Oui<br \/>\nPression pompe: 15 bar<\/p>\n<p>RACCORDEMENT \u00c9LECTRIQUE<br \/>\nType de prise: Schuko<br \/>\nTension: 220-240 V<br \/>\nFr\u00e9quence: 50\/60 Hz<br \/>\nLongueur du c\u00e2ble: 1 m<\/p>\n<p>INFORMATIONS LOGISTIQUES<br \/>\nDimensions externes (H x L x P): 330x149x329 mm<br \/>\nPoids net: 4.700 kg<br \/>\nPoids brut: 6.700 kg<br \/>\nProfondeur du produit emball\u00e9: 410 mm<br \/>\nLargeur du produit emball\u00e9: 230 mm<br \/>\nHauteur du produit emball\u00e9: 420 mm<\/p>\n<p>ACCESSOIRES FOURNIS<br \/>\nFiltre 1 tasse: Oui<br \/>\nFiltre 2 tasses: Oui<br \/>\nCuill\u00e8re doseur\/tasseur caf\u00e9: Oui<br \/>\nFiltre pour dosettes papier: Oui<\/p>\n","protected":false},"excerpt":{"rendered":"<p>Good Design Awards Red Dot Design Awards TYPE Type: Expresso Puissance: 1350 W ESTH\u00c9TIQUE Esth\u00e9tique: Ann\u00e9es 50 Couleur du corps: Rose Mat\u00e9riau du corps: Inox \/plastique Couleur de la base: Chrom\u00e9 brillant Mat\u00e9riau boiler: Inox Mat\u00e9riau de la base: Plastique Couleur bague support filtre: Gris Mat\u00e9riau bague support filtre: Pastique Mat\u00e9riau support filtre: Inox Mat\u00e9riau [&hellip;]<\/p>\n","protected":false},"featured_media":6341983,"template":"","meta":{"_acf_changed":false},"product_cat":[12063,11766,12090,12055],"product_tag":[],"class_list":{"0":"post-57259","1":"product","2":"type-product","3":"status-publish","4":"has-post-thumbnail","6":"product_cat-machines-cafe","7":"product_cat-manuali","8":"product_cat-manuels","9":"product_cat-petits-electromenagers","11":"first","12":"outofstock","13":"sale","14":"taxable","15":"shipping-taxable","16":"purchasable","17":"product-type-simple","swatches":"rey-swatches","show_selected":"","stretch_labels":"rey-swatches--stretch-labels"},"acf":[],"yoast_head":"<!-- This site is optimized with the Yoast SEO plugin v25.4 - https:\/\/yoast.com\/wordpress\/plugins\/seo\/ -->\n<title>SMEG Machine \u00e0 caf\u00e9 Esth\u00e9tique Ann\u00e9es &#8217;50 Rouge - dev6 Erresse<\/title>\n<meta name=\"description\" content=\"Good Design Awards Red Dot Design Awards TYPE Type: Expresso Puissance: 1350 W ESTH\u00c9TIQUE Esth\u00e9tique: Ann\u00e9es 50 Couleur du corps: Rose Mat\u00e9riau du corps:\" \/>\n<meta name=\"robots\" content=\"noindex, follow, max-snippet:-1, max-image-preview:large, max-video-preview:-1\" \/>\n<meta property=\"og:locale\" content=\"fr_FR\" \/>\n<meta property=\"og:type\" content=\"article\" \/>\n<meta property=\"og:title\" content=\"SMEG Machine \u00e0 caf\u00e9 Esth\u00e9tique Ann\u00e9es &#8217;50 Rouge - dev6 Erresse\" \/>\n<meta property=\"og:description\" content=\"Good Design Awards Red Dot Design Awards TYPE Type: Expresso Puissance: 1350 W ESTH\u00c9TIQUE Esth\u00e9tique: Ann\u00e9es 50 Couleur du corps: Rose Mat\u00e9riau du corps:\" \/>\n<meta property=\"og:url\" content=\"https:\/\/dev6.erresse-shop.it\/fr\/shop\/petits-electromenagers\/machines-cafe\/manuels\/smeg-machine-a-cafe-esthetique-annees-50-rouge\/\" \/>\n<meta property=\"og:site_name\" content=\"dev6 Erresse\" \/>\n<meta property=\"og:image\" content=\"https:\/\/interpim.erresse-shop.it\/Import\/Prodotti\/smeg-estetica-anni-50-macchina-da-caffe-rosso.jpg\" \/><meta property=\"og:image\" content=\"https:\/\/interpim.erresse-shop.it\/Import\/Prodotti\/smeg-estetica-anni-50-macchina-da-caffe-rosso.jpg\" \/>\n\t<meta property=\"og:image:width\" content=\"1024\" \/>\n\t<meta property=\"og:image:height\" content=\"1024\" \/>\n\t<meta property=\"og:image:type\" content=\"image\/jpeg\" \/>\n<meta name=\"twitter:card\" content=\"summary_large_image\" \/>\n<meta name=\"twitter:image\" content=\"https:\/\/interpim.erresse-shop.it\/Import\/Prodotti\/smeg-estetica-anni-50-macchina-da-caffe-rosso.jpg\" \/>\n<script type=\"application\/ld+json\" class=\"yoast-schema-graph\">{\"@context\":\"https:\/\/schema.org\",\"@graph\":[{\"@type\":\"WebPage\",\"@id\":\"https:\/\/dev6.erresse-shop.it\/fr\/shop\/petits-electromenagers\/machines-cafe\/manuels\/smeg-machine-a-cafe-esthetique-annees-50-rouge\/\",\"url\":\"https:\/\/dev6.erresse-shop.it\/fr\/shop\/petits-electromenagers\/machines-cafe\/manuels\/smeg-machine-a-cafe-esthetique-annees-50-rouge\/\",\"name\":\"SMEG Machine \u00e0 caf\u00e9 Esth\u00e9tique Ann\u00e9es &#8217;50 Rouge - dev6 Erresse\",\"isPartOf\":{\"@id\":\"https:\/\/dev6.erresse-shop.it\/#website\"},\"primaryImageOfPage\":{\"@id\":\"https:\/\/dev6.erresse-shop.it\/fr\/shop\/petits-electromenagers\/machines-cafe\/manuels\/smeg-machine-a-cafe-esthetique-annees-50-rouge\/#primaryimage\"},\"image\":{\"@id\":\"https:\/\/dev6.erresse-shop.it\/fr\/shop\/petits-electromenagers\/machines-cafe\/manuels\/smeg-machine-a-cafe-esthetique-annees-50-rouge\/#primaryimage\"},\"thumbnailUrl\":\"https:\/\/i0.wp.com\/interpim.erresse-shop.it\/Import\/Prodotti\/smeg-estetica-anni-50-macchina-da-caffe-rosso.jpg?ssl=1\",\"datePublished\":\"2026-04-12T06:09:40+00:00\",\"description\":\"Good Design Awards Red Dot Design Awards TYPE Type: Expresso Puissance: 1350 W ESTH\u00c9TIQUE Esth\u00e9tique: Ann\u00e9es 50 Couleur du corps: Rose Mat\u00e9riau du corps:\",\"breadcrumb\":{\"@id\":\"https:\/\/dev6.erresse-shop.it\/fr\/shop\/petits-electromenagers\/machines-cafe\/manuels\/smeg-machine-a-cafe-esthetique-annees-50-rouge\/#breadcrumb\"},\"inLanguage\":\"fr-FR\",\"potentialAction\":[{\"@type\":\"ReadAction\",\"target\":[\"https:\/\/dev6.erresse-shop.it\/fr\/shop\/petits-electromenagers\/machines-cafe\/manuels\/smeg-machine-a-cafe-esthetique-annees-50-rouge\/\"]}]},{\"@type\":\"ImageObject\",\"inLanguage\":\"fr-FR\",\"@id\":\"https:\/\/dev6.erresse-shop.it\/fr\/shop\/petits-electromenagers\/machines-cafe\/manuels\/smeg-machine-a-cafe-esthetique-annees-50-rouge\/#primaryimage\",\"url\":\"https:\/\/i0.wp.com\/interpim.erresse-shop.it\/Import\/Prodotti\/smeg-estetica-anni-50-macchina-da-caffe-rosso.jpg?ssl=1\",\"contentUrl\":\"https:\/\/i0.wp.com\/interpim.erresse-shop.it\/Import\/Prodotti\/smeg-estetica-anni-50-macchina-da-caffe-rosso.jpg?ssl=1\"},{\"@type\":\"BreadcrumbList\",\"@id\":\"https:\/\/dev6.erresse-shop.it\/fr\/shop\/petits-electromenagers\/machines-cafe\/manuels\/smeg-machine-a-cafe-esthetique-annees-50-rouge\/#breadcrumb\",\"itemListElement\":[{\"@type\":\"ListItem\",\"position\":1,\"name\":\"Home\",\"item\":\"https:\/\/dev6.erresse-shop.it\/\"},{\"@type\":\"ListItem\",\"position\":2,\"name\":\"Boutique\",\"item\":\"https:\/\/dev6.erresse-shop.it\/shop\/\"},{\"@type\":\"ListItem\",\"position\":3,\"name\":\"SMEG Machine \u00e0 caf\u00e9 Esth\u00e9tique Ann\u00e9es &#8217;50 Rouge\"}]},{\"@type\":\"WebSite\",\"@id\":\"https:\/\/dev6.erresse-shop.it\/#website\",\"url\":\"https:\/\/dev6.erresse-shop.it\/\",\"name\":\"Erresse Shop\",\"description\":\"\",\"publisher\":{\"@id\":\"https:\/\/dev6.erresse-shop.it\/#organization\"},\"potentialAction\":[{\"@type\":\"SearchAction\",\"target\":{\"@type\":\"EntryPoint\",\"urlTemplate\":\"https:\/\/dev6.erresse-shop.it\/?s={search_term_string}\"},\"query-input\":{\"@type\":\"PropertyValueSpecification\",\"valueRequired\":true,\"valueName\":\"search_term_string\"}}],\"inLanguage\":\"fr-FR\"},{\"@type\":\"Organization\",\"@id\":\"https:\/\/dev6.erresse-shop.it\/#organization\",\"name\":\"Erresse Shop\",\"url\":\"https:\/\/dev6.erresse-shop.it\/\",\"logo\":{\"@type\":\"ImageObject\",\"inLanguage\":\"fr-FR\",\"@id\":\"https:\/\/dev6.erresse-shop.it\/#\/schema\/logo\/image\/\",\"url\":\"https:\/\/dev6.erresse-shop.it\/wp-content\/uploads\/2025\/01\/LOGO-ERRESSE-CLASSICO.svg\",\"contentUrl\":\"https:\/\/dev6.erresse-shop.it\/wp-content\/uploads\/2025\/01\/LOGO-ERRESSE-CLASSICO.svg\",\"caption\":\"Erresse Shop\"},\"image\":{\"@id\":\"https:\/\/dev6.erresse-shop.it\/#\/schema\/logo\/image\/\"}}]}<\/script>\n<!-- \/ Yoast SEO plugin. -->","yoast_head_json":{"title":"SMEG Machine \u00e0 caf\u00e9 Esth\u00e9tique Ann\u00e9es &#8217;50 Rouge - dev6 Erresse","description":"Good Design Awards Red Dot Design Awards TYPE Type: Expresso Puissance: 1350 W ESTH\u00c9TIQUE Esth\u00e9tique: Ann\u00e9es 50 Couleur du corps: Rose Mat\u00e9riau du corps:","robots":{"index":"noindex","follow":"follow","max-snippet":"max-snippet:-1","max-image-preview":"max-image-preview:large","max-video-preview":"max-video-preview:-1"},"og_locale":"fr_FR","og_type":"article","og_title":"SMEG Machine \u00e0 caf\u00e9 Esth\u00e9tique Ann\u00e9es &#8217;50 Rouge - dev6 Erresse","og_description":"Good Design Awards Red Dot Design Awards TYPE Type: Expresso Puissance: 1350 W ESTH\u00c9TIQUE Esth\u00e9tique: Ann\u00e9es 50 Couleur du corps: Rose Mat\u00e9riau du corps:","og_url":"https:\/\/dev6.erresse-shop.it\/fr\/shop\/petits-electromenagers\/machines-cafe\/manuels\/smeg-machine-a-cafe-esthetique-annees-50-rouge\/","og_site_name":"dev6 Erresse","og_image":[{"url":"https:\/\/interpim.erresse-shop.it\/Import\/Prodotti\/smeg-estetica-anni-50-macchina-da-caffe-rosso.jpg","type":"","width":"","height":""},{"url":"https:\/\/interpim.erresse-shop.it\/Import\/Prodotti\/smeg-estetica-anni-50-macchina-da-caffe-rosso.jpg","width":1024,"height":1024,"type":"image\/jpeg"}],"twitter_card":"summary_large_image","twitter_image":"https:\/\/interpim.erresse-shop.it\/Import\/Prodotti\/smeg-estetica-anni-50-macchina-da-caffe-rosso.jpg","schema":{"@context":"https:\/\/schema.org","@graph":[{"@type":"WebPage","@id":"https:\/\/dev6.erresse-shop.it\/fr\/shop\/petits-electromenagers\/machines-cafe\/manuels\/smeg-machine-a-cafe-esthetique-annees-50-rouge\/","url":"https:\/\/dev6.erresse-shop.it\/fr\/shop\/petits-electromenagers\/machines-cafe\/manuels\/smeg-machine-a-cafe-esthetique-annees-50-rouge\/","name":"SMEG Machine \u00e0 caf\u00e9 Esth\u00e9tique Ann\u00e9es &#8217;50 Rouge - dev6 Erresse","isPartOf":{"@id":"https:\/\/dev6.erresse-shop.it\/#website"},"primaryImageOfPage":{"@id":"https:\/\/dev6.erresse-shop.it\/fr\/shop\/petits-electromenagers\/machines-cafe\/manuels\/smeg-machine-a-cafe-esthetique-annees-50-rouge\/#primaryimage"},"image":{"@id":"https:\/\/dev6.erresse-shop.it\/fr\/shop\/petits-electromenagers\/machines-cafe\/manuels\/smeg-machine-a-cafe-esthetique-annees-50-rouge\/#primaryimage"},"thumbnailUrl":"https:\/\/i0.wp.com\/interpim.erresse-shop.it\/Import\/Prodotti\/smeg-estetica-anni-50-macchina-da-caffe-rosso.jpg?ssl=1","datePublished":"2026-04-12T06:09:40+00:00","description":"Good Design Awards Red Dot Design Awards TYPE Type: Expresso Puissance: 1350 W ESTH\u00c9TIQUE Esth\u00e9tique: Ann\u00e9es 50 Couleur du corps: Rose Mat\u00e9riau du corps:","breadcrumb":{"@id":"https:\/\/dev6.erresse-shop.it\/fr\/shop\/petits-electromenagers\/machines-cafe\/manuels\/smeg-machine-a-cafe-esthetique-annees-50-rouge\/#breadcrumb"},"inLanguage":"fr-FR","potentialAction":[{"@type":"ReadAction","target":["https:\/\/dev6.erresse-shop.it\/fr\/shop\/petits-electromenagers\/machines-cafe\/manuels\/smeg-machine-a-cafe-esthetique-annees-50-rouge\/"]}]},{"@type":"ImageObject","inLanguage":"fr-FR","@id":"https:\/\/dev6.erresse-shop.it\/fr\/shop\/petits-electromenagers\/machines-cafe\/manuels\/smeg-machine-a-cafe-esthetique-annees-50-rouge\/#primaryimage","url":"https:\/\/i0.wp.com\/interpim.erresse-shop.it\/Import\/Prodotti\/smeg-estetica-anni-50-macchina-da-caffe-rosso.jpg?ssl=1","contentUrl":"https:\/\/i0.wp.com\/interpim.erresse-shop.it\/Import\/Prodotti\/smeg-estetica-anni-50-macchina-da-caffe-rosso.jpg?ssl=1"},{"@type":"BreadcrumbList","@id":"https:\/\/dev6.erresse-shop.it\/fr\/shop\/petits-electromenagers\/machines-cafe\/manuels\/smeg-machine-a-cafe-esthetique-annees-50-rouge\/#breadcrumb","itemListElement":[{"@type":"ListItem","position":1,"name":"Home","item":"https:\/\/dev6.erresse-shop.it\/"},{"@type":"ListItem","position":2,"name":"Boutique","item":"https:\/\/dev6.erresse-shop.it\/shop\/"},{"@type":"ListItem","position":3,"name":"SMEG Machine \u00e0 caf\u00e9 Esth\u00e9tique Ann\u00e9es &#8217;50 Rouge"}]},{"@type":"WebSite","@id":"https:\/\/dev6.erresse-shop.it\/#website","url":"https:\/\/dev6.erresse-shop.it\/","name":"Erresse Shop","description":"","publisher":{"@id":"https:\/\/dev6.erresse-shop.it\/#organization"},"potentialAction":[{"@type":"SearchAction","target":{"@type":"EntryPoint","urlTemplate":"https:\/\/dev6.erresse-shop.it\/?s={search_term_string}"},"query-input":{"@type":"PropertyValueSpecification","valueRequired":true,"valueName":"search_term_string"}}],"inLanguage":"fr-FR"},{"@type":"Organization","@id":"https:\/\/dev6.erresse-shop.it\/#organization","name":"Erresse Shop","url":"https:\/\/dev6.erresse-shop.it\/","logo":{"@type":"ImageObject","inLanguage":"fr-FR","@id":"https:\/\/dev6.erresse-shop.it\/#\/schema\/logo\/image\/","url":"https:\/\/dev6.erresse-shop.it\/wp-content\/uploads\/2025\/01\/LOGO-ERRESSE-CLASSICO.svg","contentUrl":"https:\/\/dev6.erresse-shop.it\/wp-content\/uploads\/2025\/01\/LOGO-ERRESSE-CLASSICO.svg","caption":"Erresse Shop"},"image":{"@id":"https:\/\/dev6.erresse-shop.it\/#\/schema\/logo\/image\/"}}]}},"df_price":349,"df_sale_price":349,"df_regular_price":369,"df_image_link":"https:\/\/i0.wp.com\/interpim.erresse-shop.it\/Import\/Prodotti\/smeg-estetica-anni-50-macchina-da-caffe-rosso.jpg?resize=300,300&ssl=1","fifu_image_url":"https:\/\/interpim.erresse-shop.it\/Import\/Prodotti\/smeg-estetica-anni-50-macchina-da-caffe-rosso.jpg","_links":{"self":[{"href":"https:\/\/dev6.erresse-shop.it\/fr\/wp-json\/wp\/v2\/product\/57259","targetHints":{"allow":["GET"]}}],"collection":[{"href":"https:\/\/dev6.erresse-shop.it\/fr\/wp-json\/wp\/v2\/product"}],"about":[{"href":"https:\/\/dev6.erresse-shop.it\/fr\/wp-json\/wp\/v2\/types\/product"}],"wp:featuredmedia":[{"embeddable":true,"href":"https:\/\/dev6.erresse-shop.it\/fr\/wp-json\/wp\/v2\/media\/6341983"}],"wp:attachment":[{"href":"https:\/\/dev6.erresse-shop.it\/fr\/wp-json\/wp\/v2\/media?parent=57259"}],"wp:term":[{"taxonomy":"product_cat","embeddable":true,"href":"https:\/\/dev6.erresse-shop.it\/fr\/wp-json\/wp\/v2\/product_cat?post=57259"},{"taxonomy":"product_tag","embeddable":true,"href":"https:\/\/dev6.erresse-shop.it\/fr\/wp-json\/wp\/v2\/product_tag?post=57259"}],"curies":[{"name":"wp","href":"https:\/\/api.w.org\/{rel}","templated":true}]}}