{"id":57163,"date":"2026-04-10T08:46:28","date_gmt":"2026-04-10T06:46:28","guid":{"rendered":"https:\/\/dev6.erresse-shop.it\/shop\/non%20class\u00e9\/gastrolux-poele-a-frire-haute-26-cm-poignee-amovible\/"},"modified":"2025-09-14T03:56:30","modified_gmt":"2025-09-14T01:56:30","slug":"gastrolux-poele-a-frire-haute-26-cm-poignee-amovible","status":"publish","type":"product","link":"https:\/\/dev6.erresse-shop.it\/fr\/shop\/poeles-pots\/gastrolux-poele-a-frire-haute-26-cm-poignee-amovible\/","title":{"rendered":"GASTROLUX Po\u00eale \u00e0 Frire Haute 26 cm Poign\u00e9e Amovible"},"content":{"rendered":"<p>L\u2019antiadh\u00e9sif \u00e0 l\u2019\u00e9preuve de la cuisson ! Maintenant avec poign\u00e9e amovible brevet\u00e9e. La batterie de cuisine Gastrolux est la premi\u00e8re \u00e0 \u00eatre produite gr\u00e2ce \u00e0 l\u2019application de la nanotechnologie, d\u00e9j\u00e0 utilis\u00e9e en astrophysique et, depuis peu, en chirurgie. Le tout nouveau syst\u00e8me consiste \u00e0 projeter des microparticules sur la surface \u00e0 traiter \u00e0 deux fois la vitesse du son et \u00e0 des temp\u00e9ratures extr\u00eamement \u00e9lev\u00e9es. Cette technologie mol\u00e9culaire est enrichie par BIOTAN : un traitement de surface antiadh\u00e9sif \u00e0 base de bioorganismes naturels qui garantit une duret\u00e9 extraordinaire et une r\u00e9sistance \u00e9lev\u00e9e \u00e0 l\u2019absorption d\u2019huile, cr\u00e9ant ainsi un syst\u00e8me de cuisson pratique et sain pour une cuisine nutritive et savoureuse. Grille antiadh\u00e9sive avec fond thermique ind\u00e9formable pour la distribution de la chaleur et l\u2019\u00e9conomie d\u2019\u00e9nergie. Corps en fonte d\u2019aluminium de 9 mm d\u2019\u00e9paisseur, avec bord renforc\u00e9 antichoc et poign\u00e9e suppl\u00e9mentaire confortable. Poign\u00e9e brevet\u00e9e sans vis ni rivets, r\u00e9sistante jusqu\u2019\u00e0 260\u00b0, adapt\u00e9e aux sources de chaleur suivantes : gaz, four, \u00e9lectricit\u00e9, vitroc\u00e9ramique et induction. Le gril permet de cuisiner sans fum\u00e9e. Rev\u00eatement garanti 2 ans, poign\u00e9e et base thermique garanties 10 ans.<\/p>\n","protected":false},"excerpt":{"rendered":"<p>L\u2019antiadh\u00e9sif \u00e0 l\u2019\u00e9preuve de la cuisson ! Maintenant avec poign\u00e9e amovible brevet\u00e9e. La batterie de cuisine Gastrolux est la premi\u00e8re \u00e0 \u00eatre produite gr\u00e2ce \u00e0 l\u2019application de la nanotechnologie, d\u00e9j\u00e0 utilis\u00e9e en astrophysique et, depuis peu, en chirurgie. Le tout nouveau syst\u00e8me consiste \u00e0 projeter des microparticules sur la surface \u00e0 traiter \u00e0 deux fois [&hellip;]<\/p>\n","protected":false},"featured_media":6300148,"template":"","meta":{"_acf_changed":false},"product_cat":[11991],"product_tag":[],"class_list":{"0":"post-57163","1":"product","2":"type-product","3":"status-publish","4":"has-post-thumbnail","6":"product_cat-poeles-pots","8":"first","9":"outofstock","10":"sale","11":"taxable","12":"shipping-taxable","13":"purchasable","14":"product-type-simple","swatches":"rey-swatches","show_selected":"","stretch_labels":"rey-swatches--stretch-labels"},"acf":[],"yoast_head":"<!-- This site is optimized with the Yoast SEO plugin v25.4 - https:\/\/yoast.com\/wordpress\/plugins\/seo\/ -->\n<title>GASTROLUX Po\u00eale \u00e0 Frire Haute 26 cm Poign\u00e9e Amovible - dev6 Erresse<\/title>\n<meta name=\"description\" content=\"L\u2019antiadh\u00e9sif \u00e0 l\u2019\u00e9preuve de la cuisson ! Maintenant avec poign\u00e9e amovible brevet\u00e9e. La batterie de cuisine Gastrolux est la premi\u00e8re \u00e0 \u00eatre produite\" \/>\n<meta name=\"robots\" content=\"noindex, follow, max-snippet:-1, max-image-preview:large, max-video-preview:-1\" \/>\n<meta property=\"og:locale\" content=\"fr_FR\" \/>\n<meta property=\"og:type\" content=\"article\" \/>\n<meta property=\"og:title\" content=\"GASTROLUX Po\u00eale \u00e0 Frire Haute 26 cm Poign\u00e9e Amovible - dev6 Erresse\" \/>\n<meta property=\"og:description\" content=\"L\u2019antiadh\u00e9sif \u00e0 l\u2019\u00e9preuve de la cuisson ! Maintenant avec poign\u00e9e amovible brevet\u00e9e. La batterie de cuisine Gastrolux est la premi\u00e8re \u00e0 \u00eatre produite\" \/>\n<meta property=\"og:url\" content=\"https:\/\/dev6.erresse-shop.it\/fr\/shop\/poeles-pots\/gastrolux-poele-a-frire-haute-26-cm-poignee-amovible\/\" \/>\n<meta property=\"og:site_name\" content=\"dev6 Erresse\" \/>\n<meta property=\"og:image\" content=\"https:\/\/interpim.erresse-shop.it\/Import\/Prodotti\/gastrolux-padella-alta-induzione-26-cm-manico-removibile.jpg\" \/><meta property=\"og:image\" content=\"https:\/\/interpim.erresse-shop.it\/Import\/Prodotti\/gastrolux-padella-alta-induzione-26-cm-manico-removibile.jpg\" \/>\n\t<meta property=\"og:image:width\" content=\"1024\" \/>\n\t<meta property=\"og:image:height\" content=\"1024\" \/>\n\t<meta property=\"og:image:type\" content=\"image\/jpeg\" \/>\n<meta name=\"twitter:card\" content=\"summary_large_image\" \/>\n<meta name=\"twitter:image\" content=\"https:\/\/interpim.erresse-shop.it\/Import\/Prodotti\/gastrolux-padella-alta-induzione-26-cm-manico-removibile.jpg\" \/>\n<script type=\"application\/ld+json\" class=\"yoast-schema-graph\">{\"@context\":\"https:\/\/schema.org\",\"@graph\":[{\"@type\":\"WebPage\",\"@id\":\"https:\/\/dev6.erresse-shop.it\/fr\/shop\/poeles-pots\/gastrolux-poele-a-frire-haute-26-cm-poignee-amovible\/\",\"url\":\"https:\/\/dev6.erresse-shop.it\/fr\/shop\/poeles-pots\/gastrolux-poele-a-frire-haute-26-cm-poignee-amovible\/\",\"name\":\"GASTROLUX Po\u00eale \u00e0 Frire Haute 26 cm Poign\u00e9e Amovible - dev6 Erresse\",\"isPartOf\":{\"@id\":\"https:\/\/dev6.erresse-shop.it\/#website\"},\"primaryImageOfPage\":{\"@id\":\"https:\/\/dev6.erresse-shop.it\/fr\/shop\/poeles-pots\/gastrolux-poele-a-frire-haute-26-cm-poignee-amovible\/#primaryimage\"},\"image\":{\"@id\":\"https:\/\/dev6.erresse-shop.it\/fr\/shop\/poeles-pots\/gastrolux-poele-a-frire-haute-26-cm-poignee-amovible\/#primaryimage\"},\"thumbnailUrl\":\"https:\/\/i1.wp.com\/interpim.erresse-shop.it\/Import\/Prodotti\/gastrolux-padella-alta-induzione-26-cm-manico-removibile.jpg?ssl=1\",\"datePublished\":\"2026-04-10T06:46:28+00:00\",\"description\":\"L\u2019antiadh\u00e9sif \u00e0 l\u2019\u00e9preuve de la cuisson ! Maintenant avec poign\u00e9e amovible brevet\u00e9e. La batterie de cuisine Gastrolux est la premi\u00e8re \u00e0 \u00eatre produite\",\"breadcrumb\":{\"@id\":\"https:\/\/dev6.erresse-shop.it\/fr\/shop\/poeles-pots\/gastrolux-poele-a-frire-haute-26-cm-poignee-amovible\/#breadcrumb\"},\"inLanguage\":\"fr-FR\",\"potentialAction\":[{\"@type\":\"ReadAction\",\"target\":[\"https:\/\/dev6.erresse-shop.it\/fr\/shop\/poeles-pots\/gastrolux-poele-a-frire-haute-26-cm-poignee-amovible\/\"]}]},{\"@type\":\"ImageObject\",\"inLanguage\":\"fr-FR\",\"@id\":\"https:\/\/dev6.erresse-shop.it\/fr\/shop\/poeles-pots\/gastrolux-poele-a-frire-haute-26-cm-poignee-amovible\/#primaryimage\",\"url\":\"https:\/\/i1.wp.com\/interpim.erresse-shop.it\/Import\/Prodotti\/gastrolux-padella-alta-induzione-26-cm-manico-removibile.jpg?ssl=1\",\"contentUrl\":\"https:\/\/i1.wp.com\/interpim.erresse-shop.it\/Import\/Prodotti\/gastrolux-padella-alta-induzione-26-cm-manico-removibile.jpg?ssl=1\"},{\"@type\":\"BreadcrumbList\",\"@id\":\"https:\/\/dev6.erresse-shop.it\/fr\/shop\/poeles-pots\/gastrolux-poele-a-frire-haute-26-cm-poignee-amovible\/#breadcrumb\",\"itemListElement\":[{\"@type\":\"ListItem\",\"position\":1,\"name\":\"Home\",\"item\":\"https:\/\/dev6.erresse-shop.it\/\"},{\"@type\":\"ListItem\",\"position\":2,\"name\":\"Boutique\",\"item\":\"https:\/\/dev6.erresse-shop.it\/shop\/\"},{\"@type\":\"ListItem\",\"position\":3,\"name\":\"GASTROLUX Po\u00eale \u00e0 Frire Haute 26 cm Poign\u00e9e Amovible\"}]},{\"@type\":\"WebSite\",\"@id\":\"https:\/\/dev6.erresse-shop.it\/#website\",\"url\":\"https:\/\/dev6.erresse-shop.it\/\",\"name\":\"Erresse Shop\",\"description\":\"\",\"publisher\":{\"@id\":\"https:\/\/dev6.erresse-shop.it\/#organization\"},\"potentialAction\":[{\"@type\":\"SearchAction\",\"target\":{\"@type\":\"EntryPoint\",\"urlTemplate\":\"https:\/\/dev6.erresse-shop.it\/?s={search_term_string}\"},\"query-input\":{\"@type\":\"PropertyValueSpecification\",\"valueRequired\":true,\"valueName\":\"search_term_string\"}}],\"inLanguage\":\"fr-FR\"},{\"@type\":\"Organization\",\"@id\":\"https:\/\/dev6.erresse-shop.it\/#organization\",\"name\":\"Erresse Shop\",\"url\":\"https:\/\/dev6.erresse-shop.it\/\",\"logo\":{\"@type\":\"ImageObject\",\"inLanguage\":\"fr-FR\",\"@id\":\"https:\/\/dev6.erresse-shop.it\/#\/schema\/logo\/image\/\",\"url\":\"https:\/\/dev6.erresse-shop.it\/wp-content\/uploads\/2025\/01\/LOGO-ERRESSE-CLASSICO.svg\",\"contentUrl\":\"https:\/\/dev6.erresse-shop.it\/wp-content\/uploads\/2025\/01\/LOGO-ERRESSE-CLASSICO.svg\",\"caption\":\"Erresse Shop\"},\"image\":{\"@id\":\"https:\/\/dev6.erresse-shop.it\/#\/schema\/logo\/image\/\"}}]}<\/script>\n<!-- \/ Yoast SEO plugin. -->","yoast_head_json":{"title":"GASTROLUX Po\u00eale \u00e0 Frire Haute 26 cm Poign\u00e9e Amovible - dev6 Erresse","description":"L\u2019antiadh\u00e9sif \u00e0 l\u2019\u00e9preuve de la cuisson ! Maintenant avec poign\u00e9e amovible brevet\u00e9e. La batterie de cuisine Gastrolux est la premi\u00e8re \u00e0 \u00eatre produite","robots":{"index":"noindex","follow":"follow","max-snippet":"max-snippet:-1","max-image-preview":"max-image-preview:large","max-video-preview":"max-video-preview:-1"},"og_locale":"fr_FR","og_type":"article","og_title":"GASTROLUX Po\u00eale \u00e0 Frire Haute 26 cm Poign\u00e9e Amovible - dev6 Erresse","og_description":"L\u2019antiadh\u00e9sif \u00e0 l\u2019\u00e9preuve de la cuisson ! Maintenant avec poign\u00e9e amovible brevet\u00e9e. La batterie de cuisine Gastrolux est la premi\u00e8re \u00e0 \u00eatre produite","og_url":"https:\/\/dev6.erresse-shop.it\/fr\/shop\/poeles-pots\/gastrolux-poele-a-frire-haute-26-cm-poignee-amovible\/","og_site_name":"dev6 Erresse","og_image":[{"url":"https:\/\/interpim.erresse-shop.it\/Import\/Prodotti\/gastrolux-padella-alta-induzione-26-cm-manico-removibile.jpg","type":"","width":"","height":""},{"url":"https:\/\/interpim.erresse-shop.it\/Import\/Prodotti\/gastrolux-padella-alta-induzione-26-cm-manico-removibile.jpg","width":1024,"height":1024,"type":"image\/jpeg"}],"twitter_card":"summary_large_image","twitter_image":"https:\/\/interpim.erresse-shop.it\/Import\/Prodotti\/gastrolux-padella-alta-induzione-26-cm-manico-removibile.jpg","schema":{"@context":"https:\/\/schema.org","@graph":[{"@type":"WebPage","@id":"https:\/\/dev6.erresse-shop.it\/fr\/shop\/poeles-pots\/gastrolux-poele-a-frire-haute-26-cm-poignee-amovible\/","url":"https:\/\/dev6.erresse-shop.it\/fr\/shop\/poeles-pots\/gastrolux-poele-a-frire-haute-26-cm-poignee-amovible\/","name":"GASTROLUX Po\u00eale \u00e0 Frire Haute 26 cm Poign\u00e9e Amovible - dev6 Erresse","isPartOf":{"@id":"https:\/\/dev6.erresse-shop.it\/#website"},"primaryImageOfPage":{"@id":"https:\/\/dev6.erresse-shop.it\/fr\/shop\/poeles-pots\/gastrolux-poele-a-frire-haute-26-cm-poignee-amovible\/#primaryimage"},"image":{"@id":"https:\/\/dev6.erresse-shop.it\/fr\/shop\/poeles-pots\/gastrolux-poele-a-frire-haute-26-cm-poignee-amovible\/#primaryimage"},"thumbnailUrl":"https:\/\/i1.wp.com\/interpim.erresse-shop.it\/Import\/Prodotti\/gastrolux-padella-alta-induzione-26-cm-manico-removibile.jpg?ssl=1","datePublished":"2026-04-10T06:46:28+00:00","description":"L\u2019antiadh\u00e9sif \u00e0 l\u2019\u00e9preuve de la cuisson ! Maintenant avec poign\u00e9e amovible brevet\u00e9e. La batterie de cuisine Gastrolux est la premi\u00e8re \u00e0 \u00eatre produite","breadcrumb":{"@id":"https:\/\/dev6.erresse-shop.it\/fr\/shop\/poeles-pots\/gastrolux-poele-a-frire-haute-26-cm-poignee-amovible\/#breadcrumb"},"inLanguage":"fr-FR","potentialAction":[{"@type":"ReadAction","target":["https:\/\/dev6.erresse-shop.it\/fr\/shop\/poeles-pots\/gastrolux-poele-a-frire-haute-26-cm-poignee-amovible\/"]}]},{"@type":"ImageObject","inLanguage":"fr-FR","@id":"https:\/\/dev6.erresse-shop.it\/fr\/shop\/poeles-pots\/gastrolux-poele-a-frire-haute-26-cm-poignee-amovible\/#primaryimage","url":"https:\/\/i1.wp.com\/interpim.erresse-shop.it\/Import\/Prodotti\/gastrolux-padella-alta-induzione-26-cm-manico-removibile.jpg?ssl=1","contentUrl":"https:\/\/i1.wp.com\/interpim.erresse-shop.it\/Import\/Prodotti\/gastrolux-padella-alta-induzione-26-cm-manico-removibile.jpg?ssl=1"},{"@type":"BreadcrumbList","@id":"https:\/\/dev6.erresse-shop.it\/fr\/shop\/poeles-pots\/gastrolux-poele-a-frire-haute-26-cm-poignee-amovible\/#breadcrumb","itemListElement":[{"@type":"ListItem","position":1,"name":"Home","item":"https:\/\/dev6.erresse-shop.it\/"},{"@type":"ListItem","position":2,"name":"Boutique","item":"https:\/\/dev6.erresse-shop.it\/shop\/"},{"@type":"ListItem","position":3,"name":"GASTROLUX Po\u00eale \u00e0 Frire Haute 26 cm Poign\u00e9e Amovible"}]},{"@type":"WebSite","@id":"https:\/\/dev6.erresse-shop.it\/#website","url":"https:\/\/dev6.erresse-shop.it\/","name":"Erresse Shop","description":"","publisher":{"@id":"https:\/\/dev6.erresse-shop.it\/#organization"},"potentialAction":[{"@type":"SearchAction","target":{"@type":"EntryPoint","urlTemplate":"https:\/\/dev6.erresse-shop.it\/?s={search_term_string}"},"query-input":{"@type":"PropertyValueSpecification","valueRequired":true,"valueName":"search_term_string"}}],"inLanguage":"fr-FR"},{"@type":"Organization","@id":"https:\/\/dev6.erresse-shop.it\/#organization","name":"Erresse Shop","url":"https:\/\/dev6.erresse-shop.it\/","logo":{"@type":"ImageObject","inLanguage":"fr-FR","@id":"https:\/\/dev6.erresse-shop.it\/#\/schema\/logo\/image\/","url":"https:\/\/dev6.erresse-shop.it\/wp-content\/uploads\/2025\/01\/LOGO-ERRESSE-CLASSICO.svg","contentUrl":"https:\/\/dev6.erresse-shop.it\/wp-content\/uploads\/2025\/01\/LOGO-ERRESSE-CLASSICO.svg","caption":"Erresse Shop"},"image":{"@id":"https:\/\/dev6.erresse-shop.it\/#\/schema\/logo\/image\/"}}]}},"df_price":129,"df_sale_price":129,"df_regular_price":164,"df_image_link":"https:\/\/i1.wp.com\/interpim.erresse-shop.it\/Import\/Prodotti\/gastrolux-padella-alta-induzione-26-cm-manico-removibile.jpg?resize=300,300&ssl=1","fifu_image_url":"https:\/\/interpim.erresse-shop.it\/Import\/Prodotti\/gastrolux-padella-alta-induzione-26-cm-manico-removibile.jpg","_links":{"self":[{"href":"https:\/\/dev6.erresse-shop.it\/fr\/wp-json\/wp\/v2\/product\/57163","targetHints":{"allow":["GET"]}}],"collection":[{"href":"https:\/\/dev6.erresse-shop.it\/fr\/wp-json\/wp\/v2\/product"}],"about":[{"href":"https:\/\/dev6.erresse-shop.it\/fr\/wp-json\/wp\/v2\/types\/product"}],"wp:featuredmedia":[{"embeddable":true,"href":"https:\/\/dev6.erresse-shop.it\/fr\/wp-json\/wp\/v2\/media\/6300148"}],"wp:attachment":[{"href":"https:\/\/dev6.erresse-shop.it\/fr\/wp-json\/wp\/v2\/media?parent=57163"}],"wp:term":[{"taxonomy":"product_cat","embeddable":true,"href":"https:\/\/dev6.erresse-shop.it\/fr\/wp-json\/wp\/v2\/product_cat?post=57163"},{"taxonomy":"product_tag","embeddable":true,"href":"https:\/\/dev6.erresse-shop.it\/fr\/wp-json\/wp\/v2\/product_tag?post=57163"}],"curies":[{"name":"wp","href":"https:\/\/api.w.org\/{rel}","templated":true}]}}