{"id":57139,"date":"2026-04-23T08:31:30","date_gmt":"2026-04-23T06:31:30","guid":{"rendered":"https:\/\/dev6.erresse-shop.it\/shop\/non%20class\u00e9\/magimix-cook-expert-chrome\/"},"modified":"2025-07-19T03:56:30","modified_gmt":"2025-07-19T01:56:30","slug":"magimix-cook-expert-chrome","status":"publish","type":"product","link":"https:\/\/dev6.erresse-shop.it\/fr\/shop\/petits-electromenagers\/robots-de-cuisine\/magimix-cook-expert-chrome\/","title":{"rendered":"MAGIMIX Cook Expert Chrome"},"content":{"rendered":"<p>COOK EXPERT<br \/>\nLe Robot Cooking vraiment multifonctionnel! Il vous aide \u00e0 cuisiner rapidement et facilement tous vos plats pr\u00e9f\u00e9r\u00e9s de l\u2019entr\u00e9e au dessert!<\/p>\n<p>Watch the video 1\u00a0 Watch the video 2<\/p>\n<p>Avec l\u2019application Cook Expert, passez gratuitement \u00e0 plusieurs centaines de recettes.Facile \u00e0 utiliser avec son \u00e9cran couleur num\u00e9rique et facilement lisible, Cook Expert est un robot simple d\u2019utilisation et facile \u00e0 programmer.La minuterie (de 5 secondes \u00e0 2 heures ) vous permet de mesurer facilement le temps de vos recettes.<br \/>\nAvec son programme AUTO, Cook Expert Magimix poss\u00e8de 12 recettes programm\u00e9es automatiquement pour une cuisson facile au quotidien: juste un bouton pour l\u2019activer.<br \/>\n\u2013 Cuisson: soupe de l\u00e9gumes, velout\u00e9e, cuisson \u00e0 feu lent, cuisson \u00e0 vaporeper cuisine l\u00e9g\u00e8re<br \/>\n\u2013 Boulangerie: pr\u00e9paration et lev\u00e9e de la p\u00e2te pour pain et croissants<br \/>\n\u2013 P\u00e2tisserie: pr\u00e9parer la p\u00e2te pour tartes, tartes, p\u00e2tes fra\u00eeches \u2026<br \/>\n\u2013 Blender: pr\u00e9paration de smoothies, sorbets et glacesMagimix avec Cook Expert repr\u00e9sente l\u2019\u00e9tat du robot de cuisson, un robot multifonctionnel et capable de cuisiner, ce qui vous permet de supprimer tout le mat\u00e9riel encombrant de cuisine.<br \/>\nMagimix Cook Expert est \u00e9quip\u00e9 de 4 plateaux et de nombreux accessoires, le Robot Cook Expert Magimix est polyvalent et complet.Dans chacun des Cook Expert vous avez trouv\u00e9 une casserole m\u00e9tallique pour la cuisson et 3 r\u00e9cipients transparents qui servent \u00e0 la pr\u00e9paration des bases \u00e0 \u00eatre Cook Expert Magimix est un vrai cuisinier, gr\u00e2ce \u00e0 son syst\u00e8me de chauffage \u00e0 induction, cuire de 31 \u00e0 140 \u00b0 C, ce qui en fait l\u2019un des robots culinaires avec le rendement de chaleur le plus \u00e9lev\u00e9 du march\u00e9.<br \/>\nLe Robot Magimix Kitchen Cook Expert dispose d\u2019un syst\u00e8me de contr\u00f4le de temp\u00e9rature tr\u00e8s pr\u00e9cis, et vous pouvez cuire vos aliments en toute confiance pour tirer le meilleur parti de vos pr\u00e9parations.<br \/>\nVous pouvez cuire \u00e0 feu doux, faire fondre lentement le chocolat et garder une sauce ou une soupe en temp\u00e9rature.<br \/>\nHaute performance, est capable de monter rapidement en temp\u00e9rature et permet d\u2019ajuster rapidement la cuisson. Cook Expert Magimix dispose d\u2019une fonction de nettoyage tr\u00e8s pratique: le \u201crin\u00e7age automatique\u201d qui facilite le nettoyage apr\u00e8s utilisation.<br \/>\nAjoutez de l\u2019eau froide avec une petite dose de savon pour lave-vaisselle, votre Cook Expert Magimix chauffe l\u2019eau \u00e0 40 \u00b0 et se lave automatiquement en 40 secondes.Nous ne devons rien faire d\u2019autre si vous ne rincez pas.<br \/>\nGr\u00e2ce \u00e0 son plateau en m\u00e9tal, d\u2019une capacit\u00e9 de 3,5 litres, vous pouvez cuisiner: \u2013 2,5 litres de soupe ou de soupe<br \/>\n\u2013 2,5 litres d\u2019aliments \u00e0 cuisson lente (riz, tajine, rago\u00fbt, rago\u00fbt)<br \/>\n\u2013 1 kg de pur\u00e9e \u2013 6 blancs d\u2019\u0153ufs battus raides (pour souffl\u00e9, g\u00e9noise) \u2013 0,6 kg de l\u00e9gumes cuits \u00e0 la vapeur (pommes de terre, carottes, brocoli)<br \/>\n\u2013 0,8 kg de p\u00e2te \u00e0 pain ou \u00e0 pizza \u2013 0,6 kg de p\u00e2te \u00e0 croissants<br \/>\n\u2013 1,2 kg de p\u00e2te \u00e0 g\u00e2teaux \u2013 400 g de fruits surgel\u00e9s (pour la pr\u00e9paration de glaces)<br \/>\nDot\u00e9 d\u2019une double paroi en acier inoxydable, le plateau Thermo vous permet de pr\u00e9parer vos repas \u00e0 l\u2019avance et de les garder au chaud pendant 2 heures.Son couvercle en verre avec joint \u00e0 100%, permet un 360 \u00b0 \u00e0 l\u2019int\u00e9rieur du bol.<br \/>\nLe bol en m\u00e9tal est plein de 4 accessoires:<br \/>\n\u2013 1 couteau universel pour braiser, mixer, p\u00e9trir, broyer la glace, m\u00e9langer directement dans le bol<br \/>\n\u2013 1 panier vapeur avec grille interm\u00e9diaire pour la cuisson de plats pauvres en gras<br \/>\n\u2013 1 m\u00e9langeur pour monter les blancs d\u2019oeufs jusqu\u2019\u00e0 ce qu\u2019ils soient fermes<br \/>\n\u2013 1 spatule sp\u00e9cialement pour le bassin permet de le vider et de mieux le nettoyerAvec 3 plateaux transparents, il remplit toutes les fonctions d\u2019un robot culinaire: \u2013 1 grand bol de 3,6 litres pour hacher et m\u00e9langer de grandes quantit\u00e9s (1,4 kg \u00e0 1,4 kg de l\u00e9gumes ou Viande)<br \/>\n\u2013 1 bol moyen de 2,6 litres pour trancher et r\u00e2per (concombres, carottes, chou)<br \/>\n\u2013 1 petit bol de 1,2 litre pour pr\u00e9parer des portions individuelles.<br \/>\nId\u00e9al pour m\u00e9langer les aliments pour b\u00e9b\u00e9s \/ enfants ou personnes \u00e2g\u00e9es, le petit bol de Cook Expert facilite le hachage de l\u2019ail, des herbes et des assaisonnements.Veuillez<\/p>\n<p>noter: la prise d\u2019alimentation est europ\u00e9enne SchukoNon en vente en dehors de l\u2019Europe<\/p>\n","protected":false},"excerpt":{"rendered":"<p>COOK EXPERT Le Robot Cooking vraiment multifonctionnel! Il vous aide \u00e0 cuisiner rapidement et facilement tous vos plats pr\u00e9f\u00e9r\u00e9s de l\u2019entr\u00e9e au dessert! Watch the video 1\u00a0 Watch the video 2 Avec l\u2019application Cook Expert, passez gratuitement \u00e0 plusieurs centaines de recettes.Facile \u00e0 utiliser avec son \u00e9cran couleur num\u00e9rique et facilement lisible, Cook Expert est [&hellip;]<\/p>\n","protected":false},"featured_media":6856368,"template":"","meta":{"_acf_changed":false},"product_cat":[12055,11742,12066],"product_tag":[],"class_list":{"0":"post-57139","1":"product","2":"type-product","3":"status-publish","4":"has-post-thumbnail","6":"product_cat-petits-electromenagers","7":"product_cat-robot-da-cucina-impastatrici","8":"product_cat-robots-de-cuisine","10":"first","11":"instock","12":"sale","13":"taxable","14":"shipping-taxable","15":"purchasable","16":"product-type-simple","swatches":"rey-swatches","show_selected":"","stretch_labels":"rey-swatches--stretch-labels"},"acf":[],"yoast_head":"<!-- This site is optimized with the Yoast SEO plugin v25.4 - https:\/\/yoast.com\/wordpress\/plugins\/seo\/ -->\n<title>MAGIMIX Cook Expert Chrome - dev6 Erresse<\/title>\n<meta name=\"description\" content=\"COOK EXPERT Le Robot Cooking vraiment multifonctionnel! Il vous aide \u00e0 cuisiner rapidement et facilement tous vos plats pr\u00e9f\u00e9r\u00e9s de l\u2019entr\u00e9e au dessert!\" \/>\n<meta name=\"robots\" content=\"noindex, follow, max-snippet:-1, max-image-preview:large, max-video-preview:-1\" \/>\n<meta property=\"og:locale\" content=\"fr_FR\" \/>\n<meta property=\"og:type\" content=\"article\" \/>\n<meta property=\"og:title\" content=\"MAGIMIX Cook Expert Chrome - dev6 Erresse\" \/>\n<meta property=\"og:description\" content=\"COOK EXPERT Le Robot Cooking vraiment multifonctionnel! Il vous aide \u00e0 cuisiner rapidement et facilement tous vos plats pr\u00e9f\u00e9r\u00e9s de l\u2019entr\u00e9e au dessert!\" \/>\n<meta property=\"og:url\" content=\"https:\/\/dev6.erresse-shop.it\/fr\/shop\/petits-electromenagers\/robots-de-cuisine\/magimix-cook-expert-chrome\/\" \/>\n<meta property=\"og:site_name\" content=\"dev6 Erresse\" \/>\n<meta property=\"og:image\" content=\"https:\/\/interpim.erresse-shop.it\/Import\/Prodotti\/chrome_18900_magimix_cookyexpert_robotycuiseur_robotychauffant_puce.jpg\" \/><meta property=\"og:image\" content=\"https:\/\/interpim.erresse-shop.it\/Import\/Prodotti\/chrome_18900_magimix_cookyexpert_robotycuiseur_robotychauffant_puce.jpg\" \/>\n\t<meta property=\"og:image:width\" content=\"1024\" \/>\n\t<meta property=\"og:image:height\" content=\"1024\" \/>\n\t<meta property=\"og:image:type\" content=\"image\/jpeg\" \/>\n<meta name=\"twitter:card\" content=\"summary_large_image\" \/>\n<meta name=\"twitter:image\" content=\"https:\/\/interpim.erresse-shop.it\/Import\/Prodotti\/chrome_18900_magimix_cookyexpert_robotycuiseur_robotychauffant_puce.jpg\" \/>\n<script type=\"application\/ld+json\" class=\"yoast-schema-graph\">{\"@context\":\"https:\/\/schema.org\",\"@graph\":[{\"@type\":\"WebPage\",\"@id\":\"https:\/\/dev6.erresse-shop.it\/fr\/shop\/petits-electromenagers\/robots-de-cuisine\/magimix-cook-expert-chrome\/\",\"url\":\"https:\/\/dev6.erresse-shop.it\/fr\/shop\/petits-electromenagers\/robots-de-cuisine\/magimix-cook-expert-chrome\/\",\"name\":\"MAGIMIX Cook Expert Chrome - dev6 Erresse\",\"isPartOf\":{\"@id\":\"https:\/\/dev6.erresse-shop.it\/#website\"},\"primaryImageOfPage\":{\"@id\":\"https:\/\/dev6.erresse-shop.it\/fr\/shop\/petits-electromenagers\/robots-de-cuisine\/magimix-cook-expert-chrome\/#primaryimage\"},\"image\":{\"@id\":\"https:\/\/dev6.erresse-shop.it\/fr\/shop\/petits-electromenagers\/robots-de-cuisine\/magimix-cook-expert-chrome\/#primaryimage\"},\"thumbnailUrl\":\"https:\/\/i0.wp.com\/interpim.erresse-shop.it\/Import\/Prodotti\/chrome_18900_magimix_cookyexpert_robotycuiseur_robotychauffant_puce.jpg?ssl=1\",\"datePublished\":\"2026-04-23T06:31:30+00:00\",\"description\":\"COOK EXPERT Le Robot Cooking vraiment multifonctionnel! Il vous aide \u00e0 cuisiner rapidement et facilement tous vos plats pr\u00e9f\u00e9r\u00e9s de l\u2019entr\u00e9e au dessert!\",\"breadcrumb\":{\"@id\":\"https:\/\/dev6.erresse-shop.it\/fr\/shop\/petits-electromenagers\/robots-de-cuisine\/magimix-cook-expert-chrome\/#breadcrumb\"},\"inLanguage\":\"fr-FR\",\"potentialAction\":[{\"@type\":\"ReadAction\",\"target\":[\"https:\/\/dev6.erresse-shop.it\/fr\/shop\/petits-electromenagers\/robots-de-cuisine\/magimix-cook-expert-chrome\/\"]}]},{\"@type\":\"ImageObject\",\"inLanguage\":\"fr-FR\",\"@id\":\"https:\/\/dev6.erresse-shop.it\/fr\/shop\/petits-electromenagers\/robots-de-cuisine\/magimix-cook-expert-chrome\/#primaryimage\",\"url\":\"https:\/\/i0.wp.com\/interpim.erresse-shop.it\/Import\/Prodotti\/chrome_18900_magimix_cookyexpert_robotycuiseur_robotychauffant_puce.jpg?ssl=1\",\"contentUrl\":\"https:\/\/i0.wp.com\/interpim.erresse-shop.it\/Import\/Prodotti\/chrome_18900_magimix_cookyexpert_robotycuiseur_robotychauffant_puce.jpg?ssl=1\"},{\"@type\":\"BreadcrumbList\",\"@id\":\"https:\/\/dev6.erresse-shop.it\/fr\/shop\/petits-electromenagers\/robots-de-cuisine\/magimix-cook-expert-chrome\/#breadcrumb\",\"itemListElement\":[{\"@type\":\"ListItem\",\"position\":1,\"name\":\"Home\",\"item\":\"https:\/\/dev6.erresse-shop.it\/\"},{\"@type\":\"ListItem\",\"position\":2,\"name\":\"Boutique\",\"item\":\"https:\/\/dev6.erresse-shop.it\/shop\/\"},{\"@type\":\"ListItem\",\"position\":3,\"name\":\"MAGIMIX Cook Expert Chrome\"}]},{\"@type\":\"WebSite\",\"@id\":\"https:\/\/dev6.erresse-shop.it\/#website\",\"url\":\"https:\/\/dev6.erresse-shop.it\/\",\"name\":\"Erresse Shop\",\"description\":\"\",\"publisher\":{\"@id\":\"https:\/\/dev6.erresse-shop.it\/#organization\"},\"potentialAction\":[{\"@type\":\"SearchAction\",\"target\":{\"@type\":\"EntryPoint\",\"urlTemplate\":\"https:\/\/dev6.erresse-shop.it\/?s={search_term_string}\"},\"query-input\":{\"@type\":\"PropertyValueSpecification\",\"valueRequired\":true,\"valueName\":\"search_term_string\"}}],\"inLanguage\":\"fr-FR\"},{\"@type\":\"Organization\",\"@id\":\"https:\/\/dev6.erresse-shop.it\/#organization\",\"name\":\"Erresse Shop\",\"url\":\"https:\/\/dev6.erresse-shop.it\/\",\"logo\":{\"@type\":\"ImageObject\",\"inLanguage\":\"fr-FR\",\"@id\":\"https:\/\/dev6.erresse-shop.it\/#\/schema\/logo\/image\/\",\"url\":\"https:\/\/dev6.erresse-shop.it\/wp-content\/uploads\/2025\/01\/LOGO-ERRESSE-CLASSICO.svg\",\"contentUrl\":\"https:\/\/dev6.erresse-shop.it\/wp-content\/uploads\/2025\/01\/LOGO-ERRESSE-CLASSICO.svg\",\"caption\":\"Erresse Shop\"},\"image\":{\"@id\":\"https:\/\/dev6.erresse-shop.it\/#\/schema\/logo\/image\/\"}}]}<\/script>\n<!-- \/ Yoast SEO plugin. -->","yoast_head_json":{"title":"MAGIMIX Cook Expert Chrome - dev6 Erresse","description":"COOK EXPERT Le Robot Cooking vraiment multifonctionnel! Il vous aide \u00e0 cuisiner rapidement et facilement tous vos plats pr\u00e9f\u00e9r\u00e9s de l\u2019entr\u00e9e au dessert!","robots":{"index":"noindex","follow":"follow","max-snippet":"max-snippet:-1","max-image-preview":"max-image-preview:large","max-video-preview":"max-video-preview:-1"},"og_locale":"fr_FR","og_type":"article","og_title":"MAGIMIX Cook Expert Chrome - dev6 Erresse","og_description":"COOK EXPERT Le Robot Cooking vraiment multifonctionnel! Il vous aide \u00e0 cuisiner rapidement et facilement tous vos plats pr\u00e9f\u00e9r\u00e9s de l\u2019entr\u00e9e au dessert!","og_url":"https:\/\/dev6.erresse-shop.it\/fr\/shop\/petits-electromenagers\/robots-de-cuisine\/magimix-cook-expert-chrome\/","og_site_name":"dev6 Erresse","og_image":[{"url":"https:\/\/interpim.erresse-shop.it\/Import\/Prodotti\/chrome_18900_magimix_cookyexpert_robotycuiseur_robotychauffant_puce.jpg","type":"","width":"","height":""},{"url":"https:\/\/interpim.erresse-shop.it\/Import\/Prodotti\/chrome_18900_magimix_cookyexpert_robotycuiseur_robotychauffant_puce.jpg","width":1024,"height":1024,"type":"image\/jpeg"}],"twitter_card":"summary_large_image","twitter_image":"https:\/\/interpim.erresse-shop.it\/Import\/Prodotti\/chrome_18900_magimix_cookyexpert_robotycuiseur_robotychauffant_puce.jpg","schema":{"@context":"https:\/\/schema.org","@graph":[{"@type":"WebPage","@id":"https:\/\/dev6.erresse-shop.it\/fr\/shop\/petits-electromenagers\/robots-de-cuisine\/magimix-cook-expert-chrome\/","url":"https:\/\/dev6.erresse-shop.it\/fr\/shop\/petits-electromenagers\/robots-de-cuisine\/magimix-cook-expert-chrome\/","name":"MAGIMIX Cook Expert Chrome - dev6 Erresse","isPartOf":{"@id":"https:\/\/dev6.erresse-shop.it\/#website"},"primaryImageOfPage":{"@id":"https:\/\/dev6.erresse-shop.it\/fr\/shop\/petits-electromenagers\/robots-de-cuisine\/magimix-cook-expert-chrome\/#primaryimage"},"image":{"@id":"https:\/\/dev6.erresse-shop.it\/fr\/shop\/petits-electromenagers\/robots-de-cuisine\/magimix-cook-expert-chrome\/#primaryimage"},"thumbnailUrl":"https:\/\/i0.wp.com\/interpim.erresse-shop.it\/Import\/Prodotti\/chrome_18900_magimix_cookyexpert_robotycuiseur_robotychauffant_puce.jpg?ssl=1","datePublished":"2026-04-23T06:31:30+00:00","description":"COOK EXPERT Le Robot Cooking vraiment multifonctionnel! Il vous aide \u00e0 cuisiner rapidement et facilement tous vos plats pr\u00e9f\u00e9r\u00e9s de l\u2019entr\u00e9e au dessert!","breadcrumb":{"@id":"https:\/\/dev6.erresse-shop.it\/fr\/shop\/petits-electromenagers\/robots-de-cuisine\/magimix-cook-expert-chrome\/#breadcrumb"},"inLanguage":"fr-FR","potentialAction":[{"@type":"ReadAction","target":["https:\/\/dev6.erresse-shop.it\/fr\/shop\/petits-electromenagers\/robots-de-cuisine\/magimix-cook-expert-chrome\/"]}]},{"@type":"ImageObject","inLanguage":"fr-FR","@id":"https:\/\/dev6.erresse-shop.it\/fr\/shop\/petits-electromenagers\/robots-de-cuisine\/magimix-cook-expert-chrome\/#primaryimage","url":"https:\/\/i0.wp.com\/interpim.erresse-shop.it\/Import\/Prodotti\/chrome_18900_magimix_cookyexpert_robotycuiseur_robotychauffant_puce.jpg?ssl=1","contentUrl":"https:\/\/i0.wp.com\/interpim.erresse-shop.it\/Import\/Prodotti\/chrome_18900_magimix_cookyexpert_robotycuiseur_robotychauffant_puce.jpg?ssl=1"},{"@type":"BreadcrumbList","@id":"https:\/\/dev6.erresse-shop.it\/fr\/shop\/petits-electromenagers\/robots-de-cuisine\/magimix-cook-expert-chrome\/#breadcrumb","itemListElement":[{"@type":"ListItem","position":1,"name":"Home","item":"https:\/\/dev6.erresse-shop.it\/"},{"@type":"ListItem","position":2,"name":"Boutique","item":"https:\/\/dev6.erresse-shop.it\/shop\/"},{"@type":"ListItem","position":3,"name":"MAGIMIX Cook Expert Chrome"}]},{"@type":"WebSite","@id":"https:\/\/dev6.erresse-shop.it\/#website","url":"https:\/\/dev6.erresse-shop.it\/","name":"Erresse Shop","description":"","publisher":{"@id":"https:\/\/dev6.erresse-shop.it\/#organization"},"potentialAction":[{"@type":"SearchAction","target":{"@type":"EntryPoint","urlTemplate":"https:\/\/dev6.erresse-shop.it\/?s={search_term_string}"},"query-input":{"@type":"PropertyValueSpecification","valueRequired":true,"valueName":"search_term_string"}}],"inLanguage":"fr-FR"},{"@type":"Organization","@id":"https:\/\/dev6.erresse-shop.it\/#organization","name":"Erresse Shop","url":"https:\/\/dev6.erresse-shop.it\/","logo":{"@type":"ImageObject","inLanguage":"fr-FR","@id":"https:\/\/dev6.erresse-shop.it\/#\/schema\/logo\/image\/","url":"https:\/\/dev6.erresse-shop.it\/wp-content\/uploads\/2025\/01\/LOGO-ERRESSE-CLASSICO.svg","contentUrl":"https:\/\/dev6.erresse-shop.it\/wp-content\/uploads\/2025\/01\/LOGO-ERRESSE-CLASSICO.svg","caption":"Erresse Shop"},"image":{"@id":"https:\/\/dev6.erresse-shop.it\/#\/schema\/logo\/image\/"}}]}},"df_price":1119,"df_sale_price":1119,"df_regular_price":1400,"df_image_link":"https:\/\/i0.wp.com\/interpim.erresse-shop.it\/Import\/Prodotti\/chrome_18900_magimix_cookyexpert_robotycuiseur_robotychauffant_puce.jpg?resize=300,300&ssl=1","fifu_image_url":"https:\/\/interpim.erresse-shop.it\/Import\/Prodotti\/chrome_18900_magimix_cookyexpert_robotycuiseur_robotychauffant_puce.jpg","_links":{"self":[{"href":"https:\/\/dev6.erresse-shop.it\/fr\/wp-json\/wp\/v2\/product\/57139","targetHints":{"allow":["GET"]}}],"collection":[{"href":"https:\/\/dev6.erresse-shop.it\/fr\/wp-json\/wp\/v2\/product"}],"about":[{"href":"https:\/\/dev6.erresse-shop.it\/fr\/wp-json\/wp\/v2\/types\/product"}],"wp:featuredmedia":[{"embeddable":true,"href":"https:\/\/dev6.erresse-shop.it\/fr\/wp-json\/wp\/v2\/media\/6856368"}],"wp:attachment":[{"href":"https:\/\/dev6.erresse-shop.it\/fr\/wp-json\/wp\/v2\/media?parent=57139"}],"wp:term":[{"taxonomy":"product_cat","embeddable":true,"href":"https:\/\/dev6.erresse-shop.it\/fr\/wp-json\/wp\/v2\/product_cat?post=57139"},{"taxonomy":"product_tag","embeddable":true,"href":"https:\/\/dev6.erresse-shop.it\/fr\/wp-json\/wp\/v2\/product_tag?post=57139"}],"curies":[{"name":"wp","href":"https:\/\/api.w.org\/{rel}","templated":true}]}}