{"id":57113,"date":"2026-04-04T08:06:48","date_gmt":"2026-04-04T06:06:48","guid":{"rendered":"https:\/\/dev6.erresse-shop.it\/shop\/non%20class\u00e9\/smeg-chauffe-pain-plateau-a-tranches-4-tranches\/"},"modified":"2026-01-16T22:14:04","modified_gmt":"2026-01-16T21:14:04","slug":"smeg-chauffe-pain-plateau-a-tranches-4-tranches","status":"publish","type":"product","link":"https:\/\/dev6.erresse-shop.it\/fr\/shop\/petits-electromenagers\/grille-pains\/smeg-chauffe-pain-plateau-a-tranches-4-tranches\/","title":{"rendered":"SMEG Chauffe-pain &#8211; Plateau \u00e0 Tranches (4 Tranches)"},"content":{"rendered":"<p>S\u00e9rie SMEG 50s<\/p>\n<p>Objets de rencontre symboliques, ic\u00f4nes qui transforment l\u2019espace qu\u2019ils occupent, les nouveaux petits de la ligne Anni \u201950s, con\u00e7us en collaboration avec Matteo Bazzicalupo et Raffaella Mangiarotti de deepdesign, \u00e9voquent d\u2019autres temps et fa\u00e7onnent les lieux du quotidien, en investissant ce qui existe ou a exist\u00e9 d\u2019un nouveau sens, comme cela se produit dans l\u2019art et la m\u00e9moire.<br \/>\nProduits aux formes arrondies et compactes, ils sont les protagonistes de la cuisine, con\u00e7us pour ceux qui souhaitent avoir une exp\u00e9rience de chef mais pas seulement. Pour ceux qui aiment s\u2019entourer d\u2019objets \u00e0 fort caract\u00e8re esth\u00e9tique sans perdre de vue les performances de haute qualit\u00e9.<\/p>\n<p>CARACT\u00c9RISTIQUES TECHNIQUES<\/p>\n<p>Grille en acier<br \/>\nPoign\u00e9es en plastique r\u00e9sistant \u00e0 la chaleur<\/p>\n","protected":false},"excerpt":{"rendered":"<p>S\u00e9rie SMEG 50s Objets de rencontre symboliques, ic\u00f4nes qui transforment l\u2019espace qu\u2019ils occupent, les nouveaux petits de la ligne Anni \u201950s, con\u00e7us en collaboration avec Matteo Bazzicalupo et Raffaella Mangiarotti de deepdesign, \u00e9voquent d\u2019autres temps et fa\u00e7onnent les lieux du quotidien, en investissant ce qui existe ou a exist\u00e9 d\u2019un nouveau sens, comme cela se [&hellip;]<\/p>\n","protected":false},"featured_media":6258249,"template":"","meta":{"_acf_changed":false},"product_cat":[12068,12055,11744],"product_tag":[],"class_list":{"0":"post-57113","1":"product","2":"type-product","3":"status-publish","4":"has-post-thumbnail","6":"product_cat-grille-pains","7":"product_cat-petits-electromenagers","8":"product_cat-tostapane-toaster","10":"first","11":"outofstock","12":"sale","13":"taxable","14":"shipping-taxable","15":"purchasable","16":"product-type-simple","swatches":"rey-swatches","show_selected":"","stretch_labels":"rey-swatches--stretch-labels"},"acf":[],"yoast_head":"<!-- This site is optimized with the Yoast SEO plugin v25.4 - https:\/\/yoast.com\/wordpress\/plugins\/seo\/ -->\n<title>SMEG Chauffe-pain &#8211; Plateau \u00e0 Tranches (4 Tranches) - dev6 Erresse<\/title>\n<meta name=\"description\" content=\"S\u00e9rie SMEG 50s Objets de rencontre symboliques, ic\u00f4nes qui transforment l\u2019espace qu\u2019ils occupent, les nouveaux petits de la ligne Anni \u201950s, con\u00e7us en\" \/>\n<meta name=\"robots\" content=\"noindex, follow, max-snippet:-1, max-image-preview:large, max-video-preview:-1\" \/>\n<meta property=\"og:locale\" content=\"fr_FR\" \/>\n<meta property=\"og:type\" content=\"article\" \/>\n<meta property=\"og:title\" content=\"SMEG Chauffe-pain &#8211; Plateau \u00e0 Tranches (4 Tranches) - dev6 Erresse\" \/>\n<meta property=\"og:description\" content=\"S\u00e9rie SMEG 50s Objets de rencontre symboliques, ic\u00f4nes qui transforment l\u2019espace qu\u2019ils occupent, les nouveaux petits de la ligne Anni \u201950s, con\u00e7us en\" \/>\n<meta property=\"og:url\" content=\"https:\/\/dev6.erresse-shop.it\/fr\/shop\/petits-electromenagers\/grille-pains\/smeg-chauffe-pain-plateau-a-tranches-4-tranches\/\" \/>\n<meta property=\"og:site_name\" content=\"dev6 Erresse\" \/>\n<meta property=\"og:image\" content=\"https:\/\/interpim.erresse-shop.it\/img-catalogo\/smeg\/smeg-scaldapanini-vassoio-porta-fette-per-4-fette.png\" \/><meta property=\"og:image\" content=\"https:\/\/interpim.erresse-shop.it\/img-catalogo\/smeg\/smeg-scaldapanini-vassoio-porta-fette-per-4-fette.png\" \/>\n\t<meta property=\"og:image:width\" content=\"1024\" \/>\n\t<meta property=\"og:image:height\" content=\"1024\" \/>\n\t<meta property=\"og:image:type\" content=\"image\/jpeg\" \/>\n<meta name=\"twitter:card\" content=\"summary_large_image\" \/>\n<meta name=\"twitter:image\" content=\"https:\/\/interpim.erresse-shop.it\/img-catalogo\/smeg\/smeg-scaldapanini-vassoio-porta-fette-per-4-fette.png\" \/>\n<script type=\"application\/ld+json\" class=\"yoast-schema-graph\">{\"@context\":\"https:\/\/schema.org\",\"@graph\":[{\"@type\":\"WebPage\",\"@id\":\"https:\/\/dev6.erresse-shop.it\/fr\/shop\/petits-electromenagers\/grille-pains\/smeg-chauffe-pain-plateau-a-tranches-4-tranches\/\",\"url\":\"https:\/\/dev6.erresse-shop.it\/fr\/shop\/petits-electromenagers\/grille-pains\/smeg-chauffe-pain-plateau-a-tranches-4-tranches\/\",\"name\":\"SMEG Chauffe-pain &#8211; Plateau \u00e0 Tranches (4 Tranches) - dev6 Erresse\",\"isPartOf\":{\"@id\":\"https:\/\/dev6.erresse-shop.it\/#website\"},\"primaryImageOfPage\":{\"@id\":\"https:\/\/dev6.erresse-shop.it\/fr\/shop\/petits-electromenagers\/grille-pains\/smeg-chauffe-pain-plateau-a-tranches-4-tranches\/#primaryimage\"},\"image\":{\"@id\":\"https:\/\/dev6.erresse-shop.it\/fr\/shop\/petits-electromenagers\/grille-pains\/smeg-chauffe-pain-plateau-a-tranches-4-tranches\/#primaryimage\"},\"thumbnailUrl\":\"https:\/\/i0.wp.com\/interpim.erresse-shop.it\/img-catalogo\/smeg\/smeg-scaldapanini-vassoio-porta-fette-per-4-fette.png?ssl=1\",\"datePublished\":\"2026-04-04T06:06:48+00:00\",\"description\":\"S\u00e9rie SMEG 50s Objets de rencontre symboliques, ic\u00f4nes qui transforment l\u2019espace qu\u2019ils occupent, les nouveaux petits de la ligne Anni \u201950s, con\u00e7us en\",\"breadcrumb\":{\"@id\":\"https:\/\/dev6.erresse-shop.it\/fr\/shop\/petits-electromenagers\/grille-pains\/smeg-chauffe-pain-plateau-a-tranches-4-tranches\/#breadcrumb\"},\"inLanguage\":\"fr-FR\",\"potentialAction\":[{\"@type\":\"ReadAction\",\"target\":[\"https:\/\/dev6.erresse-shop.it\/fr\/shop\/petits-electromenagers\/grille-pains\/smeg-chauffe-pain-plateau-a-tranches-4-tranches\/\"]}]},{\"@type\":\"ImageObject\",\"inLanguage\":\"fr-FR\",\"@id\":\"https:\/\/dev6.erresse-shop.it\/fr\/shop\/petits-electromenagers\/grille-pains\/smeg-chauffe-pain-plateau-a-tranches-4-tranches\/#primaryimage\",\"url\":\"https:\/\/i0.wp.com\/interpim.erresse-shop.it\/img-catalogo\/smeg\/smeg-scaldapanini-vassoio-porta-fette-per-4-fette.png?ssl=1\",\"contentUrl\":\"https:\/\/i0.wp.com\/interpim.erresse-shop.it\/img-catalogo\/smeg\/smeg-scaldapanini-vassoio-porta-fette-per-4-fette.png?ssl=1\"},{\"@type\":\"BreadcrumbList\",\"@id\":\"https:\/\/dev6.erresse-shop.it\/fr\/shop\/petits-electromenagers\/grille-pains\/smeg-chauffe-pain-plateau-a-tranches-4-tranches\/#breadcrumb\",\"itemListElement\":[{\"@type\":\"ListItem\",\"position\":1,\"name\":\"Home\",\"item\":\"https:\/\/dev6.erresse-shop.it\/\"},{\"@type\":\"ListItem\",\"position\":2,\"name\":\"Boutique\",\"item\":\"https:\/\/dev6.erresse-shop.it\/shop\/\"},{\"@type\":\"ListItem\",\"position\":3,\"name\":\"SMEG Chauffe-pain &#8211; Plateau \u00e0 Tranches (4 Tranches)\"}]},{\"@type\":\"WebSite\",\"@id\":\"https:\/\/dev6.erresse-shop.it\/#website\",\"url\":\"https:\/\/dev6.erresse-shop.it\/\",\"name\":\"Erresse Shop\",\"description\":\"\",\"publisher\":{\"@id\":\"https:\/\/dev6.erresse-shop.it\/#organization\"},\"potentialAction\":[{\"@type\":\"SearchAction\",\"target\":{\"@type\":\"EntryPoint\",\"urlTemplate\":\"https:\/\/dev6.erresse-shop.it\/?s={search_term_string}\"},\"query-input\":{\"@type\":\"PropertyValueSpecification\",\"valueRequired\":true,\"valueName\":\"search_term_string\"}}],\"inLanguage\":\"fr-FR\"},{\"@type\":\"Organization\",\"@id\":\"https:\/\/dev6.erresse-shop.it\/#organization\",\"name\":\"Erresse Shop\",\"url\":\"https:\/\/dev6.erresse-shop.it\/\",\"logo\":{\"@type\":\"ImageObject\",\"inLanguage\":\"fr-FR\",\"@id\":\"https:\/\/dev6.erresse-shop.it\/#\/schema\/logo\/image\/\",\"url\":\"https:\/\/dev6.erresse-shop.it\/wp-content\/uploads\/2025\/01\/LOGO-ERRESSE-CLASSICO.svg\",\"contentUrl\":\"https:\/\/dev6.erresse-shop.it\/wp-content\/uploads\/2025\/01\/LOGO-ERRESSE-CLASSICO.svg\",\"caption\":\"Erresse Shop\"},\"image\":{\"@id\":\"https:\/\/dev6.erresse-shop.it\/#\/schema\/logo\/image\/\"}}]}<\/script>\n<!-- \/ Yoast SEO plugin. -->","yoast_head_json":{"title":"SMEG Chauffe-pain &#8211; Plateau \u00e0 Tranches (4 Tranches) - dev6 Erresse","description":"S\u00e9rie SMEG 50s Objets de rencontre symboliques, ic\u00f4nes qui transforment l\u2019espace qu\u2019ils occupent, les nouveaux petits de la ligne Anni \u201950s, con\u00e7us en","robots":{"index":"noindex","follow":"follow","max-snippet":"max-snippet:-1","max-image-preview":"max-image-preview:large","max-video-preview":"max-video-preview:-1"},"og_locale":"fr_FR","og_type":"article","og_title":"SMEG Chauffe-pain &#8211; Plateau \u00e0 Tranches (4 Tranches) - dev6 Erresse","og_description":"S\u00e9rie SMEG 50s Objets de rencontre symboliques, ic\u00f4nes qui transforment l\u2019espace qu\u2019ils occupent, les nouveaux petits de la ligne Anni \u201950s, con\u00e7us en","og_url":"https:\/\/dev6.erresse-shop.it\/fr\/shop\/petits-electromenagers\/grille-pains\/smeg-chauffe-pain-plateau-a-tranches-4-tranches\/","og_site_name":"dev6 Erresse","og_image":[{"url":"https:\/\/interpim.erresse-shop.it\/img-catalogo\/smeg\/smeg-scaldapanini-vassoio-porta-fette-per-4-fette.png","type":"","width":"","height":""},{"url":"https:\/\/interpim.erresse-shop.it\/img-catalogo\/smeg\/smeg-scaldapanini-vassoio-porta-fette-per-4-fette.png","width":1024,"height":1024,"type":"image\/jpeg"}],"twitter_card":"summary_large_image","twitter_image":"https:\/\/interpim.erresse-shop.it\/img-catalogo\/smeg\/smeg-scaldapanini-vassoio-porta-fette-per-4-fette.png","schema":{"@context":"https:\/\/schema.org","@graph":[{"@type":"WebPage","@id":"https:\/\/dev6.erresse-shop.it\/fr\/shop\/petits-electromenagers\/grille-pains\/smeg-chauffe-pain-plateau-a-tranches-4-tranches\/","url":"https:\/\/dev6.erresse-shop.it\/fr\/shop\/petits-electromenagers\/grille-pains\/smeg-chauffe-pain-plateau-a-tranches-4-tranches\/","name":"SMEG Chauffe-pain &#8211; Plateau \u00e0 Tranches (4 Tranches) - dev6 Erresse","isPartOf":{"@id":"https:\/\/dev6.erresse-shop.it\/#website"},"primaryImageOfPage":{"@id":"https:\/\/dev6.erresse-shop.it\/fr\/shop\/petits-electromenagers\/grille-pains\/smeg-chauffe-pain-plateau-a-tranches-4-tranches\/#primaryimage"},"image":{"@id":"https:\/\/dev6.erresse-shop.it\/fr\/shop\/petits-electromenagers\/grille-pains\/smeg-chauffe-pain-plateau-a-tranches-4-tranches\/#primaryimage"},"thumbnailUrl":"https:\/\/i0.wp.com\/interpim.erresse-shop.it\/img-catalogo\/smeg\/smeg-scaldapanini-vassoio-porta-fette-per-4-fette.png?ssl=1","datePublished":"2026-04-04T06:06:48+00:00","description":"S\u00e9rie SMEG 50s Objets de rencontre symboliques, ic\u00f4nes qui transforment l\u2019espace qu\u2019ils occupent, les nouveaux petits de la ligne Anni \u201950s, con\u00e7us en","breadcrumb":{"@id":"https:\/\/dev6.erresse-shop.it\/fr\/shop\/petits-electromenagers\/grille-pains\/smeg-chauffe-pain-plateau-a-tranches-4-tranches\/#breadcrumb"},"inLanguage":"fr-FR","potentialAction":[{"@type":"ReadAction","target":["https:\/\/dev6.erresse-shop.it\/fr\/shop\/petits-electromenagers\/grille-pains\/smeg-chauffe-pain-plateau-a-tranches-4-tranches\/"]}]},{"@type":"ImageObject","inLanguage":"fr-FR","@id":"https:\/\/dev6.erresse-shop.it\/fr\/shop\/petits-electromenagers\/grille-pains\/smeg-chauffe-pain-plateau-a-tranches-4-tranches\/#primaryimage","url":"https:\/\/i0.wp.com\/interpim.erresse-shop.it\/img-catalogo\/smeg\/smeg-scaldapanini-vassoio-porta-fette-per-4-fette.png?ssl=1","contentUrl":"https:\/\/i0.wp.com\/interpim.erresse-shop.it\/img-catalogo\/smeg\/smeg-scaldapanini-vassoio-porta-fette-per-4-fette.png?ssl=1"},{"@type":"BreadcrumbList","@id":"https:\/\/dev6.erresse-shop.it\/fr\/shop\/petits-electromenagers\/grille-pains\/smeg-chauffe-pain-plateau-a-tranches-4-tranches\/#breadcrumb","itemListElement":[{"@type":"ListItem","position":1,"name":"Home","item":"https:\/\/dev6.erresse-shop.it\/"},{"@type":"ListItem","position":2,"name":"Boutique","item":"https:\/\/dev6.erresse-shop.it\/shop\/"},{"@type":"ListItem","position":3,"name":"SMEG Chauffe-pain &#8211; Plateau \u00e0 Tranches (4 Tranches)"}]},{"@type":"WebSite","@id":"https:\/\/dev6.erresse-shop.it\/#website","url":"https:\/\/dev6.erresse-shop.it\/","name":"Erresse Shop","description":"","publisher":{"@id":"https:\/\/dev6.erresse-shop.it\/#organization"},"potentialAction":[{"@type":"SearchAction","target":{"@type":"EntryPoint","urlTemplate":"https:\/\/dev6.erresse-shop.it\/?s={search_term_string}"},"query-input":{"@type":"PropertyValueSpecification","valueRequired":true,"valueName":"search_term_string"}}],"inLanguage":"fr-FR"},{"@type":"Organization","@id":"https:\/\/dev6.erresse-shop.it\/#organization","name":"Erresse Shop","url":"https:\/\/dev6.erresse-shop.it\/","logo":{"@type":"ImageObject","inLanguage":"fr-FR","@id":"https:\/\/dev6.erresse-shop.it\/#\/schema\/logo\/image\/","url":"https:\/\/dev6.erresse-shop.it\/wp-content\/uploads\/2025\/01\/LOGO-ERRESSE-CLASSICO.svg","contentUrl":"https:\/\/dev6.erresse-shop.it\/wp-content\/uploads\/2025\/01\/LOGO-ERRESSE-CLASSICO.svg","caption":"Erresse Shop"},"image":{"@id":"https:\/\/dev6.erresse-shop.it\/#\/schema\/logo\/image\/"}}]}},"df_price":19,"df_sale_price":19,"df_regular_price":24,"df_image_link":"https:\/\/i0.wp.com\/interpim.erresse-shop.it\/img-catalogo\/smeg\/smeg-scaldapanini-vassoio-porta-fette-per-4-fette.png?resize=300,300&ssl=1","fifu_image_url":"https:\/\/interpim.erresse-shop.it\/img-catalogo\/smeg\/smeg-scaldapanini-vassoio-porta-fette-per-4-fette.png","_links":{"self":[{"href":"https:\/\/dev6.erresse-shop.it\/fr\/wp-json\/wp\/v2\/product\/57113","targetHints":{"allow":["GET"]}}],"collection":[{"href":"https:\/\/dev6.erresse-shop.it\/fr\/wp-json\/wp\/v2\/product"}],"about":[{"href":"https:\/\/dev6.erresse-shop.it\/fr\/wp-json\/wp\/v2\/types\/product"}],"wp:featuredmedia":[{"embeddable":true,"href":"https:\/\/dev6.erresse-shop.it\/fr\/wp-json\/wp\/v2\/media\/6258249"}],"wp:attachment":[{"href":"https:\/\/dev6.erresse-shop.it\/fr\/wp-json\/wp\/v2\/media?parent=57113"}],"wp:term":[{"taxonomy":"product_cat","embeddable":true,"href":"https:\/\/dev6.erresse-shop.it\/fr\/wp-json\/wp\/v2\/product_cat?post=57113"},{"taxonomy":"product_tag","embeddable":true,"href":"https:\/\/dev6.erresse-shop.it\/fr\/wp-json\/wp\/v2\/product_tag?post=57113"}],"curies":[{"name":"wp","href":"https:\/\/api.w.org\/{rel}","templated":true}]}}