{"id":57089,"date":"2026-04-29T08:48:33","date_gmt":"2026-04-29T06:48:33","guid":{"rendered":"https:\/\/dev6.erresse-shop.it\/shop\/non%20class\u00e9\/magimix-kit-daccessoires-3-disques-pour-3200-4200-5200\/"},"modified":"2025-09-14T03:55:58","modified_gmt":"2025-09-14T01:55:58","slug":"magimix-kit-daccessoires-3-disques-pour-3200-4200-5200","status":"publish","type":"product","link":"https:\/\/dev6.erresse-shop.it\/fr\/shop\/petits-electromenagers\/robots-de-cuisine\/magimix-kit-daccessoires-3-disques-pour-3200-4200-5200\/","title":{"rendered":"MAGIMIX Kit d&#8217;Accessoires 3 Disques pour 3200-4200-5200"},"content":{"rendered":"<p>MAGIMIX. GARANTIE ITALIENNE<\/p>\n<p>C\u2019est en France, au c\u0153ur de la Bourgogne, r\u00e9gion c\u00e9l\u00e8bre pour sa gastronomie, que Magimix a invent\u00e9 le robot m\u00e9nager il y a plus de quarante ans.<br \/>\nAujourd\u2019hui, les appareils Magimix sont la version domestique des appareils con\u00e7us pour les professionnels. Les plus grands restaurants du monde utilisent la version professionnelle de nos produits.<br \/>\nAu sein de la gamme Magimix, vous trouverez toute la gamme des petits appareils de cuisine.<br \/>\nToujours \u00e0 la pointe de l\u2019innovation en cuisine, Magimix est heureux de pr\u00e9senter sa derni\u00e8re collection pour le plaisir de cuisiner comme un grand cuisinier.<\/p>\n<p>Kit de disques de coupe cr\u00e9atifs<\/p>\n<p>Le kit comprend un disque de coupe en julienne, un disque de coupe en julienne large et un disque de coupe rainur\u00e9. Avec ce kit, vous pourrez couper les fruits et l\u00e9gumes comme un chef !<\/p>\n","protected":false},"excerpt":{"rendered":"<p>MAGIMIX. GARANTIE ITALIENNE C\u2019est en France, au c\u0153ur de la Bourgogne, r\u00e9gion c\u00e9l\u00e8bre pour sa gastronomie, que Magimix a invent\u00e9 le robot m\u00e9nager il y a plus de quarante ans. Aujourd\u2019hui, les appareils Magimix sont la version domestique des appareils con\u00e7us pour les professionnels. Les plus grands restaurants du monde utilisent la version professionnelle de [&hellip;]<\/p>\n","protected":false},"featured_media":6947520,"template":"","meta":{"_acf_changed":false},"product_cat":[12055,11742,12066],"product_tag":[],"class_list":{"0":"post-57089","1":"product","2":"type-product","3":"status-publish","4":"has-post-thumbnail","6":"product_cat-petits-electromenagers","7":"product_cat-robot-da-cucina-impastatrici","8":"product_cat-robots-de-cuisine","10":"first","11":"instock","12":"sale","13":"taxable","14":"shipping-taxable","15":"purchasable","16":"product-type-simple","swatches":"rey-swatches","show_selected":"","stretch_labels":"rey-swatches--stretch-labels"},"acf":[],"yoast_head":"<!-- This site is optimized with the Yoast SEO plugin v25.4 - https:\/\/yoast.com\/wordpress\/plugins\/seo\/ -->\n<title>MAGIMIX Kit d&#8217;Accessoires 3 Disques pour 3200-4200-5200 - dev6 Erresse<\/title>\n<meta name=\"description\" content=\"MAGIMIX. GARANTIE ITALIENNE C\u2019est en France, au c\u0153ur de la Bourgogne, r\u00e9gion c\u00e9l\u00e8bre pour sa gastronomie, que Magimix a invent\u00e9 le robot m\u00e9nager il y a\" \/>\n<meta name=\"robots\" content=\"noindex, follow, max-snippet:-1, max-image-preview:large, max-video-preview:-1\" \/>\n<meta property=\"og:locale\" content=\"fr_FR\" \/>\n<meta property=\"og:type\" content=\"article\" \/>\n<meta property=\"og:title\" content=\"MAGIMIX Kit d&#8217;Accessoires 3 Disques pour 3200-4200-5200 - dev6 Erresse\" \/>\n<meta property=\"og:description\" content=\"MAGIMIX. GARANTIE ITALIENNE C\u2019est en France, au c\u0153ur de la Bourgogne, r\u00e9gion c\u00e9l\u00e8bre pour sa gastronomie, que Magimix a invent\u00e9 le robot m\u00e9nager il y a\" \/>\n<meta property=\"og:url\" content=\"https:\/\/dev6.erresse-shop.it\/fr\/shop\/petits-electromenagers\/robots-de-cuisine\/magimix-kit-daccessoires-3-disques-pour-3200-4200-5200\/\" \/>\n<meta property=\"og:site_name\" content=\"dev6 Erresse\" \/>\n<meta property=\"og:image\" content=\"https:\/\/interpim.erresse-shop.it\/Import\/Prodotti\/products-coffret-cuisine-creative2.jpg\" \/><meta property=\"og:image\" content=\"https:\/\/interpim.erresse-shop.it\/Import\/Prodotti\/products-coffret-cuisine-creative2.jpg\" \/>\n\t<meta property=\"og:image:width\" content=\"1024\" \/>\n\t<meta property=\"og:image:height\" content=\"1024\" \/>\n\t<meta property=\"og:image:type\" content=\"image\/jpeg\" \/>\n<meta name=\"twitter:card\" content=\"summary_large_image\" \/>\n<meta name=\"twitter:image\" content=\"https:\/\/interpim.erresse-shop.it\/Import\/Prodotti\/products-coffret-cuisine-creative2.jpg\" \/>\n<script type=\"application\/ld+json\" class=\"yoast-schema-graph\">{\"@context\":\"https:\/\/schema.org\",\"@graph\":[{\"@type\":\"WebPage\",\"@id\":\"https:\/\/dev6.erresse-shop.it\/fr\/shop\/petits-electromenagers\/robots-de-cuisine\/magimix-kit-daccessoires-3-disques-pour-3200-4200-5200\/\",\"url\":\"https:\/\/dev6.erresse-shop.it\/fr\/shop\/petits-electromenagers\/robots-de-cuisine\/magimix-kit-daccessoires-3-disques-pour-3200-4200-5200\/\",\"name\":\"MAGIMIX Kit d&#8217;Accessoires 3 Disques pour 3200-4200-5200 - dev6 Erresse\",\"isPartOf\":{\"@id\":\"https:\/\/dev6.erresse-shop.it\/#website\"},\"primaryImageOfPage\":{\"@id\":\"https:\/\/dev6.erresse-shop.it\/fr\/shop\/petits-electromenagers\/robots-de-cuisine\/magimix-kit-daccessoires-3-disques-pour-3200-4200-5200\/#primaryimage\"},\"image\":{\"@id\":\"https:\/\/dev6.erresse-shop.it\/fr\/shop\/petits-electromenagers\/robots-de-cuisine\/magimix-kit-daccessoires-3-disques-pour-3200-4200-5200\/#primaryimage\"},\"thumbnailUrl\":\"https:\/\/i3.wp.com\/interpim.erresse-shop.it\/Import\/Prodotti\/products-coffret-cuisine-creative2.jpg?ssl=1\",\"datePublished\":\"2026-04-29T06:48:33+00:00\",\"description\":\"MAGIMIX. GARANTIE ITALIENNE C\u2019est en France, au c\u0153ur de la Bourgogne, r\u00e9gion c\u00e9l\u00e8bre pour sa gastronomie, que Magimix a invent\u00e9 le robot m\u00e9nager il y a\",\"breadcrumb\":{\"@id\":\"https:\/\/dev6.erresse-shop.it\/fr\/shop\/petits-electromenagers\/robots-de-cuisine\/magimix-kit-daccessoires-3-disques-pour-3200-4200-5200\/#breadcrumb\"},\"inLanguage\":\"fr-FR\",\"potentialAction\":[{\"@type\":\"ReadAction\",\"target\":[\"https:\/\/dev6.erresse-shop.it\/fr\/shop\/petits-electromenagers\/robots-de-cuisine\/magimix-kit-daccessoires-3-disques-pour-3200-4200-5200\/\"]}]},{\"@type\":\"ImageObject\",\"inLanguage\":\"fr-FR\",\"@id\":\"https:\/\/dev6.erresse-shop.it\/fr\/shop\/petits-electromenagers\/robots-de-cuisine\/magimix-kit-daccessoires-3-disques-pour-3200-4200-5200\/#primaryimage\",\"url\":\"https:\/\/i3.wp.com\/interpim.erresse-shop.it\/Import\/Prodotti\/products-coffret-cuisine-creative2.jpg?ssl=1\",\"contentUrl\":\"https:\/\/i3.wp.com\/interpim.erresse-shop.it\/Import\/Prodotti\/products-coffret-cuisine-creative2.jpg?ssl=1\"},{\"@type\":\"BreadcrumbList\",\"@id\":\"https:\/\/dev6.erresse-shop.it\/fr\/shop\/petits-electromenagers\/robots-de-cuisine\/magimix-kit-daccessoires-3-disques-pour-3200-4200-5200\/#breadcrumb\",\"itemListElement\":[{\"@type\":\"ListItem\",\"position\":1,\"name\":\"Home\",\"item\":\"https:\/\/dev6.erresse-shop.it\/\"},{\"@type\":\"ListItem\",\"position\":2,\"name\":\"Boutique\",\"item\":\"https:\/\/dev6.erresse-shop.it\/shop\/\"},{\"@type\":\"ListItem\",\"position\":3,\"name\":\"MAGIMIX Kit d&#8217;Accessoires 3 Disques pour 3200-4200-5200\"}]},{\"@type\":\"WebSite\",\"@id\":\"https:\/\/dev6.erresse-shop.it\/#website\",\"url\":\"https:\/\/dev6.erresse-shop.it\/\",\"name\":\"Erresse Shop\",\"description\":\"\",\"publisher\":{\"@id\":\"https:\/\/dev6.erresse-shop.it\/#organization\"},\"potentialAction\":[{\"@type\":\"SearchAction\",\"target\":{\"@type\":\"EntryPoint\",\"urlTemplate\":\"https:\/\/dev6.erresse-shop.it\/?s={search_term_string}\"},\"query-input\":{\"@type\":\"PropertyValueSpecification\",\"valueRequired\":true,\"valueName\":\"search_term_string\"}}],\"inLanguage\":\"fr-FR\"},{\"@type\":\"Organization\",\"@id\":\"https:\/\/dev6.erresse-shop.it\/#organization\",\"name\":\"Erresse Shop\",\"url\":\"https:\/\/dev6.erresse-shop.it\/\",\"logo\":{\"@type\":\"ImageObject\",\"inLanguage\":\"fr-FR\",\"@id\":\"https:\/\/dev6.erresse-shop.it\/#\/schema\/logo\/image\/\",\"url\":\"https:\/\/dev6.erresse-shop.it\/wp-content\/uploads\/2025\/01\/LOGO-ERRESSE-CLASSICO.svg\",\"contentUrl\":\"https:\/\/dev6.erresse-shop.it\/wp-content\/uploads\/2025\/01\/LOGO-ERRESSE-CLASSICO.svg\",\"caption\":\"Erresse Shop\"},\"image\":{\"@id\":\"https:\/\/dev6.erresse-shop.it\/#\/schema\/logo\/image\/\"}}]}<\/script>\n<!-- \/ Yoast SEO plugin. -->","yoast_head_json":{"title":"MAGIMIX Kit d&#8217;Accessoires 3 Disques pour 3200-4200-5200 - dev6 Erresse","description":"MAGIMIX. GARANTIE ITALIENNE C\u2019est en France, au c\u0153ur de la Bourgogne, r\u00e9gion c\u00e9l\u00e8bre pour sa gastronomie, que Magimix a invent\u00e9 le robot m\u00e9nager il y a","robots":{"index":"noindex","follow":"follow","max-snippet":"max-snippet:-1","max-image-preview":"max-image-preview:large","max-video-preview":"max-video-preview:-1"},"og_locale":"fr_FR","og_type":"article","og_title":"MAGIMIX Kit d&#8217;Accessoires 3 Disques pour 3200-4200-5200 - dev6 Erresse","og_description":"MAGIMIX. GARANTIE ITALIENNE C\u2019est en France, au c\u0153ur de la Bourgogne, r\u00e9gion c\u00e9l\u00e8bre pour sa gastronomie, que Magimix a invent\u00e9 le robot m\u00e9nager il y a","og_url":"https:\/\/dev6.erresse-shop.it\/fr\/shop\/petits-electromenagers\/robots-de-cuisine\/magimix-kit-daccessoires-3-disques-pour-3200-4200-5200\/","og_site_name":"dev6 Erresse","og_image":[{"url":"https:\/\/interpim.erresse-shop.it\/Import\/Prodotti\/products-coffret-cuisine-creative2.jpg","type":"","width":"","height":""},{"url":"https:\/\/interpim.erresse-shop.it\/Import\/Prodotti\/products-coffret-cuisine-creative2.jpg","width":1024,"height":1024,"type":"image\/jpeg"}],"twitter_card":"summary_large_image","twitter_image":"https:\/\/interpim.erresse-shop.it\/Import\/Prodotti\/products-coffret-cuisine-creative2.jpg","schema":{"@context":"https:\/\/schema.org","@graph":[{"@type":"WebPage","@id":"https:\/\/dev6.erresse-shop.it\/fr\/shop\/petits-electromenagers\/robots-de-cuisine\/magimix-kit-daccessoires-3-disques-pour-3200-4200-5200\/","url":"https:\/\/dev6.erresse-shop.it\/fr\/shop\/petits-electromenagers\/robots-de-cuisine\/magimix-kit-daccessoires-3-disques-pour-3200-4200-5200\/","name":"MAGIMIX Kit d&#8217;Accessoires 3 Disques pour 3200-4200-5200 - dev6 Erresse","isPartOf":{"@id":"https:\/\/dev6.erresse-shop.it\/#website"},"primaryImageOfPage":{"@id":"https:\/\/dev6.erresse-shop.it\/fr\/shop\/petits-electromenagers\/robots-de-cuisine\/magimix-kit-daccessoires-3-disques-pour-3200-4200-5200\/#primaryimage"},"image":{"@id":"https:\/\/dev6.erresse-shop.it\/fr\/shop\/petits-electromenagers\/robots-de-cuisine\/magimix-kit-daccessoires-3-disques-pour-3200-4200-5200\/#primaryimage"},"thumbnailUrl":"https:\/\/i3.wp.com\/interpim.erresse-shop.it\/Import\/Prodotti\/products-coffret-cuisine-creative2.jpg?ssl=1","datePublished":"2026-04-29T06:48:33+00:00","description":"MAGIMIX. GARANTIE ITALIENNE C\u2019est en France, au c\u0153ur de la Bourgogne, r\u00e9gion c\u00e9l\u00e8bre pour sa gastronomie, que Magimix a invent\u00e9 le robot m\u00e9nager il y a","breadcrumb":{"@id":"https:\/\/dev6.erresse-shop.it\/fr\/shop\/petits-electromenagers\/robots-de-cuisine\/magimix-kit-daccessoires-3-disques-pour-3200-4200-5200\/#breadcrumb"},"inLanguage":"fr-FR","potentialAction":[{"@type":"ReadAction","target":["https:\/\/dev6.erresse-shop.it\/fr\/shop\/petits-electromenagers\/robots-de-cuisine\/magimix-kit-daccessoires-3-disques-pour-3200-4200-5200\/"]}]},{"@type":"ImageObject","inLanguage":"fr-FR","@id":"https:\/\/dev6.erresse-shop.it\/fr\/shop\/petits-electromenagers\/robots-de-cuisine\/magimix-kit-daccessoires-3-disques-pour-3200-4200-5200\/#primaryimage","url":"https:\/\/i3.wp.com\/interpim.erresse-shop.it\/Import\/Prodotti\/products-coffret-cuisine-creative2.jpg?ssl=1","contentUrl":"https:\/\/i3.wp.com\/interpim.erresse-shop.it\/Import\/Prodotti\/products-coffret-cuisine-creative2.jpg?ssl=1"},{"@type":"BreadcrumbList","@id":"https:\/\/dev6.erresse-shop.it\/fr\/shop\/petits-electromenagers\/robots-de-cuisine\/magimix-kit-daccessoires-3-disques-pour-3200-4200-5200\/#breadcrumb","itemListElement":[{"@type":"ListItem","position":1,"name":"Home","item":"https:\/\/dev6.erresse-shop.it\/"},{"@type":"ListItem","position":2,"name":"Boutique","item":"https:\/\/dev6.erresse-shop.it\/shop\/"},{"@type":"ListItem","position":3,"name":"MAGIMIX Kit d&#8217;Accessoires 3 Disques pour 3200-4200-5200"}]},{"@type":"WebSite","@id":"https:\/\/dev6.erresse-shop.it\/#website","url":"https:\/\/dev6.erresse-shop.it\/","name":"Erresse Shop","description":"","publisher":{"@id":"https:\/\/dev6.erresse-shop.it\/#organization"},"potentialAction":[{"@type":"SearchAction","target":{"@type":"EntryPoint","urlTemplate":"https:\/\/dev6.erresse-shop.it\/?s={search_term_string}"},"query-input":{"@type":"PropertyValueSpecification","valueRequired":true,"valueName":"search_term_string"}}],"inLanguage":"fr-FR"},{"@type":"Organization","@id":"https:\/\/dev6.erresse-shop.it\/#organization","name":"Erresse Shop","url":"https:\/\/dev6.erresse-shop.it\/","logo":{"@type":"ImageObject","inLanguage":"fr-FR","@id":"https:\/\/dev6.erresse-shop.it\/#\/schema\/logo\/image\/","url":"https:\/\/dev6.erresse-shop.it\/wp-content\/uploads\/2025\/01\/LOGO-ERRESSE-CLASSICO.svg","contentUrl":"https:\/\/dev6.erresse-shop.it\/wp-content\/uploads\/2025\/01\/LOGO-ERRESSE-CLASSICO.svg","caption":"Erresse Shop"},"image":{"@id":"https:\/\/dev6.erresse-shop.it\/#\/schema\/logo\/image\/"}}]}},"df_price":89,"df_sale_price":89,"df_regular_price":100,"df_image_link":"https:\/\/i3.wp.com\/interpim.erresse-shop.it\/Import\/Prodotti\/products-coffret-cuisine-creative2.jpg?resize=300,300&ssl=1","fifu_image_url":"https:\/\/interpim.erresse-shop.it\/Import\/Prodotti\/products-coffret-cuisine-creative2.jpg","_links":{"self":[{"href":"https:\/\/dev6.erresse-shop.it\/fr\/wp-json\/wp\/v2\/product\/57089","targetHints":{"allow":["GET"]}}],"collection":[{"href":"https:\/\/dev6.erresse-shop.it\/fr\/wp-json\/wp\/v2\/product"}],"about":[{"href":"https:\/\/dev6.erresse-shop.it\/fr\/wp-json\/wp\/v2\/types\/product"}],"wp:featuredmedia":[{"embeddable":true,"href":"https:\/\/dev6.erresse-shop.it\/fr\/wp-json\/wp\/v2\/media\/6947520"}],"wp:attachment":[{"href":"https:\/\/dev6.erresse-shop.it\/fr\/wp-json\/wp\/v2\/media?parent=57089"}],"wp:term":[{"taxonomy":"product_cat","embeddable":true,"href":"https:\/\/dev6.erresse-shop.it\/fr\/wp-json\/wp\/v2\/product_cat?post=57089"},{"taxonomy":"product_tag","embeddable":true,"href":"https:\/\/dev6.erresse-shop.it\/fr\/wp-json\/wp\/v2\/product_tag?post=57089"}],"curies":[{"name":"wp","href":"https:\/\/api.w.org\/{rel}","templated":true}]}}