{"id":57075,"date":"2026-04-12T08:08:10","date_gmt":"2026-04-12T06:08:10","guid":{"rendered":"https:\/\/dev6.erresse-shop.it\/shop\/non%20class\u00e9\/magimix-cuiseur-vapeur-multifonction\/"},"modified":"2025-07-19T03:56:23","modified_gmt":"2025-07-19T01:56:23","slug":"magimix-cuiseur-vapeur-multifonction","status":"publish","type":"product","link":"https:\/\/dev6.erresse-shop.it\/fr\/shop\/petits-electromenagers\/cuiseurs-vapeur\/magimix-cuiseur-vapeur-multifonction\/","title":{"rendered":"MAGIMIX Cuiseur Vapeur MULTIFONCTION"},"content":{"rendered":"<p>VAPEUR MULTIFONCTION<br \/>\nLa cuisson \u00e0 la vapeur allie sant\u00e9 et go\u00fbt des aliments!<br \/>\nLes l\u00e9gumes sont croquants, la viande bien cuite reste plus tendre, les poissons conservent leur ar\u00f4me \u2026<br \/>\nR\u00e9sistance ultra puissante (1900 W) pour atteindre rapidement la temp\u00e9rature.<br \/>\n2 paniers en acier inoxydable de 5,5 litres pour cuire simultan\u00e9ment diff\u00e9rents aliments et pr\u00e9server les vitamines et les saveurs de chaque aliment.<br \/>\nVolume maxi: le panier sup\u00e9rieur dispose d\u2019un fond amovible pour faire varier la capacit\u00e9 et cuire de plus gros morceaux (poulet, artichauts, \u2026).<br \/>\nCapacit\u00e9 totale: 12,2 litres.<br \/>\nDESCRIPTION TECHNIQUE<br \/>\nCapacit\u00e9 2 paniers de 5,5 litres 4 fonctions pr\u00e9programm\u00e9es: vapeur, poisson, yaourt, frottement<br \/>\nVapeur \u2013 100 \u00b0 viande, l\u00e9gumes, riz, dessertPoisson \u2013 80 \u00b0 cuisson douce pour respecter la consistance du poissonChafing \u2013 60 \u00b0 garder au chaud ou \u00e0 r\u00e9chauffer Yaourt \u2013 40\u00e8me yaourt maison<br \/>\nVolume maxi panier 12,2 l avec fond amovible R\u00e9servoir d\u2019eau en acier inoxydable de 1,2 litre<br \/>\nMinuterie num\u00e9rique avec arr\u00eat automatique<br \/>\nPanier multifonction en acier inoxydable<br \/>\nSupport \u0153ufs int\u00e9gr\u00e9s, pour 6 \u0153ufs<br \/>\nSupport \u00e0 vapeur en acier<br \/>\nC\u00e2ble d\u00e9tachable<br \/>\nLave-vaisselle<br \/>\nFonctionnement de la charge de s\u00e9curit\u00e9, indicateur sonore<br \/>\nMat\u00e9riau 0% BPA<br \/>\nPuissance 1900 W<br \/>\nGarantie 3 ans<br \/>\nDimensions H295 x L390 x P261 mm<br \/>\nPoids 4,3 kg<br \/>\nRemarque: la prise d\u2019alimentation est europ\u00e9enne Schuko<br \/>\nPas \u00e0 vendre en dehors de l\u2019Europe<\/p>\n","protected":false},"excerpt":{"rendered":"<p>VAPEUR MULTIFONCTION La cuisson \u00e0 la vapeur allie sant\u00e9 et go\u00fbt des aliments! Les l\u00e9gumes sont croquants, la viande bien cuite reste plus tendre, les poissons conservent leur ar\u00f4me \u2026 R\u00e9sistance ultra puissante (1900 W) pour atteindre rapidement la temp\u00e9rature. 2 paniers en acier inoxydable de 5,5 litres pour cuire simultan\u00e9ment diff\u00e9rents aliments et pr\u00e9server [&hellip;]<\/p>\n","protected":false},"featured_media":6341521,"template":"","meta":{"_acf_changed":false},"product_cat":[12096,12055,11772],"product_tag":[],"class_list":{"0":"post-57075","1":"product","2":"type-product","3":"status-publish","4":"has-post-thumbnail","6":"product_cat-cuiseurs-vapeur","7":"product_cat-petits-electromenagers","8":"product_cat-vaporiere","10":"first","11":"instock","12":"sale","13":"taxable","14":"shipping-taxable","15":"purchasable","16":"product-type-simple","swatches":"rey-swatches","show_selected":"","stretch_labels":"rey-swatches--stretch-labels"},"acf":[],"yoast_head":"<!-- This site is optimized with the Yoast SEO plugin v25.4 - https:\/\/yoast.com\/wordpress\/plugins\/seo\/ -->\n<title>MAGIMIX Cuiseur Vapeur MULTIFONCTION - dev6 Erresse<\/title>\n<meta name=\"description\" content=\"VAPEUR MULTIFONCTION La cuisson \u00e0 la vapeur allie sant\u00e9 et go\u00fbt des aliments! Les l\u00e9gumes sont croquants, la viande bien cuite reste plus tendre, les\" \/>\n<meta name=\"robots\" content=\"noindex, follow, max-snippet:-1, max-image-preview:large, max-video-preview:-1\" \/>\n<meta property=\"og:locale\" content=\"fr_FR\" \/>\n<meta property=\"og:type\" content=\"article\" \/>\n<meta property=\"og:title\" content=\"MAGIMIX Cuiseur Vapeur MULTIFONCTION - dev6 Erresse\" \/>\n<meta property=\"og:description\" content=\"VAPEUR MULTIFONCTION La cuisson \u00e0 la vapeur allie sant\u00e9 et go\u00fbt des aliments! Les l\u00e9gumes sont croquants, la viande bien cuite reste plus tendre, les\" \/>\n<meta property=\"og:url\" content=\"https:\/\/dev6.erresse-shop.it\/fr\/shop\/petits-electromenagers\/cuiseurs-vapeur\/magimix-cuiseur-vapeur-multifonction\/\" \/>\n<meta property=\"og:site_name\" content=\"dev6 Erresse\" \/>\n<meta property=\"og:image\" content=\"https:\/\/interpim.erresse-shop.it\/Import\/Prodotti\/products-63177606111581.jpg\" \/><meta property=\"og:image\" content=\"https:\/\/interpim.erresse-shop.it\/Import\/Prodotti\/products-63177606111581.jpg\" \/>\n\t<meta property=\"og:image:width\" content=\"1024\" \/>\n\t<meta property=\"og:image:height\" content=\"1024\" \/>\n\t<meta property=\"og:image:type\" content=\"image\/jpeg\" \/>\n<meta name=\"twitter:card\" content=\"summary_large_image\" \/>\n<meta name=\"twitter:image\" content=\"https:\/\/interpim.erresse-shop.it\/Import\/Prodotti\/products-63177606111581.jpg\" \/>\n<script type=\"application\/ld+json\" class=\"yoast-schema-graph\">{\"@context\":\"https:\/\/schema.org\",\"@graph\":[{\"@type\":\"WebPage\",\"@id\":\"https:\/\/dev6.erresse-shop.it\/fr\/shop\/petits-electromenagers\/cuiseurs-vapeur\/magimix-cuiseur-vapeur-multifonction\/\",\"url\":\"https:\/\/dev6.erresse-shop.it\/fr\/shop\/petits-electromenagers\/cuiseurs-vapeur\/magimix-cuiseur-vapeur-multifonction\/\",\"name\":\"MAGIMIX Cuiseur Vapeur MULTIFONCTION - dev6 Erresse\",\"isPartOf\":{\"@id\":\"https:\/\/dev6.erresse-shop.it\/#website\"},\"primaryImageOfPage\":{\"@id\":\"https:\/\/dev6.erresse-shop.it\/fr\/shop\/petits-electromenagers\/cuiseurs-vapeur\/magimix-cuiseur-vapeur-multifonction\/#primaryimage\"},\"image\":{\"@id\":\"https:\/\/dev6.erresse-shop.it\/fr\/shop\/petits-electromenagers\/cuiseurs-vapeur\/magimix-cuiseur-vapeur-multifonction\/#primaryimage\"},\"thumbnailUrl\":\"https:\/\/i2.wp.com\/interpim.erresse-shop.it\/Import\/Prodotti\/products-63177606111581.jpg?ssl=1\",\"datePublished\":\"2026-04-12T06:08:10+00:00\",\"description\":\"VAPEUR MULTIFONCTION La cuisson \u00e0 la vapeur allie sant\u00e9 et go\u00fbt des aliments! Les l\u00e9gumes sont croquants, la viande bien cuite reste plus tendre, les\",\"breadcrumb\":{\"@id\":\"https:\/\/dev6.erresse-shop.it\/fr\/shop\/petits-electromenagers\/cuiseurs-vapeur\/magimix-cuiseur-vapeur-multifonction\/#breadcrumb\"},\"inLanguage\":\"fr-FR\",\"potentialAction\":[{\"@type\":\"ReadAction\",\"target\":[\"https:\/\/dev6.erresse-shop.it\/fr\/shop\/petits-electromenagers\/cuiseurs-vapeur\/magimix-cuiseur-vapeur-multifonction\/\"]}]},{\"@type\":\"ImageObject\",\"inLanguage\":\"fr-FR\",\"@id\":\"https:\/\/dev6.erresse-shop.it\/fr\/shop\/petits-electromenagers\/cuiseurs-vapeur\/magimix-cuiseur-vapeur-multifonction\/#primaryimage\",\"url\":\"https:\/\/i2.wp.com\/interpim.erresse-shop.it\/Import\/Prodotti\/products-63177606111581.jpg?ssl=1\",\"contentUrl\":\"https:\/\/i2.wp.com\/interpim.erresse-shop.it\/Import\/Prodotti\/products-63177606111581.jpg?ssl=1\"},{\"@type\":\"BreadcrumbList\",\"@id\":\"https:\/\/dev6.erresse-shop.it\/fr\/shop\/petits-electromenagers\/cuiseurs-vapeur\/magimix-cuiseur-vapeur-multifonction\/#breadcrumb\",\"itemListElement\":[{\"@type\":\"ListItem\",\"position\":1,\"name\":\"Home\",\"item\":\"https:\/\/dev6.erresse-shop.it\/\"},{\"@type\":\"ListItem\",\"position\":2,\"name\":\"Boutique\",\"item\":\"https:\/\/dev6.erresse-shop.it\/shop\/\"},{\"@type\":\"ListItem\",\"position\":3,\"name\":\"MAGIMIX Cuiseur Vapeur MULTIFONCTION\"}]},{\"@type\":\"WebSite\",\"@id\":\"https:\/\/dev6.erresse-shop.it\/#website\",\"url\":\"https:\/\/dev6.erresse-shop.it\/\",\"name\":\"Erresse Shop\",\"description\":\"\",\"publisher\":{\"@id\":\"https:\/\/dev6.erresse-shop.it\/#organization\"},\"potentialAction\":[{\"@type\":\"SearchAction\",\"target\":{\"@type\":\"EntryPoint\",\"urlTemplate\":\"https:\/\/dev6.erresse-shop.it\/?s={search_term_string}\"},\"query-input\":{\"@type\":\"PropertyValueSpecification\",\"valueRequired\":true,\"valueName\":\"search_term_string\"}}],\"inLanguage\":\"fr-FR\"},{\"@type\":\"Organization\",\"@id\":\"https:\/\/dev6.erresse-shop.it\/#organization\",\"name\":\"Erresse Shop\",\"url\":\"https:\/\/dev6.erresse-shop.it\/\",\"logo\":{\"@type\":\"ImageObject\",\"inLanguage\":\"fr-FR\",\"@id\":\"https:\/\/dev6.erresse-shop.it\/#\/schema\/logo\/image\/\",\"url\":\"https:\/\/dev6.erresse-shop.it\/wp-content\/uploads\/2025\/01\/LOGO-ERRESSE-CLASSICO.svg\",\"contentUrl\":\"https:\/\/dev6.erresse-shop.it\/wp-content\/uploads\/2025\/01\/LOGO-ERRESSE-CLASSICO.svg\",\"caption\":\"Erresse Shop\"},\"image\":{\"@id\":\"https:\/\/dev6.erresse-shop.it\/#\/schema\/logo\/image\/\"}}]}<\/script>\n<!-- \/ Yoast SEO plugin. -->","yoast_head_json":{"title":"MAGIMIX Cuiseur Vapeur MULTIFONCTION - dev6 Erresse","description":"VAPEUR MULTIFONCTION La cuisson \u00e0 la vapeur allie sant\u00e9 et go\u00fbt des aliments! Les l\u00e9gumes sont croquants, la viande bien cuite reste plus tendre, les","robots":{"index":"noindex","follow":"follow","max-snippet":"max-snippet:-1","max-image-preview":"max-image-preview:large","max-video-preview":"max-video-preview:-1"},"og_locale":"fr_FR","og_type":"article","og_title":"MAGIMIX Cuiseur Vapeur MULTIFONCTION - dev6 Erresse","og_description":"VAPEUR MULTIFONCTION La cuisson \u00e0 la vapeur allie sant\u00e9 et go\u00fbt des aliments! Les l\u00e9gumes sont croquants, la viande bien cuite reste plus tendre, les","og_url":"https:\/\/dev6.erresse-shop.it\/fr\/shop\/petits-electromenagers\/cuiseurs-vapeur\/magimix-cuiseur-vapeur-multifonction\/","og_site_name":"dev6 Erresse","og_image":[{"url":"https:\/\/interpim.erresse-shop.it\/Import\/Prodotti\/products-63177606111581.jpg","type":"","width":"","height":""},{"url":"https:\/\/interpim.erresse-shop.it\/Import\/Prodotti\/products-63177606111581.jpg","width":1024,"height":1024,"type":"image\/jpeg"}],"twitter_card":"summary_large_image","twitter_image":"https:\/\/interpim.erresse-shop.it\/Import\/Prodotti\/products-63177606111581.jpg","schema":{"@context":"https:\/\/schema.org","@graph":[{"@type":"WebPage","@id":"https:\/\/dev6.erresse-shop.it\/fr\/shop\/petits-electromenagers\/cuiseurs-vapeur\/magimix-cuiseur-vapeur-multifonction\/","url":"https:\/\/dev6.erresse-shop.it\/fr\/shop\/petits-electromenagers\/cuiseurs-vapeur\/magimix-cuiseur-vapeur-multifonction\/","name":"MAGIMIX Cuiseur Vapeur MULTIFONCTION - dev6 Erresse","isPartOf":{"@id":"https:\/\/dev6.erresse-shop.it\/#website"},"primaryImageOfPage":{"@id":"https:\/\/dev6.erresse-shop.it\/fr\/shop\/petits-electromenagers\/cuiseurs-vapeur\/magimix-cuiseur-vapeur-multifonction\/#primaryimage"},"image":{"@id":"https:\/\/dev6.erresse-shop.it\/fr\/shop\/petits-electromenagers\/cuiseurs-vapeur\/magimix-cuiseur-vapeur-multifonction\/#primaryimage"},"thumbnailUrl":"https:\/\/i2.wp.com\/interpim.erresse-shop.it\/Import\/Prodotti\/products-63177606111581.jpg?ssl=1","datePublished":"2026-04-12T06:08:10+00:00","description":"VAPEUR MULTIFONCTION La cuisson \u00e0 la vapeur allie sant\u00e9 et go\u00fbt des aliments! Les l\u00e9gumes sont croquants, la viande bien cuite reste plus tendre, les","breadcrumb":{"@id":"https:\/\/dev6.erresse-shop.it\/fr\/shop\/petits-electromenagers\/cuiseurs-vapeur\/magimix-cuiseur-vapeur-multifonction\/#breadcrumb"},"inLanguage":"fr-FR","potentialAction":[{"@type":"ReadAction","target":["https:\/\/dev6.erresse-shop.it\/fr\/shop\/petits-electromenagers\/cuiseurs-vapeur\/magimix-cuiseur-vapeur-multifonction\/"]}]},{"@type":"ImageObject","inLanguage":"fr-FR","@id":"https:\/\/dev6.erresse-shop.it\/fr\/shop\/petits-electromenagers\/cuiseurs-vapeur\/magimix-cuiseur-vapeur-multifonction\/#primaryimage","url":"https:\/\/i2.wp.com\/interpim.erresse-shop.it\/Import\/Prodotti\/products-63177606111581.jpg?ssl=1","contentUrl":"https:\/\/i2.wp.com\/interpim.erresse-shop.it\/Import\/Prodotti\/products-63177606111581.jpg?ssl=1"},{"@type":"BreadcrumbList","@id":"https:\/\/dev6.erresse-shop.it\/fr\/shop\/petits-electromenagers\/cuiseurs-vapeur\/magimix-cuiseur-vapeur-multifonction\/#breadcrumb","itemListElement":[{"@type":"ListItem","position":1,"name":"Home","item":"https:\/\/dev6.erresse-shop.it\/"},{"@type":"ListItem","position":2,"name":"Boutique","item":"https:\/\/dev6.erresse-shop.it\/shop\/"},{"@type":"ListItem","position":3,"name":"MAGIMIX Cuiseur Vapeur MULTIFONCTION"}]},{"@type":"WebSite","@id":"https:\/\/dev6.erresse-shop.it\/#website","url":"https:\/\/dev6.erresse-shop.it\/","name":"Erresse Shop","description":"","publisher":{"@id":"https:\/\/dev6.erresse-shop.it\/#organization"},"potentialAction":[{"@type":"SearchAction","target":{"@type":"EntryPoint","urlTemplate":"https:\/\/dev6.erresse-shop.it\/?s={search_term_string}"},"query-input":{"@type":"PropertyValueSpecification","valueRequired":true,"valueName":"search_term_string"}}],"inLanguage":"fr-FR"},{"@type":"Organization","@id":"https:\/\/dev6.erresse-shop.it\/#organization","name":"Erresse Shop","url":"https:\/\/dev6.erresse-shop.it\/","logo":{"@type":"ImageObject","inLanguage":"fr-FR","@id":"https:\/\/dev6.erresse-shop.it\/#\/schema\/logo\/image\/","url":"https:\/\/dev6.erresse-shop.it\/wp-content\/uploads\/2025\/01\/LOGO-ERRESSE-CLASSICO.svg","contentUrl":"https:\/\/dev6.erresse-shop.it\/wp-content\/uploads\/2025\/01\/LOGO-ERRESSE-CLASSICO.svg","caption":"Erresse Shop"},"image":{"@id":"https:\/\/dev6.erresse-shop.it\/#\/schema\/logo\/image\/"}}]}},"df_price":269.95,"df_sale_price":269.95,"df_regular_price":320,"df_image_link":"https:\/\/i2.wp.com\/interpim.erresse-shop.it\/Import\/Prodotti\/products-63177606111581.jpg?resize=300,300&ssl=1","fifu_image_url":"https:\/\/interpim.erresse-shop.it\/Import\/Prodotti\/products-63177606111581.jpg","_links":{"self":[{"href":"https:\/\/dev6.erresse-shop.it\/fr\/wp-json\/wp\/v2\/product\/57075","targetHints":{"allow":["GET"]}}],"collection":[{"href":"https:\/\/dev6.erresse-shop.it\/fr\/wp-json\/wp\/v2\/product"}],"about":[{"href":"https:\/\/dev6.erresse-shop.it\/fr\/wp-json\/wp\/v2\/types\/product"}],"wp:featuredmedia":[{"embeddable":true,"href":"https:\/\/dev6.erresse-shop.it\/fr\/wp-json\/wp\/v2\/media\/6341521"}],"wp:attachment":[{"href":"https:\/\/dev6.erresse-shop.it\/fr\/wp-json\/wp\/v2\/media?parent=57075"}],"wp:term":[{"taxonomy":"product_cat","embeddable":true,"href":"https:\/\/dev6.erresse-shop.it\/fr\/wp-json\/wp\/v2\/product_cat?post=57075"},{"taxonomy":"product_tag","embeddable":true,"href":"https:\/\/dev6.erresse-shop.it\/fr\/wp-json\/wp\/v2\/product_tag?post=57075"}],"curies":[{"name":"wp","href":"https:\/\/api.w.org\/{rel}","templated":true}]}}