{"id":57063,"date":"2026-04-29T08:48:33","date_gmt":"2026-04-29T06:48:33","guid":{"rendered":"https:\/\/dev6.erresse-shop.it\/shop\/non%20class\u00e9\/zwilling-bloc-a-decouper-8-pieces-professional-s\/"},"modified":"2025-09-14T03:55:52","modified_gmt":"2025-09-14T01:55:52","slug":"zwilling-bloc-a-decouper-8-pieces-professional-s","status":"publish","type":"product","link":"https:\/\/dev6.erresse-shop.it\/fr\/shop\/cuisine\/couteaux\/bloc-couteaux\/zwilling-bloc-a-decouper-8-pieces-professional-s\/","title":{"rendered":"ZWILLING Bloc \u00e0 D\u00e9couper 8 Pi\u00e8ces Professional S"},"content":{"rendered":"<p>Professionnel \u201cS\u201d<\/p>\n<p>Traditionnel et classique. Les chefs du monde entier font confiance \u00e0 la qualit\u00e9 et \u00e0 la tradition de cette s\u00e9rie de couteaux rivet\u00e9s.<\/p>\n<p>Mat\u00e9riau du manche : synth\u00e9tique, design avec trois rivets<br \/>\nAucune interruption entre le n\u0153ud et la poign\u00e9e<br \/>\nProtection des mains (n\u0153ud)<br \/>\nFormule sp\u00e9ciale en acier inoxydable Zwilling J.A. Henckels<br \/>\nLame FRIODUR, tremp\u00e9e \u00e0 la glace<br \/>\nCouteau SIGMAFORGE \u2013 forg\u00e9 d\u2019une seule pi\u00e8ce<br \/>\nBloc de couteaux, bois naturel 7 pcs \u2013 230 x 115 x 195 mm<\/p>\n<p>Il contient :<\/p>\n<p>1 couteau d\u2019office de 100 mm<br \/>\n1 couteau de chef de 200 mm<br \/>\n1 Couteau utilitaire 130 mm<br \/>\n1 couteau \u00e0 pain de 200 mm<br \/>\n1 Couteau \u00e0 viande 200 mm<br \/>\n1 Ciseaux multi-usages 205 mm<br \/>\n1 hachette<\/p>\n","protected":false},"excerpt":{"rendered":"<p>Professionnel \u201cS\u201d Traditionnel et classique. Les chefs du monde entier font confiance \u00e0 la qualit\u00e9 et \u00e0 la tradition de cette s\u00e9rie de couteaux rivet\u00e9s. Mat\u00e9riau du manche : synth\u00e9tique, design avec trois rivets Aucune interruption entre le n\u0153ud et la poign\u00e9e Protection des mains (n\u0153ud) Formule sp\u00e9ciale en acier inoxydable Zwilling J.A. Henckels Lame [&hellip;]<\/p>\n","protected":false},"featured_media":6947430,"template":"","meta":{"_acf_changed":false},"product_cat":[12059,11735,11669,11993,11992],"product_tag":[],"class_list":{"0":"post-57063","1":"product","2":"type-product","3":"status-publish","4":"has-post-thumbnail","6":"product_cat-bloc-couteaux","7":"product_cat-ceppi","8":"product_cat-coltelli","9":"product_cat-couteaux","10":"product_cat-cuisine","12":"first","13":"outofstock","14":"sale","15":"taxable","16":"shipping-taxable","17":"purchasable","18":"product-type-simple","swatches":"rey-swatches","show_selected":"","stretch_labels":"rey-swatches--stretch-labels"},"acf":[],"yoast_head":"<!-- This site is optimized with the Yoast SEO plugin v25.4 - https:\/\/yoast.com\/wordpress\/plugins\/seo\/ -->\n<title>ZWILLING Bloc \u00e0 D\u00e9couper 8 Pi\u00e8ces Professional S - dev6 Erresse<\/title>\n<meta name=\"description\" content=\"Professionnel \u201cS\u201d Traditionnel et classique. Les chefs du monde entier font confiance \u00e0 la qualit\u00e9 et \u00e0 la tradition de cette s\u00e9rie de couteaux rivet\u00e9s.\" \/>\n<meta name=\"robots\" content=\"noindex, follow, max-snippet:-1, max-image-preview:large, max-video-preview:-1\" \/>\n<meta property=\"og:locale\" content=\"fr_FR\" \/>\n<meta property=\"og:type\" content=\"article\" \/>\n<meta property=\"og:title\" content=\"ZWILLING Bloc \u00e0 D\u00e9couper 8 Pi\u00e8ces Professional S - dev6 Erresse\" \/>\n<meta property=\"og:description\" content=\"Professionnel \u201cS\u201d Traditionnel et classique. Les chefs du monde entier font confiance \u00e0 la qualit\u00e9 et \u00e0 la tradition de cette s\u00e9rie de couteaux rivet\u00e9s.\" \/>\n<meta property=\"og:url\" content=\"https:\/\/dev6.erresse-shop.it\/fr\/shop\/cuisine\/couteaux\/bloc-couteaux\/zwilling-bloc-a-decouper-8-pieces-professional-s\/\" \/>\n<meta property=\"og:site_name\" content=\"dev6 Erresse\" \/>\n<meta property=\"og:image\" content=\"https:\/\/interpim.erresse-shop.it\/Import\/Prodotti\/35662-000_.jpg\" \/><meta property=\"og:image\" content=\"https:\/\/interpim.erresse-shop.it\/Import\/Prodotti\/35662-000_.jpg\" \/>\n\t<meta property=\"og:image:width\" content=\"1024\" \/>\n\t<meta property=\"og:image:height\" content=\"1024\" \/>\n\t<meta property=\"og:image:type\" content=\"image\/jpeg\" \/>\n<meta name=\"twitter:card\" content=\"summary_large_image\" \/>\n<meta name=\"twitter:image\" content=\"https:\/\/interpim.erresse-shop.it\/Import\/Prodotti\/35662-000_.jpg\" \/>\n<script type=\"application\/ld+json\" class=\"yoast-schema-graph\">{\"@context\":\"https:\/\/schema.org\",\"@graph\":[{\"@type\":\"WebPage\",\"@id\":\"https:\/\/dev6.erresse-shop.it\/fr\/shop\/cuisine\/couteaux\/bloc-couteaux\/zwilling-bloc-a-decouper-8-pieces-professional-s\/\",\"url\":\"https:\/\/dev6.erresse-shop.it\/fr\/shop\/cuisine\/couteaux\/bloc-couteaux\/zwilling-bloc-a-decouper-8-pieces-professional-s\/\",\"name\":\"ZWILLING Bloc \u00e0 D\u00e9couper 8 Pi\u00e8ces Professional S - dev6 Erresse\",\"isPartOf\":{\"@id\":\"https:\/\/dev6.erresse-shop.it\/#website\"},\"primaryImageOfPage\":{\"@id\":\"https:\/\/dev6.erresse-shop.it\/fr\/shop\/cuisine\/couteaux\/bloc-couteaux\/zwilling-bloc-a-decouper-8-pieces-professional-s\/#primaryimage\"},\"image\":{\"@id\":\"https:\/\/dev6.erresse-shop.it\/fr\/shop\/cuisine\/couteaux\/bloc-couteaux\/zwilling-bloc-a-decouper-8-pieces-professional-s\/#primaryimage\"},\"thumbnailUrl\":\"https:\/\/i1.wp.com\/interpim.erresse-shop.it\/Import\/Prodotti\/35662-000_.jpg?ssl=1\",\"datePublished\":\"2026-04-29T06:48:33+00:00\",\"description\":\"Professionnel \u201cS\u201d Traditionnel et classique. Les chefs du monde entier font confiance \u00e0 la qualit\u00e9 et \u00e0 la tradition de cette s\u00e9rie de couteaux rivet\u00e9s.\",\"breadcrumb\":{\"@id\":\"https:\/\/dev6.erresse-shop.it\/fr\/shop\/cuisine\/couteaux\/bloc-couteaux\/zwilling-bloc-a-decouper-8-pieces-professional-s\/#breadcrumb\"},\"inLanguage\":\"fr-FR\",\"potentialAction\":[{\"@type\":\"ReadAction\",\"target\":[\"https:\/\/dev6.erresse-shop.it\/fr\/shop\/cuisine\/couteaux\/bloc-couteaux\/zwilling-bloc-a-decouper-8-pieces-professional-s\/\"]}]},{\"@type\":\"ImageObject\",\"inLanguage\":\"fr-FR\",\"@id\":\"https:\/\/dev6.erresse-shop.it\/fr\/shop\/cuisine\/couteaux\/bloc-couteaux\/zwilling-bloc-a-decouper-8-pieces-professional-s\/#primaryimage\",\"url\":\"https:\/\/i1.wp.com\/interpim.erresse-shop.it\/Import\/Prodotti\/35662-000_.jpg?ssl=1\",\"contentUrl\":\"https:\/\/i1.wp.com\/interpim.erresse-shop.it\/Import\/Prodotti\/35662-000_.jpg?ssl=1\"},{\"@type\":\"BreadcrumbList\",\"@id\":\"https:\/\/dev6.erresse-shop.it\/fr\/shop\/cuisine\/couteaux\/bloc-couteaux\/zwilling-bloc-a-decouper-8-pieces-professional-s\/#breadcrumb\",\"itemListElement\":[{\"@type\":\"ListItem\",\"position\":1,\"name\":\"Home\",\"item\":\"https:\/\/dev6.erresse-shop.it\/\"},{\"@type\":\"ListItem\",\"position\":2,\"name\":\"Boutique\",\"item\":\"https:\/\/dev6.erresse-shop.it\/shop\/\"},{\"@type\":\"ListItem\",\"position\":3,\"name\":\"ZWILLING Bloc \u00e0 D\u00e9couper 8 Pi\u00e8ces Professional S\"}]},{\"@type\":\"WebSite\",\"@id\":\"https:\/\/dev6.erresse-shop.it\/#website\",\"url\":\"https:\/\/dev6.erresse-shop.it\/\",\"name\":\"Erresse Shop\",\"description\":\"\",\"publisher\":{\"@id\":\"https:\/\/dev6.erresse-shop.it\/#organization\"},\"potentialAction\":[{\"@type\":\"SearchAction\",\"target\":{\"@type\":\"EntryPoint\",\"urlTemplate\":\"https:\/\/dev6.erresse-shop.it\/?s={search_term_string}\"},\"query-input\":{\"@type\":\"PropertyValueSpecification\",\"valueRequired\":true,\"valueName\":\"search_term_string\"}}],\"inLanguage\":\"fr-FR\"},{\"@type\":\"Organization\",\"@id\":\"https:\/\/dev6.erresse-shop.it\/#organization\",\"name\":\"Erresse Shop\",\"url\":\"https:\/\/dev6.erresse-shop.it\/\",\"logo\":{\"@type\":\"ImageObject\",\"inLanguage\":\"fr-FR\",\"@id\":\"https:\/\/dev6.erresse-shop.it\/#\/schema\/logo\/image\/\",\"url\":\"https:\/\/dev6.erresse-shop.it\/wp-content\/uploads\/2025\/01\/LOGO-ERRESSE-CLASSICO.svg\",\"contentUrl\":\"https:\/\/dev6.erresse-shop.it\/wp-content\/uploads\/2025\/01\/LOGO-ERRESSE-CLASSICO.svg\",\"caption\":\"Erresse Shop\"},\"image\":{\"@id\":\"https:\/\/dev6.erresse-shop.it\/#\/schema\/logo\/image\/\"}}]}<\/script>\n<!-- \/ Yoast SEO plugin. -->","yoast_head_json":{"title":"ZWILLING Bloc \u00e0 D\u00e9couper 8 Pi\u00e8ces Professional S - dev6 Erresse","description":"Professionnel \u201cS\u201d Traditionnel et classique. Les chefs du monde entier font confiance \u00e0 la qualit\u00e9 et \u00e0 la tradition de cette s\u00e9rie de couteaux rivet\u00e9s.","robots":{"index":"noindex","follow":"follow","max-snippet":"max-snippet:-1","max-image-preview":"max-image-preview:large","max-video-preview":"max-video-preview:-1"},"og_locale":"fr_FR","og_type":"article","og_title":"ZWILLING Bloc \u00e0 D\u00e9couper 8 Pi\u00e8ces Professional S - dev6 Erresse","og_description":"Professionnel \u201cS\u201d Traditionnel et classique. Les chefs du monde entier font confiance \u00e0 la qualit\u00e9 et \u00e0 la tradition de cette s\u00e9rie de couteaux rivet\u00e9s.","og_url":"https:\/\/dev6.erresse-shop.it\/fr\/shop\/cuisine\/couteaux\/bloc-couteaux\/zwilling-bloc-a-decouper-8-pieces-professional-s\/","og_site_name":"dev6 Erresse","og_image":[{"url":"https:\/\/interpim.erresse-shop.it\/Import\/Prodotti\/35662-000_.jpg","type":"","width":"","height":""},{"url":"https:\/\/interpim.erresse-shop.it\/Import\/Prodotti\/35662-000_.jpg","width":1024,"height":1024,"type":"image\/jpeg"}],"twitter_card":"summary_large_image","twitter_image":"https:\/\/interpim.erresse-shop.it\/Import\/Prodotti\/35662-000_.jpg","schema":{"@context":"https:\/\/schema.org","@graph":[{"@type":"WebPage","@id":"https:\/\/dev6.erresse-shop.it\/fr\/shop\/cuisine\/couteaux\/bloc-couteaux\/zwilling-bloc-a-decouper-8-pieces-professional-s\/","url":"https:\/\/dev6.erresse-shop.it\/fr\/shop\/cuisine\/couteaux\/bloc-couteaux\/zwilling-bloc-a-decouper-8-pieces-professional-s\/","name":"ZWILLING Bloc \u00e0 D\u00e9couper 8 Pi\u00e8ces Professional S - dev6 Erresse","isPartOf":{"@id":"https:\/\/dev6.erresse-shop.it\/#website"},"primaryImageOfPage":{"@id":"https:\/\/dev6.erresse-shop.it\/fr\/shop\/cuisine\/couteaux\/bloc-couteaux\/zwilling-bloc-a-decouper-8-pieces-professional-s\/#primaryimage"},"image":{"@id":"https:\/\/dev6.erresse-shop.it\/fr\/shop\/cuisine\/couteaux\/bloc-couteaux\/zwilling-bloc-a-decouper-8-pieces-professional-s\/#primaryimage"},"thumbnailUrl":"https:\/\/i1.wp.com\/interpim.erresse-shop.it\/Import\/Prodotti\/35662-000_.jpg?ssl=1","datePublished":"2026-04-29T06:48:33+00:00","description":"Professionnel \u201cS\u201d Traditionnel et classique. Les chefs du monde entier font confiance \u00e0 la qualit\u00e9 et \u00e0 la tradition de cette s\u00e9rie de couteaux rivet\u00e9s.","breadcrumb":{"@id":"https:\/\/dev6.erresse-shop.it\/fr\/shop\/cuisine\/couteaux\/bloc-couteaux\/zwilling-bloc-a-decouper-8-pieces-professional-s\/#breadcrumb"},"inLanguage":"fr-FR","potentialAction":[{"@type":"ReadAction","target":["https:\/\/dev6.erresse-shop.it\/fr\/shop\/cuisine\/couteaux\/bloc-couteaux\/zwilling-bloc-a-decouper-8-pieces-professional-s\/"]}]},{"@type":"ImageObject","inLanguage":"fr-FR","@id":"https:\/\/dev6.erresse-shop.it\/fr\/shop\/cuisine\/couteaux\/bloc-couteaux\/zwilling-bloc-a-decouper-8-pieces-professional-s\/#primaryimage","url":"https:\/\/i1.wp.com\/interpim.erresse-shop.it\/Import\/Prodotti\/35662-000_.jpg?ssl=1","contentUrl":"https:\/\/i1.wp.com\/interpim.erresse-shop.it\/Import\/Prodotti\/35662-000_.jpg?ssl=1"},{"@type":"BreadcrumbList","@id":"https:\/\/dev6.erresse-shop.it\/fr\/shop\/cuisine\/couteaux\/bloc-couteaux\/zwilling-bloc-a-decouper-8-pieces-professional-s\/#breadcrumb","itemListElement":[{"@type":"ListItem","position":1,"name":"Home","item":"https:\/\/dev6.erresse-shop.it\/"},{"@type":"ListItem","position":2,"name":"Boutique","item":"https:\/\/dev6.erresse-shop.it\/shop\/"},{"@type":"ListItem","position":3,"name":"ZWILLING Bloc \u00e0 D\u00e9couper 8 Pi\u00e8ces Professional S"}]},{"@type":"WebSite","@id":"https:\/\/dev6.erresse-shop.it\/#website","url":"https:\/\/dev6.erresse-shop.it\/","name":"Erresse Shop","description":"","publisher":{"@id":"https:\/\/dev6.erresse-shop.it\/#organization"},"potentialAction":[{"@type":"SearchAction","target":{"@type":"EntryPoint","urlTemplate":"https:\/\/dev6.erresse-shop.it\/?s={search_term_string}"},"query-input":{"@type":"PropertyValueSpecification","valueRequired":true,"valueName":"search_term_string"}}],"inLanguage":"fr-FR"},{"@type":"Organization","@id":"https:\/\/dev6.erresse-shop.it\/#organization","name":"Erresse Shop","url":"https:\/\/dev6.erresse-shop.it\/","logo":{"@type":"ImageObject","inLanguage":"fr-FR","@id":"https:\/\/dev6.erresse-shop.it\/#\/schema\/logo\/image\/","url":"https:\/\/dev6.erresse-shop.it\/wp-content\/uploads\/2025\/01\/LOGO-ERRESSE-CLASSICO.svg","contentUrl":"https:\/\/dev6.erresse-shop.it\/wp-content\/uploads\/2025\/01\/LOGO-ERRESSE-CLASSICO.svg","caption":"Erresse Shop"},"image":{"@id":"https:\/\/dev6.erresse-shop.it\/#\/schema\/logo\/image\/"}}]}},"df_price":299.95,"df_sale_price":299.95,"df_regular_price":429,"df_image_link":"https:\/\/i1.wp.com\/interpim.erresse-shop.it\/Import\/Prodotti\/35662-000_.jpg?resize=300,300&ssl=1","fifu_image_url":"https:\/\/interpim.erresse-shop.it\/Import\/Prodotti\/35662-000_.jpg","_links":{"self":[{"href":"https:\/\/dev6.erresse-shop.it\/fr\/wp-json\/wp\/v2\/product\/57063","targetHints":{"allow":["GET"]}}],"collection":[{"href":"https:\/\/dev6.erresse-shop.it\/fr\/wp-json\/wp\/v2\/product"}],"about":[{"href":"https:\/\/dev6.erresse-shop.it\/fr\/wp-json\/wp\/v2\/types\/product"}],"wp:featuredmedia":[{"embeddable":true,"href":"https:\/\/dev6.erresse-shop.it\/fr\/wp-json\/wp\/v2\/media\/6947430"}],"wp:attachment":[{"href":"https:\/\/dev6.erresse-shop.it\/fr\/wp-json\/wp\/v2\/media?parent=57063"}],"wp:term":[{"taxonomy":"product_cat","embeddable":true,"href":"https:\/\/dev6.erresse-shop.it\/fr\/wp-json\/wp\/v2\/product_cat?post=57063"},{"taxonomy":"product_tag","embeddable":true,"href":"https:\/\/dev6.erresse-shop.it\/fr\/wp-json\/wp\/v2\/product_tag?post=57063"}],"curies":[{"name":"wp","href":"https:\/\/api.w.org\/{rel}","templated":true}]}}