{"id":57051,"date":"2026-04-19T04:50:06","date_gmt":"2026-04-19T02:50:06","guid":{"rendered":"https:\/\/dev6.erresse-shop.it\/shop\/non%20class\u00e9\/seletti-hybrid-stand-de-gateaux-leandra-20cm\/"},"modified":"2025-09-14T03:55:41","modified_gmt":"2025-09-14T01:55:41","slug":"seletti-hybrid-stand-de-gateaux-leandra-20cm","status":"publish","type":"product","link":"https:\/\/dev6.erresse-shop.it\/fr\/shop\/table-fr-2\/presentoirs-a-gateau\/seletti-hybrid-stand-de-gateaux-leandra-20cm\/","title":{"rendered":"SELETTI Hybrid Stand de G\u00e2teaux LEANDRA 20cm"},"content":{"rendered":"<p>Quand l\u2019est et l\u2019ouest se combinent. Une collection qui refl\u00e8te l\u2019ancienne production historique de c\u00e9ramique occidentale et orientale. Des d\u00e9corations hybrides qui proviennent d\u2019un pass\u00e9 complexe et qui \u00e9voluent vers des formes contemporaines.<\/p>\n<p>Design : CTRLZAK<br \/>\nMat\u00e9riau : porcelaine<br \/>\nTaille : \u00f8 20 h.8<\/p>\n","protected":false},"excerpt":{"rendered":"<p>Quand l\u2019est et l\u2019ouest se combinent. Une collection qui refl\u00e8te l\u2019ancienne production historique de c\u00e9ramique occidentale et orientale. Des d\u00e9corations hybrides qui proviennent d\u2019un pass\u00e9 complexe et qui \u00e9voluent vers des formes contemporaines. Design : CTRLZAK Mat\u00e9riau : porcelaine Taille : \u00f8 20 h.8<\/p>\n","protected":false},"featured_media":6598501,"template":"","meta":{"_acf_changed":false},"product_cat":[12017,11995,11671],"product_tag":[],"class_list":{"0":"post-57051","1":"product","2":"type-product","3":"status-publish","4":"has-post-thumbnail","6":"product_cat-presentoirs-a-gateau","7":"product_cat-table-fr-2","8":"product_cat-tavola","10":"first","11":"outofstock","12":"sale","13":"taxable","14":"shipping-taxable","15":"purchasable","16":"product-type-simple","swatches":"rey-swatches","show_selected":"","stretch_labels":"rey-swatches--stretch-labels"},"acf":[],"yoast_head":"<!-- This site is optimized with the Yoast SEO plugin v25.4 - https:\/\/yoast.com\/wordpress\/plugins\/seo\/ -->\n<title>SELETTI Hybrid Stand de G\u00e2teaux LEANDRA 20cm - dev6 Erresse<\/title>\n<meta name=\"description\" content=\"Quand l\u2019est et l\u2019ouest se combinent. Une collection qui refl\u00e8te l\u2019ancienne production historique de c\u00e9ramique occidentale et orientale. Des d\u00e9corations\" \/>\n<meta name=\"robots\" content=\"noindex, follow, max-snippet:-1, max-image-preview:large, max-video-preview:-1\" \/>\n<meta property=\"og:locale\" content=\"fr_FR\" \/>\n<meta property=\"og:type\" content=\"article\" \/>\n<meta property=\"og:title\" content=\"SELETTI Hybrid Stand de G\u00e2teaux LEANDRA 20cm - dev6 Erresse\" \/>\n<meta property=\"og:description\" content=\"Quand l\u2019est et l\u2019ouest se combinent. Une collection qui refl\u00e8te l\u2019ancienne production historique de c\u00e9ramique occidentale et orientale. Des d\u00e9corations\" \/>\n<meta property=\"og:url\" content=\"https:\/\/dev6.erresse-shop.it\/fr\/shop\/table-fr-2\/presentoirs-a-gateau\/seletti-hybrid-stand-de-gateaux-leandra-20cm\/\" \/>\n<meta property=\"og:site_name\" content=\"dev6 Erresse\" \/>\n<meta property=\"og:image\" content=\"https:\/\/interpim.erresse-shop.it\/Import\/Prodotti\/products-leandra-h.jpg\" \/><meta property=\"og:image\" content=\"https:\/\/interpim.erresse-shop.it\/Import\/Prodotti\/products-leandra-h.jpg\" \/>\n\t<meta property=\"og:image:width\" content=\"1024\" \/>\n\t<meta property=\"og:image:height\" content=\"1024\" \/>\n\t<meta property=\"og:image:type\" content=\"image\/jpeg\" \/>\n<meta name=\"twitter:card\" content=\"summary_large_image\" \/>\n<meta name=\"twitter:image\" content=\"https:\/\/interpim.erresse-shop.it\/Import\/Prodotti\/products-leandra-h.jpg\" \/>\n<script type=\"application\/ld+json\" class=\"yoast-schema-graph\">{\"@context\":\"https:\/\/schema.org\",\"@graph\":[{\"@type\":\"WebPage\",\"@id\":\"https:\/\/dev6.erresse-shop.it\/fr\/shop\/table-fr-2\/presentoirs-a-gateau\/seletti-hybrid-stand-de-gateaux-leandra-20cm\/\",\"url\":\"https:\/\/dev6.erresse-shop.it\/fr\/shop\/table-fr-2\/presentoirs-a-gateau\/seletti-hybrid-stand-de-gateaux-leandra-20cm\/\",\"name\":\"SELETTI Hybrid Stand de G\u00e2teaux LEANDRA 20cm - dev6 Erresse\",\"isPartOf\":{\"@id\":\"https:\/\/dev6.erresse-shop.it\/#website\"},\"primaryImageOfPage\":{\"@id\":\"https:\/\/dev6.erresse-shop.it\/fr\/shop\/table-fr-2\/presentoirs-a-gateau\/seletti-hybrid-stand-de-gateaux-leandra-20cm\/#primaryimage\"},\"image\":{\"@id\":\"https:\/\/dev6.erresse-shop.it\/fr\/shop\/table-fr-2\/presentoirs-a-gateau\/seletti-hybrid-stand-de-gateaux-leandra-20cm\/#primaryimage\"},\"thumbnailUrl\":\"https:\/\/i0.wp.com\/interpim.erresse-shop.it\/Import\/Prodotti\/products-leandra-h.jpg?ssl=1\",\"datePublished\":\"2026-04-19T02:50:06+00:00\",\"description\":\"Quand l\u2019est et l\u2019ouest se combinent. Une collection qui refl\u00e8te l\u2019ancienne production historique de c\u00e9ramique occidentale et orientale. Des d\u00e9corations\",\"breadcrumb\":{\"@id\":\"https:\/\/dev6.erresse-shop.it\/fr\/shop\/table-fr-2\/presentoirs-a-gateau\/seletti-hybrid-stand-de-gateaux-leandra-20cm\/#breadcrumb\"},\"inLanguage\":\"fr-FR\",\"potentialAction\":[{\"@type\":\"ReadAction\",\"target\":[\"https:\/\/dev6.erresse-shop.it\/fr\/shop\/table-fr-2\/presentoirs-a-gateau\/seletti-hybrid-stand-de-gateaux-leandra-20cm\/\"]}]},{\"@type\":\"ImageObject\",\"inLanguage\":\"fr-FR\",\"@id\":\"https:\/\/dev6.erresse-shop.it\/fr\/shop\/table-fr-2\/presentoirs-a-gateau\/seletti-hybrid-stand-de-gateaux-leandra-20cm\/#primaryimage\",\"url\":\"https:\/\/i0.wp.com\/interpim.erresse-shop.it\/Import\/Prodotti\/products-leandra-h.jpg?ssl=1\",\"contentUrl\":\"https:\/\/i0.wp.com\/interpim.erresse-shop.it\/Import\/Prodotti\/products-leandra-h.jpg?ssl=1\"},{\"@type\":\"BreadcrumbList\",\"@id\":\"https:\/\/dev6.erresse-shop.it\/fr\/shop\/table-fr-2\/presentoirs-a-gateau\/seletti-hybrid-stand-de-gateaux-leandra-20cm\/#breadcrumb\",\"itemListElement\":[{\"@type\":\"ListItem\",\"position\":1,\"name\":\"Home\",\"item\":\"https:\/\/dev6.erresse-shop.it\/\"},{\"@type\":\"ListItem\",\"position\":2,\"name\":\"Boutique\",\"item\":\"https:\/\/dev6.erresse-shop.it\/shop\/\"},{\"@type\":\"ListItem\",\"position\":3,\"name\":\"SELETTI Hybrid Stand de G\u00e2teaux LEANDRA 20cm\"}]},{\"@type\":\"WebSite\",\"@id\":\"https:\/\/dev6.erresse-shop.it\/#website\",\"url\":\"https:\/\/dev6.erresse-shop.it\/\",\"name\":\"Erresse Shop\",\"description\":\"\",\"publisher\":{\"@id\":\"https:\/\/dev6.erresse-shop.it\/#organization\"},\"potentialAction\":[{\"@type\":\"SearchAction\",\"target\":{\"@type\":\"EntryPoint\",\"urlTemplate\":\"https:\/\/dev6.erresse-shop.it\/?s={search_term_string}\"},\"query-input\":{\"@type\":\"PropertyValueSpecification\",\"valueRequired\":true,\"valueName\":\"search_term_string\"}}],\"inLanguage\":\"fr-FR\"},{\"@type\":\"Organization\",\"@id\":\"https:\/\/dev6.erresse-shop.it\/#organization\",\"name\":\"Erresse Shop\",\"url\":\"https:\/\/dev6.erresse-shop.it\/\",\"logo\":{\"@type\":\"ImageObject\",\"inLanguage\":\"fr-FR\",\"@id\":\"https:\/\/dev6.erresse-shop.it\/#\/schema\/logo\/image\/\",\"url\":\"https:\/\/dev6.erresse-shop.it\/wp-content\/uploads\/2025\/01\/LOGO-ERRESSE-CLASSICO.svg\",\"contentUrl\":\"https:\/\/dev6.erresse-shop.it\/wp-content\/uploads\/2025\/01\/LOGO-ERRESSE-CLASSICO.svg\",\"caption\":\"Erresse Shop\"},\"image\":{\"@id\":\"https:\/\/dev6.erresse-shop.it\/#\/schema\/logo\/image\/\"}}]}<\/script>\n<!-- \/ Yoast SEO plugin. -->","yoast_head_json":{"title":"SELETTI Hybrid Stand de G\u00e2teaux LEANDRA 20cm - dev6 Erresse","description":"Quand l\u2019est et l\u2019ouest se combinent. Une collection qui refl\u00e8te l\u2019ancienne production historique de c\u00e9ramique occidentale et orientale. Des d\u00e9corations","robots":{"index":"noindex","follow":"follow","max-snippet":"max-snippet:-1","max-image-preview":"max-image-preview:large","max-video-preview":"max-video-preview:-1"},"og_locale":"fr_FR","og_type":"article","og_title":"SELETTI Hybrid Stand de G\u00e2teaux LEANDRA 20cm - dev6 Erresse","og_description":"Quand l\u2019est et l\u2019ouest se combinent. Une collection qui refl\u00e8te l\u2019ancienne production historique de c\u00e9ramique occidentale et orientale. Des d\u00e9corations","og_url":"https:\/\/dev6.erresse-shop.it\/fr\/shop\/table-fr-2\/presentoirs-a-gateau\/seletti-hybrid-stand-de-gateaux-leandra-20cm\/","og_site_name":"dev6 Erresse","og_image":[{"url":"https:\/\/interpim.erresse-shop.it\/Import\/Prodotti\/products-leandra-h.jpg","type":"","width":"","height":""},{"url":"https:\/\/interpim.erresse-shop.it\/Import\/Prodotti\/products-leandra-h.jpg","width":1024,"height":1024,"type":"image\/jpeg"}],"twitter_card":"summary_large_image","twitter_image":"https:\/\/interpim.erresse-shop.it\/Import\/Prodotti\/products-leandra-h.jpg","schema":{"@context":"https:\/\/schema.org","@graph":[{"@type":"WebPage","@id":"https:\/\/dev6.erresse-shop.it\/fr\/shop\/table-fr-2\/presentoirs-a-gateau\/seletti-hybrid-stand-de-gateaux-leandra-20cm\/","url":"https:\/\/dev6.erresse-shop.it\/fr\/shop\/table-fr-2\/presentoirs-a-gateau\/seletti-hybrid-stand-de-gateaux-leandra-20cm\/","name":"SELETTI Hybrid Stand de G\u00e2teaux LEANDRA 20cm - dev6 Erresse","isPartOf":{"@id":"https:\/\/dev6.erresse-shop.it\/#website"},"primaryImageOfPage":{"@id":"https:\/\/dev6.erresse-shop.it\/fr\/shop\/table-fr-2\/presentoirs-a-gateau\/seletti-hybrid-stand-de-gateaux-leandra-20cm\/#primaryimage"},"image":{"@id":"https:\/\/dev6.erresse-shop.it\/fr\/shop\/table-fr-2\/presentoirs-a-gateau\/seletti-hybrid-stand-de-gateaux-leandra-20cm\/#primaryimage"},"thumbnailUrl":"https:\/\/i0.wp.com\/interpim.erresse-shop.it\/Import\/Prodotti\/products-leandra-h.jpg?ssl=1","datePublished":"2026-04-19T02:50:06+00:00","description":"Quand l\u2019est et l\u2019ouest se combinent. Une collection qui refl\u00e8te l\u2019ancienne production historique de c\u00e9ramique occidentale et orientale. Des d\u00e9corations","breadcrumb":{"@id":"https:\/\/dev6.erresse-shop.it\/fr\/shop\/table-fr-2\/presentoirs-a-gateau\/seletti-hybrid-stand-de-gateaux-leandra-20cm\/#breadcrumb"},"inLanguage":"fr-FR","potentialAction":[{"@type":"ReadAction","target":["https:\/\/dev6.erresse-shop.it\/fr\/shop\/table-fr-2\/presentoirs-a-gateau\/seletti-hybrid-stand-de-gateaux-leandra-20cm\/"]}]},{"@type":"ImageObject","inLanguage":"fr-FR","@id":"https:\/\/dev6.erresse-shop.it\/fr\/shop\/table-fr-2\/presentoirs-a-gateau\/seletti-hybrid-stand-de-gateaux-leandra-20cm\/#primaryimage","url":"https:\/\/i0.wp.com\/interpim.erresse-shop.it\/Import\/Prodotti\/products-leandra-h.jpg?ssl=1","contentUrl":"https:\/\/i0.wp.com\/interpim.erresse-shop.it\/Import\/Prodotti\/products-leandra-h.jpg?ssl=1"},{"@type":"BreadcrumbList","@id":"https:\/\/dev6.erresse-shop.it\/fr\/shop\/table-fr-2\/presentoirs-a-gateau\/seletti-hybrid-stand-de-gateaux-leandra-20cm\/#breadcrumb","itemListElement":[{"@type":"ListItem","position":1,"name":"Home","item":"https:\/\/dev6.erresse-shop.it\/"},{"@type":"ListItem","position":2,"name":"Boutique","item":"https:\/\/dev6.erresse-shop.it\/shop\/"},{"@type":"ListItem","position":3,"name":"SELETTI Hybrid Stand de G\u00e2teaux LEANDRA 20cm"}]},{"@type":"WebSite","@id":"https:\/\/dev6.erresse-shop.it\/#website","url":"https:\/\/dev6.erresse-shop.it\/","name":"Erresse Shop","description":"","publisher":{"@id":"https:\/\/dev6.erresse-shop.it\/#organization"},"potentialAction":[{"@type":"SearchAction","target":{"@type":"EntryPoint","urlTemplate":"https:\/\/dev6.erresse-shop.it\/?s={search_term_string}"},"query-input":{"@type":"PropertyValueSpecification","valueRequired":true,"valueName":"search_term_string"}}],"inLanguage":"fr-FR"},{"@type":"Organization","@id":"https:\/\/dev6.erresse-shop.it\/#organization","name":"Erresse Shop","url":"https:\/\/dev6.erresse-shop.it\/","logo":{"@type":"ImageObject","inLanguage":"fr-FR","@id":"https:\/\/dev6.erresse-shop.it\/#\/schema\/logo\/image\/","url":"https:\/\/dev6.erresse-shop.it\/wp-content\/uploads\/2025\/01\/LOGO-ERRESSE-CLASSICO.svg","contentUrl":"https:\/\/dev6.erresse-shop.it\/wp-content\/uploads\/2025\/01\/LOGO-ERRESSE-CLASSICO.svg","caption":"Erresse Shop"},"image":{"@id":"https:\/\/dev6.erresse-shop.it\/#\/schema\/logo\/image\/"}}]}},"df_price":89,"df_sale_price":89,"df_regular_price":104,"df_image_link":"https:\/\/i0.wp.com\/interpim.erresse-shop.it\/Import\/Prodotti\/products-leandra-h.jpg?resize=300,300&ssl=1","fifu_image_url":"https:\/\/interpim.erresse-shop.it\/Import\/Prodotti\/products-leandra-h.jpg","_links":{"self":[{"href":"https:\/\/dev6.erresse-shop.it\/fr\/wp-json\/wp\/v2\/product\/57051","targetHints":{"allow":["GET"]}}],"collection":[{"href":"https:\/\/dev6.erresse-shop.it\/fr\/wp-json\/wp\/v2\/product"}],"about":[{"href":"https:\/\/dev6.erresse-shop.it\/fr\/wp-json\/wp\/v2\/types\/product"}],"wp:featuredmedia":[{"embeddable":true,"href":"https:\/\/dev6.erresse-shop.it\/fr\/wp-json\/wp\/v2\/media\/6598501"}],"wp:attachment":[{"href":"https:\/\/dev6.erresse-shop.it\/fr\/wp-json\/wp\/v2\/media?parent=57051"}],"wp:term":[{"taxonomy":"product_cat","embeddable":true,"href":"https:\/\/dev6.erresse-shop.it\/fr\/wp-json\/wp\/v2\/product_cat?post=57051"},{"taxonomy":"product_tag","embeddable":true,"href":"https:\/\/dev6.erresse-shop.it\/fr\/wp-json\/wp\/v2\/product_tag?post=57051"}],"curies":[{"name":"wp","href":"https:\/\/api.w.org\/{rel}","templated":true}]}}