{"id":56993,"date":"2026-04-04T08:05:23","date_gmt":"2026-04-04T06:05:23","guid":{"rendered":"https:\/\/dev6.erresse-shop.it\/shop\/non%20class\u00e9\/staub-cocotte-ovale-29-cm-gris-graphite\/"},"modified":"2025-11-22T17:56:09","modified_gmt":"2025-11-22T16:56:09","slug":"staub-cocotte-ovale-29-cm-gris-graphite","status":"publish","type":"product","link":"https:\/\/dev6.erresse-shop.it\/fr\/shop\/poeles-pots\/marmites-et-cocottes-poeles-pots\/staub-cocotte-ovale-29-cm-gris-graphite\/","title":{"rendered":"STAUB Cocotte Ovale 29 cm Gris Graphite"},"content":{"rendered":"<p>Cette cocotte ovale en fonte \u00e9maill\u00e9e STAUB Gris graphite de 29 cm, est id\u00e9ale pour 4 \u00e0 5 personnes, pour pr\u00e9parer des plats mijot\u00e9s, des r\u00f4tis, de la volaille et m\u00eame du pain ! Compatible tous feux et four, elle peut \u00e9galement s\u2019utiliser sur induction.V\u00e9ritable savoir-faire authentique de cr\u00e9ation fran\u00e7aise, cette cocotte est une pi\u00e8ce unique, issue d\u2019un processus de fabrication traditionnel. Avec son design \u00e9labor\u00e9 et son poids optimis\u00e9, son couvercle plat au contour marqu\u00e9 pr\u00e9sente d\u2019excellentes propri\u00e9t\u00e9s de r\u00e9tention de l\u2019humidit\u00e9 et assure gr\u00e2ce \u00e0 ses picots\u00ae, un arrosage homog\u00e8ne, une pluie d\u2019ar\u00f4mes, pour des plats qui mijotent longtemps.L\u2019int\u00e9rieur de cette cocotte est \u00e9maill\u00e9 noir mat, la marque de fabrique STAUB. Cet \u00e9mail de qualit\u00e9 sup\u00e9rieure permet d\u2019obtenir une meilleure r\u00e9sistance aux rayures et facilite l\u2019entretien. Il poss\u00e8de les propri\u00e9t\u00e9s id\u00e9ales pour saisir, r\u00f4tir et caram\u00e9liser les aliments.N\u00e9e en Alsace, la cocotte STAUB a su traverser le temps et les fronti\u00e8res. Pr\u00e9f\u00e9r\u00e9e aussi bien par les amateurs que les grands chefs, elle passe ais\u00e9ment de la cuisine \u00e0 la table. Quel que soit le plat que vous concoctez, avec la Cocotte STAUB vous avez l\u2019assurance de conserver toute l\u2019intensit\u00e9 et les saveurs, la viande restera tendre et les l\u00e9gumes moelleux.Compos\u00e9e de fonte, un alliage de fer riche en carbone, un des mat\u00e9riaux qui retiennent le mieux la chaleur, la diffuse lentement et la redistribue de mani\u00e8re parfaitement homog\u00e8ne. Une fois la fonte suffisamment chaude, ses propri\u00e9t\u00e9s de r\u00e9tention de la chaleur permettent de r\u00e9duire le feu au minimum, afin de laisser mijoter doucement les plats. La fonte conserve \u00e9galement le froid : la cocotte \u00e0 temp\u00e9rature ambiante peut \u00eatre plac\u00e9e au r\u00e9frig\u00e9rateur avant de servir afin de rester froide une fois \u00e0 table.<\/p>\n<p>\u2013 Id\u00e9al pour saisir, cuire ou laisser mijoter r\u00f4tis et volailles<br \/>\n\u2013 Une cuisson juteuse et tendre gr\u00e2ce \u00e0 son couvercle sp\u00e9cial et ses picots\u00ae<br \/>\n\u2013 L\u2019\u00e9maillage int\u00e9rieur noir mat tr\u00e8s r\u00e9sistant \u00e0 l\u2019usure, convient particuli\u00e8rement pour saisir, r\u00f4tir et caram\u00e9liser les aliments<br \/>\n\u2013 Adapt\u00e9 pour toutes les sources de chaleur y compris induction, peut \u00eatre utilis\u00e9 aussi au four<\/p>\n<p>Donn\u00e9es techniques<br \/>\n\u2013 Couvercle existant: Oui<br \/>\n\u2013 Induction: Oui<br \/>\n\u2013 Compatible four: Oui<br \/>\n\u2013 Adapt\u00e9 au cong\u00e9lateur: Oui<br \/>\n\u2013 Compatible tous feux: Oui<br \/>\n\u2013 Compatible lave-vaisselle: Oui<\/p>\n<p>Dimensions<br \/>\n\u2013 Poids net: 5,54 kg<br \/>\n\u2013 Capacit\u00e9: 4,20 l<br \/>\n\u2013 Longueur totale du produit: 35,30 cm<br \/>\n\u2013 Longueur ou largeur du produit: 29,00 cm<br \/>\n\u2013 Hauteur du produit: 15,50 cm<br \/>\n\u2013 Hauteur sans couvercle: 10,70 cm<br \/>\n\u2013 \u00c9paisseur du fond: 0,40 cm<br \/>\n\u2013 Diam\u00e8tre ou longueur: 29,00 cm<br \/>\n\u2013 Diam\u00e8tre ou largeur: 24,40 cm<\/p>\n","protected":false},"excerpt":{"rendered":"<p>Cette cocotte ovale en fonte \u00e9maill\u00e9e STAUB Gris graphite de 29 cm, est id\u00e9ale pour 4 \u00e0 5 personnes, pour pr\u00e9parer des plats mijot\u00e9s, des r\u00f4tis, de la volaille et m\u00eame du pain ! Compatible tous feux et four, elle peut \u00e9galement s\u2019utiliser sur induction.V\u00e9ritable savoir-faire authentique de cr\u00e9ation fran\u00e7aise, cette cocotte est une pi\u00e8ce [&hellip;]<\/p>\n","protected":false},"featured_media":6257898,"template":"","meta":{"_acf_changed":false},"product_cat":[12000,11667,11991],"product_tag":[],"class_list":{"0":"post-56993","1":"product","2":"type-product","3":"status-publish","4":"has-post-thumbnail","6":"product_cat-marmites-et-cocottes-poeles-pots","7":"product_cat-padelle-pentole","8":"product_cat-poeles-pots","10":"first","11":"outofstock","12":"sale","13":"taxable","14":"shipping-taxable","15":"purchasable","16":"product-type-simple","swatches":"rey-swatches","show_selected":"","stretch_labels":"rey-swatches--stretch-labels"},"acf":[],"yoast_head":"<!-- This site is optimized with the Yoast SEO plugin v25.4 - https:\/\/yoast.com\/wordpress\/plugins\/seo\/ -->\n<title>STAUB Cocotte Ovale 29 cm Gris Graphite - dev6 Erresse<\/title>\n<meta name=\"description\" content=\"Cette cocotte ovale en fonte \u00e9maill\u00e9e STAUB Gris graphite de 29 cm, est id\u00e9ale pour 4 \u00e0 5 personnes, pour pr\u00e9parer des plats mijot\u00e9s, des r\u00f4tis, de la\" \/>\n<meta name=\"robots\" content=\"noindex, follow, max-snippet:-1, max-image-preview:large, max-video-preview:-1\" \/>\n<meta property=\"og:locale\" content=\"fr_FR\" \/>\n<meta property=\"og:type\" content=\"article\" \/>\n<meta property=\"og:title\" content=\"STAUB Cocotte Ovale 29 cm Gris Graphite - dev6 Erresse\" \/>\n<meta property=\"og:description\" content=\"Cette cocotte ovale en fonte \u00e9maill\u00e9e STAUB Gris graphite de 29 cm, est id\u00e9ale pour 4 \u00e0 5 personnes, pour pr\u00e9parer des plats mijot\u00e9s, des r\u00f4tis, de la\" \/>\n<meta property=\"og:url\" content=\"https:\/\/dev6.erresse-shop.it\/fr\/shop\/poeles-pots\/marmites-et-cocottes-poeles-pots\/staub-cocotte-ovale-29-cm-gris-graphite\/\" \/>\n<meta property=\"og:site_name\" content=\"dev6 Erresse\" \/>\n<meta property=\"og:image\" content=\"https:\/\/interpim.erresse-shop.it\/Import\/Prodotti\/products-ovagri.jpg\" \/><meta property=\"og:image\" content=\"https:\/\/interpim.erresse-shop.it\/Import\/Prodotti\/products-ovagri.jpg\" \/>\n\t<meta property=\"og:image:width\" content=\"1024\" \/>\n\t<meta property=\"og:image:height\" content=\"1024\" \/>\n\t<meta property=\"og:image:type\" content=\"image\/jpeg\" \/>\n<meta name=\"twitter:card\" content=\"summary_large_image\" \/>\n<meta name=\"twitter:image\" content=\"https:\/\/interpim.erresse-shop.it\/Import\/Prodotti\/products-ovagri.jpg\" \/>\n<script type=\"application\/ld+json\" class=\"yoast-schema-graph\">{\"@context\":\"https:\/\/schema.org\",\"@graph\":[{\"@type\":\"WebPage\",\"@id\":\"https:\/\/dev6.erresse-shop.it\/fr\/shop\/poeles-pots\/marmites-et-cocottes-poeles-pots\/staub-cocotte-ovale-29-cm-gris-graphite\/\",\"url\":\"https:\/\/dev6.erresse-shop.it\/fr\/shop\/poeles-pots\/marmites-et-cocottes-poeles-pots\/staub-cocotte-ovale-29-cm-gris-graphite\/\",\"name\":\"STAUB Cocotte Ovale 29 cm Gris Graphite - dev6 Erresse\",\"isPartOf\":{\"@id\":\"https:\/\/dev6.erresse-shop.it\/#website\"},\"primaryImageOfPage\":{\"@id\":\"https:\/\/dev6.erresse-shop.it\/fr\/shop\/poeles-pots\/marmites-et-cocottes-poeles-pots\/staub-cocotte-ovale-29-cm-gris-graphite\/#primaryimage\"},\"image\":{\"@id\":\"https:\/\/dev6.erresse-shop.it\/fr\/shop\/poeles-pots\/marmites-et-cocottes-poeles-pots\/staub-cocotte-ovale-29-cm-gris-graphite\/#primaryimage\"},\"thumbnailUrl\":\"https:\/\/i2.wp.com\/interpim.erresse-shop.it\/Import\/Prodotti\/products-ovagri.jpg?ssl=1\",\"datePublished\":\"2026-04-04T06:05:23+00:00\",\"description\":\"Cette cocotte ovale en fonte \u00e9maill\u00e9e STAUB Gris graphite de 29 cm, est id\u00e9ale pour 4 \u00e0 5 personnes, pour pr\u00e9parer des plats mijot\u00e9s, des r\u00f4tis, de la\",\"breadcrumb\":{\"@id\":\"https:\/\/dev6.erresse-shop.it\/fr\/shop\/poeles-pots\/marmites-et-cocottes-poeles-pots\/staub-cocotte-ovale-29-cm-gris-graphite\/#breadcrumb\"},\"inLanguage\":\"fr-FR\",\"potentialAction\":[{\"@type\":\"ReadAction\",\"target\":[\"https:\/\/dev6.erresse-shop.it\/fr\/shop\/poeles-pots\/marmites-et-cocottes-poeles-pots\/staub-cocotte-ovale-29-cm-gris-graphite\/\"]}]},{\"@type\":\"ImageObject\",\"inLanguage\":\"fr-FR\",\"@id\":\"https:\/\/dev6.erresse-shop.it\/fr\/shop\/poeles-pots\/marmites-et-cocottes-poeles-pots\/staub-cocotte-ovale-29-cm-gris-graphite\/#primaryimage\",\"url\":\"https:\/\/i2.wp.com\/interpim.erresse-shop.it\/Import\/Prodotti\/products-ovagri.jpg?ssl=1\",\"contentUrl\":\"https:\/\/i2.wp.com\/interpim.erresse-shop.it\/Import\/Prodotti\/products-ovagri.jpg?ssl=1\"},{\"@type\":\"BreadcrumbList\",\"@id\":\"https:\/\/dev6.erresse-shop.it\/fr\/shop\/poeles-pots\/marmites-et-cocottes-poeles-pots\/staub-cocotte-ovale-29-cm-gris-graphite\/#breadcrumb\",\"itemListElement\":[{\"@type\":\"ListItem\",\"position\":1,\"name\":\"Home\",\"item\":\"https:\/\/dev6.erresse-shop.it\/\"},{\"@type\":\"ListItem\",\"position\":2,\"name\":\"Boutique\",\"item\":\"https:\/\/dev6.erresse-shop.it\/shop\/\"},{\"@type\":\"ListItem\",\"position\":3,\"name\":\"STAUB Cocotte Ovale 29 cm Gris Graphite\"}]},{\"@type\":\"WebSite\",\"@id\":\"https:\/\/dev6.erresse-shop.it\/#website\",\"url\":\"https:\/\/dev6.erresse-shop.it\/\",\"name\":\"Erresse Shop\",\"description\":\"\",\"publisher\":{\"@id\":\"https:\/\/dev6.erresse-shop.it\/#organization\"},\"potentialAction\":[{\"@type\":\"SearchAction\",\"target\":{\"@type\":\"EntryPoint\",\"urlTemplate\":\"https:\/\/dev6.erresse-shop.it\/?s={search_term_string}\"},\"query-input\":{\"@type\":\"PropertyValueSpecification\",\"valueRequired\":true,\"valueName\":\"search_term_string\"}}],\"inLanguage\":\"fr-FR\"},{\"@type\":\"Organization\",\"@id\":\"https:\/\/dev6.erresse-shop.it\/#organization\",\"name\":\"Erresse Shop\",\"url\":\"https:\/\/dev6.erresse-shop.it\/\",\"logo\":{\"@type\":\"ImageObject\",\"inLanguage\":\"fr-FR\",\"@id\":\"https:\/\/dev6.erresse-shop.it\/#\/schema\/logo\/image\/\",\"url\":\"https:\/\/dev6.erresse-shop.it\/wp-content\/uploads\/2025\/01\/LOGO-ERRESSE-CLASSICO.svg\",\"contentUrl\":\"https:\/\/dev6.erresse-shop.it\/wp-content\/uploads\/2025\/01\/LOGO-ERRESSE-CLASSICO.svg\",\"caption\":\"Erresse Shop\"},\"image\":{\"@id\":\"https:\/\/dev6.erresse-shop.it\/#\/schema\/logo\/image\/\"}}]}<\/script>\n<!-- \/ Yoast SEO plugin. -->","yoast_head_json":{"title":"STAUB Cocotte Ovale 29 cm Gris Graphite - dev6 Erresse","description":"Cette cocotte ovale en fonte \u00e9maill\u00e9e STAUB Gris graphite de 29 cm, est id\u00e9ale pour 4 \u00e0 5 personnes, pour pr\u00e9parer des plats mijot\u00e9s, des r\u00f4tis, de la","robots":{"index":"noindex","follow":"follow","max-snippet":"max-snippet:-1","max-image-preview":"max-image-preview:large","max-video-preview":"max-video-preview:-1"},"og_locale":"fr_FR","og_type":"article","og_title":"STAUB Cocotte Ovale 29 cm Gris Graphite - dev6 Erresse","og_description":"Cette cocotte ovale en fonte \u00e9maill\u00e9e STAUB Gris graphite de 29 cm, est id\u00e9ale pour 4 \u00e0 5 personnes, pour pr\u00e9parer des plats mijot\u00e9s, des r\u00f4tis, de la","og_url":"https:\/\/dev6.erresse-shop.it\/fr\/shop\/poeles-pots\/marmites-et-cocottes-poeles-pots\/staub-cocotte-ovale-29-cm-gris-graphite\/","og_site_name":"dev6 Erresse","og_image":[{"url":"https:\/\/interpim.erresse-shop.it\/Import\/Prodotti\/products-ovagri.jpg","type":"","width":"","height":""},{"url":"https:\/\/interpim.erresse-shop.it\/Import\/Prodotti\/products-ovagri.jpg","width":1024,"height":1024,"type":"image\/jpeg"}],"twitter_card":"summary_large_image","twitter_image":"https:\/\/interpim.erresse-shop.it\/Import\/Prodotti\/products-ovagri.jpg","schema":{"@context":"https:\/\/schema.org","@graph":[{"@type":"WebPage","@id":"https:\/\/dev6.erresse-shop.it\/fr\/shop\/poeles-pots\/marmites-et-cocottes-poeles-pots\/staub-cocotte-ovale-29-cm-gris-graphite\/","url":"https:\/\/dev6.erresse-shop.it\/fr\/shop\/poeles-pots\/marmites-et-cocottes-poeles-pots\/staub-cocotte-ovale-29-cm-gris-graphite\/","name":"STAUB Cocotte Ovale 29 cm Gris Graphite - dev6 Erresse","isPartOf":{"@id":"https:\/\/dev6.erresse-shop.it\/#website"},"primaryImageOfPage":{"@id":"https:\/\/dev6.erresse-shop.it\/fr\/shop\/poeles-pots\/marmites-et-cocottes-poeles-pots\/staub-cocotte-ovale-29-cm-gris-graphite\/#primaryimage"},"image":{"@id":"https:\/\/dev6.erresse-shop.it\/fr\/shop\/poeles-pots\/marmites-et-cocottes-poeles-pots\/staub-cocotte-ovale-29-cm-gris-graphite\/#primaryimage"},"thumbnailUrl":"https:\/\/i2.wp.com\/interpim.erresse-shop.it\/Import\/Prodotti\/products-ovagri.jpg?ssl=1","datePublished":"2026-04-04T06:05:23+00:00","description":"Cette cocotte ovale en fonte \u00e9maill\u00e9e STAUB Gris graphite de 29 cm, est id\u00e9ale pour 4 \u00e0 5 personnes, pour pr\u00e9parer des plats mijot\u00e9s, des r\u00f4tis, de la","breadcrumb":{"@id":"https:\/\/dev6.erresse-shop.it\/fr\/shop\/poeles-pots\/marmites-et-cocottes-poeles-pots\/staub-cocotte-ovale-29-cm-gris-graphite\/#breadcrumb"},"inLanguage":"fr-FR","potentialAction":[{"@type":"ReadAction","target":["https:\/\/dev6.erresse-shop.it\/fr\/shop\/poeles-pots\/marmites-et-cocottes-poeles-pots\/staub-cocotte-ovale-29-cm-gris-graphite\/"]}]},{"@type":"ImageObject","inLanguage":"fr-FR","@id":"https:\/\/dev6.erresse-shop.it\/fr\/shop\/poeles-pots\/marmites-et-cocottes-poeles-pots\/staub-cocotte-ovale-29-cm-gris-graphite\/#primaryimage","url":"https:\/\/i2.wp.com\/interpim.erresse-shop.it\/Import\/Prodotti\/products-ovagri.jpg?ssl=1","contentUrl":"https:\/\/i2.wp.com\/interpim.erresse-shop.it\/Import\/Prodotti\/products-ovagri.jpg?ssl=1"},{"@type":"BreadcrumbList","@id":"https:\/\/dev6.erresse-shop.it\/fr\/shop\/poeles-pots\/marmites-et-cocottes-poeles-pots\/staub-cocotte-ovale-29-cm-gris-graphite\/#breadcrumb","itemListElement":[{"@type":"ListItem","position":1,"name":"Home","item":"https:\/\/dev6.erresse-shop.it\/"},{"@type":"ListItem","position":2,"name":"Boutique","item":"https:\/\/dev6.erresse-shop.it\/shop\/"},{"@type":"ListItem","position":3,"name":"STAUB Cocotte Ovale 29 cm Gris Graphite"}]},{"@type":"WebSite","@id":"https:\/\/dev6.erresse-shop.it\/#website","url":"https:\/\/dev6.erresse-shop.it\/","name":"Erresse Shop","description":"","publisher":{"@id":"https:\/\/dev6.erresse-shop.it\/#organization"},"potentialAction":[{"@type":"SearchAction","target":{"@type":"EntryPoint","urlTemplate":"https:\/\/dev6.erresse-shop.it\/?s={search_term_string}"},"query-input":{"@type":"PropertyValueSpecification","valueRequired":true,"valueName":"search_term_string"}}],"inLanguage":"fr-FR"},{"@type":"Organization","@id":"https:\/\/dev6.erresse-shop.it\/#organization","name":"Erresse Shop","url":"https:\/\/dev6.erresse-shop.it\/","logo":{"@type":"ImageObject","inLanguage":"fr-FR","@id":"https:\/\/dev6.erresse-shop.it\/#\/schema\/logo\/image\/","url":"https:\/\/dev6.erresse-shop.it\/wp-content\/uploads\/2025\/01\/LOGO-ERRESSE-CLASSICO.svg","contentUrl":"https:\/\/dev6.erresse-shop.it\/wp-content\/uploads\/2025\/01\/LOGO-ERRESSE-CLASSICO.svg","caption":"Erresse Shop"},"image":{"@id":"https:\/\/dev6.erresse-shop.it\/#\/schema\/logo\/image\/"}}]}},"df_price":199.95,"df_sale_price":199.95,"df_regular_price":319,"df_image_link":"https:\/\/i2.wp.com\/interpim.erresse-shop.it\/Import\/Prodotti\/products-ovagri.jpg?resize=300,300&ssl=1","fifu_image_url":"https:\/\/interpim.erresse-shop.it\/Import\/Prodotti\/products-ovagri.jpg","_links":{"self":[{"href":"https:\/\/dev6.erresse-shop.it\/fr\/wp-json\/wp\/v2\/product\/56993","targetHints":{"allow":["GET"]}}],"collection":[{"href":"https:\/\/dev6.erresse-shop.it\/fr\/wp-json\/wp\/v2\/product"}],"about":[{"href":"https:\/\/dev6.erresse-shop.it\/fr\/wp-json\/wp\/v2\/types\/product"}],"wp:featuredmedia":[{"embeddable":true,"href":"https:\/\/dev6.erresse-shop.it\/fr\/wp-json\/wp\/v2\/media\/6257898"}],"wp:attachment":[{"href":"https:\/\/dev6.erresse-shop.it\/fr\/wp-json\/wp\/v2\/media?parent=56993"}],"wp:term":[{"taxonomy":"product_cat","embeddable":true,"href":"https:\/\/dev6.erresse-shop.it\/fr\/wp-json\/wp\/v2\/product_cat?post=56993"},{"taxonomy":"product_tag","embeddable":true,"href":"https:\/\/dev6.erresse-shop.it\/fr\/wp-json\/wp\/v2\/product_tag?post=56993"}],"curies":[{"name":"wp","href":"https:\/\/api.w.org\/{rel}","templated":true}]}}