{"id":56973,"date":"2026-04-10T08:44:54","date_gmt":"2026-04-10T06:44:54","guid":{"rendered":"https:\/\/dev6.erresse-shop.it\/shop\/non%20class\u00e9\/miyabi-couteau-shotoh-6000mct-130mm\/"},"modified":"2025-09-14T03:54:30","modified_gmt":"2025-09-14T01:54:30","slug":"miyabi-couteau-shotoh-6000mct-130mm","status":"publish","type":"product","link":"https:\/\/dev6.erresse-shop.it\/fr\/shop\/cuisine\/couteaux\/couteaux-de-cuisine\/miyabi-couteau-shotoh-6000mct-130mm\/","title":{"rendered":"MIYABI Couteau Shotoh 6000MCT 130mm"},"content":{"rendered":"<p>MIYABI. La beaut\u00e9 de la nettet\u00e9.<\/p>\n<p>Les formes gracieuses, \u00e9l\u00e9gantes et sophistiqu\u00e9es typiques de la culture japonaise sont \u00e9galement synonymes de la nouvelle marque MIYABI de ZWILLING J.A. HENCKELS.<\/p>\n<p>Les couteaux MIYABI repr\u00e9sentent la beaut\u00e9 des lames tranchantes, suivant la tradition des c\u00e9l\u00e8bres \u00e9p\u00e9es japonaises qui \u00e9taient non seulement incroyablement tranchantes, mais aussi incroyablement belles.<\/p>\n<p>Les couteaux MIYABI fascinent d\u00e8s le premier instant par le style japonais authentique de leurs lames et leur extraordinaire pouvoir de coupe. Lors d\u2019une utilisation quotidienne, les amateurs de cuisine japonaise appr\u00e9cieront l\u2019\u00e9quilibre parfait et le confort de la poign\u00e9e.<\/p>\n<p>Les couteaux MIYABI sont produits dans la tradition des artisans d\u2019antan qui fabriquaient les meilleures \u00e9p\u00e9es japonaises.<\/p>\n<p>Un design unique et une fonctionnalit\u00e9 maximale sont combin\u00e9s dans la symbiose parfaite des lignes de la lame et du manche. Fabriqu\u00e9 au Japon.<\/p>\n<p>SHOTOH &#61; petit couteau. Lame sym\u00e9trique<br \/>\nLongueur de la lame : 90 mm ou 130 mm \u2013 pour \u00e9plucher, \u00e9mincer et couper les fruits et l\u00e9gumes.<\/p>\n","protected":false},"excerpt":{"rendered":"<p>MIYABI. La beaut\u00e9 de la nettet\u00e9. Les formes gracieuses, \u00e9l\u00e9gantes et sophistiqu\u00e9es typiques de la culture japonaise sont \u00e9galement synonymes de la nouvelle marque MIYABI de ZWILLING J.A. HENCKELS. Les couteaux MIYABI repr\u00e9sentent la beaut\u00e9 des lames tranchantes, suivant la tradition des c\u00e9l\u00e8bres \u00e9p\u00e9es japonaises qui \u00e9taient non seulement incroyablement tranchantes, mais aussi incroyablement belles. [&hellip;]<\/p>\n","protected":false},"featured_media":6299482,"template":"","meta":{"_acf_changed":false},"product_cat":[11997],"product_tag":[],"class_list":{"0":"post-56973","1":"product","2":"type-product","3":"status-publish","4":"has-post-thumbnail","6":"product_cat-couteaux-de-cuisine","8":"first","9":"outofstock","10":"sale","11":"taxable","12":"shipping-taxable","13":"purchasable","14":"product-type-simple","swatches":"rey-swatches","show_selected":"","stretch_labels":"rey-swatches--stretch-labels"},"acf":[],"yoast_head":"<!-- This site is optimized with the Yoast SEO plugin v25.4 - https:\/\/yoast.com\/wordpress\/plugins\/seo\/ -->\n<title>MIYABI Couteau Shotoh 6000MCT 130mm - dev6 Erresse<\/title>\n<meta name=\"description\" content=\"MIYABI. La beaut\u00e9 de la nettet\u00e9. Les formes gracieuses, \u00e9l\u00e9gantes et sophistiqu\u00e9es typiques de la culture japonaise sont \u00e9galement synonymes de la\" \/>\n<meta name=\"robots\" content=\"noindex, follow, max-snippet:-1, max-image-preview:large, max-video-preview:-1\" \/>\n<meta property=\"og:locale\" content=\"fr_FR\" \/>\n<meta property=\"og:type\" content=\"article\" \/>\n<meta property=\"og:title\" content=\"MIYABI Couteau Shotoh 6000MCT 130mm - dev6 Erresse\" \/>\n<meta property=\"og:description\" content=\"MIYABI. La beaut\u00e9 de la nettet\u00e9. Les formes gracieuses, \u00e9l\u00e9gantes et sophistiqu\u00e9es typiques de la culture japonaise sont \u00e9galement synonymes de la\" \/>\n<meta property=\"og:url\" content=\"https:\/\/dev6.erresse-shop.it\/fr\/shop\/cuisine\/couteaux\/couteaux-de-cuisine\/miyabi-couteau-shotoh-6000mct-130mm\/\" \/>\n<meta property=\"og:site_name\" content=\"dev6 Erresse\" \/>\n<meta property=\"og:image\" content=\"https:\/\/interpim.erresse-shop.it\/Import\/Prodotti\/products-miyabi-6000mct-shotoh-130mm.jpg\" \/><meta property=\"og:image\" content=\"https:\/\/interpim.erresse-shop.it\/Import\/Prodotti\/products-miyabi-6000mct-shotoh-130mm.jpg\" \/>\n\t<meta property=\"og:image:width\" content=\"1024\" \/>\n\t<meta property=\"og:image:height\" content=\"1024\" \/>\n\t<meta property=\"og:image:type\" content=\"image\/jpeg\" \/>\n<meta name=\"twitter:card\" content=\"summary_large_image\" \/>\n<meta name=\"twitter:image\" content=\"https:\/\/interpim.erresse-shop.it\/Import\/Prodotti\/products-miyabi-6000mct-shotoh-130mm.jpg\" \/>\n<script type=\"application\/ld+json\" class=\"yoast-schema-graph\">{\"@context\":\"https:\/\/schema.org\",\"@graph\":[{\"@type\":\"WebPage\",\"@id\":\"https:\/\/dev6.erresse-shop.it\/fr\/shop\/cuisine\/couteaux\/couteaux-de-cuisine\/miyabi-couteau-shotoh-6000mct-130mm\/\",\"url\":\"https:\/\/dev6.erresse-shop.it\/fr\/shop\/cuisine\/couteaux\/couteaux-de-cuisine\/miyabi-couteau-shotoh-6000mct-130mm\/\",\"name\":\"MIYABI Couteau Shotoh 6000MCT 130mm - dev6 Erresse\",\"isPartOf\":{\"@id\":\"https:\/\/dev6.erresse-shop.it\/#website\"},\"primaryImageOfPage\":{\"@id\":\"https:\/\/dev6.erresse-shop.it\/fr\/shop\/cuisine\/couteaux\/couteaux-de-cuisine\/miyabi-couteau-shotoh-6000mct-130mm\/#primaryimage\"},\"image\":{\"@id\":\"https:\/\/dev6.erresse-shop.it\/fr\/shop\/cuisine\/couteaux\/couteaux-de-cuisine\/miyabi-couteau-shotoh-6000mct-130mm\/#primaryimage\"},\"thumbnailUrl\":\"https:\/\/i2.wp.com\/interpim.erresse-shop.it\/Import\/Prodotti\/products-miyabi-6000mct-shotoh-130mm.jpg?ssl=1\",\"datePublished\":\"2026-04-10T06:44:54+00:00\",\"description\":\"MIYABI. La beaut\u00e9 de la nettet\u00e9. Les formes gracieuses, \u00e9l\u00e9gantes et sophistiqu\u00e9es typiques de la culture japonaise sont \u00e9galement synonymes de la\",\"breadcrumb\":{\"@id\":\"https:\/\/dev6.erresse-shop.it\/fr\/shop\/cuisine\/couteaux\/couteaux-de-cuisine\/miyabi-couteau-shotoh-6000mct-130mm\/#breadcrumb\"},\"inLanguage\":\"fr-FR\",\"potentialAction\":[{\"@type\":\"ReadAction\",\"target\":[\"https:\/\/dev6.erresse-shop.it\/fr\/shop\/cuisine\/couteaux\/couteaux-de-cuisine\/miyabi-couteau-shotoh-6000mct-130mm\/\"]}]},{\"@type\":\"ImageObject\",\"inLanguage\":\"fr-FR\",\"@id\":\"https:\/\/dev6.erresse-shop.it\/fr\/shop\/cuisine\/couteaux\/couteaux-de-cuisine\/miyabi-couteau-shotoh-6000mct-130mm\/#primaryimage\",\"url\":\"https:\/\/i2.wp.com\/interpim.erresse-shop.it\/Import\/Prodotti\/products-miyabi-6000mct-shotoh-130mm.jpg?ssl=1\",\"contentUrl\":\"https:\/\/i2.wp.com\/interpim.erresse-shop.it\/Import\/Prodotti\/products-miyabi-6000mct-shotoh-130mm.jpg?ssl=1\"},{\"@type\":\"BreadcrumbList\",\"@id\":\"https:\/\/dev6.erresse-shop.it\/fr\/shop\/cuisine\/couteaux\/couteaux-de-cuisine\/miyabi-couteau-shotoh-6000mct-130mm\/#breadcrumb\",\"itemListElement\":[{\"@type\":\"ListItem\",\"position\":1,\"name\":\"Home\",\"item\":\"https:\/\/dev6.erresse-shop.it\/\"},{\"@type\":\"ListItem\",\"position\":2,\"name\":\"Boutique\",\"item\":\"https:\/\/dev6.erresse-shop.it\/shop\/\"},{\"@type\":\"ListItem\",\"position\":3,\"name\":\"MIYABI Couteau Shotoh 6000MCT 130mm\"}]},{\"@type\":\"WebSite\",\"@id\":\"https:\/\/dev6.erresse-shop.it\/#website\",\"url\":\"https:\/\/dev6.erresse-shop.it\/\",\"name\":\"Erresse Shop\",\"description\":\"\",\"publisher\":{\"@id\":\"https:\/\/dev6.erresse-shop.it\/#organization\"},\"potentialAction\":[{\"@type\":\"SearchAction\",\"target\":{\"@type\":\"EntryPoint\",\"urlTemplate\":\"https:\/\/dev6.erresse-shop.it\/?s={search_term_string}\"},\"query-input\":{\"@type\":\"PropertyValueSpecification\",\"valueRequired\":true,\"valueName\":\"search_term_string\"}}],\"inLanguage\":\"fr-FR\"},{\"@type\":\"Organization\",\"@id\":\"https:\/\/dev6.erresse-shop.it\/#organization\",\"name\":\"Erresse Shop\",\"url\":\"https:\/\/dev6.erresse-shop.it\/\",\"logo\":{\"@type\":\"ImageObject\",\"inLanguage\":\"fr-FR\",\"@id\":\"https:\/\/dev6.erresse-shop.it\/#\/schema\/logo\/image\/\",\"url\":\"https:\/\/dev6.erresse-shop.it\/wp-content\/uploads\/2025\/01\/LOGO-ERRESSE-CLASSICO.svg\",\"contentUrl\":\"https:\/\/dev6.erresse-shop.it\/wp-content\/uploads\/2025\/01\/LOGO-ERRESSE-CLASSICO.svg\",\"caption\":\"Erresse Shop\"},\"image\":{\"@id\":\"https:\/\/dev6.erresse-shop.it\/#\/schema\/logo\/image\/\"}}]}<\/script>\n<!-- \/ Yoast SEO plugin. -->","yoast_head_json":{"title":"MIYABI Couteau Shotoh 6000MCT 130mm - dev6 Erresse","description":"MIYABI. La beaut\u00e9 de la nettet\u00e9. Les formes gracieuses, \u00e9l\u00e9gantes et sophistiqu\u00e9es typiques de la culture japonaise sont \u00e9galement synonymes de la","robots":{"index":"noindex","follow":"follow","max-snippet":"max-snippet:-1","max-image-preview":"max-image-preview:large","max-video-preview":"max-video-preview:-1"},"og_locale":"fr_FR","og_type":"article","og_title":"MIYABI Couteau Shotoh 6000MCT 130mm - dev6 Erresse","og_description":"MIYABI. La beaut\u00e9 de la nettet\u00e9. Les formes gracieuses, \u00e9l\u00e9gantes et sophistiqu\u00e9es typiques de la culture japonaise sont \u00e9galement synonymes de la","og_url":"https:\/\/dev6.erresse-shop.it\/fr\/shop\/cuisine\/couteaux\/couteaux-de-cuisine\/miyabi-couteau-shotoh-6000mct-130mm\/","og_site_name":"dev6 Erresse","og_image":[{"url":"https:\/\/interpim.erresse-shop.it\/Import\/Prodotti\/products-miyabi-6000mct-shotoh-130mm.jpg","type":"","width":"","height":""},{"url":"https:\/\/interpim.erresse-shop.it\/Import\/Prodotti\/products-miyabi-6000mct-shotoh-130mm.jpg","width":1024,"height":1024,"type":"image\/jpeg"}],"twitter_card":"summary_large_image","twitter_image":"https:\/\/interpim.erresse-shop.it\/Import\/Prodotti\/products-miyabi-6000mct-shotoh-130mm.jpg","schema":{"@context":"https:\/\/schema.org","@graph":[{"@type":"WebPage","@id":"https:\/\/dev6.erresse-shop.it\/fr\/shop\/cuisine\/couteaux\/couteaux-de-cuisine\/miyabi-couteau-shotoh-6000mct-130mm\/","url":"https:\/\/dev6.erresse-shop.it\/fr\/shop\/cuisine\/couteaux\/couteaux-de-cuisine\/miyabi-couteau-shotoh-6000mct-130mm\/","name":"MIYABI Couteau Shotoh 6000MCT 130mm - dev6 Erresse","isPartOf":{"@id":"https:\/\/dev6.erresse-shop.it\/#website"},"primaryImageOfPage":{"@id":"https:\/\/dev6.erresse-shop.it\/fr\/shop\/cuisine\/couteaux\/couteaux-de-cuisine\/miyabi-couteau-shotoh-6000mct-130mm\/#primaryimage"},"image":{"@id":"https:\/\/dev6.erresse-shop.it\/fr\/shop\/cuisine\/couteaux\/couteaux-de-cuisine\/miyabi-couteau-shotoh-6000mct-130mm\/#primaryimage"},"thumbnailUrl":"https:\/\/i2.wp.com\/interpim.erresse-shop.it\/Import\/Prodotti\/products-miyabi-6000mct-shotoh-130mm.jpg?ssl=1","datePublished":"2026-04-10T06:44:54+00:00","description":"MIYABI. La beaut\u00e9 de la nettet\u00e9. Les formes gracieuses, \u00e9l\u00e9gantes et sophistiqu\u00e9es typiques de la culture japonaise sont \u00e9galement synonymes de la","breadcrumb":{"@id":"https:\/\/dev6.erresse-shop.it\/fr\/shop\/cuisine\/couteaux\/couteaux-de-cuisine\/miyabi-couteau-shotoh-6000mct-130mm\/#breadcrumb"},"inLanguage":"fr-FR","potentialAction":[{"@type":"ReadAction","target":["https:\/\/dev6.erresse-shop.it\/fr\/shop\/cuisine\/couteaux\/couteaux-de-cuisine\/miyabi-couteau-shotoh-6000mct-130mm\/"]}]},{"@type":"ImageObject","inLanguage":"fr-FR","@id":"https:\/\/dev6.erresse-shop.it\/fr\/shop\/cuisine\/couteaux\/couteaux-de-cuisine\/miyabi-couteau-shotoh-6000mct-130mm\/#primaryimage","url":"https:\/\/i2.wp.com\/interpim.erresse-shop.it\/Import\/Prodotti\/products-miyabi-6000mct-shotoh-130mm.jpg?ssl=1","contentUrl":"https:\/\/i2.wp.com\/interpim.erresse-shop.it\/Import\/Prodotti\/products-miyabi-6000mct-shotoh-130mm.jpg?ssl=1"},{"@type":"BreadcrumbList","@id":"https:\/\/dev6.erresse-shop.it\/fr\/shop\/cuisine\/couteaux\/couteaux-de-cuisine\/miyabi-couteau-shotoh-6000mct-130mm\/#breadcrumb","itemListElement":[{"@type":"ListItem","position":1,"name":"Home","item":"https:\/\/dev6.erresse-shop.it\/"},{"@type":"ListItem","position":2,"name":"Boutique","item":"https:\/\/dev6.erresse-shop.it\/shop\/"},{"@type":"ListItem","position":3,"name":"MIYABI Couteau Shotoh 6000MCT 130mm"}]},{"@type":"WebSite","@id":"https:\/\/dev6.erresse-shop.it\/#website","url":"https:\/\/dev6.erresse-shop.it\/","name":"Erresse Shop","description":"","publisher":{"@id":"https:\/\/dev6.erresse-shop.it\/#organization"},"potentialAction":[{"@type":"SearchAction","target":{"@type":"EntryPoint","urlTemplate":"https:\/\/dev6.erresse-shop.it\/?s={search_term_string}"},"query-input":{"@type":"PropertyValueSpecification","valueRequired":true,"valueName":"search_term_string"}}],"inLanguage":"fr-FR"},{"@type":"Organization","@id":"https:\/\/dev6.erresse-shop.it\/#organization","name":"Erresse Shop","url":"https:\/\/dev6.erresse-shop.it\/","logo":{"@type":"ImageObject","inLanguage":"fr-FR","@id":"https:\/\/dev6.erresse-shop.it\/#\/schema\/logo\/image\/","url":"https:\/\/dev6.erresse-shop.it\/wp-content\/uploads\/2025\/01\/LOGO-ERRESSE-CLASSICO.svg","contentUrl":"https:\/\/dev6.erresse-shop.it\/wp-content\/uploads\/2025\/01\/LOGO-ERRESSE-CLASSICO.svg","caption":"Erresse Shop"},"image":{"@id":"https:\/\/dev6.erresse-shop.it\/#\/schema\/logo\/image\/"}}]}},"df_price":149,"df_sale_price":149,"df_regular_price":199,"df_image_link":"https:\/\/i2.wp.com\/interpim.erresse-shop.it\/Import\/Prodotti\/products-miyabi-6000mct-shotoh-130mm.jpg?resize=300,300&ssl=1","fifu_image_url":"https:\/\/interpim.erresse-shop.it\/Import\/Prodotti\/products-miyabi-6000mct-shotoh-130mm.jpg","_links":{"self":[{"href":"https:\/\/dev6.erresse-shop.it\/fr\/wp-json\/wp\/v2\/product\/56973","targetHints":{"allow":["GET"]}}],"collection":[{"href":"https:\/\/dev6.erresse-shop.it\/fr\/wp-json\/wp\/v2\/product"}],"about":[{"href":"https:\/\/dev6.erresse-shop.it\/fr\/wp-json\/wp\/v2\/types\/product"}],"wp:featuredmedia":[{"embeddable":true,"href":"https:\/\/dev6.erresse-shop.it\/fr\/wp-json\/wp\/v2\/media\/6299482"}],"wp:attachment":[{"href":"https:\/\/dev6.erresse-shop.it\/fr\/wp-json\/wp\/v2\/media?parent=56973"}],"wp:term":[{"taxonomy":"product_cat","embeddable":true,"href":"https:\/\/dev6.erresse-shop.it\/fr\/wp-json\/wp\/v2\/product_cat?post=56973"},{"taxonomy":"product_tag","embeddable":true,"href":"https:\/\/dev6.erresse-shop.it\/fr\/wp-json\/wp\/v2\/product_tag?post=56973"}],"curies":[{"name":"wp","href":"https:\/\/api.w.org\/{rel}","templated":true}]}}