{"id":56967,"date":"2026-05-10T03:11:22","date_gmt":"2026-05-10T01:11:22","guid":{"rendered":"https:\/\/dev6.erresse-shop.it\/shop\/non%20class\u00e9\/zafferano-nuove-esperienze-set-6-verres-a-vin-rouge\/"},"modified":"2025-07-04T15:39:38","modified_gmt":"2025-07-04T13:39:38","slug":"zafferano-nuove-esperienze-set-6-verres-a-vin-rouge","status":"publish","type":"product","link":"https:\/\/dev6.erresse-shop.it\/fr\/shop\/table-fr-2\/vin\/verres-a-vin\/zafferano-nuove-esperienze-set-6-verres-a-vin-rouge\/","title":{"rendered":"ZAFFERANO Nuove Esperienze Set 6 Verres \u00e0 Vin Rouge"},"content":{"rendered":"<p>Zafferano. En plus d\u2019\u00eatre un lieu d\u2019affirmation, d\u2019\u00e9volution et d\u2019ach\u00e8vement du vin, le verre est une \u0153uvre d\u2019art.<br \/>\nLe design et la fonctionnalit\u00e9 inspirent le travail de Federico de Majo. Ses cr\u00e9ations vont des lignes les plus traditionnelles \u00e0 d\u2019autres \u00e0 fort contenu technique, o\u00f9 s\u2019expriment le go\u00fbt pour l\u2019innovation et la recherche de produits.<\/p>\n<p>Avec Zafferano, l\u2019exp\u00e9rience de la verrerie rencontre la culture du vin. L\u2019histoire de Federico de Majo commence dans la verrerie familiale de Murano. C\u2019est l\u00e0, au milieu des ann\u00e9es soixante-dix, que Federico de Majo a commenc\u00e9 \u00e0 se consacrer avec passion au verre souffl\u00e9 et artistique. Plus tard, l\u2019attention et le go\u00fbt du bien boire feront na\u00eetre en lui le d\u00e9sir de cr\u00e9er une entreprise d\u00e9di\u00e9e \u00e0 la recherche et \u00e0 la production de verres de d\u00e9gustation.<\/p>\n<p>VEM<\/p>\n<p>Les formes sinueuses de cette ligne ne n\u00e9gligent pas la vocation technique de valoriser les aspects sensoriels de ces lunettes.<br \/>\nEn partant des plus petites tailles adapt\u00e9es aux bulles aux ar\u00f4mes primaires, nous passons aux fl\u00fbtes g\u00e9n\u00e9reuses pour mettre en valeur la puissance des champagnes et des m\u00e9thodes classiques, qu\u2019ils soient mill\u00e9sim\u00e9s ou vieillis, et enfin aux deux derni\u00e8res tailles qui accueillent les rouges vieillis importants et amplifient les ar\u00f4mes gr\u00e2ce \u00e0 leur capacit\u00e9 et \u00e0 la grande surface de contact.<\/p>\n","protected":false},"excerpt":{"rendered":"<p>Zafferano. En plus d\u2019\u00eatre un lieu d\u2019affirmation, d\u2019\u00e9volution et d\u2019ach\u00e8vement du vin, le verre est une \u0153uvre d\u2019art. Le design et la fonctionnalit\u00e9 inspirent le travail de Federico de Majo. Ses cr\u00e9ations vont des lignes les plus traditionnelles \u00e0 d\u2019autres \u00e0 fort contenu technique, o\u00f9 s\u2019expriment le go\u00fbt pour l\u2019innovation et la recherche de produits. [&hellip;]<\/p>\n","protected":false},"featured_media":7031287,"template":"","meta":{"_acf_changed":false},"product_cat":[11754,11995,12078,12069,11745],"product_tag":[],"class_list":{"0":"post-56967","1":"product","2":"type-product","3":"status-publish","4":"has-post-thumbnail","6":"product_cat-calici","7":"product_cat-table-fr-2","8":"product_cat-verres-a-vin","9":"product_cat-vin","10":"product_cat-enoteca-bar-cavatappi-vino","12":"first","13":"outofstock","14":"sale","15":"taxable","16":"shipping-taxable","17":"purchasable","18":"product-type-simple","swatches":"rey-swatches","show_selected":"","stretch_labels":"rey-swatches--stretch-labels"},"acf":[],"yoast_head":"<!-- This site is optimized with the Yoast SEO plugin v25.4 - https:\/\/yoast.com\/wordpress\/plugins\/seo\/ -->\n<title>ZAFFERANO Nuove Esperienze Set 6 Verres \u00e0 Vin Rouge - dev6 Erresse<\/title>\n<meta name=\"description\" content=\"Zafferano. En plus d\u2019\u00eatre un lieu d\u2019affirmation, d\u2019\u00e9volution et d\u2019ach\u00e8vement du vin, le verre est une \u0153uvre d\u2019art. Le design et la fonctionnalit\u00e9\" \/>\n<meta name=\"robots\" content=\"noindex, follow, max-snippet:-1, max-image-preview:large, max-video-preview:-1\" \/>\n<meta property=\"og:locale\" content=\"fr_FR\" \/>\n<meta property=\"og:type\" content=\"article\" \/>\n<meta property=\"og:title\" content=\"ZAFFERANO Nuove Esperienze Set 6 Verres \u00e0 Vin Rouge - dev6 Erresse\" \/>\n<meta property=\"og:description\" content=\"Zafferano. En plus d\u2019\u00eatre un lieu d\u2019affirmation, d\u2019\u00e9volution et d\u2019ach\u00e8vement du vin, le verre est une \u0153uvre d\u2019art. Le design et la fonctionnalit\u00e9\" \/>\n<meta property=\"og:url\" content=\"https:\/\/dev6.erresse-shop.it\/fr\/shop\/table-fr-2\/vin\/verres-a-vin\/zafferano-nuove-esperienze-set-6-verres-a-vin-rouge\/\" \/>\n<meta property=\"og:site_name\" content=\"dev6 Erresse\" \/>\n<meta property=\"og:image\" content=\"https:\/\/interpim.erresse-shop.it\/img-catalogo\/zafferano\/zafferano-6-calici-vino-rosso-vem8600.jpg\" \/><meta property=\"og:image\" content=\"https:\/\/interpim.erresse-shop.it\/img-catalogo\/zafferano\/zafferano-6-calici-vino-rosso-vem8600.jpg\" \/>\n\t<meta property=\"og:image:width\" content=\"1024\" \/>\n\t<meta property=\"og:image:height\" content=\"1024\" \/>\n\t<meta property=\"og:image:type\" content=\"image\/jpeg\" \/>\n<meta name=\"twitter:card\" content=\"summary_large_image\" \/>\n<meta name=\"twitter:image\" content=\"https:\/\/interpim.erresse-shop.it\/img-catalogo\/zafferano\/zafferano-6-calici-vino-rosso-vem8600.jpg\" \/>\n<script type=\"application\/ld+json\" class=\"yoast-schema-graph\">{\"@context\":\"https:\/\/schema.org\",\"@graph\":[{\"@type\":\"WebPage\",\"@id\":\"https:\/\/dev6.erresse-shop.it\/fr\/shop\/table-fr-2\/vin\/verres-a-vin\/zafferano-nuove-esperienze-set-6-verres-a-vin-rouge\/\",\"url\":\"https:\/\/dev6.erresse-shop.it\/fr\/shop\/table-fr-2\/vin\/verres-a-vin\/zafferano-nuove-esperienze-set-6-verres-a-vin-rouge\/\",\"name\":\"ZAFFERANO Nuove Esperienze Set 6 Verres \u00e0 Vin Rouge - dev6 Erresse\",\"isPartOf\":{\"@id\":\"https:\/\/dev6.erresse-shop.it\/#website\"},\"primaryImageOfPage\":{\"@id\":\"https:\/\/dev6.erresse-shop.it\/fr\/shop\/table-fr-2\/vin\/verres-a-vin\/zafferano-nuove-esperienze-set-6-verres-a-vin-rouge\/#primaryimage\"},\"image\":{\"@id\":\"https:\/\/dev6.erresse-shop.it\/fr\/shop\/table-fr-2\/vin\/verres-a-vin\/zafferano-nuove-esperienze-set-6-verres-a-vin-rouge\/#primaryimage\"},\"thumbnailUrl\":\"https:\/\/i0.wp.com\/interpim.erresse-shop.it\/img-catalogo\/zafferano\/zafferano-6-calici-vino-rosso-vem8600.jpg?ssl=1\",\"datePublished\":\"2026-05-10T01:11:22+00:00\",\"description\":\"Zafferano. En plus d\u2019\u00eatre un lieu d\u2019affirmation, d\u2019\u00e9volution et d\u2019ach\u00e8vement du vin, le verre est une \u0153uvre d\u2019art. Le design et la fonctionnalit\u00e9\",\"breadcrumb\":{\"@id\":\"https:\/\/dev6.erresse-shop.it\/fr\/shop\/table-fr-2\/vin\/verres-a-vin\/zafferano-nuove-esperienze-set-6-verres-a-vin-rouge\/#breadcrumb\"},\"inLanguage\":\"fr-FR\",\"potentialAction\":[{\"@type\":\"ReadAction\",\"target\":[\"https:\/\/dev6.erresse-shop.it\/fr\/shop\/table-fr-2\/vin\/verres-a-vin\/zafferano-nuove-esperienze-set-6-verres-a-vin-rouge\/\"]}]},{\"@type\":\"ImageObject\",\"inLanguage\":\"fr-FR\",\"@id\":\"https:\/\/dev6.erresse-shop.it\/fr\/shop\/table-fr-2\/vin\/verres-a-vin\/zafferano-nuove-esperienze-set-6-verres-a-vin-rouge\/#primaryimage\",\"url\":\"https:\/\/i0.wp.com\/interpim.erresse-shop.it\/img-catalogo\/zafferano\/zafferano-6-calici-vino-rosso-vem8600.jpg?ssl=1\",\"contentUrl\":\"https:\/\/i0.wp.com\/interpim.erresse-shop.it\/img-catalogo\/zafferano\/zafferano-6-calici-vino-rosso-vem8600.jpg?ssl=1\"},{\"@type\":\"BreadcrumbList\",\"@id\":\"https:\/\/dev6.erresse-shop.it\/fr\/shop\/table-fr-2\/vin\/verres-a-vin\/zafferano-nuove-esperienze-set-6-verres-a-vin-rouge\/#breadcrumb\",\"itemListElement\":[{\"@type\":\"ListItem\",\"position\":1,\"name\":\"Home\",\"item\":\"https:\/\/dev6.erresse-shop.it\/\"},{\"@type\":\"ListItem\",\"position\":2,\"name\":\"Boutique\",\"item\":\"https:\/\/dev6.erresse-shop.it\/shop\/\"},{\"@type\":\"ListItem\",\"position\":3,\"name\":\"ZAFFERANO Nuove Esperienze Set 6 Verres \u00e0 Vin Rouge\"}]},{\"@type\":\"WebSite\",\"@id\":\"https:\/\/dev6.erresse-shop.it\/#website\",\"url\":\"https:\/\/dev6.erresse-shop.it\/\",\"name\":\"Erresse Shop\",\"description\":\"\",\"publisher\":{\"@id\":\"https:\/\/dev6.erresse-shop.it\/#organization\"},\"potentialAction\":[{\"@type\":\"SearchAction\",\"target\":{\"@type\":\"EntryPoint\",\"urlTemplate\":\"https:\/\/dev6.erresse-shop.it\/?s={search_term_string}\"},\"query-input\":{\"@type\":\"PropertyValueSpecification\",\"valueRequired\":true,\"valueName\":\"search_term_string\"}}],\"inLanguage\":\"fr-FR\"},{\"@type\":\"Organization\",\"@id\":\"https:\/\/dev6.erresse-shop.it\/#organization\",\"name\":\"Erresse Shop\",\"url\":\"https:\/\/dev6.erresse-shop.it\/\",\"logo\":{\"@type\":\"ImageObject\",\"inLanguage\":\"fr-FR\",\"@id\":\"https:\/\/dev6.erresse-shop.it\/#\/schema\/logo\/image\/\",\"url\":\"https:\/\/dev6.erresse-shop.it\/wp-content\/uploads\/2025\/01\/LOGO-ERRESSE-CLASSICO.svg\",\"contentUrl\":\"https:\/\/dev6.erresse-shop.it\/wp-content\/uploads\/2025\/01\/LOGO-ERRESSE-CLASSICO.svg\",\"caption\":\"Erresse Shop\"},\"image\":{\"@id\":\"https:\/\/dev6.erresse-shop.it\/#\/schema\/logo\/image\/\"}}]}<\/script>\n<!-- \/ Yoast SEO plugin. -->","yoast_head_json":{"title":"ZAFFERANO Nuove Esperienze Set 6 Verres \u00e0 Vin Rouge - dev6 Erresse","description":"Zafferano. En plus d\u2019\u00eatre un lieu d\u2019affirmation, d\u2019\u00e9volution et d\u2019ach\u00e8vement du vin, le verre est une \u0153uvre d\u2019art. Le design et la fonctionnalit\u00e9","robots":{"index":"noindex","follow":"follow","max-snippet":"max-snippet:-1","max-image-preview":"max-image-preview:large","max-video-preview":"max-video-preview:-1"},"og_locale":"fr_FR","og_type":"article","og_title":"ZAFFERANO Nuove Esperienze Set 6 Verres \u00e0 Vin Rouge - dev6 Erresse","og_description":"Zafferano. En plus d\u2019\u00eatre un lieu d\u2019affirmation, d\u2019\u00e9volution et d\u2019ach\u00e8vement du vin, le verre est une \u0153uvre d\u2019art. Le design et la fonctionnalit\u00e9","og_url":"https:\/\/dev6.erresse-shop.it\/fr\/shop\/table-fr-2\/vin\/verres-a-vin\/zafferano-nuove-esperienze-set-6-verres-a-vin-rouge\/","og_site_name":"dev6 Erresse","og_image":[{"url":"https:\/\/interpim.erresse-shop.it\/img-catalogo\/zafferano\/zafferano-6-calici-vino-rosso-vem8600.jpg","type":"","width":"","height":""},{"url":"https:\/\/interpim.erresse-shop.it\/img-catalogo\/zafferano\/zafferano-6-calici-vino-rosso-vem8600.jpg","width":1024,"height":1024,"type":"image\/jpeg"}],"twitter_card":"summary_large_image","twitter_image":"https:\/\/interpim.erresse-shop.it\/img-catalogo\/zafferano\/zafferano-6-calici-vino-rosso-vem8600.jpg","schema":{"@context":"https:\/\/schema.org","@graph":[{"@type":"WebPage","@id":"https:\/\/dev6.erresse-shop.it\/fr\/shop\/table-fr-2\/vin\/verres-a-vin\/zafferano-nuove-esperienze-set-6-verres-a-vin-rouge\/","url":"https:\/\/dev6.erresse-shop.it\/fr\/shop\/table-fr-2\/vin\/verres-a-vin\/zafferano-nuove-esperienze-set-6-verres-a-vin-rouge\/","name":"ZAFFERANO Nuove Esperienze Set 6 Verres \u00e0 Vin Rouge - dev6 Erresse","isPartOf":{"@id":"https:\/\/dev6.erresse-shop.it\/#website"},"primaryImageOfPage":{"@id":"https:\/\/dev6.erresse-shop.it\/fr\/shop\/table-fr-2\/vin\/verres-a-vin\/zafferano-nuove-esperienze-set-6-verres-a-vin-rouge\/#primaryimage"},"image":{"@id":"https:\/\/dev6.erresse-shop.it\/fr\/shop\/table-fr-2\/vin\/verres-a-vin\/zafferano-nuove-esperienze-set-6-verres-a-vin-rouge\/#primaryimage"},"thumbnailUrl":"https:\/\/i0.wp.com\/interpim.erresse-shop.it\/img-catalogo\/zafferano\/zafferano-6-calici-vino-rosso-vem8600.jpg?ssl=1","datePublished":"2026-05-10T01:11:22+00:00","description":"Zafferano. En plus d\u2019\u00eatre un lieu d\u2019affirmation, d\u2019\u00e9volution et d\u2019ach\u00e8vement du vin, le verre est une \u0153uvre d\u2019art. Le design et la fonctionnalit\u00e9","breadcrumb":{"@id":"https:\/\/dev6.erresse-shop.it\/fr\/shop\/table-fr-2\/vin\/verres-a-vin\/zafferano-nuove-esperienze-set-6-verres-a-vin-rouge\/#breadcrumb"},"inLanguage":"fr-FR","potentialAction":[{"@type":"ReadAction","target":["https:\/\/dev6.erresse-shop.it\/fr\/shop\/table-fr-2\/vin\/verres-a-vin\/zafferano-nuove-esperienze-set-6-verres-a-vin-rouge\/"]}]},{"@type":"ImageObject","inLanguage":"fr-FR","@id":"https:\/\/dev6.erresse-shop.it\/fr\/shop\/table-fr-2\/vin\/verres-a-vin\/zafferano-nuove-esperienze-set-6-verres-a-vin-rouge\/#primaryimage","url":"https:\/\/i0.wp.com\/interpim.erresse-shop.it\/img-catalogo\/zafferano\/zafferano-6-calici-vino-rosso-vem8600.jpg?ssl=1","contentUrl":"https:\/\/i0.wp.com\/interpim.erresse-shop.it\/img-catalogo\/zafferano\/zafferano-6-calici-vino-rosso-vem8600.jpg?ssl=1"},{"@type":"BreadcrumbList","@id":"https:\/\/dev6.erresse-shop.it\/fr\/shop\/table-fr-2\/vin\/verres-a-vin\/zafferano-nuove-esperienze-set-6-verres-a-vin-rouge\/#breadcrumb","itemListElement":[{"@type":"ListItem","position":1,"name":"Home","item":"https:\/\/dev6.erresse-shop.it\/"},{"@type":"ListItem","position":2,"name":"Boutique","item":"https:\/\/dev6.erresse-shop.it\/shop\/"},{"@type":"ListItem","position":3,"name":"ZAFFERANO Nuove Esperienze Set 6 Verres \u00e0 Vin Rouge"}]},{"@type":"WebSite","@id":"https:\/\/dev6.erresse-shop.it\/#website","url":"https:\/\/dev6.erresse-shop.it\/","name":"Erresse Shop","description":"","publisher":{"@id":"https:\/\/dev6.erresse-shop.it\/#organization"},"potentialAction":[{"@type":"SearchAction","target":{"@type":"EntryPoint","urlTemplate":"https:\/\/dev6.erresse-shop.it\/?s={search_term_string}"},"query-input":{"@type":"PropertyValueSpecification","valueRequired":true,"valueName":"search_term_string"}}],"inLanguage":"fr-FR"},{"@type":"Organization","@id":"https:\/\/dev6.erresse-shop.it\/#organization","name":"Erresse Shop","url":"https:\/\/dev6.erresse-shop.it\/","logo":{"@type":"ImageObject","inLanguage":"fr-FR","@id":"https:\/\/dev6.erresse-shop.it\/#\/schema\/logo\/image\/","url":"https:\/\/dev6.erresse-shop.it\/wp-content\/uploads\/2025\/01\/LOGO-ERRESSE-CLASSICO.svg","contentUrl":"https:\/\/dev6.erresse-shop.it\/wp-content\/uploads\/2025\/01\/LOGO-ERRESSE-CLASSICO.svg","caption":"Erresse Shop"},"image":{"@id":"https:\/\/dev6.erresse-shop.it\/#\/schema\/logo\/image\/"}}]}},"df_price":66,"df_sale_price":66,"df_regular_price":72,"df_image_link":"https:\/\/i0.wp.com\/interpim.erresse-shop.it\/img-catalogo\/zafferano\/zafferano-6-calici-vino-rosso-vem8600.jpg?resize=300,300&ssl=1","fifu_image_url":"https:\/\/interpim.erresse-shop.it\/img-catalogo\/zafferano\/zafferano-6-calici-vino-rosso-vem8600.jpg","_links":{"self":[{"href":"https:\/\/dev6.erresse-shop.it\/fr\/wp-json\/wp\/v2\/product\/56967","targetHints":{"allow":["GET"]}}],"collection":[{"href":"https:\/\/dev6.erresse-shop.it\/fr\/wp-json\/wp\/v2\/product"}],"about":[{"href":"https:\/\/dev6.erresse-shop.it\/fr\/wp-json\/wp\/v2\/types\/product"}],"wp:featuredmedia":[{"embeddable":true,"href":"https:\/\/dev6.erresse-shop.it\/fr\/wp-json\/wp\/v2\/media\/7031287"}],"wp:attachment":[{"href":"https:\/\/dev6.erresse-shop.it\/fr\/wp-json\/wp\/v2\/media?parent=56967"}],"wp:term":[{"taxonomy":"product_cat","embeddable":true,"href":"https:\/\/dev6.erresse-shop.it\/fr\/wp-json\/wp\/v2\/product_cat?post=56967"},{"taxonomy":"product_tag","embeddable":true,"href":"https:\/\/dev6.erresse-shop.it\/fr\/wp-json\/wp\/v2\/product_tag?post=56967"}],"curies":[{"name":"wp","href":"https:\/\/api.w.org\/{rel}","templated":true}]}}