{"id":56965,"date":"2026-04-29T00:08:43","date_gmt":"2026-04-28T22:08:43","guid":{"rendered":"https:\/\/dev6.erresse-shop.it\/shop\/non%20class\u00e9\/zafferano-vem-7000-set-de-6-verres-a-champagne\/"},"modified":"2025-07-04T15:39:36","modified_gmt":"2025-07-04T13:39:36","slug":"zafferano-vem-7000-set-de-6-verres-a-champagne","status":"publish","type":"product","link":"https:\/\/dev6.erresse-shop.it\/fr\/shop\/table-fr-2\/vin\/verres-a-vin\/zafferano-vem-7000-set-de-6-verres-a-champagne\/","title":{"rendered":"ZAFFERANO VEM 7000 Set de 6 Verres \u00e0 Champagne"},"content":{"rendered":"<p>Le design et la fonctionnalit\u00e9 inspirent le travail de Federico de Majo, dont les cr\u00e9ations vont des lignes les plus traditionnelles \u00e0 d\u2019autres \u00e0 fort contenu technique, exprimant un go\u00fbt pour l\u2019innovation et la recherche de produits.<\/p>\n<p>Avec Zafferano, l\u2019exp\u00e9rience de la verrerie rencontre la culture du vin. L\u2019histoire de Federico de Majo commence dans la verrerie familiale de Murano. C\u2019est l\u00e0, au milieu des ann\u00e9es soixante-dix, que Federico de Majo a commenc\u00e9 \u00e0 se consacrer avec passion au verre souffl\u00e9 et artistique. Plus tard, l\u2019attention et le go\u00fbt du bien boire feront na\u00eetre en lui le d\u00e9sir de cr\u00e9er une entreprise d\u00e9di\u00e9e \u00e0 la recherche et \u00e0 la production de verres de d\u00e9gustation.<\/p>\n<p>VEM<\/p>\n<p>Les formes sinueuses de cette ligne ne n\u00e9gligent pas la vocation technique de valoriser les aspects sensoriels de ces lunettes.<br \/>\nEn partant des plus petits formats, adapt\u00e9s aux bulles aux ar\u00f4mes primaires, on passe \u00e0 la fl\u00fbte g\u00e9n\u00e9reuse pour mettre en valeur la puissance du champagne et des m\u00e9thodes classiques, qu\u2019il soit mill\u00e9sim\u00e9 ou vieilli, et enfin aux deux derniers formats qui accueillent les grands rouges vieillis et amplifient leurs ar\u00f4mes gr\u00e2ce \u00e0 leur capacit\u00e9 et \u00e0 la grande surface de contact.<\/p>\n","protected":false},"excerpt":{"rendered":"<p>Le design et la fonctionnalit\u00e9 inspirent le travail de Federico de Majo, dont les cr\u00e9ations vont des lignes les plus traditionnelles \u00e0 d\u2019autres \u00e0 fort contenu technique, exprimant un go\u00fbt pour l\u2019innovation et la recherche de produits. Avec Zafferano, l\u2019exp\u00e9rience de la verrerie rencontre la culture du vin. L\u2019histoire de Federico de Majo commence dans [&hellip;]<\/p>\n","protected":false},"featured_media":6939927,"template":"","meta":{"_acf_changed":false},"product_cat":[11754,11995,12078,12069,11745],"product_tag":[],"class_list":{"0":"post-56965","1":"product","2":"type-product","3":"status-publish","4":"has-post-thumbnail","6":"product_cat-calici","7":"product_cat-table-fr-2","8":"product_cat-verres-a-vin","9":"product_cat-vin","10":"product_cat-enoteca-bar-cavatappi-vino","12":"first","13":"outofstock","14":"sale","15":"taxable","16":"shipping-taxable","17":"purchasable","18":"product-type-simple","swatches":"rey-swatches","show_selected":"","stretch_labels":"rey-swatches--stretch-labels"},"acf":[],"yoast_head":"<!-- This site is optimized with the Yoast SEO plugin v25.4 - https:\/\/yoast.com\/wordpress\/plugins\/seo\/ -->\n<title>ZAFFERANO VEM 7000 Set de 6 Verres \u00e0 Champagne - dev6 Erresse<\/title>\n<meta name=\"description\" content=\"Le design et la fonctionnalit\u00e9 inspirent le travail de Federico de Majo, dont les cr\u00e9ations vont des lignes les plus traditionnelles \u00e0 d\u2019autres \u00e0 fort\" \/>\n<meta name=\"robots\" content=\"noindex, follow, max-snippet:-1, max-image-preview:large, max-video-preview:-1\" \/>\n<meta property=\"og:locale\" content=\"fr_FR\" \/>\n<meta property=\"og:type\" content=\"article\" \/>\n<meta property=\"og:title\" content=\"ZAFFERANO VEM 7000 Set de 6 Verres \u00e0 Champagne - dev6 Erresse\" \/>\n<meta property=\"og:description\" content=\"Le design et la fonctionnalit\u00e9 inspirent le travail de Federico de Majo, dont les cr\u00e9ations vont des lignes les plus traditionnelles \u00e0 d\u2019autres \u00e0 fort\" \/>\n<meta property=\"og:url\" content=\"https:\/\/dev6.erresse-shop.it\/fr\/shop\/table-fr-2\/vin\/verres-a-vin\/zafferano-vem-7000-set-de-6-verres-a-champagne\/\" \/>\n<meta property=\"og:site_name\" content=\"dev6 Erresse\" \/>\n<meta property=\"og:image\" content=\"https:\/\/interpim.erresse-shop.it\/img-catalogo\/zafferano\/zafferano-vem7000-champagne.jpg\" \/><meta property=\"og:image\" content=\"https:\/\/interpim.erresse-shop.it\/img-catalogo\/zafferano\/zafferano-vem7000-champagne.jpg\" \/>\n\t<meta property=\"og:image:width\" content=\"1024\" \/>\n\t<meta property=\"og:image:height\" content=\"1024\" \/>\n\t<meta property=\"og:image:type\" content=\"image\/jpeg\" \/>\n<meta name=\"twitter:card\" content=\"summary_large_image\" \/>\n<meta name=\"twitter:image\" content=\"https:\/\/interpim.erresse-shop.it\/img-catalogo\/zafferano\/zafferano-vem7000-champagne.jpg\" \/>\n<script type=\"application\/ld+json\" class=\"yoast-schema-graph\">{\"@context\":\"https:\/\/schema.org\",\"@graph\":[{\"@type\":\"WebPage\",\"@id\":\"https:\/\/dev6.erresse-shop.it\/fr\/shop\/table-fr-2\/vin\/verres-a-vin\/zafferano-vem-7000-set-de-6-verres-a-champagne\/\",\"url\":\"https:\/\/dev6.erresse-shop.it\/fr\/shop\/table-fr-2\/vin\/verres-a-vin\/zafferano-vem-7000-set-de-6-verres-a-champagne\/\",\"name\":\"ZAFFERANO VEM 7000 Set de 6 Verres \u00e0 Champagne - dev6 Erresse\",\"isPartOf\":{\"@id\":\"https:\/\/dev6.erresse-shop.it\/#website\"},\"primaryImageOfPage\":{\"@id\":\"https:\/\/dev6.erresse-shop.it\/fr\/shop\/table-fr-2\/vin\/verres-a-vin\/zafferano-vem-7000-set-de-6-verres-a-champagne\/#primaryimage\"},\"image\":{\"@id\":\"https:\/\/dev6.erresse-shop.it\/fr\/shop\/table-fr-2\/vin\/verres-a-vin\/zafferano-vem-7000-set-de-6-verres-a-champagne\/#primaryimage\"},\"thumbnailUrl\":\"https:\/\/i3.wp.com\/interpim.erresse-shop.it\/img-catalogo\/zafferano\/zafferano-vem7000-champagne.jpg?ssl=1\",\"datePublished\":\"2026-04-28T22:08:43+00:00\",\"description\":\"Le design et la fonctionnalit\u00e9 inspirent le travail de Federico de Majo, dont les cr\u00e9ations vont des lignes les plus traditionnelles \u00e0 d\u2019autres \u00e0 fort\",\"breadcrumb\":{\"@id\":\"https:\/\/dev6.erresse-shop.it\/fr\/shop\/table-fr-2\/vin\/verres-a-vin\/zafferano-vem-7000-set-de-6-verres-a-champagne\/#breadcrumb\"},\"inLanguage\":\"fr-FR\",\"potentialAction\":[{\"@type\":\"ReadAction\",\"target\":[\"https:\/\/dev6.erresse-shop.it\/fr\/shop\/table-fr-2\/vin\/verres-a-vin\/zafferano-vem-7000-set-de-6-verres-a-champagne\/\"]}]},{\"@type\":\"ImageObject\",\"inLanguage\":\"fr-FR\",\"@id\":\"https:\/\/dev6.erresse-shop.it\/fr\/shop\/table-fr-2\/vin\/verres-a-vin\/zafferano-vem-7000-set-de-6-verres-a-champagne\/#primaryimage\",\"url\":\"https:\/\/i3.wp.com\/interpim.erresse-shop.it\/img-catalogo\/zafferano\/zafferano-vem7000-champagne.jpg?ssl=1\",\"contentUrl\":\"https:\/\/i3.wp.com\/interpim.erresse-shop.it\/img-catalogo\/zafferano\/zafferano-vem7000-champagne.jpg?ssl=1\"},{\"@type\":\"BreadcrumbList\",\"@id\":\"https:\/\/dev6.erresse-shop.it\/fr\/shop\/table-fr-2\/vin\/verres-a-vin\/zafferano-vem-7000-set-de-6-verres-a-champagne\/#breadcrumb\",\"itemListElement\":[{\"@type\":\"ListItem\",\"position\":1,\"name\":\"Home\",\"item\":\"https:\/\/dev6.erresse-shop.it\/\"},{\"@type\":\"ListItem\",\"position\":2,\"name\":\"Boutique\",\"item\":\"https:\/\/dev6.erresse-shop.it\/shop\/\"},{\"@type\":\"ListItem\",\"position\":3,\"name\":\"ZAFFERANO VEM 7000 Set de 6 Verres \u00e0 Champagne\"}]},{\"@type\":\"WebSite\",\"@id\":\"https:\/\/dev6.erresse-shop.it\/#website\",\"url\":\"https:\/\/dev6.erresse-shop.it\/\",\"name\":\"Erresse Shop\",\"description\":\"\",\"publisher\":{\"@id\":\"https:\/\/dev6.erresse-shop.it\/#organization\"},\"potentialAction\":[{\"@type\":\"SearchAction\",\"target\":{\"@type\":\"EntryPoint\",\"urlTemplate\":\"https:\/\/dev6.erresse-shop.it\/?s={search_term_string}\"},\"query-input\":{\"@type\":\"PropertyValueSpecification\",\"valueRequired\":true,\"valueName\":\"search_term_string\"}}],\"inLanguage\":\"fr-FR\"},{\"@type\":\"Organization\",\"@id\":\"https:\/\/dev6.erresse-shop.it\/#organization\",\"name\":\"Erresse Shop\",\"url\":\"https:\/\/dev6.erresse-shop.it\/\",\"logo\":{\"@type\":\"ImageObject\",\"inLanguage\":\"fr-FR\",\"@id\":\"https:\/\/dev6.erresse-shop.it\/#\/schema\/logo\/image\/\",\"url\":\"https:\/\/dev6.erresse-shop.it\/wp-content\/uploads\/2025\/01\/LOGO-ERRESSE-CLASSICO.svg\",\"contentUrl\":\"https:\/\/dev6.erresse-shop.it\/wp-content\/uploads\/2025\/01\/LOGO-ERRESSE-CLASSICO.svg\",\"caption\":\"Erresse Shop\"},\"image\":{\"@id\":\"https:\/\/dev6.erresse-shop.it\/#\/schema\/logo\/image\/\"}}]}<\/script>\n<!-- \/ Yoast SEO plugin. -->","yoast_head_json":{"title":"ZAFFERANO VEM 7000 Set de 6 Verres \u00e0 Champagne - dev6 Erresse","description":"Le design et la fonctionnalit\u00e9 inspirent le travail de Federico de Majo, dont les cr\u00e9ations vont des lignes les plus traditionnelles \u00e0 d\u2019autres \u00e0 fort","robots":{"index":"noindex","follow":"follow","max-snippet":"max-snippet:-1","max-image-preview":"max-image-preview:large","max-video-preview":"max-video-preview:-1"},"og_locale":"fr_FR","og_type":"article","og_title":"ZAFFERANO VEM 7000 Set de 6 Verres \u00e0 Champagne - dev6 Erresse","og_description":"Le design et la fonctionnalit\u00e9 inspirent le travail de Federico de Majo, dont les cr\u00e9ations vont des lignes les plus traditionnelles \u00e0 d\u2019autres \u00e0 fort","og_url":"https:\/\/dev6.erresse-shop.it\/fr\/shop\/table-fr-2\/vin\/verres-a-vin\/zafferano-vem-7000-set-de-6-verres-a-champagne\/","og_site_name":"dev6 Erresse","og_image":[{"url":"https:\/\/interpim.erresse-shop.it\/img-catalogo\/zafferano\/zafferano-vem7000-champagne.jpg","type":"","width":"","height":""},{"url":"https:\/\/interpim.erresse-shop.it\/img-catalogo\/zafferano\/zafferano-vem7000-champagne.jpg","width":1024,"height":1024,"type":"image\/jpeg"}],"twitter_card":"summary_large_image","twitter_image":"https:\/\/interpim.erresse-shop.it\/img-catalogo\/zafferano\/zafferano-vem7000-champagne.jpg","schema":{"@context":"https:\/\/schema.org","@graph":[{"@type":"WebPage","@id":"https:\/\/dev6.erresse-shop.it\/fr\/shop\/table-fr-2\/vin\/verres-a-vin\/zafferano-vem-7000-set-de-6-verres-a-champagne\/","url":"https:\/\/dev6.erresse-shop.it\/fr\/shop\/table-fr-2\/vin\/verres-a-vin\/zafferano-vem-7000-set-de-6-verres-a-champagne\/","name":"ZAFFERANO VEM 7000 Set de 6 Verres \u00e0 Champagne - dev6 Erresse","isPartOf":{"@id":"https:\/\/dev6.erresse-shop.it\/#website"},"primaryImageOfPage":{"@id":"https:\/\/dev6.erresse-shop.it\/fr\/shop\/table-fr-2\/vin\/verres-a-vin\/zafferano-vem-7000-set-de-6-verres-a-champagne\/#primaryimage"},"image":{"@id":"https:\/\/dev6.erresse-shop.it\/fr\/shop\/table-fr-2\/vin\/verres-a-vin\/zafferano-vem-7000-set-de-6-verres-a-champagne\/#primaryimage"},"thumbnailUrl":"https:\/\/i3.wp.com\/interpim.erresse-shop.it\/img-catalogo\/zafferano\/zafferano-vem7000-champagne.jpg?ssl=1","datePublished":"2026-04-28T22:08:43+00:00","description":"Le design et la fonctionnalit\u00e9 inspirent le travail de Federico de Majo, dont les cr\u00e9ations vont des lignes les plus traditionnelles \u00e0 d\u2019autres \u00e0 fort","breadcrumb":{"@id":"https:\/\/dev6.erresse-shop.it\/fr\/shop\/table-fr-2\/vin\/verres-a-vin\/zafferano-vem-7000-set-de-6-verres-a-champagne\/#breadcrumb"},"inLanguage":"fr-FR","potentialAction":[{"@type":"ReadAction","target":["https:\/\/dev6.erresse-shop.it\/fr\/shop\/table-fr-2\/vin\/verres-a-vin\/zafferano-vem-7000-set-de-6-verres-a-champagne\/"]}]},{"@type":"ImageObject","inLanguage":"fr-FR","@id":"https:\/\/dev6.erresse-shop.it\/fr\/shop\/table-fr-2\/vin\/verres-a-vin\/zafferano-vem-7000-set-de-6-verres-a-champagne\/#primaryimage","url":"https:\/\/i3.wp.com\/interpim.erresse-shop.it\/img-catalogo\/zafferano\/zafferano-vem7000-champagne.jpg?ssl=1","contentUrl":"https:\/\/i3.wp.com\/interpim.erresse-shop.it\/img-catalogo\/zafferano\/zafferano-vem7000-champagne.jpg?ssl=1"},{"@type":"BreadcrumbList","@id":"https:\/\/dev6.erresse-shop.it\/fr\/shop\/table-fr-2\/vin\/verres-a-vin\/zafferano-vem-7000-set-de-6-verres-a-champagne\/#breadcrumb","itemListElement":[{"@type":"ListItem","position":1,"name":"Home","item":"https:\/\/dev6.erresse-shop.it\/"},{"@type":"ListItem","position":2,"name":"Boutique","item":"https:\/\/dev6.erresse-shop.it\/shop\/"},{"@type":"ListItem","position":3,"name":"ZAFFERANO VEM 7000 Set de 6 Verres \u00e0 Champagne"}]},{"@type":"WebSite","@id":"https:\/\/dev6.erresse-shop.it\/#website","url":"https:\/\/dev6.erresse-shop.it\/","name":"Erresse Shop","description":"","publisher":{"@id":"https:\/\/dev6.erresse-shop.it\/#organization"},"potentialAction":[{"@type":"SearchAction","target":{"@type":"EntryPoint","urlTemplate":"https:\/\/dev6.erresse-shop.it\/?s={search_term_string}"},"query-input":{"@type":"PropertyValueSpecification","valueRequired":true,"valueName":"search_term_string"}}],"inLanguage":"fr-FR"},{"@type":"Organization","@id":"https:\/\/dev6.erresse-shop.it\/#organization","name":"Erresse Shop","url":"https:\/\/dev6.erresse-shop.it\/","logo":{"@type":"ImageObject","inLanguage":"fr-FR","@id":"https:\/\/dev6.erresse-shop.it\/#\/schema\/logo\/image\/","url":"https:\/\/dev6.erresse-shop.it\/wp-content\/uploads\/2025\/01\/LOGO-ERRESSE-CLASSICO.svg","contentUrl":"https:\/\/dev6.erresse-shop.it\/wp-content\/uploads\/2025\/01\/LOGO-ERRESSE-CLASSICO.svg","caption":"Erresse Shop"},"image":{"@id":"https:\/\/dev6.erresse-shop.it\/#\/schema\/logo\/image\/"}}]}},"df_price":59.95,"df_sale_price":59.95,"df_regular_price":66,"df_image_link":"https:\/\/i3.wp.com\/interpim.erresse-shop.it\/img-catalogo\/zafferano\/zafferano-vem7000-champagne.jpg?resize=300,300&ssl=1","fifu_image_url":"https:\/\/interpim.erresse-shop.it\/img-catalogo\/zafferano\/zafferano-vem7000-champagne.jpg","_links":{"self":[{"href":"https:\/\/dev6.erresse-shop.it\/fr\/wp-json\/wp\/v2\/product\/56965","targetHints":{"allow":["GET"]}}],"collection":[{"href":"https:\/\/dev6.erresse-shop.it\/fr\/wp-json\/wp\/v2\/product"}],"about":[{"href":"https:\/\/dev6.erresse-shop.it\/fr\/wp-json\/wp\/v2\/types\/product"}],"wp:featuredmedia":[{"embeddable":true,"href":"https:\/\/dev6.erresse-shop.it\/fr\/wp-json\/wp\/v2\/media\/6939927"}],"wp:attachment":[{"href":"https:\/\/dev6.erresse-shop.it\/fr\/wp-json\/wp\/v2\/media?parent=56965"}],"wp:term":[{"taxonomy":"product_cat","embeddable":true,"href":"https:\/\/dev6.erresse-shop.it\/fr\/wp-json\/wp\/v2\/product_cat?post=56965"},{"taxonomy":"product_tag","embeddable":true,"href":"https:\/\/dev6.erresse-shop.it\/fr\/wp-json\/wp\/v2\/product_tag?post=56965"}],"curies":[{"name":"wp","href":"https:\/\/api.w.org\/{rel}","templated":true}]}}