{"id":56959,"date":"2026-04-23T08:29:16","date_gmt":"2026-04-23T06:29:16","guid":{"rendered":"https:\/\/dev6.erresse-shop.it\/shop\/non%20class\u00e9\/zafferano-vem-5600-6-verres-a-champagne\/"},"modified":"2025-07-04T15:39:32","modified_gmt":"2025-07-04T13:39:32","slug":"zafferano-vem-5600-6-verres-a-champagne","status":"publish","type":"product","link":"https:\/\/dev6.erresse-shop.it\/fr\/shop\/table-fr-2\/vin\/verres-a-vin\/zafferano-vem-5600-6-verres-a-champagne\/","title":{"rendered":"ZAFFERANO VEM 5600 6 Verres \u00e0 Champagne"},"content":{"rendered":"<p>Le design et la fonctionnalit\u00e9 inspirent le travail de Federico de Majo, dont les cr\u00e9ations vont des lignes les plus traditionnelles \u00e0 d\u2019autres \u00e0 fort contenu technique, exprimant un go\u00fbt pour l\u2019innovation et la recherche de produits.<\/p>\n<p>Avec Zafferano, l\u2019exp\u00e9rience de la verrerie rencontre la culture du vin. L\u2019histoire de Federico de Majo commence dans la verrerie familiale de Murano. C\u2019est l\u00e0, au milieu des ann\u00e9es 1970, que Federico de Majo a commenc\u00e9 \u00e0 se consacrer avec passion au verre souffl\u00e9 et artistique. Plus tard, son attention et son go\u00fbt pour la bonne boisson lui ont donn\u00e9 l\u2019envie de cr\u00e9er une entreprise d\u00e9di\u00e9e \u00e0 la recherche et \u00e0 la production de verres de d\u00e9gustation.<\/p>\n<p>Les collections Zafferano sont souffl\u00e9es \u00e0 la bouche et fabriqu\u00e9es \u00e0 la main par des artisans qui travaillent encore comme par le pass\u00e9. Ce savoir-faire artisanal rend chaque pi\u00e8ce unique et diff\u00e9rente des autres, et pour cette raison d\u2019autant plus pr\u00e9cieuse. Le logo caract\u00e9ristique, avec le gobelet et le Z de Zafferano \u00e0 l\u2019int\u00e9rieur, certifie que le produit est fait \u00e0 la main.<\/p>\n","protected":false},"excerpt":{"rendered":"<p>Le design et la fonctionnalit\u00e9 inspirent le travail de Federico de Majo, dont les cr\u00e9ations vont des lignes les plus traditionnelles \u00e0 d\u2019autres \u00e0 fort contenu technique, exprimant un go\u00fbt pour l\u2019innovation et la recherche de produits. Avec Zafferano, l\u2019exp\u00e9rience de la verrerie rencontre la culture du vin. L\u2019histoire de Federico de Majo commence dans [&hellip;]<\/p>\n","protected":false},"featured_media":6855813,"template":"","meta":{"_acf_changed":false},"product_cat":[11754,11995,12078,12069,11745],"product_tag":[],"class_list":{"0":"post-56959","1":"product","2":"type-product","3":"status-publish","4":"has-post-thumbnail","6":"product_cat-calici","7":"product_cat-table-fr-2","8":"product_cat-verres-a-vin","9":"product_cat-vin","10":"product_cat-enoteca-bar-cavatappi-vino","12":"first","13":"outofstock","14":"taxable","15":"shipping-taxable","16":"purchasable","17":"product-type-simple","swatches":"rey-swatches","show_selected":"","stretch_labels":"rey-swatches--stretch-labels"},"acf":[],"yoast_head":"<!-- This site is optimized with the Yoast SEO plugin v25.4 - https:\/\/yoast.com\/wordpress\/plugins\/seo\/ -->\n<title>ZAFFERANO VEM 5600 6 Verres \u00e0 Champagne - dev6 Erresse<\/title>\n<meta name=\"description\" content=\"Le design et la fonctionnalit\u00e9 inspirent le travail de Federico de Majo, dont les cr\u00e9ations vont des lignes les plus traditionnelles \u00e0 d\u2019autres \u00e0 fort\" \/>\n<meta name=\"robots\" content=\"noindex, follow, max-snippet:-1, max-image-preview:large, max-video-preview:-1\" \/>\n<meta property=\"og:locale\" content=\"fr_FR\" \/>\n<meta property=\"og:type\" content=\"article\" \/>\n<meta property=\"og:title\" content=\"ZAFFERANO VEM 5600 6 Verres \u00e0 Champagne - dev6 Erresse\" \/>\n<meta property=\"og:description\" content=\"Le design et la fonctionnalit\u00e9 inspirent le travail de Federico de Majo, dont les cr\u00e9ations vont des lignes les plus traditionnelles \u00e0 d\u2019autres \u00e0 fort\" \/>\n<meta property=\"og:url\" content=\"https:\/\/dev6.erresse-shop.it\/fr\/shop\/table-fr-2\/vin\/verres-a-vin\/zafferano-vem-5600-6-verres-a-champagne\/\" \/>\n<meta property=\"og:site_name\" content=\"dev6 Erresse\" \/>\n<meta property=\"og:image\" content=\"https:\/\/interpim.erresse-shop.it\/img-catalogo\/zafferano\/zafferano-vem-5600.jpg\" \/><meta property=\"og:image\" content=\"https:\/\/interpim.erresse-shop.it\/img-catalogo\/zafferano\/zafferano-vem-5600.jpg\" \/>\n\t<meta property=\"og:image:width\" content=\"1024\" \/>\n\t<meta property=\"og:image:height\" content=\"1024\" \/>\n\t<meta property=\"og:image:type\" content=\"image\/jpeg\" \/>\n<meta name=\"twitter:card\" content=\"summary_large_image\" \/>\n<meta name=\"twitter:image\" content=\"https:\/\/interpim.erresse-shop.it\/img-catalogo\/zafferano\/zafferano-vem-5600.jpg\" \/>\n<script type=\"application\/ld+json\" class=\"yoast-schema-graph\">{\"@context\":\"https:\/\/schema.org\",\"@graph\":[{\"@type\":\"WebPage\",\"@id\":\"https:\/\/dev6.erresse-shop.it\/fr\/shop\/table-fr-2\/vin\/verres-a-vin\/zafferano-vem-5600-6-verres-a-champagne\/\",\"url\":\"https:\/\/dev6.erresse-shop.it\/fr\/shop\/table-fr-2\/vin\/verres-a-vin\/zafferano-vem-5600-6-verres-a-champagne\/\",\"name\":\"ZAFFERANO VEM 5600 6 Verres \u00e0 Champagne - dev6 Erresse\",\"isPartOf\":{\"@id\":\"https:\/\/dev6.erresse-shop.it\/#website\"},\"primaryImageOfPage\":{\"@id\":\"https:\/\/dev6.erresse-shop.it\/fr\/shop\/table-fr-2\/vin\/verres-a-vin\/zafferano-vem-5600-6-verres-a-champagne\/#primaryimage\"},\"image\":{\"@id\":\"https:\/\/dev6.erresse-shop.it\/fr\/shop\/table-fr-2\/vin\/verres-a-vin\/zafferano-vem-5600-6-verres-a-champagne\/#primaryimage\"},\"thumbnailUrl\":\"https:\/\/i0.wp.com\/interpim.erresse-shop.it\/img-catalogo\/zafferano\/zafferano-vem-5600.jpg?ssl=1\",\"datePublished\":\"2026-04-23T06:29:16+00:00\",\"description\":\"Le design et la fonctionnalit\u00e9 inspirent le travail de Federico de Majo, dont les cr\u00e9ations vont des lignes les plus traditionnelles \u00e0 d\u2019autres \u00e0 fort\",\"breadcrumb\":{\"@id\":\"https:\/\/dev6.erresse-shop.it\/fr\/shop\/table-fr-2\/vin\/verres-a-vin\/zafferano-vem-5600-6-verres-a-champagne\/#breadcrumb\"},\"inLanguage\":\"fr-FR\",\"potentialAction\":[{\"@type\":\"ReadAction\",\"target\":[\"https:\/\/dev6.erresse-shop.it\/fr\/shop\/table-fr-2\/vin\/verres-a-vin\/zafferano-vem-5600-6-verres-a-champagne\/\"]}]},{\"@type\":\"ImageObject\",\"inLanguage\":\"fr-FR\",\"@id\":\"https:\/\/dev6.erresse-shop.it\/fr\/shop\/table-fr-2\/vin\/verres-a-vin\/zafferano-vem-5600-6-verres-a-champagne\/#primaryimage\",\"url\":\"https:\/\/i0.wp.com\/interpim.erresse-shop.it\/img-catalogo\/zafferano\/zafferano-vem-5600.jpg?ssl=1\",\"contentUrl\":\"https:\/\/i0.wp.com\/interpim.erresse-shop.it\/img-catalogo\/zafferano\/zafferano-vem-5600.jpg?ssl=1\"},{\"@type\":\"BreadcrumbList\",\"@id\":\"https:\/\/dev6.erresse-shop.it\/fr\/shop\/table-fr-2\/vin\/verres-a-vin\/zafferano-vem-5600-6-verres-a-champagne\/#breadcrumb\",\"itemListElement\":[{\"@type\":\"ListItem\",\"position\":1,\"name\":\"Home\",\"item\":\"https:\/\/dev6.erresse-shop.it\/\"},{\"@type\":\"ListItem\",\"position\":2,\"name\":\"Boutique\",\"item\":\"https:\/\/dev6.erresse-shop.it\/shop\/\"},{\"@type\":\"ListItem\",\"position\":3,\"name\":\"ZAFFERANO VEM 5600 6 Verres \u00e0 Champagne\"}]},{\"@type\":\"WebSite\",\"@id\":\"https:\/\/dev6.erresse-shop.it\/#website\",\"url\":\"https:\/\/dev6.erresse-shop.it\/\",\"name\":\"Erresse Shop\",\"description\":\"\",\"publisher\":{\"@id\":\"https:\/\/dev6.erresse-shop.it\/#organization\"},\"potentialAction\":[{\"@type\":\"SearchAction\",\"target\":{\"@type\":\"EntryPoint\",\"urlTemplate\":\"https:\/\/dev6.erresse-shop.it\/?s={search_term_string}\"},\"query-input\":{\"@type\":\"PropertyValueSpecification\",\"valueRequired\":true,\"valueName\":\"search_term_string\"}}],\"inLanguage\":\"fr-FR\"},{\"@type\":\"Organization\",\"@id\":\"https:\/\/dev6.erresse-shop.it\/#organization\",\"name\":\"Erresse Shop\",\"url\":\"https:\/\/dev6.erresse-shop.it\/\",\"logo\":{\"@type\":\"ImageObject\",\"inLanguage\":\"fr-FR\",\"@id\":\"https:\/\/dev6.erresse-shop.it\/#\/schema\/logo\/image\/\",\"url\":\"https:\/\/dev6.erresse-shop.it\/wp-content\/uploads\/2025\/01\/LOGO-ERRESSE-CLASSICO.svg\",\"contentUrl\":\"https:\/\/dev6.erresse-shop.it\/wp-content\/uploads\/2025\/01\/LOGO-ERRESSE-CLASSICO.svg\",\"caption\":\"Erresse Shop\"},\"image\":{\"@id\":\"https:\/\/dev6.erresse-shop.it\/#\/schema\/logo\/image\/\"}}]}<\/script>\n<!-- \/ Yoast SEO plugin. -->","yoast_head_json":{"title":"ZAFFERANO VEM 5600 6 Verres \u00e0 Champagne - dev6 Erresse","description":"Le design et la fonctionnalit\u00e9 inspirent le travail de Federico de Majo, dont les cr\u00e9ations vont des lignes les plus traditionnelles \u00e0 d\u2019autres \u00e0 fort","robots":{"index":"noindex","follow":"follow","max-snippet":"max-snippet:-1","max-image-preview":"max-image-preview:large","max-video-preview":"max-video-preview:-1"},"og_locale":"fr_FR","og_type":"article","og_title":"ZAFFERANO VEM 5600 6 Verres \u00e0 Champagne - dev6 Erresse","og_description":"Le design et la fonctionnalit\u00e9 inspirent le travail de Federico de Majo, dont les cr\u00e9ations vont des lignes les plus traditionnelles \u00e0 d\u2019autres \u00e0 fort","og_url":"https:\/\/dev6.erresse-shop.it\/fr\/shop\/table-fr-2\/vin\/verres-a-vin\/zafferano-vem-5600-6-verres-a-champagne\/","og_site_name":"dev6 Erresse","og_image":[{"url":"https:\/\/interpim.erresse-shop.it\/img-catalogo\/zafferano\/zafferano-vem-5600.jpg","type":"","width":"","height":""},{"url":"https:\/\/interpim.erresse-shop.it\/img-catalogo\/zafferano\/zafferano-vem-5600.jpg","width":1024,"height":1024,"type":"image\/jpeg"}],"twitter_card":"summary_large_image","twitter_image":"https:\/\/interpim.erresse-shop.it\/img-catalogo\/zafferano\/zafferano-vem-5600.jpg","schema":{"@context":"https:\/\/schema.org","@graph":[{"@type":"WebPage","@id":"https:\/\/dev6.erresse-shop.it\/fr\/shop\/table-fr-2\/vin\/verres-a-vin\/zafferano-vem-5600-6-verres-a-champagne\/","url":"https:\/\/dev6.erresse-shop.it\/fr\/shop\/table-fr-2\/vin\/verres-a-vin\/zafferano-vem-5600-6-verres-a-champagne\/","name":"ZAFFERANO VEM 5600 6 Verres \u00e0 Champagne - dev6 Erresse","isPartOf":{"@id":"https:\/\/dev6.erresse-shop.it\/#website"},"primaryImageOfPage":{"@id":"https:\/\/dev6.erresse-shop.it\/fr\/shop\/table-fr-2\/vin\/verres-a-vin\/zafferano-vem-5600-6-verres-a-champagne\/#primaryimage"},"image":{"@id":"https:\/\/dev6.erresse-shop.it\/fr\/shop\/table-fr-2\/vin\/verres-a-vin\/zafferano-vem-5600-6-verres-a-champagne\/#primaryimage"},"thumbnailUrl":"https:\/\/i0.wp.com\/interpim.erresse-shop.it\/img-catalogo\/zafferano\/zafferano-vem-5600.jpg?ssl=1","datePublished":"2026-04-23T06:29:16+00:00","description":"Le design et la fonctionnalit\u00e9 inspirent le travail de Federico de Majo, dont les cr\u00e9ations vont des lignes les plus traditionnelles \u00e0 d\u2019autres \u00e0 fort","breadcrumb":{"@id":"https:\/\/dev6.erresse-shop.it\/fr\/shop\/table-fr-2\/vin\/verres-a-vin\/zafferano-vem-5600-6-verres-a-champagne\/#breadcrumb"},"inLanguage":"fr-FR","potentialAction":[{"@type":"ReadAction","target":["https:\/\/dev6.erresse-shop.it\/fr\/shop\/table-fr-2\/vin\/verres-a-vin\/zafferano-vem-5600-6-verres-a-champagne\/"]}]},{"@type":"ImageObject","inLanguage":"fr-FR","@id":"https:\/\/dev6.erresse-shop.it\/fr\/shop\/table-fr-2\/vin\/verres-a-vin\/zafferano-vem-5600-6-verres-a-champagne\/#primaryimage","url":"https:\/\/i0.wp.com\/interpim.erresse-shop.it\/img-catalogo\/zafferano\/zafferano-vem-5600.jpg?ssl=1","contentUrl":"https:\/\/i0.wp.com\/interpim.erresse-shop.it\/img-catalogo\/zafferano\/zafferano-vem-5600.jpg?ssl=1"},{"@type":"BreadcrumbList","@id":"https:\/\/dev6.erresse-shop.it\/fr\/shop\/table-fr-2\/vin\/verres-a-vin\/zafferano-vem-5600-6-verres-a-champagne\/#breadcrumb","itemListElement":[{"@type":"ListItem","position":1,"name":"Home","item":"https:\/\/dev6.erresse-shop.it\/"},{"@type":"ListItem","position":2,"name":"Boutique","item":"https:\/\/dev6.erresse-shop.it\/shop\/"},{"@type":"ListItem","position":3,"name":"ZAFFERANO VEM 5600 6 Verres \u00e0 Champagne"}]},{"@type":"WebSite","@id":"https:\/\/dev6.erresse-shop.it\/#website","url":"https:\/\/dev6.erresse-shop.it\/","name":"Erresse Shop","description":"","publisher":{"@id":"https:\/\/dev6.erresse-shop.it\/#organization"},"potentialAction":[{"@type":"SearchAction","target":{"@type":"EntryPoint","urlTemplate":"https:\/\/dev6.erresse-shop.it\/?s={search_term_string}"},"query-input":{"@type":"PropertyValueSpecification","valueRequired":true,"valueName":"search_term_string"}}],"inLanguage":"fr-FR"},{"@type":"Organization","@id":"https:\/\/dev6.erresse-shop.it\/#organization","name":"Erresse Shop","url":"https:\/\/dev6.erresse-shop.it\/","logo":{"@type":"ImageObject","inLanguage":"fr-FR","@id":"https:\/\/dev6.erresse-shop.it\/#\/schema\/logo\/image\/","url":"https:\/\/dev6.erresse-shop.it\/wp-content\/uploads\/2025\/01\/LOGO-ERRESSE-CLASSICO.svg","contentUrl":"https:\/\/dev6.erresse-shop.it\/wp-content\/uploads\/2025\/01\/LOGO-ERRESSE-CLASSICO.svg","caption":"Erresse Shop"},"image":{"@id":"https:\/\/dev6.erresse-shop.it\/#\/schema\/logo\/image\/"}}]}},"df_price":58,"df_sale_price":"","df_regular_price":58,"df_image_link":"https:\/\/i0.wp.com\/interpim.erresse-shop.it\/img-catalogo\/zafferano\/zafferano-vem-5600.jpg?resize=300,300&ssl=1","fifu_image_url":"https:\/\/interpim.erresse-shop.it\/img-catalogo\/zafferano\/zafferano-vem-5600.jpg","_links":{"self":[{"href":"https:\/\/dev6.erresse-shop.it\/fr\/wp-json\/wp\/v2\/product\/56959","targetHints":{"allow":["GET"]}}],"collection":[{"href":"https:\/\/dev6.erresse-shop.it\/fr\/wp-json\/wp\/v2\/product"}],"about":[{"href":"https:\/\/dev6.erresse-shop.it\/fr\/wp-json\/wp\/v2\/types\/product"}],"wp:featuredmedia":[{"embeddable":true,"href":"https:\/\/dev6.erresse-shop.it\/fr\/wp-json\/wp\/v2\/media\/6855813"}],"wp:attachment":[{"href":"https:\/\/dev6.erresse-shop.it\/fr\/wp-json\/wp\/v2\/media?parent=56959"}],"wp:term":[{"taxonomy":"product_cat","embeddable":true,"href":"https:\/\/dev6.erresse-shop.it\/fr\/wp-json\/wp\/v2\/product_cat?post=56959"},{"taxonomy":"product_tag","embeddable":true,"href":"https:\/\/dev6.erresse-shop.it\/fr\/wp-json\/wp\/v2\/product_tag?post=56959"}],"curies":[{"name":"wp","href":"https:\/\/api.w.org\/{rel}","templated":true}]}}