{"id":56843,"date":"2026-04-26T18:10:53","date_gmt":"2026-04-26T16:10:53","guid":{"rendered":"https:\/\/dev6.erresse-shop.it\/shop\/non%20class\u00e9\/demeyere-wok-36-cm\/"},"modified":"2025-09-14T03:53:54","modified_gmt":"2025-09-14T01:53:54","slug":"demeyere-wok-36-cm","status":"publish","type":"product","link":"https:\/\/dev6.erresse-shop.it\/fr\/shop\/poeles-pots\/wok\/demeyere-wok-36-cm\/","title":{"rendered":"DEMEYERE Wok 36 cm"},"content":{"rendered":"<p>Acier inoxydable 18\/10 avec Silvinox\u00ae : hygi\u00e9nique et facile \u00e0 nettoyer<br \/>\nMat\u00e9riau de 7 couches jusqu\u2019au bord (2,3 mm): r\u00e9partition optimale de la chaleur<br \/>\nPoign\u00e9e en acier inoxydable soud\u00e9e : tr\u00e8s stable et hygi\u00e9nique \u2013 avec poign\u00e9e auxiliaire soud\u00e9e<br \/>\nAdapt\u00e9 pour le four et toutes les sources de chaleur, y compris l\u2019induction<\/p>\n<p>Donn\u00e9es Techniques<br \/>\nCouleur: Argent<br \/>\nMat\u00e9riau: Inox 18\/10<br \/>\nInduction: Oui<br \/>\nCompatible four: Oui<br \/>\nCompatible Gril: Oui<\/p>\n<p>Dimensions<br \/>\nPoids net: 1,65 kg<br \/>\nCapacit\u00e9: 6,00 l<br \/>\nLongueur totale du produit: 65,50 cm<br \/>\nLongueur ou largeur du produit: 38,20 cm<br \/>\nHauteur du produit: 12,00 cm<br \/>\nDiam\u00e8tre ou longueur: 36,00 cm<br \/>\nDiam\u00e8tre ou largeur: 13,00 cm<\/p>\n","protected":false},"excerpt":{"rendered":"<p>Acier inoxydable 18\/10 avec Silvinox\u00ae : hygi\u00e9nique et facile \u00e0 nettoyer Mat\u00e9riau de 7 couches jusqu\u2019au bord (2,3 mm): r\u00e9partition optimale de la chaleur Poign\u00e9e en acier inoxydable soud\u00e9e : tr\u00e8s stable et hygi\u00e9nique \u2013 avec poign\u00e9e auxiliaire soud\u00e9e Adapt\u00e9 pour le four et toutes les sources de chaleur, y compris l\u2019induction Donn\u00e9es Techniques Couleur: [&hellip;]<\/p>\n","protected":false},"featured_media":6903954,"template":"","meta":{"_acf_changed":false},"product_cat":[11667,11991,12003,11679],"product_tag":[],"class_list":{"0":"post-56843","1":"product","2":"type-product","3":"status-publish","4":"has-post-thumbnail","6":"product_cat-padelle-pentole","7":"product_cat-poeles-pots","8":"product_cat-wok","11":"first","12":"outofstock","13":"sale","14":"taxable","15":"shipping-taxable","16":"purchasable","17":"product-type-simple","swatches":"rey-swatches","show_selected":"","stretch_labels":"rey-swatches--stretch-labels"},"acf":[],"yoast_head":"<!-- This site is optimized with the Yoast SEO plugin v25.4 - https:\/\/yoast.com\/wordpress\/plugins\/seo\/ -->\n<title>DEMEYERE Wok 36 cm - dev6 Erresse<\/title>\n<meta name=\"description\" content=\"Acier inoxydable 18\/10 avec Silvinox\u00ae : hygi\u00e9nique et facile \u00e0 nettoyer Mat\u00e9riau de 7 couches jusqu\u2019au bord (2,3 mm): r\u00e9partition optimale de la chaleur\" \/>\n<meta name=\"robots\" content=\"noindex, follow, max-snippet:-1, max-image-preview:large, max-video-preview:-1\" \/>\n<meta property=\"og:locale\" content=\"fr_FR\" \/>\n<meta property=\"og:type\" content=\"article\" \/>\n<meta property=\"og:title\" content=\"DEMEYERE Wok 36 cm - dev6 Erresse\" \/>\n<meta property=\"og:description\" content=\"Acier inoxydable 18\/10 avec Silvinox\u00ae : hygi\u00e9nique et facile \u00e0 nettoyer Mat\u00e9riau de 7 couches jusqu\u2019au bord (2,3 mm): r\u00e9partition optimale de la chaleur\" \/>\n<meta property=\"og:url\" content=\"https:\/\/dev6.erresse-shop.it\/fr\/shop\/poeles-pots\/wok\/demeyere-wok-36-cm\/\" \/>\n<meta property=\"og:site_name\" content=\"dev6 Erresse\" \/>\n<meta property=\"og:image\" content=\"https:\/\/interpim.erresse-shop.it\/Import\/Prodotti\/demeyere-wok-36-cm.jpg\" \/><meta property=\"og:image\" content=\"https:\/\/interpim.erresse-shop.it\/Import\/Prodotti\/demeyere-wok-36-cm.jpg\" \/>\n\t<meta property=\"og:image:width\" content=\"1024\" \/>\n\t<meta property=\"og:image:height\" content=\"1024\" \/>\n\t<meta property=\"og:image:type\" content=\"image\/jpeg\" \/>\n<meta name=\"twitter:card\" content=\"summary_large_image\" \/>\n<meta name=\"twitter:image\" content=\"https:\/\/interpim.erresse-shop.it\/Import\/Prodotti\/demeyere-wok-36-cm.jpg\" \/>\n<script type=\"application\/ld+json\" class=\"yoast-schema-graph\">{\"@context\":\"https:\/\/schema.org\",\"@graph\":[{\"@type\":\"WebPage\",\"@id\":\"https:\/\/dev6.erresse-shop.it\/fr\/shop\/poeles-pots\/wok\/demeyere-wok-36-cm\/\",\"url\":\"https:\/\/dev6.erresse-shop.it\/fr\/shop\/poeles-pots\/wok\/demeyere-wok-36-cm\/\",\"name\":\"DEMEYERE Wok 36 cm - dev6 Erresse\",\"isPartOf\":{\"@id\":\"https:\/\/dev6.erresse-shop.it\/#website\"},\"primaryImageOfPage\":{\"@id\":\"https:\/\/dev6.erresse-shop.it\/fr\/shop\/poeles-pots\/wok\/demeyere-wok-36-cm\/#primaryimage\"},\"image\":{\"@id\":\"https:\/\/dev6.erresse-shop.it\/fr\/shop\/poeles-pots\/wok\/demeyere-wok-36-cm\/#primaryimage\"},\"thumbnailUrl\":\"https:\/\/i0.wp.com\/interpim.erresse-shop.it\/Import\/Prodotti\/demeyere-wok-36-cm.jpg?ssl=1\",\"datePublished\":\"2026-04-26T16:10:53+00:00\",\"description\":\"Acier inoxydable 18\/10 avec Silvinox\u00ae : hygi\u00e9nique et facile \u00e0 nettoyer Mat\u00e9riau de 7 couches jusqu\u2019au bord (2,3 mm): r\u00e9partition optimale de la chaleur\",\"breadcrumb\":{\"@id\":\"https:\/\/dev6.erresse-shop.it\/fr\/shop\/poeles-pots\/wok\/demeyere-wok-36-cm\/#breadcrumb\"},\"inLanguage\":\"fr-FR\",\"potentialAction\":[{\"@type\":\"ReadAction\",\"target\":[\"https:\/\/dev6.erresse-shop.it\/fr\/shop\/poeles-pots\/wok\/demeyere-wok-36-cm\/\"]}]},{\"@type\":\"ImageObject\",\"inLanguage\":\"fr-FR\",\"@id\":\"https:\/\/dev6.erresse-shop.it\/fr\/shop\/poeles-pots\/wok\/demeyere-wok-36-cm\/#primaryimage\",\"url\":\"https:\/\/i0.wp.com\/interpim.erresse-shop.it\/Import\/Prodotti\/demeyere-wok-36-cm.jpg?ssl=1\",\"contentUrl\":\"https:\/\/i0.wp.com\/interpim.erresse-shop.it\/Import\/Prodotti\/demeyere-wok-36-cm.jpg?ssl=1\"},{\"@type\":\"BreadcrumbList\",\"@id\":\"https:\/\/dev6.erresse-shop.it\/fr\/shop\/poeles-pots\/wok\/demeyere-wok-36-cm\/#breadcrumb\",\"itemListElement\":[{\"@type\":\"ListItem\",\"position\":1,\"name\":\"Home\",\"item\":\"https:\/\/dev6.erresse-shop.it\/\"},{\"@type\":\"ListItem\",\"position\":2,\"name\":\"Boutique\",\"item\":\"https:\/\/dev6.erresse-shop.it\/shop\/\"},{\"@type\":\"ListItem\",\"position\":3,\"name\":\"DEMEYERE Wok 36 cm\"}]},{\"@type\":\"WebSite\",\"@id\":\"https:\/\/dev6.erresse-shop.it\/#website\",\"url\":\"https:\/\/dev6.erresse-shop.it\/\",\"name\":\"Erresse Shop\",\"description\":\"\",\"publisher\":{\"@id\":\"https:\/\/dev6.erresse-shop.it\/#organization\"},\"potentialAction\":[{\"@type\":\"SearchAction\",\"target\":{\"@type\":\"EntryPoint\",\"urlTemplate\":\"https:\/\/dev6.erresse-shop.it\/?s={search_term_string}\"},\"query-input\":{\"@type\":\"PropertyValueSpecification\",\"valueRequired\":true,\"valueName\":\"search_term_string\"}}],\"inLanguage\":\"fr-FR\"},{\"@type\":\"Organization\",\"@id\":\"https:\/\/dev6.erresse-shop.it\/#organization\",\"name\":\"Erresse Shop\",\"url\":\"https:\/\/dev6.erresse-shop.it\/\",\"logo\":{\"@type\":\"ImageObject\",\"inLanguage\":\"fr-FR\",\"@id\":\"https:\/\/dev6.erresse-shop.it\/#\/schema\/logo\/image\/\",\"url\":\"https:\/\/dev6.erresse-shop.it\/wp-content\/uploads\/2025\/01\/LOGO-ERRESSE-CLASSICO.svg\",\"contentUrl\":\"https:\/\/dev6.erresse-shop.it\/wp-content\/uploads\/2025\/01\/LOGO-ERRESSE-CLASSICO.svg\",\"caption\":\"Erresse Shop\"},\"image\":{\"@id\":\"https:\/\/dev6.erresse-shop.it\/#\/schema\/logo\/image\/\"}}]}<\/script>\n<!-- \/ Yoast SEO plugin. -->","yoast_head_json":{"title":"DEMEYERE Wok 36 cm - dev6 Erresse","description":"Acier inoxydable 18\/10 avec Silvinox\u00ae : hygi\u00e9nique et facile \u00e0 nettoyer Mat\u00e9riau de 7 couches jusqu\u2019au bord (2,3 mm): r\u00e9partition optimale de la chaleur","robots":{"index":"noindex","follow":"follow","max-snippet":"max-snippet:-1","max-image-preview":"max-image-preview:large","max-video-preview":"max-video-preview:-1"},"og_locale":"fr_FR","og_type":"article","og_title":"DEMEYERE Wok 36 cm - dev6 Erresse","og_description":"Acier inoxydable 18\/10 avec Silvinox\u00ae : hygi\u00e9nique et facile \u00e0 nettoyer Mat\u00e9riau de 7 couches jusqu\u2019au bord (2,3 mm): r\u00e9partition optimale de la chaleur","og_url":"https:\/\/dev6.erresse-shop.it\/fr\/shop\/poeles-pots\/wok\/demeyere-wok-36-cm\/","og_site_name":"dev6 Erresse","og_image":[{"url":"https:\/\/interpim.erresse-shop.it\/Import\/Prodotti\/demeyere-wok-36-cm.jpg","type":"","width":"","height":""},{"url":"https:\/\/interpim.erresse-shop.it\/Import\/Prodotti\/demeyere-wok-36-cm.jpg","width":1024,"height":1024,"type":"image\/jpeg"}],"twitter_card":"summary_large_image","twitter_image":"https:\/\/interpim.erresse-shop.it\/Import\/Prodotti\/demeyere-wok-36-cm.jpg","schema":{"@context":"https:\/\/schema.org","@graph":[{"@type":"WebPage","@id":"https:\/\/dev6.erresse-shop.it\/fr\/shop\/poeles-pots\/wok\/demeyere-wok-36-cm\/","url":"https:\/\/dev6.erresse-shop.it\/fr\/shop\/poeles-pots\/wok\/demeyere-wok-36-cm\/","name":"DEMEYERE Wok 36 cm - dev6 Erresse","isPartOf":{"@id":"https:\/\/dev6.erresse-shop.it\/#website"},"primaryImageOfPage":{"@id":"https:\/\/dev6.erresse-shop.it\/fr\/shop\/poeles-pots\/wok\/demeyere-wok-36-cm\/#primaryimage"},"image":{"@id":"https:\/\/dev6.erresse-shop.it\/fr\/shop\/poeles-pots\/wok\/demeyere-wok-36-cm\/#primaryimage"},"thumbnailUrl":"https:\/\/i0.wp.com\/interpim.erresse-shop.it\/Import\/Prodotti\/demeyere-wok-36-cm.jpg?ssl=1","datePublished":"2026-04-26T16:10:53+00:00","description":"Acier inoxydable 18\/10 avec Silvinox\u00ae : hygi\u00e9nique et facile \u00e0 nettoyer Mat\u00e9riau de 7 couches jusqu\u2019au bord (2,3 mm): r\u00e9partition optimale de la chaleur","breadcrumb":{"@id":"https:\/\/dev6.erresse-shop.it\/fr\/shop\/poeles-pots\/wok\/demeyere-wok-36-cm\/#breadcrumb"},"inLanguage":"fr-FR","potentialAction":[{"@type":"ReadAction","target":["https:\/\/dev6.erresse-shop.it\/fr\/shop\/poeles-pots\/wok\/demeyere-wok-36-cm\/"]}]},{"@type":"ImageObject","inLanguage":"fr-FR","@id":"https:\/\/dev6.erresse-shop.it\/fr\/shop\/poeles-pots\/wok\/demeyere-wok-36-cm\/#primaryimage","url":"https:\/\/i0.wp.com\/interpim.erresse-shop.it\/Import\/Prodotti\/demeyere-wok-36-cm.jpg?ssl=1","contentUrl":"https:\/\/i0.wp.com\/interpim.erresse-shop.it\/Import\/Prodotti\/demeyere-wok-36-cm.jpg?ssl=1"},{"@type":"BreadcrumbList","@id":"https:\/\/dev6.erresse-shop.it\/fr\/shop\/poeles-pots\/wok\/demeyere-wok-36-cm\/#breadcrumb","itemListElement":[{"@type":"ListItem","position":1,"name":"Home","item":"https:\/\/dev6.erresse-shop.it\/"},{"@type":"ListItem","position":2,"name":"Boutique","item":"https:\/\/dev6.erresse-shop.it\/shop\/"},{"@type":"ListItem","position":3,"name":"DEMEYERE Wok 36 cm"}]},{"@type":"WebSite","@id":"https:\/\/dev6.erresse-shop.it\/#website","url":"https:\/\/dev6.erresse-shop.it\/","name":"Erresse Shop","description":"","publisher":{"@id":"https:\/\/dev6.erresse-shop.it\/#organization"},"potentialAction":[{"@type":"SearchAction","target":{"@type":"EntryPoint","urlTemplate":"https:\/\/dev6.erresse-shop.it\/?s={search_term_string}"},"query-input":{"@type":"PropertyValueSpecification","valueRequired":true,"valueName":"search_term_string"}}],"inLanguage":"fr-FR"},{"@type":"Organization","@id":"https:\/\/dev6.erresse-shop.it\/#organization","name":"Erresse Shop","url":"https:\/\/dev6.erresse-shop.it\/","logo":{"@type":"ImageObject","inLanguage":"fr-FR","@id":"https:\/\/dev6.erresse-shop.it\/#\/schema\/logo\/image\/","url":"https:\/\/dev6.erresse-shop.it\/wp-content\/uploads\/2025\/01\/LOGO-ERRESSE-CLASSICO.svg","contentUrl":"https:\/\/dev6.erresse-shop.it\/wp-content\/uploads\/2025\/01\/LOGO-ERRESSE-CLASSICO.svg","caption":"Erresse Shop"},"image":{"@id":"https:\/\/dev6.erresse-shop.it\/#\/schema\/logo\/image\/"}}]}},"df_price":249.95,"df_sale_price":249.95,"df_regular_price":299,"df_image_link":"https:\/\/i0.wp.com\/interpim.erresse-shop.it\/Import\/Prodotti\/demeyere-wok-36-cm.jpg?resize=300,300&ssl=1","fifu_image_url":"https:\/\/interpim.erresse-shop.it\/Import\/Prodotti\/demeyere-wok-36-cm.jpg","_links":{"self":[{"href":"https:\/\/dev6.erresse-shop.it\/fr\/wp-json\/wp\/v2\/product\/56843","targetHints":{"allow":["GET"]}}],"collection":[{"href":"https:\/\/dev6.erresse-shop.it\/fr\/wp-json\/wp\/v2\/product"}],"about":[{"href":"https:\/\/dev6.erresse-shop.it\/fr\/wp-json\/wp\/v2\/types\/product"}],"wp:featuredmedia":[{"embeddable":true,"href":"https:\/\/dev6.erresse-shop.it\/fr\/wp-json\/wp\/v2\/media\/6903954"}],"wp:attachment":[{"href":"https:\/\/dev6.erresse-shop.it\/fr\/wp-json\/wp\/v2\/media?parent=56843"}],"wp:term":[{"taxonomy":"product_cat","embeddable":true,"href":"https:\/\/dev6.erresse-shop.it\/fr\/wp-json\/wp\/v2\/product_cat?post=56843"},{"taxonomy":"product_tag","embeddable":true,"href":"https:\/\/dev6.erresse-shop.it\/fr\/wp-json\/wp\/v2\/product_tag?post=56843"}],"curies":[{"name":"wp","href":"https:\/\/api.w.org\/{rel}","templated":true}]}}