{"id":56787,"date":"2026-04-18T22:12:18","date_gmt":"2026-04-18T20:12:18","guid":{"rendered":"https:\/\/dev6.erresse-shop.it\/shop\/non%20class\u00e9\/zwilling-couteau-universel-professional-s\/"},"modified":"2026-01-16T22:13:54","modified_gmt":"2026-01-16T21:13:54","slug":"zwilling-couteau-universel-professional-s","status":"publish","type":"product","link":"https:\/\/dev6.erresse-shop.it\/fr\/shop\/cuisine\/couteaux\/couteaux-de-cuisine\/zwilling-couteau-universel-professional-s\/","title":{"rendered":"ZWILLING Couteau Universel Professional S"},"content":{"rendered":"<p>PROFESSIONNEL \u201cS<br \/>\nUn classique pour la cuisine professionnelle.<\/p>\n<p>TRADITIONNEL ET CLASSIQUE<br \/>\nLes chefs professionnels du monde entier font confiance \u00e0 la qualit\u00e9 et \u00e0 la tradition de cette s\u00e9rie de couteaux rivet\u00e9s. La solidit\u00e9 de l\u2019ensemble de l\u2019acier et la fabrication sans soudure cr\u00e9ent un excellent \u00e9quilibre et une manipulation s\u00fbre.<\/p>\n<p>\u2013 QUALIT\u00c9 :<br \/>\nLa composition unique de l\u2019acier ZWILLING J.A. HENCKELS repr\u00e9sente l\u2019\u00e9quilibre parfait entre la teneur en chrome et en carbone \u2013 le secret d\u2019un acier de premi\u00e8re qualit\u00e9. Les couteaux portant la marque FRIODUR sont le produit d\u2019un traitement sp\u00e9cial de durcissement cryog\u00e9nique qui renforce leur qualit\u00e9. Ils conservent extraordinairement bien leur tranchant, sont particuli\u00e8rement r\u00e9sistants \u00e0 la corrosion et flexibles.<\/p>\n<p>\u2013 FONCTIONNALIT\u00c9 :<br \/>\nLe n\u0153ud assure le bon \u00e9quilibre, il sert \u00e9galement de protection pour les doigts, les emp\u00eachant de glisser du manche \u00e0 la lame.<\/p>\n<p>\u2013 PRECISION :<br \/>\nLes couteaux portant la marque SIGMAFORGE sont obtenus par forgeage de pr\u00e9cision \u00e0 partir d\u2019une seule pi\u00e8ce d\u2019acier, pour une g\u00e9om\u00e9trie parfaite. Une condition fondamentale pour un aff\u00fbtage de pr\u00e9cision et les meilleures propri\u00e9t\u00e9s de coupe.<\/p>\n<p>\u2013 LA FACILIT\u00c9 DE GESTION :<br \/>\nLa continuit\u00e9 des lignes entre le n\u0153ud et le manche assure une manipulation maximale.<\/p>\n<p>\u2013 FORCE :<br \/>\nUn classique pour la cuisine professionnelle. La conception \u00e0 3 rivets et la soie sans soudure assurent un \u00e9quilibre parfait.<\/p>\n<p>Gr\u00e2ce \u00e0 sa lame ondul\u00e9e, vous pouvez trancher la charcuterie, le fromage, les l\u00e9gumes et m\u00eame le pain.<\/p>\n","protected":false},"excerpt":{"rendered":"<p>PROFESSIONNEL \u201cS Un classique pour la cuisine professionnelle. TRADITIONNEL ET CLASSIQUE Les chefs professionnels du monde entier font confiance \u00e0 la qualit\u00e9 et \u00e0 la tradition de cette s\u00e9rie de couteaux rivet\u00e9s. La solidit\u00e9 de l\u2019ensemble de l\u2019acier et la fabrication sans soudure cr\u00e9ent un excellent \u00e9quilibre et une manipulation s\u00fbre. \u2013 QUALIT\u00c9 : La [&hellip;]<\/p>\n","protected":false},"featured_media":6581884,"template":"","meta":{"_acf_changed":false},"product_cat":[11997],"product_tag":[],"class_list":{"0":"post-56787","1":"product","2":"type-product","3":"status-publish","4":"has-post-thumbnail","6":"product_cat-couteaux-de-cuisine","8":"first","9":"instock","10":"sale","11":"taxable","12":"shipping-taxable","13":"purchasable","14":"product-type-simple","swatches":"rey-swatches","show_selected":"","stretch_labels":"rey-swatches--stretch-labels"},"acf":[],"yoast_head":"<!-- This site is optimized with the Yoast SEO plugin v25.4 - https:\/\/yoast.com\/wordpress\/plugins\/seo\/ -->\n<title>ZWILLING Couteau Universel Professional S - dev6 Erresse<\/title>\n<meta name=\"description\" content=\"PROFESSIONNEL \u201cS Un classique pour la cuisine professionnelle. TRADITIONNEL ET CLASSIQUE Les chefs professionnels du monde entier font confiance \u00e0 la\" \/>\n<meta name=\"robots\" content=\"noindex, follow, max-snippet:-1, max-image-preview:large, max-video-preview:-1\" \/>\n<meta property=\"og:locale\" content=\"fr_FR\" \/>\n<meta property=\"og:type\" content=\"article\" \/>\n<meta property=\"og:title\" content=\"ZWILLING Couteau Universel Professional S - dev6 Erresse\" \/>\n<meta property=\"og:description\" content=\"PROFESSIONNEL \u201cS Un classique pour la cuisine professionnelle. TRADITIONNEL ET CLASSIQUE Les chefs professionnels du monde entier font confiance \u00e0 la\" \/>\n<meta property=\"og:url\" content=\"https:\/\/dev6.erresse-shop.it\/fr\/shop\/cuisine\/couteaux\/couteaux-de-cuisine\/zwilling-couteau-universel-professional-s\/\" \/>\n<meta property=\"og:site_name\" content=\"dev6 Erresse\" \/>\n<meta property=\"og:image\" content=\"https:\/\/interpim.erresse-shop.it\/Import\/Prodotti\/31025-131-coltello-universale.jpg\" \/><meta property=\"og:image\" content=\"https:\/\/interpim.erresse-shop.it\/Import\/Prodotti\/31025-131-coltello-universale.jpg\" \/>\n\t<meta property=\"og:image:width\" content=\"1024\" \/>\n\t<meta property=\"og:image:height\" content=\"1024\" \/>\n\t<meta property=\"og:image:type\" content=\"image\/jpeg\" \/>\n<meta name=\"twitter:card\" content=\"summary_large_image\" \/>\n<meta name=\"twitter:image\" content=\"https:\/\/interpim.erresse-shop.it\/Import\/Prodotti\/31025-131-coltello-universale.jpg\" \/>\n<script type=\"application\/ld+json\" class=\"yoast-schema-graph\">{\"@context\":\"https:\/\/schema.org\",\"@graph\":[{\"@type\":\"WebPage\",\"@id\":\"https:\/\/dev6.erresse-shop.it\/fr\/shop\/cuisine\/couteaux\/couteaux-de-cuisine\/zwilling-couteau-universel-professional-s\/\",\"url\":\"https:\/\/dev6.erresse-shop.it\/fr\/shop\/cuisine\/couteaux\/couteaux-de-cuisine\/zwilling-couteau-universel-professional-s\/\",\"name\":\"ZWILLING Couteau Universel Professional S - dev6 Erresse\",\"isPartOf\":{\"@id\":\"https:\/\/dev6.erresse-shop.it\/#website\"},\"primaryImageOfPage\":{\"@id\":\"https:\/\/dev6.erresse-shop.it\/fr\/shop\/cuisine\/couteaux\/couteaux-de-cuisine\/zwilling-couteau-universel-professional-s\/#primaryimage\"},\"image\":{\"@id\":\"https:\/\/dev6.erresse-shop.it\/fr\/shop\/cuisine\/couteaux\/couteaux-de-cuisine\/zwilling-couteau-universel-professional-s\/#primaryimage\"},\"thumbnailUrl\":\"https:\/\/i2.wp.com\/interpim.erresse-shop.it\/Import\/Prodotti\/31025-131-coltello-universale.jpg?ssl=1\",\"datePublished\":\"2026-04-18T20:12:18+00:00\",\"description\":\"PROFESSIONNEL \u201cS Un classique pour la cuisine professionnelle. TRADITIONNEL ET CLASSIQUE Les chefs professionnels du monde entier font confiance \u00e0 la\",\"breadcrumb\":{\"@id\":\"https:\/\/dev6.erresse-shop.it\/fr\/shop\/cuisine\/couteaux\/couteaux-de-cuisine\/zwilling-couteau-universel-professional-s\/#breadcrumb\"},\"inLanguage\":\"fr-FR\",\"potentialAction\":[{\"@type\":\"ReadAction\",\"target\":[\"https:\/\/dev6.erresse-shop.it\/fr\/shop\/cuisine\/couteaux\/couteaux-de-cuisine\/zwilling-couteau-universel-professional-s\/\"]}]},{\"@type\":\"ImageObject\",\"inLanguage\":\"fr-FR\",\"@id\":\"https:\/\/dev6.erresse-shop.it\/fr\/shop\/cuisine\/couteaux\/couteaux-de-cuisine\/zwilling-couteau-universel-professional-s\/#primaryimage\",\"url\":\"https:\/\/i2.wp.com\/interpim.erresse-shop.it\/Import\/Prodotti\/31025-131-coltello-universale.jpg?ssl=1\",\"contentUrl\":\"https:\/\/i2.wp.com\/interpim.erresse-shop.it\/Import\/Prodotti\/31025-131-coltello-universale.jpg?ssl=1\"},{\"@type\":\"BreadcrumbList\",\"@id\":\"https:\/\/dev6.erresse-shop.it\/fr\/shop\/cuisine\/couteaux\/couteaux-de-cuisine\/zwilling-couteau-universel-professional-s\/#breadcrumb\",\"itemListElement\":[{\"@type\":\"ListItem\",\"position\":1,\"name\":\"Home\",\"item\":\"https:\/\/dev6.erresse-shop.it\/\"},{\"@type\":\"ListItem\",\"position\":2,\"name\":\"Boutique\",\"item\":\"https:\/\/dev6.erresse-shop.it\/shop\/\"},{\"@type\":\"ListItem\",\"position\":3,\"name\":\"ZWILLING Couteau Universel Professional S\"}]},{\"@type\":\"WebSite\",\"@id\":\"https:\/\/dev6.erresse-shop.it\/#website\",\"url\":\"https:\/\/dev6.erresse-shop.it\/\",\"name\":\"Erresse Shop\",\"description\":\"\",\"publisher\":{\"@id\":\"https:\/\/dev6.erresse-shop.it\/#organization\"},\"potentialAction\":[{\"@type\":\"SearchAction\",\"target\":{\"@type\":\"EntryPoint\",\"urlTemplate\":\"https:\/\/dev6.erresse-shop.it\/?s={search_term_string}\"},\"query-input\":{\"@type\":\"PropertyValueSpecification\",\"valueRequired\":true,\"valueName\":\"search_term_string\"}}],\"inLanguage\":\"fr-FR\"},{\"@type\":\"Organization\",\"@id\":\"https:\/\/dev6.erresse-shop.it\/#organization\",\"name\":\"Erresse Shop\",\"url\":\"https:\/\/dev6.erresse-shop.it\/\",\"logo\":{\"@type\":\"ImageObject\",\"inLanguage\":\"fr-FR\",\"@id\":\"https:\/\/dev6.erresse-shop.it\/#\/schema\/logo\/image\/\",\"url\":\"https:\/\/dev6.erresse-shop.it\/wp-content\/uploads\/2025\/01\/LOGO-ERRESSE-CLASSICO.svg\",\"contentUrl\":\"https:\/\/dev6.erresse-shop.it\/wp-content\/uploads\/2025\/01\/LOGO-ERRESSE-CLASSICO.svg\",\"caption\":\"Erresse Shop\"},\"image\":{\"@id\":\"https:\/\/dev6.erresse-shop.it\/#\/schema\/logo\/image\/\"}}]}<\/script>\n<!-- \/ Yoast SEO plugin. -->","yoast_head_json":{"title":"ZWILLING Couteau Universel Professional S - dev6 Erresse","description":"PROFESSIONNEL \u201cS Un classique pour la cuisine professionnelle. TRADITIONNEL ET CLASSIQUE Les chefs professionnels du monde entier font confiance \u00e0 la","robots":{"index":"noindex","follow":"follow","max-snippet":"max-snippet:-1","max-image-preview":"max-image-preview:large","max-video-preview":"max-video-preview:-1"},"og_locale":"fr_FR","og_type":"article","og_title":"ZWILLING Couteau Universel Professional S - dev6 Erresse","og_description":"PROFESSIONNEL \u201cS Un classique pour la cuisine professionnelle. TRADITIONNEL ET CLASSIQUE Les chefs professionnels du monde entier font confiance \u00e0 la","og_url":"https:\/\/dev6.erresse-shop.it\/fr\/shop\/cuisine\/couteaux\/couteaux-de-cuisine\/zwilling-couteau-universel-professional-s\/","og_site_name":"dev6 Erresse","og_image":[{"url":"https:\/\/interpim.erresse-shop.it\/Import\/Prodotti\/31025-131-coltello-universale.jpg","type":"","width":"","height":""},{"url":"https:\/\/interpim.erresse-shop.it\/Import\/Prodotti\/31025-131-coltello-universale.jpg","width":1024,"height":1024,"type":"image\/jpeg"}],"twitter_card":"summary_large_image","twitter_image":"https:\/\/interpim.erresse-shop.it\/Import\/Prodotti\/31025-131-coltello-universale.jpg","schema":{"@context":"https:\/\/schema.org","@graph":[{"@type":"WebPage","@id":"https:\/\/dev6.erresse-shop.it\/fr\/shop\/cuisine\/couteaux\/couteaux-de-cuisine\/zwilling-couteau-universel-professional-s\/","url":"https:\/\/dev6.erresse-shop.it\/fr\/shop\/cuisine\/couteaux\/couteaux-de-cuisine\/zwilling-couteau-universel-professional-s\/","name":"ZWILLING Couteau Universel Professional S - dev6 Erresse","isPartOf":{"@id":"https:\/\/dev6.erresse-shop.it\/#website"},"primaryImageOfPage":{"@id":"https:\/\/dev6.erresse-shop.it\/fr\/shop\/cuisine\/couteaux\/couteaux-de-cuisine\/zwilling-couteau-universel-professional-s\/#primaryimage"},"image":{"@id":"https:\/\/dev6.erresse-shop.it\/fr\/shop\/cuisine\/couteaux\/couteaux-de-cuisine\/zwilling-couteau-universel-professional-s\/#primaryimage"},"thumbnailUrl":"https:\/\/i2.wp.com\/interpim.erresse-shop.it\/Import\/Prodotti\/31025-131-coltello-universale.jpg?ssl=1","datePublished":"2026-04-18T20:12:18+00:00","description":"PROFESSIONNEL \u201cS Un classique pour la cuisine professionnelle. TRADITIONNEL ET CLASSIQUE Les chefs professionnels du monde entier font confiance \u00e0 la","breadcrumb":{"@id":"https:\/\/dev6.erresse-shop.it\/fr\/shop\/cuisine\/couteaux\/couteaux-de-cuisine\/zwilling-couteau-universel-professional-s\/#breadcrumb"},"inLanguage":"fr-FR","potentialAction":[{"@type":"ReadAction","target":["https:\/\/dev6.erresse-shop.it\/fr\/shop\/cuisine\/couteaux\/couteaux-de-cuisine\/zwilling-couteau-universel-professional-s\/"]}]},{"@type":"ImageObject","inLanguage":"fr-FR","@id":"https:\/\/dev6.erresse-shop.it\/fr\/shop\/cuisine\/couteaux\/couteaux-de-cuisine\/zwilling-couteau-universel-professional-s\/#primaryimage","url":"https:\/\/i2.wp.com\/interpim.erresse-shop.it\/Import\/Prodotti\/31025-131-coltello-universale.jpg?ssl=1","contentUrl":"https:\/\/i2.wp.com\/interpim.erresse-shop.it\/Import\/Prodotti\/31025-131-coltello-universale.jpg?ssl=1"},{"@type":"BreadcrumbList","@id":"https:\/\/dev6.erresse-shop.it\/fr\/shop\/cuisine\/couteaux\/couteaux-de-cuisine\/zwilling-couteau-universel-professional-s\/#breadcrumb","itemListElement":[{"@type":"ListItem","position":1,"name":"Home","item":"https:\/\/dev6.erresse-shop.it\/"},{"@type":"ListItem","position":2,"name":"Boutique","item":"https:\/\/dev6.erresse-shop.it\/shop\/"},{"@type":"ListItem","position":3,"name":"ZWILLING Couteau Universel Professional S"}]},{"@type":"WebSite","@id":"https:\/\/dev6.erresse-shop.it\/#website","url":"https:\/\/dev6.erresse-shop.it\/","name":"Erresse Shop","description":"","publisher":{"@id":"https:\/\/dev6.erresse-shop.it\/#organization"},"potentialAction":[{"@type":"SearchAction","target":{"@type":"EntryPoint","urlTemplate":"https:\/\/dev6.erresse-shop.it\/?s={search_term_string}"},"query-input":{"@type":"PropertyValueSpecification","valueRequired":true,"valueName":"search_term_string"}}],"inLanguage":"fr-FR"},{"@type":"Organization","@id":"https:\/\/dev6.erresse-shop.it\/#organization","name":"Erresse Shop","url":"https:\/\/dev6.erresse-shop.it\/","logo":{"@type":"ImageObject","inLanguage":"fr-FR","@id":"https:\/\/dev6.erresse-shop.it\/#\/schema\/logo\/image\/","url":"https:\/\/dev6.erresse-shop.it\/wp-content\/uploads\/2025\/01\/LOGO-ERRESSE-CLASSICO.svg","contentUrl":"https:\/\/dev6.erresse-shop.it\/wp-content\/uploads\/2025\/01\/LOGO-ERRESSE-CLASSICO.svg","caption":"Erresse Shop"},"image":{"@id":"https:\/\/dev6.erresse-shop.it\/#\/schema\/logo\/image\/"}}]}},"df_price":47.9,"df_sale_price":47.9,"df_regular_price":66.95,"df_image_link":"https:\/\/i2.wp.com\/interpim.erresse-shop.it\/Import\/Prodotti\/31025-131-coltello-universale.jpg?resize=300,300&ssl=1","fifu_image_url":"https:\/\/interpim.erresse-shop.it\/Import\/Prodotti\/31025-131-coltello-universale.jpg","_links":{"self":[{"href":"https:\/\/dev6.erresse-shop.it\/fr\/wp-json\/wp\/v2\/product\/56787","targetHints":{"allow":["GET"]}}],"collection":[{"href":"https:\/\/dev6.erresse-shop.it\/fr\/wp-json\/wp\/v2\/product"}],"about":[{"href":"https:\/\/dev6.erresse-shop.it\/fr\/wp-json\/wp\/v2\/types\/product"}],"wp:featuredmedia":[{"embeddable":true,"href":"https:\/\/dev6.erresse-shop.it\/fr\/wp-json\/wp\/v2\/media\/6581884"}],"wp:attachment":[{"href":"https:\/\/dev6.erresse-shop.it\/fr\/wp-json\/wp\/v2\/media?parent=56787"}],"wp:term":[{"taxonomy":"product_cat","embeddable":true,"href":"https:\/\/dev6.erresse-shop.it\/fr\/wp-json\/wp\/v2\/product_cat?post=56787"},{"taxonomy":"product_tag","embeddable":true,"href":"https:\/\/dev6.erresse-shop.it\/fr\/wp-json\/wp\/v2\/product_tag?post=56787"}],"curies":[{"name":"wp","href":"https:\/\/api.w.org\/{rel}","templated":true}]}}