{"id":56779,"date":"2026-04-15T08:04:06","date_gmt":"2026-04-15T06:04:06","guid":{"rendered":"https:\/\/dev6.erresse-shop.it\/shop\/non%20class\u00e9\/staub-wok-avec-couvercle-en-verre-37-cm-gris-graphite\/"},"modified":"2025-09-14T03:53:17","modified_gmt":"2025-09-14T01:53:17","slug":"staub-wok-avec-couvercle-en-verre-37-cm-gris-graphite","status":"publish","type":"product","link":"https:\/\/dev6.erresse-shop.it\/fr\/shop\/poeles-pots\/wok\/staub-wok-avec-couvercle-en-verre-37-cm-gris-graphite\/","title":{"rendered":"STAUB Wok avec Couvercle en Verre 37 cm Gris Graphite"},"content":{"rendered":"<p>Le Wok en fonte \u00e9maill\u00e9e STAUB Gris graphite de 37 cm, savant m\u00e9lange entre cuisine asiatique et fran\u00e7aise, est id\u00e9al pour frire, saisir, faire sauter et cuire \u00e0 la vapeur. Dot\u00e9 d\u2019un fond plat, le wok STAUB est compatible tous feux, et s\u2019utilise aussi sur induction. Avec ses poign\u00e9es en fonte solide, il assure une bonne prise en main et passe facilement de la cuisine \u00e0 la table. L\u2019int\u00e9rieur du wok est \u00e9maill\u00e9 noir mat, la marque de fabrique STAUB. Cet \u00e9mail de qualit\u00e9 sup\u00e9rieure permet d\u2019obtenir une meilleure r\u00e9sistance aux rayures et facilite l\u2019entretien. D\u2019une contenance de 5,7l, le wok est \u00e9quip\u00e9 d\u2019une grille et d\u2019un couvercle en verre. Compos\u00e9e de fonte, un alliage de fer riche en carbone, un des mat\u00e9riaux qui retiennent le mieux la chaleur. Une fois, le wok suffisamment chaud, ses propri\u00e9t\u00e9s de r\u00e9tention de la chaleur permettent de cuire les aliments, tout en conservant leurs valeurs nutritionnelles et leurs saveurs.<\/p>\n<p>\u2013 Multi-usages, pour frire, cuire, laisser mijoter ou cuire \u00e0 la vapeur<br \/>\n\u2013 L\u2019\u00e9maillage int\u00e9rieur noir mat tr\u00e8s r\u00e9sistant \u00e0 l\u2019usure, convient particuli\u00e8rement pour saisir, r\u00f4tir et caram\u00e9liser les aliments<br \/>\n\u2013 Adapt\u00e9 pour toutes les sources de chaleur y compris induction, peut \u00eatre utilis\u00e9 aussi au four<\/p>\n<p>Donn\u00e9es Techniques<br \/>\n\u2013 R\u00e9sistance \u00e0 la chaleur (\u00b0C): 240,00 \u00baC<br \/>\n\u2013 Mat\u00e9riau: Fonte<br \/>\n\u2013 Type de manche: Poign\u00e9e du couvercle<br \/>\n\u2013 Fixation du manche: viss\u00e9<br \/>\n\u2013 Couvercle existant: Oui<br \/>\n\u2013 Induction: Oui<br \/>\n\u2013 Compatible four: Oui<br \/>\n\u2013 Compatible Gril: Oui<br \/>\n\u2013 Compatible micro-ondes: Oui<br \/>\n\u2013 Adapt\u00e9 au cong\u00e9lateur: Oui<br \/>\n\u2013 Compatible tous feux: Oui<br \/>\n\u2013 R\u00e9siste aux ustensiles en m\u00e9tal: Oui<br \/>\n\u2013 Compatible lave-vaisselle: Oui<\/p>\n<p>Dimensions<br \/>\n\u2013 Poids net: 6,12 kg<br \/>\n\u2013 Capacit\u00e9: 5,70 l<br \/>\n\u2013 Longueur totale du produit: 46,00 cm<br \/>\n\u2013 Longueur ou largeur du produit: 37,00 cm<br \/>\n\u2013 Hauteur du produit: 10,20 cm<br \/>\n\u2013 Hauteur sans couvercle: 9,70 cm<br \/>\n\u2013 Diam\u00e8tre ou longueur: 37,00 cm<br \/>\n\u2013 Diam\u00e8tre ou largeur: 14,00 cm<\/p>\n","protected":false},"excerpt":{"rendered":"<p>Le Wok en fonte \u00e9maill\u00e9e STAUB Gris graphite de 37 cm, savant m\u00e9lange entre cuisine asiatique et fran\u00e7aise, est id\u00e9al pour frire, saisir, faire sauter et cuire \u00e0 la vapeur. Dot\u00e9 d\u2019un fond plat, le wok STAUB est compatible tous feux, et s\u2019utilise aussi sur induction. Avec ses poign\u00e9es en fonte solide, il assure une [&hellip;]<\/p>\n","protected":false},"featured_media":6382286,"template":"","meta":{"_acf_changed":false},"product_cat":[11667,11991,11679,12003],"product_tag":[],"class_list":{"0":"post-56779","1":"product","2":"type-product","3":"status-publish","4":"has-post-thumbnail","6":"product_cat-padelle-pentole","7":"product_cat-poeles-pots","8":"product_cat-wok","11":"first","12":"instock","13":"sale","14":"taxable","15":"shipping-taxable","16":"purchasable","17":"product-type-simple","swatches":"rey-swatches","show_selected":"","stretch_labels":"rey-swatches--stretch-labels"},"acf":[],"yoast_head":"<!-- This site is optimized with the Yoast SEO plugin v25.4 - https:\/\/yoast.com\/wordpress\/plugins\/seo\/ -->\n<title>STAUB Wok avec Couvercle en Verre 37 cm Gris Graphite - dev6 Erresse<\/title>\n<meta name=\"description\" content=\"Le Wok en fonte \u00e9maill\u00e9e STAUB Gris graphite de 37 cm, savant m\u00e9lange entre cuisine asiatique et fran\u00e7aise, est id\u00e9al pour frire, saisir, faire sauter et\" \/>\n<meta name=\"robots\" content=\"noindex, follow, max-snippet:-1, max-image-preview:large, max-video-preview:-1\" \/>\n<meta property=\"og:locale\" content=\"fr_FR\" \/>\n<meta property=\"og:type\" content=\"article\" \/>\n<meta property=\"og:title\" content=\"STAUB Wok avec Couvercle en Verre 37 cm Gris Graphite - dev6 Erresse\" \/>\n<meta property=\"og:description\" content=\"Le Wok en fonte \u00e9maill\u00e9e STAUB Gris graphite de 37 cm, savant m\u00e9lange entre cuisine asiatique et fran\u00e7aise, est id\u00e9al pour frire, saisir, faire sauter et\" \/>\n<meta property=\"og:url\" content=\"https:\/\/dev6.erresse-shop.it\/fr\/shop\/poeles-pots\/wok\/staub-wok-avec-couvercle-en-verre-37-cm-gris-graphite\/\" \/>\n<meta property=\"og:site_name\" content=\"dev6 Erresse\" \/>\n<meta property=\"og:image\" content=\"https:\/\/interpim.erresse-shop.it\/Import\/Prodotti\/products-wokgrigia.jpg\" \/><meta property=\"og:image\" content=\"https:\/\/interpim.erresse-shop.it\/Import\/Prodotti\/products-wokgrigia.jpg\" \/>\n\t<meta property=\"og:image:width\" content=\"1024\" \/>\n\t<meta property=\"og:image:height\" content=\"1024\" \/>\n\t<meta property=\"og:image:type\" content=\"image\/jpeg\" \/>\n<meta name=\"twitter:card\" content=\"summary_large_image\" \/>\n<meta name=\"twitter:image\" content=\"https:\/\/interpim.erresse-shop.it\/Import\/Prodotti\/products-wokgrigia.jpg\" \/>\n<script type=\"application\/ld+json\" class=\"yoast-schema-graph\">{\"@context\":\"https:\/\/schema.org\",\"@graph\":[{\"@type\":\"WebPage\",\"@id\":\"https:\/\/dev6.erresse-shop.it\/fr\/shop\/poeles-pots\/wok\/staub-wok-avec-couvercle-en-verre-37-cm-gris-graphite\/\",\"url\":\"https:\/\/dev6.erresse-shop.it\/fr\/shop\/poeles-pots\/wok\/staub-wok-avec-couvercle-en-verre-37-cm-gris-graphite\/\",\"name\":\"STAUB Wok avec Couvercle en Verre 37 cm Gris Graphite - dev6 Erresse\",\"isPartOf\":{\"@id\":\"https:\/\/dev6.erresse-shop.it\/#website\"},\"primaryImageOfPage\":{\"@id\":\"https:\/\/dev6.erresse-shop.it\/fr\/shop\/poeles-pots\/wok\/staub-wok-avec-couvercle-en-verre-37-cm-gris-graphite\/#primaryimage\"},\"image\":{\"@id\":\"https:\/\/dev6.erresse-shop.it\/fr\/shop\/poeles-pots\/wok\/staub-wok-avec-couvercle-en-verre-37-cm-gris-graphite\/#primaryimage\"},\"thumbnailUrl\":\"https:\/\/i1.wp.com\/interpim.erresse-shop.it\/Import\/Prodotti\/products-wokgrigia.jpg?ssl=1\",\"datePublished\":\"2026-04-15T06:04:06+00:00\",\"description\":\"Le Wok en fonte \u00e9maill\u00e9e STAUB Gris graphite de 37 cm, savant m\u00e9lange entre cuisine asiatique et fran\u00e7aise, est id\u00e9al pour frire, saisir, faire sauter et\",\"breadcrumb\":{\"@id\":\"https:\/\/dev6.erresse-shop.it\/fr\/shop\/poeles-pots\/wok\/staub-wok-avec-couvercle-en-verre-37-cm-gris-graphite\/#breadcrumb\"},\"inLanguage\":\"fr-FR\",\"potentialAction\":[{\"@type\":\"ReadAction\",\"target\":[\"https:\/\/dev6.erresse-shop.it\/fr\/shop\/poeles-pots\/wok\/staub-wok-avec-couvercle-en-verre-37-cm-gris-graphite\/\"]}]},{\"@type\":\"ImageObject\",\"inLanguage\":\"fr-FR\",\"@id\":\"https:\/\/dev6.erresse-shop.it\/fr\/shop\/poeles-pots\/wok\/staub-wok-avec-couvercle-en-verre-37-cm-gris-graphite\/#primaryimage\",\"url\":\"https:\/\/i1.wp.com\/interpim.erresse-shop.it\/Import\/Prodotti\/products-wokgrigia.jpg?ssl=1\",\"contentUrl\":\"https:\/\/i1.wp.com\/interpim.erresse-shop.it\/Import\/Prodotti\/products-wokgrigia.jpg?ssl=1\"},{\"@type\":\"BreadcrumbList\",\"@id\":\"https:\/\/dev6.erresse-shop.it\/fr\/shop\/poeles-pots\/wok\/staub-wok-avec-couvercle-en-verre-37-cm-gris-graphite\/#breadcrumb\",\"itemListElement\":[{\"@type\":\"ListItem\",\"position\":1,\"name\":\"Home\",\"item\":\"https:\/\/dev6.erresse-shop.it\/\"},{\"@type\":\"ListItem\",\"position\":2,\"name\":\"Boutique\",\"item\":\"https:\/\/dev6.erresse-shop.it\/shop\/\"},{\"@type\":\"ListItem\",\"position\":3,\"name\":\"STAUB Wok avec Couvercle en Verre 37 cm Gris Graphite\"}]},{\"@type\":\"WebSite\",\"@id\":\"https:\/\/dev6.erresse-shop.it\/#website\",\"url\":\"https:\/\/dev6.erresse-shop.it\/\",\"name\":\"Erresse Shop\",\"description\":\"\",\"publisher\":{\"@id\":\"https:\/\/dev6.erresse-shop.it\/#organization\"},\"potentialAction\":[{\"@type\":\"SearchAction\",\"target\":{\"@type\":\"EntryPoint\",\"urlTemplate\":\"https:\/\/dev6.erresse-shop.it\/?s={search_term_string}\"},\"query-input\":{\"@type\":\"PropertyValueSpecification\",\"valueRequired\":true,\"valueName\":\"search_term_string\"}}],\"inLanguage\":\"fr-FR\"},{\"@type\":\"Organization\",\"@id\":\"https:\/\/dev6.erresse-shop.it\/#organization\",\"name\":\"Erresse Shop\",\"url\":\"https:\/\/dev6.erresse-shop.it\/\",\"logo\":{\"@type\":\"ImageObject\",\"inLanguage\":\"fr-FR\",\"@id\":\"https:\/\/dev6.erresse-shop.it\/#\/schema\/logo\/image\/\",\"url\":\"https:\/\/dev6.erresse-shop.it\/wp-content\/uploads\/2025\/01\/LOGO-ERRESSE-CLASSICO.svg\",\"contentUrl\":\"https:\/\/dev6.erresse-shop.it\/wp-content\/uploads\/2025\/01\/LOGO-ERRESSE-CLASSICO.svg\",\"caption\":\"Erresse Shop\"},\"image\":{\"@id\":\"https:\/\/dev6.erresse-shop.it\/#\/schema\/logo\/image\/\"}}]}<\/script>\n<!-- \/ Yoast SEO plugin. -->","yoast_head_json":{"title":"STAUB Wok avec Couvercle en Verre 37 cm Gris Graphite - dev6 Erresse","description":"Le Wok en fonte \u00e9maill\u00e9e STAUB Gris graphite de 37 cm, savant m\u00e9lange entre cuisine asiatique et fran\u00e7aise, est id\u00e9al pour frire, saisir, faire sauter et","robots":{"index":"noindex","follow":"follow","max-snippet":"max-snippet:-1","max-image-preview":"max-image-preview:large","max-video-preview":"max-video-preview:-1"},"og_locale":"fr_FR","og_type":"article","og_title":"STAUB Wok avec Couvercle en Verre 37 cm Gris Graphite - dev6 Erresse","og_description":"Le Wok en fonte \u00e9maill\u00e9e STAUB Gris graphite de 37 cm, savant m\u00e9lange entre cuisine asiatique et fran\u00e7aise, est id\u00e9al pour frire, saisir, faire sauter et","og_url":"https:\/\/dev6.erresse-shop.it\/fr\/shop\/poeles-pots\/wok\/staub-wok-avec-couvercle-en-verre-37-cm-gris-graphite\/","og_site_name":"dev6 Erresse","og_image":[{"url":"https:\/\/interpim.erresse-shop.it\/Import\/Prodotti\/products-wokgrigia.jpg","type":"","width":"","height":""},{"url":"https:\/\/interpim.erresse-shop.it\/Import\/Prodotti\/products-wokgrigia.jpg","width":1024,"height":1024,"type":"image\/jpeg"}],"twitter_card":"summary_large_image","twitter_image":"https:\/\/interpim.erresse-shop.it\/Import\/Prodotti\/products-wokgrigia.jpg","schema":{"@context":"https:\/\/schema.org","@graph":[{"@type":"WebPage","@id":"https:\/\/dev6.erresse-shop.it\/fr\/shop\/poeles-pots\/wok\/staub-wok-avec-couvercle-en-verre-37-cm-gris-graphite\/","url":"https:\/\/dev6.erresse-shop.it\/fr\/shop\/poeles-pots\/wok\/staub-wok-avec-couvercle-en-verre-37-cm-gris-graphite\/","name":"STAUB Wok avec Couvercle en Verre 37 cm Gris Graphite - dev6 Erresse","isPartOf":{"@id":"https:\/\/dev6.erresse-shop.it\/#website"},"primaryImageOfPage":{"@id":"https:\/\/dev6.erresse-shop.it\/fr\/shop\/poeles-pots\/wok\/staub-wok-avec-couvercle-en-verre-37-cm-gris-graphite\/#primaryimage"},"image":{"@id":"https:\/\/dev6.erresse-shop.it\/fr\/shop\/poeles-pots\/wok\/staub-wok-avec-couvercle-en-verre-37-cm-gris-graphite\/#primaryimage"},"thumbnailUrl":"https:\/\/i1.wp.com\/interpim.erresse-shop.it\/Import\/Prodotti\/products-wokgrigia.jpg?ssl=1","datePublished":"2026-04-15T06:04:06+00:00","description":"Le Wok en fonte \u00e9maill\u00e9e STAUB Gris graphite de 37 cm, savant m\u00e9lange entre cuisine asiatique et fran\u00e7aise, est id\u00e9al pour frire, saisir, faire sauter et","breadcrumb":{"@id":"https:\/\/dev6.erresse-shop.it\/fr\/shop\/poeles-pots\/wok\/staub-wok-avec-couvercle-en-verre-37-cm-gris-graphite\/#breadcrumb"},"inLanguage":"fr-FR","potentialAction":[{"@type":"ReadAction","target":["https:\/\/dev6.erresse-shop.it\/fr\/shop\/poeles-pots\/wok\/staub-wok-avec-couvercle-en-verre-37-cm-gris-graphite\/"]}]},{"@type":"ImageObject","inLanguage":"fr-FR","@id":"https:\/\/dev6.erresse-shop.it\/fr\/shop\/poeles-pots\/wok\/staub-wok-avec-couvercle-en-verre-37-cm-gris-graphite\/#primaryimage","url":"https:\/\/i1.wp.com\/interpim.erresse-shop.it\/Import\/Prodotti\/products-wokgrigia.jpg?ssl=1","contentUrl":"https:\/\/i1.wp.com\/interpim.erresse-shop.it\/Import\/Prodotti\/products-wokgrigia.jpg?ssl=1"},{"@type":"BreadcrumbList","@id":"https:\/\/dev6.erresse-shop.it\/fr\/shop\/poeles-pots\/wok\/staub-wok-avec-couvercle-en-verre-37-cm-gris-graphite\/#breadcrumb","itemListElement":[{"@type":"ListItem","position":1,"name":"Home","item":"https:\/\/dev6.erresse-shop.it\/"},{"@type":"ListItem","position":2,"name":"Boutique","item":"https:\/\/dev6.erresse-shop.it\/shop\/"},{"@type":"ListItem","position":3,"name":"STAUB Wok avec Couvercle en Verre 37 cm Gris Graphite"}]},{"@type":"WebSite","@id":"https:\/\/dev6.erresse-shop.it\/#website","url":"https:\/\/dev6.erresse-shop.it\/","name":"Erresse Shop","description":"","publisher":{"@id":"https:\/\/dev6.erresse-shop.it\/#organization"},"potentialAction":[{"@type":"SearchAction","target":{"@type":"EntryPoint","urlTemplate":"https:\/\/dev6.erresse-shop.it\/?s={search_term_string}"},"query-input":{"@type":"PropertyValueSpecification","valueRequired":true,"valueName":"search_term_string"}}],"inLanguage":"fr-FR"},{"@type":"Organization","@id":"https:\/\/dev6.erresse-shop.it\/#organization","name":"Erresse Shop","url":"https:\/\/dev6.erresse-shop.it\/","logo":{"@type":"ImageObject","inLanguage":"fr-FR","@id":"https:\/\/dev6.erresse-shop.it\/#\/schema\/logo\/image\/","url":"https:\/\/dev6.erresse-shop.it\/wp-content\/uploads\/2025\/01\/LOGO-ERRESSE-CLASSICO.svg","contentUrl":"https:\/\/dev6.erresse-shop.it\/wp-content\/uploads\/2025\/01\/LOGO-ERRESSE-CLASSICO.svg","caption":"Erresse Shop"},"image":{"@id":"https:\/\/dev6.erresse-shop.it\/#\/schema\/logo\/image\/"}}]}},"df_price":169,"df_sale_price":169,"df_regular_price":259,"df_image_link":"https:\/\/i1.wp.com\/interpim.erresse-shop.it\/Import\/Prodotti\/products-wokgrigia.jpg?resize=300,300&ssl=1","fifu_image_url":"https:\/\/interpim.erresse-shop.it\/Import\/Prodotti\/products-wokgrigia.jpg","_links":{"self":[{"href":"https:\/\/dev6.erresse-shop.it\/fr\/wp-json\/wp\/v2\/product\/56779","targetHints":{"allow":["GET"]}}],"collection":[{"href":"https:\/\/dev6.erresse-shop.it\/fr\/wp-json\/wp\/v2\/product"}],"about":[{"href":"https:\/\/dev6.erresse-shop.it\/fr\/wp-json\/wp\/v2\/types\/product"}],"wp:featuredmedia":[{"embeddable":true,"href":"https:\/\/dev6.erresse-shop.it\/fr\/wp-json\/wp\/v2\/media\/6382286"}],"wp:attachment":[{"href":"https:\/\/dev6.erresse-shop.it\/fr\/wp-json\/wp\/v2\/media?parent=56779"}],"wp:term":[{"taxonomy":"product_cat","embeddable":true,"href":"https:\/\/dev6.erresse-shop.it\/fr\/wp-json\/wp\/v2\/product_cat?post=56779"},{"taxonomy":"product_tag","embeddable":true,"href":"https:\/\/dev6.erresse-shop.it\/fr\/wp-json\/wp\/v2\/product_tag?post=56779"}],"curies":[{"name":"wp","href":"https:\/\/api.w.org\/{rel}","templated":true}]}}