{"id":56715,"date":"2026-04-23T08:49:17","date_gmt":"2026-04-23T06:49:17","guid":{"rendered":"https:\/\/dev6.erresse-shop.it\/shop\/non%20class\u00e9\/staub-cocotte-coeur\/"},"modified":"2025-09-14T03:52:40","modified_gmt":"2025-09-14T01:52:40","slug":"staub-cocotte-coeur","status":"publish","type":"product","link":"https:\/\/dev6.erresse-shop.it\/fr\/shop\/poeles-pots\/casseroles\/staub-cocotte-coeur\/","title":{"rendered":"STAUB Cocotte Coeur"},"content":{"rendered":"<p>Cette cocotte C\u0153ur en fonte \u00e9maill\u00e9e STAUB Cerise de 20 cm avec une capacit\u00e9 d\u20191,75 litres pour environ 1-2 personnes pour pr\u00e9parer des plats mijot\u00e9s, des r\u00f4tis et de la volaille. Compatible tous feux et four, elle peut \u00e9galement s\u2019utiliser sur induction. V\u00e9ritable savoir-faire authentique de cr\u00e9ation fran\u00e7aise, cette cocotte est une pi\u00e8ce unique, issue d\u2019un processus de fabrication traditionnel. Avec son design unique en forme de coeur, cette cocotte met en valeur les plats de fa\u00e7on originale. L\u2019int\u00e9rieur de cette cocotte est \u00e9maill\u00e9 noir mat, la marque de fabrique STAUB. Cet \u00e9mail de qualit\u00e9 sup\u00e9rieure permet d\u2019obtenir une meilleure r\u00e9sistance aux rayures et facilite l\u2019entretien. Il poss\u00e8de les propri\u00e9t\u00e9s id\u00e9ales pour saisir, r\u00f4tir et caram\u00e9liser les aliments. N\u00e9e en Alsace, la cocotte STAUB a su traverser le temps et les fronti\u00e8res. Pr\u00e9f\u00e9r\u00e9e aussi bien par les amateurs que les grands chefs, elle passe ais\u00e9ment de la cuisine \u00e0 la table. Quel que soit le plat que vous concoctez, avec la Cocotte STAUB vous avez l\u2019assurance de conserver toute l\u2019intensit\u00e9 et les saveurs, la viande restera tendre et les l\u00e9gumes moelleux. Compos\u00e9e de fonte, un alliage de fer riche en carbone, un des mat\u00e9riaux qui retiennent le mieux la chaleur, la diffuse lentement et la redistribue de mani\u00e8re parfaitement homog\u00e8ne. Une fois la fonte suffisamment chaude, ses propri\u00e9t\u00e9s de r\u00e9tention de la chaleur permettent de r\u00e9duire le feu au minimum, afin de laisser mijoter doucement les plats. La fonte conserve \u00e9galement le froid : la cocotte \u00e0 temp\u00e9rature ambiante peut \u00eatre plac\u00e9e au r\u00e9frig\u00e9rateur avant de servir afin de rester froide une fois \u00e0 table.<\/p>\n<p>\u2013 Id\u00e9al pour saisir, cuire ou laisser mijoter de la viande, du poisson ou des l\u00e9gumes<br \/>\n\u2013 L\u2019\u00e9maillage int\u00e9rieur noir mat tr\u00e8s r\u00e9sistant \u00e0 l\u2019usure, convient particuli\u00e8rement pour saisir, r\u00f4tir et caram\u00e9liser les aliments<br \/>\n\u2013 Adapt\u00e9 pour toutes les sources de chaleur y compris induction, peut \u00eatre utilis\u00e9 aussi au four<\/p>\n<p>Donn\u00e9es Techniques<br \/>\n\u2013 R\u00e9sistance \u00e0 la chaleur (\u00b0C): 240,00 \u00baC<br \/>\n\u2013 Mat\u00e9riau: Fonte<br \/>\n\u2013 Couvercle existant: Oui<br \/>\n\u2013 Induction: Oui<br \/>\n\u2013 Compatible four: Oui<br \/>\n\u2013 Compatible Gril: Oui<br \/>\n\u2013 Compatible micro-ondes: Oui<br \/>\n\u2013 Adapt\u00e9 au cong\u00e9lateur: Oui<br \/>\n\u2013 Compatible tous feux: Oui<br \/>\n\u2013 R\u00e9siste aux ustensiles en m\u00e9tal: Oui<br \/>\n\u2013 Compatible lave-vaisselle: Oui<\/p>\n<p>Dimensions<br \/>\n\u2013 Poids net: 2,96 kg<br \/>\n\u2013 Capacit\u00e9: 1,75 l<br \/>\n\u2013 Longueur totale du produit: 21,80 cm<br \/>\n\u2013 Longueur ou largeur du produit: 14,10 cm<br \/>\n\u2013 Hauteur du produit: 13,40 cm<br \/>\n\u2013 Hauteur sans couvercle: 7,40 cm<br \/>\n\u2013 Diam\u00e8tre ou longueur: 20,00 cm<br \/>\n\u2013 Diam\u00e8tre ou largeur: 16,10 cm<\/p>\n","protected":false},"excerpt":{"rendered":"<p>Cette cocotte C\u0153ur en fonte \u00e9maill\u00e9e STAUB Cerise de 20 cm avec une capacit\u00e9 d\u20191,75 litres pour environ 1-2 personnes pour pr\u00e9parer des plats mijot\u00e9s, des r\u00f4tis et de la volaille. Compatible tous feux et four, elle peut \u00e9galement s\u2019utiliser sur induction. V\u00e9ritable savoir-faire authentique de cr\u00e9ation fran\u00e7aise, cette cocotte est une pi\u00e8ce unique, issue [&hellip;]<\/p>\n","protected":false},"featured_media":6856861,"template":"","meta":{"_acf_changed":false},"product_cat":[12001,11667,11991],"product_tag":[],"class_list":{"0":"post-56715","1":"product","2":"type-product","3":"status-publish","4":"has-post-thumbnail","6":"product_cat-casseroles","7":"product_cat-padelle-pentole","8":"product_cat-poeles-pots","10":"first","11":"instock","12":"sale","13":"taxable","14":"shipping-taxable","15":"purchasable","16":"product-type-simple","swatches":"rey-swatches","show_selected":"","stretch_labels":"rey-swatches--stretch-labels"},"acf":[],"yoast_head":"<!-- This site is optimized with the Yoast SEO plugin v25.4 - https:\/\/yoast.com\/wordpress\/plugins\/seo\/ -->\n<title>STAUB Cocotte Coeur - dev6 Erresse<\/title>\n<meta name=\"description\" content=\"Cette cocotte C\u0153ur en fonte \u00e9maill\u00e9e STAUB Cerise de 20 cm avec une capacit\u00e9 d\u20191,75 litres pour environ 1-2 personnes pour pr\u00e9parer des plats mijot\u00e9s, des\" \/>\n<meta name=\"robots\" content=\"noindex, follow, max-snippet:-1, max-image-preview:large, max-video-preview:-1\" \/>\n<meta property=\"og:locale\" content=\"fr_FR\" \/>\n<meta property=\"og:type\" content=\"article\" \/>\n<meta property=\"og:title\" content=\"STAUB Cocotte Coeur - dev6 Erresse\" \/>\n<meta property=\"og:description\" content=\"Cette cocotte C\u0153ur en fonte \u00e9maill\u00e9e STAUB Cerise de 20 cm avec une capacit\u00e9 d\u20191,75 litres pour environ 1-2 personnes pour pr\u00e9parer des plats mijot\u00e9s, des\" \/>\n<meta property=\"og:url\" content=\"https:\/\/dev6.erresse-shop.it\/fr\/shop\/poeles-pots\/casseroles\/staub-cocotte-coeur\/\" \/>\n<meta property=\"og:site_name\" content=\"dev6 Erresse\" \/>\n<meta property=\"og:image\" content=\"https:\/\/interpim.erresse-shop.it\/Import\/Prodotti\/products-40509798_1100006.jpeg\" \/><meta property=\"og:image\" content=\"https:\/\/interpim.erresse-shop.it\/Import\/Prodotti\/products-40509798_1100006.jpeg\" \/>\n\t<meta property=\"og:image:width\" content=\"1024\" \/>\n\t<meta property=\"og:image:height\" content=\"1024\" \/>\n\t<meta property=\"og:image:type\" content=\"image\/jpeg\" \/>\n<meta name=\"twitter:card\" content=\"summary_large_image\" \/>\n<meta name=\"twitter:image\" content=\"https:\/\/interpim.erresse-shop.it\/Import\/Prodotti\/products-40509798_1100006.jpeg\" \/>\n<script type=\"application\/ld+json\" class=\"yoast-schema-graph\">{\"@context\":\"https:\/\/schema.org\",\"@graph\":[{\"@type\":\"WebPage\",\"@id\":\"https:\/\/dev6.erresse-shop.it\/fr\/shop\/poeles-pots\/casseroles\/staub-cocotte-coeur\/\",\"url\":\"https:\/\/dev6.erresse-shop.it\/fr\/shop\/poeles-pots\/casseroles\/staub-cocotte-coeur\/\",\"name\":\"STAUB Cocotte Coeur - dev6 Erresse\",\"isPartOf\":{\"@id\":\"https:\/\/dev6.erresse-shop.it\/#website\"},\"primaryImageOfPage\":{\"@id\":\"https:\/\/dev6.erresse-shop.it\/fr\/shop\/poeles-pots\/casseroles\/staub-cocotte-coeur\/#primaryimage\"},\"image\":{\"@id\":\"https:\/\/dev6.erresse-shop.it\/fr\/shop\/poeles-pots\/casseroles\/staub-cocotte-coeur\/#primaryimage\"},\"thumbnailUrl\":\"https:\/\/i2.wp.com\/interpim.erresse-shop.it\/Import\/Prodotti\/products-40509798_1100006.jpeg?ssl=1\",\"datePublished\":\"2026-04-23T06:49:17+00:00\",\"description\":\"Cette cocotte C\u0153ur en fonte \u00e9maill\u00e9e STAUB Cerise de 20 cm avec une capacit\u00e9 d\u20191,75 litres pour environ 1-2 personnes pour pr\u00e9parer des plats mijot\u00e9s, des\",\"breadcrumb\":{\"@id\":\"https:\/\/dev6.erresse-shop.it\/fr\/shop\/poeles-pots\/casseroles\/staub-cocotte-coeur\/#breadcrumb\"},\"inLanguage\":\"fr-FR\",\"potentialAction\":[{\"@type\":\"ReadAction\",\"target\":[\"https:\/\/dev6.erresse-shop.it\/fr\/shop\/poeles-pots\/casseroles\/staub-cocotte-coeur\/\"]}]},{\"@type\":\"ImageObject\",\"inLanguage\":\"fr-FR\",\"@id\":\"https:\/\/dev6.erresse-shop.it\/fr\/shop\/poeles-pots\/casseroles\/staub-cocotte-coeur\/#primaryimage\",\"url\":\"https:\/\/i2.wp.com\/interpim.erresse-shop.it\/Import\/Prodotti\/products-40509798_1100006.jpeg?ssl=1\",\"contentUrl\":\"https:\/\/i2.wp.com\/interpim.erresse-shop.it\/Import\/Prodotti\/products-40509798_1100006.jpeg?ssl=1\"},{\"@type\":\"BreadcrumbList\",\"@id\":\"https:\/\/dev6.erresse-shop.it\/fr\/shop\/poeles-pots\/casseroles\/staub-cocotte-coeur\/#breadcrumb\",\"itemListElement\":[{\"@type\":\"ListItem\",\"position\":1,\"name\":\"Home\",\"item\":\"https:\/\/dev6.erresse-shop.it\/\"},{\"@type\":\"ListItem\",\"position\":2,\"name\":\"Boutique\",\"item\":\"https:\/\/dev6.erresse-shop.it\/shop\/\"},{\"@type\":\"ListItem\",\"position\":3,\"name\":\"STAUB Cocotte Coeur\"}]},{\"@type\":\"WebSite\",\"@id\":\"https:\/\/dev6.erresse-shop.it\/#website\",\"url\":\"https:\/\/dev6.erresse-shop.it\/\",\"name\":\"Erresse Shop\",\"description\":\"\",\"publisher\":{\"@id\":\"https:\/\/dev6.erresse-shop.it\/#organization\"},\"potentialAction\":[{\"@type\":\"SearchAction\",\"target\":{\"@type\":\"EntryPoint\",\"urlTemplate\":\"https:\/\/dev6.erresse-shop.it\/?s={search_term_string}\"},\"query-input\":{\"@type\":\"PropertyValueSpecification\",\"valueRequired\":true,\"valueName\":\"search_term_string\"}}],\"inLanguage\":\"fr-FR\"},{\"@type\":\"Organization\",\"@id\":\"https:\/\/dev6.erresse-shop.it\/#organization\",\"name\":\"Erresse Shop\",\"url\":\"https:\/\/dev6.erresse-shop.it\/\",\"logo\":{\"@type\":\"ImageObject\",\"inLanguage\":\"fr-FR\",\"@id\":\"https:\/\/dev6.erresse-shop.it\/#\/schema\/logo\/image\/\",\"url\":\"https:\/\/dev6.erresse-shop.it\/wp-content\/uploads\/2025\/01\/LOGO-ERRESSE-CLASSICO.svg\",\"contentUrl\":\"https:\/\/dev6.erresse-shop.it\/wp-content\/uploads\/2025\/01\/LOGO-ERRESSE-CLASSICO.svg\",\"caption\":\"Erresse Shop\"},\"image\":{\"@id\":\"https:\/\/dev6.erresse-shop.it\/#\/schema\/logo\/image\/\"}}]}<\/script>\n<!-- \/ Yoast SEO plugin. -->","yoast_head_json":{"title":"STAUB Cocotte Coeur - dev6 Erresse","description":"Cette cocotte C\u0153ur en fonte \u00e9maill\u00e9e STAUB Cerise de 20 cm avec une capacit\u00e9 d\u20191,75 litres pour environ 1-2 personnes pour pr\u00e9parer des plats mijot\u00e9s, des","robots":{"index":"noindex","follow":"follow","max-snippet":"max-snippet:-1","max-image-preview":"max-image-preview:large","max-video-preview":"max-video-preview:-1"},"og_locale":"fr_FR","og_type":"article","og_title":"STAUB Cocotte Coeur - dev6 Erresse","og_description":"Cette cocotte C\u0153ur en fonte \u00e9maill\u00e9e STAUB Cerise de 20 cm avec une capacit\u00e9 d\u20191,75 litres pour environ 1-2 personnes pour pr\u00e9parer des plats mijot\u00e9s, des","og_url":"https:\/\/dev6.erresse-shop.it\/fr\/shop\/poeles-pots\/casseroles\/staub-cocotte-coeur\/","og_site_name":"dev6 Erresse","og_image":[{"url":"https:\/\/interpim.erresse-shop.it\/Import\/Prodotti\/products-40509798_1100006.jpeg","type":"","width":"","height":""},{"url":"https:\/\/interpim.erresse-shop.it\/Import\/Prodotti\/products-40509798_1100006.jpeg","width":1024,"height":1024,"type":"image\/jpeg"}],"twitter_card":"summary_large_image","twitter_image":"https:\/\/interpim.erresse-shop.it\/Import\/Prodotti\/products-40509798_1100006.jpeg","schema":{"@context":"https:\/\/schema.org","@graph":[{"@type":"WebPage","@id":"https:\/\/dev6.erresse-shop.it\/fr\/shop\/poeles-pots\/casseroles\/staub-cocotte-coeur\/","url":"https:\/\/dev6.erresse-shop.it\/fr\/shop\/poeles-pots\/casseroles\/staub-cocotte-coeur\/","name":"STAUB Cocotte Coeur - dev6 Erresse","isPartOf":{"@id":"https:\/\/dev6.erresse-shop.it\/#website"},"primaryImageOfPage":{"@id":"https:\/\/dev6.erresse-shop.it\/fr\/shop\/poeles-pots\/casseroles\/staub-cocotte-coeur\/#primaryimage"},"image":{"@id":"https:\/\/dev6.erresse-shop.it\/fr\/shop\/poeles-pots\/casseroles\/staub-cocotte-coeur\/#primaryimage"},"thumbnailUrl":"https:\/\/i2.wp.com\/interpim.erresse-shop.it\/Import\/Prodotti\/products-40509798_1100006.jpeg?ssl=1","datePublished":"2026-04-23T06:49:17+00:00","description":"Cette cocotte C\u0153ur en fonte \u00e9maill\u00e9e STAUB Cerise de 20 cm avec une capacit\u00e9 d\u20191,75 litres pour environ 1-2 personnes pour pr\u00e9parer des plats mijot\u00e9s, des","breadcrumb":{"@id":"https:\/\/dev6.erresse-shop.it\/fr\/shop\/poeles-pots\/casseroles\/staub-cocotte-coeur\/#breadcrumb"},"inLanguage":"fr-FR","potentialAction":[{"@type":"ReadAction","target":["https:\/\/dev6.erresse-shop.it\/fr\/shop\/poeles-pots\/casseroles\/staub-cocotte-coeur\/"]}]},{"@type":"ImageObject","inLanguage":"fr-FR","@id":"https:\/\/dev6.erresse-shop.it\/fr\/shop\/poeles-pots\/casseroles\/staub-cocotte-coeur\/#primaryimage","url":"https:\/\/i2.wp.com\/interpim.erresse-shop.it\/Import\/Prodotti\/products-40509798_1100006.jpeg?ssl=1","contentUrl":"https:\/\/i2.wp.com\/interpim.erresse-shop.it\/Import\/Prodotti\/products-40509798_1100006.jpeg?ssl=1"},{"@type":"BreadcrumbList","@id":"https:\/\/dev6.erresse-shop.it\/fr\/shop\/poeles-pots\/casseroles\/staub-cocotte-coeur\/#breadcrumb","itemListElement":[{"@type":"ListItem","position":1,"name":"Home","item":"https:\/\/dev6.erresse-shop.it\/"},{"@type":"ListItem","position":2,"name":"Boutique","item":"https:\/\/dev6.erresse-shop.it\/shop\/"},{"@type":"ListItem","position":3,"name":"STAUB Cocotte Coeur"}]},{"@type":"WebSite","@id":"https:\/\/dev6.erresse-shop.it\/#website","url":"https:\/\/dev6.erresse-shop.it\/","name":"Erresse Shop","description":"","publisher":{"@id":"https:\/\/dev6.erresse-shop.it\/#organization"},"potentialAction":[{"@type":"SearchAction","target":{"@type":"EntryPoint","urlTemplate":"https:\/\/dev6.erresse-shop.it\/?s={search_term_string}"},"query-input":{"@type":"PropertyValueSpecification","valueRequired":true,"valueName":"search_term_string"}}],"inLanguage":"fr-FR"},{"@type":"Organization","@id":"https:\/\/dev6.erresse-shop.it\/#organization","name":"Erresse Shop","url":"https:\/\/dev6.erresse-shop.it\/","logo":{"@type":"ImageObject","inLanguage":"fr-FR","@id":"https:\/\/dev6.erresse-shop.it\/#\/schema\/logo\/image\/","url":"https:\/\/dev6.erresse-shop.it\/wp-content\/uploads\/2025\/01\/LOGO-ERRESSE-CLASSICO.svg","contentUrl":"https:\/\/dev6.erresse-shop.it\/wp-content\/uploads\/2025\/01\/LOGO-ERRESSE-CLASSICO.svg","caption":"Erresse Shop"},"image":{"@id":"https:\/\/dev6.erresse-shop.it\/#\/schema\/logo\/image\/"}}]}},"df_price":149,"df_sale_price":149,"df_regular_price":219,"df_image_link":"https:\/\/i2.wp.com\/interpim.erresse-shop.it\/Import\/Prodotti\/products-40509798_1100006.jpeg?resize=300,300&ssl=1","fifu_image_url":"https:\/\/interpim.erresse-shop.it\/Import\/Prodotti\/products-40509798_1100006.jpeg","_links":{"self":[{"href":"https:\/\/dev6.erresse-shop.it\/fr\/wp-json\/wp\/v2\/product\/56715","targetHints":{"allow":["GET"]}}],"collection":[{"href":"https:\/\/dev6.erresse-shop.it\/fr\/wp-json\/wp\/v2\/product"}],"about":[{"href":"https:\/\/dev6.erresse-shop.it\/fr\/wp-json\/wp\/v2\/types\/product"}],"wp:featuredmedia":[{"embeddable":true,"href":"https:\/\/dev6.erresse-shop.it\/fr\/wp-json\/wp\/v2\/media\/6856861"}],"wp:attachment":[{"href":"https:\/\/dev6.erresse-shop.it\/fr\/wp-json\/wp\/v2\/media?parent=56715"}],"wp:term":[{"taxonomy":"product_cat","embeddable":true,"href":"https:\/\/dev6.erresse-shop.it\/fr\/wp-json\/wp\/v2\/product_cat?post=56715"},{"taxonomy":"product_tag","embeddable":true,"href":"https:\/\/dev6.erresse-shop.it\/fr\/wp-json\/wp\/v2\/product_tag?post=56715"}],"curies":[{"name":"wp","href":"https:\/\/api.w.org\/{rel}","templated":true}]}}