{"id":56657,"date":"2026-04-29T08:44:55","date_gmt":"2026-04-29T06:44:55","guid":{"rendered":"https:\/\/dev6.erresse-shop.it\/shop\/non%20class\u00e9\/support-universel-ninja-woodifire\/"},"modified":"2025-07-04T15:37:36","modified_gmt":"2025-07-04T13:37:36","slug":"support-universel-ninja-woodifire","status":"publish","type":"product","link":"https:\/\/dev6.erresse-shop.it\/fr\/shop\/petits-electromenagers\/fours\/support-universel-ninja-woodifire\/","title":{"rendered":"Support universel NINJA Woodifire"},"content":{"rendered":"<p>\u00c9levez votre station de cuisson ext\u00e9rieure vers de nouveaux sommets avec ce support et cette table durables et r\u00e9glables pour votre four ext\u00e9rieur Ninja Woodfire ou votre barbecue \u00e9lectrique.<\/p>\n<p>Hauteur r\u00e9glable<br \/>\nComprend une table d\u2019appoint pour un espace suppl\u00e9mentaire de pr\u00e9paration des aliments<br \/>\nMaintient votre grill ou votre four en place<br \/>\nN\u00e9cessite un assemblage.<br \/>\nComprend : 1 support r\u00e9glable Ninja Woodfire, 1 table d\u2019appoint, 4 pieds de support, 14 vis hexagonales, 1 cl\u00e9 hexagonale.<\/p>\n<p>Dimensions : 66 cm x 86 cm x 107 cm<\/p>\n","protected":false},"excerpt":{"rendered":"<p>\u00c9levez votre station de cuisson ext\u00e9rieure vers de nouveaux sommets avec ce support et cette table durables et r\u00e9glables pour votre four ext\u00e9rieur Ninja Woodfire ou votre barbecue \u00e9lectrique. Hauteur r\u00e9glable Comprend une table d\u2019appoint pour un espace suppl\u00e9mentaire de pr\u00e9paration des aliments Maintient votre grill ou votre four en place N\u00e9cessite un assemblage. Comprend [&hellip;]<\/p>\n","protected":false},"featured_media":6946285,"template":"","meta":{"_acf_changed":false},"product_cat":[11761,12085,12055],"product_tag":[],"class_list":{"0":"post-56657","1":"product","2":"type-product","3":"status-publish","4":"has-post-thumbnail","6":"product_cat-forni","7":"product_cat-fours","8":"product_cat-petits-electromenagers","10":"first","11":"instock","12":"taxable","13":"shipping-taxable","14":"purchasable","15":"product-type-simple","swatches":"rey-swatches","show_selected":"","stretch_labels":"rey-swatches--stretch-labels"},"acf":[],"yoast_head":"<!-- This site is optimized with the Yoast SEO plugin v25.4 - https:\/\/yoast.com\/wordpress\/plugins\/seo\/ -->\n<title>Support universel NINJA Woodifire - dev6 Erresse<\/title>\n<meta name=\"description\" content=\"\u00c9levez votre station de cuisson ext\u00e9rieure vers de nouveaux sommets avec ce support et cette table durables et r\u00e9glables pour votre four ext\u00e9rieur Ninja\" \/>\n<meta name=\"robots\" content=\"noindex, follow, max-snippet:-1, max-image-preview:large, max-video-preview:-1\" \/>\n<meta property=\"og:locale\" content=\"fr_FR\" \/>\n<meta property=\"og:type\" content=\"article\" \/>\n<meta property=\"og:title\" content=\"Support universel NINJA Woodifire - dev6 Erresse\" \/>\n<meta property=\"og:description\" content=\"\u00c9levez votre station de cuisson ext\u00e9rieure vers de nouveaux sommets avec ce support et cette table durables et r\u00e9glables pour votre four ext\u00e9rieur Ninja\" \/>\n<meta property=\"og:url\" content=\"https:\/\/dev6.erresse-shop.it\/fr\/shop\/petits-electromenagers\/fours\/support-universel-ninja-woodifire\/\" \/>\n<meta property=\"og:site_name\" content=\"dev6 Erresse\" \/>\n<meta property=\"og:image\" content=\"https:\/\/interpim.erresse-shop.it\/wp-content\/uploads\/2024\/05\/NINJA-Woodifire-Stand-Universale.jpg\/ninja-woodifire-stand-universale.jpg\" \/><meta property=\"og:image\" content=\"https:\/\/interpim.erresse-shop.it\/wp-content\/uploads\/2024\/05\/NINJA-Woodifire-Stand-Universale.jpg\/ninja-woodifire-stand-universale.jpg\" \/>\n\t<meta property=\"og:image:width\" content=\"1024\" \/>\n\t<meta property=\"og:image:height\" content=\"1024\" \/>\n\t<meta property=\"og:image:type\" content=\"image\/jpeg\" \/>\n<meta name=\"twitter:card\" content=\"summary_large_image\" \/>\n<meta name=\"twitter:image\" content=\"https:\/\/interpim.erresse-shop.it\/wp-content\/uploads\/2024\/05\/NINJA-Woodifire-Stand-Universale.jpg\/ninja-woodifire-stand-universale.jpg\" \/>\n<script type=\"application\/ld+json\" class=\"yoast-schema-graph\">{\"@context\":\"https:\/\/schema.org\",\"@graph\":[{\"@type\":\"WebPage\",\"@id\":\"https:\/\/dev6.erresse-shop.it\/fr\/shop\/petits-electromenagers\/fours\/support-universel-ninja-woodifire\/\",\"url\":\"https:\/\/dev6.erresse-shop.it\/fr\/shop\/petits-electromenagers\/fours\/support-universel-ninja-woodifire\/\",\"name\":\"Support universel NINJA Woodifire - dev6 Erresse\",\"isPartOf\":{\"@id\":\"https:\/\/dev6.erresse-shop.it\/#website\"},\"primaryImageOfPage\":{\"@id\":\"https:\/\/dev6.erresse-shop.it\/fr\/shop\/petits-electromenagers\/fours\/support-universel-ninja-woodifire\/#primaryimage\"},\"image\":{\"@id\":\"https:\/\/dev6.erresse-shop.it\/fr\/shop\/petits-electromenagers\/fours\/support-universel-ninja-woodifire\/#primaryimage\"},\"thumbnailUrl\":\"https:\/\/i0.wp.com\/interpim.erresse-shop.it\/wp-content\/uploads\/2024\/05\/NINJA-Woodifire-Stand-Universale.jpg\/ninja-woodifire-stand-universale.jpg?ssl=1\",\"datePublished\":\"2026-04-29T06:44:55+00:00\",\"description\":\"\u00c9levez votre station de cuisson ext\u00e9rieure vers de nouveaux sommets avec ce support et cette table durables et r\u00e9glables pour votre four ext\u00e9rieur Ninja\",\"breadcrumb\":{\"@id\":\"https:\/\/dev6.erresse-shop.it\/fr\/shop\/petits-electromenagers\/fours\/support-universel-ninja-woodifire\/#breadcrumb\"},\"inLanguage\":\"fr-FR\",\"potentialAction\":[{\"@type\":\"ReadAction\",\"target\":[\"https:\/\/dev6.erresse-shop.it\/fr\/shop\/petits-electromenagers\/fours\/support-universel-ninja-woodifire\/\"]}]},{\"@type\":\"ImageObject\",\"inLanguage\":\"fr-FR\",\"@id\":\"https:\/\/dev6.erresse-shop.it\/fr\/shop\/petits-electromenagers\/fours\/support-universel-ninja-woodifire\/#primaryimage\",\"url\":\"https:\/\/i0.wp.com\/interpim.erresse-shop.it\/wp-content\/uploads\/2024\/05\/NINJA-Woodifire-Stand-Universale.jpg\/ninja-woodifire-stand-universale.jpg?ssl=1\",\"contentUrl\":\"https:\/\/i0.wp.com\/interpim.erresse-shop.it\/wp-content\/uploads\/2024\/05\/NINJA-Woodifire-Stand-Universale.jpg\/ninja-woodifire-stand-universale.jpg?ssl=1\"},{\"@type\":\"BreadcrumbList\",\"@id\":\"https:\/\/dev6.erresse-shop.it\/fr\/shop\/petits-electromenagers\/fours\/support-universel-ninja-woodifire\/#breadcrumb\",\"itemListElement\":[{\"@type\":\"ListItem\",\"position\":1,\"name\":\"Home\",\"item\":\"https:\/\/dev6.erresse-shop.it\/\"},{\"@type\":\"ListItem\",\"position\":2,\"name\":\"Boutique\",\"item\":\"https:\/\/dev6.erresse-shop.it\/shop\/\"},{\"@type\":\"ListItem\",\"position\":3,\"name\":\"Support universel NINJA Woodifire\"}]},{\"@type\":\"WebSite\",\"@id\":\"https:\/\/dev6.erresse-shop.it\/#website\",\"url\":\"https:\/\/dev6.erresse-shop.it\/\",\"name\":\"Erresse Shop\",\"description\":\"\",\"publisher\":{\"@id\":\"https:\/\/dev6.erresse-shop.it\/#organization\"},\"potentialAction\":[{\"@type\":\"SearchAction\",\"target\":{\"@type\":\"EntryPoint\",\"urlTemplate\":\"https:\/\/dev6.erresse-shop.it\/?s={search_term_string}\"},\"query-input\":{\"@type\":\"PropertyValueSpecification\",\"valueRequired\":true,\"valueName\":\"search_term_string\"}}],\"inLanguage\":\"fr-FR\"},{\"@type\":\"Organization\",\"@id\":\"https:\/\/dev6.erresse-shop.it\/#organization\",\"name\":\"Erresse Shop\",\"url\":\"https:\/\/dev6.erresse-shop.it\/\",\"logo\":{\"@type\":\"ImageObject\",\"inLanguage\":\"fr-FR\",\"@id\":\"https:\/\/dev6.erresse-shop.it\/#\/schema\/logo\/image\/\",\"url\":\"https:\/\/dev6.erresse-shop.it\/wp-content\/uploads\/2025\/01\/LOGO-ERRESSE-CLASSICO.svg\",\"contentUrl\":\"https:\/\/dev6.erresse-shop.it\/wp-content\/uploads\/2025\/01\/LOGO-ERRESSE-CLASSICO.svg\",\"caption\":\"Erresse Shop\"},\"image\":{\"@id\":\"https:\/\/dev6.erresse-shop.it\/#\/schema\/logo\/image\/\"}}]}<\/script>\n<!-- \/ Yoast SEO plugin. -->","yoast_head_json":{"title":"Support universel NINJA Woodifire - dev6 Erresse","description":"\u00c9levez votre station de cuisson ext\u00e9rieure vers de nouveaux sommets avec ce support et cette table durables et r\u00e9glables pour votre four ext\u00e9rieur Ninja","robots":{"index":"noindex","follow":"follow","max-snippet":"max-snippet:-1","max-image-preview":"max-image-preview:large","max-video-preview":"max-video-preview:-1"},"og_locale":"fr_FR","og_type":"article","og_title":"Support universel NINJA Woodifire - dev6 Erresse","og_description":"\u00c9levez votre station de cuisson ext\u00e9rieure vers de nouveaux sommets avec ce support et cette table durables et r\u00e9glables pour votre four ext\u00e9rieur Ninja","og_url":"https:\/\/dev6.erresse-shop.it\/fr\/shop\/petits-electromenagers\/fours\/support-universel-ninja-woodifire\/","og_site_name":"dev6 Erresse","og_image":[{"url":"https:\/\/interpim.erresse-shop.it\/wp-content\/uploads\/2024\/05\/NINJA-Woodifire-Stand-Universale.jpg\/ninja-woodifire-stand-universale.jpg","type":"","width":"","height":""},{"url":"https:\/\/interpim.erresse-shop.it\/wp-content\/uploads\/2024\/05\/NINJA-Woodifire-Stand-Universale.jpg\/ninja-woodifire-stand-universale.jpg","width":1024,"height":1024,"type":"image\/jpeg"}],"twitter_card":"summary_large_image","twitter_image":"https:\/\/interpim.erresse-shop.it\/wp-content\/uploads\/2024\/05\/NINJA-Woodifire-Stand-Universale.jpg\/ninja-woodifire-stand-universale.jpg","schema":{"@context":"https:\/\/schema.org","@graph":[{"@type":"WebPage","@id":"https:\/\/dev6.erresse-shop.it\/fr\/shop\/petits-electromenagers\/fours\/support-universel-ninja-woodifire\/","url":"https:\/\/dev6.erresse-shop.it\/fr\/shop\/petits-electromenagers\/fours\/support-universel-ninja-woodifire\/","name":"Support universel NINJA Woodifire - dev6 Erresse","isPartOf":{"@id":"https:\/\/dev6.erresse-shop.it\/#website"},"primaryImageOfPage":{"@id":"https:\/\/dev6.erresse-shop.it\/fr\/shop\/petits-electromenagers\/fours\/support-universel-ninja-woodifire\/#primaryimage"},"image":{"@id":"https:\/\/dev6.erresse-shop.it\/fr\/shop\/petits-electromenagers\/fours\/support-universel-ninja-woodifire\/#primaryimage"},"thumbnailUrl":"https:\/\/i0.wp.com\/interpim.erresse-shop.it\/wp-content\/uploads\/2024\/05\/NINJA-Woodifire-Stand-Universale.jpg\/ninja-woodifire-stand-universale.jpg?ssl=1","datePublished":"2026-04-29T06:44:55+00:00","description":"\u00c9levez votre station de cuisson ext\u00e9rieure vers de nouveaux sommets avec ce support et cette table durables et r\u00e9glables pour votre four ext\u00e9rieur Ninja","breadcrumb":{"@id":"https:\/\/dev6.erresse-shop.it\/fr\/shop\/petits-electromenagers\/fours\/support-universel-ninja-woodifire\/#breadcrumb"},"inLanguage":"fr-FR","potentialAction":[{"@type":"ReadAction","target":["https:\/\/dev6.erresse-shop.it\/fr\/shop\/petits-electromenagers\/fours\/support-universel-ninja-woodifire\/"]}]},{"@type":"ImageObject","inLanguage":"fr-FR","@id":"https:\/\/dev6.erresse-shop.it\/fr\/shop\/petits-electromenagers\/fours\/support-universel-ninja-woodifire\/#primaryimage","url":"https:\/\/i0.wp.com\/interpim.erresse-shop.it\/wp-content\/uploads\/2024\/05\/NINJA-Woodifire-Stand-Universale.jpg\/ninja-woodifire-stand-universale.jpg?ssl=1","contentUrl":"https:\/\/i0.wp.com\/interpim.erresse-shop.it\/wp-content\/uploads\/2024\/05\/NINJA-Woodifire-Stand-Universale.jpg\/ninja-woodifire-stand-universale.jpg?ssl=1"},{"@type":"BreadcrumbList","@id":"https:\/\/dev6.erresse-shop.it\/fr\/shop\/petits-electromenagers\/fours\/support-universel-ninja-woodifire\/#breadcrumb","itemListElement":[{"@type":"ListItem","position":1,"name":"Home","item":"https:\/\/dev6.erresse-shop.it\/"},{"@type":"ListItem","position":2,"name":"Boutique","item":"https:\/\/dev6.erresse-shop.it\/shop\/"},{"@type":"ListItem","position":3,"name":"Support universel NINJA Woodifire"}]},{"@type":"WebSite","@id":"https:\/\/dev6.erresse-shop.it\/#website","url":"https:\/\/dev6.erresse-shop.it\/","name":"Erresse Shop","description":"","publisher":{"@id":"https:\/\/dev6.erresse-shop.it\/#organization"},"potentialAction":[{"@type":"SearchAction","target":{"@type":"EntryPoint","urlTemplate":"https:\/\/dev6.erresse-shop.it\/?s={search_term_string}"},"query-input":{"@type":"PropertyValueSpecification","valueRequired":true,"valueName":"search_term_string"}}],"inLanguage":"fr-FR"},{"@type":"Organization","@id":"https:\/\/dev6.erresse-shop.it\/#organization","name":"Erresse Shop","url":"https:\/\/dev6.erresse-shop.it\/","logo":{"@type":"ImageObject","inLanguage":"fr-FR","@id":"https:\/\/dev6.erresse-shop.it\/#\/schema\/logo\/image\/","url":"https:\/\/dev6.erresse-shop.it\/wp-content\/uploads\/2025\/01\/LOGO-ERRESSE-CLASSICO.svg","contentUrl":"https:\/\/dev6.erresse-shop.it\/wp-content\/uploads\/2025\/01\/LOGO-ERRESSE-CLASSICO.svg","caption":"Erresse Shop"},"image":{"@id":"https:\/\/dev6.erresse-shop.it\/#\/schema\/logo\/image\/"}}]}},"df_price":149.99,"df_sale_price":"","df_regular_price":149.99,"df_image_link":"https:\/\/i0.wp.com\/interpim.erresse-shop.it\/wp-content\/uploads\/2024\/05\/NINJA-Woodifire-Stand-Universale.jpg\/ninja-woodifire-stand-universale.jpg?resize=300,300&ssl=1","fifu_image_url":"https:\/\/interpim.erresse-shop.it\/wp-content\/uploads\/2024\/05\/NINJA-Woodifire-Stand-Universale.jpg\/ninja-woodifire-stand-universale.jpg","_links":{"self":[{"href":"https:\/\/dev6.erresse-shop.it\/fr\/wp-json\/wp\/v2\/product\/56657","targetHints":{"allow":["GET"]}}],"collection":[{"href":"https:\/\/dev6.erresse-shop.it\/fr\/wp-json\/wp\/v2\/product"}],"about":[{"href":"https:\/\/dev6.erresse-shop.it\/fr\/wp-json\/wp\/v2\/types\/product"}],"wp:featuredmedia":[{"embeddable":true,"href":"https:\/\/dev6.erresse-shop.it\/fr\/wp-json\/wp\/v2\/media\/6946285"}],"wp:attachment":[{"href":"https:\/\/dev6.erresse-shop.it\/fr\/wp-json\/wp\/v2\/media?parent=56657"}],"wp:term":[{"taxonomy":"product_cat","embeddable":true,"href":"https:\/\/dev6.erresse-shop.it\/fr\/wp-json\/wp\/v2\/product_cat?post=56657"},{"taxonomy":"product_tag","embeddable":true,"href":"https:\/\/dev6.erresse-shop.it\/fr\/wp-json\/wp\/v2\/product_tag?post=56657"}],"curies":[{"name":"wp","href":"https:\/\/api.w.org\/{rel}","templated":true}]}}