{"id":56655,"date":"2026-04-26T18:46:32","date_gmt":"2026-04-26T16:46:32","guid":{"rendered":"https:\/\/dev6.erresse-shop.it\/shop\/non%20class\u00e9\/ninja-combi-cooker\/"},"modified":"2025-07-04T15:37:35","modified_gmt":"2025-07-04T13:37:35","slug":"ninja-combi-cooker","status":"publish","type":"product","link":"https:\/\/dev6.erresse-shop.it\/fr\/shop\/petits-electromenagers\/fours\/ninja-combi-cooker\/","title":{"rendered":"NINJA Combi Cooker"},"content":{"rendered":"<p>Le Ninja Combi est un multicuiseur innovant qui r\u00e9volutionne la cuisine gr\u00e2ce \u00e0 sa polyvalence et \u00e0 sa praticit\u00e9. Avec 12 programmes diff\u00e9rents, il exploite la puissance de la vapeur chaude pour cuisiner rapidement une vari\u00e9t\u00e9 de plats, de la friture \u00e0 l\u2019air \u00e0 la cuisson des aliments surgel\u00e9s.<\/p>\n<p>D\u2019une capacit\u00e9 de 12,5 litres, il vous permet de pr\u00e9parer des repas pour toute la famille en seulement 15 minutes, \u00e9liminant ainsi le stress li\u00e9 \u00e0 l\u2019utilisation de plusieurs appareils \u00e0 la fois. Les technologies HyperSteam et Air Fry assurent une cuisson rapide et homog\u00e8ne, vous permettant de cuisiner jusqu\u2019\u00e0 50 % plus vite qu\u2019avec un four traditionnel.<\/p>\n<p>Le Ninja Combi propose un mode Combi Cooker pour cuisiner rapidement des repas complets, y compris des r\u00f4tis et des pains, et un mode Air Fry\/Hob pour reproduire la cuisson traditionnelle, la cuisson \u00e0 la po\u00eale et la friture \u00e0 l\u2019air.<\/p>\n<p>Facile \u00e0 utiliser gr\u00e2ce au panneau de commande intuitif et au bouton SmartSwitch, le multicuiseur dispose \u00e9galement d\u2019une fen\u00eatre pratique pour surveiller la cuisson et d\u2019une garantie de 2 ans pour assurer votre tranquillit\u00e9 d\u2019esprit.<\/p>\n<p>L\u2019emballage comprend un plateau de cuisson Combi, une po\u00eale Combi, une plaque de cuisson antiadh\u00e9sive et un livre de recettes cr\u00e9\u00e9 par un chef, qui vous guidera dans la pr\u00e9paration de d\u00e9licieux plats pour toute la famille.<\/p>\n<p>FICHE TECHNIQUE :<\/p>\n<p>Capacit\u00e9 de 12,5 litres, id\u00e9ale pour les repas en famille<br \/>\nCombine multicuiseur, four et friteuse en un seul appareil<br \/>\n12 fonctions de cuisson, dont les plats combin\u00e9s, la cuisson \u00e0 la vapeur et la friture \u00e0 l\u2019air chaud<br \/>\nR\u00e9glages de temp\u00e9rature polyvalents pour des r\u00e9sultats parfaits<br \/>\nAccessoires faciles \u00e0 nettoyer et lavables au lave-vaisselle<br \/>\nPr\u00e9parez des repas pour toute la famille en seulement 15 minutes<br \/>\nCombinaison po\u00eale \u00e9maill\u00e9e et po\u00eale \u00e0 frire pour une cuisine polyvalente<br \/>\nFonction de maintien au chaud automatique pour des repas toujours chauds<br \/>\nDimensions (HxLxP)\/poids : 40 x 38 x 31 cm, 4,4 kg \u2013 Peu encombrant et l\u00e9ger<\/p>\n<p>PACKAGE<\/p>\n<p>Cuisini\u00e8re combin\u00e9e<br \/>\nPlateau de cuisson<br \/>\nMarmite combin\u00e9e<br \/>\nBac \u00e0 l\u00e9gumes<br \/>\nLivre de cuisine<\/p>\n<p>Pas de vente en dehors de l\u2019Europe<\/p>\n","protected":false},"excerpt":{"rendered":"<p>Le Ninja Combi est un multicuiseur innovant qui r\u00e9volutionne la cuisine gr\u00e2ce \u00e0 sa polyvalence et \u00e0 sa praticit\u00e9. Avec 12 programmes diff\u00e9rents, il exploite la puissance de la vapeur chaude pour cuisiner rapidement une vari\u00e9t\u00e9 de plats, de la friture \u00e0 l\u2019air \u00e0 la cuisson des aliments surgel\u00e9s. D\u2019une capacit\u00e9 de 12,5 litres, il [&hellip;]<\/p>\n","protected":false},"featured_media":6904288,"template":"","meta":{"_acf_changed":false},"product_cat":[11761,12085,12055],"product_tag":[],"class_list":{"0":"post-56655","1":"product","2":"type-product","3":"status-publish","4":"has-post-thumbnail","6":"product_cat-forni","7":"product_cat-fours","8":"product_cat-petits-electromenagers","10":"first","11":"instock","12":"taxable","13":"shipping-taxable","14":"purchasable","15":"product-type-simple","swatches":"rey-swatches","show_selected":"","stretch_labels":"rey-swatches--stretch-labels"},"acf":[],"yoast_head":"<!-- This site is optimized with the Yoast SEO plugin v25.4 - https:\/\/yoast.com\/wordpress\/plugins\/seo\/ -->\n<title>NINJA Combi Cooker - dev6 Erresse<\/title>\n<meta name=\"description\" content=\"Le Ninja Combi est un multicuiseur innovant qui r\u00e9volutionne la cuisine gr\u00e2ce \u00e0 sa polyvalence et \u00e0 sa praticit\u00e9. Avec 12 programmes diff\u00e9rents, il\" \/>\n<meta name=\"robots\" content=\"noindex, follow, max-snippet:-1, max-image-preview:large, max-video-preview:-1\" \/>\n<meta property=\"og:locale\" content=\"fr_FR\" \/>\n<meta property=\"og:type\" content=\"article\" \/>\n<meta property=\"og:title\" content=\"NINJA Combi Cooker - dev6 Erresse\" \/>\n<meta property=\"og:description\" content=\"Le Ninja Combi est un multicuiseur innovant qui r\u00e9volutionne la cuisine gr\u00e2ce \u00e0 sa polyvalence et \u00e0 sa praticit\u00e9. Avec 12 programmes diff\u00e9rents, il\" \/>\n<meta property=\"og:url\" content=\"https:\/\/dev6.erresse-shop.it\/fr\/shop\/petits-electromenagers\/fours\/ninja-combi-cooker\/\" \/>\n<meta property=\"og:site_name\" content=\"dev6 Erresse\" \/>\n<meta property=\"og:image\" content=\"https:\/\/interpim.erresse-shop.it\/img-catalogo\/ninja\/ninja-combi-cooker.jpg\" \/><meta property=\"og:image\" content=\"https:\/\/interpim.erresse-shop.it\/img-catalogo\/ninja\/ninja-combi-cooker.jpg\" \/>\n\t<meta property=\"og:image:width\" content=\"1024\" \/>\n\t<meta property=\"og:image:height\" content=\"1024\" \/>\n\t<meta property=\"og:image:type\" content=\"image\/jpeg\" \/>\n<meta name=\"twitter:card\" content=\"summary_large_image\" \/>\n<meta name=\"twitter:image\" content=\"https:\/\/interpim.erresse-shop.it\/img-catalogo\/ninja\/ninja-combi-cooker.jpg\" \/>\n<script type=\"application\/ld+json\" class=\"yoast-schema-graph\">{\"@context\":\"https:\/\/schema.org\",\"@graph\":[{\"@type\":\"WebPage\",\"@id\":\"https:\/\/dev6.erresse-shop.it\/fr\/shop\/petits-electromenagers\/fours\/ninja-combi-cooker\/\",\"url\":\"https:\/\/dev6.erresse-shop.it\/fr\/shop\/petits-electromenagers\/fours\/ninja-combi-cooker\/\",\"name\":\"NINJA Combi Cooker - dev6 Erresse\",\"isPartOf\":{\"@id\":\"https:\/\/dev6.erresse-shop.it\/#website\"},\"primaryImageOfPage\":{\"@id\":\"https:\/\/dev6.erresse-shop.it\/fr\/shop\/petits-electromenagers\/fours\/ninja-combi-cooker\/#primaryimage\"},\"image\":{\"@id\":\"https:\/\/dev6.erresse-shop.it\/fr\/shop\/petits-electromenagers\/fours\/ninja-combi-cooker\/#primaryimage\"},\"thumbnailUrl\":\"https:\/\/i3.wp.com\/interpim.erresse-shop.it\/img-catalogo\/ninja\/ninja-combi-cooker.jpg?ssl=1\",\"datePublished\":\"2026-04-26T16:46:32+00:00\",\"description\":\"Le Ninja Combi est un multicuiseur innovant qui r\u00e9volutionne la cuisine gr\u00e2ce \u00e0 sa polyvalence et \u00e0 sa praticit\u00e9. Avec 12 programmes diff\u00e9rents, il\",\"breadcrumb\":{\"@id\":\"https:\/\/dev6.erresse-shop.it\/fr\/shop\/petits-electromenagers\/fours\/ninja-combi-cooker\/#breadcrumb\"},\"inLanguage\":\"fr-FR\",\"potentialAction\":[{\"@type\":\"ReadAction\",\"target\":[\"https:\/\/dev6.erresse-shop.it\/fr\/shop\/petits-electromenagers\/fours\/ninja-combi-cooker\/\"]}]},{\"@type\":\"ImageObject\",\"inLanguage\":\"fr-FR\",\"@id\":\"https:\/\/dev6.erresse-shop.it\/fr\/shop\/petits-electromenagers\/fours\/ninja-combi-cooker\/#primaryimage\",\"url\":\"https:\/\/i3.wp.com\/interpim.erresse-shop.it\/img-catalogo\/ninja\/ninja-combi-cooker.jpg?ssl=1\",\"contentUrl\":\"https:\/\/i3.wp.com\/interpim.erresse-shop.it\/img-catalogo\/ninja\/ninja-combi-cooker.jpg?ssl=1\"},{\"@type\":\"BreadcrumbList\",\"@id\":\"https:\/\/dev6.erresse-shop.it\/fr\/shop\/petits-electromenagers\/fours\/ninja-combi-cooker\/#breadcrumb\",\"itemListElement\":[{\"@type\":\"ListItem\",\"position\":1,\"name\":\"Home\",\"item\":\"https:\/\/dev6.erresse-shop.it\/\"},{\"@type\":\"ListItem\",\"position\":2,\"name\":\"Boutique\",\"item\":\"https:\/\/dev6.erresse-shop.it\/shop\/\"},{\"@type\":\"ListItem\",\"position\":3,\"name\":\"NINJA Combi Cooker\"}]},{\"@type\":\"WebSite\",\"@id\":\"https:\/\/dev6.erresse-shop.it\/#website\",\"url\":\"https:\/\/dev6.erresse-shop.it\/\",\"name\":\"Erresse Shop\",\"description\":\"\",\"publisher\":{\"@id\":\"https:\/\/dev6.erresse-shop.it\/#organization\"},\"potentialAction\":[{\"@type\":\"SearchAction\",\"target\":{\"@type\":\"EntryPoint\",\"urlTemplate\":\"https:\/\/dev6.erresse-shop.it\/?s={search_term_string}\"},\"query-input\":{\"@type\":\"PropertyValueSpecification\",\"valueRequired\":true,\"valueName\":\"search_term_string\"}}],\"inLanguage\":\"fr-FR\"},{\"@type\":\"Organization\",\"@id\":\"https:\/\/dev6.erresse-shop.it\/#organization\",\"name\":\"Erresse Shop\",\"url\":\"https:\/\/dev6.erresse-shop.it\/\",\"logo\":{\"@type\":\"ImageObject\",\"inLanguage\":\"fr-FR\",\"@id\":\"https:\/\/dev6.erresse-shop.it\/#\/schema\/logo\/image\/\",\"url\":\"https:\/\/dev6.erresse-shop.it\/wp-content\/uploads\/2025\/01\/LOGO-ERRESSE-CLASSICO.svg\",\"contentUrl\":\"https:\/\/dev6.erresse-shop.it\/wp-content\/uploads\/2025\/01\/LOGO-ERRESSE-CLASSICO.svg\",\"caption\":\"Erresse Shop\"},\"image\":{\"@id\":\"https:\/\/dev6.erresse-shop.it\/#\/schema\/logo\/image\/\"}}]}<\/script>\n<!-- \/ Yoast SEO plugin. -->","yoast_head_json":{"title":"NINJA Combi Cooker - dev6 Erresse","description":"Le Ninja Combi est un multicuiseur innovant qui r\u00e9volutionne la cuisine gr\u00e2ce \u00e0 sa polyvalence et \u00e0 sa praticit\u00e9. Avec 12 programmes diff\u00e9rents, il","robots":{"index":"noindex","follow":"follow","max-snippet":"max-snippet:-1","max-image-preview":"max-image-preview:large","max-video-preview":"max-video-preview:-1"},"og_locale":"fr_FR","og_type":"article","og_title":"NINJA Combi Cooker - dev6 Erresse","og_description":"Le Ninja Combi est un multicuiseur innovant qui r\u00e9volutionne la cuisine gr\u00e2ce \u00e0 sa polyvalence et \u00e0 sa praticit\u00e9. Avec 12 programmes diff\u00e9rents, il","og_url":"https:\/\/dev6.erresse-shop.it\/fr\/shop\/petits-electromenagers\/fours\/ninja-combi-cooker\/","og_site_name":"dev6 Erresse","og_image":[{"url":"https:\/\/interpim.erresse-shop.it\/img-catalogo\/ninja\/ninja-combi-cooker.jpg","type":"","width":"","height":""},{"url":"https:\/\/interpim.erresse-shop.it\/img-catalogo\/ninja\/ninja-combi-cooker.jpg","width":1024,"height":1024,"type":"image\/jpeg"}],"twitter_card":"summary_large_image","twitter_image":"https:\/\/interpim.erresse-shop.it\/img-catalogo\/ninja\/ninja-combi-cooker.jpg","schema":{"@context":"https:\/\/schema.org","@graph":[{"@type":"WebPage","@id":"https:\/\/dev6.erresse-shop.it\/fr\/shop\/petits-electromenagers\/fours\/ninja-combi-cooker\/","url":"https:\/\/dev6.erresse-shop.it\/fr\/shop\/petits-electromenagers\/fours\/ninja-combi-cooker\/","name":"NINJA Combi Cooker - dev6 Erresse","isPartOf":{"@id":"https:\/\/dev6.erresse-shop.it\/#website"},"primaryImageOfPage":{"@id":"https:\/\/dev6.erresse-shop.it\/fr\/shop\/petits-electromenagers\/fours\/ninja-combi-cooker\/#primaryimage"},"image":{"@id":"https:\/\/dev6.erresse-shop.it\/fr\/shop\/petits-electromenagers\/fours\/ninja-combi-cooker\/#primaryimage"},"thumbnailUrl":"https:\/\/i3.wp.com\/interpim.erresse-shop.it\/img-catalogo\/ninja\/ninja-combi-cooker.jpg?ssl=1","datePublished":"2026-04-26T16:46:32+00:00","description":"Le Ninja Combi est un multicuiseur innovant qui r\u00e9volutionne la cuisine gr\u00e2ce \u00e0 sa polyvalence et \u00e0 sa praticit\u00e9. Avec 12 programmes diff\u00e9rents, il","breadcrumb":{"@id":"https:\/\/dev6.erresse-shop.it\/fr\/shop\/petits-electromenagers\/fours\/ninja-combi-cooker\/#breadcrumb"},"inLanguage":"fr-FR","potentialAction":[{"@type":"ReadAction","target":["https:\/\/dev6.erresse-shop.it\/fr\/shop\/petits-electromenagers\/fours\/ninja-combi-cooker\/"]}]},{"@type":"ImageObject","inLanguage":"fr-FR","@id":"https:\/\/dev6.erresse-shop.it\/fr\/shop\/petits-electromenagers\/fours\/ninja-combi-cooker\/#primaryimage","url":"https:\/\/i3.wp.com\/interpim.erresse-shop.it\/img-catalogo\/ninja\/ninja-combi-cooker.jpg?ssl=1","contentUrl":"https:\/\/i3.wp.com\/interpim.erresse-shop.it\/img-catalogo\/ninja\/ninja-combi-cooker.jpg?ssl=1"},{"@type":"BreadcrumbList","@id":"https:\/\/dev6.erresse-shop.it\/fr\/shop\/petits-electromenagers\/fours\/ninja-combi-cooker\/#breadcrumb","itemListElement":[{"@type":"ListItem","position":1,"name":"Home","item":"https:\/\/dev6.erresse-shop.it\/"},{"@type":"ListItem","position":2,"name":"Boutique","item":"https:\/\/dev6.erresse-shop.it\/shop\/"},{"@type":"ListItem","position":3,"name":"NINJA Combi Cooker"}]},{"@type":"WebSite","@id":"https:\/\/dev6.erresse-shop.it\/#website","url":"https:\/\/dev6.erresse-shop.it\/","name":"Erresse Shop","description":"","publisher":{"@id":"https:\/\/dev6.erresse-shop.it\/#organization"},"potentialAction":[{"@type":"SearchAction","target":{"@type":"EntryPoint","urlTemplate":"https:\/\/dev6.erresse-shop.it\/?s={search_term_string}"},"query-input":{"@type":"PropertyValueSpecification","valueRequired":true,"valueName":"search_term_string"}}],"inLanguage":"fr-FR"},{"@type":"Organization","@id":"https:\/\/dev6.erresse-shop.it\/#organization","name":"Erresse Shop","url":"https:\/\/dev6.erresse-shop.it\/","logo":{"@type":"ImageObject","inLanguage":"fr-FR","@id":"https:\/\/dev6.erresse-shop.it\/#\/schema\/logo\/image\/","url":"https:\/\/dev6.erresse-shop.it\/wp-content\/uploads\/2025\/01\/LOGO-ERRESSE-CLASSICO.svg","contentUrl":"https:\/\/dev6.erresse-shop.it\/wp-content\/uploads\/2025\/01\/LOGO-ERRESSE-CLASSICO.svg","caption":"Erresse Shop"},"image":{"@id":"https:\/\/dev6.erresse-shop.it\/#\/schema\/logo\/image\/"}}]}},"df_price":279.99,"df_sale_price":"","df_regular_price":279.99,"df_image_link":"https:\/\/i3.wp.com\/interpim.erresse-shop.it\/img-catalogo\/ninja\/ninja-combi-cooker.jpg?resize=300,300&ssl=1","fifu_image_url":"https:\/\/interpim.erresse-shop.it\/img-catalogo\/ninja\/ninja-combi-cooker.jpg","_links":{"self":[{"href":"https:\/\/dev6.erresse-shop.it\/fr\/wp-json\/wp\/v2\/product\/56655","targetHints":{"allow":["GET"]}}],"collection":[{"href":"https:\/\/dev6.erresse-shop.it\/fr\/wp-json\/wp\/v2\/product"}],"about":[{"href":"https:\/\/dev6.erresse-shop.it\/fr\/wp-json\/wp\/v2\/types\/product"}],"wp:featuredmedia":[{"embeddable":true,"href":"https:\/\/dev6.erresse-shop.it\/fr\/wp-json\/wp\/v2\/media\/6904288"}],"wp:attachment":[{"href":"https:\/\/dev6.erresse-shop.it\/fr\/wp-json\/wp\/v2\/media?parent=56655"}],"wp:term":[{"taxonomy":"product_cat","embeddable":true,"href":"https:\/\/dev6.erresse-shop.it\/fr\/wp-json\/wp\/v2\/product_cat?post=56655"},{"taxonomy":"product_tag","embeddable":true,"href":"https:\/\/dev6.erresse-shop.it\/fr\/wp-json\/wp\/v2\/product_tag?post=56655"}],"curies":[{"name":"wp","href":"https:\/\/api.w.org\/{rel}","templated":true}]}}