{"id":56647,"date":"2026-04-10T08:42:31","date_gmt":"2026-04-10T06:42:31","guid":{"rendered":"https:\/\/dev6.erresse-shop.it\/shop\/non%20class\u00e9\/ninja-machine-a-glace-creami\/"},"modified":"2025-07-04T15:37:29","modified_gmt":"2025-07-04T13:37:29","slug":"ninja-machine-a-glace-creami","status":"publish","type":"product","link":"https:\/\/dev6.erresse-shop.it\/fr\/shop\/petits-electromenagers\/sorbetieres\/ninja-machine-a-glace-creami\/","title":{"rendered":"NINJA Machine \u00e0 glace Creami"},"content":{"rendered":"<p>Machine \u00e0 glace avec 7 programmes s\u00e9lectionnables via l\u2019\u00e9cran tactile : glace, glace artisanale \u00e0 l\u2019italienne, sorbet, smoothie bowl, glace l\u00e9g\u00e8re, milkshake et ajouts suppl\u00e9mentaires. Accessoires lavables au lave-vaisselle. Comprend 3 paniers pour pr\u00e9parer jusqu\u2019\u00e0 1,4 litre de d\u00e9licieuse glace.<br \/>\nCr\u00e9ez et personnalisez de d\u00e9licieuses gourmandises faites maison, comme vous les aimez. D\u00e9gustez des cr\u00e8mes glac\u00e9es exquises, des glaces cr\u00e9meuses, des milkshakes \u00e9tonnants, des sorbets aux baies, des yaourts glac\u00e9s, des smoothie bowls sans culpabilit\u00e9 et bien d\u2019autres choses encore.<br \/>\nIl suffit de remplir le panier d\u2019ingr\u00e9dients, de le congeler pendant 24 heures, puis de le baratter \u00e0 la perfection en quelques minutes. Exag\u00e9r\u00e9, faible en sucre, sans produits laitiers ou v\u00e9g\u00e9talien \u2013 \u00e0 vous de choisir !<br \/>\nUtilisez le programme Extra pour personnaliser votre friandise, en r\u00e9partissant uniform\u00e9ment les p\u00e9pites de chocolat, les bonbons, les noisettes et les biscuits \u00e9miett\u00e9s dans le panier avec pr\u00e9cision et contr\u00f4le.<br \/>\nPlus que de la cr\u00e8me glac\u00e9e : cr\u00e9ez des boissons, des desserts et des friandises \u00e0 tout moment de la journ\u00e9e gr\u00e2ce aux 6 programmes pr\u00e9r\u00e9gl\u00e9s : Cr\u00e8me glac\u00e9e, Cr\u00e8me glac\u00e9e artisanale, Sorbet, Bol \u00e0 smoothie, Cr\u00e8me glac\u00e9e l\u00e9g\u00e8re et Milkshake.<br \/>\nLes \u00e9l\u00e9ments amovibles passent au lave-vaisselle pour un nettoyage facile.<\/p>\n<p>FICHE DE DONN\u00c9ES :<\/p>\n<p>Couleur : Noir\/Gris<\/p>\n<p>Poids du produit : 6,4 kg<\/p>\n<p>Garantie : 2 ans<\/p>\n<p>Pieds antid\u00e9rapants : oui<\/p>\n<p>Dimensions du produit (cm) : H 40,5 cm X L 16,5 cm X P 27 cm<\/p>\n<p>Programmes\/Fonctions :<\/p>\n<p>1. Cr\u00e8me glac\u00e9e<\/p>\n<p>2. Gelato light<\/p>\n<p>3. Glace artisanale<\/p>\n<p>4. Sorbet<\/p>\n<p>5. Bol de smoothie<\/p>\n<p>6. Milkshake<\/p>\n<p>CONTIENT :<\/p>\n<p>Base moteur 800 W<\/p>\n<p>3 x paniers \u00e0 dessert avec couvercles<\/p>\n<p>1 x R\u00e9cipient ext\u00e9rieur et couvercle<\/p>\n<p>1 x Pale de mixage<\/p>\n<p>Non disponible \u00e0 la vente en dehors de l\u2019Europe<\/p>\n","protected":false},"excerpt":{"rendered":"<p>Machine \u00e0 glace avec 7 programmes s\u00e9lectionnables via l\u2019\u00e9cran tactile : glace, glace artisanale \u00e0 l\u2019italienne, sorbet, smoothie bowl, glace l\u00e9g\u00e8re, milkshake et ajouts suppl\u00e9mentaires. Accessoires lavables au lave-vaisselle. Comprend 3 paniers pour pr\u00e9parer jusqu\u2019\u00e0 1,4 litre de d\u00e9licieuse glace. Cr\u00e9ez et personnalisez de d\u00e9licieuses gourmandises faites maison, comme vous les aimez. D\u00e9gustez des cr\u00e8mes [&hellip;]<\/p>\n","protected":false},"featured_media":6298615,"template":"","meta":{"_acf_changed":false},"product_cat":[11738,12055,12062],"product_tag":[],"class_list":{"0":"post-56647","1":"product","2":"type-product","3":"status-publish","4":"has-post-thumbnail","6":"product_cat-gelatiere","7":"product_cat-petits-electromenagers","8":"product_cat-sorbetieres","10":"first","11":"instock","12":"taxable","13":"shipping-taxable","14":"purchasable","15":"product-type-simple","swatches":"rey-swatches","show_selected":"","stretch_labels":"rey-swatches--stretch-labels"},"acf":[],"yoast_head":"<!-- This site is optimized with the Yoast SEO plugin v25.4 - https:\/\/yoast.com\/wordpress\/plugins\/seo\/ -->\n<title>NINJA Machine \u00e0 glace Creami - dev6 Erresse<\/title>\n<meta name=\"description\" content=\"Machine \u00e0 glace avec 7 programmes s\u00e9lectionnables via l\u2019\u00e9cran tactile : glace, glace artisanale \u00e0 l\u2019italienne, sorbet, smoothie bowl, glace l\u00e9g\u00e8re,\" \/>\n<meta name=\"robots\" content=\"noindex, follow, max-snippet:-1, max-image-preview:large, max-video-preview:-1\" \/>\n<meta property=\"og:locale\" content=\"fr_FR\" \/>\n<meta property=\"og:type\" content=\"article\" \/>\n<meta property=\"og:title\" content=\"NINJA Machine \u00e0 glace Creami - dev6 Erresse\" \/>\n<meta property=\"og:description\" content=\"Machine \u00e0 glace avec 7 programmes s\u00e9lectionnables via l\u2019\u00e9cran tactile : glace, glace artisanale \u00e0 l\u2019italienne, sorbet, smoothie bowl, glace l\u00e9g\u00e8re,\" \/>\n<meta property=\"og:url\" content=\"https:\/\/dev6.erresse-shop.it\/fr\/shop\/petits-electromenagers\/sorbetieres\/ninja-machine-a-glace-creami\/\" \/>\n<meta property=\"og:site_name\" content=\"dev6 Erresse\" \/>\n<meta property=\"og:image\" content=\"https:\/\/interpim.erresse-shop.it\/wp-content\/uploads\/2024\/03\/NINJA-Creami-Gelatiera.jpg\/ninja-creami-gelatiera.jpg\" \/><meta property=\"og:image\" content=\"https:\/\/interpim.erresse-shop.it\/wp-content\/uploads\/2024\/03\/NINJA-Creami-Gelatiera.jpg\/ninja-creami-gelatiera.jpg\" \/>\n\t<meta property=\"og:image:width\" content=\"1024\" \/>\n\t<meta property=\"og:image:height\" content=\"1024\" \/>\n\t<meta property=\"og:image:type\" content=\"image\/jpeg\" \/>\n<meta name=\"twitter:card\" content=\"summary_large_image\" \/>\n<meta name=\"twitter:image\" content=\"https:\/\/interpim.erresse-shop.it\/wp-content\/uploads\/2024\/03\/NINJA-Creami-Gelatiera.jpg\/ninja-creami-gelatiera.jpg\" \/>\n<script type=\"application\/ld+json\" class=\"yoast-schema-graph\">{\"@context\":\"https:\/\/schema.org\",\"@graph\":[{\"@type\":\"WebPage\",\"@id\":\"https:\/\/dev6.erresse-shop.it\/fr\/shop\/petits-electromenagers\/sorbetieres\/ninja-machine-a-glace-creami\/\",\"url\":\"https:\/\/dev6.erresse-shop.it\/fr\/shop\/petits-electromenagers\/sorbetieres\/ninja-machine-a-glace-creami\/\",\"name\":\"NINJA Machine \u00e0 glace Creami - dev6 Erresse\",\"isPartOf\":{\"@id\":\"https:\/\/dev6.erresse-shop.it\/#website\"},\"primaryImageOfPage\":{\"@id\":\"https:\/\/dev6.erresse-shop.it\/fr\/shop\/petits-electromenagers\/sorbetieres\/ninja-machine-a-glace-creami\/#primaryimage\"},\"image\":{\"@id\":\"https:\/\/dev6.erresse-shop.it\/fr\/shop\/petits-electromenagers\/sorbetieres\/ninja-machine-a-glace-creami\/#primaryimage\"},\"thumbnailUrl\":\"https:\/\/i0.wp.com\/interpim.erresse-shop.it\/wp-content\/uploads\/2024\/03\/NINJA-Creami-Gelatiera.jpg\/ninja-creami-gelatiera.jpg?ssl=1\",\"datePublished\":\"2026-04-10T06:42:31+00:00\",\"description\":\"Machine \u00e0 glace avec 7 programmes s\u00e9lectionnables via l\u2019\u00e9cran tactile : glace, glace artisanale \u00e0 l\u2019italienne, sorbet, smoothie bowl, glace l\u00e9g\u00e8re,\",\"breadcrumb\":{\"@id\":\"https:\/\/dev6.erresse-shop.it\/fr\/shop\/petits-electromenagers\/sorbetieres\/ninja-machine-a-glace-creami\/#breadcrumb\"},\"inLanguage\":\"fr-FR\",\"potentialAction\":[{\"@type\":\"ReadAction\",\"target\":[\"https:\/\/dev6.erresse-shop.it\/fr\/shop\/petits-electromenagers\/sorbetieres\/ninja-machine-a-glace-creami\/\"]}]},{\"@type\":\"ImageObject\",\"inLanguage\":\"fr-FR\",\"@id\":\"https:\/\/dev6.erresse-shop.it\/fr\/shop\/petits-electromenagers\/sorbetieres\/ninja-machine-a-glace-creami\/#primaryimage\",\"url\":\"https:\/\/i0.wp.com\/interpim.erresse-shop.it\/wp-content\/uploads\/2024\/03\/NINJA-Creami-Gelatiera.jpg\/ninja-creami-gelatiera.jpg?ssl=1\",\"contentUrl\":\"https:\/\/i0.wp.com\/interpim.erresse-shop.it\/wp-content\/uploads\/2024\/03\/NINJA-Creami-Gelatiera.jpg\/ninja-creami-gelatiera.jpg?ssl=1\"},{\"@type\":\"BreadcrumbList\",\"@id\":\"https:\/\/dev6.erresse-shop.it\/fr\/shop\/petits-electromenagers\/sorbetieres\/ninja-machine-a-glace-creami\/#breadcrumb\",\"itemListElement\":[{\"@type\":\"ListItem\",\"position\":1,\"name\":\"Home\",\"item\":\"https:\/\/dev6.erresse-shop.it\/\"},{\"@type\":\"ListItem\",\"position\":2,\"name\":\"Boutique\",\"item\":\"https:\/\/dev6.erresse-shop.it\/shop\/\"},{\"@type\":\"ListItem\",\"position\":3,\"name\":\"NINJA Machine \u00e0 glace Creami\"}]},{\"@type\":\"WebSite\",\"@id\":\"https:\/\/dev6.erresse-shop.it\/#website\",\"url\":\"https:\/\/dev6.erresse-shop.it\/\",\"name\":\"Erresse Shop\",\"description\":\"\",\"publisher\":{\"@id\":\"https:\/\/dev6.erresse-shop.it\/#organization\"},\"potentialAction\":[{\"@type\":\"SearchAction\",\"target\":{\"@type\":\"EntryPoint\",\"urlTemplate\":\"https:\/\/dev6.erresse-shop.it\/?s={search_term_string}\"},\"query-input\":{\"@type\":\"PropertyValueSpecification\",\"valueRequired\":true,\"valueName\":\"search_term_string\"}}],\"inLanguage\":\"fr-FR\"},{\"@type\":\"Organization\",\"@id\":\"https:\/\/dev6.erresse-shop.it\/#organization\",\"name\":\"Erresse Shop\",\"url\":\"https:\/\/dev6.erresse-shop.it\/\",\"logo\":{\"@type\":\"ImageObject\",\"inLanguage\":\"fr-FR\",\"@id\":\"https:\/\/dev6.erresse-shop.it\/#\/schema\/logo\/image\/\",\"url\":\"https:\/\/dev6.erresse-shop.it\/wp-content\/uploads\/2025\/01\/LOGO-ERRESSE-CLASSICO.svg\",\"contentUrl\":\"https:\/\/dev6.erresse-shop.it\/wp-content\/uploads\/2025\/01\/LOGO-ERRESSE-CLASSICO.svg\",\"caption\":\"Erresse Shop\"},\"image\":{\"@id\":\"https:\/\/dev6.erresse-shop.it\/#\/schema\/logo\/image\/\"}}]}<\/script>\n<!-- \/ Yoast SEO plugin. -->","yoast_head_json":{"title":"NINJA Machine \u00e0 glace Creami - dev6 Erresse","description":"Machine \u00e0 glace avec 7 programmes s\u00e9lectionnables via l\u2019\u00e9cran tactile : glace, glace artisanale \u00e0 l\u2019italienne, sorbet, smoothie bowl, glace l\u00e9g\u00e8re,","robots":{"index":"noindex","follow":"follow","max-snippet":"max-snippet:-1","max-image-preview":"max-image-preview:large","max-video-preview":"max-video-preview:-1"},"og_locale":"fr_FR","og_type":"article","og_title":"NINJA Machine \u00e0 glace Creami - dev6 Erresse","og_description":"Machine \u00e0 glace avec 7 programmes s\u00e9lectionnables via l\u2019\u00e9cran tactile : glace, glace artisanale \u00e0 l\u2019italienne, sorbet, smoothie bowl, glace l\u00e9g\u00e8re,","og_url":"https:\/\/dev6.erresse-shop.it\/fr\/shop\/petits-electromenagers\/sorbetieres\/ninja-machine-a-glace-creami\/","og_site_name":"dev6 Erresse","og_image":[{"url":"https:\/\/interpim.erresse-shop.it\/wp-content\/uploads\/2024\/03\/NINJA-Creami-Gelatiera.jpg\/ninja-creami-gelatiera.jpg","type":"","width":"","height":""},{"url":"https:\/\/interpim.erresse-shop.it\/wp-content\/uploads\/2024\/03\/NINJA-Creami-Gelatiera.jpg\/ninja-creami-gelatiera.jpg","width":1024,"height":1024,"type":"image\/jpeg"}],"twitter_card":"summary_large_image","twitter_image":"https:\/\/interpim.erresse-shop.it\/wp-content\/uploads\/2024\/03\/NINJA-Creami-Gelatiera.jpg\/ninja-creami-gelatiera.jpg","schema":{"@context":"https:\/\/schema.org","@graph":[{"@type":"WebPage","@id":"https:\/\/dev6.erresse-shop.it\/fr\/shop\/petits-electromenagers\/sorbetieres\/ninja-machine-a-glace-creami\/","url":"https:\/\/dev6.erresse-shop.it\/fr\/shop\/petits-electromenagers\/sorbetieres\/ninja-machine-a-glace-creami\/","name":"NINJA Machine \u00e0 glace Creami - dev6 Erresse","isPartOf":{"@id":"https:\/\/dev6.erresse-shop.it\/#website"},"primaryImageOfPage":{"@id":"https:\/\/dev6.erresse-shop.it\/fr\/shop\/petits-electromenagers\/sorbetieres\/ninja-machine-a-glace-creami\/#primaryimage"},"image":{"@id":"https:\/\/dev6.erresse-shop.it\/fr\/shop\/petits-electromenagers\/sorbetieres\/ninja-machine-a-glace-creami\/#primaryimage"},"thumbnailUrl":"https:\/\/i0.wp.com\/interpim.erresse-shop.it\/wp-content\/uploads\/2024\/03\/NINJA-Creami-Gelatiera.jpg\/ninja-creami-gelatiera.jpg?ssl=1","datePublished":"2026-04-10T06:42:31+00:00","description":"Machine \u00e0 glace avec 7 programmes s\u00e9lectionnables via l\u2019\u00e9cran tactile : glace, glace artisanale \u00e0 l\u2019italienne, sorbet, smoothie bowl, glace l\u00e9g\u00e8re,","breadcrumb":{"@id":"https:\/\/dev6.erresse-shop.it\/fr\/shop\/petits-electromenagers\/sorbetieres\/ninja-machine-a-glace-creami\/#breadcrumb"},"inLanguage":"fr-FR","potentialAction":[{"@type":"ReadAction","target":["https:\/\/dev6.erresse-shop.it\/fr\/shop\/petits-electromenagers\/sorbetieres\/ninja-machine-a-glace-creami\/"]}]},{"@type":"ImageObject","inLanguage":"fr-FR","@id":"https:\/\/dev6.erresse-shop.it\/fr\/shop\/petits-electromenagers\/sorbetieres\/ninja-machine-a-glace-creami\/#primaryimage","url":"https:\/\/i0.wp.com\/interpim.erresse-shop.it\/wp-content\/uploads\/2024\/03\/NINJA-Creami-Gelatiera.jpg\/ninja-creami-gelatiera.jpg?ssl=1","contentUrl":"https:\/\/i0.wp.com\/interpim.erresse-shop.it\/wp-content\/uploads\/2024\/03\/NINJA-Creami-Gelatiera.jpg\/ninja-creami-gelatiera.jpg?ssl=1"},{"@type":"BreadcrumbList","@id":"https:\/\/dev6.erresse-shop.it\/fr\/shop\/petits-electromenagers\/sorbetieres\/ninja-machine-a-glace-creami\/#breadcrumb","itemListElement":[{"@type":"ListItem","position":1,"name":"Home","item":"https:\/\/dev6.erresse-shop.it\/"},{"@type":"ListItem","position":2,"name":"Boutique","item":"https:\/\/dev6.erresse-shop.it\/shop\/"},{"@type":"ListItem","position":3,"name":"NINJA Machine \u00e0 glace Creami"}]},{"@type":"WebSite","@id":"https:\/\/dev6.erresse-shop.it\/#website","url":"https:\/\/dev6.erresse-shop.it\/","name":"Erresse Shop","description":"","publisher":{"@id":"https:\/\/dev6.erresse-shop.it\/#organization"},"potentialAction":[{"@type":"SearchAction","target":{"@type":"EntryPoint","urlTemplate":"https:\/\/dev6.erresse-shop.it\/?s={search_term_string}"},"query-input":{"@type":"PropertyValueSpecification","valueRequired":true,"valueName":"search_term_string"}}],"inLanguage":"fr-FR"},{"@type":"Organization","@id":"https:\/\/dev6.erresse-shop.it\/#organization","name":"Erresse Shop","url":"https:\/\/dev6.erresse-shop.it\/","logo":{"@type":"ImageObject","inLanguage":"fr-FR","@id":"https:\/\/dev6.erresse-shop.it\/#\/schema\/logo\/image\/","url":"https:\/\/dev6.erresse-shop.it\/wp-content\/uploads\/2025\/01\/LOGO-ERRESSE-CLASSICO.svg","contentUrl":"https:\/\/dev6.erresse-shop.it\/wp-content\/uploads\/2025\/01\/LOGO-ERRESSE-CLASSICO.svg","caption":"Erresse Shop"},"image":{"@id":"https:\/\/dev6.erresse-shop.it\/#\/schema\/logo\/image\/"}}]}},"df_price":229.99,"df_sale_price":"","df_regular_price":229.99,"df_image_link":"https:\/\/i0.wp.com\/interpim.erresse-shop.it\/wp-content\/uploads\/2024\/03\/NINJA-Creami-Gelatiera.jpg\/ninja-creami-gelatiera.jpg?resize=300,300&ssl=1","fifu_image_url":"https:\/\/interpim.erresse-shop.it\/wp-content\/uploads\/2024\/03\/NINJA-Creami-Gelatiera.jpg\/ninja-creami-gelatiera.jpg","_links":{"self":[{"href":"https:\/\/dev6.erresse-shop.it\/fr\/wp-json\/wp\/v2\/product\/56647","targetHints":{"allow":["GET"]}}],"collection":[{"href":"https:\/\/dev6.erresse-shop.it\/fr\/wp-json\/wp\/v2\/product"}],"about":[{"href":"https:\/\/dev6.erresse-shop.it\/fr\/wp-json\/wp\/v2\/types\/product"}],"wp:featuredmedia":[{"embeddable":true,"href":"https:\/\/dev6.erresse-shop.it\/fr\/wp-json\/wp\/v2\/media\/6298615"}],"wp:attachment":[{"href":"https:\/\/dev6.erresse-shop.it\/fr\/wp-json\/wp\/v2\/media?parent=56647"}],"wp:term":[{"taxonomy":"product_cat","embeddable":true,"href":"https:\/\/dev6.erresse-shop.it\/fr\/wp-json\/wp\/v2\/product_cat?post=56647"},{"taxonomy":"product_tag","embeddable":true,"href":"https:\/\/dev6.erresse-shop.it\/fr\/wp-json\/wp\/v2\/product_tag?post=56647"}],"curies":[{"name":"wp","href":"https:\/\/api.w.org\/{rel}","templated":true}]}}