{"id":56645,"date":"2026-04-04T08:02:52","date_gmt":"2026-04-04T06:02:52","guid":{"rendered":"https:\/\/dev6.erresse-shop.it\/shop\/non%20class\u00e9\/ninja-barbecue-electrique-avec-fumoir-a-bois\/"},"modified":"2025-07-04T15:37:28","modified_gmt":"2025-07-04T13:37:28","slug":"ninja-barbecue-electrique-avec-fumoir-a-bois","status":"publish","type":"product","link":"https:\/\/dev6.erresse-shop.it\/fr\/shop\/petits-electromenagers\/fours\/ninja-barbecue-electrique-avec-fumoir-a-bois\/","title":{"rendered":"NINJA Barbecue Electrique Avec Fumoir \u00e0 Bois"},"content":{"rendered":"<p>Barbecue \u00e9lectrique, fumoir et friteuse d\u2019ext\u00e9rieur avec 7 fonctions de cuisson. Facile \u00e0 utiliser : pas de charbon de bois, de gaz ou de flammes.<\/p>\n<p>UNE NOUVELLE FA\u00c7ON DE CUIRE \u00c0 L\u2019EXT\u00c9RIEUR: barbecue, fumoir et friteuse d\u2019ext\u00e9rieur avec 7 fonctions de cuisson.<\/p>\n<p>LE GO\u00dbT DU GRILL, LA SIMPLICIT\u00c9 D\u2019UN APPAREIL \u00c0 ALIMENTATION \u00c9LECTRIQUE : Gr\u00e2ce \u00e0 son alimentation \u00e9lectrique, il est toujours pr\u00eat \u00e0 l\u2019emploi. Appr\u00e9ciez le go\u00fbt du charbon de bois et les authentiques ar\u00f4mes de fum\u00e9e gr\u00e2ce \u00e0 la technologie Woodfire.<\/p>\n<p>TECHNOLOGIE WOODFIRE : rehaussez les saveurs gr\u00e2ce au fumoir int\u00e9gr\u00e9 qui br\u00fble de v\u00e9ritables granul\u00e9s de bois pour vous donner le go\u00fbt authentique de la cuisine au feu de bois.<\/p>\n<p>GRILLEZ O\u00d9 VOUS VOULEZ: Parfait pour les jardins, les balcons, les porches et les campings. R\u00e9sistant aux intemp\u00e9ries, il peut \u00eatre stock\u00e9 \u00e0 l\u2019ext\u00e9rieur toute l\u2019ann\u00e9e.<\/p>\n<p>FICHE TECHNIQUE :<\/p>\n<p>Couleur : Gris\/Noir<\/p>\n<p>Longueur du c\u00e2ble : 1,6 m\u00e8tres<\/p>\n<p>Minuterie : Oui<\/p>\n<p>7 programmes\/fonctions : Gril-Fumoir-Friture \u00e0 l\u2019air libre-R\u00f4tir-Cuire-R\u00e9chauffer-D\u00e9shydrater<\/p>\n<p>Temp\u00e9rature : jusqu\u2019\u00e0 260\u00b0C<\/p>\n<p>Dimensions du gril : 28 cm x 38 cm<\/p>\n<p>PACKAGE :<\/p>\n<p>Barbecue Ninja au feu de bois<\/p>\n<p>1 plaque de cuisson<\/p>\n<p>2 paquets de pellets (2 saveurs diff\u00e9rentes)<\/p>\n<p>Pelle \u00e0 granul\u00e9s<\/p>\n<p>1 fumoir amovible<\/p>\n<p>1 l\u00e8chefrite<\/p>\n<p>1 panier de friture \u00e0 l\u2019air<\/p>\n<p>Guide rapide et livre de recettes<\/p>\n<p>Manuel d\u2019instructions<\/p>\n<p>Non disponible \u00e0 la vente en dehors de l\u2019Europe<\/p>\n","protected":false},"excerpt":{"rendered":"<p>Barbecue \u00e9lectrique, fumoir et friteuse d\u2019ext\u00e9rieur avec 7 fonctions de cuisson. Facile \u00e0 utiliser : pas de charbon de bois, de gaz ou de flammes. UNE NOUVELLE FA\u00c7ON DE CUIRE \u00c0 L\u2019EXT\u00c9RIEUR: barbecue, fumoir et friteuse d\u2019ext\u00e9rieur avec 7 fonctions de cuisson. LE GO\u00dbT DU GRILL, LA SIMPLICIT\u00c9 D\u2019UN APPAREIL \u00c0 ALIMENTATION \u00c9LECTRIQUE : Gr\u00e2ce [&hellip;]<\/p>\n","protected":false},"featured_media":6256921,"template":"","meta":{"_acf_changed":false},"product_cat":[11761,12085,12055],"product_tag":[],"class_list":{"0":"post-56645","1":"product","2":"type-product","3":"status-publish","4":"has-post-thumbnail","6":"product_cat-forni","7":"product_cat-fours","8":"product_cat-petits-electromenagers","10":"first","11":"instock","12":"taxable","13":"shipping-taxable","14":"product-type-simple","swatches":"rey-swatches","show_selected":"","stretch_labels":"rey-swatches--stretch-labels"},"acf":[],"yoast_head":"<!-- This site is optimized with the Yoast SEO plugin v25.4 - https:\/\/yoast.com\/wordpress\/plugins\/seo\/ -->\n<title>NINJA Barbecue Electrique Avec Fumoir \u00e0 Bois - dev6 Erresse<\/title>\n<meta name=\"description\" content=\"Barbecue \u00e9lectrique, fumoir et friteuse d\u2019ext\u00e9rieur avec 7 fonctions de cuisson. Facile \u00e0 utiliser : pas de charbon de bois, de gaz ou de flammes. UNE\" \/>\n<meta name=\"robots\" content=\"noindex, follow, max-snippet:-1, max-image-preview:large, max-video-preview:-1\" \/>\n<meta property=\"og:locale\" content=\"fr_FR\" \/>\n<meta property=\"og:type\" content=\"article\" \/>\n<meta property=\"og:title\" content=\"NINJA Barbecue Electrique Avec Fumoir \u00e0 Bois - dev6 Erresse\" \/>\n<meta property=\"og:description\" content=\"Barbecue \u00e9lectrique, fumoir et friteuse d\u2019ext\u00e9rieur avec 7 fonctions de cuisson. Facile \u00e0 utiliser : pas de charbon de bois, de gaz ou de flammes. UNE\" \/>\n<meta property=\"og:url\" content=\"https:\/\/dev6.erresse-shop.it\/fr\/shop\/petits-electromenagers\/fours\/ninja-barbecue-electrique-avec-fumoir-a-bois\/\" \/>\n<meta property=\"og:site_name\" content=\"dev6 Erresse\" \/>\n<meta property=\"og:image\" content=\"https:\/\/interpim.erresse-shop.it\/img-catalogo\/ninja\/ninja-woodfire-barbecue-elettrico-con-affumicatore.jpg\" \/><meta property=\"og:image\" content=\"https:\/\/interpim.erresse-shop.it\/img-catalogo\/ninja\/ninja-woodfire-barbecue-elettrico-con-affumicatore.jpg\" \/>\n\t<meta property=\"og:image:width\" content=\"1024\" \/>\n\t<meta property=\"og:image:height\" content=\"1024\" \/>\n\t<meta property=\"og:image:type\" content=\"image\/jpeg\" \/>\n<meta name=\"twitter:card\" content=\"summary_large_image\" \/>\n<meta name=\"twitter:image\" content=\"https:\/\/interpim.erresse-shop.it\/img-catalogo\/ninja\/ninja-woodfire-barbecue-elettrico-con-affumicatore.jpg\" \/>\n<script type=\"application\/ld+json\" class=\"yoast-schema-graph\">{\"@context\":\"https:\/\/schema.org\",\"@graph\":[{\"@type\":\"WebPage\",\"@id\":\"https:\/\/dev6.erresse-shop.it\/fr\/shop\/petits-electromenagers\/fours\/ninja-barbecue-electrique-avec-fumoir-a-bois\/\",\"url\":\"https:\/\/dev6.erresse-shop.it\/fr\/shop\/petits-electromenagers\/fours\/ninja-barbecue-electrique-avec-fumoir-a-bois\/\",\"name\":\"NINJA Barbecue Electrique Avec Fumoir \u00e0 Bois - dev6 Erresse\",\"isPartOf\":{\"@id\":\"https:\/\/dev6.erresse-shop.it\/#website\"},\"primaryImageOfPage\":{\"@id\":\"https:\/\/dev6.erresse-shop.it\/fr\/shop\/petits-electromenagers\/fours\/ninja-barbecue-electrique-avec-fumoir-a-bois\/#primaryimage\"},\"image\":{\"@id\":\"https:\/\/dev6.erresse-shop.it\/fr\/shop\/petits-electromenagers\/fours\/ninja-barbecue-electrique-avec-fumoir-a-bois\/#primaryimage\"},\"thumbnailUrl\":\"https:\/\/i0.wp.com\/interpim.erresse-shop.it\/img-catalogo\/ninja\/ninja-woodfire-barbecue-elettrico-con-affumicatore.jpg?ssl=1\",\"datePublished\":\"2026-04-04T06:02:52+00:00\",\"description\":\"Barbecue \u00e9lectrique, fumoir et friteuse d\u2019ext\u00e9rieur avec 7 fonctions de cuisson. Facile \u00e0 utiliser : pas de charbon de bois, de gaz ou de flammes. UNE\",\"breadcrumb\":{\"@id\":\"https:\/\/dev6.erresse-shop.it\/fr\/shop\/petits-electromenagers\/fours\/ninja-barbecue-electrique-avec-fumoir-a-bois\/#breadcrumb\"},\"inLanguage\":\"fr-FR\",\"potentialAction\":[{\"@type\":\"ReadAction\",\"target\":[\"https:\/\/dev6.erresse-shop.it\/fr\/shop\/petits-electromenagers\/fours\/ninja-barbecue-electrique-avec-fumoir-a-bois\/\"]}]},{\"@type\":\"ImageObject\",\"inLanguage\":\"fr-FR\",\"@id\":\"https:\/\/dev6.erresse-shop.it\/fr\/shop\/petits-electromenagers\/fours\/ninja-barbecue-electrique-avec-fumoir-a-bois\/#primaryimage\",\"url\":\"https:\/\/i0.wp.com\/interpim.erresse-shop.it\/img-catalogo\/ninja\/ninja-woodfire-barbecue-elettrico-con-affumicatore.jpg?ssl=1\",\"contentUrl\":\"https:\/\/i0.wp.com\/interpim.erresse-shop.it\/img-catalogo\/ninja\/ninja-woodfire-barbecue-elettrico-con-affumicatore.jpg?ssl=1\"},{\"@type\":\"BreadcrumbList\",\"@id\":\"https:\/\/dev6.erresse-shop.it\/fr\/shop\/petits-electromenagers\/fours\/ninja-barbecue-electrique-avec-fumoir-a-bois\/#breadcrumb\",\"itemListElement\":[{\"@type\":\"ListItem\",\"position\":1,\"name\":\"Home\",\"item\":\"https:\/\/dev6.erresse-shop.it\/\"},{\"@type\":\"ListItem\",\"position\":2,\"name\":\"Boutique\",\"item\":\"https:\/\/dev6.erresse-shop.it\/shop\/\"},{\"@type\":\"ListItem\",\"position\":3,\"name\":\"NINJA Barbecue Electrique Avec Fumoir \u00e0 Bois\"}]},{\"@type\":\"WebSite\",\"@id\":\"https:\/\/dev6.erresse-shop.it\/#website\",\"url\":\"https:\/\/dev6.erresse-shop.it\/\",\"name\":\"Erresse Shop\",\"description\":\"\",\"publisher\":{\"@id\":\"https:\/\/dev6.erresse-shop.it\/#organization\"},\"potentialAction\":[{\"@type\":\"SearchAction\",\"target\":{\"@type\":\"EntryPoint\",\"urlTemplate\":\"https:\/\/dev6.erresse-shop.it\/?s={search_term_string}\"},\"query-input\":{\"@type\":\"PropertyValueSpecification\",\"valueRequired\":true,\"valueName\":\"search_term_string\"}}],\"inLanguage\":\"fr-FR\"},{\"@type\":\"Organization\",\"@id\":\"https:\/\/dev6.erresse-shop.it\/#organization\",\"name\":\"Erresse Shop\",\"url\":\"https:\/\/dev6.erresse-shop.it\/\",\"logo\":{\"@type\":\"ImageObject\",\"inLanguage\":\"fr-FR\",\"@id\":\"https:\/\/dev6.erresse-shop.it\/#\/schema\/logo\/image\/\",\"url\":\"https:\/\/dev6.erresse-shop.it\/wp-content\/uploads\/2025\/01\/LOGO-ERRESSE-CLASSICO.svg\",\"contentUrl\":\"https:\/\/dev6.erresse-shop.it\/wp-content\/uploads\/2025\/01\/LOGO-ERRESSE-CLASSICO.svg\",\"caption\":\"Erresse Shop\"},\"image\":{\"@id\":\"https:\/\/dev6.erresse-shop.it\/#\/schema\/logo\/image\/\"}}]}<\/script>\n<!-- \/ Yoast SEO plugin. -->","yoast_head_json":{"title":"NINJA Barbecue Electrique Avec Fumoir \u00e0 Bois - dev6 Erresse","description":"Barbecue \u00e9lectrique, fumoir et friteuse d\u2019ext\u00e9rieur avec 7 fonctions de cuisson. Facile \u00e0 utiliser : pas de charbon de bois, de gaz ou de flammes. UNE","robots":{"index":"noindex","follow":"follow","max-snippet":"max-snippet:-1","max-image-preview":"max-image-preview:large","max-video-preview":"max-video-preview:-1"},"og_locale":"fr_FR","og_type":"article","og_title":"NINJA Barbecue Electrique Avec Fumoir \u00e0 Bois - dev6 Erresse","og_description":"Barbecue \u00e9lectrique, fumoir et friteuse d\u2019ext\u00e9rieur avec 7 fonctions de cuisson. Facile \u00e0 utiliser : pas de charbon de bois, de gaz ou de flammes. UNE","og_url":"https:\/\/dev6.erresse-shop.it\/fr\/shop\/petits-electromenagers\/fours\/ninja-barbecue-electrique-avec-fumoir-a-bois\/","og_site_name":"dev6 Erresse","og_image":[{"url":"https:\/\/interpim.erresse-shop.it\/img-catalogo\/ninja\/ninja-woodfire-barbecue-elettrico-con-affumicatore.jpg","type":"","width":"","height":""},{"url":"https:\/\/interpim.erresse-shop.it\/img-catalogo\/ninja\/ninja-woodfire-barbecue-elettrico-con-affumicatore.jpg","width":1024,"height":1024,"type":"image\/jpeg"}],"twitter_card":"summary_large_image","twitter_image":"https:\/\/interpim.erresse-shop.it\/img-catalogo\/ninja\/ninja-woodfire-barbecue-elettrico-con-affumicatore.jpg","schema":{"@context":"https:\/\/schema.org","@graph":[{"@type":"WebPage","@id":"https:\/\/dev6.erresse-shop.it\/fr\/shop\/petits-electromenagers\/fours\/ninja-barbecue-electrique-avec-fumoir-a-bois\/","url":"https:\/\/dev6.erresse-shop.it\/fr\/shop\/petits-electromenagers\/fours\/ninja-barbecue-electrique-avec-fumoir-a-bois\/","name":"NINJA Barbecue Electrique Avec Fumoir \u00e0 Bois - dev6 Erresse","isPartOf":{"@id":"https:\/\/dev6.erresse-shop.it\/#website"},"primaryImageOfPage":{"@id":"https:\/\/dev6.erresse-shop.it\/fr\/shop\/petits-electromenagers\/fours\/ninja-barbecue-electrique-avec-fumoir-a-bois\/#primaryimage"},"image":{"@id":"https:\/\/dev6.erresse-shop.it\/fr\/shop\/petits-electromenagers\/fours\/ninja-barbecue-electrique-avec-fumoir-a-bois\/#primaryimage"},"thumbnailUrl":"https:\/\/i0.wp.com\/interpim.erresse-shop.it\/img-catalogo\/ninja\/ninja-woodfire-barbecue-elettrico-con-affumicatore.jpg?ssl=1","datePublished":"2026-04-04T06:02:52+00:00","description":"Barbecue \u00e9lectrique, fumoir et friteuse d\u2019ext\u00e9rieur avec 7 fonctions de cuisson. Facile \u00e0 utiliser : pas de charbon de bois, de gaz ou de flammes. UNE","breadcrumb":{"@id":"https:\/\/dev6.erresse-shop.it\/fr\/shop\/petits-electromenagers\/fours\/ninja-barbecue-electrique-avec-fumoir-a-bois\/#breadcrumb"},"inLanguage":"fr-FR","potentialAction":[{"@type":"ReadAction","target":["https:\/\/dev6.erresse-shop.it\/fr\/shop\/petits-electromenagers\/fours\/ninja-barbecue-electrique-avec-fumoir-a-bois\/"]}]},{"@type":"ImageObject","inLanguage":"fr-FR","@id":"https:\/\/dev6.erresse-shop.it\/fr\/shop\/petits-electromenagers\/fours\/ninja-barbecue-electrique-avec-fumoir-a-bois\/#primaryimage","url":"https:\/\/i0.wp.com\/interpim.erresse-shop.it\/img-catalogo\/ninja\/ninja-woodfire-barbecue-elettrico-con-affumicatore.jpg?ssl=1","contentUrl":"https:\/\/i0.wp.com\/interpim.erresse-shop.it\/img-catalogo\/ninja\/ninja-woodfire-barbecue-elettrico-con-affumicatore.jpg?ssl=1"},{"@type":"BreadcrumbList","@id":"https:\/\/dev6.erresse-shop.it\/fr\/shop\/petits-electromenagers\/fours\/ninja-barbecue-electrique-avec-fumoir-a-bois\/#breadcrumb","itemListElement":[{"@type":"ListItem","position":1,"name":"Home","item":"https:\/\/dev6.erresse-shop.it\/"},{"@type":"ListItem","position":2,"name":"Boutique","item":"https:\/\/dev6.erresse-shop.it\/shop\/"},{"@type":"ListItem","position":3,"name":"NINJA Barbecue Electrique Avec Fumoir \u00e0 Bois"}]},{"@type":"WebSite","@id":"https:\/\/dev6.erresse-shop.it\/#website","url":"https:\/\/dev6.erresse-shop.it\/","name":"Erresse Shop","description":"","publisher":{"@id":"https:\/\/dev6.erresse-shop.it\/#organization"},"potentialAction":[{"@type":"SearchAction","target":{"@type":"EntryPoint","urlTemplate":"https:\/\/dev6.erresse-shop.it\/?s={search_term_string}"},"query-input":{"@type":"PropertyValueSpecification","valueRequired":true,"valueName":"search_term_string"}}],"inLanguage":"fr-FR"},{"@type":"Organization","@id":"https:\/\/dev6.erresse-shop.it\/#organization","name":"Erresse Shop","url":"https:\/\/dev6.erresse-shop.it\/","logo":{"@type":"ImageObject","inLanguage":"fr-FR","@id":"https:\/\/dev6.erresse-shop.it\/#\/schema\/logo\/image\/","url":"https:\/\/dev6.erresse-shop.it\/wp-content\/uploads\/2025\/01\/LOGO-ERRESSE-CLASSICO.svg","contentUrl":"https:\/\/dev6.erresse-shop.it\/wp-content\/uploads\/2025\/01\/LOGO-ERRESSE-CLASSICO.svg","caption":"Erresse Shop"},"image":{"@id":"https:\/\/dev6.erresse-shop.it\/#\/schema\/logo\/image\/"}}]}},"df_price":"","df_sale_price":"","df_regular_price":"","df_image_link":"https:\/\/i0.wp.com\/interpim.erresse-shop.it\/img-catalogo\/ninja\/ninja-woodfire-barbecue-elettrico-con-affumicatore.jpg?resize=300,300&ssl=1","fifu_image_url":"https:\/\/interpim.erresse-shop.it\/img-catalogo\/ninja\/ninja-woodfire-barbecue-elettrico-con-affumicatore.jpg","_links":{"self":[{"href":"https:\/\/dev6.erresse-shop.it\/fr\/wp-json\/wp\/v2\/product\/56645","targetHints":{"allow":["GET"]}}],"collection":[{"href":"https:\/\/dev6.erresse-shop.it\/fr\/wp-json\/wp\/v2\/product"}],"about":[{"href":"https:\/\/dev6.erresse-shop.it\/fr\/wp-json\/wp\/v2\/types\/product"}],"wp:featuredmedia":[{"embeddable":true,"href":"https:\/\/dev6.erresse-shop.it\/fr\/wp-json\/wp\/v2\/media\/6256921"}],"wp:attachment":[{"href":"https:\/\/dev6.erresse-shop.it\/fr\/wp-json\/wp\/v2\/media?parent=56645"}],"wp:term":[{"taxonomy":"product_cat","embeddable":true,"href":"https:\/\/dev6.erresse-shop.it\/fr\/wp-json\/wp\/v2\/product_cat?post=56645"},{"taxonomy":"product_tag","embeddable":true,"href":"https:\/\/dev6.erresse-shop.it\/fr\/wp-json\/wp\/v2\/product_tag?post=56645"}],"curies":[{"name":"wp","href":"https:\/\/api.w.org\/{rel}","templated":true}]}}