{"id":56643,"date":"2026-04-04T08:02:52","date_gmt":"2026-04-04T06:02:52","guid":{"rendered":"https:\/\/dev6.erresse-shop.it\/shop\/non%20class\u00e9\/ninja-four-electrique-a-bois-pour-lexterieur\/"},"modified":"2025-07-04T15:37:26","modified_gmt":"2025-07-04T13:37:26","slug":"ninja-four-electrique-a-bois-pour-lexterieur","status":"publish","type":"product","link":"https:\/\/dev6.erresse-shop.it\/fr\/shop\/petits-electromenagers\/fours\/ninja-four-electrique-a-bois-pour-lexterieur\/","title":{"rendered":"NINJA Four \u00e9lectrique \u00e0 bois pour l&#8217;ext\u00e9rieur"},"content":{"rendered":"<p>Four d\u2019ext\u00e9rieur \u00e9lectrique Ninja Woodfire avec fumoir. Temp\u00e9rature stable entre 40 et 370\u00b0C.<\/p>\n<p>CUISSON DE GRANDES QUANTIT\u00c9S D\u2019ALIMENTS<\/p>\n<p>Il peut contenir jusqu\u2019\u00e0 5 kg de r\u00f4ti de b\u0153uf, un poulet entier de 3 kg avec des l\u00e9gumes, 2 rang\u00e9es de c\u00f4tes, une pizza de 30 cm ou un repas familial.<\/p>\n<p>R\u00d4TISSAGE \u00c0 HAUTE TEMP\u00c9RATURE \u2013 JUSQU\u2019\u00c0 370\u00b0C<\/p>\n<p>Cr\u00e9ez de d\u00e9licieux plats avec les textures et les saveurs d\u2019un four \u00e0 bois.<\/p>\n<p>CONTR\u00d4LE DE LA TEMP\u00c9RATURE<\/p>\n<p>L\u2019alimentation \u00e9lectrique vous permet de contr\u00f4ler pr\u00e9cis\u00e9ment la temp\u00e9rature de 40 \u00e0 37 degr\u00e9s, sans flammes et avec un contr\u00f4le total.<\/p>\n<p>LA PIZZERIA CHEZ VOUS<\/p>\n<p>Une pizza maison en moins de 3 minutes sans la retourner gr\u00e2ce \u00e0 6 r\u00e9glages personnalisables.<\/p>\n<p>SMOKER<\/p>\n<p>Cuisson lente et \u00e0 basse temp\u00e9rature pour donner aux aliments l\u2019ar\u00f4me authentique du barbecue et les saveurs intenses de la fum\u00e9e, en toute simplicit\u00e9.<\/p>\n<p>REPAS COMPLETS ET RAPIDES EN PLEIN AIR<\/p>\n<p>Il cuit un repas complet 30 % plus rapidement que les fours d\u2019int\u00e9rieur.<\/p>\n<p>FONCTIONNALIT\u00c9 8 EN 1<\/p>\n<p>Permet de cuisiner en plein air gr\u00e2ce \u00e0 une large plage de temp\u00e9ratures allant de 40\u00b0c \u00e0 37\u00b0c.<\/p>\n<p>8 FONCTIONS DANS UN SEUL APPAREIL<\/p>\n<p>Pizza<\/p>\n<p>Cuisson de r\u00f4tis<\/p>\n<p>R\u00f4ti gourmet<\/p>\n<p>Fumoir<\/p>\n<p>Cuit au four<\/p>\n<p>Trop cuit<\/p>\n<p>S\u00e9chage<\/p>\n<p>Maintien au chaud<\/p>\n<p>FICHE TECHNIQUE<\/p>\n<p>8 fonctions en 1 appareil<\/p>\n<p>Repas complets et rapides \u00e0 l\u2019ext\u00e9rieur<\/p>\n<p>Cuisson de grandes quantit\u00e9s d\u2019aliments<\/p>\n<p>PACKAGE<\/p>\n<p>Pierre \u00e0 pizza<\/p>\n<p>Support pour accessoires<\/p>\n<p>Plateau<\/p>\n<p>Grille de r\u00f4tissage<\/p>\n<p>Fumoir amovible<\/p>\n<p>Pellet scoop<\/p>\n<p>Guide d\u2019utilisation rapide<\/p>\n<p>Non disponible \u00e0 la vente en dehors de l\u2019Europe<\/p>\n","protected":false},"excerpt":{"rendered":"<p>Four d\u2019ext\u00e9rieur \u00e9lectrique Ninja Woodfire avec fumoir. Temp\u00e9rature stable entre 40 et 370\u00b0C. CUISSON DE GRANDES QUANTIT\u00c9S D\u2019ALIMENTS Il peut contenir jusqu\u2019\u00e0 5 kg de r\u00f4ti de b\u0153uf, un poulet entier de 3 kg avec des l\u00e9gumes, 2 rang\u00e9es de c\u00f4tes, une pizza de 30 cm ou un repas familial. R\u00d4TISSAGE \u00c0 HAUTE TEMP\u00c9RATURE \u2013 [&hellip;]<\/p>\n","protected":false},"featured_media":6256911,"template":"","meta":{"_acf_changed":false},"product_cat":[11761,12085,12055],"product_tag":[],"class_list":{"0":"post-56643","1":"product","2":"type-product","3":"status-publish","4":"has-post-thumbnail","6":"product_cat-forni","7":"product_cat-fours","8":"product_cat-petits-electromenagers","10":"first","11":"instock","12":"taxable","13":"shipping-taxable","14":"product-type-simple","swatches":"rey-swatches","show_selected":"","stretch_labels":"rey-swatches--stretch-labels"},"acf":[],"yoast_head":"<!-- This site is optimized with the Yoast SEO plugin v25.4 - https:\/\/yoast.com\/wordpress\/plugins\/seo\/ -->\n<title>NINJA Four \u00e9lectrique \u00e0 bois pour l&#8217;ext\u00e9rieur - dev6 Erresse<\/title>\n<meta name=\"description\" content=\"Four d\u2019ext\u00e9rieur \u00e9lectrique Ninja Woodfire avec fumoir. Temp\u00e9rature stable entre 40 et 370\u00b0C. CUISSON DE GRANDES QUANTIT\u00c9S D\u2019ALIMENTS Il peut contenir\" \/>\n<meta name=\"robots\" content=\"noindex, follow, max-snippet:-1, max-image-preview:large, max-video-preview:-1\" \/>\n<meta property=\"og:locale\" content=\"fr_FR\" \/>\n<meta property=\"og:type\" content=\"article\" \/>\n<meta property=\"og:title\" content=\"NINJA Four \u00e9lectrique \u00e0 bois pour l&#8217;ext\u00e9rieur - dev6 Erresse\" \/>\n<meta property=\"og:description\" content=\"Four d\u2019ext\u00e9rieur \u00e9lectrique Ninja Woodfire avec fumoir. Temp\u00e9rature stable entre 40 et 370\u00b0C. CUISSON DE GRANDES QUANTIT\u00c9S D\u2019ALIMENTS Il peut contenir\" \/>\n<meta property=\"og:url\" content=\"https:\/\/dev6.erresse-shop.it\/fr\/shop\/petits-electromenagers\/fours\/ninja-four-electrique-a-bois-pour-lexterieur\/\" \/>\n<meta property=\"og:site_name\" content=\"dev6 Erresse\" \/>\n<meta property=\"og:image\" content=\"https:\/\/interpim.erresse-shop.it\/img-catalogo\/ninja\/ninja-woodfire-forno-elettrico-da-esterno.jpg\" \/><meta property=\"og:image\" content=\"https:\/\/interpim.erresse-shop.it\/img-catalogo\/ninja\/ninja-woodfire-forno-elettrico-da-esterno.jpg\" \/>\n\t<meta property=\"og:image:width\" content=\"1024\" \/>\n\t<meta property=\"og:image:height\" content=\"1024\" \/>\n\t<meta property=\"og:image:type\" content=\"image\/jpeg\" \/>\n<meta name=\"twitter:card\" content=\"summary_large_image\" \/>\n<meta name=\"twitter:image\" content=\"https:\/\/interpim.erresse-shop.it\/img-catalogo\/ninja\/ninja-woodfire-forno-elettrico-da-esterno.jpg\" \/>\n<script type=\"application\/ld+json\" class=\"yoast-schema-graph\">{\"@context\":\"https:\/\/schema.org\",\"@graph\":[{\"@type\":\"WebPage\",\"@id\":\"https:\/\/dev6.erresse-shop.it\/fr\/shop\/petits-electromenagers\/fours\/ninja-four-electrique-a-bois-pour-lexterieur\/\",\"url\":\"https:\/\/dev6.erresse-shop.it\/fr\/shop\/petits-electromenagers\/fours\/ninja-four-electrique-a-bois-pour-lexterieur\/\",\"name\":\"NINJA Four \u00e9lectrique \u00e0 bois pour l&#8217;ext\u00e9rieur - dev6 Erresse\",\"isPartOf\":{\"@id\":\"https:\/\/dev6.erresse-shop.it\/#website\"},\"primaryImageOfPage\":{\"@id\":\"https:\/\/dev6.erresse-shop.it\/fr\/shop\/petits-electromenagers\/fours\/ninja-four-electrique-a-bois-pour-lexterieur\/#primaryimage\"},\"image\":{\"@id\":\"https:\/\/dev6.erresse-shop.it\/fr\/shop\/petits-electromenagers\/fours\/ninja-four-electrique-a-bois-pour-lexterieur\/#primaryimage\"},\"thumbnailUrl\":\"https:\/\/i1.wp.com\/interpim.erresse-shop.it\/img-catalogo\/ninja\/ninja-woodfire-forno-elettrico-da-esterno.jpg?ssl=1\",\"datePublished\":\"2026-04-04T06:02:52+00:00\",\"description\":\"Four d\u2019ext\u00e9rieur \u00e9lectrique Ninja Woodfire avec fumoir. Temp\u00e9rature stable entre 40 et 370\u00b0C. CUISSON DE GRANDES QUANTIT\u00c9S D\u2019ALIMENTS Il peut contenir\",\"breadcrumb\":{\"@id\":\"https:\/\/dev6.erresse-shop.it\/fr\/shop\/petits-electromenagers\/fours\/ninja-four-electrique-a-bois-pour-lexterieur\/#breadcrumb\"},\"inLanguage\":\"fr-FR\",\"potentialAction\":[{\"@type\":\"ReadAction\",\"target\":[\"https:\/\/dev6.erresse-shop.it\/fr\/shop\/petits-electromenagers\/fours\/ninja-four-electrique-a-bois-pour-lexterieur\/\"]}]},{\"@type\":\"ImageObject\",\"inLanguage\":\"fr-FR\",\"@id\":\"https:\/\/dev6.erresse-shop.it\/fr\/shop\/petits-electromenagers\/fours\/ninja-four-electrique-a-bois-pour-lexterieur\/#primaryimage\",\"url\":\"https:\/\/i1.wp.com\/interpim.erresse-shop.it\/img-catalogo\/ninja\/ninja-woodfire-forno-elettrico-da-esterno.jpg?ssl=1\",\"contentUrl\":\"https:\/\/i1.wp.com\/interpim.erresse-shop.it\/img-catalogo\/ninja\/ninja-woodfire-forno-elettrico-da-esterno.jpg?ssl=1\"},{\"@type\":\"BreadcrumbList\",\"@id\":\"https:\/\/dev6.erresse-shop.it\/fr\/shop\/petits-electromenagers\/fours\/ninja-four-electrique-a-bois-pour-lexterieur\/#breadcrumb\",\"itemListElement\":[{\"@type\":\"ListItem\",\"position\":1,\"name\":\"Home\",\"item\":\"https:\/\/dev6.erresse-shop.it\/\"},{\"@type\":\"ListItem\",\"position\":2,\"name\":\"Boutique\",\"item\":\"https:\/\/dev6.erresse-shop.it\/shop\/\"},{\"@type\":\"ListItem\",\"position\":3,\"name\":\"NINJA Four \u00e9lectrique \u00e0 bois pour l&#8217;ext\u00e9rieur\"}]},{\"@type\":\"WebSite\",\"@id\":\"https:\/\/dev6.erresse-shop.it\/#website\",\"url\":\"https:\/\/dev6.erresse-shop.it\/\",\"name\":\"Erresse Shop\",\"description\":\"\",\"publisher\":{\"@id\":\"https:\/\/dev6.erresse-shop.it\/#organization\"},\"potentialAction\":[{\"@type\":\"SearchAction\",\"target\":{\"@type\":\"EntryPoint\",\"urlTemplate\":\"https:\/\/dev6.erresse-shop.it\/?s={search_term_string}\"},\"query-input\":{\"@type\":\"PropertyValueSpecification\",\"valueRequired\":true,\"valueName\":\"search_term_string\"}}],\"inLanguage\":\"fr-FR\"},{\"@type\":\"Organization\",\"@id\":\"https:\/\/dev6.erresse-shop.it\/#organization\",\"name\":\"Erresse Shop\",\"url\":\"https:\/\/dev6.erresse-shop.it\/\",\"logo\":{\"@type\":\"ImageObject\",\"inLanguage\":\"fr-FR\",\"@id\":\"https:\/\/dev6.erresse-shop.it\/#\/schema\/logo\/image\/\",\"url\":\"https:\/\/dev6.erresse-shop.it\/wp-content\/uploads\/2025\/01\/LOGO-ERRESSE-CLASSICO.svg\",\"contentUrl\":\"https:\/\/dev6.erresse-shop.it\/wp-content\/uploads\/2025\/01\/LOGO-ERRESSE-CLASSICO.svg\",\"caption\":\"Erresse Shop\"},\"image\":{\"@id\":\"https:\/\/dev6.erresse-shop.it\/#\/schema\/logo\/image\/\"}}]}<\/script>\n<!-- \/ Yoast SEO plugin. -->","yoast_head_json":{"title":"NINJA Four \u00e9lectrique \u00e0 bois pour l&#8217;ext\u00e9rieur - dev6 Erresse","description":"Four d\u2019ext\u00e9rieur \u00e9lectrique Ninja Woodfire avec fumoir. Temp\u00e9rature stable entre 40 et 370\u00b0C. CUISSON DE GRANDES QUANTIT\u00c9S D\u2019ALIMENTS Il peut contenir","robots":{"index":"noindex","follow":"follow","max-snippet":"max-snippet:-1","max-image-preview":"max-image-preview:large","max-video-preview":"max-video-preview:-1"},"og_locale":"fr_FR","og_type":"article","og_title":"NINJA Four \u00e9lectrique \u00e0 bois pour l&#8217;ext\u00e9rieur - dev6 Erresse","og_description":"Four d\u2019ext\u00e9rieur \u00e9lectrique Ninja Woodfire avec fumoir. Temp\u00e9rature stable entre 40 et 370\u00b0C. CUISSON DE GRANDES QUANTIT\u00c9S D\u2019ALIMENTS Il peut contenir","og_url":"https:\/\/dev6.erresse-shop.it\/fr\/shop\/petits-electromenagers\/fours\/ninja-four-electrique-a-bois-pour-lexterieur\/","og_site_name":"dev6 Erresse","og_image":[{"url":"https:\/\/interpim.erresse-shop.it\/img-catalogo\/ninja\/ninja-woodfire-forno-elettrico-da-esterno.jpg","type":"","width":"","height":""},{"url":"https:\/\/interpim.erresse-shop.it\/img-catalogo\/ninja\/ninja-woodfire-forno-elettrico-da-esterno.jpg","width":1024,"height":1024,"type":"image\/jpeg"}],"twitter_card":"summary_large_image","twitter_image":"https:\/\/interpim.erresse-shop.it\/img-catalogo\/ninja\/ninja-woodfire-forno-elettrico-da-esterno.jpg","schema":{"@context":"https:\/\/schema.org","@graph":[{"@type":"WebPage","@id":"https:\/\/dev6.erresse-shop.it\/fr\/shop\/petits-electromenagers\/fours\/ninja-four-electrique-a-bois-pour-lexterieur\/","url":"https:\/\/dev6.erresse-shop.it\/fr\/shop\/petits-electromenagers\/fours\/ninja-four-electrique-a-bois-pour-lexterieur\/","name":"NINJA Four \u00e9lectrique \u00e0 bois pour l&#8217;ext\u00e9rieur - dev6 Erresse","isPartOf":{"@id":"https:\/\/dev6.erresse-shop.it\/#website"},"primaryImageOfPage":{"@id":"https:\/\/dev6.erresse-shop.it\/fr\/shop\/petits-electromenagers\/fours\/ninja-four-electrique-a-bois-pour-lexterieur\/#primaryimage"},"image":{"@id":"https:\/\/dev6.erresse-shop.it\/fr\/shop\/petits-electromenagers\/fours\/ninja-four-electrique-a-bois-pour-lexterieur\/#primaryimage"},"thumbnailUrl":"https:\/\/i1.wp.com\/interpim.erresse-shop.it\/img-catalogo\/ninja\/ninja-woodfire-forno-elettrico-da-esterno.jpg?ssl=1","datePublished":"2026-04-04T06:02:52+00:00","description":"Four d\u2019ext\u00e9rieur \u00e9lectrique Ninja Woodfire avec fumoir. Temp\u00e9rature stable entre 40 et 370\u00b0C. CUISSON DE GRANDES QUANTIT\u00c9S D\u2019ALIMENTS Il peut contenir","breadcrumb":{"@id":"https:\/\/dev6.erresse-shop.it\/fr\/shop\/petits-electromenagers\/fours\/ninja-four-electrique-a-bois-pour-lexterieur\/#breadcrumb"},"inLanguage":"fr-FR","potentialAction":[{"@type":"ReadAction","target":["https:\/\/dev6.erresse-shop.it\/fr\/shop\/petits-electromenagers\/fours\/ninja-four-electrique-a-bois-pour-lexterieur\/"]}]},{"@type":"ImageObject","inLanguage":"fr-FR","@id":"https:\/\/dev6.erresse-shop.it\/fr\/shop\/petits-electromenagers\/fours\/ninja-four-electrique-a-bois-pour-lexterieur\/#primaryimage","url":"https:\/\/i1.wp.com\/interpim.erresse-shop.it\/img-catalogo\/ninja\/ninja-woodfire-forno-elettrico-da-esterno.jpg?ssl=1","contentUrl":"https:\/\/i1.wp.com\/interpim.erresse-shop.it\/img-catalogo\/ninja\/ninja-woodfire-forno-elettrico-da-esterno.jpg?ssl=1"},{"@type":"BreadcrumbList","@id":"https:\/\/dev6.erresse-shop.it\/fr\/shop\/petits-electromenagers\/fours\/ninja-four-electrique-a-bois-pour-lexterieur\/#breadcrumb","itemListElement":[{"@type":"ListItem","position":1,"name":"Home","item":"https:\/\/dev6.erresse-shop.it\/"},{"@type":"ListItem","position":2,"name":"Boutique","item":"https:\/\/dev6.erresse-shop.it\/shop\/"},{"@type":"ListItem","position":3,"name":"NINJA Four \u00e9lectrique \u00e0 bois pour l&#8217;ext\u00e9rieur"}]},{"@type":"WebSite","@id":"https:\/\/dev6.erresse-shop.it\/#website","url":"https:\/\/dev6.erresse-shop.it\/","name":"Erresse Shop","description":"","publisher":{"@id":"https:\/\/dev6.erresse-shop.it\/#organization"},"potentialAction":[{"@type":"SearchAction","target":{"@type":"EntryPoint","urlTemplate":"https:\/\/dev6.erresse-shop.it\/?s={search_term_string}"},"query-input":{"@type":"PropertyValueSpecification","valueRequired":true,"valueName":"search_term_string"}}],"inLanguage":"fr-FR"},{"@type":"Organization","@id":"https:\/\/dev6.erresse-shop.it\/#organization","name":"Erresse Shop","url":"https:\/\/dev6.erresse-shop.it\/","logo":{"@type":"ImageObject","inLanguage":"fr-FR","@id":"https:\/\/dev6.erresse-shop.it\/#\/schema\/logo\/image\/","url":"https:\/\/dev6.erresse-shop.it\/wp-content\/uploads\/2025\/01\/LOGO-ERRESSE-CLASSICO.svg","contentUrl":"https:\/\/dev6.erresse-shop.it\/wp-content\/uploads\/2025\/01\/LOGO-ERRESSE-CLASSICO.svg","caption":"Erresse Shop"},"image":{"@id":"https:\/\/dev6.erresse-shop.it\/#\/schema\/logo\/image\/"}}]}},"df_price":"","df_sale_price":"","df_regular_price":"","df_image_link":"https:\/\/i1.wp.com\/interpim.erresse-shop.it\/img-catalogo\/ninja\/ninja-woodfire-forno-elettrico-da-esterno.jpg?resize=300,300&ssl=1","fifu_image_url":"https:\/\/interpim.erresse-shop.it\/img-catalogo\/ninja\/ninja-woodfire-forno-elettrico-da-esterno.jpg","_links":{"self":[{"href":"https:\/\/dev6.erresse-shop.it\/fr\/wp-json\/wp\/v2\/product\/56643","targetHints":{"allow":["GET"]}}],"collection":[{"href":"https:\/\/dev6.erresse-shop.it\/fr\/wp-json\/wp\/v2\/product"}],"about":[{"href":"https:\/\/dev6.erresse-shop.it\/fr\/wp-json\/wp\/v2\/types\/product"}],"wp:featuredmedia":[{"embeddable":true,"href":"https:\/\/dev6.erresse-shop.it\/fr\/wp-json\/wp\/v2\/media\/6256911"}],"wp:attachment":[{"href":"https:\/\/dev6.erresse-shop.it\/fr\/wp-json\/wp\/v2\/media?parent=56643"}],"wp:term":[{"taxonomy":"product_cat","embeddable":true,"href":"https:\/\/dev6.erresse-shop.it\/fr\/wp-json\/wp\/v2\/product_cat?post=56643"},{"taxonomy":"product_tag","embeddable":true,"href":"https:\/\/dev6.erresse-shop.it\/fr\/wp-json\/wp\/v2\/product_tag?post=56643"}],"curies":[{"name":"wp","href":"https:\/\/api.w.org\/{rel}","templated":true}]}}