{"id":56641,"date":"2026-04-12T08:04:29","date_gmt":"2026-04-12T06:04:29","guid":{"rendered":"https:\/\/dev6.erresse-shop.it\/shop\/non%20class\u00e9\/ninja-blast-portable-blender-noir\/"},"modified":"2025-07-04T15:37:25","modified_gmt":"2025-07-04T13:37:25","slug":"ninja-blast-portable-blender-noir","status":"publish","type":"product","link":"https:\/\/dev6.erresse-shop.it\/fr\/shop\/petits-electromenagers\/mixeurs\/ninja-blast-portable-blender-noir\/","title":{"rendered":"NINJA Blast Portable Blender Noir"},"content":{"rendered":"<p>Mixeur portable sans fil \u00e0 grande vitesse. Mixe les ingr\u00e9dients congel\u00e9s pour les smoothies et les boissons prot\u00e9in\u00e9es super fluides, ainsi que les sauces et les assaisonnements. R\u00e9cipient de 530 ml, avec couvercle \u00e9tanche, bec verseur et bandouli\u00e8re. Sans BPA et lavable au lave-vaisselle.<\/p>\n<p>Le blender Ninja Blast apporte la puissance du blender Ninja \u00e0 grande vitesse partout o\u00f9 vous en avez besoin gr\u00e2ce \u00e0 sa portabilit\u00e9 sans fil.<\/p>\n<p>Il mixe des smoothies aux fruits surgel\u00e9s super fluides, des shakes et des boissons prot\u00e9in\u00e9es, ainsi que des sauces et des vinaigrettes.<\/p>\n<p>Il vous permet de mixer o\u00f9 vous le souhaitez avec des r\u00e9sultats optimaux, am\u00e9liorant ainsi vos performances personnelles en d\u00e9placement.<\/p>\n<p>Il se loge confortablement dans les porte-gobelets des voitures, ce qui facilite les voyages et les d\u00e9placements.<\/p>\n<p>FICHE TECHNIQUE :<\/p>\n<p>Portabilit\u00e9 du Ninja sans fil<\/p>\n<p>Technologie et performances de la lame Ninja<\/p>\n<p>Le plaisir en d\u00e9placement<\/p>\n<p>Lavable au lave-vaisselle et facile \u00e0 nettoyer<\/p>\n<p>Choix de couleurs haut de gamme<\/p>\n<p>EMBALLAGE :<\/p>\n<p>Couvercle \u00e9tanche avec bec verseur et sangle de transport inclus<\/p>\n<p>Ne pas vendre en dehors de l\u2019Europe<\/p>\n","protected":false},"excerpt":{"rendered":"<p>Mixeur portable sans fil \u00e0 grande vitesse. Mixe les ingr\u00e9dients congel\u00e9s pour les smoothies et les boissons prot\u00e9in\u00e9es super fluides, ainsi que les sauces et les assaisonnements. R\u00e9cipient de 530 ml, avec couvercle \u00e9tanche, bec verseur et bandouli\u00e8re. Sans BPA et lavable au lave-vaisselle. Le blender Ninja Blast apporte la puissance du blender Ninja \u00e0 [&hellip;]<\/p>\n","protected":false},"featured_media":6340224,"template":"","meta":{"_acf_changed":false},"product_cat":[11737,12061,12055],"product_tag":[],"class_list":{"0":"post-56641","1":"product","2":"type-product","3":"status-publish","4":"has-post-thumbnail","6":"product_cat-frullatori","7":"product_cat-mixeurs","8":"product_cat-petits-electromenagers","10":"first","11":"instock","12":"taxable","13":"shipping-taxable","14":"product-type-simple","swatches":"rey-swatches","show_selected":"","stretch_labels":"rey-swatches--stretch-labels"},"acf":[],"yoast_head":"<!-- This site is optimized with the Yoast SEO plugin v25.4 - https:\/\/yoast.com\/wordpress\/plugins\/seo\/ -->\n<title>NINJA Blast Portable Blender Noir - dev6 Erresse<\/title>\n<meta name=\"description\" content=\"Mixeur portable sans fil \u00e0 grande vitesse. Mixe les ingr\u00e9dients congel\u00e9s pour les smoothies et les boissons prot\u00e9in\u00e9es super fluides, ainsi que les sauces\" \/>\n<meta name=\"robots\" content=\"noindex, follow, max-snippet:-1, max-image-preview:large, max-video-preview:-1\" \/>\n<meta property=\"og:locale\" content=\"fr_FR\" \/>\n<meta property=\"og:type\" content=\"article\" \/>\n<meta property=\"og:title\" content=\"NINJA Blast Portable Blender Noir - dev6 Erresse\" \/>\n<meta property=\"og:description\" content=\"Mixeur portable sans fil \u00e0 grande vitesse. Mixe les ingr\u00e9dients congel\u00e9s pour les smoothies et les boissons prot\u00e9in\u00e9es super fluides, ainsi que les sauces\" \/>\n<meta property=\"og:url\" content=\"https:\/\/dev6.erresse-shop.it\/fr\/shop\/petits-electromenagers\/mixeurs\/ninja-blast-portable-blender-noir\/\" \/>\n<meta property=\"og:site_name\" content=\"dev6 Erresse\" \/>\n<meta property=\"og:image\" content=\"https:\/\/interpim.erresse-shop.it\/wp-content\/uploads\/2024\/03\/NINJA-Frullatore-Portatile-Blast-Nero.jpg\/ninja-frullatore-portatile-blast-nero.jpg\" \/><meta property=\"og:image\" content=\"https:\/\/interpim.erresse-shop.it\/wp-content\/uploads\/2024\/03\/NINJA-Frullatore-Portatile-Blast-Nero.jpg\/ninja-frullatore-portatile-blast-nero.jpg\" \/>\n\t<meta property=\"og:image:width\" content=\"1024\" \/>\n\t<meta property=\"og:image:height\" content=\"1024\" \/>\n\t<meta property=\"og:image:type\" content=\"image\/jpeg\" \/>\n<meta name=\"twitter:card\" content=\"summary_large_image\" \/>\n<meta name=\"twitter:image\" content=\"https:\/\/interpim.erresse-shop.it\/wp-content\/uploads\/2024\/03\/NINJA-Frullatore-Portatile-Blast-Nero.jpg\/ninja-frullatore-portatile-blast-nero.jpg\" \/>\n<script type=\"application\/ld+json\" class=\"yoast-schema-graph\">{\"@context\":\"https:\/\/schema.org\",\"@graph\":[{\"@type\":\"WebPage\",\"@id\":\"https:\/\/dev6.erresse-shop.it\/fr\/shop\/petits-electromenagers\/mixeurs\/ninja-blast-portable-blender-noir\/\",\"url\":\"https:\/\/dev6.erresse-shop.it\/fr\/shop\/petits-electromenagers\/mixeurs\/ninja-blast-portable-blender-noir\/\",\"name\":\"NINJA Blast Portable Blender Noir - dev6 Erresse\",\"isPartOf\":{\"@id\":\"https:\/\/dev6.erresse-shop.it\/#website\"},\"primaryImageOfPage\":{\"@id\":\"https:\/\/dev6.erresse-shop.it\/fr\/shop\/petits-electromenagers\/mixeurs\/ninja-blast-portable-blender-noir\/#primaryimage\"},\"image\":{\"@id\":\"https:\/\/dev6.erresse-shop.it\/fr\/shop\/petits-electromenagers\/mixeurs\/ninja-blast-portable-blender-noir\/#primaryimage\"},\"thumbnailUrl\":\"https:\/\/i0.wp.com\/interpim.erresse-shop.it\/wp-content\/uploads\/2024\/03\/NINJA-Frullatore-Portatile-Blast-Nero.jpg\/ninja-frullatore-portatile-blast-nero.jpg?ssl=1\",\"datePublished\":\"2026-04-12T06:04:29+00:00\",\"description\":\"Mixeur portable sans fil \u00e0 grande vitesse. Mixe les ingr\u00e9dients congel\u00e9s pour les smoothies et les boissons prot\u00e9in\u00e9es super fluides, ainsi que les sauces\",\"breadcrumb\":{\"@id\":\"https:\/\/dev6.erresse-shop.it\/fr\/shop\/petits-electromenagers\/mixeurs\/ninja-blast-portable-blender-noir\/#breadcrumb\"},\"inLanguage\":\"fr-FR\",\"potentialAction\":[{\"@type\":\"ReadAction\",\"target\":[\"https:\/\/dev6.erresse-shop.it\/fr\/shop\/petits-electromenagers\/mixeurs\/ninja-blast-portable-blender-noir\/\"]}]},{\"@type\":\"ImageObject\",\"inLanguage\":\"fr-FR\",\"@id\":\"https:\/\/dev6.erresse-shop.it\/fr\/shop\/petits-electromenagers\/mixeurs\/ninja-blast-portable-blender-noir\/#primaryimage\",\"url\":\"https:\/\/i0.wp.com\/interpim.erresse-shop.it\/wp-content\/uploads\/2024\/03\/NINJA-Frullatore-Portatile-Blast-Nero.jpg\/ninja-frullatore-portatile-blast-nero.jpg?ssl=1\",\"contentUrl\":\"https:\/\/i0.wp.com\/interpim.erresse-shop.it\/wp-content\/uploads\/2024\/03\/NINJA-Frullatore-Portatile-Blast-Nero.jpg\/ninja-frullatore-portatile-blast-nero.jpg?ssl=1\"},{\"@type\":\"BreadcrumbList\",\"@id\":\"https:\/\/dev6.erresse-shop.it\/fr\/shop\/petits-electromenagers\/mixeurs\/ninja-blast-portable-blender-noir\/#breadcrumb\",\"itemListElement\":[{\"@type\":\"ListItem\",\"position\":1,\"name\":\"Home\",\"item\":\"https:\/\/dev6.erresse-shop.it\/\"},{\"@type\":\"ListItem\",\"position\":2,\"name\":\"Boutique\",\"item\":\"https:\/\/dev6.erresse-shop.it\/shop\/\"},{\"@type\":\"ListItem\",\"position\":3,\"name\":\"NINJA Blast Portable Blender Noir\"}]},{\"@type\":\"WebSite\",\"@id\":\"https:\/\/dev6.erresse-shop.it\/#website\",\"url\":\"https:\/\/dev6.erresse-shop.it\/\",\"name\":\"Erresse Shop\",\"description\":\"\",\"publisher\":{\"@id\":\"https:\/\/dev6.erresse-shop.it\/#organization\"},\"potentialAction\":[{\"@type\":\"SearchAction\",\"target\":{\"@type\":\"EntryPoint\",\"urlTemplate\":\"https:\/\/dev6.erresse-shop.it\/?s={search_term_string}\"},\"query-input\":{\"@type\":\"PropertyValueSpecification\",\"valueRequired\":true,\"valueName\":\"search_term_string\"}}],\"inLanguage\":\"fr-FR\"},{\"@type\":\"Organization\",\"@id\":\"https:\/\/dev6.erresse-shop.it\/#organization\",\"name\":\"Erresse Shop\",\"url\":\"https:\/\/dev6.erresse-shop.it\/\",\"logo\":{\"@type\":\"ImageObject\",\"inLanguage\":\"fr-FR\",\"@id\":\"https:\/\/dev6.erresse-shop.it\/#\/schema\/logo\/image\/\",\"url\":\"https:\/\/dev6.erresse-shop.it\/wp-content\/uploads\/2025\/01\/LOGO-ERRESSE-CLASSICO.svg\",\"contentUrl\":\"https:\/\/dev6.erresse-shop.it\/wp-content\/uploads\/2025\/01\/LOGO-ERRESSE-CLASSICO.svg\",\"caption\":\"Erresse Shop\"},\"image\":{\"@id\":\"https:\/\/dev6.erresse-shop.it\/#\/schema\/logo\/image\/\"}}]}<\/script>\n<!-- \/ Yoast SEO plugin. -->","yoast_head_json":{"title":"NINJA Blast Portable Blender Noir - dev6 Erresse","description":"Mixeur portable sans fil \u00e0 grande vitesse. Mixe les ingr\u00e9dients congel\u00e9s pour les smoothies et les boissons prot\u00e9in\u00e9es super fluides, ainsi que les sauces","robots":{"index":"noindex","follow":"follow","max-snippet":"max-snippet:-1","max-image-preview":"max-image-preview:large","max-video-preview":"max-video-preview:-1"},"og_locale":"fr_FR","og_type":"article","og_title":"NINJA Blast Portable Blender Noir - dev6 Erresse","og_description":"Mixeur portable sans fil \u00e0 grande vitesse. Mixe les ingr\u00e9dients congel\u00e9s pour les smoothies et les boissons prot\u00e9in\u00e9es super fluides, ainsi que les sauces","og_url":"https:\/\/dev6.erresse-shop.it\/fr\/shop\/petits-electromenagers\/mixeurs\/ninja-blast-portable-blender-noir\/","og_site_name":"dev6 Erresse","og_image":[{"url":"https:\/\/interpim.erresse-shop.it\/wp-content\/uploads\/2024\/03\/NINJA-Frullatore-Portatile-Blast-Nero.jpg\/ninja-frullatore-portatile-blast-nero.jpg","type":"","width":"","height":""},{"url":"https:\/\/interpim.erresse-shop.it\/wp-content\/uploads\/2024\/03\/NINJA-Frullatore-Portatile-Blast-Nero.jpg\/ninja-frullatore-portatile-blast-nero.jpg","width":1024,"height":1024,"type":"image\/jpeg"}],"twitter_card":"summary_large_image","twitter_image":"https:\/\/interpim.erresse-shop.it\/wp-content\/uploads\/2024\/03\/NINJA-Frullatore-Portatile-Blast-Nero.jpg\/ninja-frullatore-portatile-blast-nero.jpg","schema":{"@context":"https:\/\/schema.org","@graph":[{"@type":"WebPage","@id":"https:\/\/dev6.erresse-shop.it\/fr\/shop\/petits-electromenagers\/mixeurs\/ninja-blast-portable-blender-noir\/","url":"https:\/\/dev6.erresse-shop.it\/fr\/shop\/petits-electromenagers\/mixeurs\/ninja-blast-portable-blender-noir\/","name":"NINJA Blast Portable Blender Noir - dev6 Erresse","isPartOf":{"@id":"https:\/\/dev6.erresse-shop.it\/#website"},"primaryImageOfPage":{"@id":"https:\/\/dev6.erresse-shop.it\/fr\/shop\/petits-electromenagers\/mixeurs\/ninja-blast-portable-blender-noir\/#primaryimage"},"image":{"@id":"https:\/\/dev6.erresse-shop.it\/fr\/shop\/petits-electromenagers\/mixeurs\/ninja-blast-portable-blender-noir\/#primaryimage"},"thumbnailUrl":"https:\/\/i0.wp.com\/interpim.erresse-shop.it\/wp-content\/uploads\/2024\/03\/NINJA-Frullatore-Portatile-Blast-Nero.jpg\/ninja-frullatore-portatile-blast-nero.jpg?ssl=1","datePublished":"2026-04-12T06:04:29+00:00","description":"Mixeur portable sans fil \u00e0 grande vitesse. Mixe les ingr\u00e9dients congel\u00e9s pour les smoothies et les boissons prot\u00e9in\u00e9es super fluides, ainsi que les sauces","breadcrumb":{"@id":"https:\/\/dev6.erresse-shop.it\/fr\/shop\/petits-electromenagers\/mixeurs\/ninja-blast-portable-blender-noir\/#breadcrumb"},"inLanguage":"fr-FR","potentialAction":[{"@type":"ReadAction","target":["https:\/\/dev6.erresse-shop.it\/fr\/shop\/petits-electromenagers\/mixeurs\/ninja-blast-portable-blender-noir\/"]}]},{"@type":"ImageObject","inLanguage":"fr-FR","@id":"https:\/\/dev6.erresse-shop.it\/fr\/shop\/petits-electromenagers\/mixeurs\/ninja-blast-portable-blender-noir\/#primaryimage","url":"https:\/\/i0.wp.com\/interpim.erresse-shop.it\/wp-content\/uploads\/2024\/03\/NINJA-Frullatore-Portatile-Blast-Nero.jpg\/ninja-frullatore-portatile-blast-nero.jpg?ssl=1","contentUrl":"https:\/\/i0.wp.com\/interpim.erresse-shop.it\/wp-content\/uploads\/2024\/03\/NINJA-Frullatore-Portatile-Blast-Nero.jpg\/ninja-frullatore-portatile-blast-nero.jpg?ssl=1"},{"@type":"BreadcrumbList","@id":"https:\/\/dev6.erresse-shop.it\/fr\/shop\/petits-electromenagers\/mixeurs\/ninja-blast-portable-blender-noir\/#breadcrumb","itemListElement":[{"@type":"ListItem","position":1,"name":"Home","item":"https:\/\/dev6.erresse-shop.it\/"},{"@type":"ListItem","position":2,"name":"Boutique","item":"https:\/\/dev6.erresse-shop.it\/shop\/"},{"@type":"ListItem","position":3,"name":"NINJA Blast Portable Blender Noir"}]},{"@type":"WebSite","@id":"https:\/\/dev6.erresse-shop.it\/#website","url":"https:\/\/dev6.erresse-shop.it\/","name":"Erresse Shop","description":"","publisher":{"@id":"https:\/\/dev6.erresse-shop.it\/#organization"},"potentialAction":[{"@type":"SearchAction","target":{"@type":"EntryPoint","urlTemplate":"https:\/\/dev6.erresse-shop.it\/?s={search_term_string}"},"query-input":{"@type":"PropertyValueSpecification","valueRequired":true,"valueName":"search_term_string"}}],"inLanguage":"fr-FR"},{"@type":"Organization","@id":"https:\/\/dev6.erresse-shop.it\/#organization","name":"Erresse Shop","url":"https:\/\/dev6.erresse-shop.it\/","logo":{"@type":"ImageObject","inLanguage":"fr-FR","@id":"https:\/\/dev6.erresse-shop.it\/#\/schema\/logo\/image\/","url":"https:\/\/dev6.erresse-shop.it\/wp-content\/uploads\/2025\/01\/LOGO-ERRESSE-CLASSICO.svg","contentUrl":"https:\/\/dev6.erresse-shop.it\/wp-content\/uploads\/2025\/01\/LOGO-ERRESSE-CLASSICO.svg","caption":"Erresse Shop"},"image":{"@id":"https:\/\/dev6.erresse-shop.it\/#\/schema\/logo\/image\/"}}]}},"df_price":"","df_sale_price":"","df_regular_price":"","df_image_link":"https:\/\/i0.wp.com\/interpim.erresse-shop.it\/wp-content\/uploads\/2024\/03\/NINJA-Frullatore-Portatile-Blast-Nero.jpg\/ninja-frullatore-portatile-blast-nero.jpg?resize=300,300&ssl=1","fifu_image_url":"https:\/\/interpim.erresse-shop.it\/wp-content\/uploads\/2024\/03\/NINJA-Frullatore-Portatile-Blast-Nero.jpg\/ninja-frullatore-portatile-blast-nero.jpg","_links":{"self":[{"href":"https:\/\/dev6.erresse-shop.it\/fr\/wp-json\/wp\/v2\/product\/56641","targetHints":{"allow":["GET"]}}],"collection":[{"href":"https:\/\/dev6.erresse-shop.it\/fr\/wp-json\/wp\/v2\/product"}],"about":[{"href":"https:\/\/dev6.erresse-shop.it\/fr\/wp-json\/wp\/v2\/types\/product"}],"wp:featuredmedia":[{"embeddable":true,"href":"https:\/\/dev6.erresse-shop.it\/fr\/wp-json\/wp\/v2\/media\/6340224"}],"wp:attachment":[{"href":"https:\/\/dev6.erresse-shop.it\/fr\/wp-json\/wp\/v2\/media?parent=56641"}],"wp:term":[{"taxonomy":"product_cat","embeddable":true,"href":"https:\/\/dev6.erresse-shop.it\/fr\/wp-json\/wp\/v2\/product_cat?post=56641"},{"taxonomy":"product_tag","embeddable":true,"href":"https:\/\/dev6.erresse-shop.it\/fr\/wp-json\/wp\/v2\/product_tag?post=56641"}],"curies":[{"name":"wp","href":"https:\/\/api.w.org\/{rel}","templated":true}]}}