{"id":56639,"date":"2026-04-16T15:51:44","date_gmt":"2026-04-16T13:51:44","guid":{"rendered":"https:\/\/dev6.erresse-shop.it\/shop\/non%20class\u00e9\/ninja-four-multifonction10-en-1-29-litres\/"},"modified":"2025-07-04T15:37:24","modified_gmt":"2025-07-04T13:37:24","slug":"ninja-four-multifonction10-en-1-29-litres","status":"publish","type":"product","link":"https:\/\/dev6.erresse-shop.it\/fr\/shop\/petits-electromenagers\/fours\/ninja-four-multifonction10-en-1-29-litres\/","title":{"rendered":"NINJA Four multifonction10 en 1 29 Litres"},"content":{"rendered":"<p>Four avec 10 fonctions de cuisson : friture \u00e0 l\u2019air, r\u00f4tissage, r\u00f4ti entier, gril, cuisson au four, pizza, s\u00e9chage, r\u00e9chauffage, toast, bagel. Cuisson rapide et homog\u00e8ne sur 2 niveaux. Affichage num\u00e9rique avec commandes tactiles, minuterie et \u00e9clairage int\u00e9rieur. Plateau \u00e0 miettes amovible.<\/p>\n<p>Il s\u2019agit du grand four multifonction de Ninja qui cuit des repas complets rapidement et uniform\u00e9ment sur 2 niveaux.<\/p>\n<p>Jusqu\u2019\u00e0 40 % plus rapide que les fours \u00e0 chaleur tournante<\/p>\n<p>Cr\u00e9ez rapidement et facilement des plats pour toute la famille en seulement 30 minutes. Dites adieu aux longues attentes gr\u00e2ce au pr\u00e9chauffage ultra-rapide en 90 secondes.<\/p>\n<p>Cuisson sur 2 niveaux<\/p>\n<p>Parfait pour cuisiner pour toute la famille, ce four cuit rapidement et uniform\u00e9ment sur 2 niveaux. Vous pouvez pr\u00e9parer un plat principal et des accompagnements, de sorte qu\u2019il n\u2019est pas n\u00e9cessaire d\u2019utiliser diff\u00e9rents accessoires pour pr\u00e9parer un repas complet.<\/p>\n<p>Vous pouvez pr\u00e9parer un poulet r\u00f4ti entier avec du citron, des herbes et des pommes de terre, un r\u00f4ti de porc \u00e0 la toscane avec des l\u00e9gumes, des brochettes de poulet marin\u00e9 avec du pain pitta chaud, ou simplement deux pizzas \u00e0 cuire en m\u00eame temps. Le guide de cuisson num\u00e9rique \u00e9clair\u00e9 vous aide \u00e0 positionner au mieux les aliments sur le gril du four en fonction des fonctions s\u00e9lectionn\u00e9es.<\/p>\n<p>Technologie de convection enveloppante<\/p>\n<p>Une cuisson rapide, croustillante et homog\u00e8ne. Le ventilateur \u00e0 grande vitesse, la source de chaleur arri\u00e8re et le flux d\u2019air enveloppant fonctionnent en synergie pour chauffer l\u2019air dans tout le four, ce qui permet une cuisson uniforme sur les deux grilles sans qu\u2019il soit n\u00e9cessaire de tourner les plateaux ou de retourner les aliments.<\/p>\n<p>Les sources infrarouges situ\u00e9es en haut et en bas permettent une plage de temp\u00e9rature de 40 \u00b0C \u00e0 230 \u00b0C, tandis que la troisi\u00e8me source de chaleur situ\u00e9e \u00e0 l\u2019arri\u00e8re, derri\u00e8re le ventilateur \u00e0 grande vitesse, cr\u00e9e une convection d\u2019air surchauff\u00e9. Le syst\u00e8me unique de ventilation haut-bas fait circuler l\u2019air dans tout le four, ce qui permet une cuisson uniforme sur les deux niveaux.<\/p>\n<p>Bien plus qu\u2019un simple four<\/p>\n<p>Vous pouvez pr\u00e9parer un nombre infini de plats gr\u00e2ce \u00e0 10 fonctions de cuisson personnalisables, en utilisant un seul accessoire de cuisson.<\/p>\n<p>\u2013 Friture \u00e0 l\u2019air : des r\u00e9sultats rapides et super croustillants avec peu ou pas d\u2019huile. Jusqu\u2019\u00e0 75 % de mati\u00e8res grasses en moins par rapport aux m\u00e9thodes de friture traditionnelles. Parfait pour cuisiner vos aliments frits pr\u00e9f\u00e9r\u00e9s, des escalopes de poulet aux saucisses gr\u00e9sillantes en passant par les pommes de terre croustillantes au four.<\/p>\n<p>\u2013 R\u00f4ti : ext\u00e9rieur croustillant et int\u00e9rieur parfaitement cuit, id\u00e9al pour les plats de r\u00f4ti tels que les blancs de poulet au citron, aux herbes et aux asperges ou les filets de saumon aux brocolis et aux patates douces.<br \/>\n\u2013 R\u00f4ti entier : cuisson et croustillant sur toutes les faces du r\u00f4ti sans le retourner. Pr\u00e9parez en m\u00eame temps un r\u00f4ti de b\u0153uf tendre ou un poulet de 2,25 kg avec des l\u00e9gumes pour un repas complet, ou un r\u00f4ti plus volumineux, comme une dinde de 5,4 kg.<br \/>\n\u2013 Gril : avec la chaleur du haut et du bas pour une cuisson croustillante, vous pouvez griller uniform\u00e9ment des brochettes de kebab avec des pommes de terre gratin\u00e9es au fromage ou des timbales de p\u00e2tes telles que des cannellonis \u00e0 la ricotta avec une garniture grill\u00e9e bouillonnante.<br \/>\n\u2013 Cuisson : cuisez facilement les biscuits, g\u00e2teaux et p\u00e2tisseries que vous aimez ou cr\u00e9ez de d\u00e9licieux plats tels que des tartes sal\u00e9es, des omelettes, des timbales de p\u00e2tes et bien plus encore.<br \/>\n\u2013 Pizza : votre pizza personnelle \u00e0 la maison ! Le r\u00e9glage d\u00e9di\u00e9 aux pizzas est con\u00e7u pour cuire \u00e0 la perfection les pizzas, calzones et piadinas faites maison ou surgel\u00e9es.<br \/>\n\u2013 D\u00e9shydratation : d\u00e9shydratez en douceur des ingr\u00e9dients tels que des fruits, des l\u00e9gumes et de la viande pour cr\u00e9er des en-cas sains, des lamelles de b\u0153uf aux fruits secs.<br \/>\n\u2013 R\u00e9chauffer : r\u00e9chauffe les restes pour leur redonner leur fra\u00eecheur et leur croustillant, comme s\u2019ils venaient d\u2019\u00eatre cuits, sans les surcuire. Id\u00e9al pour les pizzas, les rouleaux de printemps et bien plus encore.<\/p>\n<p>\u2013 Toast : grillez rapidement jusqu\u2019\u00e0 8 tranches de pain au niveau de cuisson souhait\u00e9 gr\u00e2ce au s\u00e9lecteur de toast int\u00e9gr\u00e9.<\/p>\n<p>\u2013 Bagel : grillez parfaitement jusqu\u2019\u00e0 8 moiti\u00e9s de bagel en les pla\u00e7ant sur le gril, avec un ext\u00e9rieur d\u00e9licieusement croustillant.<\/p>\n<p>Simplicit\u00e9 d\u2019utilisation<\/p>\n<p>S\u00e9lectionnez facilement la fonction de cuisson, la dur\u00e9e et la temp\u00e9rature\/le niveau de grillage gr\u00e2ce aux commandes tactiles et \u00e0 l\u2019affichage num\u00e9rique, tous situ\u00e9s sur l\u2019\u00e9l\u00e9gante poign\u00e9e de la porte du four. Lorsque la porte est ouverte, les r\u00e9glages sont verrouill\u00e9s pour \u00e9viter toute modification accidentelle du cycle de cuisson.<\/p>\n<p>Le plateau ramasse-miettes amovible facilite le nettoyage des miettes et des petits r\u00e9sidus alimentaires.<\/p>\n<p>Le four comprend 2 grilles (chacune pouvant accueillir une pizza de 30,5 cm), une plaque de cuisson, une plaque \u00e0 r\u00f4tir et un panier \u00e0 friture \u00e0 l\u2019air (d\u2019une capacit\u00e9 de 1,8 kg d\u2019ingr\u00e9dients).<\/p>\n<p>Commencez tout de suite avec le livre de cuisine du chef inclus, qui contient des recettes et des tableaux de cuisson qui vous aideront \u00e0 donner libre cours \u00e0 votre cr\u00e9ativit\u00e9.<\/p>\n<p>Nous sommes fiers de d\u00e9velopper des produits 5 \u00e9toiles gr\u00e2ce \u00e0 des tests approfondis et \u00e0 un dialogue constant avec les consommateurs. Lisez nos commentaires pour savoir ce qu\u2019ils pensent de nous.<\/p>\n<p>Test\u00e9 sur des saucisses et des b\u00e2tonnets de poisson, y compris ceux qui sont pr\u00e9chauff\u00e9s.<\/p>\n<p>Test\u00e9 sur des frites coup\u00e9es \u00e0 la main.<\/p>\n<p>** Test\u00e9 sur des frites coup\u00e9es \u00e0 la main et frites dans de l\u2019huile chaude.<\/p>\n<p>FICHE TECHNIQUE :<\/p>\n<p>Dimensions : H 33,5 cm x L 43,5 cm x P 50,5 cm<\/p>\n<p>Poids : 14,6 kg<\/p>\n<p>Puissance nominale 2400 W<\/p>\n<p>Longueur du c\u00e2ble 0,91 m<\/p>\n<p>Pieds antid\u00e9rapants<\/p>\n<p>Composants compatibles avec le lave-vaisselle<\/p>\n<p>Capacit\u00e9 29 L<\/p>\n<p>PACKAGE<\/p>\n<p>Panier \u00e0 friture<\/p>\n<p>Plateau \u00e0 r\u00f4tir<\/p>\n<p>Plaque de cuisson<\/p>\n<p>2 grilles<\/p>\n<p>Bac \u00e0 miettes amovible (d\u00e9j\u00e0 install\u00e9 dans l\u2019appareil)<\/p>\n<p>Livret d\u2019instructions<\/p>\n<p>Guide d\u2019utilisation rapide et livret de recettes<\/p>\n<p>Non disponible \u00e0 la vente en dehors de l\u2019Europe<\/p>\n","protected":false},"excerpt":{"rendered":"<p>Four avec 10 fonctions de cuisson : friture \u00e0 l\u2019air, r\u00f4tissage, r\u00f4ti entier, gril, cuisson au four, pizza, s\u00e9chage, r\u00e9chauffage, toast, bagel. Cuisson rapide et homog\u00e8ne sur 2 niveaux. Affichage num\u00e9rique avec commandes tactiles, minuterie et \u00e9clairage int\u00e9rieur. Plateau \u00e0 miettes amovible. Il s\u2019agit du grand four multifonction de Ninja qui cuit des repas complets [&hellip;]<\/p>\n","protected":false},"featured_media":6451765,"template":"","meta":{"_acf_changed":false},"product_cat":[11761,12085,12055],"product_tag":[],"class_list":{"0":"post-56639","1":"product","2":"type-product","3":"status-publish","4":"has-post-thumbnail","6":"product_cat-forni","7":"product_cat-fours","8":"product_cat-petits-electromenagers","10":"first","11":"instock","12":"taxable","13":"shipping-taxable","14":"purchasable","15":"product-type-simple","swatches":"rey-swatches","show_selected":"","stretch_labels":"rey-swatches--stretch-labels"},"acf":[],"yoast_head":"<!-- This site is optimized with the Yoast SEO plugin v25.4 - https:\/\/yoast.com\/wordpress\/plugins\/seo\/ -->\n<title>NINJA Four multifonction10 en 1 29 Litres - dev6 Erresse<\/title>\n<meta name=\"description\" content=\"Four avec 10 fonctions de cuisson : friture \u00e0 l\u2019air, r\u00f4tissage, r\u00f4ti entier, gril, cuisson au four, pizza, s\u00e9chage, r\u00e9chauffage, toast, bagel. Cuisson\" \/>\n<meta name=\"robots\" content=\"noindex, follow, max-snippet:-1, max-image-preview:large, max-video-preview:-1\" \/>\n<meta property=\"og:locale\" content=\"fr_FR\" \/>\n<meta property=\"og:type\" content=\"article\" \/>\n<meta property=\"og:title\" content=\"NINJA Four multifonction10 en 1 29 Litres - dev6 Erresse\" \/>\n<meta property=\"og:description\" content=\"Four avec 10 fonctions de cuisson : friture \u00e0 l\u2019air, r\u00f4tissage, r\u00f4ti entier, gril, cuisson au four, pizza, s\u00e9chage, r\u00e9chauffage, toast, bagel. Cuisson\" \/>\n<meta property=\"og:url\" content=\"https:\/\/dev6.erresse-shop.it\/fr\/shop\/petits-electromenagers\/fours\/ninja-four-multifonction10-en-1-29-litres\/\" \/>\n<meta property=\"og:site_name\" content=\"dev6 Erresse\" \/>\n<meta property=\"og:image\" content=\"https:\/\/interpim.erresse-shop.it\/Import\/Prodotti\/ninja-forno-multifunzione-10-in-1-29-litri.jpg\" \/><meta property=\"og:image\" content=\"https:\/\/interpim.erresse-shop.it\/Import\/Prodotti\/ninja-forno-multifunzione-10-in-1-29-litri.jpg\" \/>\n\t<meta property=\"og:image:width\" content=\"1024\" \/>\n\t<meta property=\"og:image:height\" content=\"1024\" \/>\n\t<meta property=\"og:image:type\" content=\"image\/jpeg\" \/>\n<meta name=\"twitter:card\" content=\"summary_large_image\" \/>\n<meta name=\"twitter:image\" content=\"https:\/\/interpim.erresse-shop.it\/Import\/Prodotti\/ninja-forno-multifunzione-10-in-1-29-litri.jpg\" \/>\n<script type=\"application\/ld+json\" class=\"yoast-schema-graph\">{\"@context\":\"https:\/\/schema.org\",\"@graph\":[{\"@type\":\"WebPage\",\"@id\":\"https:\/\/dev6.erresse-shop.it\/fr\/shop\/petits-electromenagers\/fours\/ninja-four-multifonction10-en-1-29-litres\/\",\"url\":\"https:\/\/dev6.erresse-shop.it\/fr\/shop\/petits-electromenagers\/fours\/ninja-four-multifonction10-en-1-29-litres\/\",\"name\":\"NINJA Four multifonction10 en 1 29 Litres - dev6 Erresse\",\"isPartOf\":{\"@id\":\"https:\/\/dev6.erresse-shop.it\/#website\"},\"primaryImageOfPage\":{\"@id\":\"https:\/\/dev6.erresse-shop.it\/fr\/shop\/petits-electromenagers\/fours\/ninja-four-multifonction10-en-1-29-litres\/#primaryimage\"},\"image\":{\"@id\":\"https:\/\/dev6.erresse-shop.it\/fr\/shop\/petits-electromenagers\/fours\/ninja-four-multifonction10-en-1-29-litres\/#primaryimage\"},\"thumbnailUrl\":\"https:\/\/i2.wp.com\/interpim.erresse-shop.it\/Import\/Prodotti\/ninja-forno-multifunzione-10-in-1-29-litri.jpg?ssl=1\",\"datePublished\":\"2026-04-16T13:51:44+00:00\",\"description\":\"Four avec 10 fonctions de cuisson : friture \u00e0 l\u2019air, r\u00f4tissage, r\u00f4ti entier, gril, cuisson au four, pizza, s\u00e9chage, r\u00e9chauffage, toast, bagel. Cuisson\",\"breadcrumb\":{\"@id\":\"https:\/\/dev6.erresse-shop.it\/fr\/shop\/petits-electromenagers\/fours\/ninja-four-multifonction10-en-1-29-litres\/#breadcrumb\"},\"inLanguage\":\"fr-FR\",\"potentialAction\":[{\"@type\":\"ReadAction\",\"target\":[\"https:\/\/dev6.erresse-shop.it\/fr\/shop\/petits-electromenagers\/fours\/ninja-four-multifonction10-en-1-29-litres\/\"]}]},{\"@type\":\"ImageObject\",\"inLanguage\":\"fr-FR\",\"@id\":\"https:\/\/dev6.erresse-shop.it\/fr\/shop\/petits-electromenagers\/fours\/ninja-four-multifonction10-en-1-29-litres\/#primaryimage\",\"url\":\"https:\/\/i2.wp.com\/interpim.erresse-shop.it\/Import\/Prodotti\/ninja-forno-multifunzione-10-in-1-29-litri.jpg?ssl=1\",\"contentUrl\":\"https:\/\/i2.wp.com\/interpim.erresse-shop.it\/Import\/Prodotti\/ninja-forno-multifunzione-10-in-1-29-litri.jpg?ssl=1\"},{\"@type\":\"BreadcrumbList\",\"@id\":\"https:\/\/dev6.erresse-shop.it\/fr\/shop\/petits-electromenagers\/fours\/ninja-four-multifonction10-en-1-29-litres\/#breadcrumb\",\"itemListElement\":[{\"@type\":\"ListItem\",\"position\":1,\"name\":\"Home\",\"item\":\"https:\/\/dev6.erresse-shop.it\/\"},{\"@type\":\"ListItem\",\"position\":2,\"name\":\"Boutique\",\"item\":\"https:\/\/dev6.erresse-shop.it\/shop\/\"},{\"@type\":\"ListItem\",\"position\":3,\"name\":\"NINJA Four multifonction10 en 1 29 Litres\"}]},{\"@type\":\"WebSite\",\"@id\":\"https:\/\/dev6.erresse-shop.it\/#website\",\"url\":\"https:\/\/dev6.erresse-shop.it\/\",\"name\":\"Erresse Shop\",\"description\":\"\",\"publisher\":{\"@id\":\"https:\/\/dev6.erresse-shop.it\/#organization\"},\"potentialAction\":[{\"@type\":\"SearchAction\",\"target\":{\"@type\":\"EntryPoint\",\"urlTemplate\":\"https:\/\/dev6.erresse-shop.it\/?s={search_term_string}\"},\"query-input\":{\"@type\":\"PropertyValueSpecification\",\"valueRequired\":true,\"valueName\":\"search_term_string\"}}],\"inLanguage\":\"fr-FR\"},{\"@type\":\"Organization\",\"@id\":\"https:\/\/dev6.erresse-shop.it\/#organization\",\"name\":\"Erresse Shop\",\"url\":\"https:\/\/dev6.erresse-shop.it\/\",\"logo\":{\"@type\":\"ImageObject\",\"inLanguage\":\"fr-FR\",\"@id\":\"https:\/\/dev6.erresse-shop.it\/#\/schema\/logo\/image\/\",\"url\":\"https:\/\/dev6.erresse-shop.it\/wp-content\/uploads\/2025\/01\/LOGO-ERRESSE-CLASSICO.svg\",\"contentUrl\":\"https:\/\/dev6.erresse-shop.it\/wp-content\/uploads\/2025\/01\/LOGO-ERRESSE-CLASSICO.svg\",\"caption\":\"Erresse Shop\"},\"image\":{\"@id\":\"https:\/\/dev6.erresse-shop.it\/#\/schema\/logo\/image\/\"}}]}<\/script>\n<!-- \/ Yoast SEO plugin. -->","yoast_head_json":{"title":"NINJA Four multifonction10 en 1 29 Litres - dev6 Erresse","description":"Four avec 10 fonctions de cuisson : friture \u00e0 l\u2019air, r\u00f4tissage, r\u00f4ti entier, gril, cuisson au four, pizza, s\u00e9chage, r\u00e9chauffage, toast, bagel. Cuisson","robots":{"index":"noindex","follow":"follow","max-snippet":"max-snippet:-1","max-image-preview":"max-image-preview:large","max-video-preview":"max-video-preview:-1"},"og_locale":"fr_FR","og_type":"article","og_title":"NINJA Four multifonction10 en 1 29 Litres - dev6 Erresse","og_description":"Four avec 10 fonctions de cuisson : friture \u00e0 l\u2019air, r\u00f4tissage, r\u00f4ti entier, gril, cuisson au four, pizza, s\u00e9chage, r\u00e9chauffage, toast, bagel. Cuisson","og_url":"https:\/\/dev6.erresse-shop.it\/fr\/shop\/petits-electromenagers\/fours\/ninja-four-multifonction10-en-1-29-litres\/","og_site_name":"dev6 Erresse","og_image":[{"url":"https:\/\/interpim.erresse-shop.it\/Import\/Prodotti\/ninja-forno-multifunzione-10-in-1-29-litri.jpg","type":"","width":"","height":""},{"url":"https:\/\/interpim.erresse-shop.it\/Import\/Prodotti\/ninja-forno-multifunzione-10-in-1-29-litri.jpg","width":1024,"height":1024,"type":"image\/jpeg"}],"twitter_card":"summary_large_image","twitter_image":"https:\/\/interpim.erresse-shop.it\/Import\/Prodotti\/ninja-forno-multifunzione-10-in-1-29-litri.jpg","schema":{"@context":"https:\/\/schema.org","@graph":[{"@type":"WebPage","@id":"https:\/\/dev6.erresse-shop.it\/fr\/shop\/petits-electromenagers\/fours\/ninja-four-multifonction10-en-1-29-litres\/","url":"https:\/\/dev6.erresse-shop.it\/fr\/shop\/petits-electromenagers\/fours\/ninja-four-multifonction10-en-1-29-litres\/","name":"NINJA Four multifonction10 en 1 29 Litres - dev6 Erresse","isPartOf":{"@id":"https:\/\/dev6.erresse-shop.it\/#website"},"primaryImageOfPage":{"@id":"https:\/\/dev6.erresse-shop.it\/fr\/shop\/petits-electromenagers\/fours\/ninja-four-multifonction10-en-1-29-litres\/#primaryimage"},"image":{"@id":"https:\/\/dev6.erresse-shop.it\/fr\/shop\/petits-electromenagers\/fours\/ninja-four-multifonction10-en-1-29-litres\/#primaryimage"},"thumbnailUrl":"https:\/\/i2.wp.com\/interpim.erresse-shop.it\/Import\/Prodotti\/ninja-forno-multifunzione-10-in-1-29-litri.jpg?ssl=1","datePublished":"2026-04-16T13:51:44+00:00","description":"Four avec 10 fonctions de cuisson : friture \u00e0 l\u2019air, r\u00f4tissage, r\u00f4ti entier, gril, cuisson au four, pizza, s\u00e9chage, r\u00e9chauffage, toast, bagel. Cuisson","breadcrumb":{"@id":"https:\/\/dev6.erresse-shop.it\/fr\/shop\/petits-electromenagers\/fours\/ninja-four-multifonction10-en-1-29-litres\/#breadcrumb"},"inLanguage":"fr-FR","potentialAction":[{"@type":"ReadAction","target":["https:\/\/dev6.erresse-shop.it\/fr\/shop\/petits-electromenagers\/fours\/ninja-four-multifonction10-en-1-29-litres\/"]}]},{"@type":"ImageObject","inLanguage":"fr-FR","@id":"https:\/\/dev6.erresse-shop.it\/fr\/shop\/petits-electromenagers\/fours\/ninja-four-multifonction10-en-1-29-litres\/#primaryimage","url":"https:\/\/i2.wp.com\/interpim.erresse-shop.it\/Import\/Prodotti\/ninja-forno-multifunzione-10-in-1-29-litri.jpg?ssl=1","contentUrl":"https:\/\/i2.wp.com\/interpim.erresse-shop.it\/Import\/Prodotti\/ninja-forno-multifunzione-10-in-1-29-litri.jpg?ssl=1"},{"@type":"BreadcrumbList","@id":"https:\/\/dev6.erresse-shop.it\/fr\/shop\/petits-electromenagers\/fours\/ninja-four-multifonction10-en-1-29-litres\/#breadcrumb","itemListElement":[{"@type":"ListItem","position":1,"name":"Home","item":"https:\/\/dev6.erresse-shop.it\/"},{"@type":"ListItem","position":2,"name":"Boutique","item":"https:\/\/dev6.erresse-shop.it\/shop\/"},{"@type":"ListItem","position":3,"name":"NINJA Four multifonction10 en 1 29 Litres"}]},{"@type":"WebSite","@id":"https:\/\/dev6.erresse-shop.it\/#website","url":"https:\/\/dev6.erresse-shop.it\/","name":"Erresse Shop","description":"","publisher":{"@id":"https:\/\/dev6.erresse-shop.it\/#organization"},"potentialAction":[{"@type":"SearchAction","target":{"@type":"EntryPoint","urlTemplate":"https:\/\/dev6.erresse-shop.it\/?s={search_term_string}"},"query-input":{"@type":"PropertyValueSpecification","valueRequired":true,"valueName":"search_term_string"}}],"inLanguage":"fr-FR"},{"@type":"Organization","@id":"https:\/\/dev6.erresse-shop.it\/#organization","name":"Erresse Shop","url":"https:\/\/dev6.erresse-shop.it\/","logo":{"@type":"ImageObject","inLanguage":"fr-FR","@id":"https:\/\/dev6.erresse-shop.it\/#\/schema\/logo\/image\/","url":"https:\/\/dev6.erresse-shop.it\/wp-content\/uploads\/2025\/01\/LOGO-ERRESSE-CLASSICO.svg","contentUrl":"https:\/\/dev6.erresse-shop.it\/wp-content\/uploads\/2025\/01\/LOGO-ERRESSE-CLASSICO.svg","caption":"Erresse Shop"},"image":{"@id":"https:\/\/dev6.erresse-shop.it\/#\/schema\/logo\/image\/"}}]}},"df_price":299.99,"df_sale_price":"","df_regular_price":299.99,"df_image_link":"https:\/\/i2.wp.com\/interpim.erresse-shop.it\/Import\/Prodotti\/ninja-forno-multifunzione-10-in-1-29-litri.jpg?resize=300,300&ssl=1","fifu_image_url":"https:\/\/interpim.erresse-shop.it\/Import\/Prodotti\/ninja-forno-multifunzione-10-in-1-29-litri.jpg","_links":{"self":[{"href":"https:\/\/dev6.erresse-shop.it\/fr\/wp-json\/wp\/v2\/product\/56639","targetHints":{"allow":["GET"]}}],"collection":[{"href":"https:\/\/dev6.erresse-shop.it\/fr\/wp-json\/wp\/v2\/product"}],"about":[{"href":"https:\/\/dev6.erresse-shop.it\/fr\/wp-json\/wp\/v2\/types\/product"}],"wp:featuredmedia":[{"embeddable":true,"href":"https:\/\/dev6.erresse-shop.it\/fr\/wp-json\/wp\/v2\/media\/6451765"}],"wp:attachment":[{"href":"https:\/\/dev6.erresse-shop.it\/fr\/wp-json\/wp\/v2\/media?parent=56639"}],"wp:term":[{"taxonomy":"product_cat","embeddable":true,"href":"https:\/\/dev6.erresse-shop.it\/fr\/wp-json\/wp\/v2\/product_cat?post=56639"},{"taxonomy":"product_tag","embeddable":true,"href":"https:\/\/dev6.erresse-shop.it\/fr\/wp-json\/wp\/v2\/product_tag?post=56639"}],"curies":[{"name":"wp","href":"https:\/\/api.w.org\/{rel}","templated":true}]}}