{"id":56637,"date":"2026-04-25T06:30:13","date_gmt":"2026-04-25T04:30:13","guid":{"rendered":"https:\/\/dev6.erresse-shop.it\/shop\/non%20class\u00e9\/ninja-four-multifonction-8-en-1-10-litres\/"},"modified":"2025-07-04T15:37:22","modified_gmt":"2025-07-04T13:37:22","slug":"ninja-four-multifonction-8-en-1-10-litres","status":"publish","type":"product","link":"https:\/\/dev6.erresse-shop.it\/fr\/shop\/petits-electromenagers\/fours\/ninja-four-multifonction-8-en-1-10-litres\/","title":{"rendered":"NINJA Four multifonction 8 en 1 10 Litres"},"content":{"rendered":"<p>Four multifonction pour 8 types de cuisson : friteuse, r\u00f4ti, four, gril, s\u00e9choir, toast, bagel et maintien au chaud. Technologie de contr\u00f4le num\u00e9rique du croustillant. Affichage num\u00e9rique, minuterie et \u00e9clairage int\u00e9rieur. Peut \u00eatre rang\u00e9 verticalement pour un gain de place et un nettoyage facile. Plateau amovible.<br \/>\nLe four avec fonction Crisp qui peut \u00eatre rang\u00e9 verticalement.<br \/>\nIl cuit jusqu\u2019\u00e0 50 % plus vite que les fours \u00e0 convection*, ce qui vous permet de pr\u00e9parer facilement de d\u00e9licieux plats pour toute la famille en 20 minutes gr\u00e2ce au pr\u00e9chauffage ultra-rapide en 60 secondes.<br \/>\nPlus de cr\u00e9ativit\u00e9 dans la cuisine avec ce four multifonction. Pas moins de 8 fonctions de cuisson : friteuse, r\u00f4tir, cuire, griller, s\u00e9cher, toaster, bagel et maintenir au chaud.<br \/>\nCr\u00e9ez de d\u00e9licieux plats cuits au four, du saumon grill\u00e9 au chou-fleur \u00e9pic\u00e9 en passant par les blancs de poulet au citron et aux herbes, accompagn\u00e9s de frites croustillantes. Pr\u00e9parez facilement des pizzas maison, de superbes toasts, des pommes de terre dor\u00e9es, du poisson grill\u00e9 et des l\u00e9gumes r\u00f4tis. D\u00e9gustez des sandwichs et des bagels grill\u00e9s avec vos garnitures pr\u00e9f\u00e9r\u00e9es, satisfaites vos envies de sucr\u00e9 avec des biscuits et des p\u00e2tisseries maison, ou utilisez le d\u00e9shydrateur pour pr\u00e9parer des en-cas \u00e0 base de viande, de fruits d\u00e9shydrat\u00e9s et d\u2019herbes aromatiques.<\/p>\n<p>Jusqu\u2019\u00e0 75 % de mati\u00e8res grasses en moins par rapport \u00e0 la friture traditionnelle** \u2013 La friture \u00e0 l\u2019air permet d\u2019obtenir le m\u00eame go\u00fbt d\u00e9licieux tout en ajoutant peu ou pas d\u2019huile.<br \/>\nTechnologie de contr\u00f4le num\u00e9rique du croustillant<br \/>\nGr\u00e2ce au contr\u00f4le de la vitesse du ventilateur et de la temp\u00e9rature, la technologie Digital Crisp Control vous permet de cuire des aliments qui sont cuits \u00e0 la perfection \u00e0 l\u2019int\u00e9rieur et croustillants \u00e0 l\u2019ext\u00e9rieur.<br \/>\nLes 6 \u00e9l\u00e9ments chauffants infrarouges couvrent une large plage de temp\u00e9rature, tandis que le flux variable fait circuler l\u2019air chaud autour des aliments \u00e0 diff\u00e9rentes vitesses pour une cuisson et un brunissement uniformes. Choisissez parmi 8 programmes num\u00e9riques qui ajustent automatiquement la temp\u00e9rature, la source de chaleur et le flux d\u2019air pour obtenir les meilleurs r\u00e9sultats de cuisson.<br \/>\nCe four ultra-compact permet de cuire facilement une pizza de 33 cm, 1 kg de frites ou 6 tranches de pain. Comprend une plaque de cuisson, un panier \u00e0 friture et un gril pour une polyvalence maximale dans la cuisine.<br \/>\nLib\u00e8re de l\u2019espace : gr\u00e2ce \u00e0 sa conception sp\u00e9ciale, l\u2019appareil peut \u00eatre rang\u00e9 verticalement pour minimiser l\u2019encombrement et faciliter le nettoyage. Tournez-le sur le c\u00f4t\u00e9 et lib\u00e9rez jusqu\u2019\u00e0 50 % de l\u2019espace.<\/p>\n<p>Le bac \u00e0 miettes amovible et l\u2019acc\u00e8s par le panneau arri\u00e8re facilitent le nettoyage.<\/p>\n<p>Facile \u00e0 utiliser, il est dot\u00e9 d\u2019un \u00e9cran num\u00e9rique, d\u2019une minuterie et d\u2019un \u00e9clairage int\u00e9rieur. Un livre de recettes du chef est inclus dans l\u2019emballage, avec de nombreuses id\u00e9es savoureuses \u00e0 essayer imm\u00e9diatement.<\/p>\n<p>* Test\u00e9 contre les b\u00e2tonnets de poisson et les saucisses.<\/p>\n<p>** Test\u00e9 sur des frites coup\u00e9es \u00e0 la main et frites dans de l\u2019huile chaude.<\/p>\n<p>FICHE TECHNIQUE :<\/p>\n<p>Dimensions du produit : 19,2 x 38 x 50,1 cm<\/p>\n<p>Puissance nominale : 2400W<\/p>\n<p>Garantie : 2 ans<\/p>\n<p>Pieds antid\u00e9rapants : Oui<\/p>\n<p>Capacit\u00e9 : Permet de cuire facilement une pizza de 33 cm, 1 kg de frites ou 6 tranches de pain.<\/p>\n<p>Paroi ext\u00e9rieure froide<\/p>\n<p>Poids du produit : 8,5 kg<\/p>\n<p>Minuterie : Oui<\/p>\n<p>Composants lavables au lave-vaisselle<\/p>\n<p>Programmes\/Fonctions : Air Fry, R\u00f4tir, Griller, Cuire au four, Griller, Bagel, D\u00e9shydrater<\/p>\n<p>Autres fonctions : Garder au chaud<\/p>\n<p>PACKAGE :<\/p>\n<p>Panier de friture \u00e0 l\u2019air<br \/>\nPlaque de cuisson<br \/>\nPlateau grill en m\u00e9tal<br \/>\nBac \u00e0 miettes amovible<br \/>\nManuel d\u2019instructions<br \/>\nLivre de cuisine<br \/>\nGuide d\u2019utilisation rapide<\/p>\n<p>Pas de vente en dehors de l\u2019Europe<\/p>\n","protected":false},"excerpt":{"rendered":"<p>Four multifonction pour 8 types de cuisson : friteuse, r\u00f4ti, four, gril, s\u00e9choir, toast, bagel et maintien au chaud. Technologie de contr\u00f4le num\u00e9rique du croustillant. Affichage num\u00e9rique, minuterie et \u00e9clairage int\u00e9rieur. Peut \u00eatre rang\u00e9 verticalement pour un gain de place et un nettoyage facile. Plateau amovible. Le four avec fonction Crisp qui peut \u00eatre rang\u00e9 [&hellip;]<\/p>\n","protected":false},"featured_media":6877788,"template":"","meta":{"_acf_changed":false},"product_cat":[11761,12085,12055],"product_tag":[],"class_list":{"0":"post-56637","1":"product","2":"type-product","3":"status-publish","4":"has-post-thumbnail","6":"product_cat-forni","7":"product_cat-fours","8":"product_cat-petits-electromenagers","10":"first","11":"instock","12":"taxable","13":"shipping-taxable","14":"purchasable","15":"product-type-simple","swatches":"rey-swatches","show_selected":"","stretch_labels":"rey-swatches--stretch-labels"},"acf":[],"yoast_head":"<!-- This site is optimized with the Yoast SEO plugin v25.4 - https:\/\/yoast.com\/wordpress\/plugins\/seo\/ -->\n<title>NINJA Four multifonction 8 en 1 10 Litres - dev6 Erresse<\/title>\n<meta name=\"description\" content=\"Four multifonction pour 8 types de cuisson : friteuse, r\u00f4ti, four, gril, s\u00e9choir, toast, bagel et maintien au chaud. Technologie de contr\u00f4le num\u00e9rique du\" \/>\n<meta name=\"robots\" content=\"noindex, follow, max-snippet:-1, max-image-preview:large, max-video-preview:-1\" \/>\n<meta property=\"og:locale\" content=\"fr_FR\" \/>\n<meta property=\"og:type\" content=\"article\" \/>\n<meta property=\"og:title\" content=\"NINJA Four multifonction 8 en 1 10 Litres - dev6 Erresse\" \/>\n<meta property=\"og:description\" content=\"Four multifonction pour 8 types de cuisson : friteuse, r\u00f4ti, four, gril, s\u00e9choir, toast, bagel et maintien au chaud. Technologie de contr\u00f4le num\u00e9rique du\" \/>\n<meta property=\"og:url\" content=\"https:\/\/dev6.erresse-shop.it\/fr\/shop\/petits-electromenagers\/fours\/ninja-four-multifonction-8-en-1-10-litres\/\" \/>\n<meta property=\"og:site_name\" content=\"dev6 Erresse\" \/>\n<meta property=\"og:image\" content=\"https:\/\/interpim.erresse-shop.it\/img-catalogo\/ninja\/ninja-forno-multifunzione-8-in-1.jpg\" \/><meta property=\"og:image\" content=\"https:\/\/interpim.erresse-shop.it\/img-catalogo\/ninja\/ninja-forno-multifunzione-8-in-1.jpg\" \/>\n\t<meta property=\"og:image:width\" content=\"1024\" \/>\n\t<meta property=\"og:image:height\" content=\"1024\" \/>\n\t<meta property=\"og:image:type\" content=\"image\/jpeg\" \/>\n<meta name=\"twitter:card\" content=\"summary_large_image\" \/>\n<meta name=\"twitter:image\" content=\"https:\/\/interpim.erresse-shop.it\/img-catalogo\/ninja\/ninja-forno-multifunzione-8-in-1.jpg\" \/>\n<script type=\"application\/ld+json\" class=\"yoast-schema-graph\">{\"@context\":\"https:\/\/schema.org\",\"@graph\":[{\"@type\":\"WebPage\",\"@id\":\"https:\/\/dev6.erresse-shop.it\/fr\/shop\/petits-electromenagers\/fours\/ninja-four-multifonction-8-en-1-10-litres\/\",\"url\":\"https:\/\/dev6.erresse-shop.it\/fr\/shop\/petits-electromenagers\/fours\/ninja-four-multifonction-8-en-1-10-litres\/\",\"name\":\"NINJA Four multifonction 8 en 1 10 Litres - dev6 Erresse\",\"isPartOf\":{\"@id\":\"https:\/\/dev6.erresse-shop.it\/#website\"},\"primaryImageOfPage\":{\"@id\":\"https:\/\/dev6.erresse-shop.it\/fr\/shop\/petits-electromenagers\/fours\/ninja-four-multifonction-8-en-1-10-litres\/#primaryimage\"},\"image\":{\"@id\":\"https:\/\/dev6.erresse-shop.it\/fr\/shop\/petits-electromenagers\/fours\/ninja-four-multifonction-8-en-1-10-litres\/#primaryimage\"},\"thumbnailUrl\":\"https:\/\/i2.wp.com\/interpim.erresse-shop.it\/img-catalogo\/ninja\/ninja-forno-multifunzione-8-in-1.jpg?ssl=1\",\"datePublished\":\"2026-04-25T04:30:13+00:00\",\"description\":\"Four multifonction pour 8 types de cuisson : friteuse, r\u00f4ti, four, gril, s\u00e9choir, toast, bagel et maintien au chaud. Technologie de contr\u00f4le num\u00e9rique du\",\"breadcrumb\":{\"@id\":\"https:\/\/dev6.erresse-shop.it\/fr\/shop\/petits-electromenagers\/fours\/ninja-four-multifonction-8-en-1-10-litres\/#breadcrumb\"},\"inLanguage\":\"fr-FR\",\"potentialAction\":[{\"@type\":\"ReadAction\",\"target\":[\"https:\/\/dev6.erresse-shop.it\/fr\/shop\/petits-electromenagers\/fours\/ninja-four-multifonction-8-en-1-10-litres\/\"]}]},{\"@type\":\"ImageObject\",\"inLanguage\":\"fr-FR\",\"@id\":\"https:\/\/dev6.erresse-shop.it\/fr\/shop\/petits-electromenagers\/fours\/ninja-four-multifonction-8-en-1-10-litres\/#primaryimage\",\"url\":\"https:\/\/i2.wp.com\/interpim.erresse-shop.it\/img-catalogo\/ninja\/ninja-forno-multifunzione-8-in-1.jpg?ssl=1\",\"contentUrl\":\"https:\/\/i2.wp.com\/interpim.erresse-shop.it\/img-catalogo\/ninja\/ninja-forno-multifunzione-8-in-1.jpg?ssl=1\"},{\"@type\":\"BreadcrumbList\",\"@id\":\"https:\/\/dev6.erresse-shop.it\/fr\/shop\/petits-electromenagers\/fours\/ninja-four-multifonction-8-en-1-10-litres\/#breadcrumb\",\"itemListElement\":[{\"@type\":\"ListItem\",\"position\":1,\"name\":\"Home\",\"item\":\"https:\/\/dev6.erresse-shop.it\/\"},{\"@type\":\"ListItem\",\"position\":2,\"name\":\"Boutique\",\"item\":\"https:\/\/dev6.erresse-shop.it\/shop\/\"},{\"@type\":\"ListItem\",\"position\":3,\"name\":\"NINJA Four multifonction 8 en 1 10 Litres\"}]},{\"@type\":\"WebSite\",\"@id\":\"https:\/\/dev6.erresse-shop.it\/#website\",\"url\":\"https:\/\/dev6.erresse-shop.it\/\",\"name\":\"Erresse Shop\",\"description\":\"\",\"publisher\":{\"@id\":\"https:\/\/dev6.erresse-shop.it\/#organization\"},\"potentialAction\":[{\"@type\":\"SearchAction\",\"target\":{\"@type\":\"EntryPoint\",\"urlTemplate\":\"https:\/\/dev6.erresse-shop.it\/?s={search_term_string}\"},\"query-input\":{\"@type\":\"PropertyValueSpecification\",\"valueRequired\":true,\"valueName\":\"search_term_string\"}}],\"inLanguage\":\"fr-FR\"},{\"@type\":\"Organization\",\"@id\":\"https:\/\/dev6.erresse-shop.it\/#organization\",\"name\":\"Erresse Shop\",\"url\":\"https:\/\/dev6.erresse-shop.it\/\",\"logo\":{\"@type\":\"ImageObject\",\"inLanguage\":\"fr-FR\",\"@id\":\"https:\/\/dev6.erresse-shop.it\/#\/schema\/logo\/image\/\",\"url\":\"https:\/\/dev6.erresse-shop.it\/wp-content\/uploads\/2025\/01\/LOGO-ERRESSE-CLASSICO.svg\",\"contentUrl\":\"https:\/\/dev6.erresse-shop.it\/wp-content\/uploads\/2025\/01\/LOGO-ERRESSE-CLASSICO.svg\",\"caption\":\"Erresse Shop\"},\"image\":{\"@id\":\"https:\/\/dev6.erresse-shop.it\/#\/schema\/logo\/image\/\"}}]}<\/script>\n<!-- \/ Yoast SEO plugin. -->","yoast_head_json":{"title":"NINJA Four multifonction 8 en 1 10 Litres - dev6 Erresse","description":"Four multifonction pour 8 types de cuisson : friteuse, r\u00f4ti, four, gril, s\u00e9choir, toast, bagel et maintien au chaud. Technologie de contr\u00f4le num\u00e9rique du","robots":{"index":"noindex","follow":"follow","max-snippet":"max-snippet:-1","max-image-preview":"max-image-preview:large","max-video-preview":"max-video-preview:-1"},"og_locale":"fr_FR","og_type":"article","og_title":"NINJA Four multifonction 8 en 1 10 Litres - dev6 Erresse","og_description":"Four multifonction pour 8 types de cuisson : friteuse, r\u00f4ti, four, gril, s\u00e9choir, toast, bagel et maintien au chaud. Technologie de contr\u00f4le num\u00e9rique du","og_url":"https:\/\/dev6.erresse-shop.it\/fr\/shop\/petits-electromenagers\/fours\/ninja-four-multifonction-8-en-1-10-litres\/","og_site_name":"dev6 Erresse","og_image":[{"url":"https:\/\/interpim.erresse-shop.it\/img-catalogo\/ninja\/ninja-forno-multifunzione-8-in-1.jpg","type":"","width":"","height":""},{"url":"https:\/\/interpim.erresse-shop.it\/img-catalogo\/ninja\/ninja-forno-multifunzione-8-in-1.jpg","width":1024,"height":1024,"type":"image\/jpeg"}],"twitter_card":"summary_large_image","twitter_image":"https:\/\/interpim.erresse-shop.it\/img-catalogo\/ninja\/ninja-forno-multifunzione-8-in-1.jpg","schema":{"@context":"https:\/\/schema.org","@graph":[{"@type":"WebPage","@id":"https:\/\/dev6.erresse-shop.it\/fr\/shop\/petits-electromenagers\/fours\/ninja-four-multifonction-8-en-1-10-litres\/","url":"https:\/\/dev6.erresse-shop.it\/fr\/shop\/petits-electromenagers\/fours\/ninja-four-multifonction-8-en-1-10-litres\/","name":"NINJA Four multifonction 8 en 1 10 Litres - dev6 Erresse","isPartOf":{"@id":"https:\/\/dev6.erresse-shop.it\/#website"},"primaryImageOfPage":{"@id":"https:\/\/dev6.erresse-shop.it\/fr\/shop\/petits-electromenagers\/fours\/ninja-four-multifonction-8-en-1-10-litres\/#primaryimage"},"image":{"@id":"https:\/\/dev6.erresse-shop.it\/fr\/shop\/petits-electromenagers\/fours\/ninja-four-multifonction-8-en-1-10-litres\/#primaryimage"},"thumbnailUrl":"https:\/\/i2.wp.com\/interpim.erresse-shop.it\/img-catalogo\/ninja\/ninja-forno-multifunzione-8-in-1.jpg?ssl=1","datePublished":"2026-04-25T04:30:13+00:00","description":"Four multifonction pour 8 types de cuisson : friteuse, r\u00f4ti, four, gril, s\u00e9choir, toast, bagel et maintien au chaud. Technologie de contr\u00f4le num\u00e9rique du","breadcrumb":{"@id":"https:\/\/dev6.erresse-shop.it\/fr\/shop\/petits-electromenagers\/fours\/ninja-four-multifonction-8-en-1-10-litres\/#breadcrumb"},"inLanguage":"fr-FR","potentialAction":[{"@type":"ReadAction","target":["https:\/\/dev6.erresse-shop.it\/fr\/shop\/petits-electromenagers\/fours\/ninja-four-multifonction-8-en-1-10-litres\/"]}]},{"@type":"ImageObject","inLanguage":"fr-FR","@id":"https:\/\/dev6.erresse-shop.it\/fr\/shop\/petits-electromenagers\/fours\/ninja-four-multifonction-8-en-1-10-litres\/#primaryimage","url":"https:\/\/i2.wp.com\/interpim.erresse-shop.it\/img-catalogo\/ninja\/ninja-forno-multifunzione-8-in-1.jpg?ssl=1","contentUrl":"https:\/\/i2.wp.com\/interpim.erresse-shop.it\/img-catalogo\/ninja\/ninja-forno-multifunzione-8-in-1.jpg?ssl=1"},{"@type":"BreadcrumbList","@id":"https:\/\/dev6.erresse-shop.it\/fr\/shop\/petits-electromenagers\/fours\/ninja-four-multifonction-8-en-1-10-litres\/#breadcrumb","itemListElement":[{"@type":"ListItem","position":1,"name":"Home","item":"https:\/\/dev6.erresse-shop.it\/"},{"@type":"ListItem","position":2,"name":"Boutique","item":"https:\/\/dev6.erresse-shop.it\/shop\/"},{"@type":"ListItem","position":3,"name":"NINJA Four multifonction 8 en 1 10 Litres"}]},{"@type":"WebSite","@id":"https:\/\/dev6.erresse-shop.it\/#website","url":"https:\/\/dev6.erresse-shop.it\/","name":"Erresse Shop","description":"","publisher":{"@id":"https:\/\/dev6.erresse-shop.it\/#organization"},"potentialAction":[{"@type":"SearchAction","target":{"@type":"EntryPoint","urlTemplate":"https:\/\/dev6.erresse-shop.it\/?s={search_term_string}"},"query-input":{"@type":"PropertyValueSpecification","valueRequired":true,"valueName":"search_term_string"}}],"inLanguage":"fr-FR"},{"@type":"Organization","@id":"https:\/\/dev6.erresse-shop.it\/#organization","name":"Erresse Shop","url":"https:\/\/dev6.erresse-shop.it\/","logo":{"@type":"ImageObject","inLanguage":"fr-FR","@id":"https:\/\/dev6.erresse-shop.it\/#\/schema\/logo\/image\/","url":"https:\/\/dev6.erresse-shop.it\/wp-content\/uploads\/2025\/01\/LOGO-ERRESSE-CLASSICO.svg","contentUrl":"https:\/\/dev6.erresse-shop.it\/wp-content\/uploads\/2025\/01\/LOGO-ERRESSE-CLASSICO.svg","caption":"Erresse Shop"},"image":{"@id":"https:\/\/dev6.erresse-shop.it\/#\/schema\/logo\/image\/"}}]}},"df_price":229.99,"df_sale_price":"","df_regular_price":229.99,"df_image_link":"https:\/\/i2.wp.com\/interpim.erresse-shop.it\/img-catalogo\/ninja\/ninja-forno-multifunzione-8-in-1.jpg?resize=300,300&ssl=1","fifu_image_url":"https:\/\/interpim.erresse-shop.it\/img-catalogo\/ninja\/ninja-forno-multifunzione-8-in-1.jpg","_links":{"self":[{"href":"https:\/\/dev6.erresse-shop.it\/fr\/wp-json\/wp\/v2\/product\/56637","targetHints":{"allow":["GET"]}}],"collection":[{"href":"https:\/\/dev6.erresse-shop.it\/fr\/wp-json\/wp\/v2\/product"}],"about":[{"href":"https:\/\/dev6.erresse-shop.it\/fr\/wp-json\/wp\/v2\/types\/product"}],"wp:featuredmedia":[{"embeddable":true,"href":"https:\/\/dev6.erresse-shop.it\/fr\/wp-json\/wp\/v2\/media\/6877788"}],"wp:attachment":[{"href":"https:\/\/dev6.erresse-shop.it\/fr\/wp-json\/wp\/v2\/media?parent=56637"}],"wp:term":[{"taxonomy":"product_cat","embeddable":true,"href":"https:\/\/dev6.erresse-shop.it\/fr\/wp-json\/wp\/v2\/product_cat?post=56637"},{"taxonomy":"product_tag","embeddable":true,"href":"https:\/\/dev6.erresse-shop.it\/fr\/wp-json\/wp\/v2\/product_tag?post=56637"}],"curies":[{"name":"wp","href":"https:\/\/api.w.org\/{rel}","templated":true}]}}