{"id":2470279,"date":"2026-04-12T14:55:15","date_gmt":"2026-04-12T12:55:15","guid":{"rendered":"https:\/\/dev6.erresse-shop.it\/shop\/non%20class\u00e9\/jura-machine-a-cafe-d6-piano-platine-dont-1-kg-de-cafe\/"},"modified":"2025-07-04T20:50:25","modified_gmt":"2025-07-04T18:50:25","slug":"jura-machine-a-cafe-d6-piano-platine-dont-1-kg-de-cafe","status":"publish","type":"product","link":"https:\/\/dev6.erresse-shop.it\/fr\/shop\/petits-electromenagers\/machines-cafe\/jura-machine-a-cafe-d6-piano-platine-dont-1-kg-de-cafe\/","title":{"rendered":"JURA Machine \u00e0 Caf\u00e9 D6 Piano platine &#8211; dont 1 Kg de caf\u00e9"},"content":{"rendered":"<p>La fonctionnalit\u00e9 rencontre le plaisir<br \/>\nAvec la D6, intuitive et rapide, pr\u00e9parer le caf\u00e9 parfait devient un jeu d\u2019enfant. Tout cela gr\u00e2ce \u00e0 un \u00e9cran intuitif en texte clair et au syst\u00e8me Easy Cappuccino avec bouton rotatif. La D6 pr\u00e9sente un design classique r\u00e9interpr\u00e9t\u00e9 et enrichi de d\u00e9tails de haute qualit\u00e9. Le syst\u00e8me Easy Cappuccino, optimis\u00e9 selon les derni\u00e8res connaissances techniques et ergonomiques, couronne les sp\u00e9cialit\u00e9s laiti\u00e8res, comme le cappuccino, d\u2019une d\u00e9licieuse mousse de lait \u00e0 la consistance douce et d\u00e9licate.<\/p>\n<p>Une excellente qualit\u00e9 de caf\u00e9<br \/>\nDes innovations au plus haut niveau permettent de pr\u00e9parer six sp\u00e9cialit\u00e9s de caf\u00e9 avec la meilleure qualit\u00e9 barista. Le moulin \u00e0 caf\u00e9 AromaG2 s\u00e9duit par l\u2019architecture perfectionn\u00e9e de son angle de coupe, qui permet de moudre les grains de caf\u00e9 fra\u00eechement, \u00e0 la finesse id\u00e9ale, rapidement et en m\u00eame temps de mani\u00e8re particuli\u00e8rement douce. Le proc\u00e9d\u00e9 d\u2019extraction par impulsion (P.E.P.\u00ae) optimise le temps d\u2019extraction et d\u00e9veloppe pleinement le bouquet d\u2019ar\u00f4mes du caf\u00e9.<\/p>\n<p>Une philosophie d\u2019utilisation simple avec des boutons sur le panneau avant<br \/>\nL\u2019utilisation via l\u2019\u00e9cran en texte clair et le bouton rotatif ergonomique optimis\u00e9 est simple et intuitive et, gr\u00e2ce au Smart Connect en option, peut m\u00eame \u00eatre command\u00e9e via un smartphone ou une tablette.<\/p>\n<p>Syst\u00e8me d\u2019eau intelligent (I.W.S.\u00ae) pour la reconnaissance automatique des filtres<br \/>\nLes filtres \u00e0 eau CLARIS garantissent une qualit\u00e9 d\u2019eau optimale pour un plaisir permanent. En m\u00eame temps, ils prot\u00e8gent la machine automatique contre le calcaire et \u00e9liminent les substances qui alt\u00e8rent le go\u00fbt et l\u2019odeur de l\u2019eau, comme les m\u00e9taux lourds et le chlore. Afin d\u2019exploiter au mieux les avantages et la capacit\u00e9 du filtre, JURA a invent\u00e9 l\u2019Intelligent Water System (I.W.S.\u00ae). La cartouche filtrante et l\u2019automate sont reli\u00e9s entre eux par la technologie RFID, de sorte que le filtre est automatiquement reconnu. Jamais auparavant l\u2019utilisation du filtre n\u2019a \u00e9t\u00e9 aussi simple et s\u00fbre.<\/p>\n<p>Caract\u00e9ristiques techniques<br \/>\nDistributeur de caf\u00e9 r\u00e9glable en hauteur et en largeur : 64 \u2013 110 mm \/ \u2013<br \/>\nCapacit\u00e9 du r\u00e9servoir d\u2019eau : 1,9 l<br \/>\nCapacit\u00e9 du r\u00e9servoir \u00e0 grains de caf\u00e9 : 200 g<br \/>\nContenant de marc de caf\u00e9 (portions) : 16<br \/>\nLongueur du c\u00e2ble : 1,1 m<br \/>\nTension \/ consommation \u00e9lectrique : 230 V ~ \/ 1450 W<br \/>\nConsommation en veille : 0 W<br \/>\nPoids : 8,7 kg<br \/>\nDimensions (L \u00d7 H \u00d7 P) : 28 \u00d7 34,5 \u00d7 41,5 cm<br \/>\nNum\u00e9ro d\u2019article, code produit : 15181, Platinum<br \/>\nPays du fabricant : Made in Portugal<br \/>\nAnn\u00e9e du mod\u00e8le : 2017<\/p>\n","protected":false},"excerpt":{"rendered":"<p>La fonctionnalit\u00e9 rencontre le plaisir Avec la D6, intuitive et rapide, pr\u00e9parer le caf\u00e9 parfait devient un jeu d\u2019enfant. Tout cela gr\u00e2ce \u00e0 un \u00e9cran intuitif en texte clair et au syst\u00e8me Easy Cappuccino avec bouton rotatif. La D6 pr\u00e9sente un design classique r\u00e9interpr\u00e9t\u00e9 et enrichi de d\u00e9tails de haute qualit\u00e9. Le syst\u00e8me Easy Cappuccino, [&hellip;]<\/p>\n","protected":false},"featured_media":6381720,"template":"","meta":{"_acf_changed":false},"product_cat":[12063,12055],"product_tag":[],"class_list":{"0":"post-2470279","1":"product","2":"type-product","3":"status-publish","4":"has-post-thumbnail","6":"product_cat-machines-cafe","7":"product_cat-petits-electromenagers","9":"first","10":"instock","11":"sale","12":"taxable","13":"shipping-taxable","14":"purchasable","15":"product-type-simple","swatches":"rey-swatches","show_selected":"","stretch_labels":"rey-swatches--stretch-labels"},"acf":[],"yoast_head":"<!-- This site is optimized with the Yoast SEO plugin v25.4 - https:\/\/yoast.com\/wordpress\/plugins\/seo\/ -->\n<title>JURA Machine \u00e0 Caf\u00e9 D6 Piano platine &#8211; dont 1 Kg de caf\u00e9 - dev6 Erresse<\/title>\n<meta name=\"description\" content=\"La fonctionnalit\u00e9 rencontre le plaisir Avec la D6, intuitive et rapide, pr\u00e9parer le caf\u00e9 parfait devient un jeu d\u2019enfant. Tout cela gr\u00e2ce \u00e0 un \u00e9cran\" \/>\n<meta name=\"robots\" content=\"noindex, follow, max-snippet:-1, max-image-preview:large, max-video-preview:-1\" \/>\n<meta property=\"og:locale\" content=\"fr_FR\" \/>\n<meta property=\"og:type\" content=\"article\" \/>\n<meta property=\"og:title\" content=\"JURA Machine \u00e0 Caf\u00e9 D6 Piano platine &#8211; dont 1 Kg de caf\u00e9 - dev6 Erresse\" \/>\n<meta property=\"og:description\" content=\"La fonctionnalit\u00e9 rencontre le plaisir Avec la D6, intuitive et rapide, pr\u00e9parer le caf\u00e9 parfait devient un jeu d\u2019enfant. Tout cela gr\u00e2ce \u00e0 un \u00e9cran\" \/>\n<meta property=\"og:url\" content=\"https:\/\/dev6.erresse-shop.it\/fr\/shop\/petits-electromenagers\/machines-cafe\/jura-machine-a-cafe-d6-piano-platine-dont-1-kg-de-cafe\/\" \/>\n<meta property=\"og:site_name\" content=\"dev6 Erresse\" \/>\n<meta property=\"og:image\" content=\"https:\/\/interpim.erresse-shop.it\/wp-content\/uploads\/2023\/12\/d6-platino-1.jpg\/d6-platino-1.jpg\" \/><meta property=\"og:image\" content=\"https:\/\/interpim.erresse-shop.it\/wp-content\/uploads\/2023\/12\/d6-platino-1.jpg\/d6-platino-1.jpg\" \/>\n\t<meta property=\"og:image:width\" content=\"1024\" \/>\n\t<meta property=\"og:image:height\" content=\"1024\" \/>\n\t<meta property=\"og:image:type\" content=\"image\/jpeg\" \/>\n<meta name=\"twitter:card\" content=\"summary_large_image\" \/>\n<meta name=\"twitter:image\" content=\"https:\/\/interpim.erresse-shop.it\/wp-content\/uploads\/2023\/12\/d6-platino-1.jpg\/d6-platino-1.jpg\" \/>\n<script type=\"application\/ld+json\" class=\"yoast-schema-graph\">{\"@context\":\"https:\/\/schema.org\",\"@graph\":[{\"@type\":\"WebPage\",\"@id\":\"https:\/\/dev6.erresse-shop.it\/fr\/shop\/petits-electromenagers\/machines-cafe\/jura-machine-a-cafe-d6-piano-platine-dont-1-kg-de-cafe\/\",\"url\":\"https:\/\/dev6.erresse-shop.it\/fr\/shop\/petits-electromenagers\/machines-cafe\/jura-machine-a-cafe-d6-piano-platine-dont-1-kg-de-cafe\/\",\"name\":\"JURA Machine \u00e0 Caf\u00e9 D6 Piano platine &#8211; dont 1 Kg de caf\u00e9 - dev6 Erresse\",\"isPartOf\":{\"@id\":\"https:\/\/dev6.erresse-shop.it\/#website\"},\"primaryImageOfPage\":{\"@id\":\"https:\/\/dev6.erresse-shop.it\/fr\/shop\/petits-electromenagers\/machines-cafe\/jura-machine-a-cafe-d6-piano-platine-dont-1-kg-de-cafe\/#primaryimage\"},\"image\":{\"@id\":\"https:\/\/dev6.erresse-shop.it\/fr\/shop\/petits-electromenagers\/machines-cafe\/jura-machine-a-cafe-d6-piano-platine-dont-1-kg-de-cafe\/#primaryimage\"},\"thumbnailUrl\":\"https:\/\/i2.wp.com\/interpim.erresse-shop.it\/wp-content\/uploads\/2023\/12\/d6-platino-1.jpg\/d6-platino-1.jpg?ssl=1\",\"datePublished\":\"2026-04-12T12:55:15+00:00\",\"description\":\"La fonctionnalit\u00e9 rencontre le plaisir Avec la D6, intuitive et rapide, pr\u00e9parer le caf\u00e9 parfait devient un jeu d\u2019enfant. Tout cela gr\u00e2ce \u00e0 un \u00e9cran\",\"breadcrumb\":{\"@id\":\"https:\/\/dev6.erresse-shop.it\/fr\/shop\/petits-electromenagers\/machines-cafe\/jura-machine-a-cafe-d6-piano-platine-dont-1-kg-de-cafe\/#breadcrumb\"},\"inLanguage\":\"fr-FR\",\"potentialAction\":[{\"@type\":\"ReadAction\",\"target\":[\"https:\/\/dev6.erresse-shop.it\/fr\/shop\/petits-electromenagers\/machines-cafe\/jura-machine-a-cafe-d6-piano-platine-dont-1-kg-de-cafe\/\"]}]},{\"@type\":\"ImageObject\",\"inLanguage\":\"fr-FR\",\"@id\":\"https:\/\/dev6.erresse-shop.it\/fr\/shop\/petits-electromenagers\/machines-cafe\/jura-machine-a-cafe-d6-piano-platine-dont-1-kg-de-cafe\/#primaryimage\",\"url\":\"https:\/\/i2.wp.com\/interpim.erresse-shop.it\/wp-content\/uploads\/2023\/12\/d6-platino-1.jpg\/d6-platino-1.jpg?ssl=1\",\"contentUrl\":\"https:\/\/i2.wp.com\/interpim.erresse-shop.it\/wp-content\/uploads\/2023\/12\/d6-platino-1.jpg\/d6-platino-1.jpg?ssl=1\"},{\"@type\":\"BreadcrumbList\",\"@id\":\"https:\/\/dev6.erresse-shop.it\/fr\/shop\/petits-electromenagers\/machines-cafe\/jura-machine-a-cafe-d6-piano-platine-dont-1-kg-de-cafe\/#breadcrumb\",\"itemListElement\":[{\"@type\":\"ListItem\",\"position\":1,\"name\":\"Home\",\"item\":\"https:\/\/dev6.erresse-shop.it\/\"},{\"@type\":\"ListItem\",\"position\":2,\"name\":\"Boutique\",\"item\":\"https:\/\/dev6.erresse-shop.it\/shop\/\"},{\"@type\":\"ListItem\",\"position\":3,\"name\":\"JURA Machine \u00e0 Caf\u00e9 D6 Piano platine &#8211; dont 1 Kg de caf\u00e9\"}]},{\"@type\":\"WebSite\",\"@id\":\"https:\/\/dev6.erresse-shop.it\/#website\",\"url\":\"https:\/\/dev6.erresse-shop.it\/\",\"name\":\"Erresse Shop\",\"description\":\"\",\"publisher\":{\"@id\":\"https:\/\/dev6.erresse-shop.it\/#organization\"},\"potentialAction\":[{\"@type\":\"SearchAction\",\"target\":{\"@type\":\"EntryPoint\",\"urlTemplate\":\"https:\/\/dev6.erresse-shop.it\/?s={search_term_string}\"},\"query-input\":{\"@type\":\"PropertyValueSpecification\",\"valueRequired\":true,\"valueName\":\"search_term_string\"}}],\"inLanguage\":\"fr-FR\"},{\"@type\":\"Organization\",\"@id\":\"https:\/\/dev6.erresse-shop.it\/#organization\",\"name\":\"Erresse Shop\",\"url\":\"https:\/\/dev6.erresse-shop.it\/\",\"logo\":{\"@type\":\"ImageObject\",\"inLanguage\":\"fr-FR\",\"@id\":\"https:\/\/dev6.erresse-shop.it\/#\/schema\/logo\/image\/\",\"url\":\"https:\/\/dev6.erresse-shop.it\/wp-content\/uploads\/2025\/01\/LOGO-ERRESSE-CLASSICO.svg\",\"contentUrl\":\"https:\/\/dev6.erresse-shop.it\/wp-content\/uploads\/2025\/01\/LOGO-ERRESSE-CLASSICO.svg\",\"caption\":\"Erresse Shop\"},\"image\":{\"@id\":\"https:\/\/dev6.erresse-shop.it\/#\/schema\/logo\/image\/\"}}]}<\/script>\n<!-- \/ Yoast SEO plugin. -->","yoast_head_json":{"title":"JURA Machine \u00e0 Caf\u00e9 D6 Piano platine &#8211; dont 1 Kg de caf\u00e9 - dev6 Erresse","description":"La fonctionnalit\u00e9 rencontre le plaisir Avec la D6, intuitive et rapide, pr\u00e9parer le caf\u00e9 parfait devient un jeu d\u2019enfant. Tout cela gr\u00e2ce \u00e0 un \u00e9cran","robots":{"index":"noindex","follow":"follow","max-snippet":"max-snippet:-1","max-image-preview":"max-image-preview:large","max-video-preview":"max-video-preview:-1"},"og_locale":"fr_FR","og_type":"article","og_title":"JURA Machine \u00e0 Caf\u00e9 D6 Piano platine &#8211; dont 1 Kg de caf\u00e9 - dev6 Erresse","og_description":"La fonctionnalit\u00e9 rencontre le plaisir Avec la D6, intuitive et rapide, pr\u00e9parer le caf\u00e9 parfait devient un jeu d\u2019enfant. Tout cela gr\u00e2ce \u00e0 un \u00e9cran","og_url":"https:\/\/dev6.erresse-shop.it\/fr\/shop\/petits-electromenagers\/machines-cafe\/jura-machine-a-cafe-d6-piano-platine-dont-1-kg-de-cafe\/","og_site_name":"dev6 Erresse","og_image":[{"url":"https:\/\/interpim.erresse-shop.it\/wp-content\/uploads\/2023\/12\/d6-platino-1.jpg\/d6-platino-1.jpg","type":"","width":"","height":""},{"url":"https:\/\/interpim.erresse-shop.it\/wp-content\/uploads\/2023\/12\/d6-platino-1.jpg\/d6-platino-1.jpg","width":1024,"height":1024,"type":"image\/jpeg"}],"twitter_card":"summary_large_image","twitter_image":"https:\/\/interpim.erresse-shop.it\/wp-content\/uploads\/2023\/12\/d6-platino-1.jpg\/d6-platino-1.jpg","schema":{"@context":"https:\/\/schema.org","@graph":[{"@type":"WebPage","@id":"https:\/\/dev6.erresse-shop.it\/fr\/shop\/petits-electromenagers\/machines-cafe\/jura-machine-a-cafe-d6-piano-platine-dont-1-kg-de-cafe\/","url":"https:\/\/dev6.erresse-shop.it\/fr\/shop\/petits-electromenagers\/machines-cafe\/jura-machine-a-cafe-d6-piano-platine-dont-1-kg-de-cafe\/","name":"JURA Machine \u00e0 Caf\u00e9 D6 Piano platine &#8211; dont 1 Kg de caf\u00e9 - dev6 Erresse","isPartOf":{"@id":"https:\/\/dev6.erresse-shop.it\/#website"},"primaryImageOfPage":{"@id":"https:\/\/dev6.erresse-shop.it\/fr\/shop\/petits-electromenagers\/machines-cafe\/jura-machine-a-cafe-d6-piano-platine-dont-1-kg-de-cafe\/#primaryimage"},"image":{"@id":"https:\/\/dev6.erresse-shop.it\/fr\/shop\/petits-electromenagers\/machines-cafe\/jura-machine-a-cafe-d6-piano-platine-dont-1-kg-de-cafe\/#primaryimage"},"thumbnailUrl":"https:\/\/i2.wp.com\/interpim.erresse-shop.it\/wp-content\/uploads\/2023\/12\/d6-platino-1.jpg\/d6-platino-1.jpg?ssl=1","datePublished":"2026-04-12T12:55:15+00:00","description":"La fonctionnalit\u00e9 rencontre le plaisir Avec la D6, intuitive et rapide, pr\u00e9parer le caf\u00e9 parfait devient un jeu d\u2019enfant. Tout cela gr\u00e2ce \u00e0 un \u00e9cran","breadcrumb":{"@id":"https:\/\/dev6.erresse-shop.it\/fr\/shop\/petits-electromenagers\/machines-cafe\/jura-machine-a-cafe-d6-piano-platine-dont-1-kg-de-cafe\/#breadcrumb"},"inLanguage":"fr-FR","potentialAction":[{"@type":"ReadAction","target":["https:\/\/dev6.erresse-shop.it\/fr\/shop\/petits-electromenagers\/machines-cafe\/jura-machine-a-cafe-d6-piano-platine-dont-1-kg-de-cafe\/"]}]},{"@type":"ImageObject","inLanguage":"fr-FR","@id":"https:\/\/dev6.erresse-shop.it\/fr\/shop\/petits-electromenagers\/machines-cafe\/jura-machine-a-cafe-d6-piano-platine-dont-1-kg-de-cafe\/#primaryimage","url":"https:\/\/i2.wp.com\/interpim.erresse-shop.it\/wp-content\/uploads\/2023\/12\/d6-platino-1.jpg\/d6-platino-1.jpg?ssl=1","contentUrl":"https:\/\/i2.wp.com\/interpim.erresse-shop.it\/wp-content\/uploads\/2023\/12\/d6-platino-1.jpg\/d6-platino-1.jpg?ssl=1"},{"@type":"BreadcrumbList","@id":"https:\/\/dev6.erresse-shop.it\/fr\/shop\/petits-electromenagers\/machines-cafe\/jura-machine-a-cafe-d6-piano-platine-dont-1-kg-de-cafe\/#breadcrumb","itemListElement":[{"@type":"ListItem","position":1,"name":"Home","item":"https:\/\/dev6.erresse-shop.it\/"},{"@type":"ListItem","position":2,"name":"Boutique","item":"https:\/\/dev6.erresse-shop.it\/shop\/"},{"@type":"ListItem","position":3,"name":"JURA Machine \u00e0 Caf\u00e9 D6 Piano platine &#8211; dont 1 Kg de caf\u00e9"}]},{"@type":"WebSite","@id":"https:\/\/dev6.erresse-shop.it\/#website","url":"https:\/\/dev6.erresse-shop.it\/","name":"Erresse Shop","description":"","publisher":{"@id":"https:\/\/dev6.erresse-shop.it\/#organization"},"potentialAction":[{"@type":"SearchAction","target":{"@type":"EntryPoint","urlTemplate":"https:\/\/dev6.erresse-shop.it\/?s={search_term_string}"},"query-input":{"@type":"PropertyValueSpecification","valueRequired":true,"valueName":"search_term_string"}}],"inLanguage":"fr-FR"},{"@type":"Organization","@id":"https:\/\/dev6.erresse-shop.it\/#organization","name":"Erresse Shop","url":"https:\/\/dev6.erresse-shop.it\/","logo":{"@type":"ImageObject","inLanguage":"fr-FR","@id":"https:\/\/dev6.erresse-shop.it\/#\/schema\/logo\/image\/","url":"https:\/\/dev6.erresse-shop.it\/wp-content\/uploads\/2025\/01\/LOGO-ERRESSE-CLASSICO.svg","contentUrl":"https:\/\/dev6.erresse-shop.it\/wp-content\/uploads\/2025\/01\/LOGO-ERRESSE-CLASSICO.svg","caption":"Erresse Shop"},"image":{"@id":"https:\/\/dev6.erresse-shop.it\/#\/schema\/logo\/image\/"}}]}},"df_price":745.46,"df_sale_price":745.46,"df_regular_price":849,"df_image_link":"https:\/\/i2.wp.com\/interpim.erresse-shop.it\/wp-content\/uploads\/2023\/12\/d6-platino-1.jpg\/d6-platino-1.jpg?resize=300,300&ssl=1","fifu_image_url":"https:\/\/interpim.erresse-shop.it\/wp-content\/uploads\/2023\/12\/d6-platino-1.jpg\/d6-platino-1.jpg","_links":{"self":[{"href":"https:\/\/dev6.erresse-shop.it\/fr\/wp-json\/wp\/v2\/product\/2470279","targetHints":{"allow":["GET"]}}],"collection":[{"href":"https:\/\/dev6.erresse-shop.it\/fr\/wp-json\/wp\/v2\/product"}],"about":[{"href":"https:\/\/dev6.erresse-shop.it\/fr\/wp-json\/wp\/v2\/types\/product"}],"wp:featuredmedia":[{"embeddable":true,"href":"https:\/\/dev6.erresse-shop.it\/fr\/wp-json\/wp\/v2\/media\/6381720"}],"wp:attachment":[{"href":"https:\/\/dev6.erresse-shop.it\/fr\/wp-json\/wp\/v2\/media?parent=2470279"}],"wp:term":[{"taxonomy":"product_cat","embeddable":true,"href":"https:\/\/dev6.erresse-shop.it\/fr\/wp-json\/wp\/v2\/product_cat?post=2470279"},{"taxonomy":"product_tag","embeddable":true,"href":"https:\/\/dev6.erresse-shop.it\/fr\/wp-json\/wp\/v2\/product_tag?post=2470279"}],"curies":[{"name":"wp","href":"https:\/\/api.w.org\/{rel}","templated":true}]}}