{"id":2307413,"date":"2026-04-12T14:55:15","date_gmt":"2026-04-12T12:55:15","guid":{"rendered":"https:\/\/dev6.erresse-shop.it\/shop\/non%20class\u00e9\/jura-machine-a-cafe-z10-diamond-black\/"},"modified":"2025-07-04T20:49:53","modified_gmt":"2025-07-04T18:49:53","slug":"jura-machine-a-cafe-z10-diamond-black","status":"publish","type":"product","link":"https:\/\/dev6.erresse-shop.it\/fr\/shop\/petits-electromenagers\/machines-cafe\/automatique\/jura-machine-a-cafe-z10-diamond-black\/","title":{"rendered":"JURA Machine \u00e0 caf\u00e9 Z10 Diamond Black"},"content":{"rendered":"<p class>Premi\u00e8re mondiale : La r\u00e9volutionnaire Z10 avec P.R.G. pour sp\u00e9cialit\u00e9s de caf\u00e9 chaudes et Cold Brew<\/p>\n<p class>La nouvelle Z10, un chef-d\u2019\u0153uvre de l\u2019ing\u00e9nierie suisse, double la vari\u00e9t\u00e9 des sp\u00e9cialit\u00e9s de caf\u00e9. D\u2019une simple pression sur un bouton, elle pr\u00e9pare toute la gamme de boissons chaudes, de l\u2019espresso intense au flat white tendance. Avec les sp\u00e9cialit\u00e9s Cold Brew, elle inaugure une nouvelle dimension du plaisir du caf\u00e9, permettant d\u2019acc\u00e9der \u00e0 un univers parall\u00e8le complet. Cela est rendu possible gr\u00e2ce au Product Recognising Grinder (P.R.G.), qui reconna\u00eet la sp\u00e9cialit\u00e9 s\u00e9lectionn\u00e9e et ajuste imm\u00e9diatement la finesse de la mouture.<\/p>\n<p class>Le nouveau Product Recognising Grinder (P.R.G.)<\/p>\n<p class>Pour garantir la mouture optimale pour chaque sp\u00e9cialit\u00e9, les ing\u00e9nieurs de JURA ont d\u00e9velopp\u00e9 le Product Recognising Grinder (P.R.G.). Ce moulin de pr\u00e9cision ajuste \u00e9lectroniquement la mouture en fractions de seconde \u2013 beaucoup plus rapidement et fr\u00e9quemment qu\u2019une m\u00e9thode manuelle. La gamme de mouture va du tr\u00e8s fin pour les caf\u00e9s courts au tr\u00e8s grossier pour les sp\u00e9cialit\u00e9s longues. Mais les connaisseurs de caf\u00e9 n\u2019ont pas \u00e0 s\u2019en soucier : le r\u00e9glage s\u2019effectue automatiquement pendant la pr\u00e9paration, et il peut n\u00e9anmoins \u00eatre ajust\u00e9 individuellement avant l\u2019infusion.<\/p>\n<p class>Cold Brew \u2013 Fra\u00eecheur extr\u00eame<\/p>\n<p class>Gr\u00e2ce au Cold Extraction Process, la Z10 pr\u00e9pare des sp\u00e9cialit\u00e9s Cold Brew authentiques. Tandis que de nombreuses boissons froides \u00e0 base de caf\u00e9 sont pr\u00e9par\u00e9es avec du caf\u00e9 chaud, puis refroidi, la Z10 extrait le caf\u00e9 avec de l\u2019eau froide sous haute pression, \u00e0 l\u2019aide d\u2019un processus puls\u00e9 et de caf\u00e9 moulu plus grossi\u00e8rement. Le r\u00e9sultat est une boisson rafra\u00eechissante, naturelle et \u00e9nergisante, dans laquelle les ar\u00f4mes fruit\u00e9s du caf\u00e9 se d\u00e9veloppent pleinement sans l\u2019influence n\u00e9gative des substances am\u00e8res. Ce n\u2019est pas simplement un caf\u00e9 glac\u00e9.<\/p>\n<p class>Groupe d\u2019extraction de 8\u00e8me g\u00e9n\u00e9ration<\/p>\n<p class>Le groupe d\u2019extraction est le c\u0153ur de chaque machine \u00e0 caf\u00e9 automatique. Pour la Z10, JURA a cr\u00e9\u00e9 le groupe d\u2019extraction de 8\u00e8me g\u00e9n\u00e9ration. Gr\u00e2ce \u00e0 sa technologie d\u2019extraction 3D unique, il assure un \u00e9coulement uniforme de l\u2019eau \u00e0 travers le caf\u00e9 en poudre sur plusieurs niveaux, pour une extraction maximale des ar\u00f4mes \u2013 tant pour les sp\u00e9cialit\u00e9s chaudes que pour les Cold Brew.<\/p>\n<p class>\u00c9l\u00e9gance durable dans le temps<\/p>\n<p class>Le design et la s\u00e9lection minutieuse des mat\u00e9riaux contribuent activement \u00e0 la durabilit\u00e9 du produit. JURA vise un design qui suscite la fiert\u00e9 de poss\u00e9der un objet extraordinaire, qui reste frais et moderne m\u00eame apr\u00e8s des ann\u00e9es. Qualit\u00e9 sans compromis, mat\u00e9riaux durables et une pr\u00e9cision maximale dans le travail assurent un plaisir culinaire et esth\u00e9tique incomparable tout au long de la dur\u00e9e de vie de la machine. Un proc\u00e9d\u00e9 high-tech \u00e0 deux composants donne aux surfaces un effet de profondeur exceptionnel pour un v\u00e9ritable plaisir esth\u00e9tique. Le r\u00e9servoir d\u2019eau au design raffin\u00e9 et ondul\u00e9 et la couverture harmonieuse du filtre ne sont que deux exemples de l\u2019attention port\u00e9e \u00e0 chaque d\u00e9tail. La sensation tactile de la Z10 exprime de mani\u00e8re tangible la notion de valeur de JURA.<\/p>\n<p class>Pour un plaisir sp\u00e9cial<\/p>\n<p class>L\u2019accessoire pour sirop pour le distributeur combin\u00e9 compl\u00e8te la Z10 et ajoute l\u2019enrichissement de mousse de lait d\u00e9licatement sucr\u00e9e \u00e0 la gamme de sp\u00e9cialit\u00e9s de cette machine automatique premium. Cet accessoire permet de savourer chaque sp\u00e9cialit\u00e9 avec des saveurs allant de l\u00e9g\u00e8rement sucr\u00e9es \u00e0 sucr\u00e9es et aromatiques, que ce soit pour les Hot Brew ou Cold Brew. La vari\u00e9t\u00e9 des saveurs est une invitation \u00e0 l\u2019essayer, et avec 40 sp\u00e9cialit\u00e9s, la Z10 souligne son excellence.<\/p>\n<p class>Sp\u00e9cialit\u00e9s (40 options):<\/p>\n<p>Divers types de caf\u00e9 (Espresso, Caff\u00e8, Americano, Lungo, Espresso double, Cortado, Cappuccino, Flat White, Latte Macchiato, et versions Cold Brew et Sweet pour de nombreux caf\u00e9s).<br \/>\nFonctions de mousse de lait, lait chaud et eau pour th\u00e9 vert.<\/p>\n<p class>Caract\u00e9ristiques principales:<\/p>\n<p class>Cold Extraction Process pour Cold Brew<\/p>\n<p class>Sweet Foam Function pour ajouter de la mousse sucr\u00e9e<\/p>\n<p class>Automatic Grinder Adjustment (A.G.A.) et contr\u00f4le actif des grains<\/p>\n<p class>Wi-Fi Connect: Connexion au r\u00e9seau domestique<\/p>\n<p class>P.R.G. (Product Recognising Grinder)<\/p>\n<p class>Processus d\u2019extraction puls\u00e9e (P.E.P.\u00ae)<\/p>\n<p class>5\u201316 g pour le groupe d\u2019extraction \u00e0 capacit\u00e9 variable<\/p>\n<p class>Pompe haute performance de 15 bars<\/p>\n<p class>\u00c9cran tactile couleur de 4,3\u2033<\/p>\n<p class>Sp\u00e9cifications techniques:<\/p>\n<p class>Capacit\u00e9 du r\u00e9servoir d\u2019eau: 2,4 l<\/p>\n<p class>Capacit\u00e9 du contenant \u00e0 caf\u00e9: 280 g<\/p>\n<p class>Poids: 12 kg<\/p>\n<p class>Dimensions: 32 x 36,3 x 47 cm<\/p>\n<p class>Tension: 230 V ~ \/ 1450 W<\/p>\n<p class>Veille: 0 W<\/p>\n<p class>Fabriqu\u00e9 en Suisse<\/p>\n<p class>Ann\u00e9e du mod\u00e8le: 2021<\/p>\n","protected":false},"excerpt":{"rendered":"<p>Premi\u00e8re mondiale : La r\u00e9volutionnaire Z10 avec P.R.G. pour sp\u00e9cialit\u00e9s de caf\u00e9 chaudes et Cold Brew La nouvelle Z10, un chef-d\u2019\u0153uvre de l\u2019ing\u00e9nierie suisse, double la vari\u00e9t\u00e9 des sp\u00e9cialit\u00e9s de caf\u00e9. D\u2019une simple pression sur un bouton, elle pr\u00e9pare toute la gamme de boissons chaudes, de l\u2019espresso intense au flat white tendance. Avec les sp\u00e9cialit\u00e9s [&hellip;]<\/p>\n","protected":false},"featured_media":6381690,"template":"","meta":{"_acf_changed":false},"product_cat":[12076,12063,12055],"product_tag":[],"class_list":{"0":"post-2307413","1":"product","2":"type-product","3":"status-publish","4":"has-post-thumbnail","6":"product_cat-automatique","7":"product_cat-machines-cafe","8":"product_cat-petits-electromenagers","10":"first","11":"instock","12":"sale","13":"taxable","14":"shipping-taxable","15":"purchasable","16":"product-type-simple","swatches":"rey-swatches","show_selected":"","stretch_labels":"rey-swatches--stretch-labels"},"acf":[],"yoast_head":"<!-- This site is optimized with the Yoast SEO plugin v25.4 - https:\/\/yoast.com\/wordpress\/plugins\/seo\/ -->\n<title>JURA Machine \u00e0 caf\u00e9 Z10 Diamond Black - dev6 Erresse<\/title>\n<meta name=\"description\" content=\"Premi\u00e8re mondiale : La r\u00e9volutionnaire Z10 avec P.R.G. pour sp\u00e9cialit\u00e9s de caf\u00e9 chaudes et Cold Brew La nouvelle Z10, un chef-d\u2019\u0153uvre de l\u2019ing\u00e9nierie\" \/>\n<meta name=\"robots\" content=\"noindex, follow, max-snippet:-1, max-image-preview:large, max-video-preview:-1\" \/>\n<meta property=\"og:locale\" content=\"fr_FR\" \/>\n<meta property=\"og:type\" content=\"article\" \/>\n<meta property=\"og:title\" content=\"JURA Machine \u00e0 caf\u00e9 Z10 Diamond Black - dev6 Erresse\" \/>\n<meta property=\"og:description\" content=\"Premi\u00e8re mondiale : La r\u00e9volutionnaire Z10 avec P.R.G. pour sp\u00e9cialit\u00e9s de caf\u00e9 chaudes et Cold Brew La nouvelle Z10, un chef-d\u2019\u0153uvre de l\u2019ing\u00e9nierie\" \/>\n<meta property=\"og:url\" content=\"https:\/\/dev6.erresse-shop.it\/fr\/shop\/petits-electromenagers\/machines-cafe\/automatique\/jura-machine-a-cafe-z10-diamond-black\/\" \/>\n<meta property=\"og:site_name\" content=\"dev6 Erresse\" \/>\n<meta property=\"og:image\" content=\"https:\/\/interpim.erresse-shop.it\/wp-content\/uploads\/2025\/03\/JURA-Macchina-Da-Caffe-Z10-Diamond-Black.jpg\/jura-macchina-da-caffe-z10-diamond-black.jpg\" \/><meta property=\"og:image\" content=\"https:\/\/interpim.erresse-shop.it\/wp-content\/uploads\/2025\/03\/JURA-Macchina-Da-Caffe-Z10-Diamond-Black.jpg\/jura-macchina-da-caffe-z10-diamond-black.jpg\" \/>\n\t<meta property=\"og:image:width\" content=\"1024\" \/>\n\t<meta property=\"og:image:height\" content=\"1024\" \/>\n\t<meta property=\"og:image:type\" content=\"image\/jpeg\" \/>\n<meta name=\"twitter:card\" content=\"summary_large_image\" \/>\n<meta name=\"twitter:image\" content=\"https:\/\/interpim.erresse-shop.it\/wp-content\/uploads\/2025\/03\/JURA-Macchina-Da-Caffe-Z10-Diamond-Black.jpg\/jura-macchina-da-caffe-z10-diamond-black.jpg\" \/>\n<script type=\"application\/ld+json\" class=\"yoast-schema-graph\">{\"@context\":\"https:\/\/schema.org\",\"@graph\":[{\"@type\":\"WebPage\",\"@id\":\"https:\/\/dev6.erresse-shop.it\/fr\/shop\/petits-electromenagers\/machines-cafe\/automatique\/jura-machine-a-cafe-z10-diamond-black\/\",\"url\":\"https:\/\/dev6.erresse-shop.it\/fr\/shop\/petits-electromenagers\/machines-cafe\/automatique\/jura-machine-a-cafe-z10-diamond-black\/\",\"name\":\"JURA Machine \u00e0 caf\u00e9 Z10 Diamond Black - dev6 Erresse\",\"isPartOf\":{\"@id\":\"https:\/\/dev6.erresse-shop.it\/#website\"},\"primaryImageOfPage\":{\"@id\":\"https:\/\/dev6.erresse-shop.it\/fr\/shop\/petits-electromenagers\/machines-cafe\/automatique\/jura-machine-a-cafe-z10-diamond-black\/#primaryimage\"},\"image\":{\"@id\":\"https:\/\/dev6.erresse-shop.it\/fr\/shop\/petits-electromenagers\/machines-cafe\/automatique\/jura-machine-a-cafe-z10-diamond-black\/#primaryimage\"},\"thumbnailUrl\":\"https:\/\/i3.wp.com\/interpim.erresse-shop.it\/wp-content\/uploads\/2025\/03\/JURA-Macchina-Da-Caffe-Z10-Diamond-Black.jpg\/jura-macchina-da-caffe-z10-diamond-black.jpg?ssl=1\",\"datePublished\":\"2026-04-12T12:55:15+00:00\",\"description\":\"Premi\u00e8re mondiale : La r\u00e9volutionnaire Z10 avec P.R.G. pour sp\u00e9cialit\u00e9s de caf\u00e9 chaudes et Cold Brew La nouvelle Z10, un chef-d\u2019\u0153uvre de l\u2019ing\u00e9nierie\",\"breadcrumb\":{\"@id\":\"https:\/\/dev6.erresse-shop.it\/fr\/shop\/petits-electromenagers\/machines-cafe\/automatique\/jura-machine-a-cafe-z10-diamond-black\/#breadcrumb\"},\"inLanguage\":\"fr-FR\",\"potentialAction\":[{\"@type\":\"ReadAction\",\"target\":[\"https:\/\/dev6.erresse-shop.it\/fr\/shop\/petits-electromenagers\/machines-cafe\/automatique\/jura-machine-a-cafe-z10-diamond-black\/\"]}]},{\"@type\":\"ImageObject\",\"inLanguage\":\"fr-FR\",\"@id\":\"https:\/\/dev6.erresse-shop.it\/fr\/shop\/petits-electromenagers\/machines-cafe\/automatique\/jura-machine-a-cafe-z10-diamond-black\/#primaryimage\",\"url\":\"https:\/\/i3.wp.com\/interpim.erresse-shop.it\/wp-content\/uploads\/2025\/03\/JURA-Macchina-Da-Caffe-Z10-Diamond-Black.jpg\/jura-macchina-da-caffe-z10-diamond-black.jpg?ssl=1\",\"contentUrl\":\"https:\/\/i3.wp.com\/interpim.erresse-shop.it\/wp-content\/uploads\/2025\/03\/JURA-Macchina-Da-Caffe-Z10-Diamond-Black.jpg\/jura-macchina-da-caffe-z10-diamond-black.jpg?ssl=1\"},{\"@type\":\"BreadcrumbList\",\"@id\":\"https:\/\/dev6.erresse-shop.it\/fr\/shop\/petits-electromenagers\/machines-cafe\/automatique\/jura-machine-a-cafe-z10-diamond-black\/#breadcrumb\",\"itemListElement\":[{\"@type\":\"ListItem\",\"position\":1,\"name\":\"Home\",\"item\":\"https:\/\/dev6.erresse-shop.it\/\"},{\"@type\":\"ListItem\",\"position\":2,\"name\":\"Boutique\",\"item\":\"https:\/\/dev6.erresse-shop.it\/shop\/\"},{\"@type\":\"ListItem\",\"position\":3,\"name\":\"JURA Machine \u00e0 caf\u00e9 Z10 Diamond Black\"}]},{\"@type\":\"WebSite\",\"@id\":\"https:\/\/dev6.erresse-shop.it\/#website\",\"url\":\"https:\/\/dev6.erresse-shop.it\/\",\"name\":\"Erresse Shop\",\"description\":\"\",\"publisher\":{\"@id\":\"https:\/\/dev6.erresse-shop.it\/#organization\"},\"potentialAction\":[{\"@type\":\"SearchAction\",\"target\":{\"@type\":\"EntryPoint\",\"urlTemplate\":\"https:\/\/dev6.erresse-shop.it\/?s={search_term_string}\"},\"query-input\":{\"@type\":\"PropertyValueSpecification\",\"valueRequired\":true,\"valueName\":\"search_term_string\"}}],\"inLanguage\":\"fr-FR\"},{\"@type\":\"Organization\",\"@id\":\"https:\/\/dev6.erresse-shop.it\/#organization\",\"name\":\"Erresse Shop\",\"url\":\"https:\/\/dev6.erresse-shop.it\/\",\"logo\":{\"@type\":\"ImageObject\",\"inLanguage\":\"fr-FR\",\"@id\":\"https:\/\/dev6.erresse-shop.it\/#\/schema\/logo\/image\/\",\"url\":\"https:\/\/dev6.erresse-shop.it\/wp-content\/uploads\/2025\/01\/LOGO-ERRESSE-CLASSICO.svg\",\"contentUrl\":\"https:\/\/dev6.erresse-shop.it\/wp-content\/uploads\/2025\/01\/LOGO-ERRESSE-CLASSICO.svg\",\"caption\":\"Erresse Shop\"},\"image\":{\"@id\":\"https:\/\/dev6.erresse-shop.it\/#\/schema\/logo\/image\/\"}}]}<\/script>\n<!-- \/ Yoast SEO plugin. -->","yoast_head_json":{"title":"JURA Machine \u00e0 caf\u00e9 Z10 Diamond Black - dev6 Erresse","description":"Premi\u00e8re mondiale : La r\u00e9volutionnaire Z10 avec P.R.G. pour sp\u00e9cialit\u00e9s de caf\u00e9 chaudes et Cold Brew La nouvelle Z10, un chef-d\u2019\u0153uvre de l\u2019ing\u00e9nierie","robots":{"index":"noindex","follow":"follow","max-snippet":"max-snippet:-1","max-image-preview":"max-image-preview:large","max-video-preview":"max-video-preview:-1"},"og_locale":"fr_FR","og_type":"article","og_title":"JURA Machine \u00e0 caf\u00e9 Z10 Diamond Black - dev6 Erresse","og_description":"Premi\u00e8re mondiale : La r\u00e9volutionnaire Z10 avec P.R.G. pour sp\u00e9cialit\u00e9s de caf\u00e9 chaudes et Cold Brew La nouvelle Z10, un chef-d\u2019\u0153uvre de l\u2019ing\u00e9nierie","og_url":"https:\/\/dev6.erresse-shop.it\/fr\/shop\/petits-electromenagers\/machines-cafe\/automatique\/jura-machine-a-cafe-z10-diamond-black\/","og_site_name":"dev6 Erresse","og_image":[{"url":"https:\/\/interpim.erresse-shop.it\/wp-content\/uploads\/2025\/03\/JURA-Macchina-Da-Caffe-Z10-Diamond-Black.jpg\/jura-macchina-da-caffe-z10-diamond-black.jpg","type":"","width":"","height":""},{"url":"https:\/\/interpim.erresse-shop.it\/wp-content\/uploads\/2025\/03\/JURA-Macchina-Da-Caffe-Z10-Diamond-Black.jpg\/jura-macchina-da-caffe-z10-diamond-black.jpg","width":1024,"height":1024,"type":"image\/jpeg"}],"twitter_card":"summary_large_image","twitter_image":"https:\/\/interpim.erresse-shop.it\/wp-content\/uploads\/2025\/03\/JURA-Macchina-Da-Caffe-Z10-Diamond-Black.jpg\/jura-macchina-da-caffe-z10-diamond-black.jpg","schema":{"@context":"https:\/\/schema.org","@graph":[{"@type":"WebPage","@id":"https:\/\/dev6.erresse-shop.it\/fr\/shop\/petits-electromenagers\/machines-cafe\/automatique\/jura-machine-a-cafe-z10-diamond-black\/","url":"https:\/\/dev6.erresse-shop.it\/fr\/shop\/petits-electromenagers\/machines-cafe\/automatique\/jura-machine-a-cafe-z10-diamond-black\/","name":"JURA Machine \u00e0 caf\u00e9 Z10 Diamond Black - dev6 Erresse","isPartOf":{"@id":"https:\/\/dev6.erresse-shop.it\/#website"},"primaryImageOfPage":{"@id":"https:\/\/dev6.erresse-shop.it\/fr\/shop\/petits-electromenagers\/machines-cafe\/automatique\/jura-machine-a-cafe-z10-diamond-black\/#primaryimage"},"image":{"@id":"https:\/\/dev6.erresse-shop.it\/fr\/shop\/petits-electromenagers\/machines-cafe\/automatique\/jura-machine-a-cafe-z10-diamond-black\/#primaryimage"},"thumbnailUrl":"https:\/\/i3.wp.com\/interpim.erresse-shop.it\/wp-content\/uploads\/2025\/03\/JURA-Macchina-Da-Caffe-Z10-Diamond-Black.jpg\/jura-macchina-da-caffe-z10-diamond-black.jpg?ssl=1","datePublished":"2026-04-12T12:55:15+00:00","description":"Premi\u00e8re mondiale : La r\u00e9volutionnaire Z10 avec P.R.G. pour sp\u00e9cialit\u00e9s de caf\u00e9 chaudes et Cold Brew La nouvelle Z10, un chef-d\u2019\u0153uvre de l\u2019ing\u00e9nierie","breadcrumb":{"@id":"https:\/\/dev6.erresse-shop.it\/fr\/shop\/petits-electromenagers\/machines-cafe\/automatique\/jura-machine-a-cafe-z10-diamond-black\/#breadcrumb"},"inLanguage":"fr-FR","potentialAction":[{"@type":"ReadAction","target":["https:\/\/dev6.erresse-shop.it\/fr\/shop\/petits-electromenagers\/machines-cafe\/automatique\/jura-machine-a-cafe-z10-diamond-black\/"]}]},{"@type":"ImageObject","inLanguage":"fr-FR","@id":"https:\/\/dev6.erresse-shop.it\/fr\/shop\/petits-electromenagers\/machines-cafe\/automatique\/jura-machine-a-cafe-z10-diamond-black\/#primaryimage","url":"https:\/\/i3.wp.com\/interpim.erresse-shop.it\/wp-content\/uploads\/2025\/03\/JURA-Macchina-Da-Caffe-Z10-Diamond-Black.jpg\/jura-macchina-da-caffe-z10-diamond-black.jpg?ssl=1","contentUrl":"https:\/\/i3.wp.com\/interpim.erresse-shop.it\/wp-content\/uploads\/2025\/03\/JURA-Macchina-Da-Caffe-Z10-Diamond-Black.jpg\/jura-macchina-da-caffe-z10-diamond-black.jpg?ssl=1"},{"@type":"BreadcrumbList","@id":"https:\/\/dev6.erresse-shop.it\/fr\/shop\/petits-electromenagers\/machines-cafe\/automatique\/jura-machine-a-cafe-z10-diamond-black\/#breadcrumb","itemListElement":[{"@type":"ListItem","position":1,"name":"Home","item":"https:\/\/dev6.erresse-shop.it\/"},{"@type":"ListItem","position":2,"name":"Boutique","item":"https:\/\/dev6.erresse-shop.it\/shop\/"},{"@type":"ListItem","position":3,"name":"JURA Machine \u00e0 caf\u00e9 Z10 Diamond Black"}]},{"@type":"WebSite","@id":"https:\/\/dev6.erresse-shop.it\/#website","url":"https:\/\/dev6.erresse-shop.it\/","name":"Erresse Shop","description":"","publisher":{"@id":"https:\/\/dev6.erresse-shop.it\/#organization"},"potentialAction":[{"@type":"SearchAction","target":{"@type":"EntryPoint","urlTemplate":"https:\/\/dev6.erresse-shop.it\/?s={search_term_string}"},"query-input":{"@type":"PropertyValueSpecification","valueRequired":true,"valueName":"search_term_string"}}],"inLanguage":"fr-FR"},{"@type":"Organization","@id":"https:\/\/dev6.erresse-shop.it\/#organization","name":"Erresse Shop","url":"https:\/\/dev6.erresse-shop.it\/","logo":{"@type":"ImageObject","inLanguage":"fr-FR","@id":"https:\/\/dev6.erresse-shop.it\/#\/schema\/logo\/image\/","url":"https:\/\/dev6.erresse-shop.it\/wp-content\/uploads\/2025\/01\/LOGO-ERRESSE-CLASSICO.svg","contentUrl":"https:\/\/dev6.erresse-shop.it\/wp-content\/uploads\/2025\/01\/LOGO-ERRESSE-CLASSICO.svg","caption":"Erresse Shop"},"image":{"@id":"https:\/\/dev6.erresse-shop.it\/#\/schema\/logo\/image\/"}}]}},"df_price":2329.76,"df_sale_price":2329.76,"df_regular_price":2699,"df_image_link":"https:\/\/i3.wp.com\/interpim.erresse-shop.it\/wp-content\/uploads\/2025\/03\/JURA-Macchina-Da-Caffe-Z10-Diamond-Black.jpg\/jura-macchina-da-caffe-z10-diamond-black.jpg?resize=300,300&ssl=1","fifu_image_url":"https:\/\/interpim.erresse-shop.it\/wp-content\/uploads\/2025\/03\/JURA-Macchina-Da-Caffe-Z10-Diamond-Black.jpg\/jura-macchina-da-caffe-z10-diamond-black.jpg","_links":{"self":[{"href":"https:\/\/dev6.erresse-shop.it\/fr\/wp-json\/wp\/v2\/product\/2307413","targetHints":{"allow":["GET"]}}],"collection":[{"href":"https:\/\/dev6.erresse-shop.it\/fr\/wp-json\/wp\/v2\/product"}],"about":[{"href":"https:\/\/dev6.erresse-shop.it\/fr\/wp-json\/wp\/v2\/types\/product"}],"wp:featuredmedia":[{"embeddable":true,"href":"https:\/\/dev6.erresse-shop.it\/fr\/wp-json\/wp\/v2\/media\/6381690"}],"wp:attachment":[{"href":"https:\/\/dev6.erresse-shop.it\/fr\/wp-json\/wp\/v2\/media?parent=2307413"}],"wp:term":[{"taxonomy":"product_cat","embeddable":true,"href":"https:\/\/dev6.erresse-shop.it\/fr\/wp-json\/wp\/v2\/product_cat?post=2307413"},{"taxonomy":"product_tag","embeddable":true,"href":"https:\/\/dev6.erresse-shop.it\/fr\/wp-json\/wp\/v2\/product_tag?post=2307413"}],"curies":[{"name":"wp","href":"https:\/\/api.w.org\/{rel}","templated":true}]}}