{"id":2307275,"date":"2026-04-12T14:46:47","date_gmt":"2026-04-12T12:46:47","guid":{"rendered":"https:\/\/dev6.erresse-shop.it\/shop\/non%20class\u00e9\/villeroy-boch-fleur-ensemble-de-6-assiettes-27-cm-rose\/"},"modified":"2025-07-04T20:41:44","modified_gmt":"2025-07-04T18:41:44","slug":"villeroy-boch-fleur-ensemble-de-6-assiettes-27-cm-rose","status":"publish","type":"product","link":"https:\/\/dev6.erresse-shop.it\/fr\/shop\/table-fr-2\/plats\/villeroy-boch-fleur-ensemble-de-6-assiettes-27-cm-rose\/","title":{"rendered":"VILLEROY &#038; BOCH Fleur Ensemble de 6 assiettes 27 cm Rose"},"content":{"rendered":"<p class=\"p1\">Service d\u2019assiettes plates<\/p>\n<p>Avec ses dimensions de 26,6 cm x 26,6 cm, cette assiette est id\u00e9ale pour servir des plats raffin\u00e9s.<br \/>\nPolyvalente\u00a0: cette assiette plate est id\u00e9ale pour un brunch dominical copieux.<br \/>\nAm\u00e9nagement cr\u00e9atif du quotidien\u00a0: ces jolis articles se combinent \u00e0 merveille et offrent une grande vari\u00e9t\u00e9.<br \/>\nQualit\u00e9 authentique\u00a0: cette assiette plate en porcelaine premium est tr\u00e8s durable et robuste.<br \/>\nUne interpr\u00e9tation moderne de la fleur\u00a0: des motifs classiques s\u2019associent \u00e0 des motifs graphiques frais et \u00e0 des couleurs vives.<br \/>\nFacilit\u00e9 d\u2019utilisation\u00a0: l\u2019assiette plate passe au lave-vaisselle. Il est \u00e9galement possible de le r\u00e9chauffer au micro-ondes.<\/p>\n<p>Mat\u00e9riau\u00a0: Porcelaine premium<br \/>\nLave-vaisselle\u00a0: oui<br \/>\nAdapt\u00e9 au micro-ondes\u00a0: oui<\/p>\n<p>Dimensions\u00a0:<\/p>\n<p>Diam\u00e8tre\u00a0: 266 mm<br \/>\nHauteur\u00a0: 26 mm<br \/>\nPoids\u00a0: 699 g<\/p>\n","protected":false},"excerpt":{"rendered":"<p>Service d\u2019assiettes plates Avec ses dimensions de 26,6 cm x 26,6 cm, cette assiette est id\u00e9ale pour servir des plats raffin\u00e9s. Polyvalente\u00a0: cette assiette plate est id\u00e9ale pour un brunch dominical copieux. Am\u00e9nagement cr\u00e9atif du quotidien\u00a0: ces jolis articles se combinent \u00e0 merveille et offrent une grande vari\u00e9t\u00e9. Qualit\u00e9 authentique\u00a0: cette assiette plate en porcelaine [&hellip;]<\/p>\n","protected":false},"featured_media":6381245,"template":"","meta":{"_acf_changed":false},"product_cat":[12014,11995],"product_tag":[],"class_list":{"0":"post-2307275","1":"product","2":"type-product","3":"status-publish","4":"has-post-thumbnail","6":"product_cat-plats","7":"product_cat-table-fr-2","9":"first","10":"instock","11":"taxable","12":"shipping-taxable","13":"product-type-simple","swatches":"rey-swatches","show_selected":"","stretch_labels":"rey-swatches--stretch-labels"},"acf":[],"yoast_head":"<!-- This site is optimized with the Yoast SEO plugin v25.4 - https:\/\/yoast.com\/wordpress\/plugins\/seo\/ -->\n<title>VILLEROY &#038; BOCH Fleur Ensemble de 6 assiettes 27 cm Rose - dev6 Erresse<\/title>\n<meta name=\"description\" content=\"Service d\u2019assiettes plates Avec ses dimensions de 26,6 cm x 26,6 cm, cette assiette est id\u00e9ale pour servir des plats raffin\u00e9s. Polyvalente\u00a0: cette\" \/>\n<meta name=\"robots\" content=\"noindex, follow, max-snippet:-1, max-image-preview:large, max-video-preview:-1\" \/>\n<meta property=\"og:locale\" content=\"fr_FR\" \/>\n<meta property=\"og:type\" content=\"article\" \/>\n<meta property=\"og:title\" content=\"VILLEROY &#038; BOCH Fleur Ensemble de 6 assiettes 27 cm Rose - dev6 Erresse\" \/>\n<meta property=\"og:description\" content=\"Service d\u2019assiettes plates Avec ses dimensions de 26,6 cm x 26,6 cm, cette assiette est id\u00e9ale pour servir des plats raffin\u00e9s. Polyvalente\u00a0: cette\" \/>\n<meta property=\"og:url\" content=\"https:\/\/dev6.erresse-shop.it\/fr\/shop\/table-fr-2\/plats\/villeroy-boch-fleur-ensemble-de-6-assiettes-27-cm-rose\/\" \/>\n<meta property=\"og:site_name\" content=\"dev6 Erresse\" \/>\n<meta property=\"og:image\" content=\"https:\/\/interpim.erresse-shop.it\/wp-content\/uploads\/2025\/04\/VILLEROY-BOCH-Fleur-Set-6-Piatti-Piani-27-cm-Rosa.jpg\/villeroy-boch-fleur-set-6-piatti-piani-27-cm-rosa.jpg\" \/><meta property=\"og:image\" content=\"https:\/\/interpim.erresse-shop.it\/wp-content\/uploads\/2025\/04\/VILLEROY-BOCH-Fleur-Set-6-Piatti-Piani-27-cm-Rosa.jpg\/villeroy-boch-fleur-set-6-piatti-piani-27-cm-rosa.jpg\" \/>\n\t<meta property=\"og:image:width\" content=\"1024\" \/>\n\t<meta property=\"og:image:height\" content=\"1024\" \/>\n\t<meta property=\"og:image:type\" content=\"image\/jpeg\" \/>\n<meta name=\"twitter:card\" content=\"summary_large_image\" \/>\n<meta name=\"twitter:image\" content=\"https:\/\/interpim.erresse-shop.it\/wp-content\/uploads\/2025\/04\/VILLEROY-BOCH-Fleur-Set-6-Piatti-Piani-27-cm-Rosa.jpg\/villeroy-boch-fleur-set-6-piatti-piani-27-cm-rosa.jpg\" \/>\n<script type=\"application\/ld+json\" class=\"yoast-schema-graph\">{\"@context\":\"https:\/\/schema.org\",\"@graph\":[{\"@type\":\"WebPage\",\"@id\":\"https:\/\/dev6.erresse-shop.it\/fr\/shop\/table-fr-2\/plats\/villeroy-boch-fleur-ensemble-de-6-assiettes-27-cm-rose\/\",\"url\":\"https:\/\/dev6.erresse-shop.it\/fr\/shop\/table-fr-2\/plats\/villeroy-boch-fleur-ensemble-de-6-assiettes-27-cm-rose\/\",\"name\":\"VILLEROY &#038; BOCH Fleur Ensemble de 6 assiettes 27 cm Rose - dev6 Erresse\",\"isPartOf\":{\"@id\":\"https:\/\/dev6.erresse-shop.it\/#website\"},\"primaryImageOfPage\":{\"@id\":\"https:\/\/dev6.erresse-shop.it\/fr\/shop\/table-fr-2\/plats\/villeroy-boch-fleur-ensemble-de-6-assiettes-27-cm-rose\/#primaryimage\"},\"image\":{\"@id\":\"https:\/\/dev6.erresse-shop.it\/fr\/shop\/table-fr-2\/plats\/villeroy-boch-fleur-ensemble-de-6-assiettes-27-cm-rose\/#primaryimage\"},\"thumbnailUrl\":\"https:\/\/i0.wp.com\/interpim.erresse-shop.it\/wp-content\/uploads\/2025\/04\/VILLEROY-BOCH-Fleur-Set-6-Piatti-Piani-27-cm-Rosa.jpg\/villeroy-boch-fleur-set-6-piatti-piani-27-cm-rosa.jpg?ssl=1\",\"datePublished\":\"2026-04-12T12:46:47+00:00\",\"description\":\"Service d\u2019assiettes plates Avec ses dimensions de 26,6 cm x 26,6 cm, cette assiette est id\u00e9ale pour servir des plats raffin\u00e9s. Polyvalente\u00a0: cette\",\"breadcrumb\":{\"@id\":\"https:\/\/dev6.erresse-shop.it\/fr\/shop\/table-fr-2\/plats\/villeroy-boch-fleur-ensemble-de-6-assiettes-27-cm-rose\/#breadcrumb\"},\"inLanguage\":\"fr-FR\",\"potentialAction\":[{\"@type\":\"ReadAction\",\"target\":[\"https:\/\/dev6.erresse-shop.it\/fr\/shop\/table-fr-2\/plats\/villeroy-boch-fleur-ensemble-de-6-assiettes-27-cm-rose\/\"]}]},{\"@type\":\"ImageObject\",\"inLanguage\":\"fr-FR\",\"@id\":\"https:\/\/dev6.erresse-shop.it\/fr\/shop\/table-fr-2\/plats\/villeroy-boch-fleur-ensemble-de-6-assiettes-27-cm-rose\/#primaryimage\",\"url\":\"https:\/\/i0.wp.com\/interpim.erresse-shop.it\/wp-content\/uploads\/2025\/04\/VILLEROY-BOCH-Fleur-Set-6-Piatti-Piani-27-cm-Rosa.jpg\/villeroy-boch-fleur-set-6-piatti-piani-27-cm-rosa.jpg?ssl=1\",\"contentUrl\":\"https:\/\/i0.wp.com\/interpim.erresse-shop.it\/wp-content\/uploads\/2025\/04\/VILLEROY-BOCH-Fleur-Set-6-Piatti-Piani-27-cm-Rosa.jpg\/villeroy-boch-fleur-set-6-piatti-piani-27-cm-rosa.jpg?ssl=1\"},{\"@type\":\"BreadcrumbList\",\"@id\":\"https:\/\/dev6.erresse-shop.it\/fr\/shop\/table-fr-2\/plats\/villeroy-boch-fleur-ensemble-de-6-assiettes-27-cm-rose\/#breadcrumb\",\"itemListElement\":[{\"@type\":\"ListItem\",\"position\":1,\"name\":\"Home\",\"item\":\"https:\/\/dev6.erresse-shop.it\/\"},{\"@type\":\"ListItem\",\"position\":2,\"name\":\"Boutique\",\"item\":\"https:\/\/dev6.erresse-shop.it\/shop\/\"},{\"@type\":\"ListItem\",\"position\":3,\"name\":\"VILLEROY &#038; BOCH Fleur Ensemble de 6 assiettes 27 cm Rose\"}]},{\"@type\":\"WebSite\",\"@id\":\"https:\/\/dev6.erresse-shop.it\/#website\",\"url\":\"https:\/\/dev6.erresse-shop.it\/\",\"name\":\"Erresse Shop\",\"description\":\"\",\"publisher\":{\"@id\":\"https:\/\/dev6.erresse-shop.it\/#organization\"},\"potentialAction\":[{\"@type\":\"SearchAction\",\"target\":{\"@type\":\"EntryPoint\",\"urlTemplate\":\"https:\/\/dev6.erresse-shop.it\/?s={search_term_string}\"},\"query-input\":{\"@type\":\"PropertyValueSpecification\",\"valueRequired\":true,\"valueName\":\"search_term_string\"}}],\"inLanguage\":\"fr-FR\"},{\"@type\":\"Organization\",\"@id\":\"https:\/\/dev6.erresse-shop.it\/#organization\",\"name\":\"Erresse Shop\",\"url\":\"https:\/\/dev6.erresse-shop.it\/\",\"logo\":{\"@type\":\"ImageObject\",\"inLanguage\":\"fr-FR\",\"@id\":\"https:\/\/dev6.erresse-shop.it\/#\/schema\/logo\/image\/\",\"url\":\"https:\/\/dev6.erresse-shop.it\/wp-content\/uploads\/2025\/01\/LOGO-ERRESSE-CLASSICO.svg\",\"contentUrl\":\"https:\/\/dev6.erresse-shop.it\/wp-content\/uploads\/2025\/01\/LOGO-ERRESSE-CLASSICO.svg\",\"caption\":\"Erresse Shop\"},\"image\":{\"@id\":\"https:\/\/dev6.erresse-shop.it\/#\/schema\/logo\/image\/\"}}]}<\/script>\n<!-- \/ Yoast SEO plugin. -->","yoast_head_json":{"title":"VILLEROY &#038; BOCH Fleur Ensemble de 6 assiettes 27 cm Rose - dev6 Erresse","description":"Service d\u2019assiettes plates Avec ses dimensions de 26,6 cm x 26,6 cm, cette assiette est id\u00e9ale pour servir des plats raffin\u00e9s. Polyvalente\u00a0: cette","robots":{"index":"noindex","follow":"follow","max-snippet":"max-snippet:-1","max-image-preview":"max-image-preview:large","max-video-preview":"max-video-preview:-1"},"og_locale":"fr_FR","og_type":"article","og_title":"VILLEROY &#038; BOCH Fleur Ensemble de 6 assiettes 27 cm Rose - dev6 Erresse","og_description":"Service d\u2019assiettes plates Avec ses dimensions de 26,6 cm x 26,6 cm, cette assiette est id\u00e9ale pour servir des plats raffin\u00e9s. Polyvalente\u00a0: cette","og_url":"https:\/\/dev6.erresse-shop.it\/fr\/shop\/table-fr-2\/plats\/villeroy-boch-fleur-ensemble-de-6-assiettes-27-cm-rose\/","og_site_name":"dev6 Erresse","og_image":[{"url":"https:\/\/interpim.erresse-shop.it\/wp-content\/uploads\/2025\/04\/VILLEROY-BOCH-Fleur-Set-6-Piatti-Piani-27-cm-Rosa.jpg\/villeroy-boch-fleur-set-6-piatti-piani-27-cm-rosa.jpg","type":"","width":"","height":""},{"url":"https:\/\/interpim.erresse-shop.it\/wp-content\/uploads\/2025\/04\/VILLEROY-BOCH-Fleur-Set-6-Piatti-Piani-27-cm-Rosa.jpg\/villeroy-boch-fleur-set-6-piatti-piani-27-cm-rosa.jpg","width":1024,"height":1024,"type":"image\/jpeg"}],"twitter_card":"summary_large_image","twitter_image":"https:\/\/interpim.erresse-shop.it\/wp-content\/uploads\/2025\/04\/VILLEROY-BOCH-Fleur-Set-6-Piatti-Piani-27-cm-Rosa.jpg\/villeroy-boch-fleur-set-6-piatti-piani-27-cm-rosa.jpg","schema":{"@context":"https:\/\/schema.org","@graph":[{"@type":"WebPage","@id":"https:\/\/dev6.erresse-shop.it\/fr\/shop\/table-fr-2\/plats\/villeroy-boch-fleur-ensemble-de-6-assiettes-27-cm-rose\/","url":"https:\/\/dev6.erresse-shop.it\/fr\/shop\/table-fr-2\/plats\/villeroy-boch-fleur-ensemble-de-6-assiettes-27-cm-rose\/","name":"VILLEROY &#038; BOCH Fleur Ensemble de 6 assiettes 27 cm Rose - dev6 Erresse","isPartOf":{"@id":"https:\/\/dev6.erresse-shop.it\/#website"},"primaryImageOfPage":{"@id":"https:\/\/dev6.erresse-shop.it\/fr\/shop\/table-fr-2\/plats\/villeroy-boch-fleur-ensemble-de-6-assiettes-27-cm-rose\/#primaryimage"},"image":{"@id":"https:\/\/dev6.erresse-shop.it\/fr\/shop\/table-fr-2\/plats\/villeroy-boch-fleur-ensemble-de-6-assiettes-27-cm-rose\/#primaryimage"},"thumbnailUrl":"https:\/\/i0.wp.com\/interpim.erresse-shop.it\/wp-content\/uploads\/2025\/04\/VILLEROY-BOCH-Fleur-Set-6-Piatti-Piani-27-cm-Rosa.jpg\/villeroy-boch-fleur-set-6-piatti-piani-27-cm-rosa.jpg?ssl=1","datePublished":"2026-04-12T12:46:47+00:00","description":"Service d\u2019assiettes plates Avec ses dimensions de 26,6 cm x 26,6 cm, cette assiette est id\u00e9ale pour servir des plats raffin\u00e9s. Polyvalente\u00a0: cette","breadcrumb":{"@id":"https:\/\/dev6.erresse-shop.it\/fr\/shop\/table-fr-2\/plats\/villeroy-boch-fleur-ensemble-de-6-assiettes-27-cm-rose\/#breadcrumb"},"inLanguage":"fr-FR","potentialAction":[{"@type":"ReadAction","target":["https:\/\/dev6.erresse-shop.it\/fr\/shop\/table-fr-2\/plats\/villeroy-boch-fleur-ensemble-de-6-assiettes-27-cm-rose\/"]}]},{"@type":"ImageObject","inLanguage":"fr-FR","@id":"https:\/\/dev6.erresse-shop.it\/fr\/shop\/table-fr-2\/plats\/villeroy-boch-fleur-ensemble-de-6-assiettes-27-cm-rose\/#primaryimage","url":"https:\/\/i0.wp.com\/interpim.erresse-shop.it\/wp-content\/uploads\/2025\/04\/VILLEROY-BOCH-Fleur-Set-6-Piatti-Piani-27-cm-Rosa.jpg\/villeroy-boch-fleur-set-6-piatti-piani-27-cm-rosa.jpg?ssl=1","contentUrl":"https:\/\/i0.wp.com\/interpim.erresse-shop.it\/wp-content\/uploads\/2025\/04\/VILLEROY-BOCH-Fleur-Set-6-Piatti-Piani-27-cm-Rosa.jpg\/villeroy-boch-fleur-set-6-piatti-piani-27-cm-rosa.jpg?ssl=1"},{"@type":"BreadcrumbList","@id":"https:\/\/dev6.erresse-shop.it\/fr\/shop\/table-fr-2\/plats\/villeroy-boch-fleur-ensemble-de-6-assiettes-27-cm-rose\/#breadcrumb","itemListElement":[{"@type":"ListItem","position":1,"name":"Home","item":"https:\/\/dev6.erresse-shop.it\/"},{"@type":"ListItem","position":2,"name":"Boutique","item":"https:\/\/dev6.erresse-shop.it\/shop\/"},{"@type":"ListItem","position":3,"name":"VILLEROY &#038; BOCH Fleur Ensemble de 6 assiettes 27 cm Rose"}]},{"@type":"WebSite","@id":"https:\/\/dev6.erresse-shop.it\/#website","url":"https:\/\/dev6.erresse-shop.it\/","name":"Erresse Shop","description":"","publisher":{"@id":"https:\/\/dev6.erresse-shop.it\/#organization"},"potentialAction":[{"@type":"SearchAction","target":{"@type":"EntryPoint","urlTemplate":"https:\/\/dev6.erresse-shop.it\/?s={search_term_string}"},"query-input":{"@type":"PropertyValueSpecification","valueRequired":true,"valueName":"search_term_string"}}],"inLanguage":"fr-FR"},{"@type":"Organization","@id":"https:\/\/dev6.erresse-shop.it\/#organization","name":"Erresse Shop","url":"https:\/\/dev6.erresse-shop.it\/","logo":{"@type":"ImageObject","inLanguage":"fr-FR","@id":"https:\/\/dev6.erresse-shop.it\/#\/schema\/logo\/image\/","url":"https:\/\/dev6.erresse-shop.it\/wp-content\/uploads\/2025\/01\/LOGO-ERRESSE-CLASSICO.svg","contentUrl":"https:\/\/dev6.erresse-shop.it\/wp-content\/uploads\/2025\/01\/LOGO-ERRESSE-CLASSICO.svg","caption":"Erresse Shop"},"image":{"@id":"https:\/\/dev6.erresse-shop.it\/#\/schema\/logo\/image\/"}}]}},"df_price":"","df_sale_price":"","df_regular_price":"","df_image_link":"https:\/\/i0.wp.com\/interpim.erresse-shop.it\/wp-content\/uploads\/2025\/04\/VILLEROY-BOCH-Fleur-Set-6-Piatti-Piani-27-cm-Rosa.jpg\/villeroy-boch-fleur-set-6-piatti-piani-27-cm-rosa.jpg?resize=300,300&ssl=1","fifu_image_url":"https:\/\/interpim.erresse-shop.it\/wp-content\/uploads\/2025\/04\/VILLEROY-BOCH-Fleur-Set-6-Piatti-Piani-27-cm-Rosa.jpg\/villeroy-boch-fleur-set-6-piatti-piani-27-cm-rosa.jpg","_links":{"self":[{"href":"https:\/\/dev6.erresse-shop.it\/fr\/wp-json\/wp\/v2\/product\/2307275","targetHints":{"allow":["GET"]}}],"collection":[{"href":"https:\/\/dev6.erresse-shop.it\/fr\/wp-json\/wp\/v2\/product"}],"about":[{"href":"https:\/\/dev6.erresse-shop.it\/fr\/wp-json\/wp\/v2\/types\/product"}],"wp:featuredmedia":[{"embeddable":true,"href":"https:\/\/dev6.erresse-shop.it\/fr\/wp-json\/wp\/v2\/media\/6381245"}],"wp:attachment":[{"href":"https:\/\/dev6.erresse-shop.it\/fr\/wp-json\/wp\/v2\/media?parent=2307275"}],"wp:term":[{"taxonomy":"product_cat","embeddable":true,"href":"https:\/\/dev6.erresse-shop.it\/fr\/wp-json\/wp\/v2\/product_cat?post=2307275"},{"taxonomy":"product_tag","embeddable":true,"href":"https:\/\/dev6.erresse-shop.it\/fr\/wp-json\/wp\/v2\/product_tag?post=2307275"}],"curies":[{"name":"wp","href":"https:\/\/api.w.org\/{rel}","templated":true}]}}