{"id":2307251,"date":"2026-04-12T14:43:55","date_gmt":"2026-04-12T12:43:55","guid":{"rendered":"https:\/\/dev6.erresse-shop.it\/shop\/non%20class\u00e9\/staub-cocotte-ronde-avec-panier-vapeur-24-cm-blanc\/"},"modified":"2025-07-04T20:40:33","modified_gmt":"2025-07-04T18:40:33","slug":"staub-cocotte-ronde-avec-panier-vapeur-24-cm-blanc","status":"publish","type":"product","link":"https:\/\/dev6.erresse-shop.it\/fr\/shop\/poeles-pots\/marmites-et-cocottes-poeles-pots\/staub-cocotte-ronde-avec-panier-vapeur-24-cm-blanc\/","title":{"rendered":"STAUB Cocotte Ronde avec Panier Vapeur 24 cm Blanc"},"content":{"rendered":"<p>La cocotte, dot\u00e9e d\u2019un panier vapeur sp\u00e9cial en acier inoxydable 18\/10 de haute qualit\u00e9, vous permet de cuire plusieurs ingr\u00e9dients en m\u00eame temps. Gr\u00e2ce au joint en silicone \u00e9pais et aux trous dans la surface du panier, la chaleur est r\u00e9partie uniform\u00e9ment dans toute la po\u00eale. La cocotte a un diam\u00e8tre de 24 cm et une capacit\u00e9 de 3,7 litres. Vous pouvez utiliser la cocotte sur tous types de plaques de cuisson, y compris l\u2019induction, et m\u00eame au four. L\u2019int\u00e9rieur est dot\u00e9 d\u2019un \u00e9mail noir mat. Le mat\u00e9riau est durable, facile \u00e0 nettoyer et est appr\u00e9ci\u00e9 aussi bien par les grands chefs que par les novices de la cuisine, gr\u00e2ce \u00e0 ses qualit\u00e9s exceptionnelles. La cocotte vous permet de braiser efficacement les aliments et de pr\u00e9server les saveurs naturelles de vos ingr\u00e9dients. Le rev\u00eatement en \u00e9mail retient la chaleur et la restitue progressivement et uniform\u00e9ment. La structure sp\u00e9ciale \u00ab h\u00e9misph\u00e9rique \u00bb \u00e0 l\u2019int\u00e9rieur du couvercle permet \u00e0 la condensation de s\u2019\u00e9goutter uniform\u00e9ment sur les aliments en cours de cuisson, les gardant ainsi assez juteux et tendres. Une fois le panier retir\u00e9, la cocotte noire Staub peut \u00eatre utilis\u00e9e pour servir les plats avec style.<\/p>\n<p>\u2013 Id\u00e9al pour braiser et mijoter en m\u00eame temps, par exemple cuire le riz en bas et le poisson en haut<br \/>\n\u2013 Pour une cuisson juteuse et tendre gr\u00e2ce au couvercle<br \/>\n\u2013 L\u2019\u00e9mail int\u00e9rieur noir mat est id\u00e9al pour des braisages particuli\u00e8rement croustillants et est tr\u00e8s r\u00e9sistant<br \/>\n\u2013 Convient \u00e0 tous les types de plaques de cuisson, y compris l\u2019induction, peut \u00e9galement \u00eatre plac\u00e9 au four\/grill<br \/>\n\u2013 Couleur intense<\/p>\n<p>Caract\u00e9ristiques<br \/>\n\u2013 R\u00e9sistance \u00e0 la chaleur (\u00b0C) : 240,00 \u00baC<br \/>\n\u2013 R\u00e9sistance au froid : -20,00 \u00baC<br \/>\n\u2013 Mat\u00e9riau : fonte<br \/>\n\u2013 Couvercle existant : oui<br \/>\n\u2013 Induction : Oui<br \/>\n\u2013 Compatible four : Oui<br \/>\n\u2013 Convient au cong\u00e9lateur : Oui<br \/>\n\u2013 Convient pour la cuisson sur plaque de cuisson : Oui<br \/>\n\u2013 Passe au lave-vaisselle : Oui<\/p>\n<p>Taille<br \/>\n\u2013 Poids net : 5,5 kg<br \/>\n\u2013 Capacit\u00e9 : 3,70 l<br \/>\n\u2013 Diam\u00e8tre : 24 cm<br \/>\n\u2013 Hauteur : 22,6 cm<\/p>\n","protected":false},"excerpt":{"rendered":"<p>La cocotte, dot\u00e9e d\u2019un panier vapeur sp\u00e9cial en acier inoxydable 18\/10 de haute qualit\u00e9, vous permet de cuire plusieurs ingr\u00e9dients en m\u00eame temps. Gr\u00e2ce au joint en silicone \u00e9pais et aux trous dans la surface du panier, la chaleur est r\u00e9partie uniform\u00e9ment dans toute la po\u00eale. La cocotte a un diam\u00e8tre de 24 cm et [&hellip;]<\/p>\n","protected":false},"featured_media":6381195,"template":"","meta":{"_acf_changed":false},"product_cat":[12000,11667,11991],"product_tag":[],"class_list":{"0":"post-2307251","1":"product","2":"type-product","3":"status-publish","4":"has-post-thumbnail","6":"product_cat-marmites-et-cocottes-poeles-pots","7":"product_cat-padelle-pentole","8":"product_cat-poeles-pots","10":"first","11":"instock","12":"taxable","13":"shipping-taxable","14":"product-type-simple","swatches":"rey-swatches","show_selected":"","stretch_labels":"rey-swatches--stretch-labels"},"acf":[],"yoast_head":"<!-- This site is optimized with the Yoast SEO plugin v25.4 - https:\/\/yoast.com\/wordpress\/plugins\/seo\/ -->\n<title>STAUB Cocotte Ronde avec Panier Vapeur 24 cm Blanc - dev6 Erresse<\/title>\n<meta name=\"description\" content=\"La cocotte, dot\u00e9e d\u2019un panier vapeur sp\u00e9cial en acier inoxydable 18\/10 de haute qualit\u00e9, vous permet de cuire plusieurs ingr\u00e9dients en m\u00eame temps. Gr\u00e2ce\" \/>\n<meta name=\"robots\" content=\"noindex, follow, max-snippet:-1, max-image-preview:large, max-video-preview:-1\" \/>\n<meta property=\"og:locale\" content=\"fr_FR\" \/>\n<meta property=\"og:type\" content=\"article\" \/>\n<meta property=\"og:title\" content=\"STAUB Cocotte Ronde avec Panier Vapeur 24 cm Blanc - dev6 Erresse\" \/>\n<meta property=\"og:description\" content=\"La cocotte, dot\u00e9e d\u2019un panier vapeur sp\u00e9cial en acier inoxydable 18\/10 de haute qualit\u00e9, vous permet de cuire plusieurs ingr\u00e9dients en m\u00eame temps. Gr\u00e2ce\" \/>\n<meta property=\"og:url\" content=\"https:\/\/dev6.erresse-shop.it\/fr\/shop\/poeles-pots\/marmites-et-cocottes-poeles-pots\/staub-cocotte-ronde-avec-panier-vapeur-24-cm-blanc\/\" \/>\n<meta property=\"og:site_name\" content=\"dev6 Erresse\" \/>\n<meta property=\"og:image\" content=\"https:\/\/interpim.erresse-shop.it\/wp-content\/uploads\/2025\/04\/STAUB-Cocotte-Tonda-con-Cestello-a-Vapore-24-cm-Bianco.jpg\/staub-cocotte-tonda-con-cestello-a-vapore-24-cm-bianco.jpg\" \/><meta property=\"og:image\" content=\"https:\/\/interpim.erresse-shop.it\/wp-content\/uploads\/2025\/04\/STAUB-Cocotte-Tonda-con-Cestello-a-Vapore-24-cm-Bianco.jpg\/staub-cocotte-tonda-con-cestello-a-vapore-24-cm-bianco.jpg\" \/>\n\t<meta property=\"og:image:width\" content=\"1024\" \/>\n\t<meta property=\"og:image:height\" content=\"1024\" \/>\n\t<meta property=\"og:image:type\" content=\"image\/jpeg\" \/>\n<meta name=\"twitter:card\" content=\"summary_large_image\" \/>\n<meta name=\"twitter:image\" content=\"https:\/\/interpim.erresse-shop.it\/wp-content\/uploads\/2025\/04\/STAUB-Cocotte-Tonda-con-Cestello-a-Vapore-24-cm-Bianco.jpg\/staub-cocotte-tonda-con-cestello-a-vapore-24-cm-bianco.jpg\" \/>\n<script type=\"application\/ld+json\" class=\"yoast-schema-graph\">{\"@context\":\"https:\/\/schema.org\",\"@graph\":[{\"@type\":\"WebPage\",\"@id\":\"https:\/\/dev6.erresse-shop.it\/fr\/shop\/poeles-pots\/marmites-et-cocottes-poeles-pots\/staub-cocotte-ronde-avec-panier-vapeur-24-cm-blanc\/\",\"url\":\"https:\/\/dev6.erresse-shop.it\/fr\/shop\/poeles-pots\/marmites-et-cocottes-poeles-pots\/staub-cocotte-ronde-avec-panier-vapeur-24-cm-blanc\/\",\"name\":\"STAUB Cocotte Ronde avec Panier Vapeur 24 cm Blanc - dev6 Erresse\",\"isPartOf\":{\"@id\":\"https:\/\/dev6.erresse-shop.it\/#website\"},\"primaryImageOfPage\":{\"@id\":\"https:\/\/dev6.erresse-shop.it\/fr\/shop\/poeles-pots\/marmites-et-cocottes-poeles-pots\/staub-cocotte-ronde-avec-panier-vapeur-24-cm-blanc\/#primaryimage\"},\"image\":{\"@id\":\"https:\/\/dev6.erresse-shop.it\/fr\/shop\/poeles-pots\/marmites-et-cocottes-poeles-pots\/staub-cocotte-ronde-avec-panier-vapeur-24-cm-blanc\/#primaryimage\"},\"thumbnailUrl\":\"https:\/\/i1.wp.com\/interpim.erresse-shop.it\/wp-content\/uploads\/2025\/04\/STAUB-Cocotte-Tonda-con-Cestello-a-Vapore-24-cm-Bianco.jpg\/staub-cocotte-tonda-con-cestello-a-vapore-24-cm-bianco.jpg?ssl=1\",\"datePublished\":\"2026-04-12T12:43:55+00:00\",\"description\":\"La cocotte, dot\u00e9e d\u2019un panier vapeur sp\u00e9cial en acier inoxydable 18\/10 de haute qualit\u00e9, vous permet de cuire plusieurs ingr\u00e9dients en m\u00eame temps. Gr\u00e2ce\",\"breadcrumb\":{\"@id\":\"https:\/\/dev6.erresse-shop.it\/fr\/shop\/poeles-pots\/marmites-et-cocottes-poeles-pots\/staub-cocotte-ronde-avec-panier-vapeur-24-cm-blanc\/#breadcrumb\"},\"inLanguage\":\"fr-FR\",\"potentialAction\":[{\"@type\":\"ReadAction\",\"target\":[\"https:\/\/dev6.erresse-shop.it\/fr\/shop\/poeles-pots\/marmites-et-cocottes-poeles-pots\/staub-cocotte-ronde-avec-panier-vapeur-24-cm-blanc\/\"]}]},{\"@type\":\"ImageObject\",\"inLanguage\":\"fr-FR\",\"@id\":\"https:\/\/dev6.erresse-shop.it\/fr\/shop\/poeles-pots\/marmites-et-cocottes-poeles-pots\/staub-cocotte-ronde-avec-panier-vapeur-24-cm-blanc\/#primaryimage\",\"url\":\"https:\/\/i1.wp.com\/interpim.erresse-shop.it\/wp-content\/uploads\/2025\/04\/STAUB-Cocotte-Tonda-con-Cestello-a-Vapore-24-cm-Bianco.jpg\/staub-cocotte-tonda-con-cestello-a-vapore-24-cm-bianco.jpg?ssl=1\",\"contentUrl\":\"https:\/\/i1.wp.com\/interpim.erresse-shop.it\/wp-content\/uploads\/2025\/04\/STAUB-Cocotte-Tonda-con-Cestello-a-Vapore-24-cm-Bianco.jpg\/staub-cocotte-tonda-con-cestello-a-vapore-24-cm-bianco.jpg?ssl=1\"},{\"@type\":\"BreadcrumbList\",\"@id\":\"https:\/\/dev6.erresse-shop.it\/fr\/shop\/poeles-pots\/marmites-et-cocottes-poeles-pots\/staub-cocotte-ronde-avec-panier-vapeur-24-cm-blanc\/#breadcrumb\",\"itemListElement\":[{\"@type\":\"ListItem\",\"position\":1,\"name\":\"Home\",\"item\":\"https:\/\/dev6.erresse-shop.it\/\"},{\"@type\":\"ListItem\",\"position\":2,\"name\":\"Boutique\",\"item\":\"https:\/\/dev6.erresse-shop.it\/shop\/\"},{\"@type\":\"ListItem\",\"position\":3,\"name\":\"STAUB Cocotte Ronde avec Panier Vapeur 24 cm Blanc\"}]},{\"@type\":\"WebSite\",\"@id\":\"https:\/\/dev6.erresse-shop.it\/#website\",\"url\":\"https:\/\/dev6.erresse-shop.it\/\",\"name\":\"Erresse Shop\",\"description\":\"\",\"publisher\":{\"@id\":\"https:\/\/dev6.erresse-shop.it\/#organization\"},\"potentialAction\":[{\"@type\":\"SearchAction\",\"target\":{\"@type\":\"EntryPoint\",\"urlTemplate\":\"https:\/\/dev6.erresse-shop.it\/?s={search_term_string}\"},\"query-input\":{\"@type\":\"PropertyValueSpecification\",\"valueRequired\":true,\"valueName\":\"search_term_string\"}}],\"inLanguage\":\"fr-FR\"},{\"@type\":\"Organization\",\"@id\":\"https:\/\/dev6.erresse-shop.it\/#organization\",\"name\":\"Erresse Shop\",\"url\":\"https:\/\/dev6.erresse-shop.it\/\",\"logo\":{\"@type\":\"ImageObject\",\"inLanguage\":\"fr-FR\",\"@id\":\"https:\/\/dev6.erresse-shop.it\/#\/schema\/logo\/image\/\",\"url\":\"https:\/\/dev6.erresse-shop.it\/wp-content\/uploads\/2025\/01\/LOGO-ERRESSE-CLASSICO.svg\",\"contentUrl\":\"https:\/\/dev6.erresse-shop.it\/wp-content\/uploads\/2025\/01\/LOGO-ERRESSE-CLASSICO.svg\",\"caption\":\"Erresse Shop\"},\"image\":{\"@id\":\"https:\/\/dev6.erresse-shop.it\/#\/schema\/logo\/image\/\"}}]}<\/script>\n<!-- \/ Yoast SEO plugin. -->","yoast_head_json":{"title":"STAUB Cocotte Ronde avec Panier Vapeur 24 cm Blanc - dev6 Erresse","description":"La cocotte, dot\u00e9e d\u2019un panier vapeur sp\u00e9cial en acier inoxydable 18\/10 de haute qualit\u00e9, vous permet de cuire plusieurs ingr\u00e9dients en m\u00eame temps. Gr\u00e2ce","robots":{"index":"noindex","follow":"follow","max-snippet":"max-snippet:-1","max-image-preview":"max-image-preview:large","max-video-preview":"max-video-preview:-1"},"og_locale":"fr_FR","og_type":"article","og_title":"STAUB Cocotte Ronde avec Panier Vapeur 24 cm Blanc - dev6 Erresse","og_description":"La cocotte, dot\u00e9e d\u2019un panier vapeur sp\u00e9cial en acier inoxydable 18\/10 de haute qualit\u00e9, vous permet de cuire plusieurs ingr\u00e9dients en m\u00eame temps. Gr\u00e2ce","og_url":"https:\/\/dev6.erresse-shop.it\/fr\/shop\/poeles-pots\/marmites-et-cocottes-poeles-pots\/staub-cocotte-ronde-avec-panier-vapeur-24-cm-blanc\/","og_site_name":"dev6 Erresse","og_image":[{"url":"https:\/\/interpim.erresse-shop.it\/wp-content\/uploads\/2025\/04\/STAUB-Cocotte-Tonda-con-Cestello-a-Vapore-24-cm-Bianco.jpg\/staub-cocotte-tonda-con-cestello-a-vapore-24-cm-bianco.jpg","type":"","width":"","height":""},{"url":"https:\/\/interpim.erresse-shop.it\/wp-content\/uploads\/2025\/04\/STAUB-Cocotte-Tonda-con-Cestello-a-Vapore-24-cm-Bianco.jpg\/staub-cocotte-tonda-con-cestello-a-vapore-24-cm-bianco.jpg","width":1024,"height":1024,"type":"image\/jpeg"}],"twitter_card":"summary_large_image","twitter_image":"https:\/\/interpim.erresse-shop.it\/wp-content\/uploads\/2025\/04\/STAUB-Cocotte-Tonda-con-Cestello-a-Vapore-24-cm-Bianco.jpg\/staub-cocotte-tonda-con-cestello-a-vapore-24-cm-bianco.jpg","schema":{"@context":"https:\/\/schema.org","@graph":[{"@type":"WebPage","@id":"https:\/\/dev6.erresse-shop.it\/fr\/shop\/poeles-pots\/marmites-et-cocottes-poeles-pots\/staub-cocotte-ronde-avec-panier-vapeur-24-cm-blanc\/","url":"https:\/\/dev6.erresse-shop.it\/fr\/shop\/poeles-pots\/marmites-et-cocottes-poeles-pots\/staub-cocotte-ronde-avec-panier-vapeur-24-cm-blanc\/","name":"STAUB Cocotte Ronde avec Panier Vapeur 24 cm Blanc - dev6 Erresse","isPartOf":{"@id":"https:\/\/dev6.erresse-shop.it\/#website"},"primaryImageOfPage":{"@id":"https:\/\/dev6.erresse-shop.it\/fr\/shop\/poeles-pots\/marmites-et-cocottes-poeles-pots\/staub-cocotte-ronde-avec-panier-vapeur-24-cm-blanc\/#primaryimage"},"image":{"@id":"https:\/\/dev6.erresse-shop.it\/fr\/shop\/poeles-pots\/marmites-et-cocottes-poeles-pots\/staub-cocotte-ronde-avec-panier-vapeur-24-cm-blanc\/#primaryimage"},"thumbnailUrl":"https:\/\/i1.wp.com\/interpim.erresse-shop.it\/wp-content\/uploads\/2025\/04\/STAUB-Cocotte-Tonda-con-Cestello-a-Vapore-24-cm-Bianco.jpg\/staub-cocotte-tonda-con-cestello-a-vapore-24-cm-bianco.jpg?ssl=1","datePublished":"2026-04-12T12:43:55+00:00","description":"La cocotte, dot\u00e9e d\u2019un panier vapeur sp\u00e9cial en acier inoxydable 18\/10 de haute qualit\u00e9, vous permet de cuire plusieurs ingr\u00e9dients en m\u00eame temps. Gr\u00e2ce","breadcrumb":{"@id":"https:\/\/dev6.erresse-shop.it\/fr\/shop\/poeles-pots\/marmites-et-cocottes-poeles-pots\/staub-cocotte-ronde-avec-panier-vapeur-24-cm-blanc\/#breadcrumb"},"inLanguage":"fr-FR","potentialAction":[{"@type":"ReadAction","target":["https:\/\/dev6.erresse-shop.it\/fr\/shop\/poeles-pots\/marmites-et-cocottes-poeles-pots\/staub-cocotte-ronde-avec-panier-vapeur-24-cm-blanc\/"]}]},{"@type":"ImageObject","inLanguage":"fr-FR","@id":"https:\/\/dev6.erresse-shop.it\/fr\/shop\/poeles-pots\/marmites-et-cocottes-poeles-pots\/staub-cocotte-ronde-avec-panier-vapeur-24-cm-blanc\/#primaryimage","url":"https:\/\/i1.wp.com\/interpim.erresse-shop.it\/wp-content\/uploads\/2025\/04\/STAUB-Cocotte-Tonda-con-Cestello-a-Vapore-24-cm-Bianco.jpg\/staub-cocotte-tonda-con-cestello-a-vapore-24-cm-bianco.jpg?ssl=1","contentUrl":"https:\/\/i1.wp.com\/interpim.erresse-shop.it\/wp-content\/uploads\/2025\/04\/STAUB-Cocotte-Tonda-con-Cestello-a-Vapore-24-cm-Bianco.jpg\/staub-cocotte-tonda-con-cestello-a-vapore-24-cm-bianco.jpg?ssl=1"},{"@type":"BreadcrumbList","@id":"https:\/\/dev6.erresse-shop.it\/fr\/shop\/poeles-pots\/marmites-et-cocottes-poeles-pots\/staub-cocotte-ronde-avec-panier-vapeur-24-cm-blanc\/#breadcrumb","itemListElement":[{"@type":"ListItem","position":1,"name":"Home","item":"https:\/\/dev6.erresse-shop.it\/"},{"@type":"ListItem","position":2,"name":"Boutique","item":"https:\/\/dev6.erresse-shop.it\/shop\/"},{"@type":"ListItem","position":3,"name":"STAUB Cocotte Ronde avec Panier Vapeur 24 cm Blanc"}]},{"@type":"WebSite","@id":"https:\/\/dev6.erresse-shop.it\/#website","url":"https:\/\/dev6.erresse-shop.it\/","name":"Erresse Shop","description":"","publisher":{"@id":"https:\/\/dev6.erresse-shop.it\/#organization"},"potentialAction":[{"@type":"SearchAction","target":{"@type":"EntryPoint","urlTemplate":"https:\/\/dev6.erresse-shop.it\/?s={search_term_string}"},"query-input":{"@type":"PropertyValueSpecification","valueRequired":true,"valueName":"search_term_string"}}],"inLanguage":"fr-FR"},{"@type":"Organization","@id":"https:\/\/dev6.erresse-shop.it\/#organization","name":"Erresse Shop","url":"https:\/\/dev6.erresse-shop.it\/","logo":{"@type":"ImageObject","inLanguage":"fr-FR","@id":"https:\/\/dev6.erresse-shop.it\/#\/schema\/logo\/image\/","url":"https:\/\/dev6.erresse-shop.it\/wp-content\/uploads\/2025\/01\/LOGO-ERRESSE-CLASSICO.svg","contentUrl":"https:\/\/dev6.erresse-shop.it\/wp-content\/uploads\/2025\/01\/LOGO-ERRESSE-CLASSICO.svg","caption":"Erresse Shop"},"image":{"@id":"https:\/\/dev6.erresse-shop.it\/#\/schema\/logo\/image\/"}}]}},"df_price":"","df_sale_price":"","df_regular_price":"","df_image_link":"https:\/\/i1.wp.com\/interpim.erresse-shop.it\/wp-content\/uploads\/2025\/04\/STAUB-Cocotte-Tonda-con-Cestello-a-Vapore-24-cm-Bianco.jpg\/staub-cocotte-tonda-con-cestello-a-vapore-24-cm-bianco.jpg?resize=300,300&ssl=1","fifu_image_url":"https:\/\/interpim.erresse-shop.it\/wp-content\/uploads\/2025\/04\/STAUB-Cocotte-Tonda-con-Cestello-a-Vapore-24-cm-Bianco.jpg\/staub-cocotte-tonda-con-cestello-a-vapore-24-cm-bianco.jpg","_links":{"self":[{"href":"https:\/\/dev6.erresse-shop.it\/fr\/wp-json\/wp\/v2\/product\/2307251","targetHints":{"allow":["GET"]}}],"collection":[{"href":"https:\/\/dev6.erresse-shop.it\/fr\/wp-json\/wp\/v2\/product"}],"about":[{"href":"https:\/\/dev6.erresse-shop.it\/fr\/wp-json\/wp\/v2\/types\/product"}],"wp:featuredmedia":[{"embeddable":true,"href":"https:\/\/dev6.erresse-shop.it\/fr\/wp-json\/wp\/v2\/media\/6381195"}],"wp:attachment":[{"href":"https:\/\/dev6.erresse-shop.it\/fr\/wp-json\/wp\/v2\/media?parent=2307251"}],"wp:term":[{"taxonomy":"product_cat","embeddable":true,"href":"https:\/\/dev6.erresse-shop.it\/fr\/wp-json\/wp\/v2\/product_cat?post=2307251"},{"taxonomy":"product_tag","embeddable":true,"href":"https:\/\/dev6.erresse-shop.it\/fr\/wp-json\/wp\/v2\/product_tag?post=2307251"}],"curies":[{"name":"wp","href":"https:\/\/api.w.org\/{rel}","templated":true}]}}