{"id":2307223,"date":"2026-04-12T14:40:55","date_gmt":"2026-04-12T12:40:55","guid":{"rendered":"https:\/\/dev6.erresse-shop.it\/shop\/non%20class\u00e9\/vista-alegre-accento-dressoir-brillant\/"},"modified":"2025-09-14T07:10:37","modified_gmt":"2025-09-14T05:10:37","slug":"vista-alegre-accento-dressoir-brillant","status":"publish","type":"product","link":"https:\/\/dev6.erresse-shop.it\/fr\/shop\/ameublement-maison\/meubles\/vista-alegre-accento-dressoir-brillant\/","title":{"rendered":"VISTA ALEGRE Accento Dressoir Brillant"},"content":{"rendered":"<p>Le buffet de la collection Accento de Vista Alegre, en collaboration avec Pininfarina, est fabriqu\u00e9 \u00e0 la main avec des mat\u00e9riaux nobles tels que le cuir, le bois et le marbre. Inspir\u00e9 des voitures de sport des ann\u00e9es 60 et 70, il c\u00e9l\u00e8bre le 200e anniversaire de Vista Alegre. La collection comprend des meubles avec des d\u00e9tails en c\u00e9ramique et des finitions \u00e9l\u00e9gantes, rendant hommage \u00e0 l\u2019h\u00e9ritage de Pininfarina. Chaque pi\u00e8ce allie luxe, innovation et savoir-faire, avec des lignes fluides et des mat\u00e9riaux de haute qualit\u00e9, cr\u00e9ant un \u00e9quilibre parfait entre design automobile et mobilier exclusif.<\/p>\n<p>Hauteur : 750 mm<br \/>\nLongueur : 2400 mm<br \/>\nLargeur : 600 mm<\/p>\n<p>Bois de fr\u00eane teint\u00e9 anthracite<br \/>\nCuir fleur jaune<br \/>\nMarbre noir Marquina (finition polie)<\/p>\n","protected":false},"excerpt":{"rendered":"<p>Le buffet de la collection Accento de Vista Alegre, en collaboration avec Pininfarina, est fabriqu\u00e9 \u00e0 la main avec des mat\u00e9riaux nobles tels que le cuir, le bois et le marbre. Inspir\u00e9 des voitures de sport des ann\u00e9es 60 et 70, il c\u00e9l\u00e8bre le 200e anniversaire de Vista Alegre. La collection comprend des meubles avec [&hellip;]<\/p>\n","protected":false},"featured_media":6381134,"template":"","meta":{"_acf_changed":false},"product_cat":[11990,12034],"product_tag":[],"class_list":{"0":"post-2307223","1":"product","2":"type-product","3":"status-publish","4":"has-post-thumbnail","6":"product_cat-ameublement-maison","7":"product_cat-meubles","9":"first","10":"instock","11":"taxable","12":"shipping-taxable","13":"purchasable","14":"product-type-simple","swatches":"rey-swatches","show_selected":"","stretch_labels":"rey-swatches--stretch-labels"},"acf":[],"yoast_head":"<!-- This site is optimized with the Yoast SEO plugin v25.4 - https:\/\/yoast.com\/wordpress\/plugins\/seo\/ -->\n<title>VISTA ALEGRE Accento Dressoir Brillant - dev6 Erresse<\/title>\n<meta name=\"description\" content=\"Le buffet de la collection Accento de Vista Alegre, en collaboration avec Pininfarina, est fabriqu\u00e9 \u00e0 la main avec des mat\u00e9riaux nobles tels que le cuir,\" \/>\n<meta name=\"robots\" content=\"noindex, follow, max-snippet:-1, max-image-preview:large, max-video-preview:-1\" \/>\n<meta property=\"og:locale\" content=\"fr_FR\" \/>\n<meta property=\"og:type\" content=\"article\" \/>\n<meta property=\"og:title\" content=\"VISTA ALEGRE Accento Dressoir Brillant - dev6 Erresse\" \/>\n<meta property=\"og:description\" content=\"Le buffet de la collection Accento de Vista Alegre, en collaboration avec Pininfarina, est fabriqu\u00e9 \u00e0 la main avec des mat\u00e9riaux nobles tels que le cuir,\" \/>\n<meta property=\"og:url\" content=\"https:\/\/dev6.erresse-shop.it\/fr\/shop\/ameublement-maison\/meubles\/vista-alegre-accento-dressoir-brillant\/\" \/>\n<meta property=\"og:site_name\" content=\"dev6 Erresse\" \/>\n<meta property=\"og:image\" content=\"https:\/\/interpim.erresse-shop.it\/wp-content\/uploads\/2025\/04\/VISTA-ALEGRE-Accento-Credenza.jpg\/vista-alegre-accento-credenza.jpg\" \/><meta property=\"og:image\" content=\"https:\/\/interpim.erresse-shop.it\/wp-content\/uploads\/2025\/04\/VISTA-ALEGRE-Accento-Credenza.jpg\/vista-alegre-accento-credenza.jpg\" \/>\n\t<meta property=\"og:image:width\" content=\"1024\" \/>\n\t<meta property=\"og:image:height\" content=\"1024\" \/>\n\t<meta property=\"og:image:type\" content=\"image\/jpeg\" \/>\n<meta name=\"twitter:card\" content=\"summary_large_image\" \/>\n<meta name=\"twitter:image\" content=\"https:\/\/interpim.erresse-shop.it\/wp-content\/uploads\/2025\/04\/VISTA-ALEGRE-Accento-Credenza.jpg\/vista-alegre-accento-credenza.jpg\" \/>\n<script type=\"application\/ld+json\" class=\"yoast-schema-graph\">{\"@context\":\"https:\/\/schema.org\",\"@graph\":[{\"@type\":\"WebPage\",\"@id\":\"https:\/\/dev6.erresse-shop.it\/fr\/shop\/ameublement-maison\/meubles\/vista-alegre-accento-dressoir-brillant\/\",\"url\":\"https:\/\/dev6.erresse-shop.it\/fr\/shop\/ameublement-maison\/meubles\/vista-alegre-accento-dressoir-brillant\/\",\"name\":\"VISTA ALEGRE Accento Dressoir Brillant - dev6 Erresse\",\"isPartOf\":{\"@id\":\"https:\/\/dev6.erresse-shop.it\/#website\"},\"primaryImageOfPage\":{\"@id\":\"https:\/\/dev6.erresse-shop.it\/fr\/shop\/ameublement-maison\/meubles\/vista-alegre-accento-dressoir-brillant\/#primaryimage\"},\"image\":{\"@id\":\"https:\/\/dev6.erresse-shop.it\/fr\/shop\/ameublement-maison\/meubles\/vista-alegre-accento-dressoir-brillant\/#primaryimage\"},\"thumbnailUrl\":\"https:\/\/i2.wp.com\/interpim.erresse-shop.it\/wp-content\/uploads\/2025\/04\/VISTA-ALEGRE-Accento-Credenza.jpg\/vista-alegre-accento-credenza.jpg?ssl=1\",\"datePublished\":\"2026-04-12T12:40:55+00:00\",\"description\":\"Le buffet de la collection Accento de Vista Alegre, en collaboration avec Pininfarina, est fabriqu\u00e9 \u00e0 la main avec des mat\u00e9riaux nobles tels que le cuir,\",\"breadcrumb\":{\"@id\":\"https:\/\/dev6.erresse-shop.it\/fr\/shop\/ameublement-maison\/meubles\/vista-alegre-accento-dressoir-brillant\/#breadcrumb\"},\"inLanguage\":\"fr-FR\",\"potentialAction\":[{\"@type\":\"ReadAction\",\"target\":[\"https:\/\/dev6.erresse-shop.it\/fr\/shop\/ameublement-maison\/meubles\/vista-alegre-accento-dressoir-brillant\/\"]}]},{\"@type\":\"ImageObject\",\"inLanguage\":\"fr-FR\",\"@id\":\"https:\/\/dev6.erresse-shop.it\/fr\/shop\/ameublement-maison\/meubles\/vista-alegre-accento-dressoir-brillant\/#primaryimage\",\"url\":\"https:\/\/i2.wp.com\/interpim.erresse-shop.it\/wp-content\/uploads\/2025\/04\/VISTA-ALEGRE-Accento-Credenza.jpg\/vista-alegre-accento-credenza.jpg?ssl=1\",\"contentUrl\":\"https:\/\/i2.wp.com\/interpim.erresse-shop.it\/wp-content\/uploads\/2025\/04\/VISTA-ALEGRE-Accento-Credenza.jpg\/vista-alegre-accento-credenza.jpg?ssl=1\"},{\"@type\":\"BreadcrumbList\",\"@id\":\"https:\/\/dev6.erresse-shop.it\/fr\/shop\/ameublement-maison\/meubles\/vista-alegre-accento-dressoir-brillant\/#breadcrumb\",\"itemListElement\":[{\"@type\":\"ListItem\",\"position\":1,\"name\":\"Home\",\"item\":\"https:\/\/dev6.erresse-shop.it\/\"},{\"@type\":\"ListItem\",\"position\":2,\"name\":\"Boutique\",\"item\":\"https:\/\/dev6.erresse-shop.it\/shop\/\"},{\"@type\":\"ListItem\",\"position\":3,\"name\":\"VISTA ALEGRE Accento Dressoir Brillant\"}]},{\"@type\":\"WebSite\",\"@id\":\"https:\/\/dev6.erresse-shop.it\/#website\",\"url\":\"https:\/\/dev6.erresse-shop.it\/\",\"name\":\"Erresse Shop\",\"description\":\"\",\"publisher\":{\"@id\":\"https:\/\/dev6.erresse-shop.it\/#organization\"},\"potentialAction\":[{\"@type\":\"SearchAction\",\"target\":{\"@type\":\"EntryPoint\",\"urlTemplate\":\"https:\/\/dev6.erresse-shop.it\/?s={search_term_string}\"},\"query-input\":{\"@type\":\"PropertyValueSpecification\",\"valueRequired\":true,\"valueName\":\"search_term_string\"}}],\"inLanguage\":\"fr-FR\"},{\"@type\":\"Organization\",\"@id\":\"https:\/\/dev6.erresse-shop.it\/#organization\",\"name\":\"Erresse Shop\",\"url\":\"https:\/\/dev6.erresse-shop.it\/\",\"logo\":{\"@type\":\"ImageObject\",\"inLanguage\":\"fr-FR\",\"@id\":\"https:\/\/dev6.erresse-shop.it\/#\/schema\/logo\/image\/\",\"url\":\"https:\/\/dev6.erresse-shop.it\/wp-content\/uploads\/2025\/01\/LOGO-ERRESSE-CLASSICO.svg\",\"contentUrl\":\"https:\/\/dev6.erresse-shop.it\/wp-content\/uploads\/2025\/01\/LOGO-ERRESSE-CLASSICO.svg\",\"caption\":\"Erresse Shop\"},\"image\":{\"@id\":\"https:\/\/dev6.erresse-shop.it\/#\/schema\/logo\/image\/\"}}]}<\/script>\n<!-- \/ Yoast SEO plugin. -->","yoast_head_json":{"title":"VISTA ALEGRE Accento Dressoir Brillant - dev6 Erresse","description":"Le buffet de la collection Accento de Vista Alegre, en collaboration avec Pininfarina, est fabriqu\u00e9 \u00e0 la main avec des mat\u00e9riaux nobles tels que le cuir,","robots":{"index":"noindex","follow":"follow","max-snippet":"max-snippet:-1","max-image-preview":"max-image-preview:large","max-video-preview":"max-video-preview:-1"},"og_locale":"fr_FR","og_type":"article","og_title":"VISTA ALEGRE Accento Dressoir Brillant - dev6 Erresse","og_description":"Le buffet de la collection Accento de Vista Alegre, en collaboration avec Pininfarina, est fabriqu\u00e9 \u00e0 la main avec des mat\u00e9riaux nobles tels que le cuir,","og_url":"https:\/\/dev6.erresse-shop.it\/fr\/shop\/ameublement-maison\/meubles\/vista-alegre-accento-dressoir-brillant\/","og_site_name":"dev6 Erresse","og_image":[{"url":"https:\/\/interpim.erresse-shop.it\/wp-content\/uploads\/2025\/04\/VISTA-ALEGRE-Accento-Credenza.jpg\/vista-alegre-accento-credenza.jpg","type":"","width":"","height":""},{"url":"https:\/\/interpim.erresse-shop.it\/wp-content\/uploads\/2025\/04\/VISTA-ALEGRE-Accento-Credenza.jpg\/vista-alegre-accento-credenza.jpg","width":1024,"height":1024,"type":"image\/jpeg"}],"twitter_card":"summary_large_image","twitter_image":"https:\/\/interpim.erresse-shop.it\/wp-content\/uploads\/2025\/04\/VISTA-ALEGRE-Accento-Credenza.jpg\/vista-alegre-accento-credenza.jpg","schema":{"@context":"https:\/\/schema.org","@graph":[{"@type":"WebPage","@id":"https:\/\/dev6.erresse-shop.it\/fr\/shop\/ameublement-maison\/meubles\/vista-alegre-accento-dressoir-brillant\/","url":"https:\/\/dev6.erresse-shop.it\/fr\/shop\/ameublement-maison\/meubles\/vista-alegre-accento-dressoir-brillant\/","name":"VISTA ALEGRE Accento Dressoir Brillant - dev6 Erresse","isPartOf":{"@id":"https:\/\/dev6.erresse-shop.it\/#website"},"primaryImageOfPage":{"@id":"https:\/\/dev6.erresse-shop.it\/fr\/shop\/ameublement-maison\/meubles\/vista-alegre-accento-dressoir-brillant\/#primaryimage"},"image":{"@id":"https:\/\/dev6.erresse-shop.it\/fr\/shop\/ameublement-maison\/meubles\/vista-alegre-accento-dressoir-brillant\/#primaryimage"},"thumbnailUrl":"https:\/\/i2.wp.com\/interpim.erresse-shop.it\/wp-content\/uploads\/2025\/04\/VISTA-ALEGRE-Accento-Credenza.jpg\/vista-alegre-accento-credenza.jpg?ssl=1","datePublished":"2026-04-12T12:40:55+00:00","description":"Le buffet de la collection Accento de Vista Alegre, en collaboration avec Pininfarina, est fabriqu\u00e9 \u00e0 la main avec des mat\u00e9riaux nobles tels que le cuir,","breadcrumb":{"@id":"https:\/\/dev6.erresse-shop.it\/fr\/shop\/ameublement-maison\/meubles\/vista-alegre-accento-dressoir-brillant\/#breadcrumb"},"inLanguage":"fr-FR","potentialAction":[{"@type":"ReadAction","target":["https:\/\/dev6.erresse-shop.it\/fr\/shop\/ameublement-maison\/meubles\/vista-alegre-accento-dressoir-brillant\/"]}]},{"@type":"ImageObject","inLanguage":"fr-FR","@id":"https:\/\/dev6.erresse-shop.it\/fr\/shop\/ameublement-maison\/meubles\/vista-alegre-accento-dressoir-brillant\/#primaryimage","url":"https:\/\/i2.wp.com\/interpim.erresse-shop.it\/wp-content\/uploads\/2025\/04\/VISTA-ALEGRE-Accento-Credenza.jpg\/vista-alegre-accento-credenza.jpg?ssl=1","contentUrl":"https:\/\/i2.wp.com\/interpim.erresse-shop.it\/wp-content\/uploads\/2025\/04\/VISTA-ALEGRE-Accento-Credenza.jpg\/vista-alegre-accento-credenza.jpg?ssl=1"},{"@type":"BreadcrumbList","@id":"https:\/\/dev6.erresse-shop.it\/fr\/shop\/ameublement-maison\/meubles\/vista-alegre-accento-dressoir-brillant\/#breadcrumb","itemListElement":[{"@type":"ListItem","position":1,"name":"Home","item":"https:\/\/dev6.erresse-shop.it\/"},{"@type":"ListItem","position":2,"name":"Boutique","item":"https:\/\/dev6.erresse-shop.it\/shop\/"},{"@type":"ListItem","position":3,"name":"VISTA ALEGRE Accento Dressoir Brillant"}]},{"@type":"WebSite","@id":"https:\/\/dev6.erresse-shop.it\/#website","url":"https:\/\/dev6.erresse-shop.it\/","name":"Erresse Shop","description":"","publisher":{"@id":"https:\/\/dev6.erresse-shop.it\/#organization"},"potentialAction":[{"@type":"SearchAction","target":{"@type":"EntryPoint","urlTemplate":"https:\/\/dev6.erresse-shop.it\/?s={search_term_string}"},"query-input":{"@type":"PropertyValueSpecification","valueRequired":true,"valueName":"search_term_string"}}],"inLanguage":"fr-FR"},{"@type":"Organization","@id":"https:\/\/dev6.erresse-shop.it\/#organization","name":"Erresse Shop","url":"https:\/\/dev6.erresse-shop.it\/","logo":{"@type":"ImageObject","inLanguage":"fr-FR","@id":"https:\/\/dev6.erresse-shop.it\/#\/schema\/logo\/image\/","url":"https:\/\/dev6.erresse-shop.it\/wp-content\/uploads\/2025\/01\/LOGO-ERRESSE-CLASSICO.svg","contentUrl":"https:\/\/dev6.erresse-shop.it\/wp-content\/uploads\/2025\/01\/LOGO-ERRESSE-CLASSICO.svg","caption":"Erresse Shop"},"image":{"@id":"https:\/\/dev6.erresse-shop.it\/#\/schema\/logo\/image\/"}}]}},"df_price":15163.93,"df_sale_price":"","df_regular_price":15163.93,"df_image_link":"https:\/\/i2.wp.com\/interpim.erresse-shop.it\/wp-content\/uploads\/2025\/04\/VISTA-ALEGRE-Accento-Credenza.jpg\/vista-alegre-accento-credenza.jpg?resize=300,300&ssl=1","fifu_image_url":"https:\/\/interpim.erresse-shop.it\/wp-content\/uploads\/2025\/04\/VISTA-ALEGRE-Accento-Credenza.jpg\/vista-alegre-accento-credenza.jpg","_links":{"self":[{"href":"https:\/\/dev6.erresse-shop.it\/fr\/wp-json\/wp\/v2\/product\/2307223","targetHints":{"allow":["GET"]}}],"collection":[{"href":"https:\/\/dev6.erresse-shop.it\/fr\/wp-json\/wp\/v2\/product"}],"about":[{"href":"https:\/\/dev6.erresse-shop.it\/fr\/wp-json\/wp\/v2\/types\/product"}],"wp:featuredmedia":[{"embeddable":true,"href":"https:\/\/dev6.erresse-shop.it\/fr\/wp-json\/wp\/v2\/media\/6381134"}],"wp:attachment":[{"href":"https:\/\/dev6.erresse-shop.it\/fr\/wp-json\/wp\/v2\/media?parent=2307223"}],"wp:term":[{"taxonomy":"product_cat","embeddable":true,"href":"https:\/\/dev6.erresse-shop.it\/fr\/wp-json\/wp\/v2\/product_cat?post=2307223"},{"taxonomy":"product_tag","embeddable":true,"href":"https:\/\/dev6.erresse-shop.it\/fr\/wp-json\/wp\/v2\/product_tag?post=2307223"}],"curies":[{"name":"wp","href":"https:\/\/api.w.org\/{rel}","templated":true}]}}