{"id":2307213,"date":"2026-04-04T14:38:19","date_gmt":"2026-04-04T12:38:19","guid":{"rendered":"https:\/\/dev6.erresse-shop.it\/shop\/non%20class\u00e9\/bamix-cordless-pro-200w-noir\/"},"modified":"2025-09-14T07:10:05","modified_gmt":"2025-09-14T05:10:05","slug":"bamix-cordless-pro-200w-noir","status":"publish","type":"product","link":"https:\/\/dev6.erresse-shop.it\/fr\/shop\/petits-electromenagers\/mixeurs\/bamix-cordless-pro-200w-noir\/","title":{"rendered":"BAMIX Cordless Pro 200W Noir"},"content":{"rendered":"<p>Libert\u00e9 totale et pr\u00e9parations toujours parfaites<\/p>\n<p>Avec le bamix Cordless Pro 200W, oubliez les tracas des c\u00e2bles et profitez de la libert\u00e9 en cuisine. Gr\u00e2ce \u00e0 la batterie lithium-ion int\u00e9gr\u00e9e, vous pouvez travailler en continu jusqu\u2019\u00e0 20 minutes, en vous d\u00e9pla\u00e7ant librement entre le plan de travail et la cuisini\u00e8re.<\/p>\n<p>Puissance r\u00e9glable pour chaque pr\u00e9paration<\/p>\n<p>Le moteur de 200 W du bamix Cordless Pro offre trois niveaux de vitesse pour satisfaire tous les besoins culinaires. Le mode \u00c9tape 1, avec 8 000 tr\/min, est id\u00e9al pour les \u00e9mulsions l\u00e9g\u00e8res telles que les sauces et les vinaigrettes. L\u2019\u00e9tape 2 atteint 14 000 tr\/min, parfaite pour les m\u00e9langes \u00e9pais ou les p\u00e2tes, tandis que la fonction Booster atteint 15 500 tr\/min, fournissant une puissance suppl\u00e9mentaire pour traiter des ingr\u00e9dients plus durs comme des noix ou de la glace.<\/p>\n<p>Accessoires inclus pour une polyvalence maximale<\/p>\n<p>Le pack Bamix Cordless Pro comprend une lame polyvalente, un disque plat et un disque perfor\u00e9, chacun con\u00e7u pour des pr\u00e9parations sp\u00e9cifiques. De la cr\u00e9ation de smoothies soyeux \u00e0 la pr\u00e9paration de m\u00e9langes moelleux, ces accessoires transforment votre mixeur en un outil multifonction. La station de charge pratique et compacte permet non seulement de garder votre appareil pr\u00eat \u00e0 l\u2019emploi, mais ajoute \u00e9galement une touche d\u2019ordre \u00e0 votre espace de travail.<\/p>\n<p>Technologie de pointe et charge rapide<\/p>\n<p>Le mixeur est \u00e9quip\u00e9 d\u2019une batterie lithium-ion amovible, con\u00e7ue pour durer dans le temps. Le syst\u00e8me de charge rapide vous permet de reprendre le travail en un rien de temps, \u00e9liminant ainsi toute attente inutile. L\u2019indicateur d\u2019\u00e9tat de la batterie \u00e0 LED assure une surveillance constante, vous permettant ainsi de vous concentrer sur la cuisine sans vous soucier de la dur\u00e9e de vie de la batterie de l\u2019appareil.<\/p>\n<p>Qualit\u00e9 Bamix garantie pour des ann\u00e9es d\u2019utilisation<\/p>\n<p>Comme tous les produits Bamix, le Cordless Pro est synonyme de qualit\u00e9 et de fiabilit\u00e9. B\u00e9n\u00e9ficiant d\u2019une garantie produit de 5 ans et d\u2019une garantie batterie de 2 ans, il offre s\u00e9curit\u00e9 et durabilit\u00e9. Avec une tige de 22,5 cm de long, il est con\u00e7u pour atteindre facilement m\u00eame les casseroles les plus profondes, tandis que la conception ergonomique et les mat\u00e9riaux robustes en font le compagnon id\u00e9al pour toutes vos aventures culinaires.<\/p>\n<p>CARACT\u00c9RISTIQUES<\/p>\n<p>Mat\u00e9riau : plastique et acier<br \/>\nGarantie : 5 ans sur le produit. 2 ans sur batterie<br \/>\nDimensions : 45 x 30 x 10 cm<br \/>\nPoids : 1530 g<\/p>\n<p>NOT FOR SALE OUTSIDE EUROPE<\/p>\n","protected":false},"excerpt":{"rendered":"<p>Libert\u00e9 totale et pr\u00e9parations toujours parfaites Avec le bamix Cordless Pro 200W, oubliez les tracas des c\u00e2bles et profitez de la libert\u00e9 en cuisine. Gr\u00e2ce \u00e0 la batterie lithium-ion int\u00e9gr\u00e9e, vous pouvez travailler en continu jusqu\u2019\u00e0 20 minutes, en vous d\u00e9pla\u00e7ant librement entre le plan de travail et la cuisini\u00e8re. Puissance r\u00e9glable pour chaque pr\u00e9paration [&hellip;]<\/p>\n","protected":false},"featured_media":6297836,"template":"","meta":{"_acf_changed":false},"product_cat":[12061,12055],"product_tag":[],"class_list":{"0":"post-2307213","1":"product","2":"type-product","3":"status-publish","4":"has-post-thumbnail","6":"product_cat-mixeurs","7":"product_cat-petits-electromenagers","9":"first","10":"instock","11":"sale","12":"taxable","13":"shipping-taxable","14":"purchasable","15":"product-type-simple","swatches":"rey-swatches","show_selected":"","stretch_labels":"rey-swatches--stretch-labels"},"acf":[],"yoast_head":"<!-- This site is optimized with the Yoast SEO plugin v25.4 - https:\/\/yoast.com\/wordpress\/plugins\/seo\/ -->\n<title>BAMIX Cordless Pro 200W Noir - dev6 Erresse<\/title>\n<meta name=\"description\" content=\"Libert\u00e9 totale et pr\u00e9parations toujours parfaites Avec le bamix Cordless Pro 200W, oubliez les tracas des c\u00e2bles et profitez de la libert\u00e9 en cuisine.\" \/>\n<meta name=\"robots\" content=\"noindex, follow, max-snippet:-1, max-image-preview:large, max-video-preview:-1\" \/>\n<meta property=\"og:locale\" content=\"fr_FR\" \/>\n<meta property=\"og:type\" content=\"article\" \/>\n<meta property=\"og:title\" content=\"BAMIX Cordless Pro 200W Noir - dev6 Erresse\" \/>\n<meta property=\"og:description\" content=\"Libert\u00e9 totale et pr\u00e9parations toujours parfaites Avec le bamix Cordless Pro 200W, oubliez les tracas des c\u00e2bles et profitez de la libert\u00e9 en cuisine.\" \/>\n<meta property=\"og:url\" content=\"https:\/\/dev6.erresse-shop.it\/fr\/shop\/petits-electromenagers\/mixeurs\/bamix-cordless-pro-200w-noir\/\" \/>\n<meta property=\"og:site_name\" content=\"dev6 Erresse\" \/>\n<meta property=\"og:image\" content=\"https:\/\/interpim.erresse-shop.it\/wp-content\/uploads\/2025\/04\/BAMIX-Cordless-Pro-200W-Nero.jpg\/bamix-cordless-pro-200w-nero.jpg\" \/><meta property=\"og:image\" content=\"https:\/\/interpim.erresse-shop.it\/wp-content\/uploads\/2025\/04\/BAMIX-Cordless-Pro-200W-Nero.jpg\/bamix-cordless-pro-200w-nero.jpg\" \/>\n\t<meta property=\"og:image:width\" content=\"1024\" \/>\n\t<meta property=\"og:image:height\" content=\"1024\" \/>\n\t<meta property=\"og:image:type\" content=\"image\/jpeg\" \/>\n<meta name=\"twitter:card\" content=\"summary_large_image\" \/>\n<meta name=\"twitter:image\" content=\"https:\/\/interpim.erresse-shop.it\/wp-content\/uploads\/2025\/04\/BAMIX-Cordless-Pro-200W-Nero.jpg\/bamix-cordless-pro-200w-nero.jpg\" \/>\n<script type=\"application\/ld+json\" class=\"yoast-schema-graph\">{\"@context\":\"https:\/\/schema.org\",\"@graph\":[{\"@type\":\"WebPage\",\"@id\":\"https:\/\/dev6.erresse-shop.it\/fr\/shop\/petits-electromenagers\/mixeurs\/bamix-cordless-pro-200w-noir\/\",\"url\":\"https:\/\/dev6.erresse-shop.it\/fr\/shop\/petits-electromenagers\/mixeurs\/bamix-cordless-pro-200w-noir\/\",\"name\":\"BAMIX Cordless Pro 200W Noir - dev6 Erresse\",\"isPartOf\":{\"@id\":\"https:\/\/dev6.erresse-shop.it\/#website\"},\"primaryImageOfPage\":{\"@id\":\"https:\/\/dev6.erresse-shop.it\/fr\/shop\/petits-electromenagers\/mixeurs\/bamix-cordless-pro-200w-noir\/#primaryimage\"},\"image\":{\"@id\":\"https:\/\/dev6.erresse-shop.it\/fr\/shop\/petits-electromenagers\/mixeurs\/bamix-cordless-pro-200w-noir\/#primaryimage\"},\"thumbnailUrl\":\"https:\/\/i0.wp.com\/interpim.erresse-shop.it\/wp-content\/uploads\/2025\/04\/BAMIX-Cordless-Pro-200W-Nero.jpg\/bamix-cordless-pro-200w-nero.jpg?ssl=1\",\"datePublished\":\"2026-04-04T12:38:19+00:00\",\"description\":\"Libert\u00e9 totale et pr\u00e9parations toujours parfaites Avec le bamix Cordless Pro 200W, oubliez les tracas des c\u00e2bles et profitez de la libert\u00e9 en cuisine.\",\"breadcrumb\":{\"@id\":\"https:\/\/dev6.erresse-shop.it\/fr\/shop\/petits-electromenagers\/mixeurs\/bamix-cordless-pro-200w-noir\/#breadcrumb\"},\"inLanguage\":\"fr-FR\",\"potentialAction\":[{\"@type\":\"ReadAction\",\"target\":[\"https:\/\/dev6.erresse-shop.it\/fr\/shop\/petits-electromenagers\/mixeurs\/bamix-cordless-pro-200w-noir\/\"]}]},{\"@type\":\"ImageObject\",\"inLanguage\":\"fr-FR\",\"@id\":\"https:\/\/dev6.erresse-shop.it\/fr\/shop\/petits-electromenagers\/mixeurs\/bamix-cordless-pro-200w-noir\/#primaryimage\",\"url\":\"https:\/\/i0.wp.com\/interpim.erresse-shop.it\/wp-content\/uploads\/2025\/04\/BAMIX-Cordless-Pro-200W-Nero.jpg\/bamix-cordless-pro-200w-nero.jpg?ssl=1\",\"contentUrl\":\"https:\/\/i0.wp.com\/interpim.erresse-shop.it\/wp-content\/uploads\/2025\/04\/BAMIX-Cordless-Pro-200W-Nero.jpg\/bamix-cordless-pro-200w-nero.jpg?ssl=1\"},{\"@type\":\"BreadcrumbList\",\"@id\":\"https:\/\/dev6.erresse-shop.it\/fr\/shop\/petits-electromenagers\/mixeurs\/bamix-cordless-pro-200w-noir\/#breadcrumb\",\"itemListElement\":[{\"@type\":\"ListItem\",\"position\":1,\"name\":\"Home\",\"item\":\"https:\/\/dev6.erresse-shop.it\/\"},{\"@type\":\"ListItem\",\"position\":2,\"name\":\"Boutique\",\"item\":\"https:\/\/dev6.erresse-shop.it\/shop\/\"},{\"@type\":\"ListItem\",\"position\":3,\"name\":\"BAMIX Cordless Pro 200W Noir\"}]},{\"@type\":\"WebSite\",\"@id\":\"https:\/\/dev6.erresse-shop.it\/#website\",\"url\":\"https:\/\/dev6.erresse-shop.it\/\",\"name\":\"Erresse Shop\",\"description\":\"\",\"publisher\":{\"@id\":\"https:\/\/dev6.erresse-shop.it\/#organization\"},\"potentialAction\":[{\"@type\":\"SearchAction\",\"target\":{\"@type\":\"EntryPoint\",\"urlTemplate\":\"https:\/\/dev6.erresse-shop.it\/?s={search_term_string}\"},\"query-input\":{\"@type\":\"PropertyValueSpecification\",\"valueRequired\":true,\"valueName\":\"search_term_string\"}}],\"inLanguage\":\"fr-FR\"},{\"@type\":\"Organization\",\"@id\":\"https:\/\/dev6.erresse-shop.it\/#organization\",\"name\":\"Erresse Shop\",\"url\":\"https:\/\/dev6.erresse-shop.it\/\",\"logo\":{\"@type\":\"ImageObject\",\"inLanguage\":\"fr-FR\",\"@id\":\"https:\/\/dev6.erresse-shop.it\/#\/schema\/logo\/image\/\",\"url\":\"https:\/\/dev6.erresse-shop.it\/wp-content\/uploads\/2025\/01\/LOGO-ERRESSE-CLASSICO.svg\",\"contentUrl\":\"https:\/\/dev6.erresse-shop.it\/wp-content\/uploads\/2025\/01\/LOGO-ERRESSE-CLASSICO.svg\",\"caption\":\"Erresse Shop\"},\"image\":{\"@id\":\"https:\/\/dev6.erresse-shop.it\/#\/schema\/logo\/image\/\"}}]}<\/script>\n<!-- \/ Yoast SEO plugin. -->","yoast_head_json":{"title":"BAMIX Cordless Pro 200W Noir - dev6 Erresse","description":"Libert\u00e9 totale et pr\u00e9parations toujours parfaites Avec le bamix Cordless Pro 200W, oubliez les tracas des c\u00e2bles et profitez de la libert\u00e9 en cuisine.","robots":{"index":"noindex","follow":"follow","max-snippet":"max-snippet:-1","max-image-preview":"max-image-preview:large","max-video-preview":"max-video-preview:-1"},"og_locale":"fr_FR","og_type":"article","og_title":"BAMIX Cordless Pro 200W Noir - dev6 Erresse","og_description":"Libert\u00e9 totale et pr\u00e9parations toujours parfaites Avec le bamix Cordless Pro 200W, oubliez les tracas des c\u00e2bles et profitez de la libert\u00e9 en cuisine.","og_url":"https:\/\/dev6.erresse-shop.it\/fr\/shop\/petits-electromenagers\/mixeurs\/bamix-cordless-pro-200w-noir\/","og_site_name":"dev6 Erresse","og_image":[{"url":"https:\/\/interpim.erresse-shop.it\/wp-content\/uploads\/2025\/04\/BAMIX-Cordless-Pro-200W-Nero.jpg\/bamix-cordless-pro-200w-nero.jpg","type":"","width":"","height":""},{"url":"https:\/\/interpim.erresse-shop.it\/wp-content\/uploads\/2025\/04\/BAMIX-Cordless-Pro-200W-Nero.jpg\/bamix-cordless-pro-200w-nero.jpg","width":1024,"height":1024,"type":"image\/jpeg"}],"twitter_card":"summary_large_image","twitter_image":"https:\/\/interpim.erresse-shop.it\/wp-content\/uploads\/2025\/04\/BAMIX-Cordless-Pro-200W-Nero.jpg\/bamix-cordless-pro-200w-nero.jpg","schema":{"@context":"https:\/\/schema.org","@graph":[{"@type":"WebPage","@id":"https:\/\/dev6.erresse-shop.it\/fr\/shop\/petits-electromenagers\/mixeurs\/bamix-cordless-pro-200w-noir\/","url":"https:\/\/dev6.erresse-shop.it\/fr\/shop\/petits-electromenagers\/mixeurs\/bamix-cordless-pro-200w-noir\/","name":"BAMIX Cordless Pro 200W Noir - dev6 Erresse","isPartOf":{"@id":"https:\/\/dev6.erresse-shop.it\/#website"},"primaryImageOfPage":{"@id":"https:\/\/dev6.erresse-shop.it\/fr\/shop\/petits-electromenagers\/mixeurs\/bamix-cordless-pro-200w-noir\/#primaryimage"},"image":{"@id":"https:\/\/dev6.erresse-shop.it\/fr\/shop\/petits-electromenagers\/mixeurs\/bamix-cordless-pro-200w-noir\/#primaryimage"},"thumbnailUrl":"https:\/\/i0.wp.com\/interpim.erresse-shop.it\/wp-content\/uploads\/2025\/04\/BAMIX-Cordless-Pro-200W-Nero.jpg\/bamix-cordless-pro-200w-nero.jpg?ssl=1","datePublished":"2026-04-04T12:38:19+00:00","description":"Libert\u00e9 totale et pr\u00e9parations toujours parfaites Avec le bamix Cordless Pro 200W, oubliez les tracas des c\u00e2bles et profitez de la libert\u00e9 en cuisine.","breadcrumb":{"@id":"https:\/\/dev6.erresse-shop.it\/fr\/shop\/petits-electromenagers\/mixeurs\/bamix-cordless-pro-200w-noir\/#breadcrumb"},"inLanguage":"fr-FR","potentialAction":[{"@type":"ReadAction","target":["https:\/\/dev6.erresse-shop.it\/fr\/shop\/petits-electromenagers\/mixeurs\/bamix-cordless-pro-200w-noir\/"]}]},{"@type":"ImageObject","inLanguage":"fr-FR","@id":"https:\/\/dev6.erresse-shop.it\/fr\/shop\/petits-electromenagers\/mixeurs\/bamix-cordless-pro-200w-noir\/#primaryimage","url":"https:\/\/i0.wp.com\/interpim.erresse-shop.it\/wp-content\/uploads\/2025\/04\/BAMIX-Cordless-Pro-200W-Nero.jpg\/bamix-cordless-pro-200w-nero.jpg?ssl=1","contentUrl":"https:\/\/i0.wp.com\/interpim.erresse-shop.it\/wp-content\/uploads\/2025\/04\/BAMIX-Cordless-Pro-200W-Nero.jpg\/bamix-cordless-pro-200w-nero.jpg?ssl=1"},{"@type":"BreadcrumbList","@id":"https:\/\/dev6.erresse-shop.it\/fr\/shop\/petits-electromenagers\/mixeurs\/bamix-cordless-pro-200w-noir\/#breadcrumb","itemListElement":[{"@type":"ListItem","position":1,"name":"Home","item":"https:\/\/dev6.erresse-shop.it\/"},{"@type":"ListItem","position":2,"name":"Boutique","item":"https:\/\/dev6.erresse-shop.it\/shop\/"},{"@type":"ListItem","position":3,"name":"BAMIX Cordless Pro 200W Noir"}]},{"@type":"WebSite","@id":"https:\/\/dev6.erresse-shop.it\/#website","url":"https:\/\/dev6.erresse-shop.it\/","name":"Erresse Shop","description":"","publisher":{"@id":"https:\/\/dev6.erresse-shop.it\/#organization"},"potentialAction":[{"@type":"SearchAction","target":{"@type":"EntryPoint","urlTemplate":"https:\/\/dev6.erresse-shop.it\/?s={search_term_string}"},"query-input":{"@type":"PropertyValueSpecification","valueRequired":true,"valueName":"search_term_string"}}],"inLanguage":"fr-FR"},{"@type":"Organization","@id":"https:\/\/dev6.erresse-shop.it\/#organization","name":"Erresse Shop","url":"https:\/\/dev6.erresse-shop.it\/","logo":{"@type":"ImageObject","inLanguage":"fr-FR","@id":"https:\/\/dev6.erresse-shop.it\/#\/schema\/logo\/image\/","url":"https:\/\/dev6.erresse-shop.it\/wp-content\/uploads\/2025\/01\/LOGO-ERRESSE-CLASSICO.svg","contentUrl":"https:\/\/dev6.erresse-shop.it\/wp-content\/uploads\/2025\/01\/LOGO-ERRESSE-CLASSICO.svg","caption":"Erresse Shop"},"image":{"@id":"https:\/\/dev6.erresse-shop.it\/#\/schema\/logo\/image\/"}}]}},"df_price":299,"df_sale_price":299,"df_regular_price":299.9,"df_image_link":"https:\/\/i0.wp.com\/interpim.erresse-shop.it\/wp-content\/uploads\/2025\/04\/BAMIX-Cordless-Pro-200W-Nero.jpg\/bamix-cordless-pro-200w-nero.jpg?resize=300,300&ssl=1","fifu_image_url":"https:\/\/interpim.erresse-shop.it\/wp-content\/uploads\/2025\/04\/BAMIX-Cordless-Pro-200W-Nero.jpg\/bamix-cordless-pro-200w-nero.jpg","_links":{"self":[{"href":"https:\/\/dev6.erresse-shop.it\/fr\/wp-json\/wp\/v2\/product\/2307213","targetHints":{"allow":["GET"]}}],"collection":[{"href":"https:\/\/dev6.erresse-shop.it\/fr\/wp-json\/wp\/v2\/product"}],"about":[{"href":"https:\/\/dev6.erresse-shop.it\/fr\/wp-json\/wp\/v2\/types\/product"}],"wp:featuredmedia":[{"embeddable":true,"href":"https:\/\/dev6.erresse-shop.it\/fr\/wp-json\/wp\/v2\/media\/6297836"}],"wp:attachment":[{"href":"https:\/\/dev6.erresse-shop.it\/fr\/wp-json\/wp\/v2\/media?parent=2307213"}],"wp:term":[{"taxonomy":"product_cat","embeddable":true,"href":"https:\/\/dev6.erresse-shop.it\/fr\/wp-json\/wp\/v2\/product_cat?post=2307213"},{"taxonomy":"product_tag","embeddable":true,"href":"https:\/\/dev6.erresse-shop.it\/fr\/wp-json\/wp\/v2\/product_tag?post=2307213"}],"curies":[{"name":"wp","href":"https:\/\/api.w.org\/{rel}","templated":true}]}}