{"id":2307205,"date":"2026-04-12T14:40:55","date_gmt":"2026-04-12T12:40:55","guid":{"rendered":"https:\/\/dev6.erresse-shop.it\/shop\/non%20class\u00e9\/bamix-gastro-350-blanc\/"},"modified":"2025-11-27T16:58:58","modified_gmt":"2025-11-27T15:58:58","slug":"bamix-gastro-350-blanc","status":"publish","type":"product","link":"https:\/\/dev6.erresse-shop.it\/fr\/shop\/petits-electromenagers\/mixeurs\/bamix-gastro-350-blanc\/","title":{"rendered":"BAMIX Gastro 350 Blanc"},"content":{"rendered":"<p>Gastro : la version professionnelle du petit robot culinaire Bamix<\/p>\n<p>Gastro est la version la plus avanc\u00e9e du robot culinaire Bamix, con\u00e7ue pour un usage professionnel. Equip\u00e9 d\u2019un moteur \u00e0 courant alternatif extr\u00eamement puissant, il atteint des vitesses de 18 000 et 22 000 tr\/min, garantissant des performances \u00e9lev\u00e9es pour chaque pr\u00e9paration culinaire. Sa tige de 28,7 cm de long permet de travailler directement dans les casseroles sur la cuisini\u00e8re, sans avoir \u00e0 transf\u00e9rer les ingr\u00e9dients dans d\u2019autres r\u00e9cipients.<\/p>\n<p>Lame polyvalente : la polyvalence du gastro<\/p>\n<p>L\u2019un des points forts de Gastro est sa lame polyvalente. Cette lame universelle est capable de hacher, couper et m\u00e9langer une large gamme d\u2019aliments, y compris les aliments surgel\u00e9s et les gla\u00e7ons. Parfaite pour r\u00e9aliser des soupes, des cr\u00e8mes, du pesto, des confitures, des glaces, des smoothies, des milkshakes, de la p\u00e2te \u00e0 pizza et des p\u00e2tes sucr\u00e9es, la lame polyvalente se distingue par sa polyvalence.<\/p>\n<p>Fouet pour des pr\u00e9parations l\u00e9g\u00e8res et moelleuses<\/p>\n<p>Le fouet Gastro est id\u00e9al pour obtenir des consistances l\u00e9g\u00e8res et homog\u00e8nes. Il fouette la cr\u00e8me, le lait \u00e9cr\u00e9m\u00e9 et les blancs d\u2019\u0153ufs en quelques instants et est parfait pour les mousses, les sabayons, les tiramisu et les sauces b\u00e9chamel. En plus de rendre les desserts encore plus moelleux, le fouet \u00e9mulsionne les sauces et les milkshakes avec une grande facilit\u00e9, rendant chaque pr\u00e9paration rapide et sans grumeaux.<\/p>\n<p>Mixeur : la solution pour les pr\u00e9parations cr\u00e9meuses<\/p>\n<p>Le mixeur Gastro est con\u00e7u pour cr\u00e9er des \u00e9mulsions parfaites et des m\u00e9langes homog\u00e8nes. De la pur\u00e9e de pommes de terre \u00e0 la mayonnaise, en passant par les puddings et la cr\u00e8me caramel, cet accessoire est parfait pour les pr\u00e9parations cr\u00e9meuses et denses. Il est \u00e9galement id\u00e9al pour pr\u00e9parer des cocktails et des smoothies rapidement et facilement.<\/p>\n<p>L\u2019innovation et la puissance \u00e0 port\u00e9e de main<\/p>\n<p>Gastro by bamix repr\u00e9sente l\u2019excellence dans le domaine des robots culinaires professionnels. Avec sa conception ergonomique et ses fonctionnalit\u00e9s avanc\u00e9es, il s\u2019adapte parfaitement \u00e0 tous les besoins culinaires. Qu\u2019il s\u2019agisse d\u2019une cuisine domestique ou professionnelle, ce robot culinaire garantit des performances \u00e9lev\u00e9es et des r\u00e9sultats impeccables dans chaque pr\u00e9paration.<\/p>\n<p>CARACT\u00c9RISTIQUES<\/p>\n<p>Mat\u00e9riau : plastique et acier<br \/>\nDimensions : 7 x 6,5 x 35,5 cm<br \/>\nPoids : 950 g<\/p>\n<p>NOT FOR SALE OUTSIDE EUROPE<\/p>\n","protected":false},"excerpt":{"rendered":"<p>Gastro : la version professionnelle du petit robot culinaire Bamix Gastro est la version la plus avanc\u00e9e du robot culinaire Bamix, con\u00e7ue pour un usage professionnel. Equip\u00e9 d\u2019un moteur \u00e0 courant alternatif extr\u00eamement puissant, il atteint des vitesses de 18 000 et 22 000 tr\/min, garantissant des performances \u00e9lev\u00e9es pour chaque pr\u00e9paration culinaire. Sa tige [&hellip;]<\/p>\n","protected":false},"featured_media":6381085,"template":"","meta":{"_acf_changed":false},"product_cat":[12061,12055],"product_tag":[],"class_list":{"0":"post-2307205","1":"product","2":"type-product","3":"status-publish","4":"has-post-thumbnail","6":"product_cat-mixeurs","7":"product_cat-petits-electromenagers","9":"first","10":"instock","11":"sale","12":"taxable","13":"shipping-taxable","14":"purchasable","15":"product-type-simple","swatches":"rey-swatches","show_selected":"","stretch_labels":"rey-swatches--stretch-labels"},"acf":[],"yoast_head":"<!-- This site is optimized with the Yoast SEO plugin v25.4 - https:\/\/yoast.com\/wordpress\/plugins\/seo\/ -->\n<title>BAMIX Gastro 350 Blanc - dev6 Erresse<\/title>\n<meta name=\"description\" content=\"Gastro : la version professionnelle du petit robot culinaire Bamix Gastro est la version la plus avanc\u00e9e du robot culinaire Bamix, con\u00e7ue pour un usage\" \/>\n<meta name=\"robots\" content=\"noindex, follow, max-snippet:-1, max-image-preview:large, max-video-preview:-1\" \/>\n<meta property=\"og:locale\" content=\"fr_FR\" \/>\n<meta property=\"og:type\" content=\"article\" \/>\n<meta property=\"og:title\" content=\"BAMIX Gastro 350 Blanc - dev6 Erresse\" \/>\n<meta property=\"og:description\" content=\"Gastro : la version professionnelle du petit robot culinaire Bamix Gastro est la version la plus avanc\u00e9e du robot culinaire Bamix, con\u00e7ue pour un usage\" \/>\n<meta property=\"og:url\" content=\"https:\/\/dev6.erresse-shop.it\/fr\/shop\/petits-electromenagers\/mixeurs\/bamix-gastro-350-blanc\/\" \/>\n<meta property=\"og:site_name\" content=\"dev6 Erresse\" \/>\n<meta property=\"og:image\" content=\"https:\/\/interpim.erresse-shop.it\/wp-content\/uploads\/2025\/04\/BAMIX-Gastro-350-Bianco.jpg\/bamix-gastro-350-bianco.jpg\" \/><meta property=\"og:image\" content=\"https:\/\/interpim.erresse-shop.it\/wp-content\/uploads\/2025\/04\/BAMIX-Gastro-350-Bianco.jpg\/bamix-gastro-350-bianco.jpg\" \/>\n\t<meta property=\"og:image:width\" content=\"1024\" \/>\n\t<meta property=\"og:image:height\" content=\"1024\" \/>\n\t<meta property=\"og:image:type\" content=\"image\/jpeg\" \/>\n<meta name=\"twitter:card\" content=\"summary_large_image\" \/>\n<meta name=\"twitter:image\" content=\"https:\/\/interpim.erresse-shop.it\/wp-content\/uploads\/2025\/04\/BAMIX-Gastro-350-Bianco.jpg\/bamix-gastro-350-bianco.jpg\" \/>\n<script type=\"application\/ld+json\" class=\"yoast-schema-graph\">{\"@context\":\"https:\/\/schema.org\",\"@graph\":[{\"@type\":\"WebPage\",\"@id\":\"https:\/\/dev6.erresse-shop.it\/fr\/shop\/petits-electromenagers\/mixeurs\/bamix-gastro-350-blanc\/\",\"url\":\"https:\/\/dev6.erresse-shop.it\/fr\/shop\/petits-electromenagers\/mixeurs\/bamix-gastro-350-blanc\/\",\"name\":\"BAMIX Gastro 350 Blanc - dev6 Erresse\",\"isPartOf\":{\"@id\":\"https:\/\/dev6.erresse-shop.it\/#website\"},\"primaryImageOfPage\":{\"@id\":\"https:\/\/dev6.erresse-shop.it\/fr\/shop\/petits-electromenagers\/mixeurs\/bamix-gastro-350-blanc\/#primaryimage\"},\"image\":{\"@id\":\"https:\/\/dev6.erresse-shop.it\/fr\/shop\/petits-electromenagers\/mixeurs\/bamix-gastro-350-blanc\/#primaryimage\"},\"thumbnailUrl\":\"https:\/\/i0.wp.com\/interpim.erresse-shop.it\/wp-content\/uploads\/2025\/04\/BAMIX-Gastro-350-Bianco.jpg\/bamix-gastro-350-bianco.jpg?ssl=1\",\"datePublished\":\"2026-04-12T12:40:55+00:00\",\"description\":\"Gastro : la version professionnelle du petit robot culinaire Bamix Gastro est la version la plus avanc\u00e9e du robot culinaire Bamix, con\u00e7ue pour un usage\",\"breadcrumb\":{\"@id\":\"https:\/\/dev6.erresse-shop.it\/fr\/shop\/petits-electromenagers\/mixeurs\/bamix-gastro-350-blanc\/#breadcrumb\"},\"inLanguage\":\"fr-FR\",\"potentialAction\":[{\"@type\":\"ReadAction\",\"target\":[\"https:\/\/dev6.erresse-shop.it\/fr\/shop\/petits-electromenagers\/mixeurs\/bamix-gastro-350-blanc\/\"]}]},{\"@type\":\"ImageObject\",\"inLanguage\":\"fr-FR\",\"@id\":\"https:\/\/dev6.erresse-shop.it\/fr\/shop\/petits-electromenagers\/mixeurs\/bamix-gastro-350-blanc\/#primaryimage\",\"url\":\"https:\/\/i0.wp.com\/interpim.erresse-shop.it\/wp-content\/uploads\/2025\/04\/BAMIX-Gastro-350-Bianco.jpg\/bamix-gastro-350-bianco.jpg?ssl=1\",\"contentUrl\":\"https:\/\/i0.wp.com\/interpim.erresse-shop.it\/wp-content\/uploads\/2025\/04\/BAMIX-Gastro-350-Bianco.jpg\/bamix-gastro-350-bianco.jpg?ssl=1\"},{\"@type\":\"BreadcrumbList\",\"@id\":\"https:\/\/dev6.erresse-shop.it\/fr\/shop\/petits-electromenagers\/mixeurs\/bamix-gastro-350-blanc\/#breadcrumb\",\"itemListElement\":[{\"@type\":\"ListItem\",\"position\":1,\"name\":\"Home\",\"item\":\"https:\/\/dev6.erresse-shop.it\/\"},{\"@type\":\"ListItem\",\"position\":2,\"name\":\"Boutique\",\"item\":\"https:\/\/dev6.erresse-shop.it\/shop\/\"},{\"@type\":\"ListItem\",\"position\":3,\"name\":\"BAMIX Gastro 350 Blanc\"}]},{\"@type\":\"WebSite\",\"@id\":\"https:\/\/dev6.erresse-shop.it\/#website\",\"url\":\"https:\/\/dev6.erresse-shop.it\/\",\"name\":\"Erresse Shop\",\"description\":\"\",\"publisher\":{\"@id\":\"https:\/\/dev6.erresse-shop.it\/#organization\"},\"potentialAction\":[{\"@type\":\"SearchAction\",\"target\":{\"@type\":\"EntryPoint\",\"urlTemplate\":\"https:\/\/dev6.erresse-shop.it\/?s={search_term_string}\"},\"query-input\":{\"@type\":\"PropertyValueSpecification\",\"valueRequired\":true,\"valueName\":\"search_term_string\"}}],\"inLanguage\":\"fr-FR\"},{\"@type\":\"Organization\",\"@id\":\"https:\/\/dev6.erresse-shop.it\/#organization\",\"name\":\"Erresse Shop\",\"url\":\"https:\/\/dev6.erresse-shop.it\/\",\"logo\":{\"@type\":\"ImageObject\",\"inLanguage\":\"fr-FR\",\"@id\":\"https:\/\/dev6.erresse-shop.it\/#\/schema\/logo\/image\/\",\"url\":\"https:\/\/dev6.erresse-shop.it\/wp-content\/uploads\/2025\/01\/LOGO-ERRESSE-CLASSICO.svg\",\"contentUrl\":\"https:\/\/dev6.erresse-shop.it\/wp-content\/uploads\/2025\/01\/LOGO-ERRESSE-CLASSICO.svg\",\"caption\":\"Erresse Shop\"},\"image\":{\"@id\":\"https:\/\/dev6.erresse-shop.it\/#\/schema\/logo\/image\/\"}}]}<\/script>\n<!-- \/ Yoast SEO plugin. -->","yoast_head_json":{"title":"BAMIX Gastro 350 Blanc - dev6 Erresse","description":"Gastro : la version professionnelle du petit robot culinaire Bamix Gastro est la version la plus avanc\u00e9e du robot culinaire Bamix, con\u00e7ue pour un usage","robots":{"index":"noindex","follow":"follow","max-snippet":"max-snippet:-1","max-image-preview":"max-image-preview:large","max-video-preview":"max-video-preview:-1"},"og_locale":"fr_FR","og_type":"article","og_title":"BAMIX Gastro 350 Blanc - dev6 Erresse","og_description":"Gastro : la version professionnelle du petit robot culinaire Bamix Gastro est la version la plus avanc\u00e9e du robot culinaire Bamix, con\u00e7ue pour un usage","og_url":"https:\/\/dev6.erresse-shop.it\/fr\/shop\/petits-electromenagers\/mixeurs\/bamix-gastro-350-blanc\/","og_site_name":"dev6 Erresse","og_image":[{"url":"https:\/\/interpim.erresse-shop.it\/wp-content\/uploads\/2025\/04\/BAMIX-Gastro-350-Bianco.jpg\/bamix-gastro-350-bianco.jpg","type":"","width":"","height":""},{"url":"https:\/\/interpim.erresse-shop.it\/wp-content\/uploads\/2025\/04\/BAMIX-Gastro-350-Bianco.jpg\/bamix-gastro-350-bianco.jpg","width":1024,"height":1024,"type":"image\/jpeg"}],"twitter_card":"summary_large_image","twitter_image":"https:\/\/interpim.erresse-shop.it\/wp-content\/uploads\/2025\/04\/BAMIX-Gastro-350-Bianco.jpg\/bamix-gastro-350-bianco.jpg","schema":{"@context":"https:\/\/schema.org","@graph":[{"@type":"WebPage","@id":"https:\/\/dev6.erresse-shop.it\/fr\/shop\/petits-electromenagers\/mixeurs\/bamix-gastro-350-blanc\/","url":"https:\/\/dev6.erresse-shop.it\/fr\/shop\/petits-electromenagers\/mixeurs\/bamix-gastro-350-blanc\/","name":"BAMIX Gastro 350 Blanc - dev6 Erresse","isPartOf":{"@id":"https:\/\/dev6.erresse-shop.it\/#website"},"primaryImageOfPage":{"@id":"https:\/\/dev6.erresse-shop.it\/fr\/shop\/petits-electromenagers\/mixeurs\/bamix-gastro-350-blanc\/#primaryimage"},"image":{"@id":"https:\/\/dev6.erresse-shop.it\/fr\/shop\/petits-electromenagers\/mixeurs\/bamix-gastro-350-blanc\/#primaryimage"},"thumbnailUrl":"https:\/\/i0.wp.com\/interpim.erresse-shop.it\/wp-content\/uploads\/2025\/04\/BAMIX-Gastro-350-Bianco.jpg\/bamix-gastro-350-bianco.jpg?ssl=1","datePublished":"2026-04-12T12:40:55+00:00","description":"Gastro : la version professionnelle du petit robot culinaire Bamix Gastro est la version la plus avanc\u00e9e du robot culinaire Bamix, con\u00e7ue pour un usage","breadcrumb":{"@id":"https:\/\/dev6.erresse-shop.it\/fr\/shop\/petits-electromenagers\/mixeurs\/bamix-gastro-350-blanc\/#breadcrumb"},"inLanguage":"fr-FR","potentialAction":[{"@type":"ReadAction","target":["https:\/\/dev6.erresse-shop.it\/fr\/shop\/petits-electromenagers\/mixeurs\/bamix-gastro-350-blanc\/"]}]},{"@type":"ImageObject","inLanguage":"fr-FR","@id":"https:\/\/dev6.erresse-shop.it\/fr\/shop\/petits-electromenagers\/mixeurs\/bamix-gastro-350-blanc\/#primaryimage","url":"https:\/\/i0.wp.com\/interpim.erresse-shop.it\/wp-content\/uploads\/2025\/04\/BAMIX-Gastro-350-Bianco.jpg\/bamix-gastro-350-bianco.jpg?ssl=1","contentUrl":"https:\/\/i0.wp.com\/interpim.erresse-shop.it\/wp-content\/uploads\/2025\/04\/BAMIX-Gastro-350-Bianco.jpg\/bamix-gastro-350-bianco.jpg?ssl=1"},{"@type":"BreadcrumbList","@id":"https:\/\/dev6.erresse-shop.it\/fr\/shop\/petits-electromenagers\/mixeurs\/bamix-gastro-350-blanc\/#breadcrumb","itemListElement":[{"@type":"ListItem","position":1,"name":"Home","item":"https:\/\/dev6.erresse-shop.it\/"},{"@type":"ListItem","position":2,"name":"Boutique","item":"https:\/\/dev6.erresse-shop.it\/shop\/"},{"@type":"ListItem","position":3,"name":"BAMIX Gastro 350 Blanc"}]},{"@type":"WebSite","@id":"https:\/\/dev6.erresse-shop.it\/#website","url":"https:\/\/dev6.erresse-shop.it\/","name":"Erresse Shop","description":"","publisher":{"@id":"https:\/\/dev6.erresse-shop.it\/#organization"},"potentialAction":[{"@type":"SearchAction","target":{"@type":"EntryPoint","urlTemplate":"https:\/\/dev6.erresse-shop.it\/?s={search_term_string}"},"query-input":{"@type":"PropertyValueSpecification","valueRequired":true,"valueName":"search_term_string"}}],"inLanguage":"fr-FR"},{"@type":"Organization","@id":"https:\/\/dev6.erresse-shop.it\/#organization","name":"Erresse Shop","url":"https:\/\/dev6.erresse-shop.it\/","logo":{"@type":"ImageObject","inLanguage":"fr-FR","@id":"https:\/\/dev6.erresse-shop.it\/#\/schema\/logo\/image\/","url":"https:\/\/dev6.erresse-shop.it\/wp-content\/uploads\/2025\/01\/LOGO-ERRESSE-CLASSICO.svg","contentUrl":"https:\/\/dev6.erresse-shop.it\/wp-content\/uploads\/2025\/01\/LOGO-ERRESSE-CLASSICO.svg","caption":"Erresse Shop"},"image":{"@id":"https:\/\/dev6.erresse-shop.it\/#\/schema\/logo\/image\/"}}]}},"df_price":299,"df_sale_price":299,"df_regular_price":399.9,"df_image_link":"https:\/\/i0.wp.com\/interpim.erresse-shop.it\/wp-content\/uploads\/2025\/04\/BAMIX-Gastro-350-Bianco.jpg\/bamix-gastro-350-bianco.jpg?resize=300,300&ssl=1","fifu_image_url":"https:\/\/interpim.erresse-shop.it\/wp-content\/uploads\/2025\/04\/BAMIX-Gastro-350-Bianco.jpg\/bamix-gastro-350-bianco.jpg","_links":{"self":[{"href":"https:\/\/dev6.erresse-shop.it\/fr\/wp-json\/wp\/v2\/product\/2307205","targetHints":{"allow":["GET"]}}],"collection":[{"href":"https:\/\/dev6.erresse-shop.it\/fr\/wp-json\/wp\/v2\/product"}],"about":[{"href":"https:\/\/dev6.erresse-shop.it\/fr\/wp-json\/wp\/v2\/types\/product"}],"wp:featuredmedia":[{"embeddable":true,"href":"https:\/\/dev6.erresse-shop.it\/fr\/wp-json\/wp\/v2\/media\/6381085"}],"wp:attachment":[{"href":"https:\/\/dev6.erresse-shop.it\/fr\/wp-json\/wp\/v2\/media?parent=2307205"}],"wp:term":[{"taxonomy":"product_cat","embeddable":true,"href":"https:\/\/dev6.erresse-shop.it\/fr\/wp-json\/wp\/v2\/product_cat?post=2307205"},{"taxonomy":"product_tag","embeddable":true,"href":"https:\/\/dev6.erresse-shop.it\/fr\/wp-json\/wp\/v2\/product_tag?post=2307205"}],"curies":[{"name":"wp","href":"https:\/\/api.w.org\/{rel}","templated":true}]}}