{"id":2307187,"date":"2026-04-12T14:37:58","date_gmt":"2026-04-12T12:37:58","guid":{"rendered":"https:\/\/dev6.erresse-shop.it\/shop\/non%20class\u00e9\/la-pavoni-machine-a-cafe-semi-professionnelle-mini-cellini-blanc\/"},"modified":"2025-09-14T07:08:54","modified_gmt":"2025-09-14T05:08:54","slug":"la-pavoni-machine-a-cafe-semi-professionnelle-mini-cellini-blanc","status":"publish","type":"product","link":"https:\/\/dev6.erresse-shop.it\/fr\/shop\/petits-electromenagers\/machines-cafe\/manuels\/la-pavoni-machine-a-cafe-semi-professionnelle-mini-cellini-blanc\/","title":{"rendered":"LA PAVONI Machine \u00e0 caf\u00e9 semi-professionnelle Mini Cellini Blanc"},"content":{"rendered":"<p>Le compact. Machine compacte avec un syst\u00e8me pr\u00eat \u00e0 l\u2019emploi tr\u00e8s rapide, des lances froides au toucher et un corps en acier peint rigoureusement assembl\u00e9 \u00e0 la main. Machine d\u2019entr\u00e9e de gamme de la gamme Semipro.<\/p>\n<p>Toutes les machines semi-professionnelles 230V La Pavoni sont certifi\u00e9es par :<\/p>\n<\/p>\n<p>ESTH\u00c9TIQUE<\/p>\n<p>Couleur\u00a0: Blanc mat et ch\u00eane<br \/>\nFinition\u00a0: Mat<br \/>\nEsth\u00e9tique\u00a0: Classique<br \/>\nS\u00e9rie\u00a0: Mini Cellini<br \/>\nMat\u00e9riau du corps\u00a0: acier peint<br \/>\nMat\u00e9riau du bac d\u2019\u00e9gouttage\u00a0: acier peint<br \/>\nMat\u00e9riau de la grille du porte-gobelet\u00a0: acier inoxydable<br \/>\nMat\u00e9riau de la lance \u00e0 vapeur\/eau\u00a0: acier inoxydable \u2013 Cool Touch<br \/>\nGroupe de distribution\u00a0: E61<br \/>\nMat\u00e9riau du groupe distributeur\u00a0: Laiton<br \/>\nCouleur du groupe distributeur\u00a0: Chrome<br \/>\nMat\u00e9riau du bouton\u00a0: Ch\u00eane<br \/>\nType de bouton\u00a0: Rotatif<\/p>\n<p>PROGRAMMES \/ FONCTIONS<\/p>\n<p>Fonction de distribution de caf\u00e9\u00a0: Oui<br \/>\nFonction vapeur\u00a0: Oui<br \/>\nFonction eau chaude : Oui<br \/>\nAvertissement de p\u00e9nurie d\u2019eau\u00a0: Oui<\/p>\n<p>CARACT\u00c9RISTIQUES TECHNIQUES<\/p>\n<p>Type de chaudi\u00e8re\u00a0: Chaudi\u00e8re simple<br \/>\nMat\u00e9riau de la chaudi\u00e8re\u00a0: acier<br \/>\nCapacit\u00e9 de la chaudi\u00e8re\u00a0: 0,8 l<br \/>\nType de pompe\u00a0: Vibration<br \/>\nPression de la pompe\u00a0: 15\u00a0bars<br \/>\nCapacit\u00e9 du r\u00e9servoir d\u2019eau\u00a0: 2,9 l<br \/>\nR\u00e9servoir d\u2019eau amovible\u00a0: Oui<br \/>\nManom\u00e8tre de pression de la pompe\u00a0: Oui<br \/>\nDiam\u00e8tre int\u00e9rieur du porte-filtre (avec filtre)\u00a0: 58 mm<br \/>\nVoyant de temp\u00e9rature\u00a0: Oui<br \/>\nChauffe-tasses\u00a0: Passif<\/p>\n<p>ACCESSOIRES INCLUS<\/p>\n<p>Filtres\u00a0: 1 tasse\/ 2 tasses\/ Aveugle<br \/>\nBrosse de nettoyage\u00a0: Oui<br \/>\nPressino\u00a0: Oui<br \/>\nTasse \u00e0 mesurer\u00a0: Oui<br \/>\nPorte-filtre\u00a0: Double bec verseur<\/p>\n<p>RACCORDEMENT \u00c9LECTRIQUE<\/p>\n<p>Prise\u00a0: (F;E) Schuko<br \/>\nTension (V)\u00a0: 220-240 V<br \/>\nFr\u00e9quence Hz\u00a0: 50 Hz<br \/>\nLongueur du cordon d\u2019alimentation\u00a0: 1,8 m<\/p>\n<p>Not for sale outside Europe<\/p>\n","protected":false},"excerpt":{"rendered":"<p>Le compact. Machine compacte avec un syst\u00e8me pr\u00eat \u00e0 l\u2019emploi tr\u00e8s rapide, des lances froides au toucher et un corps en acier peint rigoureusement assembl\u00e9 \u00e0 la main. Machine d\u2019entr\u00e9e de gamme de la gamme Semipro. Toutes les machines semi-professionnelles 230V La Pavoni sont certifi\u00e9es par : ESTH\u00c9TIQUE Couleur\u00a0: Blanc mat et ch\u00eane Finition\u00a0: Mat [&hellip;]<\/p>\n","protected":false},"featured_media":6381033,"template":"","meta":{"_acf_changed":false},"product_cat":[12063,12090,12055],"product_tag":[],"class_list":{"0":"post-2307187","1":"product","2":"type-product","3":"status-publish","4":"has-post-thumbnail","6":"product_cat-machines-cafe","7":"product_cat-manuels","8":"product_cat-petits-electromenagers","10":"first","11":"instock","12":"sale","13":"taxable","14":"shipping-taxable","15":"purchasable","16":"product-type-simple","swatches":"rey-swatches","show_selected":"","stretch_labels":"rey-swatches--stretch-labels"},"acf":[],"yoast_head":"<!-- This site is optimized with the Yoast SEO plugin v25.4 - https:\/\/yoast.com\/wordpress\/plugins\/seo\/ -->\n<title>LA PAVONI Machine \u00e0 caf\u00e9 semi-professionnelle Mini Cellini Blanc - dev6 Erresse<\/title>\n<meta name=\"description\" content=\"Le compact. Machine compacte avec un syst\u00e8me pr\u00eat \u00e0 l\u2019emploi tr\u00e8s rapide, des lances froides au toucher et un corps en acier peint rigoureusement assembl\u00e9\" \/>\n<meta name=\"robots\" content=\"noindex, follow, max-snippet:-1, max-image-preview:large, max-video-preview:-1\" \/>\n<meta property=\"og:locale\" content=\"fr_FR\" \/>\n<meta property=\"og:type\" content=\"article\" \/>\n<meta property=\"og:title\" content=\"LA PAVONI Machine \u00e0 caf\u00e9 semi-professionnelle Mini Cellini Blanc - dev6 Erresse\" \/>\n<meta property=\"og:description\" content=\"Le compact. Machine compacte avec un syst\u00e8me pr\u00eat \u00e0 l\u2019emploi tr\u00e8s rapide, des lances froides au toucher et un corps en acier peint rigoureusement assembl\u00e9\" \/>\n<meta property=\"og:url\" content=\"https:\/\/dev6.erresse-shop.it\/fr\/shop\/petits-electromenagers\/machines-cafe\/manuels\/la-pavoni-machine-a-cafe-semi-professionnelle-mini-cellini-blanc\/\" \/>\n<meta property=\"og:site_name\" content=\"dev6 Erresse\" \/>\n<meta property=\"og:image\" content=\"https:\/\/interpim.erresse-shop.it\/wp-content\/uploads\/2025\/04\/LA-PAVONI-Macchina-da-Caffe-Semi-Professionale-Mini-Cellini-Bianco.jpg\/la-pavoni-macchina-da-caffe-semi-professionale-mini-cellini-bianco.jpg\" \/><meta property=\"og:image\" content=\"https:\/\/interpim.erresse-shop.it\/wp-content\/uploads\/2025\/04\/LA-PAVONI-Macchina-da-Caffe-Semi-Professionale-Mini-Cellini-Bianco.jpg\/la-pavoni-macchina-da-caffe-semi-professionale-mini-cellini-bianco.jpg\" \/>\n\t<meta property=\"og:image:width\" content=\"1024\" \/>\n\t<meta property=\"og:image:height\" content=\"1024\" \/>\n\t<meta property=\"og:image:type\" content=\"image\/jpeg\" \/>\n<meta name=\"twitter:card\" content=\"summary_large_image\" \/>\n<meta name=\"twitter:image\" content=\"https:\/\/interpim.erresse-shop.it\/wp-content\/uploads\/2025\/04\/LA-PAVONI-Macchina-da-Caffe-Semi-Professionale-Mini-Cellini-Bianco.jpg\/la-pavoni-macchina-da-caffe-semi-professionale-mini-cellini-bianco.jpg\" \/>\n<script type=\"application\/ld+json\" class=\"yoast-schema-graph\">{\"@context\":\"https:\/\/schema.org\",\"@graph\":[{\"@type\":\"WebPage\",\"@id\":\"https:\/\/dev6.erresse-shop.it\/fr\/shop\/petits-electromenagers\/machines-cafe\/manuels\/la-pavoni-machine-a-cafe-semi-professionnelle-mini-cellini-blanc\/\",\"url\":\"https:\/\/dev6.erresse-shop.it\/fr\/shop\/petits-electromenagers\/machines-cafe\/manuels\/la-pavoni-machine-a-cafe-semi-professionnelle-mini-cellini-blanc\/\",\"name\":\"LA PAVONI Machine \u00e0 caf\u00e9 semi-professionnelle Mini Cellini Blanc - dev6 Erresse\",\"isPartOf\":{\"@id\":\"https:\/\/dev6.erresse-shop.it\/#website\"},\"primaryImageOfPage\":{\"@id\":\"https:\/\/dev6.erresse-shop.it\/fr\/shop\/petits-electromenagers\/machines-cafe\/manuels\/la-pavoni-machine-a-cafe-semi-professionnelle-mini-cellini-blanc\/#primaryimage\"},\"image\":{\"@id\":\"https:\/\/dev6.erresse-shop.it\/fr\/shop\/petits-electromenagers\/machines-cafe\/manuels\/la-pavoni-machine-a-cafe-semi-professionnelle-mini-cellini-blanc\/#primaryimage\"},\"thumbnailUrl\":\"https:\/\/i3.wp.com\/interpim.erresse-shop.it\/wp-content\/uploads\/2025\/04\/LA-PAVONI-Macchina-da-Caffe-Semi-Professionale-Mini-Cellini-Bianco.jpg\/la-pavoni-macchina-da-caffe-semi-professionale-mini-cellini-bianco.jpg?ssl=1\",\"datePublished\":\"2026-04-12T12:37:58+00:00\",\"description\":\"Le compact. Machine compacte avec un syst\u00e8me pr\u00eat \u00e0 l\u2019emploi tr\u00e8s rapide, des lances froides au toucher et un corps en acier peint rigoureusement assembl\u00e9\",\"breadcrumb\":{\"@id\":\"https:\/\/dev6.erresse-shop.it\/fr\/shop\/petits-electromenagers\/machines-cafe\/manuels\/la-pavoni-machine-a-cafe-semi-professionnelle-mini-cellini-blanc\/#breadcrumb\"},\"inLanguage\":\"fr-FR\",\"potentialAction\":[{\"@type\":\"ReadAction\",\"target\":[\"https:\/\/dev6.erresse-shop.it\/fr\/shop\/petits-electromenagers\/machines-cafe\/manuels\/la-pavoni-machine-a-cafe-semi-professionnelle-mini-cellini-blanc\/\"]}]},{\"@type\":\"ImageObject\",\"inLanguage\":\"fr-FR\",\"@id\":\"https:\/\/dev6.erresse-shop.it\/fr\/shop\/petits-electromenagers\/machines-cafe\/manuels\/la-pavoni-machine-a-cafe-semi-professionnelle-mini-cellini-blanc\/#primaryimage\",\"url\":\"https:\/\/i3.wp.com\/interpim.erresse-shop.it\/wp-content\/uploads\/2025\/04\/LA-PAVONI-Macchina-da-Caffe-Semi-Professionale-Mini-Cellini-Bianco.jpg\/la-pavoni-macchina-da-caffe-semi-professionale-mini-cellini-bianco.jpg?ssl=1\",\"contentUrl\":\"https:\/\/i3.wp.com\/interpim.erresse-shop.it\/wp-content\/uploads\/2025\/04\/LA-PAVONI-Macchina-da-Caffe-Semi-Professionale-Mini-Cellini-Bianco.jpg\/la-pavoni-macchina-da-caffe-semi-professionale-mini-cellini-bianco.jpg?ssl=1\"},{\"@type\":\"BreadcrumbList\",\"@id\":\"https:\/\/dev6.erresse-shop.it\/fr\/shop\/petits-electromenagers\/machines-cafe\/manuels\/la-pavoni-machine-a-cafe-semi-professionnelle-mini-cellini-blanc\/#breadcrumb\",\"itemListElement\":[{\"@type\":\"ListItem\",\"position\":1,\"name\":\"Home\",\"item\":\"https:\/\/dev6.erresse-shop.it\/\"},{\"@type\":\"ListItem\",\"position\":2,\"name\":\"Boutique\",\"item\":\"https:\/\/dev6.erresse-shop.it\/shop\/\"},{\"@type\":\"ListItem\",\"position\":3,\"name\":\"LA PAVONI Machine \u00e0 caf\u00e9 semi-professionnelle Mini Cellini Blanc\"}]},{\"@type\":\"WebSite\",\"@id\":\"https:\/\/dev6.erresse-shop.it\/#website\",\"url\":\"https:\/\/dev6.erresse-shop.it\/\",\"name\":\"Erresse Shop\",\"description\":\"\",\"publisher\":{\"@id\":\"https:\/\/dev6.erresse-shop.it\/#organization\"},\"potentialAction\":[{\"@type\":\"SearchAction\",\"target\":{\"@type\":\"EntryPoint\",\"urlTemplate\":\"https:\/\/dev6.erresse-shop.it\/?s={search_term_string}\"},\"query-input\":{\"@type\":\"PropertyValueSpecification\",\"valueRequired\":true,\"valueName\":\"search_term_string\"}}],\"inLanguage\":\"fr-FR\"},{\"@type\":\"Organization\",\"@id\":\"https:\/\/dev6.erresse-shop.it\/#organization\",\"name\":\"Erresse Shop\",\"url\":\"https:\/\/dev6.erresse-shop.it\/\",\"logo\":{\"@type\":\"ImageObject\",\"inLanguage\":\"fr-FR\",\"@id\":\"https:\/\/dev6.erresse-shop.it\/#\/schema\/logo\/image\/\",\"url\":\"https:\/\/dev6.erresse-shop.it\/wp-content\/uploads\/2025\/01\/LOGO-ERRESSE-CLASSICO.svg\",\"contentUrl\":\"https:\/\/dev6.erresse-shop.it\/wp-content\/uploads\/2025\/01\/LOGO-ERRESSE-CLASSICO.svg\",\"caption\":\"Erresse Shop\"},\"image\":{\"@id\":\"https:\/\/dev6.erresse-shop.it\/#\/schema\/logo\/image\/\"}}]}<\/script>\n<!-- \/ Yoast SEO plugin. -->","yoast_head_json":{"title":"LA PAVONI Machine \u00e0 caf\u00e9 semi-professionnelle Mini Cellini Blanc - dev6 Erresse","description":"Le compact. Machine compacte avec un syst\u00e8me pr\u00eat \u00e0 l\u2019emploi tr\u00e8s rapide, des lances froides au toucher et un corps en acier peint rigoureusement assembl\u00e9","robots":{"index":"noindex","follow":"follow","max-snippet":"max-snippet:-1","max-image-preview":"max-image-preview:large","max-video-preview":"max-video-preview:-1"},"og_locale":"fr_FR","og_type":"article","og_title":"LA PAVONI Machine \u00e0 caf\u00e9 semi-professionnelle Mini Cellini Blanc - dev6 Erresse","og_description":"Le compact. Machine compacte avec un syst\u00e8me pr\u00eat \u00e0 l\u2019emploi tr\u00e8s rapide, des lances froides au toucher et un corps en acier peint rigoureusement assembl\u00e9","og_url":"https:\/\/dev6.erresse-shop.it\/fr\/shop\/petits-electromenagers\/machines-cafe\/manuels\/la-pavoni-machine-a-cafe-semi-professionnelle-mini-cellini-blanc\/","og_site_name":"dev6 Erresse","og_image":[{"url":"https:\/\/interpim.erresse-shop.it\/wp-content\/uploads\/2025\/04\/LA-PAVONI-Macchina-da-Caffe-Semi-Professionale-Mini-Cellini-Bianco.jpg\/la-pavoni-macchina-da-caffe-semi-professionale-mini-cellini-bianco.jpg","type":"","width":"","height":""},{"url":"https:\/\/interpim.erresse-shop.it\/wp-content\/uploads\/2025\/04\/LA-PAVONI-Macchina-da-Caffe-Semi-Professionale-Mini-Cellini-Bianco.jpg\/la-pavoni-macchina-da-caffe-semi-professionale-mini-cellini-bianco.jpg","width":1024,"height":1024,"type":"image\/jpeg"}],"twitter_card":"summary_large_image","twitter_image":"https:\/\/interpim.erresse-shop.it\/wp-content\/uploads\/2025\/04\/LA-PAVONI-Macchina-da-Caffe-Semi-Professionale-Mini-Cellini-Bianco.jpg\/la-pavoni-macchina-da-caffe-semi-professionale-mini-cellini-bianco.jpg","schema":{"@context":"https:\/\/schema.org","@graph":[{"@type":"WebPage","@id":"https:\/\/dev6.erresse-shop.it\/fr\/shop\/petits-electromenagers\/machines-cafe\/manuels\/la-pavoni-machine-a-cafe-semi-professionnelle-mini-cellini-blanc\/","url":"https:\/\/dev6.erresse-shop.it\/fr\/shop\/petits-electromenagers\/machines-cafe\/manuels\/la-pavoni-machine-a-cafe-semi-professionnelle-mini-cellini-blanc\/","name":"LA PAVONI Machine \u00e0 caf\u00e9 semi-professionnelle Mini Cellini Blanc - dev6 Erresse","isPartOf":{"@id":"https:\/\/dev6.erresse-shop.it\/#website"},"primaryImageOfPage":{"@id":"https:\/\/dev6.erresse-shop.it\/fr\/shop\/petits-electromenagers\/machines-cafe\/manuels\/la-pavoni-machine-a-cafe-semi-professionnelle-mini-cellini-blanc\/#primaryimage"},"image":{"@id":"https:\/\/dev6.erresse-shop.it\/fr\/shop\/petits-electromenagers\/machines-cafe\/manuels\/la-pavoni-machine-a-cafe-semi-professionnelle-mini-cellini-blanc\/#primaryimage"},"thumbnailUrl":"https:\/\/i3.wp.com\/interpim.erresse-shop.it\/wp-content\/uploads\/2025\/04\/LA-PAVONI-Macchina-da-Caffe-Semi-Professionale-Mini-Cellini-Bianco.jpg\/la-pavoni-macchina-da-caffe-semi-professionale-mini-cellini-bianco.jpg?ssl=1","datePublished":"2026-04-12T12:37:58+00:00","description":"Le compact. Machine compacte avec un syst\u00e8me pr\u00eat \u00e0 l\u2019emploi tr\u00e8s rapide, des lances froides au toucher et un corps en acier peint rigoureusement assembl\u00e9","breadcrumb":{"@id":"https:\/\/dev6.erresse-shop.it\/fr\/shop\/petits-electromenagers\/machines-cafe\/manuels\/la-pavoni-machine-a-cafe-semi-professionnelle-mini-cellini-blanc\/#breadcrumb"},"inLanguage":"fr-FR","potentialAction":[{"@type":"ReadAction","target":["https:\/\/dev6.erresse-shop.it\/fr\/shop\/petits-electromenagers\/machines-cafe\/manuels\/la-pavoni-machine-a-cafe-semi-professionnelle-mini-cellini-blanc\/"]}]},{"@type":"ImageObject","inLanguage":"fr-FR","@id":"https:\/\/dev6.erresse-shop.it\/fr\/shop\/petits-electromenagers\/machines-cafe\/manuels\/la-pavoni-machine-a-cafe-semi-professionnelle-mini-cellini-blanc\/#primaryimage","url":"https:\/\/i3.wp.com\/interpim.erresse-shop.it\/wp-content\/uploads\/2025\/04\/LA-PAVONI-Macchina-da-Caffe-Semi-Professionale-Mini-Cellini-Bianco.jpg\/la-pavoni-macchina-da-caffe-semi-professionale-mini-cellini-bianco.jpg?ssl=1","contentUrl":"https:\/\/i3.wp.com\/interpim.erresse-shop.it\/wp-content\/uploads\/2025\/04\/LA-PAVONI-Macchina-da-Caffe-Semi-Professionale-Mini-Cellini-Bianco.jpg\/la-pavoni-macchina-da-caffe-semi-professionale-mini-cellini-bianco.jpg?ssl=1"},{"@type":"BreadcrumbList","@id":"https:\/\/dev6.erresse-shop.it\/fr\/shop\/petits-electromenagers\/machines-cafe\/manuels\/la-pavoni-machine-a-cafe-semi-professionnelle-mini-cellini-blanc\/#breadcrumb","itemListElement":[{"@type":"ListItem","position":1,"name":"Home","item":"https:\/\/dev6.erresse-shop.it\/"},{"@type":"ListItem","position":2,"name":"Boutique","item":"https:\/\/dev6.erresse-shop.it\/shop\/"},{"@type":"ListItem","position":3,"name":"LA PAVONI Machine \u00e0 caf\u00e9 semi-professionnelle Mini Cellini Blanc"}]},{"@type":"WebSite","@id":"https:\/\/dev6.erresse-shop.it\/#website","url":"https:\/\/dev6.erresse-shop.it\/","name":"Erresse Shop","description":"","publisher":{"@id":"https:\/\/dev6.erresse-shop.it\/#organization"},"potentialAction":[{"@type":"SearchAction","target":{"@type":"EntryPoint","urlTemplate":"https:\/\/dev6.erresse-shop.it\/?s={search_term_string}"},"query-input":{"@type":"PropertyValueSpecification","valueRequired":true,"valueName":"search_term_string"}}],"inLanguage":"fr-FR"},{"@type":"Organization","@id":"https:\/\/dev6.erresse-shop.it\/#organization","name":"Erresse Shop","url":"https:\/\/dev6.erresse-shop.it\/","logo":{"@type":"ImageObject","inLanguage":"fr-FR","@id":"https:\/\/dev6.erresse-shop.it\/#\/schema\/logo\/image\/","url":"https:\/\/dev6.erresse-shop.it\/wp-content\/uploads\/2025\/01\/LOGO-ERRESSE-CLASSICO.svg","contentUrl":"https:\/\/dev6.erresse-shop.it\/wp-content\/uploads\/2025\/01\/LOGO-ERRESSE-CLASSICO.svg","caption":"Erresse Shop"},"image":{"@id":"https:\/\/dev6.erresse-shop.it\/#\/schema\/logo\/image\/"}}]}},"df_price":1099,"df_sale_price":1099,"df_regular_price":1299,"df_image_link":"https:\/\/i3.wp.com\/interpim.erresse-shop.it\/wp-content\/uploads\/2025\/04\/LA-PAVONI-Macchina-da-Caffe-Semi-Professionale-Mini-Cellini-Bianco.jpg\/la-pavoni-macchina-da-caffe-semi-professionale-mini-cellini-bianco.jpg?resize=300,300&ssl=1","fifu_image_url":"https:\/\/interpim.erresse-shop.it\/wp-content\/uploads\/2025\/04\/LA-PAVONI-Macchina-da-Caffe-Semi-Professionale-Mini-Cellini-Bianco.jpg\/la-pavoni-macchina-da-caffe-semi-professionale-mini-cellini-bianco.jpg","_links":{"self":[{"href":"https:\/\/dev6.erresse-shop.it\/fr\/wp-json\/wp\/v2\/product\/2307187","targetHints":{"allow":["GET"]}}],"collection":[{"href":"https:\/\/dev6.erresse-shop.it\/fr\/wp-json\/wp\/v2\/product"}],"about":[{"href":"https:\/\/dev6.erresse-shop.it\/fr\/wp-json\/wp\/v2\/types\/product"}],"wp:featuredmedia":[{"embeddable":true,"href":"https:\/\/dev6.erresse-shop.it\/fr\/wp-json\/wp\/v2\/media\/6381033"}],"wp:attachment":[{"href":"https:\/\/dev6.erresse-shop.it\/fr\/wp-json\/wp\/v2\/media?parent=2307187"}],"wp:term":[{"taxonomy":"product_cat","embeddable":true,"href":"https:\/\/dev6.erresse-shop.it\/fr\/wp-json\/wp\/v2\/product_cat?post=2307187"},{"taxonomy":"product_tag","embeddable":true,"href":"https:\/\/dev6.erresse-shop.it\/fr\/wp-json\/wp\/v2\/product_tag?post=2307187"}],"curies":[{"name":"wp","href":"https:\/\/api.w.org\/{rel}","templated":true}]}}