{"id":2307179,"date":"2026-04-12T14:37:58","date_gmt":"2026-04-12T12:37:58","guid":{"rendered":"https:\/\/dev6.erresse-shop.it\/shop\/non%20class\u00e9\/la-pavoni-machine-a-cafe-semi-professionnelle-botticelli-evolution\/"},"modified":"2025-09-14T07:08:33","modified_gmt":"2025-09-14T05:08:33","slug":"la-pavoni-machine-a-cafe-semi-professionnelle-botticelli-evolution","status":"publish","type":"product","link":"https:\/\/dev6.erresse-shop.it\/fr\/shop\/petits-electromenagers\/machines-cafe\/manuels\/la-pavoni-machine-a-cafe-semi-professionnelle-botticelli-evolution\/","title":{"rendered":"LA PAVONI Machine \u00e0 caf\u00e9 semi-professionnelle Botticelli Evolution"},"content":{"rendered":"<p>Machine pour sp\u00e9cialistes. Le double PID offre un choix optimal de la temp\u00e9rature de la chaudi\u00e8re. Selon vos besoins, vous pouvez choisir entre un r\u00e9servoir d\u2019eau ou un raccordement \u00e0 l\u2019eau et \u00e9teindre la chaudi\u00e8re \u00e0 vapeur.<\/p>\n<p>Toutes les machines semi-professionnelles 230V La Pavoni sont certifi\u00e9es par :<\/p>\n<\/p>\n<p>ESTH\u00c9TIQUE<\/p>\n<p>Couleur\u00a0: Acier inoxydable<\/p>\n<p>Finition\u00a0: Brillant<\/p>\n<p>Esth\u00e9tique\u00a0: \u00c9volution<\/p>\n<p>S\u00e9rie\u00a0: Botticelli<\/p>\n<p>Mat\u00e9riau du corps\u00a0: acier inoxydable<\/p>\n<p>Mat\u00e9riau du bac d\u2019\u00e9gouttage\u00a0: Acier inoxydable<\/p>\n<p>Mat\u00e9riau de la grille repose-tasses\u00a0: Acier inoxydable<\/p>\n<p>Mat\u00e9riau de la buse vapeur\u00a0: Acier inoxydable \u2013 Toucher froid<\/p>\n<p>Mat\u00e9riau de la buse d\u2019eau chaude\u00a0: Acier inoxydable \u2013 Cool Touch<\/p>\n<p>Groupe de distribution\u00a0: E61<\/p>\n<p>Mat\u00e9riau du groupe distributeur\u00a0: Laiton<\/p>\n<p>Couleur du groupe distributeur\u00a0: Chrome<\/p>\n<p>Mat\u00e9riau de la poign\u00e9e\u00a0: bak\u00e9lite noire<\/p>\n<p>Type de poign\u00e9e\u00a0: Levier<\/p>\n<p>PROGRAMMES \/ FONCTIONS<\/p>\n<p>Fonction de distribution de caf\u00e9\u00a0: Oui<br \/>\nFonction vapeur\u00a0: Oui<br \/>\nFonction eau chaude : Oui<br \/>\nAvertissement de p\u00e9nurie d\u2019eau\u00a0: Oui<\/p>\n<p>CARACT\u00c9RISTIQUES TECHNIQUES<\/p>\n<p>Type de chaudi\u00e8re\u00a0: Bain-marie<br \/>\nMat\u00e9riau de la chaudi\u00e8re \u00e0 caf\u00e9\u00a0: cuivre et laiton<br \/>\nMat\u00e9riau de la chaudi\u00e8re de service\u00a0: cuivre et laiton<br \/>\nCapacit\u00e9 de la chaudi\u00e8re \u00e0 caf\u00e9\u00a0: 0,6 l<br \/>\nCapacit\u00e9 de la chaudi\u00e8re de service\u00a0: 1,8 l<br \/>\nType de pompe\u00a0: rotative<br \/>\nPression de la pompe\u00a0: 20\u00a0bars<br \/>\nCapacit\u00e9 du r\u00e9servoir d\u2019eau\u00a0: 2,9 l<br \/>\nNiveau automatique \u00e9lectronique\u00a0: Oui<br \/>\nDispositif anti-vide\u00a0: Oui<br \/>\nBac d\u2019\u00e9gouttage amovible\u00a0: Oui<br \/>\n\u00c9vacuation de l\u2019eau\u00a0: Oui<br \/>\nR\u00e9servoir d\u2019eau amovible\u00a0: Oui<br \/>\nRaccordement au r\u00e9seau d\u2019eau\u00a0: Oui<br \/>\nManom\u00e8tre de pression de la pompe\u00a0: Oui<br \/>\nManom\u00e8tre de chaudi\u00e8re\u00a0: Oui<br \/>\nPID pour la temp\u00e9rature du caf\u00e9\u00a0: Oui<br \/>\nPID pour la temp\u00e9rature de la vapeur\u00a0: Oui<br \/>\nDiam\u00e8tre int\u00e9rieur du porte-filtre (avec filtre)\u00a0: 58 mm<br \/>\nVoyant de temp\u00e9rature\u00a0: Oui<br \/>\nChauffe-tasses\u00a0: Passif<br \/>\nBuse \u00e0 vapeur\u00a0: Oui \u2013 Cool Touch<br \/>\nDistributeur d\u2019eau chaude\u00a0: Si-Cool Touch<\/p>\n<p>ACCESSOIRES INCLUS<\/p>\n<p>Filtres\u00a0: 1 tasse\/ 2 tasses\/ Aveugle<br \/>\nBrosse de nettoyage\u00a0: Oui<br \/>\nPressino\u00a0: Oui<br \/>\nTasse \u00e0 mesurer\u00a0: Oui<br \/>\nPorte-filtre\u00a0: bec double, bec simple<br \/>\nJoint du porte-filtre\u00a0: Oui<br \/>\nTuyau de raccordement au r\u00e9seau d\u2019eau\u00a0: Oui<br \/>\nTuyau d\u2019\u00e9vacuation d\u2019eau\u00a0: Oui<\/p>\n<p>RACCORDEMENT \u00c9LECTRIQUE<\/p>\n<p>Prise\u00a0: (F;E) Schuko<br \/>\nTension (V)\u00a0: 220-240 V<br \/>\nFr\u00e9quence Hz\u00a0: 50 Hz<br \/>\nLongueur du cordon d\u2019alimentation\u00a0: 1,8 m<\/p>\n<p>Not for sale outside Europe<\/p>\n","protected":false},"excerpt":{"rendered":"<p>Machine pour sp\u00e9cialistes. Le double PID offre un choix optimal de la temp\u00e9rature de la chaudi\u00e8re. Selon vos besoins, vous pouvez choisir entre un r\u00e9servoir d\u2019eau ou un raccordement \u00e0 l\u2019eau et \u00e9teindre la chaudi\u00e8re \u00e0 vapeur. Toutes les machines semi-professionnelles 230V La Pavoni sont certifi\u00e9es par : ESTH\u00c9TIQUE Couleur\u00a0: Acier inoxydable Finition\u00a0: Brillant Esth\u00e9tique\u00a0: [&hellip;]<\/p>\n","protected":false},"featured_media":6381020,"template":"","meta":{"_acf_changed":false},"product_cat":[12063,12090,12055],"product_tag":[],"class_list":{"0":"post-2307179","1":"product","2":"type-product","3":"status-publish","4":"has-post-thumbnail","6":"product_cat-machines-cafe","7":"product_cat-manuels","8":"product_cat-petits-electromenagers","10":"first","11":"instock","12":"sale","13":"taxable","14":"shipping-taxable","15":"purchasable","16":"product-type-simple","swatches":"rey-swatches","show_selected":"","stretch_labels":"rey-swatches--stretch-labels"},"acf":[],"yoast_head":"<!-- This site is optimized with the Yoast SEO plugin v25.4 - https:\/\/yoast.com\/wordpress\/plugins\/seo\/ -->\n<title>LA PAVONI Machine \u00e0 caf\u00e9 semi-professionnelle Botticelli Evolution - dev6 Erresse<\/title>\n<meta name=\"description\" content=\"Machine pour sp\u00e9cialistes. Le double PID offre un choix optimal de la temp\u00e9rature de la chaudi\u00e8re. Selon vos besoins, vous pouvez choisir entre un\" \/>\n<meta name=\"robots\" content=\"noindex, follow, max-snippet:-1, max-image-preview:large, max-video-preview:-1\" \/>\n<meta property=\"og:locale\" content=\"fr_FR\" \/>\n<meta property=\"og:type\" content=\"article\" \/>\n<meta property=\"og:title\" content=\"LA PAVONI Machine \u00e0 caf\u00e9 semi-professionnelle Botticelli Evolution - dev6 Erresse\" \/>\n<meta property=\"og:description\" content=\"Machine pour sp\u00e9cialistes. Le double PID offre un choix optimal de la temp\u00e9rature de la chaudi\u00e8re. Selon vos besoins, vous pouvez choisir entre un\" \/>\n<meta property=\"og:url\" content=\"https:\/\/dev6.erresse-shop.it\/fr\/shop\/petits-electromenagers\/machines-cafe\/manuels\/la-pavoni-machine-a-cafe-semi-professionnelle-botticelli-evolution\/\" \/>\n<meta property=\"og:site_name\" content=\"dev6 Erresse\" \/>\n<meta property=\"og:image\" content=\"https:\/\/interpim.erresse-shop.it\/wp-content\/uploads\/2025\/04\/LA-PAVONI-Macchina-da-Caffe-Semi-Professionale-Botticelli-Evolution.jpg\/la-pavoni-macchina-da-caffe-semi-professionale-botticelli-evolution.jpg\" \/><meta property=\"og:image\" content=\"https:\/\/interpim.erresse-shop.it\/wp-content\/uploads\/2025\/04\/LA-PAVONI-Macchina-da-Caffe-Semi-Professionale-Botticelli-Evolution.jpg\/la-pavoni-macchina-da-caffe-semi-professionale-botticelli-evolution.jpg\" \/>\n\t<meta property=\"og:image:width\" content=\"1024\" \/>\n\t<meta property=\"og:image:height\" content=\"1024\" \/>\n\t<meta property=\"og:image:type\" content=\"image\/jpeg\" \/>\n<meta name=\"twitter:card\" content=\"summary_large_image\" \/>\n<meta name=\"twitter:image\" content=\"https:\/\/interpim.erresse-shop.it\/wp-content\/uploads\/2025\/04\/LA-PAVONI-Macchina-da-Caffe-Semi-Professionale-Botticelli-Evolution.jpg\/la-pavoni-macchina-da-caffe-semi-professionale-botticelli-evolution.jpg\" \/>\n<script type=\"application\/ld+json\" class=\"yoast-schema-graph\">{\"@context\":\"https:\/\/schema.org\",\"@graph\":[{\"@type\":\"WebPage\",\"@id\":\"https:\/\/dev6.erresse-shop.it\/fr\/shop\/petits-electromenagers\/machines-cafe\/manuels\/la-pavoni-machine-a-cafe-semi-professionnelle-botticelli-evolution\/\",\"url\":\"https:\/\/dev6.erresse-shop.it\/fr\/shop\/petits-electromenagers\/machines-cafe\/manuels\/la-pavoni-machine-a-cafe-semi-professionnelle-botticelli-evolution\/\",\"name\":\"LA PAVONI Machine \u00e0 caf\u00e9 semi-professionnelle Botticelli Evolution - dev6 Erresse\",\"isPartOf\":{\"@id\":\"https:\/\/dev6.erresse-shop.it\/#website\"},\"primaryImageOfPage\":{\"@id\":\"https:\/\/dev6.erresse-shop.it\/fr\/shop\/petits-electromenagers\/machines-cafe\/manuels\/la-pavoni-machine-a-cafe-semi-professionnelle-botticelli-evolution\/#primaryimage\"},\"image\":{\"@id\":\"https:\/\/dev6.erresse-shop.it\/fr\/shop\/petits-electromenagers\/machines-cafe\/manuels\/la-pavoni-machine-a-cafe-semi-professionnelle-botticelli-evolution\/#primaryimage\"},\"thumbnailUrl\":\"https:\/\/i3.wp.com\/interpim.erresse-shop.it\/wp-content\/uploads\/2025\/04\/LA-PAVONI-Macchina-da-Caffe-Semi-Professionale-Botticelli-Evolution.jpg\/la-pavoni-macchina-da-caffe-semi-professionale-botticelli-evolution.jpg?ssl=1\",\"datePublished\":\"2026-04-12T12:37:58+00:00\",\"description\":\"Machine pour sp\u00e9cialistes. Le double PID offre un choix optimal de la temp\u00e9rature de la chaudi\u00e8re. Selon vos besoins, vous pouvez choisir entre un\",\"breadcrumb\":{\"@id\":\"https:\/\/dev6.erresse-shop.it\/fr\/shop\/petits-electromenagers\/machines-cafe\/manuels\/la-pavoni-machine-a-cafe-semi-professionnelle-botticelli-evolution\/#breadcrumb\"},\"inLanguage\":\"fr-FR\",\"potentialAction\":[{\"@type\":\"ReadAction\",\"target\":[\"https:\/\/dev6.erresse-shop.it\/fr\/shop\/petits-electromenagers\/machines-cafe\/manuels\/la-pavoni-machine-a-cafe-semi-professionnelle-botticelli-evolution\/\"]}]},{\"@type\":\"ImageObject\",\"inLanguage\":\"fr-FR\",\"@id\":\"https:\/\/dev6.erresse-shop.it\/fr\/shop\/petits-electromenagers\/machines-cafe\/manuels\/la-pavoni-machine-a-cafe-semi-professionnelle-botticelli-evolution\/#primaryimage\",\"url\":\"https:\/\/i3.wp.com\/interpim.erresse-shop.it\/wp-content\/uploads\/2025\/04\/LA-PAVONI-Macchina-da-Caffe-Semi-Professionale-Botticelli-Evolution.jpg\/la-pavoni-macchina-da-caffe-semi-professionale-botticelli-evolution.jpg?ssl=1\",\"contentUrl\":\"https:\/\/i3.wp.com\/interpim.erresse-shop.it\/wp-content\/uploads\/2025\/04\/LA-PAVONI-Macchina-da-Caffe-Semi-Professionale-Botticelli-Evolution.jpg\/la-pavoni-macchina-da-caffe-semi-professionale-botticelli-evolution.jpg?ssl=1\"},{\"@type\":\"BreadcrumbList\",\"@id\":\"https:\/\/dev6.erresse-shop.it\/fr\/shop\/petits-electromenagers\/machines-cafe\/manuels\/la-pavoni-machine-a-cafe-semi-professionnelle-botticelli-evolution\/#breadcrumb\",\"itemListElement\":[{\"@type\":\"ListItem\",\"position\":1,\"name\":\"Home\",\"item\":\"https:\/\/dev6.erresse-shop.it\/\"},{\"@type\":\"ListItem\",\"position\":2,\"name\":\"Boutique\",\"item\":\"https:\/\/dev6.erresse-shop.it\/shop\/\"},{\"@type\":\"ListItem\",\"position\":3,\"name\":\"LA PAVONI Machine \u00e0 caf\u00e9 semi-professionnelle Botticelli Evolution\"}]},{\"@type\":\"WebSite\",\"@id\":\"https:\/\/dev6.erresse-shop.it\/#website\",\"url\":\"https:\/\/dev6.erresse-shop.it\/\",\"name\":\"Erresse Shop\",\"description\":\"\",\"publisher\":{\"@id\":\"https:\/\/dev6.erresse-shop.it\/#organization\"},\"potentialAction\":[{\"@type\":\"SearchAction\",\"target\":{\"@type\":\"EntryPoint\",\"urlTemplate\":\"https:\/\/dev6.erresse-shop.it\/?s={search_term_string}\"},\"query-input\":{\"@type\":\"PropertyValueSpecification\",\"valueRequired\":true,\"valueName\":\"search_term_string\"}}],\"inLanguage\":\"fr-FR\"},{\"@type\":\"Organization\",\"@id\":\"https:\/\/dev6.erresse-shop.it\/#organization\",\"name\":\"Erresse Shop\",\"url\":\"https:\/\/dev6.erresse-shop.it\/\",\"logo\":{\"@type\":\"ImageObject\",\"inLanguage\":\"fr-FR\",\"@id\":\"https:\/\/dev6.erresse-shop.it\/#\/schema\/logo\/image\/\",\"url\":\"https:\/\/dev6.erresse-shop.it\/wp-content\/uploads\/2025\/01\/LOGO-ERRESSE-CLASSICO.svg\",\"contentUrl\":\"https:\/\/dev6.erresse-shop.it\/wp-content\/uploads\/2025\/01\/LOGO-ERRESSE-CLASSICO.svg\",\"caption\":\"Erresse Shop\"},\"image\":{\"@id\":\"https:\/\/dev6.erresse-shop.it\/#\/schema\/logo\/image\/\"}}]}<\/script>\n<!-- \/ Yoast SEO plugin. -->","yoast_head_json":{"title":"LA PAVONI Machine \u00e0 caf\u00e9 semi-professionnelle Botticelli Evolution - dev6 Erresse","description":"Machine pour sp\u00e9cialistes. Le double PID offre un choix optimal de la temp\u00e9rature de la chaudi\u00e8re. Selon vos besoins, vous pouvez choisir entre un","robots":{"index":"noindex","follow":"follow","max-snippet":"max-snippet:-1","max-image-preview":"max-image-preview:large","max-video-preview":"max-video-preview:-1"},"og_locale":"fr_FR","og_type":"article","og_title":"LA PAVONI Machine \u00e0 caf\u00e9 semi-professionnelle Botticelli Evolution - dev6 Erresse","og_description":"Machine pour sp\u00e9cialistes. Le double PID offre un choix optimal de la temp\u00e9rature de la chaudi\u00e8re. Selon vos besoins, vous pouvez choisir entre un","og_url":"https:\/\/dev6.erresse-shop.it\/fr\/shop\/petits-electromenagers\/machines-cafe\/manuels\/la-pavoni-machine-a-cafe-semi-professionnelle-botticelli-evolution\/","og_site_name":"dev6 Erresse","og_image":[{"url":"https:\/\/interpim.erresse-shop.it\/wp-content\/uploads\/2025\/04\/LA-PAVONI-Macchina-da-Caffe-Semi-Professionale-Botticelli-Evolution.jpg\/la-pavoni-macchina-da-caffe-semi-professionale-botticelli-evolution.jpg","type":"","width":"","height":""},{"url":"https:\/\/interpim.erresse-shop.it\/wp-content\/uploads\/2025\/04\/LA-PAVONI-Macchina-da-Caffe-Semi-Professionale-Botticelli-Evolution.jpg\/la-pavoni-macchina-da-caffe-semi-professionale-botticelli-evolution.jpg","width":1024,"height":1024,"type":"image\/jpeg"}],"twitter_card":"summary_large_image","twitter_image":"https:\/\/interpim.erresse-shop.it\/wp-content\/uploads\/2025\/04\/LA-PAVONI-Macchina-da-Caffe-Semi-Professionale-Botticelli-Evolution.jpg\/la-pavoni-macchina-da-caffe-semi-professionale-botticelli-evolution.jpg","schema":{"@context":"https:\/\/schema.org","@graph":[{"@type":"WebPage","@id":"https:\/\/dev6.erresse-shop.it\/fr\/shop\/petits-electromenagers\/machines-cafe\/manuels\/la-pavoni-machine-a-cafe-semi-professionnelle-botticelli-evolution\/","url":"https:\/\/dev6.erresse-shop.it\/fr\/shop\/petits-electromenagers\/machines-cafe\/manuels\/la-pavoni-machine-a-cafe-semi-professionnelle-botticelli-evolution\/","name":"LA PAVONI Machine \u00e0 caf\u00e9 semi-professionnelle Botticelli Evolution - dev6 Erresse","isPartOf":{"@id":"https:\/\/dev6.erresse-shop.it\/#website"},"primaryImageOfPage":{"@id":"https:\/\/dev6.erresse-shop.it\/fr\/shop\/petits-electromenagers\/machines-cafe\/manuels\/la-pavoni-machine-a-cafe-semi-professionnelle-botticelli-evolution\/#primaryimage"},"image":{"@id":"https:\/\/dev6.erresse-shop.it\/fr\/shop\/petits-electromenagers\/machines-cafe\/manuels\/la-pavoni-machine-a-cafe-semi-professionnelle-botticelli-evolution\/#primaryimage"},"thumbnailUrl":"https:\/\/i3.wp.com\/interpim.erresse-shop.it\/wp-content\/uploads\/2025\/04\/LA-PAVONI-Macchina-da-Caffe-Semi-Professionale-Botticelli-Evolution.jpg\/la-pavoni-macchina-da-caffe-semi-professionale-botticelli-evolution.jpg?ssl=1","datePublished":"2026-04-12T12:37:58+00:00","description":"Machine pour sp\u00e9cialistes. Le double PID offre un choix optimal de la temp\u00e9rature de la chaudi\u00e8re. Selon vos besoins, vous pouvez choisir entre un","breadcrumb":{"@id":"https:\/\/dev6.erresse-shop.it\/fr\/shop\/petits-electromenagers\/machines-cafe\/manuels\/la-pavoni-machine-a-cafe-semi-professionnelle-botticelli-evolution\/#breadcrumb"},"inLanguage":"fr-FR","potentialAction":[{"@type":"ReadAction","target":["https:\/\/dev6.erresse-shop.it\/fr\/shop\/petits-electromenagers\/machines-cafe\/manuels\/la-pavoni-machine-a-cafe-semi-professionnelle-botticelli-evolution\/"]}]},{"@type":"ImageObject","inLanguage":"fr-FR","@id":"https:\/\/dev6.erresse-shop.it\/fr\/shop\/petits-electromenagers\/machines-cafe\/manuels\/la-pavoni-machine-a-cafe-semi-professionnelle-botticelli-evolution\/#primaryimage","url":"https:\/\/i3.wp.com\/interpim.erresse-shop.it\/wp-content\/uploads\/2025\/04\/LA-PAVONI-Macchina-da-Caffe-Semi-Professionale-Botticelli-Evolution.jpg\/la-pavoni-macchina-da-caffe-semi-professionale-botticelli-evolution.jpg?ssl=1","contentUrl":"https:\/\/i3.wp.com\/interpim.erresse-shop.it\/wp-content\/uploads\/2025\/04\/LA-PAVONI-Macchina-da-Caffe-Semi-Professionale-Botticelli-Evolution.jpg\/la-pavoni-macchina-da-caffe-semi-professionale-botticelli-evolution.jpg?ssl=1"},{"@type":"BreadcrumbList","@id":"https:\/\/dev6.erresse-shop.it\/fr\/shop\/petits-electromenagers\/machines-cafe\/manuels\/la-pavoni-machine-a-cafe-semi-professionnelle-botticelli-evolution\/#breadcrumb","itemListElement":[{"@type":"ListItem","position":1,"name":"Home","item":"https:\/\/dev6.erresse-shop.it\/"},{"@type":"ListItem","position":2,"name":"Boutique","item":"https:\/\/dev6.erresse-shop.it\/shop\/"},{"@type":"ListItem","position":3,"name":"LA PAVONI Machine \u00e0 caf\u00e9 semi-professionnelle Botticelli Evolution"}]},{"@type":"WebSite","@id":"https:\/\/dev6.erresse-shop.it\/#website","url":"https:\/\/dev6.erresse-shop.it\/","name":"Erresse Shop","description":"","publisher":{"@id":"https:\/\/dev6.erresse-shop.it\/#organization"},"potentialAction":[{"@type":"SearchAction","target":{"@type":"EntryPoint","urlTemplate":"https:\/\/dev6.erresse-shop.it\/?s={search_term_string}"},"query-input":{"@type":"PropertyValueSpecification","valueRequired":true,"valueName":"search_term_string"}}],"inLanguage":"fr-FR"},{"@type":"Organization","@id":"https:\/\/dev6.erresse-shop.it\/#organization","name":"Erresse Shop","url":"https:\/\/dev6.erresse-shop.it\/","logo":{"@type":"ImageObject","inLanguage":"fr-FR","@id":"https:\/\/dev6.erresse-shop.it\/#\/schema\/logo\/image\/","url":"https:\/\/dev6.erresse-shop.it\/wp-content\/uploads\/2025\/01\/LOGO-ERRESSE-CLASSICO.svg","contentUrl":"https:\/\/dev6.erresse-shop.it\/wp-content\/uploads\/2025\/01\/LOGO-ERRESSE-CLASSICO.svg","caption":"Erresse Shop"},"image":{"@id":"https:\/\/dev6.erresse-shop.it\/#\/schema\/logo\/image\/"}}]}},"df_price":2099,"df_sale_price":2099,"df_regular_price":2349,"df_image_link":"https:\/\/i3.wp.com\/interpim.erresse-shop.it\/wp-content\/uploads\/2025\/04\/LA-PAVONI-Macchina-da-Caffe-Semi-Professionale-Botticelli-Evolution.jpg\/la-pavoni-macchina-da-caffe-semi-professionale-botticelli-evolution.jpg?resize=300,300&ssl=1","fifu_image_url":"https:\/\/interpim.erresse-shop.it\/wp-content\/uploads\/2025\/04\/LA-PAVONI-Macchina-da-Caffe-Semi-Professionale-Botticelli-Evolution.jpg\/la-pavoni-macchina-da-caffe-semi-professionale-botticelli-evolution.jpg","_links":{"self":[{"href":"https:\/\/dev6.erresse-shop.it\/fr\/wp-json\/wp\/v2\/product\/2307179","targetHints":{"allow":["GET"]}}],"collection":[{"href":"https:\/\/dev6.erresse-shop.it\/fr\/wp-json\/wp\/v2\/product"}],"about":[{"href":"https:\/\/dev6.erresse-shop.it\/fr\/wp-json\/wp\/v2\/types\/product"}],"wp:featuredmedia":[{"embeddable":true,"href":"https:\/\/dev6.erresse-shop.it\/fr\/wp-json\/wp\/v2\/media\/6381020"}],"wp:attachment":[{"href":"https:\/\/dev6.erresse-shop.it\/fr\/wp-json\/wp\/v2\/media?parent=2307179"}],"wp:term":[{"taxonomy":"product_cat","embeddable":true,"href":"https:\/\/dev6.erresse-shop.it\/fr\/wp-json\/wp\/v2\/product_cat?post=2307179"},{"taxonomy":"product_tag","embeddable":true,"href":"https:\/\/dev6.erresse-shop.it\/fr\/wp-json\/wp\/v2\/product_tag?post=2307179"}],"curies":[{"name":"wp","href":"https:\/\/api.w.org\/{rel}","templated":true}]}}