{"id":2307173,"date":"2026-04-10T15:16:41","date_gmt":"2026-04-10T13:16:41","guid":{"rendered":"https:\/\/dev6.erresse-shop.it\/shop\/non%20class\u00e9\/la-pavoni-machine-a-cafe-espresso-europiccola-special\/"},"modified":"2025-09-14T07:08:10","modified_gmt":"2025-09-14T05:08:10","slug":"la-pavoni-machine-a-cafe-espresso-europiccola-special","status":"publish","type":"product","link":"https:\/\/dev6.erresse-shop.it\/fr\/shop\/petits-electromenagers\/machines-cafe\/a-levier\/la-pavoni-machine-a-cafe-espresso-europiccola-special\/","title":{"rendered":"LA PAVONI Machine \u00e0 Caf\u00e9 Espresso Europiccola Special"},"content":{"rendered":"<p>Depuis 1961, la machine \u00e0 levier par excellence qui ne conna\u00eet pas les modes. Un mod\u00e8le iconique construit avec des mat\u00e9riaux nobles, chaudi\u00e8re de 0,8 litre qui permet d\u2019obtenir 8 tasses de caf\u00e9 expresso cons\u00e9cutivement. Un objet design incomparable.<\/p>\n<p>Tous les mod\u00e8les \u00e0 levier 230 V La Pavoni sont certifi\u00e9s par :<\/p>\n<\/p>\n<p>Esth\u00e9tique<\/p>\n<p>Esth\u00e9tique\u00a0: Sp\u00e9ciale<br \/>\nS\u00e9rie\u00a0: Europiccola<br \/>\nCouleur du corps\u00a0: Chrome<br \/>\nMat\u00e9riau du corps\u00a0: laiton<br \/>\nCouleur de base\u00a0: Chrome<br \/>\nMat\u00e9riau de base\u00a0: Acier<br \/>\nMat\u00e9riau du bac d\u2019\u00e9gouttage\u00a0: ABS<br \/>\nMat\u00e9riau de la grille du porte-gobelet\u00a0: acier inoxydable<br \/>\nMat\u00e9riau de la buse vapeur\u00a0: laiton chrom\u00e9<br \/>\nMat\u00e9riau du groupe distributeur\u00a0: laiton<br \/>\nCouleur du groupe distributeur\u00a0: Chrome<br \/>\nCouleur du levier\u00a0: Chrome<br \/>\nMat\u00e9riau du levier\u00a0: acier<br \/>\nMat\u00e9riau de la poign\u00e9e \u00e0 levier\u00a0: bak\u00e9lite<br \/>\nMat\u00e9riau du bouton vapeur\u00a0: bak\u00e9lite<br \/>\nMat\u00e9riau du bouchon de la chaudi\u00e8re\u00a0: bak\u00e9lite<\/p>\n<p>Fonctions<\/p>\n<p>Fonction de distribution de caf\u00e9\u00a0: Oui, pression manuelle<br \/>\nFonction vapeur\u00a0: Oui<\/p>\n<p>Caract\u00e9ristiques techniques\u00a0:<\/p>\n<p>Syst\u00e8me de chauffage\u00a0: Chaudi\u00e8re<br \/>\nCapacit\u00e9 du r\u00e9servoir d\u2019eau\u00a0: 0,8 l<br \/>\nPressostat\u00a0: Oui<br \/>\nIndicateur de niveau d\u2019eau\u00a0: Oui<br \/>\nManom\u00e8tre de chaudi\u00e8re\u00a0: Oui<br \/>\nDiam\u00e8tre int\u00e9rieur du porte-filtre (avec filtre)\u00a0: 52 mm<br \/>\nVoyant de temp\u00e9rature\u00a0: Oui<br \/>\nBuse \u00e0 vapeur\u00a0: Oui<\/p>\n<p>Accessoires inclus<\/p>\n<p>Filtres\u00a0: 1 tasse\/ 2 tasses<br \/>\nPressino\u00a0: Oui<br \/>\nTasse \u00e0 mesurer\u00a0: Oui<br \/>\nPorte-filtre\u00a0: Standard<br \/>\nLance \u00e0 vapeur\u00a0: 3 trous \u00d8 1,2 mm<\/p>\n<p>Connexion \u00e9lectrique\u00a0:<\/p>\n<p>Prise\u00a0: (F;E) Schuko<br \/>\nTension (V)\u00a0: 220-240 V<br \/>\nFr\u00e9quence Hz\u00a0: 50\/60 Hz<br \/>\nLongueur du cordon d\u2019alimentation\u00a0: 1,5 m<\/p>\n<p>Not for sale outside Europe<\/p>\n","protected":false},"excerpt":{"rendered":"<p>Depuis 1961, la machine \u00e0 levier par excellence qui ne conna\u00eet pas les modes. Un mod\u00e8le iconique construit avec des mat\u00e9riaux nobles, chaudi\u00e8re de 0,8 litre qui permet d\u2019obtenir 8 tasses de caf\u00e9 expresso cons\u00e9cutivement. Un objet design incomparable. Tous les mod\u00e8les \u00e0 levier 230 V La Pavoni sont certifi\u00e9s par : Esth\u00e9tique Esth\u00e9tique\u00a0: Sp\u00e9ciale [&hellip;]<\/p>\n","protected":false},"featured_media":6339368,"template":"","meta":{"_acf_changed":false},"product_cat":[12070,12063,12055],"product_tag":[],"class_list":{"0":"post-2307173","1":"product","2":"type-product","3":"status-publish","4":"has-post-thumbnail","6":"product_cat-a-levier","7":"product_cat-machines-cafe","8":"product_cat-petits-electromenagers","10":"first","11":"instock","12":"sale","13":"taxable","14":"shipping-taxable","15":"purchasable","16":"product-type-simple","swatches":"rey-swatches","show_selected":"","stretch_labels":"rey-swatches--stretch-labels"},"acf":[],"yoast_head":"<!-- This site is optimized with the Yoast SEO plugin v25.4 - https:\/\/yoast.com\/wordpress\/plugins\/seo\/ -->\n<title>LA PAVONI Machine \u00e0 Caf\u00e9 Espresso Europiccola Special - dev6 Erresse<\/title>\n<meta name=\"description\" content=\"Depuis 1961, la machine \u00e0 levier par excellence qui ne conna\u00eet pas les modes. Un mod\u00e8le iconique construit avec des mat\u00e9riaux nobles, chaudi\u00e8re de 0,8\" \/>\n<meta name=\"robots\" content=\"noindex, follow, max-snippet:-1, max-image-preview:large, max-video-preview:-1\" \/>\n<meta property=\"og:locale\" content=\"fr_FR\" \/>\n<meta property=\"og:type\" content=\"article\" \/>\n<meta property=\"og:title\" content=\"LA PAVONI Machine \u00e0 Caf\u00e9 Espresso Europiccola Special - dev6 Erresse\" \/>\n<meta property=\"og:description\" content=\"Depuis 1961, la machine \u00e0 levier par excellence qui ne conna\u00eet pas les modes. Un mod\u00e8le iconique construit avec des mat\u00e9riaux nobles, chaudi\u00e8re de 0,8\" \/>\n<meta property=\"og:url\" content=\"https:\/\/dev6.erresse-shop.it\/fr\/shop\/petits-electromenagers\/machines-cafe\/a-levier\/la-pavoni-machine-a-cafe-espresso-europiccola-special\/\" \/>\n<meta property=\"og:site_name\" content=\"dev6 Erresse\" \/>\n<meta property=\"og:image\" content=\"https:\/\/interpim.erresse-shop.it\/wp-content\/uploads\/2025\/04\/LA-PAVONI-Macchina-da-Caffe-Europiccola-Special.jpg\/la-pavoni-macchina-da-caffe-europiccola-special.jpg\" \/><meta property=\"og:image\" content=\"https:\/\/interpim.erresse-shop.it\/wp-content\/uploads\/2025\/04\/LA-PAVONI-Macchina-da-Caffe-Europiccola-Special.jpg\/la-pavoni-macchina-da-caffe-europiccola-special.jpg\" \/>\n\t<meta property=\"og:image:width\" content=\"1024\" \/>\n\t<meta property=\"og:image:height\" content=\"1024\" \/>\n\t<meta property=\"og:image:type\" content=\"image\/jpeg\" \/>\n<meta name=\"twitter:card\" content=\"summary_large_image\" \/>\n<meta name=\"twitter:image\" content=\"https:\/\/interpim.erresse-shop.it\/wp-content\/uploads\/2025\/04\/LA-PAVONI-Macchina-da-Caffe-Europiccola-Special.jpg\/la-pavoni-macchina-da-caffe-europiccola-special.jpg\" \/>\n<script type=\"application\/ld+json\" class=\"yoast-schema-graph\">{\"@context\":\"https:\/\/schema.org\",\"@graph\":[{\"@type\":\"WebPage\",\"@id\":\"https:\/\/dev6.erresse-shop.it\/fr\/shop\/petits-electromenagers\/machines-cafe\/a-levier\/la-pavoni-machine-a-cafe-espresso-europiccola-special\/\",\"url\":\"https:\/\/dev6.erresse-shop.it\/fr\/shop\/petits-electromenagers\/machines-cafe\/a-levier\/la-pavoni-machine-a-cafe-espresso-europiccola-special\/\",\"name\":\"LA PAVONI Machine \u00e0 Caf\u00e9 Espresso Europiccola Special - dev6 Erresse\",\"isPartOf\":{\"@id\":\"https:\/\/dev6.erresse-shop.it\/#website\"},\"primaryImageOfPage\":{\"@id\":\"https:\/\/dev6.erresse-shop.it\/fr\/shop\/petits-electromenagers\/machines-cafe\/a-levier\/la-pavoni-machine-a-cafe-espresso-europiccola-special\/#primaryimage\"},\"image\":{\"@id\":\"https:\/\/dev6.erresse-shop.it\/fr\/shop\/petits-electromenagers\/machines-cafe\/a-levier\/la-pavoni-machine-a-cafe-espresso-europiccola-special\/#primaryimage\"},\"thumbnailUrl\":\"https:\/\/i0.wp.com\/interpim.erresse-shop.it\/wp-content\/uploads\/2025\/04\/LA-PAVONI-Macchina-da-Caffe-Europiccola-Special.jpg\/la-pavoni-macchina-da-caffe-europiccola-special.jpg?ssl=1\",\"datePublished\":\"2026-04-10T13:16:41+00:00\",\"description\":\"Depuis 1961, la machine \u00e0 levier par excellence qui ne conna\u00eet pas les modes. Un mod\u00e8le iconique construit avec des mat\u00e9riaux nobles, chaudi\u00e8re de 0,8\",\"breadcrumb\":{\"@id\":\"https:\/\/dev6.erresse-shop.it\/fr\/shop\/petits-electromenagers\/machines-cafe\/a-levier\/la-pavoni-machine-a-cafe-espresso-europiccola-special\/#breadcrumb\"},\"inLanguage\":\"fr-FR\",\"potentialAction\":[{\"@type\":\"ReadAction\",\"target\":[\"https:\/\/dev6.erresse-shop.it\/fr\/shop\/petits-electromenagers\/machines-cafe\/a-levier\/la-pavoni-machine-a-cafe-espresso-europiccola-special\/\"]}]},{\"@type\":\"ImageObject\",\"inLanguage\":\"fr-FR\",\"@id\":\"https:\/\/dev6.erresse-shop.it\/fr\/shop\/petits-electromenagers\/machines-cafe\/a-levier\/la-pavoni-machine-a-cafe-espresso-europiccola-special\/#primaryimage\",\"url\":\"https:\/\/i0.wp.com\/interpim.erresse-shop.it\/wp-content\/uploads\/2025\/04\/LA-PAVONI-Macchina-da-Caffe-Europiccola-Special.jpg\/la-pavoni-macchina-da-caffe-europiccola-special.jpg?ssl=1\",\"contentUrl\":\"https:\/\/i0.wp.com\/interpim.erresse-shop.it\/wp-content\/uploads\/2025\/04\/LA-PAVONI-Macchina-da-Caffe-Europiccola-Special.jpg\/la-pavoni-macchina-da-caffe-europiccola-special.jpg?ssl=1\"},{\"@type\":\"BreadcrumbList\",\"@id\":\"https:\/\/dev6.erresse-shop.it\/fr\/shop\/petits-electromenagers\/machines-cafe\/a-levier\/la-pavoni-machine-a-cafe-espresso-europiccola-special\/#breadcrumb\",\"itemListElement\":[{\"@type\":\"ListItem\",\"position\":1,\"name\":\"Home\",\"item\":\"https:\/\/dev6.erresse-shop.it\/\"},{\"@type\":\"ListItem\",\"position\":2,\"name\":\"Boutique\",\"item\":\"https:\/\/dev6.erresse-shop.it\/shop\/\"},{\"@type\":\"ListItem\",\"position\":3,\"name\":\"LA PAVONI Machine \u00e0 Caf\u00e9 Espresso Europiccola Special\"}]},{\"@type\":\"WebSite\",\"@id\":\"https:\/\/dev6.erresse-shop.it\/#website\",\"url\":\"https:\/\/dev6.erresse-shop.it\/\",\"name\":\"Erresse Shop\",\"description\":\"\",\"publisher\":{\"@id\":\"https:\/\/dev6.erresse-shop.it\/#organization\"},\"potentialAction\":[{\"@type\":\"SearchAction\",\"target\":{\"@type\":\"EntryPoint\",\"urlTemplate\":\"https:\/\/dev6.erresse-shop.it\/?s={search_term_string}\"},\"query-input\":{\"@type\":\"PropertyValueSpecification\",\"valueRequired\":true,\"valueName\":\"search_term_string\"}}],\"inLanguage\":\"fr-FR\"},{\"@type\":\"Organization\",\"@id\":\"https:\/\/dev6.erresse-shop.it\/#organization\",\"name\":\"Erresse Shop\",\"url\":\"https:\/\/dev6.erresse-shop.it\/\",\"logo\":{\"@type\":\"ImageObject\",\"inLanguage\":\"fr-FR\",\"@id\":\"https:\/\/dev6.erresse-shop.it\/#\/schema\/logo\/image\/\",\"url\":\"https:\/\/dev6.erresse-shop.it\/wp-content\/uploads\/2025\/01\/LOGO-ERRESSE-CLASSICO.svg\",\"contentUrl\":\"https:\/\/dev6.erresse-shop.it\/wp-content\/uploads\/2025\/01\/LOGO-ERRESSE-CLASSICO.svg\",\"caption\":\"Erresse Shop\"},\"image\":{\"@id\":\"https:\/\/dev6.erresse-shop.it\/#\/schema\/logo\/image\/\"}}]}<\/script>\n<!-- \/ Yoast SEO plugin. -->","yoast_head_json":{"title":"LA PAVONI Machine \u00e0 Caf\u00e9 Espresso Europiccola Special - dev6 Erresse","description":"Depuis 1961, la machine \u00e0 levier par excellence qui ne conna\u00eet pas les modes. Un mod\u00e8le iconique construit avec des mat\u00e9riaux nobles, chaudi\u00e8re de 0,8","robots":{"index":"noindex","follow":"follow","max-snippet":"max-snippet:-1","max-image-preview":"max-image-preview:large","max-video-preview":"max-video-preview:-1"},"og_locale":"fr_FR","og_type":"article","og_title":"LA PAVONI Machine \u00e0 Caf\u00e9 Espresso Europiccola Special - dev6 Erresse","og_description":"Depuis 1961, la machine \u00e0 levier par excellence qui ne conna\u00eet pas les modes. Un mod\u00e8le iconique construit avec des mat\u00e9riaux nobles, chaudi\u00e8re de 0,8","og_url":"https:\/\/dev6.erresse-shop.it\/fr\/shop\/petits-electromenagers\/machines-cafe\/a-levier\/la-pavoni-machine-a-cafe-espresso-europiccola-special\/","og_site_name":"dev6 Erresse","og_image":[{"url":"https:\/\/interpim.erresse-shop.it\/wp-content\/uploads\/2025\/04\/LA-PAVONI-Macchina-da-Caffe-Europiccola-Special.jpg\/la-pavoni-macchina-da-caffe-europiccola-special.jpg","type":"","width":"","height":""},{"url":"https:\/\/interpim.erresse-shop.it\/wp-content\/uploads\/2025\/04\/LA-PAVONI-Macchina-da-Caffe-Europiccola-Special.jpg\/la-pavoni-macchina-da-caffe-europiccola-special.jpg","width":1024,"height":1024,"type":"image\/jpeg"}],"twitter_card":"summary_large_image","twitter_image":"https:\/\/interpim.erresse-shop.it\/wp-content\/uploads\/2025\/04\/LA-PAVONI-Macchina-da-Caffe-Europiccola-Special.jpg\/la-pavoni-macchina-da-caffe-europiccola-special.jpg","schema":{"@context":"https:\/\/schema.org","@graph":[{"@type":"WebPage","@id":"https:\/\/dev6.erresse-shop.it\/fr\/shop\/petits-electromenagers\/machines-cafe\/a-levier\/la-pavoni-machine-a-cafe-espresso-europiccola-special\/","url":"https:\/\/dev6.erresse-shop.it\/fr\/shop\/petits-electromenagers\/machines-cafe\/a-levier\/la-pavoni-machine-a-cafe-espresso-europiccola-special\/","name":"LA PAVONI Machine \u00e0 Caf\u00e9 Espresso Europiccola Special - dev6 Erresse","isPartOf":{"@id":"https:\/\/dev6.erresse-shop.it\/#website"},"primaryImageOfPage":{"@id":"https:\/\/dev6.erresse-shop.it\/fr\/shop\/petits-electromenagers\/machines-cafe\/a-levier\/la-pavoni-machine-a-cafe-espresso-europiccola-special\/#primaryimage"},"image":{"@id":"https:\/\/dev6.erresse-shop.it\/fr\/shop\/petits-electromenagers\/machines-cafe\/a-levier\/la-pavoni-machine-a-cafe-espresso-europiccola-special\/#primaryimage"},"thumbnailUrl":"https:\/\/i0.wp.com\/interpim.erresse-shop.it\/wp-content\/uploads\/2025\/04\/LA-PAVONI-Macchina-da-Caffe-Europiccola-Special.jpg\/la-pavoni-macchina-da-caffe-europiccola-special.jpg?ssl=1","datePublished":"2026-04-10T13:16:41+00:00","description":"Depuis 1961, la machine \u00e0 levier par excellence qui ne conna\u00eet pas les modes. Un mod\u00e8le iconique construit avec des mat\u00e9riaux nobles, chaudi\u00e8re de 0,8","breadcrumb":{"@id":"https:\/\/dev6.erresse-shop.it\/fr\/shop\/petits-electromenagers\/machines-cafe\/a-levier\/la-pavoni-machine-a-cafe-espresso-europiccola-special\/#breadcrumb"},"inLanguage":"fr-FR","potentialAction":[{"@type":"ReadAction","target":["https:\/\/dev6.erresse-shop.it\/fr\/shop\/petits-electromenagers\/machines-cafe\/a-levier\/la-pavoni-machine-a-cafe-espresso-europiccola-special\/"]}]},{"@type":"ImageObject","inLanguage":"fr-FR","@id":"https:\/\/dev6.erresse-shop.it\/fr\/shop\/petits-electromenagers\/machines-cafe\/a-levier\/la-pavoni-machine-a-cafe-espresso-europiccola-special\/#primaryimage","url":"https:\/\/i0.wp.com\/interpim.erresse-shop.it\/wp-content\/uploads\/2025\/04\/LA-PAVONI-Macchina-da-Caffe-Europiccola-Special.jpg\/la-pavoni-macchina-da-caffe-europiccola-special.jpg?ssl=1","contentUrl":"https:\/\/i0.wp.com\/interpim.erresse-shop.it\/wp-content\/uploads\/2025\/04\/LA-PAVONI-Macchina-da-Caffe-Europiccola-Special.jpg\/la-pavoni-macchina-da-caffe-europiccola-special.jpg?ssl=1"},{"@type":"BreadcrumbList","@id":"https:\/\/dev6.erresse-shop.it\/fr\/shop\/petits-electromenagers\/machines-cafe\/a-levier\/la-pavoni-machine-a-cafe-espresso-europiccola-special\/#breadcrumb","itemListElement":[{"@type":"ListItem","position":1,"name":"Home","item":"https:\/\/dev6.erresse-shop.it\/"},{"@type":"ListItem","position":2,"name":"Boutique","item":"https:\/\/dev6.erresse-shop.it\/shop\/"},{"@type":"ListItem","position":3,"name":"LA PAVONI Machine \u00e0 Caf\u00e9 Espresso Europiccola Special"}]},{"@type":"WebSite","@id":"https:\/\/dev6.erresse-shop.it\/#website","url":"https:\/\/dev6.erresse-shop.it\/","name":"Erresse Shop","description":"","publisher":{"@id":"https:\/\/dev6.erresse-shop.it\/#organization"},"potentialAction":[{"@type":"SearchAction","target":{"@type":"EntryPoint","urlTemplate":"https:\/\/dev6.erresse-shop.it\/?s={search_term_string}"},"query-input":{"@type":"PropertyValueSpecification","valueRequired":true,"valueName":"search_term_string"}}],"inLanguage":"fr-FR"},{"@type":"Organization","@id":"https:\/\/dev6.erresse-shop.it\/#organization","name":"Erresse Shop","url":"https:\/\/dev6.erresse-shop.it\/","logo":{"@type":"ImageObject","inLanguage":"fr-FR","@id":"https:\/\/dev6.erresse-shop.it\/#\/schema\/logo\/image\/","url":"https:\/\/dev6.erresse-shop.it\/wp-content\/uploads\/2025\/01\/LOGO-ERRESSE-CLASSICO.svg","contentUrl":"https:\/\/dev6.erresse-shop.it\/wp-content\/uploads\/2025\/01\/LOGO-ERRESSE-CLASSICO.svg","caption":"Erresse Shop"},"image":{"@id":"https:\/\/dev6.erresse-shop.it\/#\/schema\/logo\/image\/"}}]}},"df_price":699,"df_sale_price":699,"df_regular_price":799,"df_image_link":"https:\/\/i0.wp.com\/interpim.erresse-shop.it\/wp-content\/uploads\/2025\/04\/LA-PAVONI-Macchina-da-Caffe-Europiccola-Special.jpg\/la-pavoni-macchina-da-caffe-europiccola-special.jpg?resize=300,300&ssl=1","fifu_image_url":"https:\/\/interpim.erresse-shop.it\/wp-content\/uploads\/2025\/04\/LA-PAVONI-Macchina-da-Caffe-Europiccola-Special.jpg\/la-pavoni-macchina-da-caffe-europiccola-special.jpg","_links":{"self":[{"href":"https:\/\/dev6.erresse-shop.it\/fr\/wp-json\/wp\/v2\/product\/2307173","targetHints":{"allow":["GET"]}}],"collection":[{"href":"https:\/\/dev6.erresse-shop.it\/fr\/wp-json\/wp\/v2\/product"}],"about":[{"href":"https:\/\/dev6.erresse-shop.it\/fr\/wp-json\/wp\/v2\/types\/product"}],"wp:featuredmedia":[{"embeddable":true,"href":"https:\/\/dev6.erresse-shop.it\/fr\/wp-json\/wp\/v2\/media\/6339368"}],"wp:attachment":[{"href":"https:\/\/dev6.erresse-shop.it\/fr\/wp-json\/wp\/v2\/media?parent=2307173"}],"wp:term":[{"taxonomy":"product_cat","embeddable":true,"href":"https:\/\/dev6.erresse-shop.it\/fr\/wp-json\/wp\/v2\/product_cat?post=2307173"},{"taxonomy":"product_tag","embeddable":true,"href":"https:\/\/dev6.erresse-shop.it\/fr\/wp-json\/wp\/v2\/product_tag?post=2307173"}],"curies":[{"name":"wp","href":"https:\/\/api.w.org\/{rel}","templated":true}]}}