{"id":2307167,"date":"2026-04-04T14:35:24","date_gmt":"2026-04-04T12:35:24","guid":{"rendered":"https:\/\/dev6.erresse-shop.it\/shop\/non%20class\u00e9\/instant-pot-friteuse-a-air-vortex-plus-dual-clearcook-ss-8-l\/"},"modified":"2026-01-30T20:56:34","modified_gmt":"2026-01-30T19:56:34","slug":"instant-pot-friteuse-a-air-vortex-plus-dual-clearcook-ss-8-l","status":"publish","type":"product","link":"https:\/\/dev6.erresse-shop.it\/fr\/shop\/petits-electromenagers\/friteuses-a-air\/instant-pot-friteuse-a-air-vortex-plus-dual-clearcook-ss-8-l\/","title":{"rendered":"INSTANT POT Friteuse \u00e0 air Vortex Plus Dual ClearCook SS 8 L"},"content":{"rendered":"<p>L\u2019avenir de la cuisine \u00e0 port\u00e9e de main<\/p>\n<p>La friteuse \u00e0 air Instant Vortex Plus Dual ClearCook SS 8L est la solution ultime pour tous ceux qui recherchent une cuisine saine, rapide et polyvalente. Avec deux paniers ind\u00e9pendants et six modes de cuisson, cet outil r\u00e9volutionne la pr\u00e9paration de vos plats pr\u00e9f\u00e9r\u00e9s, r\u00e9duisant la consommation d\u2019huile jusqu\u2019\u00e0 95 %.<\/p>\n<p>Double panier pour une double efficacit\u00e9<\/p>\n<p>Gr\u00e2ce \u00e0 ses doubles paniers, vous pourrez cuisiner deux plats en m\u00eame temps avec des r\u00e9glages de temps et de temp\u00e9rature diff\u00e9rents. Les fonctions innovantes SyncCook et SyncFinish vous permettent de synchroniser les r\u00e9glages ou de terminer la cuisson simultan\u00e9ment, garantissant des r\u00e9sultats parfaits et coordonn\u00e9s. Id\u00e9al pour les familles nombreuses, il permet de pr\u00e9parer jusqu\u2019\u00e0 8 portions en une seule s\u00e9ance.<\/p>\n<p>ClearCook\u00a0: contr\u00f4le total sans ouvrir le panier<\/p>\n<p>La fen\u00eatre transparente ClearCook, avec lumi\u00e8re interne int\u00e9gr\u00e9e, vous permet de surveiller facilement l\u2019\u00e9tat de cuisson sans interrompre le processus. Cette conception intelligente allie commodit\u00e9 et efficacit\u00e9, \u00e9liminant le besoin d\u2019ouvrir les paniers et de gaspiller de la chaleur.<\/p>\n<p>Cuisine saine avec la technologie EvenCrisp\u2122<\/p>\n<p>La technologie EvenCrisp\u2122 assure une circulation uniforme de l\u2019air chaud autour des aliments, obtenant une texture croustillante \u00e0 l\u2019ext\u00e9rieur et moelleuse \u00e0 l\u2019int\u00e9rieur, sans utilisation d\u2019huile. Des frites parfaites aux l\u00e9gumes grill\u00e9s, vous pourrez d\u00e9guster vos plats pr\u00e9f\u00e9r\u00e9s avec peu de calories et beaucoup de saveur.<\/p>\n<p>Programmes pr\u00e9d\u00e9finis pour chaque besoin<\/p>\n<p>Avec 8 modes pr\u00e9d\u00e9finis, le Vortex Plus Dual ClearCook s\u2019adapte \u00e0 toutes les recettes : friture \u00e0 l\u2019air, cuisson au four, r\u00f4tissage, r\u00e9chauffage, d\u00e9shydratation et grillades. Le panneau de commande tactile num\u00e9rique le rend intuitif \u00e0 utiliser, tandis que la fonction de pr\u00e9chauffage rapide vous permet de commencer la cuisson en quelques secondes.<\/p>\n<p>Sp\u00e9cifications techniques\u00a0:<\/p>\n<p>Capacit\u00e9 : 7,5 l<br \/>\nMat\u00e9riau : plastique et m\u00e9tal<br \/>\nGarantie\u00a0: 2 ans<br \/>\nDimensions\u00a0: 38,4 x 40,3 x 31,7 cm<br \/>\nPoids : 7600 g<br \/>\nNombre de fonctions\u00a0: 6\u00a0\u2013 fonctions \u00e0 une touche<\/p>\n<p>Not for sale outside Europe<\/p>\n","protected":false},"excerpt":{"rendered":"<p>L\u2019avenir de la cuisine \u00e0 port\u00e9e de main La friteuse \u00e0 air Instant Vortex Plus Dual ClearCook SS 8L est la solution ultime pour tous ceux qui recherchent une cuisine saine, rapide et polyvalente. Avec deux paniers ind\u00e9pendants et six modes de cuisson, cet outil r\u00e9volutionne la pr\u00e9paration de vos plats pr\u00e9f\u00e9r\u00e9s, r\u00e9duisant la consommation [&hellip;]<\/p>\n","protected":false},"featured_media":6297710,"template":"","meta":{"_acf_changed":false},"product_cat":[12086,12055],"product_tag":[],"class_list":{"0":"post-2307167","1":"product","2":"type-product","3":"status-publish","4":"has-post-thumbnail","6":"product_cat-friteuses-a-air","7":"product_cat-petits-electromenagers","9":"first","10":"instock","11":"sale","12":"taxable","13":"shipping-taxable","14":"purchasable","15":"product-type-simple","swatches":"rey-swatches","show_selected":"","stretch_labels":"rey-swatches--stretch-labels"},"acf":[],"yoast_head":"<!-- This site is optimized with the Yoast SEO plugin v25.4 - https:\/\/yoast.com\/wordpress\/plugins\/seo\/ -->\n<title>INSTANT POT Friteuse \u00e0 air Vortex Plus Dual ClearCook SS 8 L - dev6 Erresse<\/title>\n<meta name=\"description\" content=\"L\u2019avenir de la cuisine \u00e0 port\u00e9e de main La friteuse \u00e0 air Instant Vortex Plus Dual ClearCook SS 8L est la solution ultime pour tous ceux qui recherchent\" \/>\n<meta name=\"robots\" content=\"noindex, follow, max-snippet:-1, max-image-preview:large, max-video-preview:-1\" \/>\n<meta property=\"og:locale\" content=\"fr_FR\" \/>\n<meta property=\"og:type\" content=\"article\" \/>\n<meta property=\"og:title\" content=\"INSTANT POT Friteuse \u00e0 air Vortex Plus Dual ClearCook SS 8 L - dev6 Erresse\" \/>\n<meta property=\"og:description\" content=\"L\u2019avenir de la cuisine \u00e0 port\u00e9e de main La friteuse \u00e0 air Instant Vortex Plus Dual ClearCook SS 8L est la solution ultime pour tous ceux qui recherchent\" \/>\n<meta property=\"og:url\" content=\"https:\/\/dev6.erresse-shop.it\/fr\/shop\/petits-electromenagers\/friteuses-a-air\/instant-pot-friteuse-a-air-vortex-plus-dual-clearcook-ss-8-l\/\" \/>\n<meta property=\"og:site_name\" content=\"dev6 Erresse\" \/>\n<meta property=\"og:image\" content=\"https:\/\/interpim.erresse-shop.it\/wp-content\/uploads\/2025\/04\/INSTANT-POT-Friggitrice-ad-Aria-Vortex-Plus-Dual-ClearCook-SS-8-L.jpg\/instant-pot-friggitrice-ad-aria-vortex-plus-dual-clearcook-ss-8-l.jpg\" \/><meta property=\"og:image\" content=\"https:\/\/interpim.erresse-shop.it\/wp-content\/uploads\/2025\/04\/INSTANT-POT-Friggitrice-ad-Aria-Vortex-Plus-Dual-ClearCook-SS-8-L.jpg\/instant-pot-friggitrice-ad-aria-vortex-plus-dual-clearcook-ss-8-l.jpg\" \/>\n\t<meta property=\"og:image:width\" content=\"1024\" \/>\n\t<meta property=\"og:image:height\" content=\"1024\" \/>\n\t<meta property=\"og:image:type\" content=\"image\/jpeg\" \/>\n<meta name=\"twitter:card\" content=\"summary_large_image\" \/>\n<meta name=\"twitter:image\" content=\"https:\/\/interpim.erresse-shop.it\/wp-content\/uploads\/2025\/04\/INSTANT-POT-Friggitrice-ad-Aria-Vortex-Plus-Dual-ClearCook-SS-8-L.jpg\/instant-pot-friggitrice-ad-aria-vortex-plus-dual-clearcook-ss-8-l.jpg\" \/>\n<script type=\"application\/ld+json\" class=\"yoast-schema-graph\">{\"@context\":\"https:\/\/schema.org\",\"@graph\":[{\"@type\":\"WebPage\",\"@id\":\"https:\/\/dev6.erresse-shop.it\/fr\/shop\/petits-electromenagers\/friteuses-a-air\/instant-pot-friteuse-a-air-vortex-plus-dual-clearcook-ss-8-l\/\",\"url\":\"https:\/\/dev6.erresse-shop.it\/fr\/shop\/petits-electromenagers\/friteuses-a-air\/instant-pot-friteuse-a-air-vortex-plus-dual-clearcook-ss-8-l\/\",\"name\":\"INSTANT POT Friteuse \u00e0 air Vortex Plus Dual ClearCook SS 8 L - dev6 Erresse\",\"isPartOf\":{\"@id\":\"https:\/\/dev6.erresse-shop.it\/#website\"},\"primaryImageOfPage\":{\"@id\":\"https:\/\/dev6.erresse-shop.it\/fr\/shop\/petits-electromenagers\/friteuses-a-air\/instant-pot-friteuse-a-air-vortex-plus-dual-clearcook-ss-8-l\/#primaryimage\"},\"image\":{\"@id\":\"https:\/\/dev6.erresse-shop.it\/fr\/shop\/petits-electromenagers\/friteuses-a-air\/instant-pot-friteuse-a-air-vortex-plus-dual-clearcook-ss-8-l\/#primaryimage\"},\"thumbnailUrl\":\"https:\/\/i1.wp.com\/interpim.erresse-shop.it\/wp-content\/uploads\/2025\/04\/INSTANT-POT-Friggitrice-ad-Aria-Vortex-Plus-Dual-ClearCook-SS-8-L.jpg\/instant-pot-friggitrice-ad-aria-vortex-plus-dual-clearcook-ss-8-l.jpg?ssl=1\",\"datePublished\":\"2026-04-04T12:35:24+00:00\",\"description\":\"L\u2019avenir de la cuisine \u00e0 port\u00e9e de main La friteuse \u00e0 air Instant Vortex Plus Dual ClearCook SS 8L est la solution ultime pour tous ceux qui recherchent\",\"breadcrumb\":{\"@id\":\"https:\/\/dev6.erresse-shop.it\/fr\/shop\/petits-electromenagers\/friteuses-a-air\/instant-pot-friteuse-a-air-vortex-plus-dual-clearcook-ss-8-l\/#breadcrumb\"},\"inLanguage\":\"fr-FR\",\"potentialAction\":[{\"@type\":\"ReadAction\",\"target\":[\"https:\/\/dev6.erresse-shop.it\/fr\/shop\/petits-electromenagers\/friteuses-a-air\/instant-pot-friteuse-a-air-vortex-plus-dual-clearcook-ss-8-l\/\"]}]},{\"@type\":\"ImageObject\",\"inLanguage\":\"fr-FR\",\"@id\":\"https:\/\/dev6.erresse-shop.it\/fr\/shop\/petits-electromenagers\/friteuses-a-air\/instant-pot-friteuse-a-air-vortex-plus-dual-clearcook-ss-8-l\/#primaryimage\",\"url\":\"https:\/\/i1.wp.com\/interpim.erresse-shop.it\/wp-content\/uploads\/2025\/04\/INSTANT-POT-Friggitrice-ad-Aria-Vortex-Plus-Dual-ClearCook-SS-8-L.jpg\/instant-pot-friggitrice-ad-aria-vortex-plus-dual-clearcook-ss-8-l.jpg?ssl=1\",\"contentUrl\":\"https:\/\/i1.wp.com\/interpim.erresse-shop.it\/wp-content\/uploads\/2025\/04\/INSTANT-POT-Friggitrice-ad-Aria-Vortex-Plus-Dual-ClearCook-SS-8-L.jpg\/instant-pot-friggitrice-ad-aria-vortex-plus-dual-clearcook-ss-8-l.jpg?ssl=1\"},{\"@type\":\"BreadcrumbList\",\"@id\":\"https:\/\/dev6.erresse-shop.it\/fr\/shop\/petits-electromenagers\/friteuses-a-air\/instant-pot-friteuse-a-air-vortex-plus-dual-clearcook-ss-8-l\/#breadcrumb\",\"itemListElement\":[{\"@type\":\"ListItem\",\"position\":1,\"name\":\"Home\",\"item\":\"https:\/\/dev6.erresse-shop.it\/\"},{\"@type\":\"ListItem\",\"position\":2,\"name\":\"Boutique\",\"item\":\"https:\/\/dev6.erresse-shop.it\/shop\/\"},{\"@type\":\"ListItem\",\"position\":3,\"name\":\"INSTANT POT Friteuse \u00e0 air Vortex Plus Dual ClearCook SS 8 L\"}]},{\"@type\":\"WebSite\",\"@id\":\"https:\/\/dev6.erresse-shop.it\/#website\",\"url\":\"https:\/\/dev6.erresse-shop.it\/\",\"name\":\"Erresse Shop\",\"description\":\"\",\"publisher\":{\"@id\":\"https:\/\/dev6.erresse-shop.it\/#organization\"},\"potentialAction\":[{\"@type\":\"SearchAction\",\"target\":{\"@type\":\"EntryPoint\",\"urlTemplate\":\"https:\/\/dev6.erresse-shop.it\/?s={search_term_string}\"},\"query-input\":{\"@type\":\"PropertyValueSpecification\",\"valueRequired\":true,\"valueName\":\"search_term_string\"}}],\"inLanguage\":\"fr-FR\"},{\"@type\":\"Organization\",\"@id\":\"https:\/\/dev6.erresse-shop.it\/#organization\",\"name\":\"Erresse Shop\",\"url\":\"https:\/\/dev6.erresse-shop.it\/\",\"logo\":{\"@type\":\"ImageObject\",\"inLanguage\":\"fr-FR\",\"@id\":\"https:\/\/dev6.erresse-shop.it\/#\/schema\/logo\/image\/\",\"url\":\"https:\/\/dev6.erresse-shop.it\/wp-content\/uploads\/2025\/01\/LOGO-ERRESSE-CLASSICO.svg\",\"contentUrl\":\"https:\/\/dev6.erresse-shop.it\/wp-content\/uploads\/2025\/01\/LOGO-ERRESSE-CLASSICO.svg\",\"caption\":\"Erresse Shop\"},\"image\":{\"@id\":\"https:\/\/dev6.erresse-shop.it\/#\/schema\/logo\/image\/\"}}]}<\/script>\n<!-- \/ Yoast SEO plugin. -->","yoast_head_json":{"title":"INSTANT POT Friteuse \u00e0 air Vortex Plus Dual ClearCook SS 8 L - dev6 Erresse","description":"L\u2019avenir de la cuisine \u00e0 port\u00e9e de main La friteuse \u00e0 air Instant Vortex Plus Dual ClearCook SS 8L est la solution ultime pour tous ceux qui recherchent","robots":{"index":"noindex","follow":"follow","max-snippet":"max-snippet:-1","max-image-preview":"max-image-preview:large","max-video-preview":"max-video-preview:-1"},"og_locale":"fr_FR","og_type":"article","og_title":"INSTANT POT Friteuse \u00e0 air Vortex Plus Dual ClearCook SS 8 L - dev6 Erresse","og_description":"L\u2019avenir de la cuisine \u00e0 port\u00e9e de main La friteuse \u00e0 air Instant Vortex Plus Dual ClearCook SS 8L est la solution ultime pour tous ceux qui recherchent","og_url":"https:\/\/dev6.erresse-shop.it\/fr\/shop\/petits-electromenagers\/friteuses-a-air\/instant-pot-friteuse-a-air-vortex-plus-dual-clearcook-ss-8-l\/","og_site_name":"dev6 Erresse","og_image":[{"url":"https:\/\/interpim.erresse-shop.it\/wp-content\/uploads\/2025\/04\/INSTANT-POT-Friggitrice-ad-Aria-Vortex-Plus-Dual-ClearCook-SS-8-L.jpg\/instant-pot-friggitrice-ad-aria-vortex-plus-dual-clearcook-ss-8-l.jpg","type":"","width":"","height":""},{"url":"https:\/\/interpim.erresse-shop.it\/wp-content\/uploads\/2025\/04\/INSTANT-POT-Friggitrice-ad-Aria-Vortex-Plus-Dual-ClearCook-SS-8-L.jpg\/instant-pot-friggitrice-ad-aria-vortex-plus-dual-clearcook-ss-8-l.jpg","width":1024,"height":1024,"type":"image\/jpeg"}],"twitter_card":"summary_large_image","twitter_image":"https:\/\/interpim.erresse-shop.it\/wp-content\/uploads\/2025\/04\/INSTANT-POT-Friggitrice-ad-Aria-Vortex-Plus-Dual-ClearCook-SS-8-L.jpg\/instant-pot-friggitrice-ad-aria-vortex-plus-dual-clearcook-ss-8-l.jpg","schema":{"@context":"https:\/\/schema.org","@graph":[{"@type":"WebPage","@id":"https:\/\/dev6.erresse-shop.it\/fr\/shop\/petits-electromenagers\/friteuses-a-air\/instant-pot-friteuse-a-air-vortex-plus-dual-clearcook-ss-8-l\/","url":"https:\/\/dev6.erresse-shop.it\/fr\/shop\/petits-electromenagers\/friteuses-a-air\/instant-pot-friteuse-a-air-vortex-plus-dual-clearcook-ss-8-l\/","name":"INSTANT POT Friteuse \u00e0 air Vortex Plus Dual ClearCook SS 8 L - dev6 Erresse","isPartOf":{"@id":"https:\/\/dev6.erresse-shop.it\/#website"},"primaryImageOfPage":{"@id":"https:\/\/dev6.erresse-shop.it\/fr\/shop\/petits-electromenagers\/friteuses-a-air\/instant-pot-friteuse-a-air-vortex-plus-dual-clearcook-ss-8-l\/#primaryimage"},"image":{"@id":"https:\/\/dev6.erresse-shop.it\/fr\/shop\/petits-electromenagers\/friteuses-a-air\/instant-pot-friteuse-a-air-vortex-plus-dual-clearcook-ss-8-l\/#primaryimage"},"thumbnailUrl":"https:\/\/i1.wp.com\/interpim.erresse-shop.it\/wp-content\/uploads\/2025\/04\/INSTANT-POT-Friggitrice-ad-Aria-Vortex-Plus-Dual-ClearCook-SS-8-L.jpg\/instant-pot-friggitrice-ad-aria-vortex-plus-dual-clearcook-ss-8-l.jpg?ssl=1","datePublished":"2026-04-04T12:35:24+00:00","description":"L\u2019avenir de la cuisine \u00e0 port\u00e9e de main La friteuse \u00e0 air Instant Vortex Plus Dual ClearCook SS 8L est la solution ultime pour tous ceux qui recherchent","breadcrumb":{"@id":"https:\/\/dev6.erresse-shop.it\/fr\/shop\/petits-electromenagers\/friteuses-a-air\/instant-pot-friteuse-a-air-vortex-plus-dual-clearcook-ss-8-l\/#breadcrumb"},"inLanguage":"fr-FR","potentialAction":[{"@type":"ReadAction","target":["https:\/\/dev6.erresse-shop.it\/fr\/shop\/petits-electromenagers\/friteuses-a-air\/instant-pot-friteuse-a-air-vortex-plus-dual-clearcook-ss-8-l\/"]}]},{"@type":"ImageObject","inLanguage":"fr-FR","@id":"https:\/\/dev6.erresse-shop.it\/fr\/shop\/petits-electromenagers\/friteuses-a-air\/instant-pot-friteuse-a-air-vortex-plus-dual-clearcook-ss-8-l\/#primaryimage","url":"https:\/\/i1.wp.com\/interpim.erresse-shop.it\/wp-content\/uploads\/2025\/04\/INSTANT-POT-Friggitrice-ad-Aria-Vortex-Plus-Dual-ClearCook-SS-8-L.jpg\/instant-pot-friggitrice-ad-aria-vortex-plus-dual-clearcook-ss-8-l.jpg?ssl=1","contentUrl":"https:\/\/i1.wp.com\/interpim.erresse-shop.it\/wp-content\/uploads\/2025\/04\/INSTANT-POT-Friggitrice-ad-Aria-Vortex-Plus-Dual-ClearCook-SS-8-L.jpg\/instant-pot-friggitrice-ad-aria-vortex-plus-dual-clearcook-ss-8-l.jpg?ssl=1"},{"@type":"BreadcrumbList","@id":"https:\/\/dev6.erresse-shop.it\/fr\/shop\/petits-electromenagers\/friteuses-a-air\/instant-pot-friteuse-a-air-vortex-plus-dual-clearcook-ss-8-l\/#breadcrumb","itemListElement":[{"@type":"ListItem","position":1,"name":"Home","item":"https:\/\/dev6.erresse-shop.it\/"},{"@type":"ListItem","position":2,"name":"Boutique","item":"https:\/\/dev6.erresse-shop.it\/shop\/"},{"@type":"ListItem","position":3,"name":"INSTANT POT Friteuse \u00e0 air Vortex Plus Dual ClearCook SS 8 L"}]},{"@type":"WebSite","@id":"https:\/\/dev6.erresse-shop.it\/#website","url":"https:\/\/dev6.erresse-shop.it\/","name":"Erresse Shop","description":"","publisher":{"@id":"https:\/\/dev6.erresse-shop.it\/#organization"},"potentialAction":[{"@type":"SearchAction","target":{"@type":"EntryPoint","urlTemplate":"https:\/\/dev6.erresse-shop.it\/?s={search_term_string}"},"query-input":{"@type":"PropertyValueSpecification","valueRequired":true,"valueName":"search_term_string"}}],"inLanguage":"fr-FR"},{"@type":"Organization","@id":"https:\/\/dev6.erresse-shop.it\/#organization","name":"Erresse Shop","url":"https:\/\/dev6.erresse-shop.it\/","logo":{"@type":"ImageObject","inLanguage":"fr-FR","@id":"https:\/\/dev6.erresse-shop.it\/#\/schema\/logo\/image\/","url":"https:\/\/dev6.erresse-shop.it\/wp-content\/uploads\/2025\/01\/LOGO-ERRESSE-CLASSICO.svg","contentUrl":"https:\/\/dev6.erresse-shop.it\/wp-content\/uploads\/2025\/01\/LOGO-ERRESSE-CLASSICO.svg","caption":"Erresse Shop"},"image":{"@id":"https:\/\/dev6.erresse-shop.it\/#\/schema\/logo\/image\/"}}]}},"df_price":189.95,"df_sale_price":189.95,"df_regular_price":219.99,"df_image_link":"https:\/\/i1.wp.com\/interpim.erresse-shop.it\/wp-content\/uploads\/2025\/04\/INSTANT-POT-Friggitrice-ad-Aria-Vortex-Plus-Dual-ClearCook-SS-8-L.jpg\/instant-pot-friggitrice-ad-aria-vortex-plus-dual-clearcook-ss-8-l.jpg?resize=300,300&ssl=1","fifu_image_url":"https:\/\/interpim.erresse-shop.it\/wp-content\/uploads\/2025\/04\/INSTANT-POT-Friggitrice-ad-Aria-Vortex-Plus-Dual-ClearCook-SS-8-L.jpg\/instant-pot-friggitrice-ad-aria-vortex-plus-dual-clearcook-ss-8-l.jpg","_links":{"self":[{"href":"https:\/\/dev6.erresse-shop.it\/fr\/wp-json\/wp\/v2\/product\/2307167","targetHints":{"allow":["GET"]}}],"collection":[{"href":"https:\/\/dev6.erresse-shop.it\/fr\/wp-json\/wp\/v2\/product"}],"about":[{"href":"https:\/\/dev6.erresse-shop.it\/fr\/wp-json\/wp\/v2\/types\/product"}],"wp:featuredmedia":[{"embeddable":true,"href":"https:\/\/dev6.erresse-shop.it\/fr\/wp-json\/wp\/v2\/media\/6297710"}],"wp:attachment":[{"href":"https:\/\/dev6.erresse-shop.it\/fr\/wp-json\/wp\/v2\/media?parent=2307167"}],"wp:term":[{"taxonomy":"product_cat","embeddable":true,"href":"https:\/\/dev6.erresse-shop.it\/fr\/wp-json\/wp\/v2\/product_cat?post=2307167"},{"taxonomy":"product_tag","embeddable":true,"href":"https:\/\/dev6.erresse-shop.it\/fr\/wp-json\/wp\/v2\/product_tag?post=2307167"}],"curies":[{"name":"wp","href":"https:\/\/api.w.org\/{rel}","templated":true}]}}