{"id":2307165,"date":"2026-04-04T14:35:24","date_gmt":"2026-04-04T12:35:24","guid":{"rendered":"https:\/\/dev6.erresse-shop.it\/shop\/non%20class\u00e9\/instant-pot-friteuse-a-air-vortex-clearcook-13-l\/"},"modified":"2025-09-14T07:07:45","modified_gmt":"2025-09-14T05:07:45","slug":"instant-pot-friteuse-a-air-vortex-clearcook-13-l","status":"publish","type":"product","link":"https:\/\/dev6.erresse-shop.it\/fr\/shop\/petits-electromenagers\/friteuses-a-air\/instant-pot-friteuse-a-air-vortex-clearcook-13-l\/","title":{"rendered":"INSTANT POT Friteuse \u00e0 air Vortex ClearCook 13 L"},"content":{"rendered":"<p>D\u00e9couvrez une toute nouvelle fa\u00e7on de cuisiner<\/p>\n<p>La friteuse \u00e0 air ClearCook 13L Vortex r\u00e9volutionne votre fa\u00e7on de cuisiner \u00e0 la maison. Compact mais spacieux, avec une capacit\u00e9 de 13 litres, il offre vitesse et efficacit\u00e9 sans compromis. Gr\u00e2ce \u00e0 la technologie d\u2019air chaud \u00e0 360\u00b0, vous pouvez griller, r\u00f4tir, toaster, cuire et m\u00eame d\u00e9shydrater, garantissant ainsi que les aliments sont croustillants \u00e0 l\u2019ext\u00e9rieur et tendres \u00e0 l\u2019int\u00e9rieur.<\/p>\n<p>Polyvalence et praticit\u00e9 dans la cuisine<\/p>\n<p>Dot\u00e9 de 9 programmes pr\u00e9d\u00e9finis, le Vortex ClearCook s\u2019adapte \u00e0 tous les besoins : du poulet r\u00f4ti croustillant au toast expresso parfait. Le panneau de commande tactile num\u00e9rique et la fen\u00eatre ClearCook rendent la cuisson intuitive et facile \u00e0 surveiller. Gr\u00e2ce aux plateaux \u00e0 deux niveaux et \u00e0 la r\u00f4tissoire, cuisiner diff\u00e9rents plats en m\u00eame temps devient un jeu d\u2019enfant.<\/p>\n<p>\u00c9conomies d\u2019\u00e9nergie et sant\u00e9<\/p>\n<p>Utilisant jusqu\u2019\u00e0 80 % d\u2019\u00e9nergie en moins que les fours traditionnels et r\u00e9duisant la consommation d\u2019huile de 95 %, cette friteuse est le choix id\u00e9al pour ceux qui recherchent l\u2019efficacit\u00e9 et une alimentation saine. Le pr\u00e9chauffage rapide r\u00e9duit le temps de pr\u00e9paration, vous permettant de cuisiner jusqu\u2019\u00e0 50 % plus rapidement.<\/p>\n<p>Accessoires complets pour des r\u00e9sultats professionnels<\/p>\n<p>Avec des accessoires inclus tels que des plateaux perfor\u00e9s, un bac d\u2019\u00e9gouttage et un ensemble de r\u00f4tisserie complet, le Vortex ClearCook offre tout ce dont vous avez besoin pour exp\u00e9rimenter diff\u00e9rentes recettes. Tous les accessoires passent au lave-vaisselle, pour un nettoyage rapide et facile.<\/p>\n<p>Innovation et style pour votre cuisine<\/p>\n<p>Fabriqu\u00e9e \u00e0 partir de mat\u00e9riaux de haute qualit\u00e9 tels que l\u2019acier inoxydable et le plastique durable, la friteuse ClearCook Vortex allie design et fonctionnalit\u00e9. Avec une puissance de 1700W et un contr\u00f4le de temp\u00e9rature jusqu\u2019\u00e0 205\u00b0C, il garantit des performances de haut niveau dans un format compact et moderne.<\/p>\n<p>Sp\u00e9cifications techniques\u00a0:<\/p>\n<p>Capacit\u00e9 13 l<br \/>\nMat\u00e9riau : plastique et m\u00e9tal<br \/>\nGarantie de 2 ans<br \/>\nDimensions 35 x 34,5 x 37,5 cm<br \/>\nPoids 8200 g<br \/>\nNombre de fonctions 9 \u2013 fonctions \u00e0 une touche<\/p>\n<p>Not for sale outside Europe<\/p>\n","protected":false},"excerpt":{"rendered":"<p>D\u00e9couvrez une toute nouvelle fa\u00e7on de cuisiner La friteuse \u00e0 air ClearCook 13L Vortex r\u00e9volutionne votre fa\u00e7on de cuisiner \u00e0 la maison. Compact mais spacieux, avec une capacit\u00e9 de 13 litres, il offre vitesse et efficacit\u00e9 sans compromis. Gr\u00e2ce \u00e0 la technologie d\u2019air chaud \u00e0 360\u00b0, vous pouvez griller, r\u00f4tir, toaster, cuire et m\u00eame d\u00e9shydrater, [&hellip;]<\/p>\n","protected":false},"featured_media":6297702,"template":"","meta":{"_acf_changed":false},"product_cat":[12086,12055],"product_tag":[],"class_list":{"0":"post-2307165","1":"product","2":"type-product","3":"status-publish","4":"has-post-thumbnail","6":"product_cat-friteuses-a-air","7":"product_cat-petits-electromenagers","9":"first","10":"instock","11":"sale","12":"taxable","13":"shipping-taxable","14":"purchasable","15":"product-type-simple","swatches":"rey-swatches","show_selected":"","stretch_labels":"rey-swatches--stretch-labels"},"acf":[],"yoast_head":"<!-- This site is optimized with the Yoast SEO plugin v25.4 - https:\/\/yoast.com\/wordpress\/plugins\/seo\/ -->\n<title>INSTANT POT Friteuse \u00e0 air Vortex ClearCook 13 L - dev6 Erresse<\/title>\n<meta name=\"description\" content=\"D\u00e9couvrez une toute nouvelle fa\u00e7on de cuisiner La friteuse \u00e0 air ClearCook 13L Vortex r\u00e9volutionne votre fa\u00e7on de cuisiner \u00e0 la maison. Compact mais\" \/>\n<meta name=\"robots\" content=\"noindex, follow, max-snippet:-1, max-image-preview:large, max-video-preview:-1\" \/>\n<meta property=\"og:locale\" content=\"fr_FR\" \/>\n<meta property=\"og:type\" content=\"article\" \/>\n<meta property=\"og:title\" content=\"INSTANT POT Friteuse \u00e0 air Vortex ClearCook 13 L - dev6 Erresse\" \/>\n<meta property=\"og:description\" content=\"D\u00e9couvrez une toute nouvelle fa\u00e7on de cuisiner La friteuse \u00e0 air ClearCook 13L Vortex r\u00e9volutionne votre fa\u00e7on de cuisiner \u00e0 la maison. Compact mais\" \/>\n<meta property=\"og:url\" content=\"https:\/\/dev6.erresse-shop.it\/fr\/shop\/petits-electromenagers\/friteuses-a-air\/instant-pot-friteuse-a-air-vortex-clearcook-13-l\/\" \/>\n<meta property=\"og:site_name\" content=\"dev6 Erresse\" \/>\n<meta property=\"og:image\" content=\"https:\/\/interpim.erresse-shop.it\/wp-content\/uploads\/2025\/04\/INSTANT-POT-Friggitrice-ad-Aria-Vortex-ClearCook-13-L.jpg\/instant-pot-friggitrice-ad-aria-vortex-clearcook-13-l.jpg\" \/><meta property=\"og:image\" content=\"https:\/\/interpim.erresse-shop.it\/wp-content\/uploads\/2025\/04\/INSTANT-POT-Friggitrice-ad-Aria-Vortex-ClearCook-13-L.jpg\/instant-pot-friggitrice-ad-aria-vortex-clearcook-13-l.jpg\" \/>\n\t<meta property=\"og:image:width\" content=\"1024\" \/>\n\t<meta property=\"og:image:height\" content=\"1024\" \/>\n\t<meta property=\"og:image:type\" content=\"image\/jpeg\" \/>\n<meta name=\"twitter:card\" content=\"summary_large_image\" \/>\n<meta name=\"twitter:image\" content=\"https:\/\/interpim.erresse-shop.it\/wp-content\/uploads\/2025\/04\/INSTANT-POT-Friggitrice-ad-Aria-Vortex-ClearCook-13-L.jpg\/instant-pot-friggitrice-ad-aria-vortex-clearcook-13-l.jpg\" \/>\n<script type=\"application\/ld+json\" class=\"yoast-schema-graph\">{\"@context\":\"https:\/\/schema.org\",\"@graph\":[{\"@type\":\"WebPage\",\"@id\":\"https:\/\/dev6.erresse-shop.it\/fr\/shop\/petits-electromenagers\/friteuses-a-air\/instant-pot-friteuse-a-air-vortex-clearcook-13-l\/\",\"url\":\"https:\/\/dev6.erresse-shop.it\/fr\/shop\/petits-electromenagers\/friteuses-a-air\/instant-pot-friteuse-a-air-vortex-clearcook-13-l\/\",\"name\":\"INSTANT POT Friteuse \u00e0 air Vortex ClearCook 13 L - dev6 Erresse\",\"isPartOf\":{\"@id\":\"https:\/\/dev6.erresse-shop.it\/#website\"},\"primaryImageOfPage\":{\"@id\":\"https:\/\/dev6.erresse-shop.it\/fr\/shop\/petits-electromenagers\/friteuses-a-air\/instant-pot-friteuse-a-air-vortex-clearcook-13-l\/#primaryimage\"},\"image\":{\"@id\":\"https:\/\/dev6.erresse-shop.it\/fr\/shop\/petits-electromenagers\/friteuses-a-air\/instant-pot-friteuse-a-air-vortex-clearcook-13-l\/#primaryimage\"},\"thumbnailUrl\":\"https:\/\/i1.wp.com\/interpim.erresse-shop.it\/wp-content\/uploads\/2025\/04\/INSTANT-POT-Friggitrice-ad-Aria-Vortex-ClearCook-13-L.jpg\/instant-pot-friggitrice-ad-aria-vortex-clearcook-13-l.jpg?ssl=1\",\"datePublished\":\"2026-04-04T12:35:24+00:00\",\"description\":\"D\u00e9couvrez une toute nouvelle fa\u00e7on de cuisiner La friteuse \u00e0 air ClearCook 13L Vortex r\u00e9volutionne votre fa\u00e7on de cuisiner \u00e0 la maison. Compact mais\",\"breadcrumb\":{\"@id\":\"https:\/\/dev6.erresse-shop.it\/fr\/shop\/petits-electromenagers\/friteuses-a-air\/instant-pot-friteuse-a-air-vortex-clearcook-13-l\/#breadcrumb\"},\"inLanguage\":\"fr-FR\",\"potentialAction\":[{\"@type\":\"ReadAction\",\"target\":[\"https:\/\/dev6.erresse-shop.it\/fr\/shop\/petits-electromenagers\/friteuses-a-air\/instant-pot-friteuse-a-air-vortex-clearcook-13-l\/\"]}]},{\"@type\":\"ImageObject\",\"inLanguage\":\"fr-FR\",\"@id\":\"https:\/\/dev6.erresse-shop.it\/fr\/shop\/petits-electromenagers\/friteuses-a-air\/instant-pot-friteuse-a-air-vortex-clearcook-13-l\/#primaryimage\",\"url\":\"https:\/\/i1.wp.com\/interpim.erresse-shop.it\/wp-content\/uploads\/2025\/04\/INSTANT-POT-Friggitrice-ad-Aria-Vortex-ClearCook-13-L.jpg\/instant-pot-friggitrice-ad-aria-vortex-clearcook-13-l.jpg?ssl=1\",\"contentUrl\":\"https:\/\/i1.wp.com\/interpim.erresse-shop.it\/wp-content\/uploads\/2025\/04\/INSTANT-POT-Friggitrice-ad-Aria-Vortex-ClearCook-13-L.jpg\/instant-pot-friggitrice-ad-aria-vortex-clearcook-13-l.jpg?ssl=1\"},{\"@type\":\"BreadcrumbList\",\"@id\":\"https:\/\/dev6.erresse-shop.it\/fr\/shop\/petits-electromenagers\/friteuses-a-air\/instant-pot-friteuse-a-air-vortex-clearcook-13-l\/#breadcrumb\",\"itemListElement\":[{\"@type\":\"ListItem\",\"position\":1,\"name\":\"Home\",\"item\":\"https:\/\/dev6.erresse-shop.it\/\"},{\"@type\":\"ListItem\",\"position\":2,\"name\":\"Boutique\",\"item\":\"https:\/\/dev6.erresse-shop.it\/shop\/\"},{\"@type\":\"ListItem\",\"position\":3,\"name\":\"INSTANT POT Friteuse \u00e0 air Vortex ClearCook 13 L\"}]},{\"@type\":\"WebSite\",\"@id\":\"https:\/\/dev6.erresse-shop.it\/#website\",\"url\":\"https:\/\/dev6.erresse-shop.it\/\",\"name\":\"Erresse Shop\",\"description\":\"\",\"publisher\":{\"@id\":\"https:\/\/dev6.erresse-shop.it\/#organization\"},\"potentialAction\":[{\"@type\":\"SearchAction\",\"target\":{\"@type\":\"EntryPoint\",\"urlTemplate\":\"https:\/\/dev6.erresse-shop.it\/?s={search_term_string}\"},\"query-input\":{\"@type\":\"PropertyValueSpecification\",\"valueRequired\":true,\"valueName\":\"search_term_string\"}}],\"inLanguage\":\"fr-FR\"},{\"@type\":\"Organization\",\"@id\":\"https:\/\/dev6.erresse-shop.it\/#organization\",\"name\":\"Erresse Shop\",\"url\":\"https:\/\/dev6.erresse-shop.it\/\",\"logo\":{\"@type\":\"ImageObject\",\"inLanguage\":\"fr-FR\",\"@id\":\"https:\/\/dev6.erresse-shop.it\/#\/schema\/logo\/image\/\",\"url\":\"https:\/\/dev6.erresse-shop.it\/wp-content\/uploads\/2025\/01\/LOGO-ERRESSE-CLASSICO.svg\",\"contentUrl\":\"https:\/\/dev6.erresse-shop.it\/wp-content\/uploads\/2025\/01\/LOGO-ERRESSE-CLASSICO.svg\",\"caption\":\"Erresse Shop\"},\"image\":{\"@id\":\"https:\/\/dev6.erresse-shop.it\/#\/schema\/logo\/image\/\"}}]}<\/script>\n<!-- \/ Yoast SEO plugin. -->","yoast_head_json":{"title":"INSTANT POT Friteuse \u00e0 air Vortex ClearCook 13 L - dev6 Erresse","description":"D\u00e9couvrez une toute nouvelle fa\u00e7on de cuisiner La friteuse \u00e0 air ClearCook 13L Vortex r\u00e9volutionne votre fa\u00e7on de cuisiner \u00e0 la maison. Compact mais","robots":{"index":"noindex","follow":"follow","max-snippet":"max-snippet:-1","max-image-preview":"max-image-preview:large","max-video-preview":"max-video-preview:-1"},"og_locale":"fr_FR","og_type":"article","og_title":"INSTANT POT Friteuse \u00e0 air Vortex ClearCook 13 L - dev6 Erresse","og_description":"D\u00e9couvrez une toute nouvelle fa\u00e7on de cuisiner La friteuse \u00e0 air ClearCook 13L Vortex r\u00e9volutionne votre fa\u00e7on de cuisiner \u00e0 la maison. Compact mais","og_url":"https:\/\/dev6.erresse-shop.it\/fr\/shop\/petits-electromenagers\/friteuses-a-air\/instant-pot-friteuse-a-air-vortex-clearcook-13-l\/","og_site_name":"dev6 Erresse","og_image":[{"url":"https:\/\/interpim.erresse-shop.it\/wp-content\/uploads\/2025\/04\/INSTANT-POT-Friggitrice-ad-Aria-Vortex-ClearCook-13-L.jpg\/instant-pot-friggitrice-ad-aria-vortex-clearcook-13-l.jpg","type":"","width":"","height":""},{"url":"https:\/\/interpim.erresse-shop.it\/wp-content\/uploads\/2025\/04\/INSTANT-POT-Friggitrice-ad-Aria-Vortex-ClearCook-13-L.jpg\/instant-pot-friggitrice-ad-aria-vortex-clearcook-13-l.jpg","width":1024,"height":1024,"type":"image\/jpeg"}],"twitter_card":"summary_large_image","twitter_image":"https:\/\/interpim.erresse-shop.it\/wp-content\/uploads\/2025\/04\/INSTANT-POT-Friggitrice-ad-Aria-Vortex-ClearCook-13-L.jpg\/instant-pot-friggitrice-ad-aria-vortex-clearcook-13-l.jpg","schema":{"@context":"https:\/\/schema.org","@graph":[{"@type":"WebPage","@id":"https:\/\/dev6.erresse-shop.it\/fr\/shop\/petits-electromenagers\/friteuses-a-air\/instant-pot-friteuse-a-air-vortex-clearcook-13-l\/","url":"https:\/\/dev6.erresse-shop.it\/fr\/shop\/petits-electromenagers\/friteuses-a-air\/instant-pot-friteuse-a-air-vortex-clearcook-13-l\/","name":"INSTANT POT Friteuse \u00e0 air Vortex ClearCook 13 L - dev6 Erresse","isPartOf":{"@id":"https:\/\/dev6.erresse-shop.it\/#website"},"primaryImageOfPage":{"@id":"https:\/\/dev6.erresse-shop.it\/fr\/shop\/petits-electromenagers\/friteuses-a-air\/instant-pot-friteuse-a-air-vortex-clearcook-13-l\/#primaryimage"},"image":{"@id":"https:\/\/dev6.erresse-shop.it\/fr\/shop\/petits-electromenagers\/friteuses-a-air\/instant-pot-friteuse-a-air-vortex-clearcook-13-l\/#primaryimage"},"thumbnailUrl":"https:\/\/i1.wp.com\/interpim.erresse-shop.it\/wp-content\/uploads\/2025\/04\/INSTANT-POT-Friggitrice-ad-Aria-Vortex-ClearCook-13-L.jpg\/instant-pot-friggitrice-ad-aria-vortex-clearcook-13-l.jpg?ssl=1","datePublished":"2026-04-04T12:35:24+00:00","description":"D\u00e9couvrez une toute nouvelle fa\u00e7on de cuisiner La friteuse \u00e0 air ClearCook 13L Vortex r\u00e9volutionne votre fa\u00e7on de cuisiner \u00e0 la maison. Compact mais","breadcrumb":{"@id":"https:\/\/dev6.erresse-shop.it\/fr\/shop\/petits-electromenagers\/friteuses-a-air\/instant-pot-friteuse-a-air-vortex-clearcook-13-l\/#breadcrumb"},"inLanguage":"fr-FR","potentialAction":[{"@type":"ReadAction","target":["https:\/\/dev6.erresse-shop.it\/fr\/shop\/petits-electromenagers\/friteuses-a-air\/instant-pot-friteuse-a-air-vortex-clearcook-13-l\/"]}]},{"@type":"ImageObject","inLanguage":"fr-FR","@id":"https:\/\/dev6.erresse-shop.it\/fr\/shop\/petits-electromenagers\/friteuses-a-air\/instant-pot-friteuse-a-air-vortex-clearcook-13-l\/#primaryimage","url":"https:\/\/i1.wp.com\/interpim.erresse-shop.it\/wp-content\/uploads\/2025\/04\/INSTANT-POT-Friggitrice-ad-Aria-Vortex-ClearCook-13-L.jpg\/instant-pot-friggitrice-ad-aria-vortex-clearcook-13-l.jpg?ssl=1","contentUrl":"https:\/\/i1.wp.com\/interpim.erresse-shop.it\/wp-content\/uploads\/2025\/04\/INSTANT-POT-Friggitrice-ad-Aria-Vortex-ClearCook-13-L.jpg\/instant-pot-friggitrice-ad-aria-vortex-clearcook-13-l.jpg?ssl=1"},{"@type":"BreadcrumbList","@id":"https:\/\/dev6.erresse-shop.it\/fr\/shop\/petits-electromenagers\/friteuses-a-air\/instant-pot-friteuse-a-air-vortex-clearcook-13-l\/#breadcrumb","itemListElement":[{"@type":"ListItem","position":1,"name":"Home","item":"https:\/\/dev6.erresse-shop.it\/"},{"@type":"ListItem","position":2,"name":"Boutique","item":"https:\/\/dev6.erresse-shop.it\/shop\/"},{"@type":"ListItem","position":3,"name":"INSTANT POT Friteuse \u00e0 air Vortex ClearCook 13 L"}]},{"@type":"WebSite","@id":"https:\/\/dev6.erresse-shop.it\/#website","url":"https:\/\/dev6.erresse-shop.it\/","name":"Erresse Shop","description":"","publisher":{"@id":"https:\/\/dev6.erresse-shop.it\/#organization"},"potentialAction":[{"@type":"SearchAction","target":{"@type":"EntryPoint","urlTemplate":"https:\/\/dev6.erresse-shop.it\/?s={search_term_string}"},"query-input":{"@type":"PropertyValueSpecification","valueRequired":true,"valueName":"search_term_string"}}],"inLanguage":"fr-FR"},{"@type":"Organization","@id":"https:\/\/dev6.erresse-shop.it\/#organization","name":"Erresse Shop","url":"https:\/\/dev6.erresse-shop.it\/","logo":{"@type":"ImageObject","inLanguage":"fr-FR","@id":"https:\/\/dev6.erresse-shop.it\/#\/schema\/logo\/image\/","url":"https:\/\/dev6.erresse-shop.it\/wp-content\/uploads\/2025\/01\/LOGO-ERRESSE-CLASSICO.svg","contentUrl":"https:\/\/dev6.erresse-shop.it\/wp-content\/uploads\/2025\/01\/LOGO-ERRESSE-CLASSICO.svg","caption":"Erresse Shop"},"image":{"@id":"https:\/\/dev6.erresse-shop.it\/#\/schema\/logo\/image\/"}}]}},"df_price":142.95,"df_sale_price":142.95,"df_regular_price":169.99,"df_image_link":"https:\/\/i1.wp.com\/interpim.erresse-shop.it\/wp-content\/uploads\/2025\/04\/INSTANT-POT-Friggitrice-ad-Aria-Vortex-ClearCook-13-L.jpg\/instant-pot-friggitrice-ad-aria-vortex-clearcook-13-l.jpg?resize=300,300&ssl=1","fifu_image_url":"https:\/\/interpim.erresse-shop.it\/wp-content\/uploads\/2025\/04\/INSTANT-POT-Friggitrice-ad-Aria-Vortex-ClearCook-13-L.jpg\/instant-pot-friggitrice-ad-aria-vortex-clearcook-13-l.jpg","_links":{"self":[{"href":"https:\/\/dev6.erresse-shop.it\/fr\/wp-json\/wp\/v2\/product\/2307165","targetHints":{"allow":["GET"]}}],"collection":[{"href":"https:\/\/dev6.erresse-shop.it\/fr\/wp-json\/wp\/v2\/product"}],"about":[{"href":"https:\/\/dev6.erresse-shop.it\/fr\/wp-json\/wp\/v2\/types\/product"}],"wp:featuredmedia":[{"embeddable":true,"href":"https:\/\/dev6.erresse-shop.it\/fr\/wp-json\/wp\/v2\/media\/6297702"}],"wp:attachment":[{"href":"https:\/\/dev6.erresse-shop.it\/fr\/wp-json\/wp\/v2\/media?parent=2307165"}],"wp:term":[{"taxonomy":"product_cat","embeddable":true,"href":"https:\/\/dev6.erresse-shop.it\/fr\/wp-json\/wp\/v2\/product_cat?post=2307165"},{"taxonomy":"product_tag","embeddable":true,"href":"https:\/\/dev6.erresse-shop.it\/fr\/wp-json\/wp\/v2\/product_tag?post=2307165"}],"curies":[{"name":"wp","href":"https:\/\/api.w.org\/{rel}","templated":true}]}}