{"id":2307125,"date":"2026-04-12T14:34:59","date_gmt":"2026-04-12T12:34:59","guid":{"rendered":"https:\/\/dev6.erresse-shop.it\/shop\/non%20class\u00e9\/zafferano-bilia-candy-4-verres-rouge\/"},"modified":"2025-07-04T20:33:36","modified_gmt":"2025-07-04T18:33:36","slug":"zafferano-bilia-candy-4-verres-rouge","status":"publish","type":"product","link":"https:\/\/dev6.erresse-shop.it\/fr\/shop\/table-fr-2\/verres\/zafferano-bilia-candy-4-verres-rouge\/","title":{"rendered":"ZAFFERANO Bilia Candy 4 Verres Rouge"},"content":{"rendered":"<p>Bilia Candy renouvelle le gobelet classique Bilia avec une touche de nostalgie ludique. Cette version se caract\u00e9rise par une sph\u00e8re en verre \u00e0 l\u2019int\u00e9rieur, d\u00e9cor\u00e9e de rayures aux couleurs vives qui rappellent les bonbons du pass\u00e9, disponible en quatre variantes irr\u00e9sistibles. Fabriqu\u00e9 \u00e0 partir de verre borosilicat\u00e9 souffl\u00e9 et fabriqu\u00e9 \u00e0 la main, Bilia Candy apporte une explosion de joie \u00e0 la table, tandis que la fonction pratique de fournir des verres uniques \u00e0 chaque invit\u00e9 garantit une exp\u00e9rience culinaire sans d\u00e9sordre.<\/p>\n<p>Caract\u00e9ristiques\u00a0:<\/p>\n<p>Diam\u00e8tre\u00a0: 8,8 cm<br \/>\nHauteur totale\u00a0: 9 cm<br \/>\nCapacit\u00e9\u00a0: 44 cl<\/p>\n","protected":false},"excerpt":{"rendered":"<p>Bilia Candy renouvelle le gobelet classique Bilia avec une touche de nostalgie ludique. Cette version se caract\u00e9rise par une sph\u00e8re en verre \u00e0 l\u2019int\u00e9rieur, d\u00e9cor\u00e9e de rayures aux couleurs vives qui rappellent les bonbons du pass\u00e9, disponible en quatre variantes irr\u00e9sistibles. Fabriqu\u00e9 \u00e0 partir de verre borosilicat\u00e9 souffl\u00e9 et fabriqu\u00e9 \u00e0 la main, Bilia Candy [&hellip;]<\/p>\n","protected":false},"featured_media":6380868,"template":"","meta":{"_acf_changed":false},"product_cat":[11995,12009],"product_tag":[],"class_list":{"0":"post-2307125","1":"product","2":"type-product","3":"status-publish","4":"has-post-thumbnail","6":"product_cat-table-fr-2","7":"product_cat-verres","9":"first","10":"instock","11":"taxable","12":"shipping-taxable","13":"product-type-simple","swatches":"rey-swatches","show_selected":"","stretch_labels":"rey-swatches--stretch-labels"},"acf":[],"yoast_head":"<!-- This site is optimized with the Yoast SEO plugin v25.4 - https:\/\/yoast.com\/wordpress\/plugins\/seo\/ -->\n<title>ZAFFERANO Bilia Candy 4 Verres Rouge - dev6 Erresse<\/title>\n<meta name=\"description\" content=\"Bilia Candy renouvelle le gobelet classique Bilia avec une touche de nostalgie ludique. Cette version se caract\u00e9rise par une sph\u00e8re en verre \u00e0\" \/>\n<meta name=\"robots\" content=\"noindex, follow, max-snippet:-1, max-image-preview:large, max-video-preview:-1\" \/>\n<meta property=\"og:locale\" content=\"fr_FR\" \/>\n<meta property=\"og:type\" content=\"article\" \/>\n<meta property=\"og:title\" content=\"ZAFFERANO Bilia Candy 4 Verres Rouge - dev6 Erresse\" \/>\n<meta property=\"og:description\" content=\"Bilia Candy renouvelle le gobelet classique Bilia avec une touche de nostalgie ludique. Cette version se caract\u00e9rise par une sph\u00e8re en verre \u00e0\" \/>\n<meta property=\"og:url\" content=\"https:\/\/dev6.erresse-shop.it\/fr\/shop\/table-fr-2\/verres\/zafferano-bilia-candy-4-verres-rouge\/\" \/>\n<meta property=\"og:site_name\" content=\"dev6 Erresse\" \/>\n<meta property=\"og:image\" content=\"https:\/\/interpim.erresse-shop.it\/wp-content\/uploads\/2025\/04\/ZAFFERANO-Bilia-Candy-Set-4-Bicchieri-Tumbler-Rosso.jpg\/zafferano-bilia-candy-set-4-bicchieri-tumbler-rosso.jpg\" \/><meta property=\"og:image\" content=\"https:\/\/interpim.erresse-shop.it\/wp-content\/uploads\/2025\/04\/ZAFFERANO-Bilia-Candy-Set-4-Bicchieri-Tumbler-Rosso.jpg\/zafferano-bilia-candy-set-4-bicchieri-tumbler-rosso.jpg\" \/>\n\t<meta property=\"og:image:width\" content=\"1024\" \/>\n\t<meta property=\"og:image:height\" content=\"1024\" \/>\n\t<meta property=\"og:image:type\" content=\"image\/jpeg\" \/>\n<meta name=\"twitter:card\" content=\"summary_large_image\" \/>\n<meta name=\"twitter:image\" content=\"https:\/\/interpim.erresse-shop.it\/wp-content\/uploads\/2025\/04\/ZAFFERANO-Bilia-Candy-Set-4-Bicchieri-Tumbler-Rosso.jpg\/zafferano-bilia-candy-set-4-bicchieri-tumbler-rosso.jpg\" \/>\n<script type=\"application\/ld+json\" class=\"yoast-schema-graph\">{\"@context\":\"https:\/\/schema.org\",\"@graph\":[{\"@type\":\"WebPage\",\"@id\":\"https:\/\/dev6.erresse-shop.it\/fr\/shop\/table-fr-2\/verres\/zafferano-bilia-candy-4-verres-rouge\/\",\"url\":\"https:\/\/dev6.erresse-shop.it\/fr\/shop\/table-fr-2\/verres\/zafferano-bilia-candy-4-verres-rouge\/\",\"name\":\"ZAFFERANO Bilia Candy 4 Verres Rouge - dev6 Erresse\",\"isPartOf\":{\"@id\":\"https:\/\/dev6.erresse-shop.it\/#website\"},\"primaryImageOfPage\":{\"@id\":\"https:\/\/dev6.erresse-shop.it\/fr\/shop\/table-fr-2\/verres\/zafferano-bilia-candy-4-verres-rouge\/#primaryimage\"},\"image\":{\"@id\":\"https:\/\/dev6.erresse-shop.it\/fr\/shop\/table-fr-2\/verres\/zafferano-bilia-candy-4-verres-rouge\/#primaryimage\"},\"thumbnailUrl\":\"https:\/\/i3.wp.com\/interpim.erresse-shop.it\/wp-content\/uploads\/2025\/04\/ZAFFERANO-Bilia-Candy-Set-4-Bicchieri-Tumbler-Rosso.jpg\/zafferano-bilia-candy-set-4-bicchieri-tumbler-rosso.jpg?ssl=1\",\"datePublished\":\"2026-04-12T12:34:59+00:00\",\"description\":\"Bilia Candy renouvelle le gobelet classique Bilia avec une touche de nostalgie ludique. Cette version se caract\u00e9rise par une sph\u00e8re en verre \u00e0\",\"breadcrumb\":{\"@id\":\"https:\/\/dev6.erresse-shop.it\/fr\/shop\/table-fr-2\/verres\/zafferano-bilia-candy-4-verres-rouge\/#breadcrumb\"},\"inLanguage\":\"fr-FR\",\"potentialAction\":[{\"@type\":\"ReadAction\",\"target\":[\"https:\/\/dev6.erresse-shop.it\/fr\/shop\/table-fr-2\/verres\/zafferano-bilia-candy-4-verres-rouge\/\"]}]},{\"@type\":\"ImageObject\",\"inLanguage\":\"fr-FR\",\"@id\":\"https:\/\/dev6.erresse-shop.it\/fr\/shop\/table-fr-2\/verres\/zafferano-bilia-candy-4-verres-rouge\/#primaryimage\",\"url\":\"https:\/\/i3.wp.com\/interpim.erresse-shop.it\/wp-content\/uploads\/2025\/04\/ZAFFERANO-Bilia-Candy-Set-4-Bicchieri-Tumbler-Rosso.jpg\/zafferano-bilia-candy-set-4-bicchieri-tumbler-rosso.jpg?ssl=1\",\"contentUrl\":\"https:\/\/i3.wp.com\/interpim.erresse-shop.it\/wp-content\/uploads\/2025\/04\/ZAFFERANO-Bilia-Candy-Set-4-Bicchieri-Tumbler-Rosso.jpg\/zafferano-bilia-candy-set-4-bicchieri-tumbler-rosso.jpg?ssl=1\"},{\"@type\":\"BreadcrumbList\",\"@id\":\"https:\/\/dev6.erresse-shop.it\/fr\/shop\/table-fr-2\/verres\/zafferano-bilia-candy-4-verres-rouge\/#breadcrumb\",\"itemListElement\":[{\"@type\":\"ListItem\",\"position\":1,\"name\":\"Home\",\"item\":\"https:\/\/dev6.erresse-shop.it\/\"},{\"@type\":\"ListItem\",\"position\":2,\"name\":\"Boutique\",\"item\":\"https:\/\/dev6.erresse-shop.it\/shop\/\"},{\"@type\":\"ListItem\",\"position\":3,\"name\":\"ZAFFERANO Bilia Candy 4 Verres Rouge\"}]},{\"@type\":\"WebSite\",\"@id\":\"https:\/\/dev6.erresse-shop.it\/#website\",\"url\":\"https:\/\/dev6.erresse-shop.it\/\",\"name\":\"Erresse Shop\",\"description\":\"\",\"publisher\":{\"@id\":\"https:\/\/dev6.erresse-shop.it\/#organization\"},\"potentialAction\":[{\"@type\":\"SearchAction\",\"target\":{\"@type\":\"EntryPoint\",\"urlTemplate\":\"https:\/\/dev6.erresse-shop.it\/?s={search_term_string}\"},\"query-input\":{\"@type\":\"PropertyValueSpecification\",\"valueRequired\":true,\"valueName\":\"search_term_string\"}}],\"inLanguage\":\"fr-FR\"},{\"@type\":\"Organization\",\"@id\":\"https:\/\/dev6.erresse-shop.it\/#organization\",\"name\":\"Erresse Shop\",\"url\":\"https:\/\/dev6.erresse-shop.it\/\",\"logo\":{\"@type\":\"ImageObject\",\"inLanguage\":\"fr-FR\",\"@id\":\"https:\/\/dev6.erresse-shop.it\/#\/schema\/logo\/image\/\",\"url\":\"https:\/\/dev6.erresse-shop.it\/wp-content\/uploads\/2025\/01\/LOGO-ERRESSE-CLASSICO.svg\",\"contentUrl\":\"https:\/\/dev6.erresse-shop.it\/wp-content\/uploads\/2025\/01\/LOGO-ERRESSE-CLASSICO.svg\",\"caption\":\"Erresse Shop\"},\"image\":{\"@id\":\"https:\/\/dev6.erresse-shop.it\/#\/schema\/logo\/image\/\"}}]}<\/script>\n<!-- \/ Yoast SEO plugin. -->","yoast_head_json":{"title":"ZAFFERANO Bilia Candy 4 Verres Rouge - dev6 Erresse","description":"Bilia Candy renouvelle le gobelet classique Bilia avec une touche de nostalgie ludique. Cette version se caract\u00e9rise par une sph\u00e8re en verre \u00e0","robots":{"index":"noindex","follow":"follow","max-snippet":"max-snippet:-1","max-image-preview":"max-image-preview:large","max-video-preview":"max-video-preview:-1"},"og_locale":"fr_FR","og_type":"article","og_title":"ZAFFERANO Bilia Candy 4 Verres Rouge - dev6 Erresse","og_description":"Bilia Candy renouvelle le gobelet classique Bilia avec une touche de nostalgie ludique. Cette version se caract\u00e9rise par une sph\u00e8re en verre \u00e0","og_url":"https:\/\/dev6.erresse-shop.it\/fr\/shop\/table-fr-2\/verres\/zafferano-bilia-candy-4-verres-rouge\/","og_site_name":"dev6 Erresse","og_image":[{"url":"https:\/\/interpim.erresse-shop.it\/wp-content\/uploads\/2025\/04\/ZAFFERANO-Bilia-Candy-Set-4-Bicchieri-Tumbler-Rosso.jpg\/zafferano-bilia-candy-set-4-bicchieri-tumbler-rosso.jpg","type":"","width":"","height":""},{"url":"https:\/\/interpim.erresse-shop.it\/wp-content\/uploads\/2025\/04\/ZAFFERANO-Bilia-Candy-Set-4-Bicchieri-Tumbler-Rosso.jpg\/zafferano-bilia-candy-set-4-bicchieri-tumbler-rosso.jpg","width":1024,"height":1024,"type":"image\/jpeg"}],"twitter_card":"summary_large_image","twitter_image":"https:\/\/interpim.erresse-shop.it\/wp-content\/uploads\/2025\/04\/ZAFFERANO-Bilia-Candy-Set-4-Bicchieri-Tumbler-Rosso.jpg\/zafferano-bilia-candy-set-4-bicchieri-tumbler-rosso.jpg","schema":{"@context":"https:\/\/schema.org","@graph":[{"@type":"WebPage","@id":"https:\/\/dev6.erresse-shop.it\/fr\/shop\/table-fr-2\/verres\/zafferano-bilia-candy-4-verres-rouge\/","url":"https:\/\/dev6.erresse-shop.it\/fr\/shop\/table-fr-2\/verres\/zafferano-bilia-candy-4-verres-rouge\/","name":"ZAFFERANO Bilia Candy 4 Verres Rouge - dev6 Erresse","isPartOf":{"@id":"https:\/\/dev6.erresse-shop.it\/#website"},"primaryImageOfPage":{"@id":"https:\/\/dev6.erresse-shop.it\/fr\/shop\/table-fr-2\/verres\/zafferano-bilia-candy-4-verres-rouge\/#primaryimage"},"image":{"@id":"https:\/\/dev6.erresse-shop.it\/fr\/shop\/table-fr-2\/verres\/zafferano-bilia-candy-4-verres-rouge\/#primaryimage"},"thumbnailUrl":"https:\/\/i3.wp.com\/interpim.erresse-shop.it\/wp-content\/uploads\/2025\/04\/ZAFFERANO-Bilia-Candy-Set-4-Bicchieri-Tumbler-Rosso.jpg\/zafferano-bilia-candy-set-4-bicchieri-tumbler-rosso.jpg?ssl=1","datePublished":"2026-04-12T12:34:59+00:00","description":"Bilia Candy renouvelle le gobelet classique Bilia avec une touche de nostalgie ludique. Cette version se caract\u00e9rise par une sph\u00e8re en verre \u00e0","breadcrumb":{"@id":"https:\/\/dev6.erresse-shop.it\/fr\/shop\/table-fr-2\/verres\/zafferano-bilia-candy-4-verres-rouge\/#breadcrumb"},"inLanguage":"fr-FR","potentialAction":[{"@type":"ReadAction","target":["https:\/\/dev6.erresse-shop.it\/fr\/shop\/table-fr-2\/verres\/zafferano-bilia-candy-4-verres-rouge\/"]}]},{"@type":"ImageObject","inLanguage":"fr-FR","@id":"https:\/\/dev6.erresse-shop.it\/fr\/shop\/table-fr-2\/verres\/zafferano-bilia-candy-4-verres-rouge\/#primaryimage","url":"https:\/\/i3.wp.com\/interpim.erresse-shop.it\/wp-content\/uploads\/2025\/04\/ZAFFERANO-Bilia-Candy-Set-4-Bicchieri-Tumbler-Rosso.jpg\/zafferano-bilia-candy-set-4-bicchieri-tumbler-rosso.jpg?ssl=1","contentUrl":"https:\/\/i3.wp.com\/interpim.erresse-shop.it\/wp-content\/uploads\/2025\/04\/ZAFFERANO-Bilia-Candy-Set-4-Bicchieri-Tumbler-Rosso.jpg\/zafferano-bilia-candy-set-4-bicchieri-tumbler-rosso.jpg?ssl=1"},{"@type":"BreadcrumbList","@id":"https:\/\/dev6.erresse-shop.it\/fr\/shop\/table-fr-2\/verres\/zafferano-bilia-candy-4-verres-rouge\/#breadcrumb","itemListElement":[{"@type":"ListItem","position":1,"name":"Home","item":"https:\/\/dev6.erresse-shop.it\/"},{"@type":"ListItem","position":2,"name":"Boutique","item":"https:\/\/dev6.erresse-shop.it\/shop\/"},{"@type":"ListItem","position":3,"name":"ZAFFERANO Bilia Candy 4 Verres Rouge"}]},{"@type":"WebSite","@id":"https:\/\/dev6.erresse-shop.it\/#website","url":"https:\/\/dev6.erresse-shop.it\/","name":"Erresse Shop","description":"","publisher":{"@id":"https:\/\/dev6.erresse-shop.it\/#organization"},"potentialAction":[{"@type":"SearchAction","target":{"@type":"EntryPoint","urlTemplate":"https:\/\/dev6.erresse-shop.it\/?s={search_term_string}"},"query-input":{"@type":"PropertyValueSpecification","valueRequired":true,"valueName":"search_term_string"}}],"inLanguage":"fr-FR"},{"@type":"Organization","@id":"https:\/\/dev6.erresse-shop.it\/#organization","name":"Erresse Shop","url":"https:\/\/dev6.erresse-shop.it\/","logo":{"@type":"ImageObject","inLanguage":"fr-FR","@id":"https:\/\/dev6.erresse-shop.it\/#\/schema\/logo\/image\/","url":"https:\/\/dev6.erresse-shop.it\/wp-content\/uploads\/2025\/01\/LOGO-ERRESSE-CLASSICO.svg","contentUrl":"https:\/\/dev6.erresse-shop.it\/wp-content\/uploads\/2025\/01\/LOGO-ERRESSE-CLASSICO.svg","caption":"Erresse Shop"},"image":{"@id":"https:\/\/dev6.erresse-shop.it\/#\/schema\/logo\/image\/"}}]}},"df_price":"","df_sale_price":"","df_regular_price":"","df_image_link":"https:\/\/i3.wp.com\/interpim.erresse-shop.it\/wp-content\/uploads\/2025\/04\/ZAFFERANO-Bilia-Candy-Set-4-Bicchieri-Tumbler-Rosso.jpg\/zafferano-bilia-candy-set-4-bicchieri-tumbler-rosso.jpg?resize=300,300&ssl=1","fifu_image_url":"https:\/\/interpim.erresse-shop.it\/wp-content\/uploads\/2025\/04\/ZAFFERANO-Bilia-Candy-Set-4-Bicchieri-Tumbler-Rosso.jpg\/zafferano-bilia-candy-set-4-bicchieri-tumbler-rosso.jpg","_links":{"self":[{"href":"https:\/\/dev6.erresse-shop.it\/fr\/wp-json\/wp\/v2\/product\/2307125","targetHints":{"allow":["GET"]}}],"collection":[{"href":"https:\/\/dev6.erresse-shop.it\/fr\/wp-json\/wp\/v2\/product"}],"about":[{"href":"https:\/\/dev6.erresse-shop.it\/fr\/wp-json\/wp\/v2\/types\/product"}],"wp:featuredmedia":[{"embeddable":true,"href":"https:\/\/dev6.erresse-shop.it\/fr\/wp-json\/wp\/v2\/media\/6380868"}],"wp:attachment":[{"href":"https:\/\/dev6.erresse-shop.it\/fr\/wp-json\/wp\/v2\/media?parent=2307125"}],"wp:term":[{"taxonomy":"product_cat","embeddable":true,"href":"https:\/\/dev6.erresse-shop.it\/fr\/wp-json\/wp\/v2\/product_cat?post=2307125"},{"taxonomy":"product_tag","embeddable":true,"href":"https:\/\/dev6.erresse-shop.it\/fr\/wp-json\/wp\/v2\/product_tag?post=2307125"}],"curies":[{"name":"wp","href":"https:\/\/api.w.org\/{rel}","templated":true}]}}